{"id":799,"date":"2024-06-22T02:11:24","date_gmt":"2024-06-22T02:11:24","guid":{"rendered":"https:\/\/blackholediscos.com\/?post_type=product&#038;p=799"},"modified":"2024-06-26T14:07:18","modified_gmt":"2024-06-26T14:07:18","slug":"7-os-tincoas-cordeiro-de-nana","status":"publish","type":"product","link":"https:\/\/blackholediscos.com\/en\/product\/7-os-tincoas-cordeiro-de-nana\/","title":{"rendered":"Os Tinco\u00e3s &#8211; Cordeiro de Nan\u00e3 \/ Canto de Boiadeiro \/ Promessa ao Gantois \/ Chapeuzinho Vermelho"},"content":{"rendered":"<p>Compacto Original de \u00e9poca em perfeitas condi\u00e7\u00f5es de capa e m\u00eddia. <\/p>\n<p>Selo:<br \/>\nRCA \u200e\u2013 102.0208<\/p>\n<p>Lista de faixas<\/p>\n<p>A1\tCordeiro De Nan\u00e3<br \/>\nArranged By \u2013 Jo\u00e3o Donato<\/p>\n<p>A2\tCanto Do Boiadeiro<br \/>\nArranged By \u2013 Oberdan Magalh\u00e3es<\/p>\n<p>B1\tPromessa Ao Gantois<br \/>\nArranged By \u2013 Oberdan Magalh\u00e3es<\/p>\n<p>B2\tChapeuzinho Vermelho<br \/>\nArranged By \u2013 Leonardo Bruno<\/p>","protected":false},"excerpt":{"rendered":"<p>Compacto Original de \u00e9poca em perfeitas condi\u00e7\u00f5es de capa e m\u00eddia. Selo: RCA \u200e\u2013 102.0208 Lista de faixas A1 Cordeiro De Nan\u00e3 Arranged By \u2013 Jo\u00e3o Donato A2 Canto Do Boiadeiro Arranged By \u2013 Oberdan Magalh\u00e3es B1 Promessa Ao Gantois Arranged By \u2013 Oberdan Magalh\u00e3es B2 Chapeuzinho Vermelho Arranged By \u2013 Leonardo Bruno<\/p>","protected":false},"featured_media":800,"comment_status":"open","ping_status":"closed","template":"","meta":{"_acf_changed":false},"product_brand":[],"product_cat":[131,110],"product_tag":[158],"artista":[159],"produtora":[62],"ano":[18],"class_list":{"0":"post-799","1":"product","2":"type-product","3":"status-publish","4":"has-post-thumbnail","6":"product_cat-afrobrasilidade","7":"product_cat-compactos-7inch","8":"product_tag-os-tincoas","9":"artista-os-tincoas","10":"produtora-rca","11":"ano-18","13":"first","14":"instock","15":"shipping-taxable","16":"purchasable","17":"product-type-simple"},"acf":[],"yoast_head":"<!-- This site is optimized with the Yoast SEO plugin v27.4 - https:\/\/yoast.com\/product\/yoast-seo-wordpress\/ -->\n<title>Os Tinco\u00e3s - Cordeiro de Nan\u00e3 \/ Canto de Boiadeiro \/ Promessa ao Gantois \/ Chapeuzinho Vermelho - Black Hole Discos<\/title>\n<meta name=\"robots\" content=\"index, follow, max-snippet:-1, max-image-preview:large, max-video-preview:-1\" \/>\n<link rel=\"canonical\" href=\"https:\/\/blackholediscos.com\/en\/product\/7-os-tincoas-cordeiro-de-nana\/\" \/>\n<meta property=\"og:locale\" content=\"en_US\" \/>\n<meta property=\"og:type\" content=\"article\" \/>\n<meta property=\"og:title\" content=\"Os Tinco\u00e3s - Cordeiro de Nan\u00e3 \/ Canto de Boiadeiro \/ Promessa ao Gantois \/ Chapeuzinho Vermelho - Black Hole Discos\" \/>\n<meta property=\"og:description\" content=\"Compacto Original de \u00e9poca em perfeitas condi\u00e7\u00f5es de capa e m\u00eddia. Selo: RCA \u200e\u2013 102.0208 Lista de faixas A1 Cordeiro De Nan\u00e3 Arranged By \u2013 Jo\u00e3o Donato A2 Canto Do Boiadeiro Arranged By \u2013 Oberdan Magalh\u00e3es B1 Promessa Ao Gantois Arranged By \u2013 Oberdan Magalh\u00e3es B2 Chapeuzinho Vermelho Arranged By \u2013 Leonardo Bruno\" \/>\n<meta property=\"og:url\" content=\"https:\/\/blackholediscos.com\/en\/product\/7-os-tincoas-cordeiro-de-nana\/\" \/>\n<meta property=\"og:site_name\" content=\"Black Hole Discos\" \/>\n<meta property=\"article:publisher\" content=\"https:\/\/www.instagram.com\/blackholediscos\/\" \/>\n<meta property=\"article:modified_time\" content=\"2024-06-26T14:07:18+00:00\" \/>\n<meta property=\"og:image\" content=\"https:\/\/blackholediscos.com\/wp-content\/uploads\/2024\/06\/IMG_6448-scaled.jpeg\" \/>\n\t<meta property=\"og:image:width\" content=\"2560\" \/>\n\t<meta property=\"og:image:height\" content=\"2560\" \/>\n\t<meta property=\"og:image:type\" content=\"image\/jpeg\" \/>\n<meta name=\"twitter:card\" content=\"summary_large_image\" \/>\n<meta name=\"twitter:label1\" content=\"Est. reading time\" \/>\n\t<meta name=\"twitter:data1\" content=\"1 minute\" \/>\n<script type=\"application\/ld+json\" class=\"yoast-schema-graph\">{\"@context\":\"https:\\\/\\\/schema.org\",\"@graph\":[{\"@type\":\"WebPage\",\"@id\":\"https:\\\/\\\/blackholediscos.com\\\/product\\\/7-os-tincoas-cordeiro-de-nana\\\/\",\"url\":\"https:\\\/\\\/blackholediscos.com\\\/product\\\/7-os-tincoas-cordeiro-de-nana\\\/\",\"name\":\"Os Tinco\u00e3s - Cordeiro de Nan\u00e3 \\\/ Canto de Boiadeiro \\\/ Promessa ao Gantois \\\/ Chapeuzinho Vermelho - Black Hole Discos\",\"isPartOf\":{\"@id\":\"https:\\\/\\\/blackholediscos.com\\\/#website\"},\"primaryImageOfPage\":{\"@id\":\"https:\\\/\\\/blackholediscos.com\\\/product\\\/7-os-tincoas-cordeiro-de-nana\\\/#primaryimage\"},\"image\":{\"@id\":\"https:\\\/\\\/blackholediscos.com\\\/product\\\/7-os-tincoas-cordeiro-de-nana\\\/#primaryimage\"},\"thumbnailUrl\":\"https:\\\/\\\/blackholediscos.com\\\/wp-content\\\/uploads\\\/2024\\\/06\\\/IMG_6448-scaled.jpeg\",\"datePublished\":\"2024-06-22T02:11:24+00:00\",\"dateModified\":\"2024-06-26T14:07:18+00:00\",\"breadcrumb\":{\"@id\":\"https:\\\/\\\/blackholediscos.com\\\/product\\\/7-os-tincoas-cordeiro-de-nana\\\/#breadcrumb\"},\"inLanguage\":\"en-US\",\"potentialAction\":[{\"@type\":\"ReadAction\",\"target\":[\"https:\\\/\\\/blackholediscos.com\\\/product\\\/7-os-tincoas-cordeiro-de-nana\\\/\"]}]},{\"@type\":\"ImageObject\",\"inLanguage\":\"en-US\",\"@id\":\"https:\\\/\\\/blackholediscos.com\\\/product\\\/7-os-tincoas-cordeiro-de-nana\\\/#primaryimage\",\"url\":\"https:\\\/\\\/blackholediscos.com\\\/wp-content\\\/uploads\\\/2024\\\/06\\\/IMG_6448-scaled.jpeg\",\"contentUrl\":\"https:\\\/\\\/blackholediscos.com\\\/wp-content\\\/uploads\\\/2024\\\/06\\\/IMG_6448-scaled.jpeg\",\"width\":2560,\"height\":2560},{\"@type\":\"BreadcrumbList\",\"@id\":\"https:\\\/\\\/blackholediscos.com\\\/product\\\/7-os-tincoas-cordeiro-de-nana\\\/#breadcrumb\",\"itemListElement\":[{\"@type\":\"ListItem\",\"position\":1,\"name\":\"In\u00edcio\",\"item\":\"https:\\\/\\\/blackholediscos.com\\\/\"},{\"@type\":\"ListItem\",\"position\":2,\"name\":\"Shop\",\"item\":\"https:\\\/\\\/blackholediscos.com\\\/shop\\\/\"},{\"@type\":\"ListItem\",\"position\":3,\"name\":\"Os Tinco\u00e3s &#8211; Cordeiro de Nan\u00e3 \\\/ Canto de Boiadeiro \\\/ Promessa ao Gantois \\\/ Chapeuzinho Vermelho\"}]},{\"@type\":\"WebSite\",\"@id\":\"https:\\\/\\\/blackholediscos.com\\\/#website\",\"url\":\"https:\\\/\\\/blackholediscos.com\\\/\",\"name\":\"Black Hole Discos\",\"description\":\"Brazilian music LPs\",\"publisher\":{\"@id\":\"https:\\\/\\\/blackholediscos.com\\\/#organization\"},\"potentialAction\":[{\"@type\":\"SearchAction\",\"target\":{\"@type\":\"EntryPoint\",\"urlTemplate\":\"https:\\\/\\\/blackholediscos.com\\\/?s={search_term_string}\"},\"query-input\":{\"@type\":\"PropertyValueSpecification\",\"valueRequired\":true,\"valueName\":\"search_term_string\"}}],\"inLanguage\":\"en-US\"},{\"@type\":\"Organization\",\"@id\":\"https:\\\/\\\/blackholediscos.com\\\/#organization\",\"name\":\"Black Hole Discos\",\"url\":\"https:\\\/\\\/blackholediscos.com\\\/\",\"logo\":{\"@type\":\"ImageObject\",\"inLanguage\":\"en-US\",\"@id\":\"https:\\\/\\\/blackholediscos.com\\\/#\\\/schema\\\/logo\\\/image\\\/\",\"url\":\"https:\\\/\\\/blackholediscos.com\\\/wp-content\\\/uploads\\\/2024\\\/06\\\/black-hole-discos-vinis-logo.png\",\"contentUrl\":\"https:\\\/\\\/blackholediscos.com\\\/wp-content\\\/uploads\\\/2024\\\/06\\\/black-hole-discos-vinis-logo.png\",\"width\":70,\"height\":66,\"caption\":\"Black Hole Discos\"},\"image\":{\"@id\":\"https:\\\/\\\/blackholediscos.com\\\/#\\\/schema\\\/logo\\\/image\\\/\"},\"sameAs\":[\"https:\\\/\\\/www.instagram.com\\\/blackholediscos\\\/\"]}]}<\/script>\n<!-- \/ Yoast SEO plugin. -->","yoast_head_json":{"title":"Os Tinco\u00e3s - Cordeiro de Nan\u00e3 \/ Canto de Boiadeiro \/ Promessa ao Gantois \/ Chapeuzinho Vermelho - Black Hole Discos","robots":{"index":"index","follow":"follow","max-snippet":"max-snippet:-1","max-image-preview":"max-image-preview:large","max-video-preview":"max-video-preview:-1"},"canonical":"https:\/\/blackholediscos.com\/en\/product\/7-os-tincoas-cordeiro-de-nana\/","og_locale":"en_US","og_type":"article","og_title":"Os Tinco\u00e3s - Cordeiro de Nan\u00e3 \/ Canto de Boiadeiro \/ Promessa ao Gantois \/ Chapeuzinho Vermelho - Black Hole Discos","og_description":"Compacto Original de \u00e9poca em perfeitas condi\u00e7\u00f5es de capa e m\u00eddia. Selo: RCA \u200e\u2013 102.0208 Lista de faixas A1 Cordeiro De Nan\u00e3 Arranged By \u2013 Jo\u00e3o Donato A2 Canto Do Boiadeiro Arranged By \u2013 Oberdan Magalh\u00e3es B1 Promessa Ao Gantois Arranged By \u2013 Oberdan Magalh\u00e3es B2 Chapeuzinho Vermelho Arranged By \u2013 Leonardo Bruno","og_url":"https:\/\/blackholediscos.com\/en\/product\/7-os-tincoas-cordeiro-de-nana\/","og_site_name":"Black Hole Discos","article_publisher":"https:\/\/www.instagram.com\/blackholediscos\/","article_modified_time":"2024-06-26T14:07:18+00:00","og_image":[{"width":2560,"height":2560,"url":"https:\/\/blackholediscos.com\/wp-content\/uploads\/2024\/06\/IMG_6448-scaled.jpeg","type":"image\/jpeg"}],"twitter_card":"summary_large_image","twitter_misc":{"Est. reading time":"1 minute"},"schema":{"@context":"https:\/\/schema.org","@graph":[{"@type":"WebPage","@id":"https:\/\/blackholediscos.com\/product\/7-os-tincoas-cordeiro-de-nana\/","url":"https:\/\/blackholediscos.com\/product\/7-os-tincoas-cordeiro-de-nana\/","name":"Os Tinco\u00e3s - Cordeiro de Nan\u00e3 \/ Canto de Boiadeiro \/ Promessa ao Gantois \/ Chapeuzinho Vermelho - Black Hole Discos","isPartOf":{"@id":"https:\/\/blackholediscos.com\/#website"},"primaryImageOfPage":{"@id":"https:\/\/blackholediscos.com\/product\/7-os-tincoas-cordeiro-de-nana\/#primaryimage"},"image":{"@id":"https:\/\/blackholediscos.com\/product\/7-os-tincoas-cordeiro-de-nana\/#primaryimage"},"thumbnailUrl":"https:\/\/blackholediscos.com\/wp-content\/uploads\/2024\/06\/IMG_6448-scaled.jpeg","datePublished":"2024-06-22T02:11:24+00:00","dateModified":"2024-06-26T14:07:18+00:00","breadcrumb":{"@id":"https:\/\/blackholediscos.com\/product\/7-os-tincoas-cordeiro-de-nana\/#breadcrumb"},"inLanguage":"en-US","potentialAction":[{"@type":"ReadAction","target":["https:\/\/blackholediscos.com\/product\/7-os-tincoas-cordeiro-de-nana\/"]}]},{"@type":"ImageObject","inLanguage":"en-US","@id":"https:\/\/blackholediscos.com\/product\/7-os-tincoas-cordeiro-de-nana\/#primaryimage","url":"https:\/\/blackholediscos.com\/wp-content\/uploads\/2024\/06\/IMG_6448-scaled.jpeg","contentUrl":"https:\/\/blackholediscos.com\/wp-content\/uploads\/2024\/06\/IMG_6448-scaled.jpeg","width":2560,"height":2560},{"@type":"BreadcrumbList","@id":"https:\/\/blackholediscos.com\/product\/7-os-tincoas-cordeiro-de-nana\/#breadcrumb","itemListElement":[{"@type":"ListItem","position":1,"name":"In\u00edcio","item":"https:\/\/blackholediscos.com\/"},{"@type":"ListItem","position":2,"name":"Shop","item":"https:\/\/blackholediscos.com\/shop\/"},{"@type":"ListItem","position":3,"name":"Os Tinco\u00e3s &#8211; Cordeiro de Nan\u00e3 \/ Canto de Boiadeiro \/ Promessa ao Gantois \/ Chapeuzinho Vermelho"}]},{"@type":"WebSite","@id":"https:\/\/blackholediscos.com\/#website","url":"https:\/\/blackholediscos.com\/","name":"Black Hole Discos","description":"Brazilian music LPs","publisher":{"@id":"https:\/\/blackholediscos.com\/#organization"},"potentialAction":[{"@type":"SearchAction","target":{"@type":"EntryPoint","urlTemplate":"https:\/\/blackholediscos.com\/?s={search_term_string}"},"query-input":{"@type":"PropertyValueSpecification","valueRequired":true,"valueName":"search_term_string"}}],"inLanguage":"en-US"},{"@type":"Organization","@id":"https:\/\/blackholediscos.com\/#organization","name":"Black Hole Discos","url":"https:\/\/blackholediscos.com\/","logo":{"@type":"ImageObject","inLanguage":"en-US","@id":"https:\/\/blackholediscos.com\/#\/schema\/logo\/image\/","url":"https:\/\/blackholediscos.com\/wp-content\/uploads\/2024\/06\/black-hole-discos-vinis-logo.png","contentUrl":"https:\/\/blackholediscos.com\/wp-content\/uploads\/2024\/06\/black-hole-discos-vinis-logo.png","width":70,"height":66,"caption":"Black Hole Discos"},"image":{"@id":"https:\/\/blackholediscos.com\/#\/schema\/logo\/image\/"},"sameAs":["https:\/\/www.instagram.com\/blackholediscos\/"]}]}},"_links":{"self":[{"href":"https:\/\/blackholediscos.com\/en\/wp-json\/wp\/v2\/product\/799","targetHints":{"allow":["GET"]}}],"collection":[{"href":"https:\/\/blackholediscos.com\/en\/wp-json\/wp\/v2\/product"}],"about":[{"href":"https:\/\/blackholediscos.com\/en\/wp-json\/wp\/v2\/types\/product"}],"replies":[{"embeddable":true,"href":"https:\/\/blackholediscos.com\/en\/wp-json\/wp\/v2\/comments?post=799"}],"wp:featuredmedia":[{"embeddable":true,"href":"https:\/\/blackholediscos.com\/en\/wp-json\/wp\/v2\/media\/800"}],"wp:attachment":[{"href":"https:\/\/blackholediscos.com\/en\/wp-json\/wp\/v2\/media?parent=799"}],"wp:term":[{"taxonomy":"product_brand","embeddable":true,"href":"https:\/\/blackholediscos.com\/en\/wp-json\/wp\/v2\/product_brand?post=799"},{"taxonomy":"product_cat","embeddable":true,"href":"https:\/\/blackholediscos.com\/en\/wp-json\/wp\/v2\/product_cat?post=799"},{"taxonomy":"product_tag","embeddable":true,"href":"https:\/\/blackholediscos.com\/en\/wp-json\/wp\/v2\/product_tag?post=799"},{"taxonomy":"artista","embeddable":true,"href":"https:\/\/blackholediscos.com\/en\/wp-json\/wp\/v2\/artista?post=799"},{"taxonomy":"produtora","embeddable":true,"href":"https:\/\/blackholediscos.com\/en\/wp-json\/wp\/v2\/produtora?post=799"},{"taxonomy":"ano","embeddable":true,"href":"https:\/\/blackholediscos.com\/en\/wp-json\/wp\/v2\/ano?post=799"}],"curies":[{"name":"wp","href":"https:\/\/api.w.org\/{rel}","templated":true}]}}