{"id":783,"date":"2024-06-22T01:56:10","date_gmt":"2024-06-22T01:56:10","guid":{"rendered":"https:\/\/blackholediscos.com\/?post_type=product&#038;p=783"},"modified":"2024-06-26T09:24:34","modified_gmt":"2024-06-26T09:24:34","slug":"7-cartola-o-divino-cartola","status":"publish","type":"product","link":"https:\/\/blackholediscos.com\/en\/product\/7-cartola-o-divino-cartola\/","title":{"rendered":"Cartola \u2013 O Divino Cartola Com A Escola De Samba De Almeidinha"},"content":{"rendered":"<p>Compacto Primeira edi\u00e7\u00e3o original em perfeitas condi\u00e7\u00f5es.<\/p>\n<p>Selo:<br \/>\nMocambo (2) \u200e\u2013 3087<\/p>\n<p>Lista de faixas<\/p>\n<p>A1\tO Sol Nascer\u00e1<br \/>\nComposed By \u2013 Cartola, Elton Medeiros<\/p>\n<p>A2\tN\u00e3o Quebre Meu Tamborim<br \/>\nComposed By \u2013 J. R. De Oliveira, Jos\u00e9 Caldas (4)<\/p>\n<p>B1\tBobagem<br \/>\nComposed By \u2013 Almeidinha*<\/p>\n<p>B2\tAmor Proibido<br \/>\nComposed By \u2013 Cartola<\/p>\n<p>Cartola, cujo nome verdadeiro era Angenor de Oliveira, foi um dos \u00edcones do samba brasileiro. Nascido no Rio de Janeiro em 1908, ele se tornaria conhecido n\u00e3o s\u00f3 por suas composi\u00e7\u00f5es atemporais, mas tamb\u00e9m por seu ic\u00f4nico chap\u00e9u, que se tornou sua marca registrada.<\/p>\n<p>Em 1964, Cartola teve a oportunidade de gravar seu primeiro compacto duplo intitulado &#8220;Cartola &#8211; O Divino Cartola Com A Escola De Samba De Almeidinha.&#8221; Neste trabalho, Cartola exibiu toda a sua genialidade musical e po\u00e9tica, apresentando ao p\u00fablico um estilo \u00fanico e inconfund\u00edvel que o consagraria como um dos grandes mestres do samba.<\/p>\n<p>Com letras marcantes e melodias envolventes, este compacto duplo de 1964 representou o in\u00edcio de uma carreira brilhante e influente na m\u00fasica popular brasileira. Cartola deixou um legado inestim\u00e1vel para a cultura do samba, inspirando gera\u00e7\u00f5es de artistas e continuando a ser reverenciado como um dos maiores compositores do pa\u00eds at\u00e9 os dias de hoje.<\/p>\n<p>Cartola, whose real name was Angenor de Oliveira, was one of the icons of Brazilian samba. Born in Rio de Janeiro in 1908, he would become known not only for his timeless compositions but also for his iconic hat, which became his trademark.<\/p>\n<p>In 1964, Cartola had the opportunity to record his first double compact disc titled &#8220;Cartola &#8211; O Divino Cartola Com A Escola De Samba De Almeidinha.&#8221; In this work, Cartola showcased all his musical and poetic genius, presenting to the public a unique and unmistakable style that would establish him as one of the great samba masters.<\/p>\n<p>With striking lyrics and engaging melodies, this double compact disc from 1964 marked the beginning of a brilliant and influential career in Brazilian popular music. Cartola left an invaluable legacy for samba culture, inspiring generations of artists and continuing to be revered as one of the greatest composers in the country to this day.<\/p>","protected":false},"excerpt":{"rendered":"<p>Copia promocional<\/p>","protected":false},"featured_media":784,"comment_status":"open","ping_status":"closed","template":"","meta":{"_acf_changed":false},"product_brand":[],"product_cat":[131,530,110,39,45,24],"product_tag":[],"artista":[208],"produtora":[100],"ano":[209],"class_list":{"0":"post-783","1":"product","2":"type-product","3":"status-publish","4":"has-post-thumbnail","6":"product_cat-afrobrasilidade","7":"product_cat-batucada","8":"product_cat-compactos-7inch","9":"product_cat-mpb","10":"product_cat-raridades","11":"product_cat-samba","12":"artista-cartola","13":"produtora-rozenblit","14":"ano-209","16":"first","17":"instock","18":"featured","19":"shipping-taxable","20":"purchasable","21":"product-type-simple"},"acf":[],"yoast_head":"<!-- This site is optimized with the Yoast SEO plugin v27.3 - https:\/\/yoast.com\/product\/yoast-seo-wordpress\/ -->\n<title>Cartola \u2013 O Divino Cartola Com A Escola De Samba De Almeidinha - Black Hole Discos<\/title>\n<meta name=\"robots\" content=\"index, follow, max-snippet:-1, max-image-preview:large, max-video-preview:-1\" \/>\n<link rel=\"canonical\" href=\"https:\/\/blackholediscos.com\/en\/product\/7-cartola-o-divino-cartola\/\" \/>\n<meta property=\"og:locale\" content=\"en_US\" \/>\n<meta property=\"og:type\" content=\"article\" \/>\n<meta property=\"og:title\" content=\"Cartola \u2013 O Divino Cartola Com A Escola De Samba De Almeidinha - Black Hole Discos\" \/>\n<meta property=\"og:description\" content=\"Copia promocional\" \/>\n<meta property=\"og:url\" content=\"https:\/\/blackholediscos.com\/en\/product\/7-cartola-o-divino-cartola\/\" \/>\n<meta property=\"og:site_name\" content=\"Black Hole Discos\" \/>\n<meta property=\"article:publisher\" content=\"https:\/\/www.instagram.com\/blackholediscos\/\" \/>\n<meta property=\"article:modified_time\" content=\"2024-06-26T09:24:34+00:00\" \/>\n<meta property=\"og:image\" content=\"https:\/\/blackholediscos.com\/wp-content\/uploads\/2024\/06\/IMG_6415-scaled.jpeg\" \/>\n\t<meta property=\"og:image:width\" content=\"2560\" \/>\n\t<meta property=\"og:image:height\" content=\"2560\" \/>\n\t<meta property=\"og:image:type\" content=\"image\/jpeg\" \/>\n<meta name=\"twitter:card\" content=\"summary_large_image\" \/>\n<meta name=\"twitter:label1\" content=\"Est. reading time\" \/>\n\t<meta name=\"twitter:data1\" content=\"2 minutes\" \/>\n<script type=\"application\/ld+json\" class=\"yoast-schema-graph\">{\"@context\":\"https:\\\/\\\/schema.org\",\"@graph\":[{\"@type\":\"WebPage\",\"@id\":\"https:\\\/\\\/blackholediscos.com\\\/product\\\/7-cartola-o-divino-cartola\\\/\",\"url\":\"https:\\\/\\\/blackholediscos.com\\\/product\\\/7-cartola-o-divino-cartola\\\/\",\"name\":\"Cartola \u2013 O Divino Cartola Com A Escola De Samba De Almeidinha - Black Hole Discos\",\"isPartOf\":{\"@id\":\"https:\\\/\\\/blackholediscos.com\\\/#website\"},\"primaryImageOfPage\":{\"@id\":\"https:\\\/\\\/blackholediscos.com\\\/product\\\/7-cartola-o-divino-cartola\\\/#primaryimage\"},\"image\":{\"@id\":\"https:\\\/\\\/blackholediscos.com\\\/product\\\/7-cartola-o-divino-cartola\\\/#primaryimage\"},\"thumbnailUrl\":\"https:\\\/\\\/blackholediscos.com\\\/wp-content\\\/uploads\\\/2024\\\/06\\\/IMG_6415-scaled.jpeg\",\"datePublished\":\"2024-06-22T01:56:10+00:00\",\"dateModified\":\"2024-06-26T09:24:34+00:00\",\"breadcrumb\":{\"@id\":\"https:\\\/\\\/blackholediscos.com\\\/product\\\/7-cartola-o-divino-cartola\\\/#breadcrumb\"},\"inLanguage\":\"en-US\",\"potentialAction\":[{\"@type\":\"ReadAction\",\"target\":[\"https:\\\/\\\/blackholediscos.com\\\/product\\\/7-cartola-o-divino-cartola\\\/\"]}]},{\"@type\":\"ImageObject\",\"inLanguage\":\"en-US\",\"@id\":\"https:\\\/\\\/blackholediscos.com\\\/product\\\/7-cartola-o-divino-cartola\\\/#primaryimage\",\"url\":\"https:\\\/\\\/blackholediscos.com\\\/wp-content\\\/uploads\\\/2024\\\/06\\\/IMG_6415-scaled.jpeg\",\"contentUrl\":\"https:\\\/\\\/blackholediscos.com\\\/wp-content\\\/uploads\\\/2024\\\/06\\\/IMG_6415-scaled.jpeg\",\"width\":2560,\"height\":2560},{\"@type\":\"BreadcrumbList\",\"@id\":\"https:\\\/\\\/blackholediscos.com\\\/product\\\/7-cartola-o-divino-cartola\\\/#breadcrumb\",\"itemListElement\":[{\"@type\":\"ListItem\",\"position\":1,\"name\":\"In\u00edcio\",\"item\":\"https:\\\/\\\/blackholediscos.com\\\/\"},{\"@type\":\"ListItem\",\"position\":2,\"name\":\"Shop\",\"item\":\"https:\\\/\\\/blackholediscos.com\\\/shop\\\/\"},{\"@type\":\"ListItem\",\"position\":3,\"name\":\"Cartola \u2013 O Divino Cartola Com A Escola De Samba De Almeidinha\"}]},{\"@type\":\"WebSite\",\"@id\":\"https:\\\/\\\/blackholediscos.com\\\/#website\",\"url\":\"https:\\\/\\\/blackholediscos.com\\\/\",\"name\":\"Black Hole Discos\",\"description\":\"Brazilian music LPs\",\"publisher\":{\"@id\":\"https:\\\/\\\/blackholediscos.com\\\/#organization\"},\"potentialAction\":[{\"@type\":\"SearchAction\",\"target\":{\"@type\":\"EntryPoint\",\"urlTemplate\":\"https:\\\/\\\/blackholediscos.com\\\/?s={search_term_string}\"},\"query-input\":{\"@type\":\"PropertyValueSpecification\",\"valueRequired\":true,\"valueName\":\"search_term_string\"}}],\"inLanguage\":\"en-US\"},{\"@type\":\"Organization\",\"@id\":\"https:\\\/\\\/blackholediscos.com\\\/#organization\",\"name\":\"Black Hole Discos\",\"url\":\"https:\\\/\\\/blackholediscos.com\\\/\",\"logo\":{\"@type\":\"ImageObject\",\"inLanguage\":\"en-US\",\"@id\":\"https:\\\/\\\/blackholediscos.com\\\/#\\\/schema\\\/logo\\\/image\\\/\",\"url\":\"https:\\\/\\\/blackholediscos.com\\\/wp-content\\\/uploads\\\/2024\\\/06\\\/black-hole-discos-vinis-logo.png\",\"contentUrl\":\"https:\\\/\\\/blackholediscos.com\\\/wp-content\\\/uploads\\\/2024\\\/06\\\/black-hole-discos-vinis-logo.png\",\"width\":70,\"height\":66,\"caption\":\"Black Hole Discos\"},\"image\":{\"@id\":\"https:\\\/\\\/blackholediscos.com\\\/#\\\/schema\\\/logo\\\/image\\\/\"},\"sameAs\":[\"https:\\\/\\\/www.instagram.com\\\/blackholediscos\\\/\"]}]}<\/script>\n<!-- \/ Yoast SEO plugin. -->","yoast_head_json":{"title":"Cartola \u2013 O Divino Cartola Com A Escola De Samba De Almeidinha - Black Hole Discos","robots":{"index":"index","follow":"follow","max-snippet":"max-snippet:-1","max-image-preview":"max-image-preview:large","max-video-preview":"max-video-preview:-1"},"canonical":"https:\/\/blackholediscos.com\/en\/product\/7-cartola-o-divino-cartola\/","og_locale":"en_US","og_type":"article","og_title":"Cartola \u2013 O Divino Cartola Com A Escola De Samba De Almeidinha - Black Hole Discos","og_description":"Copia promocional","og_url":"https:\/\/blackholediscos.com\/en\/product\/7-cartola-o-divino-cartola\/","og_site_name":"Black Hole Discos","article_publisher":"https:\/\/www.instagram.com\/blackholediscos\/","article_modified_time":"2024-06-26T09:24:34+00:00","og_image":[{"width":2560,"height":2560,"url":"https:\/\/blackholediscos.com\/wp-content\/uploads\/2024\/06\/IMG_6415-scaled.jpeg","type":"image\/jpeg"}],"twitter_card":"summary_large_image","twitter_misc":{"Est. reading time":"2 minutes"},"schema":{"@context":"https:\/\/schema.org","@graph":[{"@type":"WebPage","@id":"https:\/\/blackholediscos.com\/product\/7-cartola-o-divino-cartola\/","url":"https:\/\/blackholediscos.com\/product\/7-cartola-o-divino-cartola\/","name":"Cartola \u2013 O Divino Cartola Com A Escola De Samba De Almeidinha - Black Hole Discos","isPartOf":{"@id":"https:\/\/blackholediscos.com\/#website"},"primaryImageOfPage":{"@id":"https:\/\/blackholediscos.com\/product\/7-cartola-o-divino-cartola\/#primaryimage"},"image":{"@id":"https:\/\/blackholediscos.com\/product\/7-cartola-o-divino-cartola\/#primaryimage"},"thumbnailUrl":"https:\/\/blackholediscos.com\/wp-content\/uploads\/2024\/06\/IMG_6415-scaled.jpeg","datePublished":"2024-06-22T01:56:10+00:00","dateModified":"2024-06-26T09:24:34+00:00","breadcrumb":{"@id":"https:\/\/blackholediscos.com\/product\/7-cartola-o-divino-cartola\/#breadcrumb"},"inLanguage":"en-US","potentialAction":[{"@type":"ReadAction","target":["https:\/\/blackholediscos.com\/product\/7-cartola-o-divino-cartola\/"]}]},{"@type":"ImageObject","inLanguage":"en-US","@id":"https:\/\/blackholediscos.com\/product\/7-cartola-o-divino-cartola\/#primaryimage","url":"https:\/\/blackholediscos.com\/wp-content\/uploads\/2024\/06\/IMG_6415-scaled.jpeg","contentUrl":"https:\/\/blackholediscos.com\/wp-content\/uploads\/2024\/06\/IMG_6415-scaled.jpeg","width":2560,"height":2560},{"@type":"BreadcrumbList","@id":"https:\/\/blackholediscos.com\/product\/7-cartola-o-divino-cartola\/#breadcrumb","itemListElement":[{"@type":"ListItem","position":1,"name":"In\u00edcio","item":"https:\/\/blackholediscos.com\/"},{"@type":"ListItem","position":2,"name":"Shop","item":"https:\/\/blackholediscos.com\/shop\/"},{"@type":"ListItem","position":3,"name":"Cartola \u2013 O Divino Cartola Com A Escola De Samba De Almeidinha"}]},{"@type":"WebSite","@id":"https:\/\/blackholediscos.com\/#website","url":"https:\/\/blackholediscos.com\/","name":"Black Hole Discos","description":"Brazilian music LPs","publisher":{"@id":"https:\/\/blackholediscos.com\/#organization"},"potentialAction":[{"@type":"SearchAction","target":{"@type":"EntryPoint","urlTemplate":"https:\/\/blackholediscos.com\/?s={search_term_string}"},"query-input":{"@type":"PropertyValueSpecification","valueRequired":true,"valueName":"search_term_string"}}],"inLanguage":"en-US"},{"@type":"Organization","@id":"https:\/\/blackholediscos.com\/#organization","name":"Black Hole Discos","url":"https:\/\/blackholediscos.com\/","logo":{"@type":"ImageObject","inLanguage":"en-US","@id":"https:\/\/blackholediscos.com\/#\/schema\/logo\/image\/","url":"https:\/\/blackholediscos.com\/wp-content\/uploads\/2024\/06\/black-hole-discos-vinis-logo.png","contentUrl":"https:\/\/blackholediscos.com\/wp-content\/uploads\/2024\/06\/black-hole-discos-vinis-logo.png","width":70,"height":66,"caption":"Black Hole Discos"},"image":{"@id":"https:\/\/blackholediscos.com\/#\/schema\/logo\/image\/"},"sameAs":["https:\/\/www.instagram.com\/blackholediscos\/"]}]}},"_links":{"self":[{"href":"https:\/\/blackholediscos.com\/en\/wp-json\/wp\/v2\/product\/783","targetHints":{"allow":["GET"]}}],"collection":[{"href":"https:\/\/blackholediscos.com\/en\/wp-json\/wp\/v2\/product"}],"about":[{"href":"https:\/\/blackholediscos.com\/en\/wp-json\/wp\/v2\/types\/product"}],"replies":[{"embeddable":true,"href":"https:\/\/blackholediscos.com\/en\/wp-json\/wp\/v2\/comments?post=783"}],"wp:featuredmedia":[{"embeddable":true,"href":"https:\/\/blackholediscos.com\/en\/wp-json\/wp\/v2\/media\/784"}],"wp:attachment":[{"href":"https:\/\/blackholediscos.com\/en\/wp-json\/wp\/v2\/media?parent=783"}],"wp:term":[{"taxonomy":"product_brand","embeddable":true,"href":"https:\/\/blackholediscos.com\/en\/wp-json\/wp\/v2\/product_brand?post=783"},{"taxonomy":"product_cat","embeddable":true,"href":"https:\/\/blackholediscos.com\/en\/wp-json\/wp\/v2\/product_cat?post=783"},{"taxonomy":"product_tag","embeddable":true,"href":"https:\/\/blackholediscos.com\/en\/wp-json\/wp\/v2\/product_tag?post=783"},{"taxonomy":"artista","embeddable":true,"href":"https:\/\/blackholediscos.com\/en\/wp-json\/wp\/v2\/artista?post=783"},{"taxonomy":"produtora","embeddable":true,"href":"https:\/\/blackholediscos.com\/en\/wp-json\/wp\/v2\/produtora?post=783"},{"taxonomy":"ano","embeddable":true,"href":"https:\/\/blackholediscos.com\/en\/wp-json\/wp\/v2\/ano?post=783"}],"curies":[{"name":"wp","href":"https:\/\/api.w.org\/{rel}","templated":true}]}}