{"id":768,"date":"2024-06-21T22:46:33","date_gmt":"2024-06-21T22:46:33","guid":{"rendered":"https:\/\/blackholediscos.com\/?post_type=product&#038;p=768"},"modified":"2024-06-25T22:11:36","modified_gmt":"2024-06-25T22:11:36","slug":"7-carlos-lee-capoeira-de-oxala","status":"publish","type":"product","link":"https:\/\/blackholediscos.com\/en\/product\/7-carlos-lee-capoeira-de-oxala\/","title":{"rendered":"Carlos Lee &#8211; Capoeira de Oxal\u00e1 \/ Amando estou"},"content":{"rendered":"<p>Compacto original primeira edi\u00e7\u00e3o em perfeito estado de conserva\u00e7\u00e3o. <\/p>\n<p>Lista de faixas<\/p>\n<p>A\tCapoeira de Oxal\u00e1<br \/>\nComposed By \u2013 Luiz Carlos S\u00e1<\/p>\n<p>B\tAmando Estou<br \/>\nComposed By \u2013 Luiz Sergio Pacce, Tancredo de Oliveira<\/p>\n<p>Carlos Lee \u00e9 um desses mist\u00e9rios da MPB. N\u00e3o se sabe que fim levou. No blog Toque Musical, sempre bem informado, o autor do texto sobre o \u00e1lbum o pontua de interroga\u00e7\u00f5es. Quem foi? Por onde anda? N\u00e3o que Bossa Maximus seja um disco que mudou a m\u00fasica brasileira. Mas o cantor \u00e9 daqueles que surgem e somem, e n\u00e3o se fala mais nisso. Estranho, porque Carlos, que vinha de uma fam\u00edlia musical \u2013 a m\u00e3e era soprano \u2013 tem um vozeir\u00e3o, pra o g\u00eanero que canta, mas que cai bem na bossa nova, ou na MPB de vi\u00e9s nordestino, que entrou em voga desde 1965. \u00c9 um cantor meio \u00e0 moda antiga, mas n\u00e3o careta, faz a linha L\u00facio Alves, com os graves parecidos.<\/p>\n<p>Ele estava com 20 anos quando gravou seu \u00fanico LP (lan\u00e7ou um compacto antes. E lan\u00e7aria mais um em 1968, agora apadrinhado por Roberto Carlos). Quem o indicou \u00e0 Musidisc foi um dos integrantes do Zimbo Trio. Carlos Lee fez dois testes e foi aprovado. Por esta \u00e9poca, estreou com um compacto, que fez relativo sucesso com Capoeira de Oxal\u00e1, do ent\u00e3o iniciante Lu\u00eds Carlos S\u00e1, bem na cola dos afro-sambas de Baden Vinicius. Nos cr\u00e9dito do LP, como era comum na \u00e9poca, n\u00e3o se revela quem faz o acompanhamento, mas soa como o Zimbo Trio, com refor\u00e7os de um flautista.<\/p>\n<p>No repert\u00f3rio tem composi\u00e7\u00e3o do j\u00e1 consagrado Tito Madi (Disseram), e de iniciantes feito Cesar Costa Filho, Sergio Bittencourt (Cantinguinha), o citado Luis Carlos S\u00e1 (futuro parceiro de Gutemberg Guarabira, depois tamb\u00e9m de Z\u00e9 Rodrix), entrou no disco com Capoeira de Oxal\u00e1, Canto de Boiadeiro e Rei do Quilombo, can\u00e7\u00f5es derivativas do que era tend\u00eancia na MPB, que se descolava da BN, mas as melhores do \u00e1lbum. Meu Rio, de C\u00e9sar Costa Filho e Ronaldo Pires Souza, \u00e9 uma bossa j\u00e1 anacr\u00f4nica (com letra plena de maiores enc\u00f4mios \u00e0 cidade). Um \u00e1lbum e um cantor curiosos.<\/p>","protected":false},"excerpt":{"rendered":"<p>Compacto original primeira edi\u00e7\u00e3o em perfeito estado de conserva\u00e7\u00e3o. Lista de faixas A Capoeira de Oxal\u00e1 Composed By \u2013 Luiz Carlos S\u00e1 B Amando Estou Composed By \u2013 Luiz Sergio Pacce, Tancredo de Oliveira Carlos Lee \u00e9 um desses mist\u00e9rios da MPB. N\u00e3o se sabe que fim levou. No blog Toque Musical, sempre bem informado, [&hellip;]<\/p>\n","protected":false},"featured_media":769,"comment_status":"open","ping_status":"closed","template":"","meta":{"_acf_changed":false},"product_brand":[],"product_cat":[131,130,110,39],"product_tag":[],"artista":[201],"produtora":[202],"ano":[372],"class_list":{"0":"post-768","1":"product","2":"type-product","3":"status-publish","4":"has-post-thumbnail","6":"product_cat-afrobrasilidade","7":"product_cat-bossa-nova","8":"product_cat-compactos-7inch","9":"product_cat-mpb","10":"artista-carlos-lee","11":"produtora-musidisc","12":"ano-372","14":"first","15":"instock","16":"shipping-taxable","17":"purchasable","18":"product-type-simple"},"acf":[],"yoast_head":"<!-- This site is optimized with the Yoast SEO plugin v27.6 - https:\/\/yoast.com\/product\/yoast-seo-wordpress\/ -->\n<title>Carlos Lee - Capoeira de Oxal\u00e1 \/ Amando estou - Black Hole Discos<\/title>\n<meta name=\"robots\" content=\"index, follow, max-snippet:-1, max-image-preview:large, max-video-preview:-1\" \/>\n<link rel=\"canonical\" href=\"https:\/\/blackholediscos.com\/en\/product\/7-carlos-lee-capoeira-de-oxala\/\" \/>\n<meta property=\"og:locale\" content=\"en_US\" \/>\n<meta property=\"og:type\" content=\"article\" \/>\n<meta property=\"og:title\" content=\"Carlos Lee - Capoeira de Oxal\u00e1 \/ Amando estou - Black Hole Discos\" \/>\n<meta property=\"og:description\" content=\"Compacto original primeira edi\u00e7\u00e3o em perfeito estado de conserva\u00e7\u00e3o. Lista de faixas A Capoeira de Oxal\u00e1 Composed By \u2013 Luiz Carlos S\u00e1 B Amando Estou Composed By \u2013 Luiz Sergio Pacce, Tancredo de Oliveira Carlos Lee \u00e9 um desses mist\u00e9rios da MPB. N\u00e3o se sabe que fim levou. No blog Toque Musical, sempre bem informado, [&hellip;]\" \/>\n<meta property=\"og:url\" content=\"https:\/\/blackholediscos.com\/en\/product\/7-carlos-lee-capoeira-de-oxala\/\" \/>\n<meta property=\"og:site_name\" content=\"Black Hole Discos\" \/>\n<meta property=\"article:publisher\" content=\"https:\/\/www.instagram.com\/blackholediscos\/\" \/>\n<meta property=\"article:modified_time\" content=\"2024-06-25T22:11:36+00:00\" \/>\n<meta property=\"og:image\" content=\"https:\/\/blackholediscos.com\/wp-content\/uploads\/2024\/06\/IMG_6433-scaled.jpeg\" \/>\n\t<meta property=\"og:image:width\" content=\"2560\" \/>\n\t<meta property=\"og:image:height\" content=\"2560\" \/>\n\t<meta property=\"og:image:type\" content=\"image\/jpeg\" \/>\n<meta name=\"twitter:card\" content=\"summary_large_image\" \/>\n<meta name=\"twitter:label1\" content=\"Est. reading time\" \/>\n\t<meta name=\"twitter:data1\" content=\"3 minutes\" \/>\n<script type=\"application\/ld+json\" class=\"yoast-schema-graph\">{\"@context\":\"https:\\\/\\\/schema.org\",\"@graph\":[{\"@type\":\"WebPage\",\"@id\":\"https:\\\/\\\/blackholediscos.com\\\/product\\\/7-carlos-lee-capoeira-de-oxala\\\/\",\"url\":\"https:\\\/\\\/blackholediscos.com\\\/product\\\/7-carlos-lee-capoeira-de-oxala\\\/\",\"name\":\"Carlos Lee - Capoeira de Oxal\u00e1 \\\/ Amando estou - Black Hole Discos\",\"isPartOf\":{\"@id\":\"https:\\\/\\\/blackholediscos.com\\\/#website\"},\"primaryImageOfPage\":{\"@id\":\"https:\\\/\\\/blackholediscos.com\\\/product\\\/7-carlos-lee-capoeira-de-oxala\\\/#primaryimage\"},\"image\":{\"@id\":\"https:\\\/\\\/blackholediscos.com\\\/product\\\/7-carlos-lee-capoeira-de-oxala\\\/#primaryimage\"},\"thumbnailUrl\":\"https:\\\/\\\/blackholediscos.com\\\/wp-content\\\/uploads\\\/2024\\\/06\\\/IMG_6433-scaled.jpeg\",\"datePublished\":\"2024-06-21T22:46:33+00:00\",\"dateModified\":\"2024-06-25T22:11:36+00:00\",\"breadcrumb\":{\"@id\":\"https:\\\/\\\/blackholediscos.com\\\/product\\\/7-carlos-lee-capoeira-de-oxala\\\/#breadcrumb\"},\"inLanguage\":\"en-US\",\"potentialAction\":[{\"@type\":\"ReadAction\",\"target\":[\"https:\\\/\\\/blackholediscos.com\\\/product\\\/7-carlos-lee-capoeira-de-oxala\\\/\"]}]},{\"@type\":\"ImageObject\",\"inLanguage\":\"en-US\",\"@id\":\"https:\\\/\\\/blackholediscos.com\\\/product\\\/7-carlos-lee-capoeira-de-oxala\\\/#primaryimage\",\"url\":\"https:\\\/\\\/blackholediscos.com\\\/wp-content\\\/uploads\\\/2024\\\/06\\\/IMG_6433-scaled.jpeg\",\"contentUrl\":\"https:\\\/\\\/blackholediscos.com\\\/wp-content\\\/uploads\\\/2024\\\/06\\\/IMG_6433-scaled.jpeg\",\"width\":2560,\"height\":2560},{\"@type\":\"BreadcrumbList\",\"@id\":\"https:\\\/\\\/blackholediscos.com\\\/product\\\/7-carlos-lee-capoeira-de-oxala\\\/#breadcrumb\",\"itemListElement\":[{\"@type\":\"ListItem\",\"position\":1,\"name\":\"In\u00edcio\",\"item\":\"https:\\\/\\\/blackholediscos.com\\\/\"},{\"@type\":\"ListItem\",\"position\":2,\"name\":\"Shop\",\"item\":\"https:\\\/\\\/blackholediscos.com\\\/shop\\\/\"},{\"@type\":\"ListItem\",\"position\":3,\"name\":\"Carlos Lee &#8211; Capoeira de Oxal\u00e1 \\\/ Amando estou\"}]},{\"@type\":\"WebSite\",\"@id\":\"https:\\\/\\\/blackholediscos.com\\\/#website\",\"url\":\"https:\\\/\\\/blackholediscos.com\\\/\",\"name\":\"Black Hole Discos\",\"description\":\"Brazilian music LPs\",\"publisher\":{\"@id\":\"https:\\\/\\\/blackholediscos.com\\\/#organization\"},\"potentialAction\":[{\"@type\":\"SearchAction\",\"target\":{\"@type\":\"EntryPoint\",\"urlTemplate\":\"https:\\\/\\\/blackholediscos.com\\\/?s={search_term_string}\"},\"query-input\":{\"@type\":\"PropertyValueSpecification\",\"valueRequired\":true,\"valueName\":\"search_term_string\"}}],\"inLanguage\":\"en-US\"},{\"@type\":\"Organization\",\"@id\":\"https:\\\/\\\/blackholediscos.com\\\/#organization\",\"name\":\"Black Hole Discos\",\"url\":\"https:\\\/\\\/blackholediscos.com\\\/\",\"logo\":{\"@type\":\"ImageObject\",\"inLanguage\":\"en-US\",\"@id\":\"https:\\\/\\\/blackholediscos.com\\\/#\\\/schema\\\/logo\\\/image\\\/\",\"url\":\"https:\\\/\\\/blackholediscos.com\\\/wp-content\\\/uploads\\\/2024\\\/06\\\/black-hole-discos-vinis-logo.png\",\"contentUrl\":\"https:\\\/\\\/blackholediscos.com\\\/wp-content\\\/uploads\\\/2024\\\/06\\\/black-hole-discos-vinis-logo.png\",\"width\":70,\"height\":66,\"caption\":\"Black Hole Discos\"},\"image\":{\"@id\":\"https:\\\/\\\/blackholediscos.com\\\/#\\\/schema\\\/logo\\\/image\\\/\"},\"sameAs\":[\"https:\\\/\\\/www.instagram.com\\\/blackholediscos\\\/\"]}]}<\/script>\n<!-- \/ Yoast SEO plugin. -->","yoast_head_json":{"title":"Carlos Lee - Capoeira de Oxal\u00e1 \/ Amando estou - Black Hole Discos","robots":{"index":"index","follow":"follow","max-snippet":"max-snippet:-1","max-image-preview":"max-image-preview:large","max-video-preview":"max-video-preview:-1"},"canonical":"https:\/\/blackholediscos.com\/en\/product\/7-carlos-lee-capoeira-de-oxala\/","og_locale":"en_US","og_type":"article","og_title":"Carlos Lee - Capoeira de Oxal\u00e1 \/ Amando estou - Black Hole Discos","og_description":"Compacto original primeira edi\u00e7\u00e3o em perfeito estado de conserva\u00e7\u00e3o. Lista de faixas A Capoeira de Oxal\u00e1 Composed By \u2013 Luiz Carlos S\u00e1 B Amando Estou Composed By \u2013 Luiz Sergio Pacce, Tancredo de Oliveira Carlos Lee \u00e9 um desses mist\u00e9rios da MPB. N\u00e3o se sabe que fim levou. No blog Toque Musical, sempre bem informado, [&hellip;]","og_url":"https:\/\/blackholediscos.com\/en\/product\/7-carlos-lee-capoeira-de-oxala\/","og_site_name":"Black Hole Discos","article_publisher":"https:\/\/www.instagram.com\/blackholediscos\/","article_modified_time":"2024-06-25T22:11:36+00:00","og_image":[{"width":2560,"height":2560,"url":"https:\/\/blackholediscos.com\/wp-content\/uploads\/2024\/06\/IMG_6433-scaled.jpeg","type":"image\/jpeg"}],"twitter_card":"summary_large_image","twitter_misc":{"Est. reading time":"3 minutes"},"schema":{"@context":"https:\/\/schema.org","@graph":[{"@type":"WebPage","@id":"https:\/\/blackholediscos.com\/product\/7-carlos-lee-capoeira-de-oxala\/","url":"https:\/\/blackholediscos.com\/product\/7-carlos-lee-capoeira-de-oxala\/","name":"Carlos Lee - Capoeira de Oxal\u00e1 \/ Amando estou - Black Hole Discos","isPartOf":{"@id":"https:\/\/blackholediscos.com\/#website"},"primaryImageOfPage":{"@id":"https:\/\/blackholediscos.com\/product\/7-carlos-lee-capoeira-de-oxala\/#primaryimage"},"image":{"@id":"https:\/\/blackholediscos.com\/product\/7-carlos-lee-capoeira-de-oxala\/#primaryimage"},"thumbnailUrl":"https:\/\/blackholediscos.com\/wp-content\/uploads\/2024\/06\/IMG_6433-scaled.jpeg","datePublished":"2024-06-21T22:46:33+00:00","dateModified":"2024-06-25T22:11:36+00:00","breadcrumb":{"@id":"https:\/\/blackholediscos.com\/product\/7-carlos-lee-capoeira-de-oxala\/#breadcrumb"},"inLanguage":"en-US","potentialAction":[{"@type":"ReadAction","target":["https:\/\/blackholediscos.com\/product\/7-carlos-lee-capoeira-de-oxala\/"]}]},{"@type":"ImageObject","inLanguage":"en-US","@id":"https:\/\/blackholediscos.com\/product\/7-carlos-lee-capoeira-de-oxala\/#primaryimage","url":"https:\/\/blackholediscos.com\/wp-content\/uploads\/2024\/06\/IMG_6433-scaled.jpeg","contentUrl":"https:\/\/blackholediscos.com\/wp-content\/uploads\/2024\/06\/IMG_6433-scaled.jpeg","width":2560,"height":2560},{"@type":"BreadcrumbList","@id":"https:\/\/blackholediscos.com\/product\/7-carlos-lee-capoeira-de-oxala\/#breadcrumb","itemListElement":[{"@type":"ListItem","position":1,"name":"In\u00edcio","item":"https:\/\/blackholediscos.com\/"},{"@type":"ListItem","position":2,"name":"Shop","item":"https:\/\/blackholediscos.com\/shop\/"},{"@type":"ListItem","position":3,"name":"Carlos Lee &#8211; Capoeira de Oxal\u00e1 \/ Amando estou"}]},{"@type":"WebSite","@id":"https:\/\/blackholediscos.com\/#website","url":"https:\/\/blackholediscos.com\/","name":"Black Hole Discos","description":"Brazilian music LPs","publisher":{"@id":"https:\/\/blackholediscos.com\/#organization"},"potentialAction":[{"@type":"SearchAction","target":{"@type":"EntryPoint","urlTemplate":"https:\/\/blackholediscos.com\/?s={search_term_string}"},"query-input":{"@type":"PropertyValueSpecification","valueRequired":true,"valueName":"search_term_string"}}],"inLanguage":"en-US"},{"@type":"Organization","@id":"https:\/\/blackholediscos.com\/#organization","name":"Black Hole Discos","url":"https:\/\/blackholediscos.com\/","logo":{"@type":"ImageObject","inLanguage":"en-US","@id":"https:\/\/blackholediscos.com\/#\/schema\/logo\/image\/","url":"https:\/\/blackholediscos.com\/wp-content\/uploads\/2024\/06\/black-hole-discos-vinis-logo.png","contentUrl":"https:\/\/blackholediscos.com\/wp-content\/uploads\/2024\/06\/black-hole-discos-vinis-logo.png","width":70,"height":66,"caption":"Black Hole Discos"},"image":{"@id":"https:\/\/blackholediscos.com\/#\/schema\/logo\/image\/"},"sameAs":["https:\/\/www.instagram.com\/blackholediscos\/"]}]}},"_links":{"self":[{"href":"https:\/\/blackholediscos.com\/en\/wp-json\/wp\/v2\/product\/768","targetHints":{"allow":["GET"]}}],"collection":[{"href":"https:\/\/blackholediscos.com\/en\/wp-json\/wp\/v2\/product"}],"about":[{"href":"https:\/\/blackholediscos.com\/en\/wp-json\/wp\/v2\/types\/product"}],"replies":[{"embeddable":true,"href":"https:\/\/blackholediscos.com\/en\/wp-json\/wp\/v2\/comments?post=768"}],"wp:featuredmedia":[{"embeddable":true,"href":"https:\/\/blackholediscos.com\/en\/wp-json\/wp\/v2\/media\/769"}],"wp:attachment":[{"href":"https:\/\/blackholediscos.com\/en\/wp-json\/wp\/v2\/media?parent=768"}],"wp:term":[{"taxonomy":"product_brand","embeddable":true,"href":"https:\/\/blackholediscos.com\/en\/wp-json\/wp\/v2\/product_brand?post=768"},{"taxonomy":"product_cat","embeddable":true,"href":"https:\/\/blackholediscos.com\/en\/wp-json\/wp\/v2\/product_cat?post=768"},{"taxonomy":"product_tag","embeddable":true,"href":"https:\/\/blackholediscos.com\/en\/wp-json\/wp\/v2\/product_tag?post=768"},{"taxonomy":"artista","embeddable":true,"href":"https:\/\/blackholediscos.com\/en\/wp-json\/wp\/v2\/artista?post=768"},{"taxonomy":"produtora","embeddable":true,"href":"https:\/\/blackholediscos.com\/en\/wp-json\/wp\/v2\/produtora?post=768"},{"taxonomy":"ano","embeddable":true,"href":"https:\/\/blackholediscos.com\/en\/wp-json\/wp\/v2\/ano?post=768"}],"curies":[{"name":"wp","href":"https:\/\/api.w.org\/{rel}","templated":true}]}}