{"id":764,"date":"2024-06-21T22:19:47","date_gmt":"2024-06-21T22:19:47","guid":{"rendered":"https:\/\/blackholediscos.com\/?post_type=product&#038;p=764"},"modified":"2026-01-26T14:40:43","modified_gmt":"2026-01-26T14:40:43","slug":"anavitoria-anavitoria","status":"publish","type":"product","link":"https:\/\/blackholediscos.com\/en\/product\/anavitoria-anavitoria\/","title":{"rendered":"Anavit\u00f3ria \u2013 Anavit\u00f3ria"},"content":{"rendered":"<p>Universal Music \u2013 060250829769<\/p>\n<p>Primeira edi\u00e7\u00e3o lacrado de f\u00e1brica<\/p>\n<p>Ana Caetano e Vit\u00f3ria Falc\u00e3o, conhecidas artisticamente como Ana e Vit\u00f3ria, s\u00e3o duas amigas que se conheceram na faculdade de Cinema em Aracaju. Com uma qu\u00edmica musical natural, as duas criaram um canal no YouTube para compartilhar covers de m\u00fasicas populares, conquistando um p\u00fablico fiel.<\/p>\n<p>Em 2015, o duo lan\u00e7ou seu primeiro \u00e1lbum hom\u00f4nimo, &#8220;Ana e Vit\u00f3ria&#8221;, que foi produzido por Tiago Iorc. O \u00e1lbum \u00e9 uma mistura de folk, pop e MPB, com letras nost\u00e1lgicas e melodias envolventes.<\/p>\n<p>O trabalho foi muito bem recebido pela cr\u00edtica especializada, que elogiou a autenticidade das composi\u00e7\u00f5es e a harmonia vocal das cantoras. O single &#8220;Singular&#8221; se destacou nas paradas musicais, trazendo ainda mais visibilidade para o duo.<\/p>\n<p>Com esse \u00e1lbum, Ana e Vit\u00f3ria conquistaram um espa\u00e7o s\u00f3lido na cena musical brasileira, cativando f\u00e3s de todas as idades com sua sinceridade e talento. Desde ent\u00e3o, as cantoras continuam a encantar o p\u00fablico com sua m\u00fasica sens\u00edvel e cativante.<\/p>","protected":false},"excerpt":{"rendered":"<p>Universal Music \u2013 060250829769 Primeira edi\u00e7\u00e3o lacrado de f\u00e1brica Ana Caetano e Vit\u00f3ria Falc\u00e3o, conhecidas artisticamente como Ana e Vit\u00f3ria, s\u00e3o duas amigas que se conheceram na faculdade de Cinema em Aracaju. Com uma qu\u00edmica musical natural, as duas criaram um canal no YouTube para compartilhar covers de m\u00fasicas populares, conquistando um p\u00fablico fiel. Em [&hellip;]<\/p>\n","protected":false},"featured_media":750,"comment_status":"open","ping_status":"closed","template":"","meta":{"_acf_changed":false},"product_brand":[],"product_cat":[78,508,39,138],"product_tag":[191,140],"artista":[192],"produtora":[193],"ano":[194],"class_list":{"0":"post-764","1":"product","2":"type-product","3":"status-publish","4":"has-post-thumbnail","6":"product_cat-contemporaneos","7":"product_cat-folk-rock","8":"product_cat-mpb","9":"product_cat-polysom","10":"product_tag-anavitoria","11":"product_tag-polysom","12":"artista-anavitoria","13":"produtora-universal","14":"ano-194","16":"first","17":"instock","18":"sold-individually","19":"shipping-taxable","20":"purchasable","21":"product-type-simple"},"acf":[],"yoast_head":"<!-- This site is optimized with the Yoast SEO plugin v27.6 - https:\/\/yoast.com\/product\/yoast-seo-wordpress\/ -->\n<title>Anavit\u00f3ria \u2013 Anavit\u00f3ria - Black Hole Discos<\/title>\n<meta name=\"robots\" content=\"index, follow, max-snippet:-1, max-image-preview:large, max-video-preview:-1\" \/>\n<link rel=\"canonical\" href=\"https:\/\/blackholediscos.com\/en\/product\/anavitoria-anavitoria\/\" \/>\n<meta property=\"og:locale\" content=\"en_US\" \/>\n<meta property=\"og:type\" content=\"article\" \/>\n<meta property=\"og:title\" content=\"Anavit\u00f3ria \u2013 Anavit\u00f3ria - Black Hole Discos\" \/>\n<meta property=\"og:description\" content=\"Universal Music \u2013 060250829769 Primeira edi\u00e7\u00e3o lacrado de f\u00e1brica Ana Caetano e Vit\u00f3ria Falc\u00e3o, conhecidas artisticamente como Ana e Vit\u00f3ria, s\u00e3o duas amigas que se conheceram na faculdade de Cinema em Aracaju. Com uma qu\u00edmica musical natural, as duas criaram um canal no YouTube para compartilhar covers de m\u00fasicas populares, conquistando um p\u00fablico fiel. Em [&hellip;]\" \/>\n<meta property=\"og:url\" content=\"https:\/\/blackholediscos.com\/en\/product\/anavitoria-anavitoria\/\" \/>\n<meta property=\"og:site_name\" content=\"Black Hole Discos\" \/>\n<meta property=\"article:publisher\" content=\"https:\/\/www.instagram.com\/blackholediscos\/\" \/>\n<meta property=\"article:modified_time\" content=\"2026-01-26T14:40:43+00:00\" \/>\n<meta property=\"og:image\" content=\"https:\/\/blackholediscos.com\/wp-content\/uploads\/2024\/06\/WhatsApp-Image-2024-06-21-at-18.26.06-1-scaled.jpeg\" \/>\n\t<meta property=\"og:image:width\" content=\"2560\" \/>\n\t<meta property=\"og:image:height\" content=\"2560\" \/>\n\t<meta property=\"og:image:type\" content=\"image\/jpeg\" \/>\n<meta name=\"twitter:card\" content=\"summary_large_image\" \/>\n<meta name=\"twitter:label1\" content=\"Est. reading time\" \/>\n\t<meta name=\"twitter:data1\" content=\"2 minutes\" \/>\n<script type=\"application\/ld+json\" class=\"yoast-schema-graph\">{\"@context\":\"https:\\\/\\\/schema.org\",\"@graph\":[{\"@type\":\"WebPage\",\"@id\":\"https:\\\/\\\/blackholediscos.com\\\/product\\\/anavitoria-anavitoria\\\/\",\"url\":\"https:\\\/\\\/blackholediscos.com\\\/product\\\/anavitoria-anavitoria\\\/\",\"name\":\"Anavit\u00f3ria \u2013 Anavit\u00f3ria - Black Hole Discos\",\"isPartOf\":{\"@id\":\"https:\\\/\\\/blackholediscos.com\\\/#website\"},\"primaryImageOfPage\":{\"@id\":\"https:\\\/\\\/blackholediscos.com\\\/product\\\/anavitoria-anavitoria\\\/#primaryimage\"},\"image\":{\"@id\":\"https:\\\/\\\/blackholediscos.com\\\/product\\\/anavitoria-anavitoria\\\/#primaryimage\"},\"thumbnailUrl\":\"https:\\\/\\\/blackholediscos.com\\\/wp-content\\\/uploads\\\/2024\\\/06\\\/WhatsApp-Image-2024-06-21-at-18.26.06-1-scaled.jpeg\",\"datePublished\":\"2024-06-21T22:19:47+00:00\",\"dateModified\":\"2026-01-26T14:40:43+00:00\",\"breadcrumb\":{\"@id\":\"https:\\\/\\\/blackholediscos.com\\\/product\\\/anavitoria-anavitoria\\\/#breadcrumb\"},\"inLanguage\":\"en-US\",\"potentialAction\":[{\"@type\":\"ReadAction\",\"target\":[\"https:\\\/\\\/blackholediscos.com\\\/product\\\/anavitoria-anavitoria\\\/\"]}]},{\"@type\":\"ImageObject\",\"inLanguage\":\"en-US\",\"@id\":\"https:\\\/\\\/blackholediscos.com\\\/product\\\/anavitoria-anavitoria\\\/#primaryimage\",\"url\":\"https:\\\/\\\/blackholediscos.com\\\/wp-content\\\/uploads\\\/2024\\\/06\\\/WhatsApp-Image-2024-06-21-at-18.26.06-1-scaled.jpeg\",\"contentUrl\":\"https:\\\/\\\/blackholediscos.com\\\/wp-content\\\/uploads\\\/2024\\\/06\\\/WhatsApp-Image-2024-06-21-at-18.26.06-1-scaled.jpeg\",\"width\":2560,\"height\":2560},{\"@type\":\"BreadcrumbList\",\"@id\":\"https:\\\/\\\/blackholediscos.com\\\/product\\\/anavitoria-anavitoria\\\/#breadcrumb\",\"itemListElement\":[{\"@type\":\"ListItem\",\"position\":1,\"name\":\"In\u00edcio\",\"item\":\"https:\\\/\\\/blackholediscos.com\\\/\"},{\"@type\":\"ListItem\",\"position\":2,\"name\":\"Shop\",\"item\":\"https:\\\/\\\/blackholediscos.com\\\/shop\\\/\"},{\"@type\":\"ListItem\",\"position\":3,\"name\":\"Anavit\u00f3ria \u2013 Anavit\u00f3ria\"}]},{\"@type\":\"WebSite\",\"@id\":\"https:\\\/\\\/blackholediscos.com\\\/#website\",\"url\":\"https:\\\/\\\/blackholediscos.com\\\/\",\"name\":\"Black Hole Discos\",\"description\":\"Brazilian music LPs\",\"publisher\":{\"@id\":\"https:\\\/\\\/blackholediscos.com\\\/#organization\"},\"potentialAction\":[{\"@type\":\"SearchAction\",\"target\":{\"@type\":\"EntryPoint\",\"urlTemplate\":\"https:\\\/\\\/blackholediscos.com\\\/?s={search_term_string}\"},\"query-input\":{\"@type\":\"PropertyValueSpecification\",\"valueRequired\":true,\"valueName\":\"search_term_string\"}}],\"inLanguage\":\"en-US\"},{\"@type\":\"Organization\",\"@id\":\"https:\\\/\\\/blackholediscos.com\\\/#organization\",\"name\":\"Black Hole Discos\",\"url\":\"https:\\\/\\\/blackholediscos.com\\\/\",\"logo\":{\"@type\":\"ImageObject\",\"inLanguage\":\"en-US\",\"@id\":\"https:\\\/\\\/blackholediscos.com\\\/#\\\/schema\\\/logo\\\/image\\\/\",\"url\":\"https:\\\/\\\/blackholediscos.com\\\/wp-content\\\/uploads\\\/2024\\\/06\\\/black-hole-discos-vinis-logo.png\",\"contentUrl\":\"https:\\\/\\\/blackholediscos.com\\\/wp-content\\\/uploads\\\/2024\\\/06\\\/black-hole-discos-vinis-logo.png\",\"width\":70,\"height\":66,\"caption\":\"Black Hole Discos\"},\"image\":{\"@id\":\"https:\\\/\\\/blackholediscos.com\\\/#\\\/schema\\\/logo\\\/image\\\/\"},\"sameAs\":[\"https:\\\/\\\/www.instagram.com\\\/blackholediscos\\\/\"]}]}<\/script>\n<!-- \/ Yoast SEO plugin. -->","yoast_head_json":{"title":"Anavit\u00f3ria \u2013 Anavit\u00f3ria - Black Hole Discos","robots":{"index":"index","follow":"follow","max-snippet":"max-snippet:-1","max-image-preview":"max-image-preview:large","max-video-preview":"max-video-preview:-1"},"canonical":"https:\/\/blackholediscos.com\/en\/product\/anavitoria-anavitoria\/","og_locale":"en_US","og_type":"article","og_title":"Anavit\u00f3ria \u2013 Anavit\u00f3ria - Black Hole Discos","og_description":"Universal Music \u2013 060250829769 Primeira edi\u00e7\u00e3o lacrado de f\u00e1brica Ana Caetano e Vit\u00f3ria Falc\u00e3o, conhecidas artisticamente como Ana e Vit\u00f3ria, s\u00e3o duas amigas que se conheceram na faculdade de Cinema em Aracaju. Com uma qu\u00edmica musical natural, as duas criaram um canal no YouTube para compartilhar covers de m\u00fasicas populares, conquistando um p\u00fablico fiel. Em [&hellip;]","og_url":"https:\/\/blackholediscos.com\/en\/product\/anavitoria-anavitoria\/","og_site_name":"Black Hole Discos","article_publisher":"https:\/\/www.instagram.com\/blackholediscos\/","article_modified_time":"2026-01-26T14:40:43+00:00","og_image":[{"width":2560,"height":2560,"url":"https:\/\/blackholediscos.com\/wp-content\/uploads\/2024\/06\/WhatsApp-Image-2024-06-21-at-18.26.06-1-scaled.jpeg","type":"image\/jpeg"}],"twitter_card":"summary_large_image","twitter_misc":{"Est. reading time":"2 minutes"},"schema":{"@context":"https:\/\/schema.org","@graph":[{"@type":"WebPage","@id":"https:\/\/blackholediscos.com\/product\/anavitoria-anavitoria\/","url":"https:\/\/blackholediscos.com\/product\/anavitoria-anavitoria\/","name":"Anavit\u00f3ria \u2013 Anavit\u00f3ria - Black Hole Discos","isPartOf":{"@id":"https:\/\/blackholediscos.com\/#website"},"primaryImageOfPage":{"@id":"https:\/\/blackholediscos.com\/product\/anavitoria-anavitoria\/#primaryimage"},"image":{"@id":"https:\/\/blackholediscos.com\/product\/anavitoria-anavitoria\/#primaryimage"},"thumbnailUrl":"https:\/\/blackholediscos.com\/wp-content\/uploads\/2024\/06\/WhatsApp-Image-2024-06-21-at-18.26.06-1-scaled.jpeg","datePublished":"2024-06-21T22:19:47+00:00","dateModified":"2026-01-26T14:40:43+00:00","breadcrumb":{"@id":"https:\/\/blackholediscos.com\/product\/anavitoria-anavitoria\/#breadcrumb"},"inLanguage":"en-US","potentialAction":[{"@type":"ReadAction","target":["https:\/\/blackholediscos.com\/product\/anavitoria-anavitoria\/"]}]},{"@type":"ImageObject","inLanguage":"en-US","@id":"https:\/\/blackholediscos.com\/product\/anavitoria-anavitoria\/#primaryimage","url":"https:\/\/blackholediscos.com\/wp-content\/uploads\/2024\/06\/WhatsApp-Image-2024-06-21-at-18.26.06-1-scaled.jpeg","contentUrl":"https:\/\/blackholediscos.com\/wp-content\/uploads\/2024\/06\/WhatsApp-Image-2024-06-21-at-18.26.06-1-scaled.jpeg","width":2560,"height":2560},{"@type":"BreadcrumbList","@id":"https:\/\/blackholediscos.com\/product\/anavitoria-anavitoria\/#breadcrumb","itemListElement":[{"@type":"ListItem","position":1,"name":"In\u00edcio","item":"https:\/\/blackholediscos.com\/"},{"@type":"ListItem","position":2,"name":"Shop","item":"https:\/\/blackholediscos.com\/shop\/"},{"@type":"ListItem","position":3,"name":"Anavit\u00f3ria \u2013 Anavit\u00f3ria"}]},{"@type":"WebSite","@id":"https:\/\/blackholediscos.com\/#website","url":"https:\/\/blackholediscos.com\/","name":"Black Hole Discos","description":"Brazilian music LPs","publisher":{"@id":"https:\/\/blackholediscos.com\/#organization"},"potentialAction":[{"@type":"SearchAction","target":{"@type":"EntryPoint","urlTemplate":"https:\/\/blackholediscos.com\/?s={search_term_string}"},"query-input":{"@type":"PropertyValueSpecification","valueRequired":true,"valueName":"search_term_string"}}],"inLanguage":"en-US"},{"@type":"Organization","@id":"https:\/\/blackholediscos.com\/#organization","name":"Black Hole Discos","url":"https:\/\/blackholediscos.com\/","logo":{"@type":"ImageObject","inLanguage":"en-US","@id":"https:\/\/blackholediscos.com\/#\/schema\/logo\/image\/","url":"https:\/\/blackholediscos.com\/wp-content\/uploads\/2024\/06\/black-hole-discos-vinis-logo.png","contentUrl":"https:\/\/blackholediscos.com\/wp-content\/uploads\/2024\/06\/black-hole-discos-vinis-logo.png","width":70,"height":66,"caption":"Black Hole Discos"},"image":{"@id":"https:\/\/blackholediscos.com\/#\/schema\/logo\/image\/"},"sameAs":["https:\/\/www.instagram.com\/blackholediscos\/"]}]}},"_links":{"self":[{"href":"https:\/\/blackholediscos.com\/en\/wp-json\/wp\/v2\/product\/764","targetHints":{"allow":["GET"]}}],"collection":[{"href":"https:\/\/blackholediscos.com\/en\/wp-json\/wp\/v2\/product"}],"about":[{"href":"https:\/\/blackholediscos.com\/en\/wp-json\/wp\/v2\/types\/product"}],"replies":[{"embeddable":true,"href":"https:\/\/blackholediscos.com\/en\/wp-json\/wp\/v2\/comments?post=764"}],"wp:featuredmedia":[{"embeddable":true,"href":"https:\/\/blackholediscos.com\/en\/wp-json\/wp\/v2\/media\/750"}],"wp:attachment":[{"href":"https:\/\/blackholediscos.com\/en\/wp-json\/wp\/v2\/media?parent=764"}],"wp:term":[{"taxonomy":"product_brand","embeddable":true,"href":"https:\/\/blackholediscos.com\/en\/wp-json\/wp\/v2\/product_brand?post=764"},{"taxonomy":"product_cat","embeddable":true,"href":"https:\/\/blackholediscos.com\/en\/wp-json\/wp\/v2\/product_cat?post=764"},{"taxonomy":"product_tag","embeddable":true,"href":"https:\/\/blackholediscos.com\/en\/wp-json\/wp\/v2\/product_tag?post=764"},{"taxonomy":"artista","embeddable":true,"href":"https:\/\/blackholediscos.com\/en\/wp-json\/wp\/v2\/artista?post=764"},{"taxonomy":"produtora","embeddable":true,"href":"https:\/\/blackholediscos.com\/en\/wp-json\/wp\/v2\/produtora?post=764"},{"taxonomy":"ano","embeddable":true,"href":"https:\/\/blackholediscos.com\/en\/wp-json\/wp\/v2\/ano?post=764"}],"curies":[{"name":"wp","href":"https:\/\/api.w.org\/{rel}","templated":true}]}}