{"id":742,"date":"2024-06-21T22:00:40","date_gmt":"2024-06-21T22:00:40","guid":{"rendered":"https:\/\/blackholediscos.com\/?post_type=product&#038;p=742"},"modified":"2024-06-25T21:24:33","modified_gmt":"2024-06-25T21:24:33","slug":"7-jards-macale-so-morto","status":"publish","type":"product","link":"https:\/\/blackholediscos.com\/en\/product\/7-jards-macale-so-morto\/","title":{"rendered":"Jards Macal\u00e9 &#8211; S\u00f3 Morto"},"content":{"rendered":"<p>Primeira edi\u00e7\u00e3o em perfeitas condi\u00e7\u00f5es.<\/p>\n<p>RGE \u2013 CD 80.283, RGE \u2013 CD-80.283<\/p>\n<p>A1\t\tSolu\u00e7os<br \/>\nA2\t\tO Crime<br \/>\nB1\t\tS\u00f3 Morto (Burning Night)<br \/>\nB2\t\tSem Essa<\/p>\n<p>Backing Band \u2013 Grupo Soma<br \/>\nBass \u2013 Bruce*<br \/>\nDrums \u2013 Al\u00edrio*<br \/>\nGuest, Percussion \u2013 Nan\u00e1*<br \/>\nGuest, Piano, Organ \u2013 Z\u00e9 Rodrigues*<br \/>\nGuitar \u2013 Jaime*, Ricardo*<br \/>\nLayout \u2013 Luciano Figueiredo<br \/>\nPhotography By \u2013 Roberto Moura<br \/>\nProducer \u2013 Macal\u00e9*<br \/>\nProducer [Assistant], Producer \u2013 Carlos Eduardo Machado<br \/>\nTechnician \u2013 Mazola*<\/p>\n<p>Jards Macal\u00e9 em 1970 lan\u00e7ou seu primeiro compacto duplo intitulado &#8220;S\u00f3 Morto (Burning Night)&#8221;. Este trabalho inovador e ousado demonstrou a versatilidade art\u00edstica de Macal\u00e9, misturando elementos de rock, samba, bossa nova e MPB. As letras impactantes e a sonoridade \u00fanica do \u00e1lbum capturaram a aten\u00e7\u00e3o do p\u00fablico e da cr\u00edtica, solidificando o nome de Jards Macal\u00e9 como uma figura importante na cena musical brasileira da \u00e9poca. Em &#8220;S\u00f3 Morto (Burning Night)&#8221;, Macal\u00e9 explorou temas profundos e controversos, refletindo sua vis\u00e3o \u00fanica do mundo e sua habilidade de traduzir essas vis\u00f5es em composi\u00e7\u00f5es cativantes e provocativas. O compacto duplo marcou o in\u00edcio de uma carreira brilhante e influente para Jards Macal\u00e9, deixando um legado duradouro na hist\u00f3ria da m\u00fasica brasileira.<\/p>\n<p>Jards Macal\u00e9 is a renowned Brazilian singer, songwriter, and music producer, known for his contributions to Brazilian popular music. In 1970, he released his first double single titled &#8220;S\u00f3 Morto (Burning Night)&#8221;. This innovative and bold work showcased Macal\u00e9&#8217;s artistic versatility, blending elements of rock, samba, bossa nova, and Brazilian Popular Music (MPB). The impactful lyrics and unique sound of the album captured the attention of both the public and critics, solidifying Jards Macal\u00e9&#8217;s name as an important figure in the Brazilian music scene of that time. In &#8220;S\u00f3 Morto (Burning Night)&#8221;, Macal\u00e9 explored deep and controversial themes, reflecting his unique worldview and his ability to translate these views into captivating and provocative compositions. The double single marked the beginning of a brilliant and influential career for Jards Macal\u00e9, leaving a lasting legacy in Brazilian music history.<\/p>\n","protected":false},"excerpt":{"rendered":"<p>Primeira edi\u00e7\u00e3o em perfeitas condi\u00e7\u00f5es. RGE \u2013 CD 80.283, RGE \u2013 CD-80.283 A1 Solu\u00e7os A2 O Crime B1 S\u00f3 Morto (Burning Night) B2 Sem Essa Backing Band \u2013 Grupo Soma Bass \u2013 Bruce* Drums \u2013 Al\u00edrio* Guest, Percussion \u2013 Nan\u00e1* Guest, Piano, Organ \u2013 Z\u00e9 Rodrigues* Guitar \u2013 Jaime*, Ricardo* Layout \u2013 Luciano Figueiredo Photography [&hellip;]<\/p>\n","protected":false},"featured_media":744,"comment_status":"open","ping_status":"closed","template":"","meta":{"_acf_changed":false},"product_brand":[],"product_cat":[130,110,513,39,48,45,310],"product_tag":[180],"artista":[181],"produtora":[182],"ano":[69],"class_list":{"0":"post-742","1":"product","2":"type-product","3":"status-publish","4":"has-post-thumbnail","6":"product_cat-bossa-nova","7":"product_cat-compactos-7inch","8":"product_cat-experimental","9":"product_cat-mpb","10":"product_cat-psicodelia","11":"product_cat-raridades","12":"product_cat-tropicalia","13":"product_tag-jards-macale","14":"artista-jards-macale","15":"produtora-rge","16":"ano-69","18":"first","19":"instock","20":"shipping-taxable","21":"purchasable","22":"product-type-simple"},"acf":[],"yoast_head":"<!-- This site is optimized with the Yoast SEO plugin v27.3 - https:\/\/yoast.com\/product\/yoast-seo-wordpress\/ -->\n<title>Jards Macal\u00e9 - S\u00f3 Morto - Black Hole Discos<\/title>\n<meta name=\"robots\" content=\"index, follow, max-snippet:-1, max-image-preview:large, max-video-preview:-1\" \/>\n<link rel=\"canonical\" href=\"https:\/\/blackholediscos.com\/en\/product\/7-jards-macale-so-morto\/\" \/>\n<meta property=\"og:locale\" content=\"en_US\" \/>\n<meta property=\"og:type\" content=\"article\" \/>\n<meta property=\"og:title\" content=\"Jards Macal\u00e9 - S\u00f3 Morto - Black Hole Discos\" \/>\n<meta property=\"og:description\" content=\"Primeira edi\u00e7\u00e3o em perfeitas condi\u00e7\u00f5es. RGE \u2013 CD 80.283, RGE \u2013 CD-80.283 A1 Solu\u00e7os A2 O Crime B1 S\u00f3 Morto (Burning Night) B2 Sem Essa Backing Band \u2013 Grupo Soma Bass \u2013 Bruce* Drums \u2013 Al\u00edrio* Guest, Percussion \u2013 Nan\u00e1* Guest, Piano, Organ \u2013 Z\u00e9 Rodrigues* Guitar \u2013 Jaime*, Ricardo* Layout \u2013 Luciano Figueiredo Photography [&hellip;]\" \/>\n<meta property=\"og:url\" content=\"https:\/\/blackholediscos.com\/en\/product\/7-jards-macale-so-morto\/\" \/>\n<meta property=\"og:site_name\" content=\"Black Hole Discos\" \/>\n<meta property=\"article:publisher\" content=\"https:\/\/www.instagram.com\/blackholediscos\/\" \/>\n<meta property=\"article:modified_time\" content=\"2024-06-25T21:24:33+00:00\" \/>\n<meta property=\"og:image\" content=\"https:\/\/blackholediscos.com\/wp-content\/uploads\/2024\/06\/IMG_6358-scaled.jpeg\" \/>\n\t<meta property=\"og:image:width\" content=\"2560\" \/>\n\t<meta property=\"og:image:height\" content=\"2560\" \/>\n\t<meta property=\"og:image:type\" content=\"image\/jpeg\" \/>\n<meta name=\"twitter:card\" content=\"summary_large_image\" \/>\n<meta name=\"twitter:label1\" content=\"Est. reading time\" \/>\n\t<meta name=\"twitter:data1\" content=\"1 minute\" \/>\n<script type=\"application\/ld+json\" class=\"yoast-schema-graph\">{\"@context\":\"https:\\\/\\\/schema.org\",\"@graph\":[{\"@type\":\"WebPage\",\"@id\":\"https:\\\/\\\/blackholediscos.com\\\/product\\\/7-jards-macale-so-morto\\\/\",\"url\":\"https:\\\/\\\/blackholediscos.com\\\/product\\\/7-jards-macale-so-morto\\\/\",\"name\":\"Jards Macal\u00e9 - S\u00f3 Morto - Black Hole Discos\",\"isPartOf\":{\"@id\":\"https:\\\/\\\/blackholediscos.com\\\/#website\"},\"primaryImageOfPage\":{\"@id\":\"https:\\\/\\\/blackholediscos.com\\\/product\\\/7-jards-macale-so-morto\\\/#primaryimage\"},\"image\":{\"@id\":\"https:\\\/\\\/blackholediscos.com\\\/product\\\/7-jards-macale-so-morto\\\/#primaryimage\"},\"thumbnailUrl\":\"https:\\\/\\\/blackholediscos.com\\\/wp-content\\\/uploads\\\/2024\\\/06\\\/IMG_6358-scaled.jpeg\",\"datePublished\":\"2024-06-21T22:00:40+00:00\",\"dateModified\":\"2024-06-25T21:24:33+00:00\",\"breadcrumb\":{\"@id\":\"https:\\\/\\\/blackholediscos.com\\\/product\\\/7-jards-macale-so-morto\\\/#breadcrumb\"},\"inLanguage\":\"en-US\",\"potentialAction\":[{\"@type\":\"ReadAction\",\"target\":[\"https:\\\/\\\/blackholediscos.com\\\/product\\\/7-jards-macale-so-morto\\\/\"]}]},{\"@type\":\"ImageObject\",\"inLanguage\":\"en-US\",\"@id\":\"https:\\\/\\\/blackholediscos.com\\\/product\\\/7-jards-macale-so-morto\\\/#primaryimage\",\"url\":\"https:\\\/\\\/blackholediscos.com\\\/wp-content\\\/uploads\\\/2024\\\/06\\\/IMG_6358-scaled.jpeg\",\"contentUrl\":\"https:\\\/\\\/blackholediscos.com\\\/wp-content\\\/uploads\\\/2024\\\/06\\\/IMG_6358-scaled.jpeg\",\"width\":2560,\"height\":2560},{\"@type\":\"BreadcrumbList\",\"@id\":\"https:\\\/\\\/blackholediscos.com\\\/product\\\/7-jards-macale-so-morto\\\/#breadcrumb\",\"itemListElement\":[{\"@type\":\"ListItem\",\"position\":1,\"name\":\"In\u00edcio\",\"item\":\"https:\\\/\\\/blackholediscos.com\\\/\"},{\"@type\":\"ListItem\",\"position\":2,\"name\":\"Shop\",\"item\":\"https:\\\/\\\/blackholediscos.com\\\/shop\\\/\"},{\"@type\":\"ListItem\",\"position\":3,\"name\":\"Jards Macal\u00e9 &#8211; S\u00f3 Morto\"}]},{\"@type\":\"WebSite\",\"@id\":\"https:\\\/\\\/blackholediscos.com\\\/#website\",\"url\":\"https:\\\/\\\/blackholediscos.com\\\/\",\"name\":\"Black Hole Discos\",\"description\":\"Brazilian music LPs\",\"publisher\":{\"@id\":\"https:\\\/\\\/blackholediscos.com\\\/#organization\"},\"potentialAction\":[{\"@type\":\"SearchAction\",\"target\":{\"@type\":\"EntryPoint\",\"urlTemplate\":\"https:\\\/\\\/blackholediscos.com\\\/?s={search_term_string}\"},\"query-input\":{\"@type\":\"PropertyValueSpecification\",\"valueRequired\":true,\"valueName\":\"search_term_string\"}}],\"inLanguage\":\"en-US\"},{\"@type\":\"Organization\",\"@id\":\"https:\\\/\\\/blackholediscos.com\\\/#organization\",\"name\":\"Black Hole Discos\",\"url\":\"https:\\\/\\\/blackholediscos.com\\\/\",\"logo\":{\"@type\":\"ImageObject\",\"inLanguage\":\"en-US\",\"@id\":\"https:\\\/\\\/blackholediscos.com\\\/#\\\/schema\\\/logo\\\/image\\\/\",\"url\":\"https:\\\/\\\/blackholediscos.com\\\/wp-content\\\/uploads\\\/2024\\\/06\\\/black-hole-discos-vinis-logo.png\",\"contentUrl\":\"https:\\\/\\\/blackholediscos.com\\\/wp-content\\\/uploads\\\/2024\\\/06\\\/black-hole-discos-vinis-logo.png\",\"width\":70,\"height\":66,\"caption\":\"Black Hole Discos\"},\"image\":{\"@id\":\"https:\\\/\\\/blackholediscos.com\\\/#\\\/schema\\\/logo\\\/image\\\/\"},\"sameAs\":[\"https:\\\/\\\/www.instagram.com\\\/blackholediscos\\\/\"]}]}<\/script>\n<!-- \/ Yoast SEO plugin. -->","yoast_head_json":{"title":"Jards Macal\u00e9 - S\u00f3 Morto - Black Hole Discos","robots":{"index":"index","follow":"follow","max-snippet":"max-snippet:-1","max-image-preview":"max-image-preview:large","max-video-preview":"max-video-preview:-1"},"canonical":"https:\/\/blackholediscos.com\/en\/product\/7-jards-macale-so-morto\/","og_locale":"en_US","og_type":"article","og_title":"Jards Macal\u00e9 - S\u00f3 Morto - Black Hole Discos","og_description":"Primeira edi\u00e7\u00e3o em perfeitas condi\u00e7\u00f5es. RGE \u2013 CD 80.283, RGE \u2013 CD-80.283 A1 Solu\u00e7os A2 O Crime B1 S\u00f3 Morto (Burning Night) B2 Sem Essa Backing Band \u2013 Grupo Soma Bass \u2013 Bruce* Drums \u2013 Al\u00edrio* Guest, Percussion \u2013 Nan\u00e1* Guest, Piano, Organ \u2013 Z\u00e9 Rodrigues* Guitar \u2013 Jaime*, Ricardo* Layout \u2013 Luciano Figueiredo Photography [&hellip;]","og_url":"https:\/\/blackholediscos.com\/en\/product\/7-jards-macale-so-morto\/","og_site_name":"Black Hole Discos","article_publisher":"https:\/\/www.instagram.com\/blackholediscos\/","article_modified_time":"2024-06-25T21:24:33+00:00","og_image":[{"width":2560,"height":2560,"url":"https:\/\/blackholediscos.com\/wp-content\/uploads\/2024\/06\/IMG_6358-scaled.jpeg","type":"image\/jpeg"}],"twitter_card":"summary_large_image","twitter_misc":{"Est. reading time":"1 minute"},"schema":{"@context":"https:\/\/schema.org","@graph":[{"@type":"WebPage","@id":"https:\/\/blackholediscos.com\/product\/7-jards-macale-so-morto\/","url":"https:\/\/blackholediscos.com\/product\/7-jards-macale-so-morto\/","name":"Jards Macal\u00e9 - S\u00f3 Morto - Black Hole Discos","isPartOf":{"@id":"https:\/\/blackholediscos.com\/#website"},"primaryImageOfPage":{"@id":"https:\/\/blackholediscos.com\/product\/7-jards-macale-so-morto\/#primaryimage"},"image":{"@id":"https:\/\/blackholediscos.com\/product\/7-jards-macale-so-morto\/#primaryimage"},"thumbnailUrl":"https:\/\/blackholediscos.com\/wp-content\/uploads\/2024\/06\/IMG_6358-scaled.jpeg","datePublished":"2024-06-21T22:00:40+00:00","dateModified":"2024-06-25T21:24:33+00:00","breadcrumb":{"@id":"https:\/\/blackholediscos.com\/product\/7-jards-macale-so-morto\/#breadcrumb"},"inLanguage":"en-US","potentialAction":[{"@type":"ReadAction","target":["https:\/\/blackholediscos.com\/product\/7-jards-macale-so-morto\/"]}]},{"@type":"ImageObject","inLanguage":"en-US","@id":"https:\/\/blackholediscos.com\/product\/7-jards-macale-so-morto\/#primaryimage","url":"https:\/\/blackholediscos.com\/wp-content\/uploads\/2024\/06\/IMG_6358-scaled.jpeg","contentUrl":"https:\/\/blackholediscos.com\/wp-content\/uploads\/2024\/06\/IMG_6358-scaled.jpeg","width":2560,"height":2560},{"@type":"BreadcrumbList","@id":"https:\/\/blackholediscos.com\/product\/7-jards-macale-so-morto\/#breadcrumb","itemListElement":[{"@type":"ListItem","position":1,"name":"In\u00edcio","item":"https:\/\/blackholediscos.com\/"},{"@type":"ListItem","position":2,"name":"Shop","item":"https:\/\/blackholediscos.com\/shop\/"},{"@type":"ListItem","position":3,"name":"Jards Macal\u00e9 &#8211; S\u00f3 Morto"}]},{"@type":"WebSite","@id":"https:\/\/blackholediscos.com\/#website","url":"https:\/\/blackholediscos.com\/","name":"Black Hole Discos","description":"Brazilian music LPs","publisher":{"@id":"https:\/\/blackholediscos.com\/#organization"},"potentialAction":[{"@type":"SearchAction","target":{"@type":"EntryPoint","urlTemplate":"https:\/\/blackholediscos.com\/?s={search_term_string}"},"query-input":{"@type":"PropertyValueSpecification","valueRequired":true,"valueName":"search_term_string"}}],"inLanguage":"en-US"},{"@type":"Organization","@id":"https:\/\/blackholediscos.com\/#organization","name":"Black Hole Discos","url":"https:\/\/blackholediscos.com\/","logo":{"@type":"ImageObject","inLanguage":"en-US","@id":"https:\/\/blackholediscos.com\/#\/schema\/logo\/image\/","url":"https:\/\/blackholediscos.com\/wp-content\/uploads\/2024\/06\/black-hole-discos-vinis-logo.png","contentUrl":"https:\/\/blackholediscos.com\/wp-content\/uploads\/2024\/06\/black-hole-discos-vinis-logo.png","width":70,"height":66,"caption":"Black Hole Discos"},"image":{"@id":"https:\/\/blackholediscos.com\/#\/schema\/logo\/image\/"},"sameAs":["https:\/\/www.instagram.com\/blackholediscos\/"]}]}},"_links":{"self":[{"href":"https:\/\/blackholediscos.com\/en\/wp-json\/wp\/v2\/product\/742","targetHints":{"allow":["GET"]}}],"collection":[{"href":"https:\/\/blackholediscos.com\/en\/wp-json\/wp\/v2\/product"}],"about":[{"href":"https:\/\/blackholediscos.com\/en\/wp-json\/wp\/v2\/types\/product"}],"replies":[{"embeddable":true,"href":"https:\/\/blackholediscos.com\/en\/wp-json\/wp\/v2\/comments?post=742"}],"wp:featuredmedia":[{"embeddable":true,"href":"https:\/\/blackholediscos.com\/en\/wp-json\/wp\/v2\/media\/744"}],"wp:attachment":[{"href":"https:\/\/blackholediscos.com\/en\/wp-json\/wp\/v2\/media?parent=742"}],"wp:term":[{"taxonomy":"product_brand","embeddable":true,"href":"https:\/\/blackholediscos.com\/en\/wp-json\/wp\/v2\/product_brand?post=742"},{"taxonomy":"product_cat","embeddable":true,"href":"https:\/\/blackholediscos.com\/en\/wp-json\/wp\/v2\/product_cat?post=742"},{"taxonomy":"product_tag","embeddable":true,"href":"https:\/\/blackholediscos.com\/en\/wp-json\/wp\/v2\/product_tag?post=742"},{"taxonomy":"artista","embeddable":true,"href":"https:\/\/blackholediscos.com\/en\/wp-json\/wp\/v2\/artista?post=742"},{"taxonomy":"produtora","embeddable":true,"href":"https:\/\/blackholediscos.com\/en\/wp-json\/wp\/v2\/produtora?post=742"},{"taxonomy":"ano","embeddable":true,"href":"https:\/\/blackholediscos.com\/en\/wp-json\/wp\/v2\/ano?post=742"}],"curies":[{"name":"wp","href":"https:\/\/api.w.org\/{rel}","templated":true}]}}