{"id":737,"date":"2024-06-21T21:54:54","date_gmt":"2024-06-21T21:54:54","guid":{"rendered":"https:\/\/blackholediscos.com\/?post_type=product&#038;p=737"},"modified":"2024-06-26T11:41:16","modified_gmt":"2024-06-26T11:41:16","slug":"eddie-vedder-into-the-wild","status":"publish","type":"product","link":"https:\/\/blackholediscos.com\/en\/product\/eddie-vedder-into-the-wild\/","title":{"rendered":"Eddie Vedder \u2013 Into The Wild"},"content":{"rendered":"<p>Primeira edi\u00e7\u00e3o norte-americana, acompanha livreto original.\u00a0 LP Aberto mas em perfeitas condi\u00e7\u00f5es.<\/p>\n<p>Eddie Vedder, vocalista da renomada banda Pearl Jam, embarcou em uma jornada solo ao contribuir com a trilha sonora do aclamado filme &#8220;Into the Wild&#8221; (Na Natureza Selvagem). Lan\u00e7ado em 2007, o \u00e1lbum \u00e9 uma composi\u00e7\u00e3o magistral que captura a ess\u00eancia da busca pela liberdade, solid\u00e3o e autoconhecimento, temas centrais retratados na hist\u00f3ria do filme.<\/p>\n<p>A trama cinematogr\u00e1fica, dirigida por Sean Penn e baseada no livro de Jon Krakauer, segue a hist\u00f3ria real de Christopher McCandless, um jovem aventureiro que abandona sua vida convencional para buscar a verdadeira ess\u00eancia da exist\u00eancia na natureza selvagem do Alasca. Eddie Vedder encontrou inspira\u00e7\u00e3o nessa narrativa cativante e comp\u00f4s m\u00fasicas que refletem a jornada interior e emocional do protagonista.<\/p>\n<p>As can\u00e7\u00f5es do \u00e1lbum de Vedder proporcionam uma atmosfera melanc\u00f3lica e introspectiva, exibindo a profundidade de sua talentosa escrita e interpreta\u00e7\u00e3o. Sua voz \u00fanica e emotiva ressoa na trilha sonora, enriquecendo as experi\u00eancias emocionais do espectador ao longo do filme.<\/p>\n<p>A colabora\u00e7\u00e3o de Eddie Vedder com &#8220;Into the Wild&#8221; n\u00e3o apenas solidificou sua reputa\u00e7\u00e3o como um artista vers\u00e1til e talentoso, mas tamb\u00e9m abriu novos horizontes em sua carreira musical. O \u00e1lbum conquistou aclama\u00e7\u00e3o da cr\u00edtica e dos f\u00e3s, estabelecendo-se como um marco na discografia solo de Vedder e como uma pe\u00e7a fundamental na express\u00e3o art\u00edstica do filme.<\/p>\n<p>A uni\u00e3o entre a vis\u00e3o po\u00e9tica de Eddie Vedder e a poderosa narrativa de &#8220;Into the Wild&#8221; resultou em uma obra-prima sonora que transcende as barreiras do cinema e da m\u00fasica, conectando-se a uma audi\u00eancia sedenta por reflex\u00e3o e inspira\u00e7\u00e3o.<\/p>","protected":false},"excerpt":{"rendered":"<p>Primeira edi\u00e7\u00e3o norte-americana, acompanha livreto original.\u00a0 LP Aberto mas em perfeitas condi\u00e7\u00f5es. Eddie Vedder, vocalista da renomada banda Pearl Jam, embarcou em uma jornada solo ao contribuir com a trilha sonora do aclamado filme &#8220;Into the Wild&#8221; (Na Natureza Selvagem). Lan\u00e7ado em 2007, o \u00e1lbum \u00e9 uma composi\u00e7\u00e3o magistral que captura a ess\u00eancia da busca [&hellip;]<\/p>\n","protected":false},"featured_media":739,"comment_status":"open","ping_status":"closed","template":"","meta":{"_acf_changed":false},"product_brand":[],"product_cat":[78,173,170],"product_tag":[174,176,175],"artista":[177],"produtora":[178],"ano":[179],"class_list":{"0":"post-737","1":"product","2":"type-product","3":"status-publish","4":"has-post-thumbnail","6":"product_cat-contemporaneos","7":"product_cat-rock-alternativo","8":"product_cat-rock-internacional","9":"product_tag-eddie-vedder","10":"product_tag-in-to-the-wild","11":"product_tag-pearl-jam","12":"artista-eddie-vedder","13":"produtora-music-on-vinyl","14":"ano-179","16":"first","17":"instock","18":"sold-individually","19":"shipping-taxable","20":"purchasable","21":"product-type-simple"},"acf":[],"yoast_head":"<!-- This site is optimized with the Yoast SEO plugin v27.3 - https:\/\/yoast.com\/product\/yoast-seo-wordpress\/ -->\n<title>Eddie Vedder \u2013 Into The Wild - Black Hole Discos<\/title>\n<meta name=\"robots\" content=\"index, follow, max-snippet:-1, max-image-preview:large, max-video-preview:-1\" \/>\n<link rel=\"canonical\" href=\"https:\/\/blackholediscos.com\/en\/product\/eddie-vedder-into-the-wild\/\" \/>\n<meta property=\"og:locale\" content=\"en_US\" \/>\n<meta property=\"og:type\" content=\"article\" \/>\n<meta property=\"og:title\" content=\"Eddie Vedder \u2013 Into The Wild - Black Hole Discos\" \/>\n<meta property=\"og:description\" content=\"Primeira edi\u00e7\u00e3o norte-americana, acompanha livreto original.\u00a0 LP Aberto mas em perfeitas condi\u00e7\u00f5es. Eddie Vedder, vocalista da renomada banda Pearl Jam, embarcou em uma jornada solo ao contribuir com a trilha sonora do aclamado filme &#8220;Into the Wild&#8221; (Na Natureza Selvagem). Lan\u00e7ado em 2007, o \u00e1lbum \u00e9 uma composi\u00e7\u00e3o magistral que captura a ess\u00eancia da busca [&hellip;]\" \/>\n<meta property=\"og:url\" content=\"https:\/\/blackholediscos.com\/en\/product\/eddie-vedder-into-the-wild\/\" \/>\n<meta property=\"og:site_name\" content=\"Black Hole Discos\" \/>\n<meta property=\"article:publisher\" content=\"https:\/\/www.instagram.com\/blackholediscos\/\" \/>\n<meta property=\"article:modified_time\" content=\"2024-06-26T11:41:16+00:00\" \/>\n<meta property=\"og:image\" content=\"https:\/\/blackholediscos.com\/wp-content\/uploads\/2024\/06\/WhatsApp-Image-2024-06-21-at-18.26.03-scaled.jpeg\" \/>\n\t<meta property=\"og:image:width\" content=\"2560\" \/>\n\t<meta property=\"og:image:height\" content=\"2560\" \/>\n\t<meta property=\"og:image:type\" content=\"image\/jpeg\" \/>\n<meta name=\"twitter:card\" content=\"summary_large_image\" \/>\n<meta name=\"twitter:label1\" content=\"Est. reading time\" \/>\n\t<meta name=\"twitter:data1\" content=\"2 minutes\" \/>\n<script type=\"application\/ld+json\" class=\"yoast-schema-graph\">{\"@context\":\"https:\\\/\\\/schema.org\",\"@graph\":[{\"@type\":\"WebPage\",\"@id\":\"https:\\\/\\\/blackholediscos.com\\\/product\\\/eddie-vedder-into-the-wild\\\/\",\"url\":\"https:\\\/\\\/blackholediscos.com\\\/product\\\/eddie-vedder-into-the-wild\\\/\",\"name\":\"Eddie Vedder \u2013 Into The Wild - Black Hole Discos\",\"isPartOf\":{\"@id\":\"https:\\\/\\\/blackholediscos.com\\\/#website\"},\"primaryImageOfPage\":{\"@id\":\"https:\\\/\\\/blackholediscos.com\\\/product\\\/eddie-vedder-into-the-wild\\\/#primaryimage\"},\"image\":{\"@id\":\"https:\\\/\\\/blackholediscos.com\\\/product\\\/eddie-vedder-into-the-wild\\\/#primaryimage\"},\"thumbnailUrl\":\"https:\\\/\\\/blackholediscos.com\\\/wp-content\\\/uploads\\\/2024\\\/06\\\/WhatsApp-Image-2024-06-21-at-18.26.03-scaled.jpeg\",\"datePublished\":\"2024-06-21T21:54:54+00:00\",\"dateModified\":\"2024-06-26T11:41:16+00:00\",\"breadcrumb\":{\"@id\":\"https:\\\/\\\/blackholediscos.com\\\/product\\\/eddie-vedder-into-the-wild\\\/#breadcrumb\"},\"inLanguage\":\"en-US\",\"potentialAction\":[{\"@type\":\"ReadAction\",\"target\":[\"https:\\\/\\\/blackholediscos.com\\\/product\\\/eddie-vedder-into-the-wild\\\/\"]}]},{\"@type\":\"ImageObject\",\"inLanguage\":\"en-US\",\"@id\":\"https:\\\/\\\/blackholediscos.com\\\/product\\\/eddie-vedder-into-the-wild\\\/#primaryimage\",\"url\":\"https:\\\/\\\/blackholediscos.com\\\/wp-content\\\/uploads\\\/2024\\\/06\\\/WhatsApp-Image-2024-06-21-at-18.26.03-scaled.jpeg\",\"contentUrl\":\"https:\\\/\\\/blackholediscos.com\\\/wp-content\\\/uploads\\\/2024\\\/06\\\/WhatsApp-Image-2024-06-21-at-18.26.03-scaled.jpeg\",\"width\":2560,\"height\":2560},{\"@type\":\"BreadcrumbList\",\"@id\":\"https:\\\/\\\/blackholediscos.com\\\/product\\\/eddie-vedder-into-the-wild\\\/#breadcrumb\",\"itemListElement\":[{\"@type\":\"ListItem\",\"position\":1,\"name\":\"In\u00edcio\",\"item\":\"https:\\\/\\\/blackholediscos.com\\\/\"},{\"@type\":\"ListItem\",\"position\":2,\"name\":\"Shop\",\"item\":\"https:\\\/\\\/blackholediscos.com\\\/shop\\\/\"},{\"@type\":\"ListItem\",\"position\":3,\"name\":\"Eddie Vedder \u2013 Into The Wild\"}]},{\"@type\":\"WebSite\",\"@id\":\"https:\\\/\\\/blackholediscos.com\\\/#website\",\"url\":\"https:\\\/\\\/blackholediscos.com\\\/\",\"name\":\"Black Hole Discos\",\"description\":\"Brazilian music LPs\",\"publisher\":{\"@id\":\"https:\\\/\\\/blackholediscos.com\\\/#organization\"},\"potentialAction\":[{\"@type\":\"SearchAction\",\"target\":{\"@type\":\"EntryPoint\",\"urlTemplate\":\"https:\\\/\\\/blackholediscos.com\\\/?s={search_term_string}\"},\"query-input\":{\"@type\":\"PropertyValueSpecification\",\"valueRequired\":true,\"valueName\":\"search_term_string\"}}],\"inLanguage\":\"en-US\"},{\"@type\":\"Organization\",\"@id\":\"https:\\\/\\\/blackholediscos.com\\\/#organization\",\"name\":\"Black Hole Discos\",\"url\":\"https:\\\/\\\/blackholediscos.com\\\/\",\"logo\":{\"@type\":\"ImageObject\",\"inLanguage\":\"en-US\",\"@id\":\"https:\\\/\\\/blackholediscos.com\\\/#\\\/schema\\\/logo\\\/image\\\/\",\"url\":\"https:\\\/\\\/blackholediscos.com\\\/wp-content\\\/uploads\\\/2024\\\/06\\\/black-hole-discos-vinis-logo.png\",\"contentUrl\":\"https:\\\/\\\/blackholediscos.com\\\/wp-content\\\/uploads\\\/2024\\\/06\\\/black-hole-discos-vinis-logo.png\",\"width\":70,\"height\":66,\"caption\":\"Black Hole Discos\"},\"image\":{\"@id\":\"https:\\\/\\\/blackholediscos.com\\\/#\\\/schema\\\/logo\\\/image\\\/\"},\"sameAs\":[\"https:\\\/\\\/www.instagram.com\\\/blackholediscos\\\/\"]}]}<\/script>\n<!-- \/ Yoast SEO plugin. -->","yoast_head_json":{"title":"Eddie Vedder \u2013 Into The Wild - Black Hole Discos","robots":{"index":"index","follow":"follow","max-snippet":"max-snippet:-1","max-image-preview":"max-image-preview:large","max-video-preview":"max-video-preview:-1"},"canonical":"https:\/\/blackholediscos.com\/en\/product\/eddie-vedder-into-the-wild\/","og_locale":"en_US","og_type":"article","og_title":"Eddie Vedder \u2013 Into The Wild - Black Hole Discos","og_description":"Primeira edi\u00e7\u00e3o norte-americana, acompanha livreto original.\u00a0 LP Aberto mas em perfeitas condi\u00e7\u00f5es. Eddie Vedder, vocalista da renomada banda Pearl Jam, embarcou em uma jornada solo ao contribuir com a trilha sonora do aclamado filme &#8220;Into the Wild&#8221; (Na Natureza Selvagem). Lan\u00e7ado em 2007, o \u00e1lbum \u00e9 uma composi\u00e7\u00e3o magistral que captura a ess\u00eancia da busca [&hellip;]","og_url":"https:\/\/blackholediscos.com\/en\/product\/eddie-vedder-into-the-wild\/","og_site_name":"Black Hole Discos","article_publisher":"https:\/\/www.instagram.com\/blackholediscos\/","article_modified_time":"2024-06-26T11:41:16+00:00","og_image":[{"width":2560,"height":2560,"url":"https:\/\/blackholediscos.com\/wp-content\/uploads\/2024\/06\/WhatsApp-Image-2024-06-21-at-18.26.03-scaled.jpeg","type":"image\/jpeg"}],"twitter_card":"summary_large_image","twitter_misc":{"Est. reading time":"2 minutes"},"schema":{"@context":"https:\/\/schema.org","@graph":[{"@type":"WebPage","@id":"https:\/\/blackholediscos.com\/product\/eddie-vedder-into-the-wild\/","url":"https:\/\/blackholediscos.com\/product\/eddie-vedder-into-the-wild\/","name":"Eddie Vedder \u2013 Into The Wild - Black Hole Discos","isPartOf":{"@id":"https:\/\/blackholediscos.com\/#website"},"primaryImageOfPage":{"@id":"https:\/\/blackholediscos.com\/product\/eddie-vedder-into-the-wild\/#primaryimage"},"image":{"@id":"https:\/\/blackholediscos.com\/product\/eddie-vedder-into-the-wild\/#primaryimage"},"thumbnailUrl":"https:\/\/blackholediscos.com\/wp-content\/uploads\/2024\/06\/WhatsApp-Image-2024-06-21-at-18.26.03-scaled.jpeg","datePublished":"2024-06-21T21:54:54+00:00","dateModified":"2024-06-26T11:41:16+00:00","breadcrumb":{"@id":"https:\/\/blackholediscos.com\/product\/eddie-vedder-into-the-wild\/#breadcrumb"},"inLanguage":"en-US","potentialAction":[{"@type":"ReadAction","target":["https:\/\/blackholediscos.com\/product\/eddie-vedder-into-the-wild\/"]}]},{"@type":"ImageObject","inLanguage":"en-US","@id":"https:\/\/blackholediscos.com\/product\/eddie-vedder-into-the-wild\/#primaryimage","url":"https:\/\/blackholediscos.com\/wp-content\/uploads\/2024\/06\/WhatsApp-Image-2024-06-21-at-18.26.03-scaled.jpeg","contentUrl":"https:\/\/blackholediscos.com\/wp-content\/uploads\/2024\/06\/WhatsApp-Image-2024-06-21-at-18.26.03-scaled.jpeg","width":2560,"height":2560},{"@type":"BreadcrumbList","@id":"https:\/\/blackholediscos.com\/product\/eddie-vedder-into-the-wild\/#breadcrumb","itemListElement":[{"@type":"ListItem","position":1,"name":"In\u00edcio","item":"https:\/\/blackholediscos.com\/"},{"@type":"ListItem","position":2,"name":"Shop","item":"https:\/\/blackholediscos.com\/shop\/"},{"@type":"ListItem","position":3,"name":"Eddie Vedder \u2013 Into The Wild"}]},{"@type":"WebSite","@id":"https:\/\/blackholediscos.com\/#website","url":"https:\/\/blackholediscos.com\/","name":"Black Hole Discos","description":"Brazilian music LPs","publisher":{"@id":"https:\/\/blackholediscos.com\/#organization"},"potentialAction":[{"@type":"SearchAction","target":{"@type":"EntryPoint","urlTemplate":"https:\/\/blackholediscos.com\/?s={search_term_string}"},"query-input":{"@type":"PropertyValueSpecification","valueRequired":true,"valueName":"search_term_string"}}],"inLanguage":"en-US"},{"@type":"Organization","@id":"https:\/\/blackholediscos.com\/#organization","name":"Black Hole Discos","url":"https:\/\/blackholediscos.com\/","logo":{"@type":"ImageObject","inLanguage":"en-US","@id":"https:\/\/blackholediscos.com\/#\/schema\/logo\/image\/","url":"https:\/\/blackholediscos.com\/wp-content\/uploads\/2024\/06\/black-hole-discos-vinis-logo.png","contentUrl":"https:\/\/blackholediscos.com\/wp-content\/uploads\/2024\/06\/black-hole-discos-vinis-logo.png","width":70,"height":66,"caption":"Black Hole Discos"},"image":{"@id":"https:\/\/blackholediscos.com\/#\/schema\/logo\/image\/"},"sameAs":["https:\/\/www.instagram.com\/blackholediscos\/"]}]}},"_links":{"self":[{"href":"https:\/\/blackholediscos.com\/en\/wp-json\/wp\/v2\/product\/737","targetHints":{"allow":["GET"]}}],"collection":[{"href":"https:\/\/blackholediscos.com\/en\/wp-json\/wp\/v2\/product"}],"about":[{"href":"https:\/\/blackholediscos.com\/en\/wp-json\/wp\/v2\/types\/product"}],"replies":[{"embeddable":true,"href":"https:\/\/blackholediscos.com\/en\/wp-json\/wp\/v2\/comments?post=737"}],"wp:featuredmedia":[{"embeddable":true,"href":"https:\/\/blackholediscos.com\/en\/wp-json\/wp\/v2\/media\/739"}],"wp:attachment":[{"href":"https:\/\/blackholediscos.com\/en\/wp-json\/wp\/v2\/media?parent=737"}],"wp:term":[{"taxonomy":"product_brand","embeddable":true,"href":"https:\/\/blackholediscos.com\/en\/wp-json\/wp\/v2\/product_brand?post=737"},{"taxonomy":"product_cat","embeddable":true,"href":"https:\/\/blackholediscos.com\/en\/wp-json\/wp\/v2\/product_cat?post=737"},{"taxonomy":"product_tag","embeddable":true,"href":"https:\/\/blackholediscos.com\/en\/wp-json\/wp\/v2\/product_tag?post=737"},{"taxonomy":"artista","embeddable":true,"href":"https:\/\/blackholediscos.com\/en\/wp-json\/wp\/v2\/artista?post=737"},{"taxonomy":"produtora","embeddable":true,"href":"https:\/\/blackholediscos.com\/en\/wp-json\/wp\/v2\/produtora?post=737"},{"taxonomy":"ano","embeddable":true,"href":"https:\/\/blackholediscos.com\/en\/wp-json\/wp\/v2\/ano?post=737"}],"curies":[{"name":"wp","href":"https:\/\/api.w.org\/{rel}","templated":true}]}}