{"id":682,"date":"2024-06-21T19:48:01","date_gmt":"2024-06-21T19:48:01","guid":{"rendered":"https:\/\/blackholediscos.com\/?post_type=product&#038;p=682"},"modified":"2024-06-26T09:09:05","modified_gmt":"2024-06-26T09:09:05","slug":"baianasystem-duas-cidades","status":"publish","type":"product","link":"https:\/\/blackholediscos.com\/en\/product\/baianasystem-duas-cidades\/","title":{"rendered":"BaianaSystem &#8211; Duas Cidades"},"content":{"rendered":"<p>Lacrado de f\u00e1brica.<\/p>\n<p>A banda BaianaSystem \u00e9 um dos grupos musicais mais influentes e inovadores do cen\u00e1rio brasileiro atual. Com suas ra\u00edzes fincadas na rica cultura da Bahia, o grupo mistura elementos tradicionais da m\u00fasica baiana com sonoridades modernas e eletr\u00f4nicas, criando uma sonoridade \u00fanica e aut\u00eantica.<\/p>\n<p>Formada em Salvador em 2009, a banda \u00e9 conhecida por suas letras engajadas, que abordam temas sociais e pol\u00edticos, al\u00e9m de sua fus\u00e3o de ritmos como o samba-reggae, o afrobeat e a m\u00fasica eletr\u00f4nica. BaianaSystem tem como uma de suas principais inspira\u00e7\u00f5es a cultura afro-brasileira e a est\u00e9tica dos blocos afro do carnaval de Salvador.<\/p>\n<p>O \u00e1lbum &#8220;Duas Cidades&#8221; lan\u00e7ado em 2016 foi um marco na trajet\u00f3ria da banda, consolidando sua posi\u00e7\u00e3o como uma das mais inovadoras do pa\u00eds. O disco traz sonoridades que passeiam entre o eletr\u00f4nico, o reggae e o rap, com letras que abordam quest\u00f5es urbanas e sociais de forma po\u00e9tica e contundente. &#8220;Duas Cidades&#8221; foi muito bem recebido pela cr\u00edtica e pelo p\u00fablico, sendo considerado um dos melhores \u00e1lbuns da m\u00fasica brasileira contempor\u00e2nea.<\/p>\n<p>Com sua mistura de tradi\u00e7\u00e3o e modernidade, BaianaSystem se destaca como um grupo que mant\u00e9m vivas as ra\u00edzes da cultura baiana ao mesmo tempo em que dialoga com as sonoridades globais do s\u00e9culo XXI. Seu trabalho representa n\u00e3o apenas uma evolu\u00e7\u00e3o da m\u00fasica brasileira, mas tamb\u00e9m uma celebra\u00e7\u00e3o da diversidade e da riqueza cultural do pa\u00eds.<\/p>","protected":false},"excerpt":{"rendered":"<p>Lacrado de f\u00e1brica. A banda BaianaSystem \u00e9 um dos grupos musicais mais influentes e inovadores do cen\u00e1rio brasileiro atual. Com suas ra\u00edzes fincadas na rica cultura da Bahia, o grupo mistura elementos tradicionais da m\u00fasica baiana com sonoridades modernas e eletr\u00f4nicas, criando uma sonoridade \u00fanica e aut\u00eantica. Formada em Salvador em 2009, a banda \u00e9 [&hellip;]<\/p>\n","protected":false},"featured_media":683,"comment_status":"open","ping_status":"closed","template":"","meta":{"_acf_changed":false},"product_brand":[],"product_cat":[131,530,78,39,138],"product_tag":[149,148,151,150],"artista":[256],"produtora":[144],"ano":[152],"class_list":{"0":"post-682","1":"product","2":"type-product","3":"status-publish","4":"has-post-thumbnail","6":"product_cat-afrobrasilidade","7":"product_cat-batucada","8":"product_cat-contemporaneos","9":"product_cat-mpb","10":"product_cat-polysom","11":"product_tag-bahia","12":"product_tag-baianasystem","13":"product_tag-russo-passapusso","14":"product_tag-salvador","15":"artista-baianasystem","16":"produtora-polysom","17":"ano-152","19":"first","20":"instock","21":"shipping-taxable","22":"purchasable","23":"product-type-simple"},"acf":[],"yoast_head":"<!-- This site is optimized with the Yoast SEO plugin v27.4 - https:\/\/yoast.com\/product\/yoast-seo-wordpress\/ -->\n<title>BaianaSystem - Duas Cidades - Black Hole Discos<\/title>\n<meta name=\"robots\" content=\"index, follow, max-snippet:-1, max-image-preview:large, max-video-preview:-1\" \/>\n<link rel=\"canonical\" href=\"https:\/\/blackholediscos.com\/en\/product\/baianasystem-duas-cidades\/\" \/>\n<meta property=\"og:locale\" content=\"en_US\" \/>\n<meta property=\"og:type\" content=\"article\" \/>\n<meta property=\"og:title\" content=\"BaianaSystem - Duas Cidades - Black Hole Discos\" \/>\n<meta property=\"og:description\" content=\"Lacrado de f\u00e1brica. A banda BaianaSystem \u00e9 um dos grupos musicais mais influentes e inovadores do cen\u00e1rio brasileiro atual. Com suas ra\u00edzes fincadas na rica cultura da Bahia, o grupo mistura elementos tradicionais da m\u00fasica baiana com sonoridades modernas e eletr\u00f4nicas, criando uma sonoridade \u00fanica e aut\u00eantica. Formada em Salvador em 2009, a banda \u00e9 [&hellip;]\" \/>\n<meta property=\"og:url\" content=\"https:\/\/blackholediscos.com\/en\/product\/baianasystem-duas-cidades\/\" \/>\n<meta property=\"og:site_name\" content=\"Black Hole Discos\" \/>\n<meta property=\"article:publisher\" content=\"https:\/\/www.instagram.com\/blackholediscos\/\" \/>\n<meta property=\"article:modified_time\" content=\"2024-06-26T09:09:05+00:00\" \/>\n<meta property=\"og:image\" content=\"https:\/\/blackholediscos.com\/wp-content\/uploads\/2024\/06\/WhatsApp-Image-2024-06-21-at-16.17.58-scaled.jpeg\" \/>\n\t<meta property=\"og:image:width\" content=\"2560\" \/>\n\t<meta property=\"og:image:height\" content=\"2560\" \/>\n\t<meta property=\"og:image:type\" content=\"image\/jpeg\" \/>\n<meta name=\"twitter:card\" content=\"summary_large_image\" \/>\n<meta name=\"twitter:label1\" content=\"Est. reading time\" \/>\n\t<meta name=\"twitter:data1\" content=\"2 minutes\" \/>\n<script type=\"application\/ld+json\" class=\"yoast-schema-graph\">{\"@context\":\"https:\\\/\\\/schema.org\",\"@graph\":[{\"@type\":\"WebPage\",\"@id\":\"https:\\\/\\\/blackholediscos.com\\\/product\\\/baianasystem-duas-cidades\\\/\",\"url\":\"https:\\\/\\\/blackholediscos.com\\\/product\\\/baianasystem-duas-cidades\\\/\",\"name\":\"BaianaSystem - Duas Cidades - Black Hole Discos\",\"isPartOf\":{\"@id\":\"https:\\\/\\\/blackholediscos.com\\\/#website\"},\"primaryImageOfPage\":{\"@id\":\"https:\\\/\\\/blackholediscos.com\\\/product\\\/baianasystem-duas-cidades\\\/#primaryimage\"},\"image\":{\"@id\":\"https:\\\/\\\/blackholediscos.com\\\/product\\\/baianasystem-duas-cidades\\\/#primaryimage\"},\"thumbnailUrl\":\"https:\\\/\\\/blackholediscos.com\\\/wp-content\\\/uploads\\\/2024\\\/06\\\/WhatsApp-Image-2024-06-21-at-16.17.58-scaled.jpeg\",\"datePublished\":\"2024-06-21T19:48:01+00:00\",\"dateModified\":\"2024-06-26T09:09:05+00:00\",\"breadcrumb\":{\"@id\":\"https:\\\/\\\/blackholediscos.com\\\/product\\\/baianasystem-duas-cidades\\\/#breadcrumb\"},\"inLanguage\":\"en-US\",\"potentialAction\":[{\"@type\":\"ReadAction\",\"target\":[\"https:\\\/\\\/blackholediscos.com\\\/product\\\/baianasystem-duas-cidades\\\/\"]}]},{\"@type\":\"ImageObject\",\"inLanguage\":\"en-US\",\"@id\":\"https:\\\/\\\/blackholediscos.com\\\/product\\\/baianasystem-duas-cidades\\\/#primaryimage\",\"url\":\"https:\\\/\\\/blackholediscos.com\\\/wp-content\\\/uploads\\\/2024\\\/06\\\/WhatsApp-Image-2024-06-21-at-16.17.58-scaled.jpeg\",\"contentUrl\":\"https:\\\/\\\/blackholediscos.com\\\/wp-content\\\/uploads\\\/2024\\\/06\\\/WhatsApp-Image-2024-06-21-at-16.17.58-scaled.jpeg\",\"width\":2560,\"height\":2560},{\"@type\":\"BreadcrumbList\",\"@id\":\"https:\\\/\\\/blackholediscos.com\\\/product\\\/baianasystem-duas-cidades\\\/#breadcrumb\",\"itemListElement\":[{\"@type\":\"ListItem\",\"position\":1,\"name\":\"In\u00edcio\",\"item\":\"https:\\\/\\\/blackholediscos.com\\\/\"},{\"@type\":\"ListItem\",\"position\":2,\"name\":\"Shop\",\"item\":\"https:\\\/\\\/blackholediscos.com\\\/shop\\\/\"},{\"@type\":\"ListItem\",\"position\":3,\"name\":\"BaianaSystem &#8211; Duas Cidades\"}]},{\"@type\":\"WebSite\",\"@id\":\"https:\\\/\\\/blackholediscos.com\\\/#website\",\"url\":\"https:\\\/\\\/blackholediscos.com\\\/\",\"name\":\"Black Hole Discos\",\"description\":\"Brazilian music LPs\",\"publisher\":{\"@id\":\"https:\\\/\\\/blackholediscos.com\\\/#organization\"},\"potentialAction\":[{\"@type\":\"SearchAction\",\"target\":{\"@type\":\"EntryPoint\",\"urlTemplate\":\"https:\\\/\\\/blackholediscos.com\\\/?s={search_term_string}\"},\"query-input\":{\"@type\":\"PropertyValueSpecification\",\"valueRequired\":true,\"valueName\":\"search_term_string\"}}],\"inLanguage\":\"en-US\"},{\"@type\":\"Organization\",\"@id\":\"https:\\\/\\\/blackholediscos.com\\\/#organization\",\"name\":\"Black Hole Discos\",\"url\":\"https:\\\/\\\/blackholediscos.com\\\/\",\"logo\":{\"@type\":\"ImageObject\",\"inLanguage\":\"en-US\",\"@id\":\"https:\\\/\\\/blackholediscos.com\\\/#\\\/schema\\\/logo\\\/image\\\/\",\"url\":\"https:\\\/\\\/blackholediscos.com\\\/wp-content\\\/uploads\\\/2024\\\/06\\\/black-hole-discos-vinis-logo.png\",\"contentUrl\":\"https:\\\/\\\/blackholediscos.com\\\/wp-content\\\/uploads\\\/2024\\\/06\\\/black-hole-discos-vinis-logo.png\",\"width\":70,\"height\":66,\"caption\":\"Black Hole Discos\"},\"image\":{\"@id\":\"https:\\\/\\\/blackholediscos.com\\\/#\\\/schema\\\/logo\\\/image\\\/\"},\"sameAs\":[\"https:\\\/\\\/www.instagram.com\\\/blackholediscos\\\/\"]}]}<\/script>\n<!-- \/ Yoast SEO plugin. -->","yoast_head_json":{"title":"BaianaSystem - Duas Cidades - Black Hole Discos","robots":{"index":"index","follow":"follow","max-snippet":"max-snippet:-1","max-image-preview":"max-image-preview:large","max-video-preview":"max-video-preview:-1"},"canonical":"https:\/\/blackholediscos.com\/en\/product\/baianasystem-duas-cidades\/","og_locale":"en_US","og_type":"article","og_title":"BaianaSystem - Duas Cidades - Black Hole Discos","og_description":"Lacrado de f\u00e1brica. A banda BaianaSystem \u00e9 um dos grupos musicais mais influentes e inovadores do cen\u00e1rio brasileiro atual. Com suas ra\u00edzes fincadas na rica cultura da Bahia, o grupo mistura elementos tradicionais da m\u00fasica baiana com sonoridades modernas e eletr\u00f4nicas, criando uma sonoridade \u00fanica e aut\u00eantica. Formada em Salvador em 2009, a banda \u00e9 [&hellip;]","og_url":"https:\/\/blackholediscos.com\/en\/product\/baianasystem-duas-cidades\/","og_site_name":"Black Hole Discos","article_publisher":"https:\/\/www.instagram.com\/blackholediscos\/","article_modified_time":"2024-06-26T09:09:05+00:00","og_image":[{"width":2560,"height":2560,"url":"https:\/\/blackholediscos.com\/wp-content\/uploads\/2024\/06\/WhatsApp-Image-2024-06-21-at-16.17.58-scaled.jpeg","type":"image\/jpeg"}],"twitter_card":"summary_large_image","twitter_misc":{"Est. reading time":"2 minutes"},"schema":{"@context":"https:\/\/schema.org","@graph":[{"@type":"WebPage","@id":"https:\/\/blackholediscos.com\/product\/baianasystem-duas-cidades\/","url":"https:\/\/blackholediscos.com\/product\/baianasystem-duas-cidades\/","name":"BaianaSystem - Duas Cidades - Black Hole Discos","isPartOf":{"@id":"https:\/\/blackholediscos.com\/#website"},"primaryImageOfPage":{"@id":"https:\/\/blackholediscos.com\/product\/baianasystem-duas-cidades\/#primaryimage"},"image":{"@id":"https:\/\/blackholediscos.com\/product\/baianasystem-duas-cidades\/#primaryimage"},"thumbnailUrl":"https:\/\/blackholediscos.com\/wp-content\/uploads\/2024\/06\/WhatsApp-Image-2024-06-21-at-16.17.58-scaled.jpeg","datePublished":"2024-06-21T19:48:01+00:00","dateModified":"2024-06-26T09:09:05+00:00","breadcrumb":{"@id":"https:\/\/blackholediscos.com\/product\/baianasystem-duas-cidades\/#breadcrumb"},"inLanguage":"en-US","potentialAction":[{"@type":"ReadAction","target":["https:\/\/blackholediscos.com\/product\/baianasystem-duas-cidades\/"]}]},{"@type":"ImageObject","inLanguage":"en-US","@id":"https:\/\/blackholediscos.com\/product\/baianasystem-duas-cidades\/#primaryimage","url":"https:\/\/blackholediscos.com\/wp-content\/uploads\/2024\/06\/WhatsApp-Image-2024-06-21-at-16.17.58-scaled.jpeg","contentUrl":"https:\/\/blackholediscos.com\/wp-content\/uploads\/2024\/06\/WhatsApp-Image-2024-06-21-at-16.17.58-scaled.jpeg","width":2560,"height":2560},{"@type":"BreadcrumbList","@id":"https:\/\/blackholediscos.com\/product\/baianasystem-duas-cidades\/#breadcrumb","itemListElement":[{"@type":"ListItem","position":1,"name":"In\u00edcio","item":"https:\/\/blackholediscos.com\/"},{"@type":"ListItem","position":2,"name":"Shop","item":"https:\/\/blackholediscos.com\/shop\/"},{"@type":"ListItem","position":3,"name":"BaianaSystem &#8211; Duas Cidades"}]},{"@type":"WebSite","@id":"https:\/\/blackholediscos.com\/#website","url":"https:\/\/blackholediscos.com\/","name":"Black Hole Discos","description":"Brazilian music LPs","publisher":{"@id":"https:\/\/blackholediscos.com\/#organization"},"potentialAction":[{"@type":"SearchAction","target":{"@type":"EntryPoint","urlTemplate":"https:\/\/blackholediscos.com\/?s={search_term_string}"},"query-input":{"@type":"PropertyValueSpecification","valueRequired":true,"valueName":"search_term_string"}}],"inLanguage":"en-US"},{"@type":"Organization","@id":"https:\/\/blackholediscos.com\/#organization","name":"Black Hole Discos","url":"https:\/\/blackholediscos.com\/","logo":{"@type":"ImageObject","inLanguage":"en-US","@id":"https:\/\/blackholediscos.com\/#\/schema\/logo\/image\/","url":"https:\/\/blackholediscos.com\/wp-content\/uploads\/2024\/06\/black-hole-discos-vinis-logo.png","contentUrl":"https:\/\/blackholediscos.com\/wp-content\/uploads\/2024\/06\/black-hole-discos-vinis-logo.png","width":70,"height":66,"caption":"Black Hole Discos"},"image":{"@id":"https:\/\/blackholediscos.com\/#\/schema\/logo\/image\/"},"sameAs":["https:\/\/www.instagram.com\/blackholediscos\/"]}]}},"_links":{"self":[{"href":"https:\/\/blackholediscos.com\/en\/wp-json\/wp\/v2\/product\/682","targetHints":{"allow":["GET"]}}],"collection":[{"href":"https:\/\/blackholediscos.com\/en\/wp-json\/wp\/v2\/product"}],"about":[{"href":"https:\/\/blackholediscos.com\/en\/wp-json\/wp\/v2\/types\/product"}],"replies":[{"embeddable":true,"href":"https:\/\/blackholediscos.com\/en\/wp-json\/wp\/v2\/comments?post=682"}],"wp:featuredmedia":[{"embeddable":true,"href":"https:\/\/blackholediscos.com\/en\/wp-json\/wp\/v2\/media\/683"}],"wp:attachment":[{"href":"https:\/\/blackholediscos.com\/en\/wp-json\/wp\/v2\/media?parent=682"}],"wp:term":[{"taxonomy":"product_brand","embeddable":true,"href":"https:\/\/blackholediscos.com\/en\/wp-json\/wp\/v2\/product_brand?post=682"},{"taxonomy":"product_cat","embeddable":true,"href":"https:\/\/blackholediscos.com\/en\/wp-json\/wp\/v2\/product_cat?post=682"},{"taxonomy":"product_tag","embeddable":true,"href":"https:\/\/blackholediscos.com\/en\/wp-json\/wp\/v2\/product_tag?post=682"},{"taxonomy":"artista","embeddable":true,"href":"https:\/\/blackholediscos.com\/en\/wp-json\/wp\/v2\/artista?post=682"},{"taxonomy":"produtora","embeddable":true,"href":"https:\/\/blackholediscos.com\/en\/wp-json\/wp\/v2\/produtora?post=682"},{"taxonomy":"ano","embeddable":true,"href":"https:\/\/blackholediscos.com\/en\/wp-json\/wp\/v2\/ano?post=682"}],"curies":[{"name":"wp","href":"https:\/\/api.w.org\/{rel}","templated":true}]}}