{"id":658,"date":"2024-06-21T18:56:42","date_gmt":"2024-06-21T18:56:42","guid":{"rendered":"https:\/\/blackholediscos.com\/?post_type=product&#038;p=658"},"modified":"2024-06-26T00:07:21","modified_gmt":"2024-06-26T00:07:21","slug":"orquestra-st-moritz-erlon-chaves-procura-se-uma-virgem","status":"publish","type":"product","link":"https:\/\/blackholediscos.com\/en\/product\/orquestra-st-moritz-erlon-chaves-procura-se-uma-virgem\/","title":{"rendered":"Orquestra St. Moritz, Erlon Chaves &#8211; Procura-se Uma Virgem"},"content":{"rendered":"<p>LP Original de \u00e9poca em perfeitas condi\u00e7\u00f5es de capa e m\u00eddia. <\/p>\n<p>CID \u00a014.025<\/p>\n<p>&#8220;The album &#8216;Procura-se Uma Virgem&#8217;, released in 1971 by Orquestra St. Moritz and Erlon Chaves, is a landmark in Brazilian music. This album is the soundtrack for the movie of the same name and is known for its unique blend of engaging rhythms and sophisticated arrangements. However, its journey to the spotlight was not easy, as during the period of dictatorship in Brazil, the album faced censorship. Nevertheless, the musical quality and artistic excellence prevailed, making &#8216;Procura-se Uma Virgem&#8217; a true gem in the national discography. With carefully chosen compositions and the musicians&#8217; mastery, the album continues to captivate and inspire music enthusiasts to this day.&#8221;<\/p>\n<p>&#8220;O \u00e1lbum &#8216;Procura-se Uma Virgem&#8217;, lan\u00e7ado em 1971 pela Orquestra St. Moritz e Erlon Chaves, \u00e9 uma obra que marcou \u00e9poca na m\u00fasica brasileira. Este \u00e1lbum \u00e9 a trilha sonora do filme de mesmo nome e \u00e9 conhecido por sua combina\u00e7\u00e3o \u00fanica de ritmos envolventes e arranjos sofisticados. No entanto, sua jornada para os holofotes n\u00e3o foi f\u00e1cil, pois durante o per\u00edodo da ditadura no Brasil, o \u00e1lbum e o filme sofreram com a censura. Mesmo assim, a qualidade musical e a excel\u00eancia art\u00edstica prevaleceram, tornando &#8216;Procura-se Uma Virgem&#8217; uma verdadeira joia da discografia nacional. Com composi\u00e7\u00f5es cuidadosamente escolhidas e a maestria dos m\u00fasicos envolvidos, o \u00e1lbum continua a encantar e inspirar amantes da boa m\u00fasica at\u00e9 os dias atuais.&#8221;<\/p>","protected":false},"excerpt":{"rendered":"<p>LP Original de \u00e9poca em perfeitas condi\u00e7\u00f5es de capa e m\u00eddia. CID \u00a014.025 &#8220;The album &#8216;Procura-se Uma Virgem&#8217;, released in 1971 by Orquestra St. Moritz and Erlon Chaves, is a landmark in Brazilian music. This album is the soundtrack for the movie of the same name and is known for its unique blend of engaging [&hellip;]<\/p>\n","protected":false},"featured_media":659,"comment_status":"open","ping_status":"closed","template":"","meta":{"_acf_changed":false},"product_brand":[],"product_cat":[34,515,39,45,406],"product_tag":[126,133,132],"artista":[134],"produtora":[74],"ano":[94],"class_list":{"0":"post-658","1":"product","2":"type-product","3":"status-publish","4":"has-post-thumbnail","6":"product_cat-funk","7":"product_cat-jazz-latin","8":"product_cat-mpb","9":"product_cat-raridades","10":"product_cat-trilha-sonora","11":"product_tag-afrobrasilidades","12":"product_tag-erlon-chaves","13":"product_tag-orquestra","14":"artista-erlon-chaves","15":"produtora-cid","16":"ano-94","18":"first","19":"instock","20":"featured","21":"sold-individually","22":"shipping-taxable","23":"purchasable","24":"product-type-simple"},"acf":[],"yoast_head":"<!-- This site is optimized with the Yoast SEO plugin v27.3 - https:\/\/yoast.com\/product\/yoast-seo-wordpress\/ -->\n<title>Orquestra St. Moritz, Erlon Chaves - Procura-se Uma Virgem - Black Hole Discos<\/title>\n<meta name=\"robots\" content=\"index, follow, max-snippet:-1, max-image-preview:large, max-video-preview:-1\" \/>\n<link rel=\"canonical\" href=\"https:\/\/blackholediscos.com\/en\/product\/orquestra-st-moritz-erlon-chaves-procura-se-uma-virgem\/\" \/>\n<meta property=\"og:locale\" content=\"en_US\" \/>\n<meta property=\"og:type\" content=\"article\" \/>\n<meta property=\"og:title\" content=\"Orquestra St. Moritz, Erlon Chaves - Procura-se Uma Virgem - Black Hole Discos\" \/>\n<meta property=\"og:description\" content=\"LP Original de \u00e9poca em perfeitas condi\u00e7\u00f5es de capa e m\u00eddia. CID \u00a014.025 &#8220;The album &#8216;Procura-se Uma Virgem&#8217;, released in 1971 by Orquestra St. Moritz and Erlon Chaves, is a landmark in Brazilian music. This album is the soundtrack for the movie of the same name and is known for its unique blend of engaging [&hellip;]\" \/>\n<meta property=\"og:url\" content=\"https:\/\/blackholediscos.com\/en\/product\/orquestra-st-moritz-erlon-chaves-procura-se-uma-virgem\/\" \/>\n<meta property=\"og:site_name\" content=\"Black Hole Discos\" \/>\n<meta property=\"article:publisher\" content=\"https:\/\/www.instagram.com\/blackholediscos\/\" \/>\n<meta property=\"article:modified_time\" content=\"2024-06-26T00:07:21+00:00\" \/>\n<meta property=\"og:image\" content=\"https:\/\/blackholediscos.com\/wp-content\/uploads\/2024\/06\/WhatsApp-Image-2024-06-21-at-15.44.26-scaled.jpeg\" \/>\n\t<meta property=\"og:image:width\" content=\"2560\" \/>\n\t<meta property=\"og:image:height\" content=\"2560\" \/>\n\t<meta property=\"og:image:type\" content=\"image\/jpeg\" \/>\n<meta name=\"twitter:card\" content=\"summary_large_image\" \/>\n<meta name=\"twitter:label1\" content=\"Est. reading time\" \/>\n\t<meta name=\"twitter:data1\" content=\"2 minutes\" \/>\n<script type=\"application\/ld+json\" class=\"yoast-schema-graph\">{\"@context\":\"https:\\\/\\\/schema.org\",\"@graph\":[{\"@type\":\"WebPage\",\"@id\":\"https:\\\/\\\/blackholediscos.com\\\/product\\\/orquestra-st-moritz-erlon-chaves-procura-se-uma-virgem\\\/\",\"url\":\"https:\\\/\\\/blackholediscos.com\\\/product\\\/orquestra-st-moritz-erlon-chaves-procura-se-uma-virgem\\\/\",\"name\":\"Orquestra St. Moritz, Erlon Chaves - Procura-se Uma Virgem - Black Hole Discos\",\"isPartOf\":{\"@id\":\"https:\\\/\\\/blackholediscos.com\\\/#website\"},\"primaryImageOfPage\":{\"@id\":\"https:\\\/\\\/blackholediscos.com\\\/product\\\/orquestra-st-moritz-erlon-chaves-procura-se-uma-virgem\\\/#primaryimage\"},\"image\":{\"@id\":\"https:\\\/\\\/blackholediscos.com\\\/product\\\/orquestra-st-moritz-erlon-chaves-procura-se-uma-virgem\\\/#primaryimage\"},\"thumbnailUrl\":\"https:\\\/\\\/blackholediscos.com\\\/wp-content\\\/uploads\\\/2024\\\/06\\\/WhatsApp-Image-2024-06-21-at-15.44.26-scaled.jpeg\",\"datePublished\":\"2024-06-21T18:56:42+00:00\",\"dateModified\":\"2024-06-26T00:07:21+00:00\",\"breadcrumb\":{\"@id\":\"https:\\\/\\\/blackholediscos.com\\\/product\\\/orquestra-st-moritz-erlon-chaves-procura-se-uma-virgem\\\/#breadcrumb\"},\"inLanguage\":\"en-US\",\"potentialAction\":[{\"@type\":\"ReadAction\",\"target\":[\"https:\\\/\\\/blackholediscos.com\\\/product\\\/orquestra-st-moritz-erlon-chaves-procura-se-uma-virgem\\\/\"]}]},{\"@type\":\"ImageObject\",\"inLanguage\":\"en-US\",\"@id\":\"https:\\\/\\\/blackholediscos.com\\\/product\\\/orquestra-st-moritz-erlon-chaves-procura-se-uma-virgem\\\/#primaryimage\",\"url\":\"https:\\\/\\\/blackholediscos.com\\\/wp-content\\\/uploads\\\/2024\\\/06\\\/WhatsApp-Image-2024-06-21-at-15.44.26-scaled.jpeg\",\"contentUrl\":\"https:\\\/\\\/blackholediscos.com\\\/wp-content\\\/uploads\\\/2024\\\/06\\\/WhatsApp-Image-2024-06-21-at-15.44.26-scaled.jpeg\",\"width\":2560,\"height\":2560},{\"@type\":\"BreadcrumbList\",\"@id\":\"https:\\\/\\\/blackholediscos.com\\\/product\\\/orquestra-st-moritz-erlon-chaves-procura-se-uma-virgem\\\/#breadcrumb\",\"itemListElement\":[{\"@type\":\"ListItem\",\"position\":1,\"name\":\"In\u00edcio\",\"item\":\"https:\\\/\\\/blackholediscos.com\\\/\"},{\"@type\":\"ListItem\",\"position\":2,\"name\":\"Shop\",\"item\":\"https:\\\/\\\/blackholediscos.com\\\/shop\\\/\"},{\"@type\":\"ListItem\",\"position\":3,\"name\":\"Orquestra St. Moritz, Erlon Chaves &#8211; Procura-se Uma Virgem\"}]},{\"@type\":\"WebSite\",\"@id\":\"https:\\\/\\\/blackholediscos.com\\\/#website\",\"url\":\"https:\\\/\\\/blackholediscos.com\\\/\",\"name\":\"Black Hole Discos\",\"description\":\"Brazilian music LPs\",\"publisher\":{\"@id\":\"https:\\\/\\\/blackholediscos.com\\\/#organization\"},\"potentialAction\":[{\"@type\":\"SearchAction\",\"target\":{\"@type\":\"EntryPoint\",\"urlTemplate\":\"https:\\\/\\\/blackholediscos.com\\\/?s={search_term_string}\"},\"query-input\":{\"@type\":\"PropertyValueSpecification\",\"valueRequired\":true,\"valueName\":\"search_term_string\"}}],\"inLanguage\":\"en-US\"},{\"@type\":\"Organization\",\"@id\":\"https:\\\/\\\/blackholediscos.com\\\/#organization\",\"name\":\"Black Hole Discos\",\"url\":\"https:\\\/\\\/blackholediscos.com\\\/\",\"logo\":{\"@type\":\"ImageObject\",\"inLanguage\":\"en-US\",\"@id\":\"https:\\\/\\\/blackholediscos.com\\\/#\\\/schema\\\/logo\\\/image\\\/\",\"url\":\"https:\\\/\\\/blackholediscos.com\\\/wp-content\\\/uploads\\\/2024\\\/06\\\/black-hole-discos-vinis-logo.png\",\"contentUrl\":\"https:\\\/\\\/blackholediscos.com\\\/wp-content\\\/uploads\\\/2024\\\/06\\\/black-hole-discos-vinis-logo.png\",\"width\":70,\"height\":66,\"caption\":\"Black Hole Discos\"},\"image\":{\"@id\":\"https:\\\/\\\/blackholediscos.com\\\/#\\\/schema\\\/logo\\\/image\\\/\"},\"sameAs\":[\"https:\\\/\\\/www.instagram.com\\\/blackholediscos\\\/\"]}]}<\/script>\n<!-- \/ Yoast SEO plugin. -->","yoast_head_json":{"title":"Orquestra St. Moritz, Erlon Chaves - Procura-se Uma Virgem - Black Hole Discos","robots":{"index":"index","follow":"follow","max-snippet":"max-snippet:-1","max-image-preview":"max-image-preview:large","max-video-preview":"max-video-preview:-1"},"canonical":"https:\/\/blackholediscos.com\/en\/product\/orquestra-st-moritz-erlon-chaves-procura-se-uma-virgem\/","og_locale":"en_US","og_type":"article","og_title":"Orquestra St. Moritz, Erlon Chaves - Procura-se Uma Virgem - Black Hole Discos","og_description":"LP Original de \u00e9poca em perfeitas condi\u00e7\u00f5es de capa e m\u00eddia. CID \u00a014.025 &#8220;The album &#8216;Procura-se Uma Virgem&#8217;, released in 1971 by Orquestra St. Moritz and Erlon Chaves, is a landmark in Brazilian music. This album is the soundtrack for the movie of the same name and is known for its unique blend of engaging [&hellip;]","og_url":"https:\/\/blackholediscos.com\/en\/product\/orquestra-st-moritz-erlon-chaves-procura-se-uma-virgem\/","og_site_name":"Black Hole Discos","article_publisher":"https:\/\/www.instagram.com\/blackholediscos\/","article_modified_time":"2024-06-26T00:07:21+00:00","og_image":[{"width":2560,"height":2560,"url":"https:\/\/blackholediscos.com\/wp-content\/uploads\/2024\/06\/WhatsApp-Image-2024-06-21-at-15.44.26-scaled.jpeg","type":"image\/jpeg"}],"twitter_card":"summary_large_image","twitter_misc":{"Est. reading time":"2 minutes"},"schema":{"@context":"https:\/\/schema.org","@graph":[{"@type":"WebPage","@id":"https:\/\/blackholediscos.com\/product\/orquestra-st-moritz-erlon-chaves-procura-se-uma-virgem\/","url":"https:\/\/blackholediscos.com\/product\/orquestra-st-moritz-erlon-chaves-procura-se-uma-virgem\/","name":"Orquestra St. Moritz, Erlon Chaves - Procura-se Uma Virgem - Black Hole Discos","isPartOf":{"@id":"https:\/\/blackholediscos.com\/#website"},"primaryImageOfPage":{"@id":"https:\/\/blackholediscos.com\/product\/orquestra-st-moritz-erlon-chaves-procura-se-uma-virgem\/#primaryimage"},"image":{"@id":"https:\/\/blackholediscos.com\/product\/orquestra-st-moritz-erlon-chaves-procura-se-uma-virgem\/#primaryimage"},"thumbnailUrl":"https:\/\/blackholediscos.com\/wp-content\/uploads\/2024\/06\/WhatsApp-Image-2024-06-21-at-15.44.26-scaled.jpeg","datePublished":"2024-06-21T18:56:42+00:00","dateModified":"2024-06-26T00:07:21+00:00","breadcrumb":{"@id":"https:\/\/blackholediscos.com\/product\/orquestra-st-moritz-erlon-chaves-procura-se-uma-virgem\/#breadcrumb"},"inLanguage":"en-US","potentialAction":[{"@type":"ReadAction","target":["https:\/\/blackholediscos.com\/product\/orquestra-st-moritz-erlon-chaves-procura-se-uma-virgem\/"]}]},{"@type":"ImageObject","inLanguage":"en-US","@id":"https:\/\/blackholediscos.com\/product\/orquestra-st-moritz-erlon-chaves-procura-se-uma-virgem\/#primaryimage","url":"https:\/\/blackholediscos.com\/wp-content\/uploads\/2024\/06\/WhatsApp-Image-2024-06-21-at-15.44.26-scaled.jpeg","contentUrl":"https:\/\/blackholediscos.com\/wp-content\/uploads\/2024\/06\/WhatsApp-Image-2024-06-21-at-15.44.26-scaled.jpeg","width":2560,"height":2560},{"@type":"BreadcrumbList","@id":"https:\/\/blackholediscos.com\/product\/orquestra-st-moritz-erlon-chaves-procura-se-uma-virgem\/#breadcrumb","itemListElement":[{"@type":"ListItem","position":1,"name":"In\u00edcio","item":"https:\/\/blackholediscos.com\/"},{"@type":"ListItem","position":2,"name":"Shop","item":"https:\/\/blackholediscos.com\/shop\/"},{"@type":"ListItem","position":3,"name":"Orquestra St. Moritz, Erlon Chaves &#8211; Procura-se Uma Virgem"}]},{"@type":"WebSite","@id":"https:\/\/blackholediscos.com\/#website","url":"https:\/\/blackholediscos.com\/","name":"Black Hole Discos","description":"Brazilian music LPs","publisher":{"@id":"https:\/\/blackholediscos.com\/#organization"},"potentialAction":[{"@type":"SearchAction","target":{"@type":"EntryPoint","urlTemplate":"https:\/\/blackholediscos.com\/?s={search_term_string}"},"query-input":{"@type":"PropertyValueSpecification","valueRequired":true,"valueName":"search_term_string"}}],"inLanguage":"en-US"},{"@type":"Organization","@id":"https:\/\/blackholediscos.com\/#organization","name":"Black Hole Discos","url":"https:\/\/blackholediscos.com\/","logo":{"@type":"ImageObject","inLanguage":"en-US","@id":"https:\/\/blackholediscos.com\/#\/schema\/logo\/image\/","url":"https:\/\/blackholediscos.com\/wp-content\/uploads\/2024\/06\/black-hole-discos-vinis-logo.png","contentUrl":"https:\/\/blackholediscos.com\/wp-content\/uploads\/2024\/06\/black-hole-discos-vinis-logo.png","width":70,"height":66,"caption":"Black Hole Discos"},"image":{"@id":"https:\/\/blackholediscos.com\/#\/schema\/logo\/image\/"},"sameAs":["https:\/\/www.instagram.com\/blackholediscos\/"]}]}},"_links":{"self":[{"href":"https:\/\/blackholediscos.com\/en\/wp-json\/wp\/v2\/product\/658","targetHints":{"allow":["GET"]}}],"collection":[{"href":"https:\/\/blackholediscos.com\/en\/wp-json\/wp\/v2\/product"}],"about":[{"href":"https:\/\/blackholediscos.com\/en\/wp-json\/wp\/v2\/types\/product"}],"replies":[{"embeddable":true,"href":"https:\/\/blackholediscos.com\/en\/wp-json\/wp\/v2\/comments?post=658"}],"wp:featuredmedia":[{"embeddable":true,"href":"https:\/\/blackholediscos.com\/en\/wp-json\/wp\/v2\/media\/659"}],"wp:attachment":[{"href":"https:\/\/blackholediscos.com\/en\/wp-json\/wp\/v2\/media?parent=658"}],"wp:term":[{"taxonomy":"product_brand","embeddable":true,"href":"https:\/\/blackholediscos.com\/en\/wp-json\/wp\/v2\/product_brand?post=658"},{"taxonomy":"product_cat","embeddable":true,"href":"https:\/\/blackholediscos.com\/en\/wp-json\/wp\/v2\/product_cat?post=658"},{"taxonomy":"product_tag","embeddable":true,"href":"https:\/\/blackholediscos.com\/en\/wp-json\/wp\/v2\/product_tag?post=658"},{"taxonomy":"artista","embeddable":true,"href":"https:\/\/blackholediscos.com\/en\/wp-json\/wp\/v2\/artista?post=658"},{"taxonomy":"produtora","embeddable":true,"href":"https:\/\/blackholediscos.com\/en\/wp-json\/wp\/v2\/produtora?post=658"},{"taxonomy":"ano","embeddable":true,"href":"https:\/\/blackholediscos.com\/en\/wp-json\/wp\/v2\/ano?post=658"}],"curies":[{"name":"wp","href":"https:\/\/api.w.org\/{rel}","templated":true}]}}