{"id":640,"date":"2024-06-21T17:38:15","date_gmt":"2024-06-21T17:38:15","guid":{"rendered":"https:\/\/blackholediscos.com\/?post_type=product&#038;p=640"},"modified":"2024-10-15T14:50:50","modified_gmt":"2024-10-15T14:50:50","slug":"novos-bahianos-baby-consuelo-no-final-do-juizo","status":"publish","type":"product","link":"https:\/\/blackholediscos.com\/en\/product\/novos-bahianos-baby-consuelo-no-final-do-juizo\/","title":{"rendered":"Novos Bahianos &#038; Baby Consuelo &#8211; No Final do Ju\u00edzo"},"content":{"rendered":"<p>Compacto original  de \u00e9poca em excelentes condi\u00e7\u00f5es de capa e m\u00eddia. <\/p>\n<p>Philips 6245 003<\/p>\n<p>&#8220;No Final Do Ju\u00edzo&#8221; is a double single released by Novos Baianos along with Baby Consuelo in 1972. This work is considered a milestone in Brazilian popular music, combining influences from rock, samba, and Brazilian popular music. The title track, &#8220;No Final Do Ju\u00edzo,&#8221; is an iconic song of the group, known for its poetic lyrics and innovative musical arrangements. The collaboration between Novos Baianos and Baby Consuelo resulted in a unique fusion of musical styles that enchanted the audience at the time and continues to be admired to this day. The production of the double single reflects the creativity and experimentation characteristic of these artists, who played an important role in the Brazilian music scene of the 1970s.<\/p>\n<p>No Final Do Ju\u00edzo&#8221; \u00e9 um compacto duplo lan\u00e7ado pelos Novos Baianos junto com Baby Consuelo em 1972. Este trabalho \u00e9 considerado um marco na m\u00fasica popular brasileira, combinando influ\u00eancias de rock, samba, e m\u00fasica popular brasileira. A faixa-t\u00edtulo, &#8220;No Final Do Ju\u00edzo&#8221;, \u00e9 uma m\u00fasica ic\u00f4nica do grupo, conhecida por suas letras po\u00e9ticas e arranjos musicais inovadores. A parceria entre os Novos Baianos e Baby Consuelo resultou em uma fus\u00e3o \u00fanica de estilos musicais que encantou o p\u00fablico da \u00e9poca e continua sendo admirada at\u00e9 hoje. A produ\u00e7\u00e3o do compacto duplo reflete a criatividade e a experimenta\u00e7\u00e3o caracter\u00edstica desses artistas, que desempenharam um papel importante na cena musical brasileira dos anos 70.<\/p>","protected":false},"excerpt":{"rendered":"<p>Compacto original de \u00e9poca em excelentes condi\u00e7\u00f5es de capa e m\u00eddia. Philips 6245 003 &#8220;No Final Do Ju\u00edzo&#8221; is a double single released by Novos Baianos along with Baby Consuelo in 1972. This work is considered a milestone in Brazilian popular music, combining influences from rock, samba, and Brazilian popular music. The title track, &#8220;No [&hellip;]<\/p>\n","protected":false},"featured_media":641,"comment_status":"open","ping_status":"closed","template":"","meta":{"_acf_changed":false},"product_brand":[],"product_cat":[110,39,48,35,173],"product_tag":[116,115,114],"artista":[118,117],"produtora":[119],"ano":[94],"class_list":{"0":"post-640","1":"product","2":"type-product","3":"status-publish","4":"has-post-thumbnail","6":"product_cat-compactos-7inch","7":"product_cat-mpb","8":"product_cat-psicodelia","9":"product_cat-rock","10":"product_cat-rock-alternativo","11":"product_tag-baby-consuelo","12":"product_tag-compacto","13":"product_tag-novos-baianos","14":"artista-baby-consuelo","15":"artista-novos-baianos","16":"produtora-philips","17":"ano-94","19":"first","20":"outofstock","21":"sold-individually","22":"shipping-taxable","23":"product-type-simple"},"acf":[],"yoast_head":"<!-- This site is optimized with the Yoast SEO plugin v27.6 - https:\/\/yoast.com\/product\/yoast-seo-wordpress\/ -->\n<title>Novos Bahianos &amp; Baby Consuelo - No Final do Ju\u00edzo - Black Hole Discos<\/title>\n<meta name=\"robots\" content=\"index, follow, max-snippet:-1, max-image-preview:large, max-video-preview:-1\" \/>\n<link rel=\"canonical\" href=\"https:\/\/blackholediscos.com\/en\/product\/novos-bahianos-baby-consuelo-no-final-do-juizo\/\" \/>\n<meta property=\"og:locale\" content=\"en_US\" \/>\n<meta property=\"og:type\" content=\"article\" \/>\n<meta property=\"og:title\" content=\"Novos Bahianos &amp; Baby Consuelo - No Final do Ju\u00edzo - Black Hole Discos\" \/>\n<meta property=\"og:description\" content=\"Compacto original de \u00e9poca em excelentes condi\u00e7\u00f5es de capa e m\u00eddia. Philips 6245 003 &#8220;No Final Do Ju\u00edzo&#8221; is a double single released by Novos Baianos along with Baby Consuelo in 1972. This work is considered a milestone in Brazilian popular music, combining influences from rock, samba, and Brazilian popular music. The title track, &#8220;No [&hellip;]\" \/>\n<meta property=\"og:url\" content=\"https:\/\/blackholediscos.com\/en\/product\/novos-bahianos-baby-consuelo-no-final-do-juizo\/\" \/>\n<meta property=\"og:site_name\" content=\"Black Hole Discos\" \/>\n<meta property=\"article:publisher\" content=\"https:\/\/www.instagram.com\/blackholediscos\/\" \/>\n<meta property=\"article:modified_time\" content=\"2024-10-15T14:50:50+00:00\" \/>\n<meta property=\"og:image\" content=\"https:\/\/blackholediscos.com\/wp-content\/uploads\/2024\/06\/WhatsApp-Image-2024-06-21-at-13.56.16-scaled.jpeg\" \/>\n\t<meta property=\"og:image:width\" content=\"2560\" \/>\n\t<meta property=\"og:image:height\" content=\"2560\" \/>\n\t<meta property=\"og:image:type\" content=\"image\/jpeg\" \/>\n<meta name=\"twitter:card\" content=\"summary_large_image\" \/>\n<meta name=\"twitter:label1\" content=\"Est. reading time\" \/>\n\t<meta name=\"twitter:data1\" content=\"2 minutes\" \/>\n<script type=\"application\/ld+json\" class=\"yoast-schema-graph\">{\"@context\":\"https:\\\/\\\/schema.org\",\"@graph\":[{\"@type\":\"WebPage\",\"@id\":\"https:\\\/\\\/blackholediscos.com\\\/product\\\/novos-bahianos-baby-consuelo-no-final-do-juizo\\\/\",\"url\":\"https:\\\/\\\/blackholediscos.com\\\/product\\\/novos-bahianos-baby-consuelo-no-final-do-juizo\\\/\",\"name\":\"Novos Bahianos & Baby Consuelo - No Final do Ju\u00edzo - Black Hole Discos\",\"isPartOf\":{\"@id\":\"https:\\\/\\\/blackholediscos.com\\\/#website\"},\"primaryImageOfPage\":{\"@id\":\"https:\\\/\\\/blackholediscos.com\\\/product\\\/novos-bahianos-baby-consuelo-no-final-do-juizo\\\/#primaryimage\"},\"image\":{\"@id\":\"https:\\\/\\\/blackholediscos.com\\\/product\\\/novos-bahianos-baby-consuelo-no-final-do-juizo\\\/#primaryimage\"},\"thumbnailUrl\":\"https:\\\/\\\/blackholediscos.com\\\/wp-content\\\/uploads\\\/2024\\\/06\\\/WhatsApp-Image-2024-06-21-at-13.56.16-scaled.jpeg\",\"datePublished\":\"2024-06-21T17:38:15+00:00\",\"dateModified\":\"2024-10-15T14:50:50+00:00\",\"breadcrumb\":{\"@id\":\"https:\\\/\\\/blackholediscos.com\\\/product\\\/novos-bahianos-baby-consuelo-no-final-do-juizo\\\/#breadcrumb\"},\"inLanguage\":\"en-US\",\"potentialAction\":[{\"@type\":\"ReadAction\",\"target\":[\"https:\\\/\\\/blackholediscos.com\\\/product\\\/novos-bahianos-baby-consuelo-no-final-do-juizo\\\/\"]}]},{\"@type\":\"ImageObject\",\"inLanguage\":\"en-US\",\"@id\":\"https:\\\/\\\/blackholediscos.com\\\/product\\\/novos-bahianos-baby-consuelo-no-final-do-juizo\\\/#primaryimage\",\"url\":\"https:\\\/\\\/blackholediscos.com\\\/wp-content\\\/uploads\\\/2024\\\/06\\\/WhatsApp-Image-2024-06-21-at-13.56.16-scaled.jpeg\",\"contentUrl\":\"https:\\\/\\\/blackholediscos.com\\\/wp-content\\\/uploads\\\/2024\\\/06\\\/WhatsApp-Image-2024-06-21-at-13.56.16-scaled.jpeg\",\"width\":2560,\"height\":2560},{\"@type\":\"BreadcrumbList\",\"@id\":\"https:\\\/\\\/blackholediscos.com\\\/product\\\/novos-bahianos-baby-consuelo-no-final-do-juizo\\\/#breadcrumb\",\"itemListElement\":[{\"@type\":\"ListItem\",\"position\":1,\"name\":\"In\u00edcio\",\"item\":\"https:\\\/\\\/blackholediscos.com\\\/\"},{\"@type\":\"ListItem\",\"position\":2,\"name\":\"Shop\",\"item\":\"https:\\\/\\\/blackholediscos.com\\\/shop\\\/\"},{\"@type\":\"ListItem\",\"position\":3,\"name\":\"Novos Bahianos &#038; Baby Consuelo &#8211; No Final do Ju\u00edzo\"}]},{\"@type\":\"WebSite\",\"@id\":\"https:\\\/\\\/blackholediscos.com\\\/#website\",\"url\":\"https:\\\/\\\/blackholediscos.com\\\/\",\"name\":\"Black Hole Discos\",\"description\":\"Brazilian music LPs\",\"publisher\":{\"@id\":\"https:\\\/\\\/blackholediscos.com\\\/#organization\"},\"potentialAction\":[{\"@type\":\"SearchAction\",\"target\":{\"@type\":\"EntryPoint\",\"urlTemplate\":\"https:\\\/\\\/blackholediscos.com\\\/?s={search_term_string}\"},\"query-input\":{\"@type\":\"PropertyValueSpecification\",\"valueRequired\":true,\"valueName\":\"search_term_string\"}}],\"inLanguage\":\"en-US\"},{\"@type\":\"Organization\",\"@id\":\"https:\\\/\\\/blackholediscos.com\\\/#organization\",\"name\":\"Black Hole Discos\",\"url\":\"https:\\\/\\\/blackholediscos.com\\\/\",\"logo\":{\"@type\":\"ImageObject\",\"inLanguage\":\"en-US\",\"@id\":\"https:\\\/\\\/blackholediscos.com\\\/#\\\/schema\\\/logo\\\/image\\\/\",\"url\":\"https:\\\/\\\/blackholediscos.com\\\/wp-content\\\/uploads\\\/2024\\\/06\\\/black-hole-discos-vinis-logo.png\",\"contentUrl\":\"https:\\\/\\\/blackholediscos.com\\\/wp-content\\\/uploads\\\/2024\\\/06\\\/black-hole-discos-vinis-logo.png\",\"width\":70,\"height\":66,\"caption\":\"Black Hole Discos\"},\"image\":{\"@id\":\"https:\\\/\\\/blackholediscos.com\\\/#\\\/schema\\\/logo\\\/image\\\/\"},\"sameAs\":[\"https:\\\/\\\/www.instagram.com\\\/blackholediscos\\\/\"]}]}<\/script>\n<!-- \/ Yoast SEO plugin. -->","yoast_head_json":{"title":"Novos Bahianos & Baby Consuelo - No Final do Ju\u00edzo - Black Hole Discos","robots":{"index":"index","follow":"follow","max-snippet":"max-snippet:-1","max-image-preview":"max-image-preview:large","max-video-preview":"max-video-preview:-1"},"canonical":"https:\/\/blackholediscos.com\/en\/product\/novos-bahianos-baby-consuelo-no-final-do-juizo\/","og_locale":"en_US","og_type":"article","og_title":"Novos Bahianos & Baby Consuelo - No Final do Ju\u00edzo - Black Hole Discos","og_description":"Compacto original de \u00e9poca em excelentes condi\u00e7\u00f5es de capa e m\u00eddia. Philips 6245 003 &#8220;No Final Do Ju\u00edzo&#8221; is a double single released by Novos Baianos along with Baby Consuelo in 1972. This work is considered a milestone in Brazilian popular music, combining influences from rock, samba, and Brazilian popular music. The title track, &#8220;No [&hellip;]","og_url":"https:\/\/blackholediscos.com\/en\/product\/novos-bahianos-baby-consuelo-no-final-do-juizo\/","og_site_name":"Black Hole Discos","article_publisher":"https:\/\/www.instagram.com\/blackholediscos\/","article_modified_time":"2024-10-15T14:50:50+00:00","og_image":[{"width":2560,"height":2560,"url":"https:\/\/blackholediscos.com\/wp-content\/uploads\/2024\/06\/WhatsApp-Image-2024-06-21-at-13.56.16-scaled.jpeg","type":"image\/jpeg"}],"twitter_card":"summary_large_image","twitter_misc":{"Est. reading time":"2 minutes"},"schema":{"@context":"https:\/\/schema.org","@graph":[{"@type":"WebPage","@id":"https:\/\/blackholediscos.com\/product\/novos-bahianos-baby-consuelo-no-final-do-juizo\/","url":"https:\/\/blackholediscos.com\/product\/novos-bahianos-baby-consuelo-no-final-do-juizo\/","name":"Novos Bahianos & Baby Consuelo - No Final do Ju\u00edzo - Black Hole Discos","isPartOf":{"@id":"https:\/\/blackholediscos.com\/#website"},"primaryImageOfPage":{"@id":"https:\/\/blackholediscos.com\/product\/novos-bahianos-baby-consuelo-no-final-do-juizo\/#primaryimage"},"image":{"@id":"https:\/\/blackholediscos.com\/product\/novos-bahianos-baby-consuelo-no-final-do-juizo\/#primaryimage"},"thumbnailUrl":"https:\/\/blackholediscos.com\/wp-content\/uploads\/2024\/06\/WhatsApp-Image-2024-06-21-at-13.56.16-scaled.jpeg","datePublished":"2024-06-21T17:38:15+00:00","dateModified":"2024-10-15T14:50:50+00:00","breadcrumb":{"@id":"https:\/\/blackholediscos.com\/product\/novos-bahianos-baby-consuelo-no-final-do-juizo\/#breadcrumb"},"inLanguage":"en-US","potentialAction":[{"@type":"ReadAction","target":["https:\/\/blackholediscos.com\/product\/novos-bahianos-baby-consuelo-no-final-do-juizo\/"]}]},{"@type":"ImageObject","inLanguage":"en-US","@id":"https:\/\/blackholediscos.com\/product\/novos-bahianos-baby-consuelo-no-final-do-juizo\/#primaryimage","url":"https:\/\/blackholediscos.com\/wp-content\/uploads\/2024\/06\/WhatsApp-Image-2024-06-21-at-13.56.16-scaled.jpeg","contentUrl":"https:\/\/blackholediscos.com\/wp-content\/uploads\/2024\/06\/WhatsApp-Image-2024-06-21-at-13.56.16-scaled.jpeg","width":2560,"height":2560},{"@type":"BreadcrumbList","@id":"https:\/\/blackholediscos.com\/product\/novos-bahianos-baby-consuelo-no-final-do-juizo\/#breadcrumb","itemListElement":[{"@type":"ListItem","position":1,"name":"In\u00edcio","item":"https:\/\/blackholediscos.com\/"},{"@type":"ListItem","position":2,"name":"Shop","item":"https:\/\/blackholediscos.com\/shop\/"},{"@type":"ListItem","position":3,"name":"Novos Bahianos &#038; Baby Consuelo &#8211; No Final do Ju\u00edzo"}]},{"@type":"WebSite","@id":"https:\/\/blackholediscos.com\/#website","url":"https:\/\/blackholediscos.com\/","name":"Black Hole Discos","description":"Brazilian music LPs","publisher":{"@id":"https:\/\/blackholediscos.com\/#organization"},"potentialAction":[{"@type":"SearchAction","target":{"@type":"EntryPoint","urlTemplate":"https:\/\/blackholediscos.com\/?s={search_term_string}"},"query-input":{"@type":"PropertyValueSpecification","valueRequired":true,"valueName":"search_term_string"}}],"inLanguage":"en-US"},{"@type":"Organization","@id":"https:\/\/blackholediscos.com\/#organization","name":"Black Hole Discos","url":"https:\/\/blackholediscos.com\/","logo":{"@type":"ImageObject","inLanguage":"en-US","@id":"https:\/\/blackholediscos.com\/#\/schema\/logo\/image\/","url":"https:\/\/blackholediscos.com\/wp-content\/uploads\/2024\/06\/black-hole-discos-vinis-logo.png","contentUrl":"https:\/\/blackholediscos.com\/wp-content\/uploads\/2024\/06\/black-hole-discos-vinis-logo.png","width":70,"height":66,"caption":"Black Hole Discos"},"image":{"@id":"https:\/\/blackholediscos.com\/#\/schema\/logo\/image\/"},"sameAs":["https:\/\/www.instagram.com\/blackholediscos\/"]}]}},"_links":{"self":[{"href":"https:\/\/blackholediscos.com\/en\/wp-json\/wp\/v2\/product\/640","targetHints":{"allow":["GET"]}}],"collection":[{"href":"https:\/\/blackholediscos.com\/en\/wp-json\/wp\/v2\/product"}],"about":[{"href":"https:\/\/blackholediscos.com\/en\/wp-json\/wp\/v2\/types\/product"}],"replies":[{"embeddable":true,"href":"https:\/\/blackholediscos.com\/en\/wp-json\/wp\/v2\/comments?post=640"}],"wp:featuredmedia":[{"embeddable":true,"href":"https:\/\/blackholediscos.com\/en\/wp-json\/wp\/v2\/media\/641"}],"wp:attachment":[{"href":"https:\/\/blackholediscos.com\/en\/wp-json\/wp\/v2\/media?parent=640"}],"wp:term":[{"taxonomy":"product_brand","embeddable":true,"href":"https:\/\/blackholediscos.com\/en\/wp-json\/wp\/v2\/product_brand?post=640"},{"taxonomy":"product_cat","embeddable":true,"href":"https:\/\/blackholediscos.com\/en\/wp-json\/wp\/v2\/product_cat?post=640"},{"taxonomy":"product_tag","embeddable":true,"href":"https:\/\/blackholediscos.com\/en\/wp-json\/wp\/v2\/product_tag?post=640"},{"taxonomy":"artista","embeddable":true,"href":"https:\/\/blackholediscos.com\/en\/wp-json\/wp\/v2\/artista?post=640"},{"taxonomy":"produtora","embeddable":true,"href":"https:\/\/blackholediscos.com\/en\/wp-json\/wp\/v2\/produtora?post=640"},{"taxonomy":"ano","embeddable":true,"href":"https:\/\/blackholediscos.com\/en\/wp-json\/wp\/v2\/ano?post=640"}],"curies":[{"name":"wp","href":"https:\/\/api.w.org\/{rel}","templated":true}]}}