{"id":635,"date":"2024-06-21T16:52:29","date_gmt":"2024-06-21T16:52:29","guid":{"rendered":"https:\/\/blackholediscos.com\/?post_type=product&#038;p=635"},"modified":"2024-06-25T23:52:01","modified_gmt":"2024-06-25T23:52:01","slug":"fabio-lindo-sonho-delirante-o-reloginho","status":"publish","type":"product","link":"https:\/\/blackholediscos.com\/en\/product\/fabio-lindo-sonho-delirante-o-reloginho\/","title":{"rendered":"F\u00e1bio &#8211; Lindo Sonho Delirante \/ O Reloginho"},"content":{"rendered":"<p>Compacto Original de \u00e9poca em perfeitas condi\u00e7\u00f5es de capa e m\u00eddia. <\/p>\n<p><strong>RCA Victor LC 6412<\/p>\n<p>F\u00e1bio was an iconic Brazilian artist, known for his contribution to the Tropic\u00e1lia movement and for blending various musical styles in his work. In 1968, he released the double EP &#8220;Lindo Sonho Delirante,&#8221; which became a landmark in the history of Brazilian music.<\/p>\n<p>The influence of psychedelic music and LSD can be observed in his compositions from this period, often exploring surreal themes, experimental sounds, and lyrics filled with vivid imagery. F\u00e1bio was one of the artists who saw in psychedelia a way to express his creativity and challenge the musical conventions of the time.<\/p>\n<p>Furthermore, F\u00e1bio had a close friendship with the legendary Tim Maia, another major figure in Brazilian music. Both shared not only a passion for music but also a bold and innovative vision of the music scene of the time.<\/p>\n<p>&#8220;Lindo Sonho Delirante&#8221; not only reflects F\u00e1bio&#8217;s genius as an artist but also his ability to transcend boundaries and create a timeless work that continues to enchant listeners to this day.<\/p>\n<p>F\u00e1bio (Paraguai 1946) foi um artista ic\u00f4nico da m\u00fasica brasileira, conhecido por sua contribui\u00e7\u00e3o ao movimento da Tropic\u00e1lia e pela fus\u00e3o de diversos estilos musicais em sua obra. Em 1968, ele lan\u00e7ou o compacto duplo &#8220;Lindo Sonho Delirante&#8221;, que se tornou um marco na hist\u00f3ria da m\u00fasica nacional.<\/p>\n<p>A influ\u00eancia da m\u00fasica psicod\u00e9lica e do LSD pode ser notada em suas composi\u00e7\u00f5es desse per\u00edodo, que muitas vezes exploravam temas surreais, sonoridades experimentais e letras repletas de imagens v\u00edvidas. F\u00e1bio foi um dos artistas que encontrou na psicodelia uma forma de expressar sua criatividade e de desafiar as conven\u00e7\u00f5es musicais da \u00e9poca.<\/p>\n<p>Al\u00e9m disso, F\u00e1bio cultivou uma amizade pr\u00f3xima com o lend\u00e1rio Tim Maia, outro grande nome da m\u00fasica brasileira. Os dois compartilhavam n\u00e3o apenas a paix\u00e3o pela m\u00fasica, mas tamb\u00e9m uma vis\u00e3o ousada e inovadora do cen\u00e1rio musical da \u00e9poca.<\/p>\n<p>&#8220;Lindo Sonho Delirante&#8221; n\u00e3o apenas reflete a genialidade de F\u00e1bio como artista, mas tamb\u00e9m sua capacidade de transcender fronteiras e criar uma obra atemporal que continua a encantar os ouvintes at\u00e9 os dias de hoje.<\/p>","protected":false},"excerpt":{"rendered":"<p>Compacto Original de \u00e9poca em perfeitas condi\u00e7\u00f5es de capa e m\u00eddia. RCA Victor LC 6412 F\u00e1bio was an iconic Brazilian artist, known for his contribution to the Tropic\u00e1lia movement and for blending various musical styles in his work. In 1968, he released the double EP &#8220;Lindo Sonho Delirante,&#8221; which became a landmark in the history [&hellip;]<\/p>\n","protected":false},"featured_media":636,"comment_status":"open","ping_status":"closed","template":"","meta":{"_acf_changed":false},"product_brand":[],"product_cat":[110,513,39,48,35,173],"product_tag":[76,111,50,49,112],"artista":[113],"produtora":[62],"ano":[109],"class_list":{"0":"post-635","1":"product","2":"type-product","3":"status-publish","4":"has-post-thumbnail","6":"product_cat-compactos-7inch","7":"product_cat-experimental","8":"product_cat-mpb","9":"product_cat-psicodelia","10":"product_cat-rock","11":"product_cat-rock-alternativo","12":"product_tag-brazilian-rare-press","13":"product_tag-fabio","14":"product_tag-psicodelia","15":"product_tag-rock","16":"product_tag-tim-maia","17":"artista-fabio","18":"produtora-rca","19":"ano-109","21":"first","22":"instock","23":"featured","24":"sold-individually","25":"shipping-taxable","26":"purchasable","27":"product-type-simple"},"acf":[],"yoast_head":"<!-- This site is optimized with the Yoast SEO plugin v27.3 - https:\/\/yoast.com\/product\/yoast-seo-wordpress\/ -->\n<title>F\u00e1bio - Lindo Sonho Delirante \/ O Reloginho - Black Hole Discos<\/title>\n<meta name=\"robots\" content=\"index, follow, max-snippet:-1, max-image-preview:large, max-video-preview:-1\" \/>\n<link rel=\"canonical\" href=\"https:\/\/blackholediscos.com\/en\/product\/fabio-lindo-sonho-delirante-o-reloginho\/\" \/>\n<meta property=\"og:locale\" content=\"en_US\" \/>\n<meta property=\"og:type\" content=\"article\" \/>\n<meta property=\"og:title\" content=\"F\u00e1bio - Lindo Sonho Delirante \/ O Reloginho - Black Hole Discos\" \/>\n<meta property=\"og:description\" content=\"Compacto Original de \u00e9poca em perfeitas condi\u00e7\u00f5es de capa e m\u00eddia. RCA Victor LC 6412 F\u00e1bio was an iconic Brazilian artist, known for his contribution to the Tropic\u00e1lia movement and for blending various musical styles in his work. In 1968, he released the double EP &#8220;Lindo Sonho Delirante,&#8221; which became a landmark in the history [&hellip;]\" \/>\n<meta property=\"og:url\" content=\"https:\/\/blackholediscos.com\/en\/product\/fabio-lindo-sonho-delirante-o-reloginho\/\" \/>\n<meta property=\"og:site_name\" content=\"Black Hole Discos\" \/>\n<meta property=\"article:publisher\" content=\"https:\/\/www.instagram.com\/blackholediscos\/\" \/>\n<meta property=\"article:modified_time\" content=\"2024-06-25T23:52:01+00:00\" \/>\n<meta property=\"og:image\" content=\"https:\/\/blackholediscos.com\/wp-content\/uploads\/2024\/06\/WhatsApp-Image-2024-06-21-at-13.36.39-scaled.jpeg\" \/>\n\t<meta property=\"og:image:width\" content=\"2560\" \/>\n\t<meta property=\"og:image:height\" content=\"2560\" \/>\n\t<meta property=\"og:image:type\" content=\"image\/jpeg\" \/>\n<meta name=\"twitter:card\" content=\"summary_large_image\" \/>\n<meta name=\"twitter:label1\" content=\"Est. reading time\" \/>\n\t<meta name=\"twitter:data1\" content=\"3 minutes\" \/>\n<script type=\"application\/ld+json\" class=\"yoast-schema-graph\">{\"@context\":\"https:\\\/\\\/schema.org\",\"@graph\":[{\"@type\":\"WebPage\",\"@id\":\"https:\\\/\\\/blackholediscos.com\\\/product\\\/fabio-lindo-sonho-delirante-o-reloginho\\\/\",\"url\":\"https:\\\/\\\/blackholediscos.com\\\/product\\\/fabio-lindo-sonho-delirante-o-reloginho\\\/\",\"name\":\"F\u00e1bio - Lindo Sonho Delirante \\\/ O Reloginho - Black Hole Discos\",\"isPartOf\":{\"@id\":\"https:\\\/\\\/blackholediscos.com\\\/#website\"},\"primaryImageOfPage\":{\"@id\":\"https:\\\/\\\/blackholediscos.com\\\/product\\\/fabio-lindo-sonho-delirante-o-reloginho\\\/#primaryimage\"},\"image\":{\"@id\":\"https:\\\/\\\/blackholediscos.com\\\/product\\\/fabio-lindo-sonho-delirante-o-reloginho\\\/#primaryimage\"},\"thumbnailUrl\":\"https:\\\/\\\/blackholediscos.com\\\/wp-content\\\/uploads\\\/2024\\\/06\\\/WhatsApp-Image-2024-06-21-at-13.36.39-scaled.jpeg\",\"datePublished\":\"2024-06-21T16:52:29+00:00\",\"dateModified\":\"2024-06-25T23:52:01+00:00\",\"breadcrumb\":{\"@id\":\"https:\\\/\\\/blackholediscos.com\\\/product\\\/fabio-lindo-sonho-delirante-o-reloginho\\\/#breadcrumb\"},\"inLanguage\":\"en-US\",\"potentialAction\":[{\"@type\":\"ReadAction\",\"target\":[\"https:\\\/\\\/blackholediscos.com\\\/product\\\/fabio-lindo-sonho-delirante-o-reloginho\\\/\"]}]},{\"@type\":\"ImageObject\",\"inLanguage\":\"en-US\",\"@id\":\"https:\\\/\\\/blackholediscos.com\\\/product\\\/fabio-lindo-sonho-delirante-o-reloginho\\\/#primaryimage\",\"url\":\"https:\\\/\\\/blackholediscos.com\\\/wp-content\\\/uploads\\\/2024\\\/06\\\/WhatsApp-Image-2024-06-21-at-13.36.39-scaled.jpeg\",\"contentUrl\":\"https:\\\/\\\/blackholediscos.com\\\/wp-content\\\/uploads\\\/2024\\\/06\\\/WhatsApp-Image-2024-06-21-at-13.36.39-scaled.jpeg\",\"width\":2560,\"height\":2560},{\"@type\":\"BreadcrumbList\",\"@id\":\"https:\\\/\\\/blackholediscos.com\\\/product\\\/fabio-lindo-sonho-delirante-o-reloginho\\\/#breadcrumb\",\"itemListElement\":[{\"@type\":\"ListItem\",\"position\":1,\"name\":\"In\u00edcio\",\"item\":\"https:\\\/\\\/blackholediscos.com\\\/\"},{\"@type\":\"ListItem\",\"position\":2,\"name\":\"Shop\",\"item\":\"https:\\\/\\\/blackholediscos.com\\\/shop\\\/\"},{\"@type\":\"ListItem\",\"position\":3,\"name\":\"F\u00e1bio &#8211; Lindo Sonho Delirante \\\/ O Reloginho\"}]},{\"@type\":\"WebSite\",\"@id\":\"https:\\\/\\\/blackholediscos.com\\\/#website\",\"url\":\"https:\\\/\\\/blackholediscos.com\\\/\",\"name\":\"Black Hole Discos\",\"description\":\"Brazilian music LPs\",\"publisher\":{\"@id\":\"https:\\\/\\\/blackholediscos.com\\\/#organization\"},\"potentialAction\":[{\"@type\":\"SearchAction\",\"target\":{\"@type\":\"EntryPoint\",\"urlTemplate\":\"https:\\\/\\\/blackholediscos.com\\\/?s={search_term_string}\"},\"query-input\":{\"@type\":\"PropertyValueSpecification\",\"valueRequired\":true,\"valueName\":\"search_term_string\"}}],\"inLanguage\":\"en-US\"},{\"@type\":\"Organization\",\"@id\":\"https:\\\/\\\/blackholediscos.com\\\/#organization\",\"name\":\"Black Hole Discos\",\"url\":\"https:\\\/\\\/blackholediscos.com\\\/\",\"logo\":{\"@type\":\"ImageObject\",\"inLanguage\":\"en-US\",\"@id\":\"https:\\\/\\\/blackholediscos.com\\\/#\\\/schema\\\/logo\\\/image\\\/\",\"url\":\"https:\\\/\\\/blackholediscos.com\\\/wp-content\\\/uploads\\\/2024\\\/06\\\/black-hole-discos-vinis-logo.png\",\"contentUrl\":\"https:\\\/\\\/blackholediscos.com\\\/wp-content\\\/uploads\\\/2024\\\/06\\\/black-hole-discos-vinis-logo.png\",\"width\":70,\"height\":66,\"caption\":\"Black Hole Discos\"},\"image\":{\"@id\":\"https:\\\/\\\/blackholediscos.com\\\/#\\\/schema\\\/logo\\\/image\\\/\"},\"sameAs\":[\"https:\\\/\\\/www.instagram.com\\\/blackholediscos\\\/\"]}]}<\/script>\n<!-- \/ Yoast SEO plugin. -->","yoast_head_json":{"title":"F\u00e1bio - Lindo Sonho Delirante \/ O Reloginho - Black Hole Discos","robots":{"index":"index","follow":"follow","max-snippet":"max-snippet:-1","max-image-preview":"max-image-preview:large","max-video-preview":"max-video-preview:-1"},"canonical":"https:\/\/blackholediscos.com\/en\/product\/fabio-lindo-sonho-delirante-o-reloginho\/","og_locale":"en_US","og_type":"article","og_title":"F\u00e1bio - Lindo Sonho Delirante \/ O Reloginho - Black Hole Discos","og_description":"Compacto Original de \u00e9poca em perfeitas condi\u00e7\u00f5es de capa e m\u00eddia. RCA Victor LC 6412 F\u00e1bio was an iconic Brazilian artist, known for his contribution to the Tropic\u00e1lia movement and for blending various musical styles in his work. In 1968, he released the double EP &#8220;Lindo Sonho Delirante,&#8221; which became a landmark in the history [&hellip;]","og_url":"https:\/\/blackholediscos.com\/en\/product\/fabio-lindo-sonho-delirante-o-reloginho\/","og_site_name":"Black Hole Discos","article_publisher":"https:\/\/www.instagram.com\/blackholediscos\/","article_modified_time":"2024-06-25T23:52:01+00:00","og_image":[{"width":2560,"height":2560,"url":"https:\/\/blackholediscos.com\/wp-content\/uploads\/2024\/06\/WhatsApp-Image-2024-06-21-at-13.36.39-scaled.jpeg","type":"image\/jpeg"}],"twitter_card":"summary_large_image","twitter_misc":{"Est. reading time":"3 minutes"},"schema":{"@context":"https:\/\/schema.org","@graph":[{"@type":"WebPage","@id":"https:\/\/blackholediscos.com\/product\/fabio-lindo-sonho-delirante-o-reloginho\/","url":"https:\/\/blackholediscos.com\/product\/fabio-lindo-sonho-delirante-o-reloginho\/","name":"F\u00e1bio - Lindo Sonho Delirante \/ O Reloginho - Black Hole Discos","isPartOf":{"@id":"https:\/\/blackholediscos.com\/#website"},"primaryImageOfPage":{"@id":"https:\/\/blackholediscos.com\/product\/fabio-lindo-sonho-delirante-o-reloginho\/#primaryimage"},"image":{"@id":"https:\/\/blackholediscos.com\/product\/fabio-lindo-sonho-delirante-o-reloginho\/#primaryimage"},"thumbnailUrl":"https:\/\/blackholediscos.com\/wp-content\/uploads\/2024\/06\/WhatsApp-Image-2024-06-21-at-13.36.39-scaled.jpeg","datePublished":"2024-06-21T16:52:29+00:00","dateModified":"2024-06-25T23:52:01+00:00","breadcrumb":{"@id":"https:\/\/blackholediscos.com\/product\/fabio-lindo-sonho-delirante-o-reloginho\/#breadcrumb"},"inLanguage":"en-US","potentialAction":[{"@type":"ReadAction","target":["https:\/\/blackholediscos.com\/product\/fabio-lindo-sonho-delirante-o-reloginho\/"]}]},{"@type":"ImageObject","inLanguage":"en-US","@id":"https:\/\/blackholediscos.com\/product\/fabio-lindo-sonho-delirante-o-reloginho\/#primaryimage","url":"https:\/\/blackholediscos.com\/wp-content\/uploads\/2024\/06\/WhatsApp-Image-2024-06-21-at-13.36.39-scaled.jpeg","contentUrl":"https:\/\/blackholediscos.com\/wp-content\/uploads\/2024\/06\/WhatsApp-Image-2024-06-21-at-13.36.39-scaled.jpeg","width":2560,"height":2560},{"@type":"BreadcrumbList","@id":"https:\/\/blackholediscos.com\/product\/fabio-lindo-sonho-delirante-o-reloginho\/#breadcrumb","itemListElement":[{"@type":"ListItem","position":1,"name":"In\u00edcio","item":"https:\/\/blackholediscos.com\/"},{"@type":"ListItem","position":2,"name":"Shop","item":"https:\/\/blackholediscos.com\/shop\/"},{"@type":"ListItem","position":3,"name":"F\u00e1bio &#8211; Lindo Sonho Delirante \/ O Reloginho"}]},{"@type":"WebSite","@id":"https:\/\/blackholediscos.com\/#website","url":"https:\/\/blackholediscos.com\/","name":"Black Hole Discos","description":"Brazilian music LPs","publisher":{"@id":"https:\/\/blackholediscos.com\/#organization"},"potentialAction":[{"@type":"SearchAction","target":{"@type":"EntryPoint","urlTemplate":"https:\/\/blackholediscos.com\/?s={search_term_string}"},"query-input":{"@type":"PropertyValueSpecification","valueRequired":true,"valueName":"search_term_string"}}],"inLanguage":"en-US"},{"@type":"Organization","@id":"https:\/\/blackholediscos.com\/#organization","name":"Black Hole Discos","url":"https:\/\/blackholediscos.com\/","logo":{"@type":"ImageObject","inLanguage":"en-US","@id":"https:\/\/blackholediscos.com\/#\/schema\/logo\/image\/","url":"https:\/\/blackholediscos.com\/wp-content\/uploads\/2024\/06\/black-hole-discos-vinis-logo.png","contentUrl":"https:\/\/blackholediscos.com\/wp-content\/uploads\/2024\/06\/black-hole-discos-vinis-logo.png","width":70,"height":66,"caption":"Black Hole Discos"},"image":{"@id":"https:\/\/blackholediscos.com\/#\/schema\/logo\/image\/"},"sameAs":["https:\/\/www.instagram.com\/blackholediscos\/"]}]}},"_links":{"self":[{"href":"https:\/\/blackholediscos.com\/en\/wp-json\/wp\/v2\/product\/635","targetHints":{"allow":["GET"]}}],"collection":[{"href":"https:\/\/blackholediscos.com\/en\/wp-json\/wp\/v2\/product"}],"about":[{"href":"https:\/\/blackholediscos.com\/en\/wp-json\/wp\/v2\/types\/product"}],"replies":[{"embeddable":true,"href":"https:\/\/blackholediscos.com\/en\/wp-json\/wp\/v2\/comments?post=635"}],"wp:featuredmedia":[{"embeddable":true,"href":"https:\/\/blackholediscos.com\/en\/wp-json\/wp\/v2\/media\/636"}],"wp:attachment":[{"href":"https:\/\/blackholediscos.com\/en\/wp-json\/wp\/v2\/media?parent=635"}],"wp:term":[{"taxonomy":"product_brand","embeddable":true,"href":"https:\/\/blackholediscos.com\/en\/wp-json\/wp\/v2\/product_brand?post=635"},{"taxonomy":"product_cat","embeddable":true,"href":"https:\/\/blackholediscos.com\/en\/wp-json\/wp\/v2\/product_cat?post=635"},{"taxonomy":"product_tag","embeddable":true,"href":"https:\/\/blackholediscos.com\/en\/wp-json\/wp\/v2\/product_tag?post=635"},{"taxonomy":"artista","embeddable":true,"href":"https:\/\/blackholediscos.com\/en\/wp-json\/wp\/v2\/artista?post=635"},{"taxonomy":"produtora","embeddable":true,"href":"https:\/\/blackholediscos.com\/en\/wp-json\/wp\/v2\/produtora?post=635"},{"taxonomy":"ano","embeddable":true,"href":"https:\/\/blackholediscos.com\/en\/wp-json\/wp\/v2\/ano?post=635"}],"curies":[{"name":"wp","href":"https:\/\/api.w.org\/{rel}","templated":true}]}}