{"id":613,"date":"2024-06-21T15:31:59","date_gmt":"2024-06-21T15:31:59","guid":{"rendered":"https:\/\/blackholediscos.com\/?post_type=product&#038;p=613"},"modified":"2024-07-13T13:30:53","modified_gmt":"2024-07-13T13:30:53","slug":"lula-cortes-laisson-de-holanda-satwa","status":"publish","type":"product","link":"https:\/\/blackholediscos.com\/en\/product\/lula-cortes-laisson-de-holanda-satwa\/","title":{"rendered":"Lula C\u00f4rtes &#038; Laisson de Holanda &#8211; Satwa"},"content":{"rendered":"<p>LP Original de \u00e9poca em perfeitas condi\u00e7\u00f5es de m\u00eddia. Capa vg+<\/p>\n<p>Lula C\u00f4rtes &#8211; Satwa, Rozenblit \u2013 LPP-005<\/p>\n<p>Lula C\u00f4rtes, one of the most striking names in Brazilian music, stood out not only for his musical ability but also for his poetry, paintings, and the influence and avant-garde he created. Born in Pernambuco, Lula forged a unique and authentic path in the Brazilian artistic scene.<\/p>\n<p>One of the highlights of his career was the release of his first album alongside his friend Lailson de Holanda, titled &#8220;Satwa,&#8221; a work that stands out to this day not only for its musical quality but also for its singular history. Released in 1973, the album became one of the first independent recordings in Brazil, produced at the Rozenblit studio and record label, pioneering new paths in the country&#8217;s music industry.<\/p>\n<p>The album &#8220;Satwa&#8221; is full of curiosities and sonic experiments that showcase the brilliance of Lula C\u00f4rtes and Lailson. With influences ranging from psychedelic folk to regional rhythms of Northeastern Brazil, the work stands out for its fusion of innovative elements and the boldness to explore new sounds.<\/p>\n<p>When listening to &#8220;Satwa,&#8221; we are transported to a unique musical universe where the creativity and audacity of Lula C\u00f4rtes are intensely manifested. The album not only made its mark in its time but also opened doors for a generation of independent and visionary artists who sought to challenge the conventions of the music market.<\/p>\n<p>Lula C\u00f4rtes and his album &#8220;Satwa&#8221; are legacies of a time of creative effervescence and artistic audacity, continuing to inspire and enchant listeners of all generations. His contribution to Brazilian music is undeniable, and his work remains a landmark not only in independent music but also in Brazilian culture as a whole.<\/p>\n<p>Lula C\u00f4rtes, um dos nomes mais marcantes da m\u00fasica brasileira, destacou-se n\u00e3o apenas por sua habilidade musical, mas tamb\u00e9m por sua poesia, pinturas e pela influ\u00eancia e vanguardismo que exerceu. Nascido em Pernambuco, Lula trilhou um caminho \u00fanico e aut\u00eantico no cen\u00e1rio art\u00edstico brasileiro.<\/p>\n<p>Um dos pontos altos de sua carreira foi o lan\u00e7amento de seu primeiro disco ao lado de seu amigo Lailson de Holanda, intitulado &#8220;Satwa&#8221;, uma obra que se destaca at\u00e9 hoje n\u00e3o apenas pela qualidade musical, mas tamb\u00e9m por sua hist\u00f3ria singular. Lan\u00e7ado em 1973, o \u00e1lbum tornou-se uma das primeiras grava\u00e7\u00f5es independentes do Brasil, realizado no est\u00fadio e gravadora Rozenblit, desbravando novos caminhos na ind\u00fastria musical do pa\u00eds.<\/p>\n<p>O disco &#8220;Satwa&#8221; \u00e9 repleto de curiosidades e experimenta\u00e7\u00f5es sonoras que evidenciam a genialidade de Lula C\u00f4rtes e Lailson. Com influ\u00eancias que v\u00e3o desde o folk psicod\u00e9lico at\u00e9 os ritmos regionais do Nordeste brasileiro, a obra destaca-se pela fus\u00e3o de elementos inovadores e pela ousadia em explorar novas sonoridades.<\/p>\n<p>Ao ouvir &#8220;Satwa&#8221;, somos transportados para um universo musical \u00fanico, onde a criatividade e a ousadia de Lula C\u00f4rtes se manifestam de forma intensa. O disco n\u00e3o s\u00f3 marcou \u00e9poca, mas tamb\u00e9m abriu portas para uma gera\u00e7\u00e3o de artistas independentes e vision\u00e1rios que buscavam desafiar as conven\u00e7\u00f5es do mercado musical.<\/p>\n<p>Lula C\u00f4rtes e seu disco &#8220;Satwa&#8221; s\u00e3o legados de uma era de efervesc\u00eancia criativa e ousadia art\u00edstica, continuando a inspirar e encantar ouvintes de todas as gera\u00e7\u00f5es. Sua contribui\u00e7\u00e3o para a m\u00fasica brasileira \u00e9 ineg\u00e1vel, e sua obra permanece como um marco n\u00e3o apenas da m\u00fasica independente, mas tamb\u00e9m da cultura brasileira como um todo.<\/p>\n<p>&nbsp;<\/p>\n<p>&nbsp;<\/p>","protected":false},"excerpt":{"rendered":"<p>LP Original de \u00e9poca em perfeitas condi\u00e7\u00f5es de m\u00eddia. Capa vg+ Lula C\u00f4rtes &#8211; Satwa, Rozenblit \u2013 LPP-005 Lula C\u00f4rtes, one of the most striking names in Brazilian music, stood out not only for his musical ability but also for his poetry, paintings, and the influence and avant-garde he created. Born in Pernambuco, Lula forged [&hellip;]<\/p>\n","protected":false},"featured_media":614,"comment_status":"open","ping_status":"closed","template":"","meta":{"_acf_changed":false},"product_brand":[],"product_cat":[703,513,39,48,45,35,882],"product_tag":[97,96,95],"artista":[99,98],"produtora":[100],"ano":[58],"class_list":{"0":"post-613","1":"product","2":"type-product","3":"status-publish","4":"has-post-thumbnail","6":"product_cat-blues","7":"product_cat-experimental","8":"product_cat-mpb","9":"product_cat-psicodelia","10":"product_cat-raridades","11":"product_cat-rock","12":"product_cat-udigrudi","13":"product_tag-laisson-de-holanda","14":"product_tag-lula-cortes","15":"product_tag-satwa","16":"artista-laisson-de-holanda","17":"artista-lula-cortes","18":"produtora-rozenblit","19":"ano-58","21":"first","22":"instock","23":"sold-individually","24":"shipping-taxable","25":"purchasable","26":"product-type-simple"},"acf":[],"yoast_head":"<!-- This site is optimized with the Yoast SEO plugin v27.5 - https:\/\/yoast.com\/product\/yoast-seo-wordpress\/ -->\n<title>Lula C\u00f4rtes &amp; Laisson de Holanda - Satwa - Black Hole Discos<\/title>\n<meta name=\"robots\" content=\"index, follow, max-snippet:-1, max-image-preview:large, max-video-preview:-1\" \/>\n<link rel=\"canonical\" href=\"https:\/\/blackholediscos.com\/en\/product\/lula-cortes-laisson-de-holanda-satwa\/\" \/>\n<meta property=\"og:locale\" content=\"en_US\" \/>\n<meta property=\"og:type\" content=\"article\" \/>\n<meta property=\"og:title\" content=\"Lula C\u00f4rtes &amp; Laisson de Holanda - Satwa - Black Hole Discos\" \/>\n<meta property=\"og:description\" content=\"LP Original de \u00e9poca em perfeitas condi\u00e7\u00f5es de m\u00eddia. Capa vg+ Lula C\u00f4rtes &#8211; Satwa, Rozenblit \u2013 LPP-005 Lula C\u00f4rtes, one of the most striking names in Brazilian music, stood out not only for his musical ability but also for his poetry, paintings, and the influence and avant-garde he created. Born in Pernambuco, Lula forged [&hellip;]\" \/>\n<meta property=\"og:url\" content=\"https:\/\/blackholediscos.com\/en\/product\/lula-cortes-laisson-de-holanda-satwa\/\" \/>\n<meta property=\"og:site_name\" content=\"Black Hole Discos\" \/>\n<meta property=\"article:publisher\" content=\"https:\/\/www.instagram.com\/blackholediscos\/\" \/>\n<meta property=\"article:modified_time\" content=\"2024-07-13T13:30:53+00:00\" \/>\n<meta property=\"og:image\" content=\"https:\/\/blackholediscos.com\/wp-content\/uploads\/2024\/06\/WhatsApp-Image-2024-06-21-at-12.15.55-6-scaled.jpeg\" \/>\n\t<meta property=\"og:image:width\" content=\"2560\" \/>\n\t<meta property=\"og:image:height\" content=\"2560\" \/>\n\t<meta property=\"og:image:type\" content=\"image\/jpeg\" \/>\n<meta name=\"twitter:card\" content=\"summary_large_image\" \/>\n<meta name=\"twitter:label1\" content=\"Est. reading time\" \/>\n\t<meta name=\"twitter:data1\" content=\"4 minutes\" \/>\n<script type=\"application\/ld+json\" class=\"yoast-schema-graph\">{\"@context\":\"https:\\\/\\\/schema.org\",\"@graph\":[{\"@type\":\"WebPage\",\"@id\":\"https:\\\/\\\/blackholediscos.com\\\/product\\\/lula-cortes-laisson-de-holanda-satwa\\\/\",\"url\":\"https:\\\/\\\/blackholediscos.com\\\/product\\\/lula-cortes-laisson-de-holanda-satwa\\\/\",\"name\":\"Lula C\u00f4rtes & Laisson de Holanda - Satwa - Black Hole Discos\",\"isPartOf\":{\"@id\":\"https:\\\/\\\/blackholediscos.com\\\/#website\"},\"primaryImageOfPage\":{\"@id\":\"https:\\\/\\\/blackholediscos.com\\\/product\\\/lula-cortes-laisson-de-holanda-satwa\\\/#primaryimage\"},\"image\":{\"@id\":\"https:\\\/\\\/blackholediscos.com\\\/product\\\/lula-cortes-laisson-de-holanda-satwa\\\/#primaryimage\"},\"thumbnailUrl\":\"https:\\\/\\\/blackholediscos.com\\\/wp-content\\\/uploads\\\/2024\\\/06\\\/WhatsApp-Image-2024-06-21-at-12.15.55-6-scaled.jpeg\",\"datePublished\":\"2024-06-21T15:31:59+00:00\",\"dateModified\":\"2024-07-13T13:30:53+00:00\",\"breadcrumb\":{\"@id\":\"https:\\\/\\\/blackholediscos.com\\\/product\\\/lula-cortes-laisson-de-holanda-satwa\\\/#breadcrumb\"},\"inLanguage\":\"en-US\",\"potentialAction\":[{\"@type\":\"ReadAction\",\"target\":[\"https:\\\/\\\/blackholediscos.com\\\/product\\\/lula-cortes-laisson-de-holanda-satwa\\\/\"]}]},{\"@type\":\"ImageObject\",\"inLanguage\":\"en-US\",\"@id\":\"https:\\\/\\\/blackholediscos.com\\\/product\\\/lula-cortes-laisson-de-holanda-satwa\\\/#primaryimage\",\"url\":\"https:\\\/\\\/blackholediscos.com\\\/wp-content\\\/uploads\\\/2024\\\/06\\\/WhatsApp-Image-2024-06-21-at-12.15.55-6-scaled.jpeg\",\"contentUrl\":\"https:\\\/\\\/blackholediscos.com\\\/wp-content\\\/uploads\\\/2024\\\/06\\\/WhatsApp-Image-2024-06-21-at-12.15.55-6-scaled.jpeg\",\"width\":2560,\"height\":2560},{\"@type\":\"BreadcrumbList\",\"@id\":\"https:\\\/\\\/blackholediscos.com\\\/product\\\/lula-cortes-laisson-de-holanda-satwa\\\/#breadcrumb\",\"itemListElement\":[{\"@type\":\"ListItem\",\"position\":1,\"name\":\"In\u00edcio\",\"item\":\"https:\\\/\\\/blackholediscos.com\\\/\"},{\"@type\":\"ListItem\",\"position\":2,\"name\":\"Shop\",\"item\":\"https:\\\/\\\/blackholediscos.com\\\/shop\\\/\"},{\"@type\":\"ListItem\",\"position\":3,\"name\":\"Lula C\u00f4rtes &#038; Laisson de Holanda &#8211; Satwa\"}]},{\"@type\":\"WebSite\",\"@id\":\"https:\\\/\\\/blackholediscos.com\\\/#website\",\"url\":\"https:\\\/\\\/blackholediscos.com\\\/\",\"name\":\"Black Hole Discos\",\"description\":\"Brazilian music LPs\",\"publisher\":{\"@id\":\"https:\\\/\\\/blackholediscos.com\\\/#organization\"},\"potentialAction\":[{\"@type\":\"SearchAction\",\"target\":{\"@type\":\"EntryPoint\",\"urlTemplate\":\"https:\\\/\\\/blackholediscos.com\\\/?s={search_term_string}\"},\"query-input\":{\"@type\":\"PropertyValueSpecification\",\"valueRequired\":true,\"valueName\":\"search_term_string\"}}],\"inLanguage\":\"en-US\"},{\"@type\":\"Organization\",\"@id\":\"https:\\\/\\\/blackholediscos.com\\\/#organization\",\"name\":\"Black Hole Discos\",\"url\":\"https:\\\/\\\/blackholediscos.com\\\/\",\"logo\":{\"@type\":\"ImageObject\",\"inLanguage\":\"en-US\",\"@id\":\"https:\\\/\\\/blackholediscos.com\\\/#\\\/schema\\\/logo\\\/image\\\/\",\"url\":\"https:\\\/\\\/blackholediscos.com\\\/wp-content\\\/uploads\\\/2024\\\/06\\\/black-hole-discos-vinis-logo.png\",\"contentUrl\":\"https:\\\/\\\/blackholediscos.com\\\/wp-content\\\/uploads\\\/2024\\\/06\\\/black-hole-discos-vinis-logo.png\",\"width\":70,\"height\":66,\"caption\":\"Black Hole Discos\"},\"image\":{\"@id\":\"https:\\\/\\\/blackholediscos.com\\\/#\\\/schema\\\/logo\\\/image\\\/\"},\"sameAs\":[\"https:\\\/\\\/www.instagram.com\\\/blackholediscos\\\/\"]}]}<\/script>\n<!-- \/ Yoast SEO plugin. -->","yoast_head_json":{"title":"Lula C\u00f4rtes & Laisson de Holanda - Satwa - Black Hole Discos","robots":{"index":"index","follow":"follow","max-snippet":"max-snippet:-1","max-image-preview":"max-image-preview:large","max-video-preview":"max-video-preview:-1"},"canonical":"https:\/\/blackholediscos.com\/en\/product\/lula-cortes-laisson-de-holanda-satwa\/","og_locale":"en_US","og_type":"article","og_title":"Lula C\u00f4rtes & Laisson de Holanda - Satwa - Black Hole Discos","og_description":"LP Original de \u00e9poca em perfeitas condi\u00e7\u00f5es de m\u00eddia. Capa vg+ Lula C\u00f4rtes &#8211; Satwa, Rozenblit \u2013 LPP-005 Lula C\u00f4rtes, one of the most striking names in Brazilian music, stood out not only for his musical ability but also for his poetry, paintings, and the influence and avant-garde he created. Born in Pernambuco, Lula forged [&hellip;]","og_url":"https:\/\/blackholediscos.com\/en\/product\/lula-cortes-laisson-de-holanda-satwa\/","og_site_name":"Black Hole Discos","article_publisher":"https:\/\/www.instagram.com\/blackholediscos\/","article_modified_time":"2024-07-13T13:30:53+00:00","og_image":[{"width":2560,"height":2560,"url":"https:\/\/blackholediscos.com\/wp-content\/uploads\/2024\/06\/WhatsApp-Image-2024-06-21-at-12.15.55-6-scaled.jpeg","type":"image\/jpeg"}],"twitter_card":"summary_large_image","twitter_misc":{"Est. reading time":"4 minutes"},"schema":{"@context":"https:\/\/schema.org","@graph":[{"@type":"WebPage","@id":"https:\/\/blackholediscos.com\/product\/lula-cortes-laisson-de-holanda-satwa\/","url":"https:\/\/blackholediscos.com\/product\/lula-cortes-laisson-de-holanda-satwa\/","name":"Lula C\u00f4rtes & Laisson de Holanda - Satwa - Black Hole Discos","isPartOf":{"@id":"https:\/\/blackholediscos.com\/#website"},"primaryImageOfPage":{"@id":"https:\/\/blackholediscos.com\/product\/lula-cortes-laisson-de-holanda-satwa\/#primaryimage"},"image":{"@id":"https:\/\/blackholediscos.com\/product\/lula-cortes-laisson-de-holanda-satwa\/#primaryimage"},"thumbnailUrl":"https:\/\/blackholediscos.com\/wp-content\/uploads\/2024\/06\/WhatsApp-Image-2024-06-21-at-12.15.55-6-scaled.jpeg","datePublished":"2024-06-21T15:31:59+00:00","dateModified":"2024-07-13T13:30:53+00:00","breadcrumb":{"@id":"https:\/\/blackholediscos.com\/product\/lula-cortes-laisson-de-holanda-satwa\/#breadcrumb"},"inLanguage":"en-US","potentialAction":[{"@type":"ReadAction","target":["https:\/\/blackholediscos.com\/product\/lula-cortes-laisson-de-holanda-satwa\/"]}]},{"@type":"ImageObject","inLanguage":"en-US","@id":"https:\/\/blackholediscos.com\/product\/lula-cortes-laisson-de-holanda-satwa\/#primaryimage","url":"https:\/\/blackholediscos.com\/wp-content\/uploads\/2024\/06\/WhatsApp-Image-2024-06-21-at-12.15.55-6-scaled.jpeg","contentUrl":"https:\/\/blackholediscos.com\/wp-content\/uploads\/2024\/06\/WhatsApp-Image-2024-06-21-at-12.15.55-6-scaled.jpeg","width":2560,"height":2560},{"@type":"BreadcrumbList","@id":"https:\/\/blackholediscos.com\/product\/lula-cortes-laisson-de-holanda-satwa\/#breadcrumb","itemListElement":[{"@type":"ListItem","position":1,"name":"In\u00edcio","item":"https:\/\/blackholediscos.com\/"},{"@type":"ListItem","position":2,"name":"Shop","item":"https:\/\/blackholediscos.com\/shop\/"},{"@type":"ListItem","position":3,"name":"Lula C\u00f4rtes &#038; Laisson de Holanda &#8211; Satwa"}]},{"@type":"WebSite","@id":"https:\/\/blackholediscos.com\/#website","url":"https:\/\/blackholediscos.com\/","name":"Black Hole Discos","description":"Brazilian music LPs","publisher":{"@id":"https:\/\/blackholediscos.com\/#organization"},"potentialAction":[{"@type":"SearchAction","target":{"@type":"EntryPoint","urlTemplate":"https:\/\/blackholediscos.com\/?s={search_term_string}"},"query-input":{"@type":"PropertyValueSpecification","valueRequired":true,"valueName":"search_term_string"}}],"inLanguage":"en-US"},{"@type":"Organization","@id":"https:\/\/blackholediscos.com\/#organization","name":"Black Hole Discos","url":"https:\/\/blackholediscos.com\/","logo":{"@type":"ImageObject","inLanguage":"en-US","@id":"https:\/\/blackholediscos.com\/#\/schema\/logo\/image\/","url":"https:\/\/blackholediscos.com\/wp-content\/uploads\/2024\/06\/black-hole-discos-vinis-logo.png","contentUrl":"https:\/\/blackholediscos.com\/wp-content\/uploads\/2024\/06\/black-hole-discos-vinis-logo.png","width":70,"height":66,"caption":"Black Hole Discos"},"image":{"@id":"https:\/\/blackholediscos.com\/#\/schema\/logo\/image\/"},"sameAs":["https:\/\/www.instagram.com\/blackholediscos\/"]}]}},"_links":{"self":[{"href":"https:\/\/blackholediscos.com\/en\/wp-json\/wp\/v2\/product\/613","targetHints":{"allow":["GET"]}}],"collection":[{"href":"https:\/\/blackholediscos.com\/en\/wp-json\/wp\/v2\/product"}],"about":[{"href":"https:\/\/blackholediscos.com\/en\/wp-json\/wp\/v2\/types\/product"}],"replies":[{"embeddable":true,"href":"https:\/\/blackholediscos.com\/en\/wp-json\/wp\/v2\/comments?post=613"}],"wp:featuredmedia":[{"embeddable":true,"href":"https:\/\/blackholediscos.com\/en\/wp-json\/wp\/v2\/media\/614"}],"wp:attachment":[{"href":"https:\/\/blackholediscos.com\/en\/wp-json\/wp\/v2\/media?parent=613"}],"wp:term":[{"taxonomy":"product_brand","embeddable":true,"href":"https:\/\/blackholediscos.com\/en\/wp-json\/wp\/v2\/product_brand?post=613"},{"taxonomy":"product_cat","embeddable":true,"href":"https:\/\/blackholediscos.com\/en\/wp-json\/wp\/v2\/product_cat?post=613"},{"taxonomy":"product_tag","embeddable":true,"href":"https:\/\/blackholediscos.com\/en\/wp-json\/wp\/v2\/product_tag?post=613"},{"taxonomy":"artista","embeddable":true,"href":"https:\/\/blackholediscos.com\/en\/wp-json\/wp\/v2\/artista?post=613"},{"taxonomy":"produtora","embeddable":true,"href":"https:\/\/blackholediscos.com\/en\/wp-json\/wp\/v2\/produtora?post=613"},{"taxonomy":"ano","embeddable":true,"href":"https:\/\/blackholediscos.com\/en\/wp-json\/wp\/v2\/ano?post=613"}],"curies":[{"name":"wp","href":"https:\/\/api.w.org\/{rel}","templated":true}]}}