{"id":5552,"date":"2024-12-22T23:55:36","date_gmt":"2024-12-22T23:55:36","guid":{"rendered":"https:\/\/blackholediscos.com\/?post_type=product&#038;p=5552"},"modified":"2025-03-11T15:23:30","modified_gmt":"2025-03-11T15:23:30","slug":"guruh-gipsy-guruh-gipsy","status":"publish","type":"product","link":"https:\/\/blackholediscos.com\/en\/product\/guruh-gipsy-guruh-gipsy\/","title":{"rendered":"Guruh Gipsy \u2013 Guruh Gipsy"},"content":{"rendered":"<p>Selo:<br \/>\nShadoks Music \u2013 084<br \/>\nFormato:<br \/>\nVinil, LP, Limited Edition, Numbered, Reissue, Unofficial Release<br \/>\nPa\u00eds:<br \/>\nGermany<br \/>\nLan\u00e7ado:<br \/>\n2006<br \/>\nG\u00eanero:<br \/>\nRock<br \/>\nEstilo:<br \/>\nPsychedelic Rock, Prog Rock<\/p>\n<p>A1\t\tIndonesia Maharddika\t15:44<br \/>\nA2\t\tChopin Larung\t6:37<br \/>\nA3\t\tBarong Gundah\t7:20<br \/>\nB1\t\tJanger 1897 Saka\t8:27<br \/>\nB2\t\tGeger Gelgel\t12:16<br \/>\nB3\t\tSmaradhana\t2:20<br \/>\nB4\t\tSekar Ginotan<\/p>","protected":false},"excerpt":{"rendered":"<p>Selo: Shadoks Music \u2013 084 Formato: Vinil, LP, Limited Edition, Numbered, Reissue, Unofficial Release Pa\u00eds: Germany Lan\u00e7ado: 2006 G\u00eanero: Rock Estilo: Psychedelic Rock, Prog Rock A1 Indonesia Maharddika 15:44 A2 Chopin Larung 6:37 A3 Barong Gundah 7:20 B1 Janger 1897 Saka 8:27 B2 Geger Gelgel 12:16 B3 Smaradhana 2:20 B4 Sekar Ginotan<\/p>","protected":false},"featured_media":5412,"comment_status":"open","ping_status":"closed","template":"","meta":{"_acf_changed":false},"product_brand":[],"product_cat":[48,170],"product_tag":[],"artista":[1022],"produtora":[883],"ano":[1023],"class_list":{"0":"post-5552","1":"product","2":"type-product","3":"status-publish","4":"has-post-thumbnail","6":"product_cat-psicodelia","7":"product_cat-rock-internacional","8":"artista-guruh","9":"produtora-shadoks-music","10":"ano-1023","12":"first","13":"outofstock","14":"shipping-taxable","15":"purchasable","16":"product-type-simple"},"acf":[],"yoast_head":"<!-- This site is optimized with the Yoast SEO plugin v27.5 - https:\/\/yoast.com\/product\/yoast-seo-wordpress\/ -->\n<title>Guruh Gipsy \u2013 Guruh Gipsy - Black Hole Discos<\/title>\n<meta name=\"robots\" content=\"index, follow, max-snippet:-1, max-image-preview:large, max-video-preview:-1\" \/>\n<link rel=\"canonical\" href=\"https:\/\/blackholediscos.com\/en\/product\/guruh-gipsy-guruh-gipsy\/\" \/>\n<meta property=\"og:locale\" content=\"en_US\" \/>\n<meta property=\"og:type\" content=\"article\" \/>\n<meta property=\"og:title\" content=\"Guruh Gipsy \u2013 Guruh Gipsy - Black Hole Discos\" \/>\n<meta property=\"og:description\" content=\"Selo: Shadoks Music \u2013 084 Formato: Vinil, LP, Limited Edition, Numbered, Reissue, Unofficial Release Pa\u00eds: Germany Lan\u00e7ado: 2006 G\u00eanero: Rock Estilo: Psychedelic Rock, Prog Rock A1 Indonesia Maharddika 15:44 A2 Chopin Larung 6:37 A3 Barong Gundah 7:20 B1 Janger 1897 Saka 8:27 B2 Geger Gelgel 12:16 B3 Smaradhana 2:20 B4 Sekar Ginotan\" \/>\n<meta property=\"og:url\" content=\"https:\/\/blackholediscos.com\/en\/product\/guruh-gipsy-guruh-gipsy\/\" \/>\n<meta property=\"og:site_name\" content=\"Black Hole Discos\" \/>\n<meta property=\"article:publisher\" content=\"https:\/\/www.instagram.com\/blackholediscos\/\" \/>\n<meta property=\"article:modified_time\" content=\"2025-03-11T15:23:30+00:00\" \/>\n<meta property=\"og:image\" content=\"https:\/\/blackholediscos.com\/wp-content\/uploads\/2024\/12\/IMG_5963-1024x1024.jpeg\" \/>\n\t<meta property=\"og:image:width\" content=\"1024\" \/>\n\t<meta property=\"og:image:height\" content=\"1024\" \/>\n\t<meta property=\"og:image:type\" content=\"image\/jpeg\" \/>\n<meta name=\"twitter:card\" content=\"summary_large_image\" \/>\n<meta name=\"twitter:label1\" content=\"Est. reading time\" \/>\n\t<meta name=\"twitter:data1\" content=\"1 minute\" \/>\n<script type=\"application\/ld+json\" class=\"yoast-schema-graph\">{\"@context\":\"https:\\\/\\\/schema.org\",\"@graph\":[{\"@type\":\"WebPage\",\"@id\":\"https:\\\/\\\/blackholediscos.com\\\/product\\\/guruh-gipsy-guruh-gipsy\\\/\",\"url\":\"https:\\\/\\\/blackholediscos.com\\\/product\\\/guruh-gipsy-guruh-gipsy\\\/\",\"name\":\"Guruh Gipsy \u2013 Guruh Gipsy - Black Hole Discos\",\"isPartOf\":{\"@id\":\"https:\\\/\\\/blackholediscos.com\\\/#website\"},\"primaryImageOfPage\":{\"@id\":\"https:\\\/\\\/blackholediscos.com\\\/product\\\/guruh-gipsy-guruh-gipsy\\\/#primaryimage\"},\"image\":{\"@id\":\"https:\\\/\\\/blackholediscos.com\\\/product\\\/guruh-gipsy-guruh-gipsy\\\/#primaryimage\"},\"thumbnailUrl\":\"https:\\\/\\\/blackholediscos.com\\\/wp-content\\\/uploads\\\/2024\\\/12\\\/IMG_5963-scaled.jpeg\",\"datePublished\":\"2024-12-22T23:55:36+00:00\",\"dateModified\":\"2025-03-11T15:23:30+00:00\",\"breadcrumb\":{\"@id\":\"https:\\\/\\\/blackholediscos.com\\\/product\\\/guruh-gipsy-guruh-gipsy\\\/#breadcrumb\"},\"inLanguage\":\"en-US\",\"potentialAction\":[{\"@type\":\"ReadAction\",\"target\":[\"https:\\\/\\\/blackholediscos.com\\\/product\\\/guruh-gipsy-guruh-gipsy\\\/\"]}]},{\"@type\":\"ImageObject\",\"inLanguage\":\"en-US\",\"@id\":\"https:\\\/\\\/blackholediscos.com\\\/product\\\/guruh-gipsy-guruh-gipsy\\\/#primaryimage\",\"url\":\"https:\\\/\\\/blackholediscos.com\\\/wp-content\\\/uploads\\\/2024\\\/12\\\/IMG_5963-scaled.jpeg\",\"contentUrl\":\"https:\\\/\\\/blackholediscos.com\\\/wp-content\\\/uploads\\\/2024\\\/12\\\/IMG_5963-scaled.jpeg\",\"width\":2560,\"height\":2560},{\"@type\":\"BreadcrumbList\",\"@id\":\"https:\\\/\\\/blackholediscos.com\\\/product\\\/guruh-gipsy-guruh-gipsy\\\/#breadcrumb\",\"itemListElement\":[{\"@type\":\"ListItem\",\"position\":1,\"name\":\"In\u00edcio\",\"item\":\"https:\\\/\\\/blackholediscos.com\\\/\"},{\"@type\":\"ListItem\",\"position\":2,\"name\":\"Shop\",\"item\":\"https:\\\/\\\/blackholediscos.com\\\/shop\\\/\"},{\"@type\":\"ListItem\",\"position\":3,\"name\":\"Guruh Gipsy \u2013 Guruh Gipsy\"}]},{\"@type\":\"WebSite\",\"@id\":\"https:\\\/\\\/blackholediscos.com\\\/#website\",\"url\":\"https:\\\/\\\/blackholediscos.com\\\/\",\"name\":\"Black Hole Discos\",\"description\":\"Brazilian music LPs\",\"publisher\":{\"@id\":\"https:\\\/\\\/blackholediscos.com\\\/#organization\"},\"potentialAction\":[{\"@type\":\"SearchAction\",\"target\":{\"@type\":\"EntryPoint\",\"urlTemplate\":\"https:\\\/\\\/blackholediscos.com\\\/?s={search_term_string}\"},\"query-input\":{\"@type\":\"PropertyValueSpecification\",\"valueRequired\":true,\"valueName\":\"search_term_string\"}}],\"inLanguage\":\"en-US\"},{\"@type\":\"Organization\",\"@id\":\"https:\\\/\\\/blackholediscos.com\\\/#organization\",\"name\":\"Black Hole Discos\",\"url\":\"https:\\\/\\\/blackholediscos.com\\\/\",\"logo\":{\"@type\":\"ImageObject\",\"inLanguage\":\"en-US\",\"@id\":\"https:\\\/\\\/blackholediscos.com\\\/#\\\/schema\\\/logo\\\/image\\\/\",\"url\":\"https:\\\/\\\/blackholediscos.com\\\/wp-content\\\/uploads\\\/2024\\\/06\\\/black-hole-discos-vinis-logo.png\",\"contentUrl\":\"https:\\\/\\\/blackholediscos.com\\\/wp-content\\\/uploads\\\/2024\\\/06\\\/black-hole-discos-vinis-logo.png\",\"width\":70,\"height\":66,\"caption\":\"Black Hole Discos\"},\"image\":{\"@id\":\"https:\\\/\\\/blackholediscos.com\\\/#\\\/schema\\\/logo\\\/image\\\/\"},\"sameAs\":[\"https:\\\/\\\/www.instagram.com\\\/blackholediscos\\\/\"]}]}<\/script>\n<!-- \/ Yoast SEO plugin. -->","yoast_head_json":{"title":"Guruh Gipsy \u2013 Guruh Gipsy - Black Hole Discos","robots":{"index":"index","follow":"follow","max-snippet":"max-snippet:-1","max-image-preview":"max-image-preview:large","max-video-preview":"max-video-preview:-1"},"canonical":"https:\/\/blackholediscos.com\/en\/product\/guruh-gipsy-guruh-gipsy\/","og_locale":"en_US","og_type":"article","og_title":"Guruh Gipsy \u2013 Guruh Gipsy - Black Hole Discos","og_description":"Selo: Shadoks Music \u2013 084 Formato: Vinil, LP, Limited Edition, Numbered, Reissue, Unofficial Release Pa\u00eds: Germany Lan\u00e7ado: 2006 G\u00eanero: Rock Estilo: Psychedelic Rock, Prog Rock A1 Indonesia Maharddika 15:44 A2 Chopin Larung 6:37 A3 Barong Gundah 7:20 B1 Janger 1897 Saka 8:27 B2 Geger Gelgel 12:16 B3 Smaradhana 2:20 B4 Sekar Ginotan","og_url":"https:\/\/blackholediscos.com\/en\/product\/guruh-gipsy-guruh-gipsy\/","og_site_name":"Black Hole Discos","article_publisher":"https:\/\/www.instagram.com\/blackholediscos\/","article_modified_time":"2025-03-11T15:23:30+00:00","og_image":[{"width":1024,"height":1024,"url":"https:\/\/blackholediscos.com\/wp-content\/uploads\/2024\/12\/IMG_5963-1024x1024.jpeg","type":"image\/jpeg"}],"twitter_card":"summary_large_image","twitter_misc":{"Est. reading time":"1 minute"},"schema":{"@context":"https:\/\/schema.org","@graph":[{"@type":"WebPage","@id":"https:\/\/blackholediscos.com\/product\/guruh-gipsy-guruh-gipsy\/","url":"https:\/\/blackholediscos.com\/product\/guruh-gipsy-guruh-gipsy\/","name":"Guruh Gipsy \u2013 Guruh Gipsy - Black Hole Discos","isPartOf":{"@id":"https:\/\/blackholediscos.com\/#website"},"primaryImageOfPage":{"@id":"https:\/\/blackholediscos.com\/product\/guruh-gipsy-guruh-gipsy\/#primaryimage"},"image":{"@id":"https:\/\/blackholediscos.com\/product\/guruh-gipsy-guruh-gipsy\/#primaryimage"},"thumbnailUrl":"https:\/\/blackholediscos.com\/wp-content\/uploads\/2024\/12\/IMG_5963-scaled.jpeg","datePublished":"2024-12-22T23:55:36+00:00","dateModified":"2025-03-11T15:23:30+00:00","breadcrumb":{"@id":"https:\/\/blackholediscos.com\/product\/guruh-gipsy-guruh-gipsy\/#breadcrumb"},"inLanguage":"en-US","potentialAction":[{"@type":"ReadAction","target":["https:\/\/blackholediscos.com\/product\/guruh-gipsy-guruh-gipsy\/"]}]},{"@type":"ImageObject","inLanguage":"en-US","@id":"https:\/\/blackholediscos.com\/product\/guruh-gipsy-guruh-gipsy\/#primaryimage","url":"https:\/\/blackholediscos.com\/wp-content\/uploads\/2024\/12\/IMG_5963-scaled.jpeg","contentUrl":"https:\/\/blackholediscos.com\/wp-content\/uploads\/2024\/12\/IMG_5963-scaled.jpeg","width":2560,"height":2560},{"@type":"BreadcrumbList","@id":"https:\/\/blackholediscos.com\/product\/guruh-gipsy-guruh-gipsy\/#breadcrumb","itemListElement":[{"@type":"ListItem","position":1,"name":"In\u00edcio","item":"https:\/\/blackholediscos.com\/"},{"@type":"ListItem","position":2,"name":"Shop","item":"https:\/\/blackholediscos.com\/shop\/"},{"@type":"ListItem","position":3,"name":"Guruh Gipsy \u2013 Guruh Gipsy"}]},{"@type":"WebSite","@id":"https:\/\/blackholediscos.com\/#website","url":"https:\/\/blackholediscos.com\/","name":"Black Hole Discos","description":"Brazilian music LPs","publisher":{"@id":"https:\/\/blackholediscos.com\/#organization"},"potentialAction":[{"@type":"SearchAction","target":{"@type":"EntryPoint","urlTemplate":"https:\/\/blackholediscos.com\/?s={search_term_string}"},"query-input":{"@type":"PropertyValueSpecification","valueRequired":true,"valueName":"search_term_string"}}],"inLanguage":"en-US"},{"@type":"Organization","@id":"https:\/\/blackholediscos.com\/#organization","name":"Black Hole Discos","url":"https:\/\/blackholediscos.com\/","logo":{"@type":"ImageObject","inLanguage":"en-US","@id":"https:\/\/blackholediscos.com\/#\/schema\/logo\/image\/","url":"https:\/\/blackholediscos.com\/wp-content\/uploads\/2024\/06\/black-hole-discos-vinis-logo.png","contentUrl":"https:\/\/blackholediscos.com\/wp-content\/uploads\/2024\/06\/black-hole-discos-vinis-logo.png","width":70,"height":66,"caption":"Black Hole Discos"},"image":{"@id":"https:\/\/blackholediscos.com\/#\/schema\/logo\/image\/"},"sameAs":["https:\/\/www.instagram.com\/blackholediscos\/"]}]}},"_links":{"self":[{"href":"https:\/\/blackholediscos.com\/en\/wp-json\/wp\/v2\/product\/5552","targetHints":{"allow":["GET"]}}],"collection":[{"href":"https:\/\/blackholediscos.com\/en\/wp-json\/wp\/v2\/product"}],"about":[{"href":"https:\/\/blackholediscos.com\/en\/wp-json\/wp\/v2\/types\/product"}],"replies":[{"embeddable":true,"href":"https:\/\/blackholediscos.com\/en\/wp-json\/wp\/v2\/comments?post=5552"}],"wp:featuredmedia":[{"embeddable":true,"href":"https:\/\/blackholediscos.com\/en\/wp-json\/wp\/v2\/media\/5412"}],"wp:attachment":[{"href":"https:\/\/blackholediscos.com\/en\/wp-json\/wp\/v2\/media?parent=5552"}],"wp:term":[{"taxonomy":"product_brand","embeddable":true,"href":"https:\/\/blackholediscos.com\/en\/wp-json\/wp\/v2\/product_brand?post=5552"},{"taxonomy":"product_cat","embeddable":true,"href":"https:\/\/blackholediscos.com\/en\/wp-json\/wp\/v2\/product_cat?post=5552"},{"taxonomy":"product_tag","embeddable":true,"href":"https:\/\/blackholediscos.com\/en\/wp-json\/wp\/v2\/product_tag?post=5552"},{"taxonomy":"artista","embeddable":true,"href":"https:\/\/blackholediscos.com\/en\/wp-json\/wp\/v2\/artista?post=5552"},{"taxonomy":"produtora","embeddable":true,"href":"https:\/\/blackholediscos.com\/en\/wp-json\/wp\/v2\/produtora?post=5552"},{"taxonomy":"ano","embeddable":true,"href":"https:\/\/blackholediscos.com\/en\/wp-json\/wp\/v2\/ano?post=5552"}],"curies":[{"name":"wp","href":"https:\/\/api.w.org\/{rel}","templated":true}]}}