{"id":5537,"date":"2024-12-18T16:19:46","date_gmt":"2024-12-18T16:19:46","guid":{"rendered":"https:\/\/blackholediscos.com\/?post_type=product&#038;p=5537"},"modified":"2025-12-14T22:57:38","modified_gmt":"2025-12-14T22:57:38","slug":"forfun-polisenso","status":"publish","type":"product","link":"https:\/\/blackholediscos.com\/en\/product\/forfun-polisenso\/","title":{"rendered":"Forfun \u200e\u2013 Polisenso"},"content":{"rendered":"<p>LP duplo Lacrado de f\u00e1brica.<\/p>\n<p>Lista de faixas<\/p>\n<p>A1\tA\u00ed Sim\t3:00<br \/>\nA2\tO Viajante\t3:13<br \/>\nA3\tInfinitas Possibilidades\t2:43<br \/>\nA4\tSol ou Chuva\t3:25<br \/>\nA5\tPanorama\t3:20<br \/>\nB1\tDia do Al\u00edvio\t3:18<br \/>\nB2\tCol\u00edrio\t4:57<br \/>\nB3\tSuave\t4:43<br \/>\nB4\tGruvi Qu\u00e2ntico\t3:30<br \/>\nC1\tC\u00f3smica\t4:14<br \/>\nC2\tEremita Moderno\t3:19<br \/>\nC3\tEscala Latina\t3:11<br \/>\nC4\tUma Noite em Havana\t2:02<br \/>\nC5\tSigo o Som\t3:33<br \/>\nC6\tS\u00f3crates e a Deusa M\u00fasica\t3:22<br \/>\nD1\tCigarras\t5:22<br \/>\nD2\tO Dia do Al\u00edvio (Boldo Mix)\t2:58<br \/>\nD3\tO Viajante (Super Shiva Mix)\t4:59<br \/>\nD4\tSuave (Felguk Remix)\t5:38<\/p>","protected":false},"excerpt":{"rendered":"<p>LP duplo Lacrado de f\u00e1brica. Lista de faixas A1 A\u00ed Sim 3:00 A2 O Viajante 3:13 A3 Infinitas Possibilidades 2:43 A4 Sol ou Chuva 3:25 A5 Panorama 3:20 B1 Dia do Al\u00edvio 3:18 B2 Col\u00edrio 4:57 B3 Suave 4:43 B4 Gruvi Qu\u00e2ntico 3:30 C1 C\u00f3smica 4:14 C2 Eremita Moderno 3:19 C3 Escala Latina 3:11 C4 [&hellip;]<\/p>\n","protected":false},"featured_media":5538,"comment_status":"open","ping_status":"closed","template":"","meta":{"_acf_changed":false},"product_brand":[],"product_cat":[78,138,894,173],"product_tag":[],"artista":[1019],"produtora":[435],"ano":[237],"class_list":{"0":"post-5537","1":"product","2":"type-product","3":"status-publish","4":"has-post-thumbnail","6":"product_cat-contemporaneos","7":"product_cat-polysom","8":"product_cat-reggae","9":"product_cat-rock-alternativo","10":"artista-forfun","11":"produtora-deck","12":"ano-237","14":"first","15":"instock","16":"shipping-taxable","17":"purchasable","18":"product-type-simple"},"acf":[],"yoast_head":"<!-- This site is optimized with the Yoast SEO plugin v27.3 - https:\/\/yoast.com\/product\/yoast-seo-wordpress\/ -->\n<title>Forfun \u200e\u2013 Polisenso - Black Hole Discos<\/title>\n<meta name=\"robots\" content=\"index, follow, max-snippet:-1, max-image-preview:large, max-video-preview:-1\" \/>\n<link rel=\"canonical\" href=\"https:\/\/blackholediscos.com\/en\/product\/forfun-polisenso\/\" \/>\n<meta property=\"og:locale\" content=\"en_US\" \/>\n<meta property=\"og:type\" content=\"article\" \/>\n<meta property=\"og:title\" content=\"Forfun \u200e\u2013 Polisenso - Black Hole Discos\" \/>\n<meta property=\"og:description\" content=\"LP duplo Lacrado de f\u00e1brica. Lista de faixas A1 A\u00ed Sim 3:00 A2 O Viajante 3:13 A3 Infinitas Possibilidades 2:43 A4 Sol ou Chuva 3:25 A5 Panorama 3:20 B1 Dia do Al\u00edvio 3:18 B2 Col\u00edrio 4:57 B3 Suave 4:43 B4 Gruvi Qu\u00e2ntico 3:30 C1 C\u00f3smica 4:14 C2 Eremita Moderno 3:19 C3 Escala Latina 3:11 C4 [&hellip;]\" \/>\n<meta property=\"og:url\" content=\"https:\/\/blackholediscos.com\/en\/product\/forfun-polisenso\/\" \/>\n<meta property=\"og:site_name\" content=\"Black Hole Discos\" \/>\n<meta property=\"article:publisher\" content=\"https:\/\/www.instagram.com\/blackholediscos\/\" \/>\n<meta property=\"article:modified_time\" content=\"2025-12-14T22:57:38+00:00\" \/>\n<meta property=\"og:image\" content=\"https:\/\/blackholediscos.com\/wp-content\/uploads\/2024\/12\/WhatsApp-Image-2024-12-18-at-13.10.28-scaled.jpeg\" \/>\n\t<meta property=\"og:image:width\" content=\"2560\" \/>\n\t<meta property=\"og:image:height\" content=\"2560\" \/>\n\t<meta property=\"og:image:type\" content=\"image\/jpeg\" \/>\n<meta name=\"twitter:card\" content=\"summary_large_image\" \/>\n<meta name=\"twitter:label1\" content=\"Est. reading time\" \/>\n\t<meta name=\"twitter:data1\" content=\"1 minute\" \/>\n<script type=\"application\/ld+json\" class=\"yoast-schema-graph\">{\"@context\":\"https:\\\/\\\/schema.org\",\"@graph\":[{\"@type\":\"WebPage\",\"@id\":\"https:\\\/\\\/blackholediscos.com\\\/product\\\/forfun-polisenso\\\/\",\"url\":\"https:\\\/\\\/blackholediscos.com\\\/product\\\/forfun-polisenso\\\/\",\"name\":\"Forfun \u200e\u2013 Polisenso - Black Hole Discos\",\"isPartOf\":{\"@id\":\"https:\\\/\\\/blackholediscos.com\\\/#website\"},\"primaryImageOfPage\":{\"@id\":\"https:\\\/\\\/blackholediscos.com\\\/product\\\/forfun-polisenso\\\/#primaryimage\"},\"image\":{\"@id\":\"https:\\\/\\\/blackholediscos.com\\\/product\\\/forfun-polisenso\\\/#primaryimage\"},\"thumbnailUrl\":\"https:\\\/\\\/blackholediscos.com\\\/wp-content\\\/uploads\\\/2024\\\/12\\\/WhatsApp-Image-2024-12-18-at-13.10.28-scaled.jpeg\",\"datePublished\":\"2024-12-18T16:19:46+00:00\",\"dateModified\":\"2025-12-14T22:57:38+00:00\",\"breadcrumb\":{\"@id\":\"https:\\\/\\\/blackholediscos.com\\\/product\\\/forfun-polisenso\\\/#breadcrumb\"},\"inLanguage\":\"en-US\",\"potentialAction\":[{\"@type\":\"ReadAction\",\"target\":[\"https:\\\/\\\/blackholediscos.com\\\/product\\\/forfun-polisenso\\\/\"]}]},{\"@type\":\"ImageObject\",\"inLanguage\":\"en-US\",\"@id\":\"https:\\\/\\\/blackholediscos.com\\\/product\\\/forfun-polisenso\\\/#primaryimage\",\"url\":\"https:\\\/\\\/blackholediscos.com\\\/wp-content\\\/uploads\\\/2024\\\/12\\\/WhatsApp-Image-2024-12-18-at-13.10.28-scaled.jpeg\",\"contentUrl\":\"https:\\\/\\\/blackholediscos.com\\\/wp-content\\\/uploads\\\/2024\\\/12\\\/WhatsApp-Image-2024-12-18-at-13.10.28-scaled.jpeg\",\"width\":2560,\"height\":2560},{\"@type\":\"BreadcrumbList\",\"@id\":\"https:\\\/\\\/blackholediscos.com\\\/product\\\/forfun-polisenso\\\/#breadcrumb\",\"itemListElement\":[{\"@type\":\"ListItem\",\"position\":1,\"name\":\"In\u00edcio\",\"item\":\"https:\\\/\\\/blackholediscos.com\\\/\"},{\"@type\":\"ListItem\",\"position\":2,\"name\":\"Shop\",\"item\":\"https:\\\/\\\/blackholediscos.com\\\/shop\\\/\"},{\"@type\":\"ListItem\",\"position\":3,\"name\":\"Forfun \u200e\u2013 Polisenso\"}]},{\"@type\":\"WebSite\",\"@id\":\"https:\\\/\\\/blackholediscos.com\\\/#website\",\"url\":\"https:\\\/\\\/blackholediscos.com\\\/\",\"name\":\"Black Hole Discos\",\"description\":\"Brazilian music LPs\",\"publisher\":{\"@id\":\"https:\\\/\\\/blackholediscos.com\\\/#organization\"},\"potentialAction\":[{\"@type\":\"SearchAction\",\"target\":{\"@type\":\"EntryPoint\",\"urlTemplate\":\"https:\\\/\\\/blackholediscos.com\\\/?s={search_term_string}\"},\"query-input\":{\"@type\":\"PropertyValueSpecification\",\"valueRequired\":true,\"valueName\":\"search_term_string\"}}],\"inLanguage\":\"en-US\"},{\"@type\":\"Organization\",\"@id\":\"https:\\\/\\\/blackholediscos.com\\\/#organization\",\"name\":\"Black Hole Discos\",\"url\":\"https:\\\/\\\/blackholediscos.com\\\/\",\"logo\":{\"@type\":\"ImageObject\",\"inLanguage\":\"en-US\",\"@id\":\"https:\\\/\\\/blackholediscos.com\\\/#\\\/schema\\\/logo\\\/image\\\/\",\"url\":\"https:\\\/\\\/blackholediscos.com\\\/wp-content\\\/uploads\\\/2024\\\/06\\\/black-hole-discos-vinis-logo.png\",\"contentUrl\":\"https:\\\/\\\/blackholediscos.com\\\/wp-content\\\/uploads\\\/2024\\\/06\\\/black-hole-discos-vinis-logo.png\",\"width\":70,\"height\":66,\"caption\":\"Black Hole Discos\"},\"image\":{\"@id\":\"https:\\\/\\\/blackholediscos.com\\\/#\\\/schema\\\/logo\\\/image\\\/\"},\"sameAs\":[\"https:\\\/\\\/www.instagram.com\\\/blackholediscos\\\/\"]}]}<\/script>\n<!-- \/ Yoast SEO plugin. -->","yoast_head_json":{"title":"Forfun \u200e\u2013 Polisenso - Black Hole Discos","robots":{"index":"index","follow":"follow","max-snippet":"max-snippet:-1","max-image-preview":"max-image-preview:large","max-video-preview":"max-video-preview:-1"},"canonical":"https:\/\/blackholediscos.com\/en\/product\/forfun-polisenso\/","og_locale":"en_US","og_type":"article","og_title":"Forfun \u200e\u2013 Polisenso - Black Hole Discos","og_description":"LP duplo Lacrado de f\u00e1brica. Lista de faixas A1 A\u00ed Sim 3:00 A2 O Viajante 3:13 A3 Infinitas Possibilidades 2:43 A4 Sol ou Chuva 3:25 A5 Panorama 3:20 B1 Dia do Al\u00edvio 3:18 B2 Col\u00edrio 4:57 B3 Suave 4:43 B4 Gruvi Qu\u00e2ntico 3:30 C1 C\u00f3smica 4:14 C2 Eremita Moderno 3:19 C3 Escala Latina 3:11 C4 [&hellip;]","og_url":"https:\/\/blackholediscos.com\/en\/product\/forfun-polisenso\/","og_site_name":"Black Hole Discos","article_publisher":"https:\/\/www.instagram.com\/blackholediscos\/","article_modified_time":"2025-12-14T22:57:38+00:00","og_image":[{"width":2560,"height":2560,"url":"https:\/\/blackholediscos.com\/wp-content\/uploads\/2024\/12\/WhatsApp-Image-2024-12-18-at-13.10.28-scaled.jpeg","type":"image\/jpeg"}],"twitter_card":"summary_large_image","twitter_misc":{"Est. reading time":"1 minute"},"schema":{"@context":"https:\/\/schema.org","@graph":[{"@type":"WebPage","@id":"https:\/\/blackholediscos.com\/product\/forfun-polisenso\/","url":"https:\/\/blackholediscos.com\/product\/forfun-polisenso\/","name":"Forfun \u200e\u2013 Polisenso - Black Hole Discos","isPartOf":{"@id":"https:\/\/blackholediscos.com\/#website"},"primaryImageOfPage":{"@id":"https:\/\/blackholediscos.com\/product\/forfun-polisenso\/#primaryimage"},"image":{"@id":"https:\/\/blackholediscos.com\/product\/forfun-polisenso\/#primaryimage"},"thumbnailUrl":"https:\/\/blackholediscos.com\/wp-content\/uploads\/2024\/12\/WhatsApp-Image-2024-12-18-at-13.10.28-scaled.jpeg","datePublished":"2024-12-18T16:19:46+00:00","dateModified":"2025-12-14T22:57:38+00:00","breadcrumb":{"@id":"https:\/\/blackholediscos.com\/product\/forfun-polisenso\/#breadcrumb"},"inLanguage":"en-US","potentialAction":[{"@type":"ReadAction","target":["https:\/\/blackholediscos.com\/product\/forfun-polisenso\/"]}]},{"@type":"ImageObject","inLanguage":"en-US","@id":"https:\/\/blackholediscos.com\/product\/forfun-polisenso\/#primaryimage","url":"https:\/\/blackholediscos.com\/wp-content\/uploads\/2024\/12\/WhatsApp-Image-2024-12-18-at-13.10.28-scaled.jpeg","contentUrl":"https:\/\/blackholediscos.com\/wp-content\/uploads\/2024\/12\/WhatsApp-Image-2024-12-18-at-13.10.28-scaled.jpeg","width":2560,"height":2560},{"@type":"BreadcrumbList","@id":"https:\/\/blackholediscos.com\/product\/forfun-polisenso\/#breadcrumb","itemListElement":[{"@type":"ListItem","position":1,"name":"In\u00edcio","item":"https:\/\/blackholediscos.com\/"},{"@type":"ListItem","position":2,"name":"Shop","item":"https:\/\/blackholediscos.com\/shop\/"},{"@type":"ListItem","position":3,"name":"Forfun \u200e\u2013 Polisenso"}]},{"@type":"WebSite","@id":"https:\/\/blackholediscos.com\/#website","url":"https:\/\/blackholediscos.com\/","name":"Black Hole Discos","description":"Brazilian music LPs","publisher":{"@id":"https:\/\/blackholediscos.com\/#organization"},"potentialAction":[{"@type":"SearchAction","target":{"@type":"EntryPoint","urlTemplate":"https:\/\/blackholediscos.com\/?s={search_term_string}"},"query-input":{"@type":"PropertyValueSpecification","valueRequired":true,"valueName":"search_term_string"}}],"inLanguage":"en-US"},{"@type":"Organization","@id":"https:\/\/blackholediscos.com\/#organization","name":"Black Hole Discos","url":"https:\/\/blackholediscos.com\/","logo":{"@type":"ImageObject","inLanguage":"en-US","@id":"https:\/\/blackholediscos.com\/#\/schema\/logo\/image\/","url":"https:\/\/blackholediscos.com\/wp-content\/uploads\/2024\/06\/black-hole-discos-vinis-logo.png","contentUrl":"https:\/\/blackholediscos.com\/wp-content\/uploads\/2024\/06\/black-hole-discos-vinis-logo.png","width":70,"height":66,"caption":"Black Hole Discos"},"image":{"@id":"https:\/\/blackholediscos.com\/#\/schema\/logo\/image\/"},"sameAs":["https:\/\/www.instagram.com\/blackholediscos\/"]}]}},"_links":{"self":[{"href":"https:\/\/blackholediscos.com\/en\/wp-json\/wp\/v2\/product\/5537","targetHints":{"allow":["GET"]}}],"collection":[{"href":"https:\/\/blackholediscos.com\/en\/wp-json\/wp\/v2\/product"}],"about":[{"href":"https:\/\/blackholediscos.com\/en\/wp-json\/wp\/v2\/types\/product"}],"replies":[{"embeddable":true,"href":"https:\/\/blackholediscos.com\/en\/wp-json\/wp\/v2\/comments?post=5537"}],"wp:featuredmedia":[{"embeddable":true,"href":"https:\/\/blackholediscos.com\/en\/wp-json\/wp\/v2\/media\/5538"}],"wp:attachment":[{"href":"https:\/\/blackholediscos.com\/en\/wp-json\/wp\/v2\/media?parent=5537"}],"wp:term":[{"taxonomy":"product_brand","embeddable":true,"href":"https:\/\/blackholediscos.com\/en\/wp-json\/wp\/v2\/product_brand?post=5537"},{"taxonomy":"product_cat","embeddable":true,"href":"https:\/\/blackholediscos.com\/en\/wp-json\/wp\/v2\/product_cat?post=5537"},{"taxonomy":"product_tag","embeddable":true,"href":"https:\/\/blackholediscos.com\/en\/wp-json\/wp\/v2\/product_tag?post=5537"},{"taxonomy":"artista","embeddable":true,"href":"https:\/\/blackholediscos.com\/en\/wp-json\/wp\/v2\/artista?post=5537"},{"taxonomy":"produtora","embeddable":true,"href":"https:\/\/blackholediscos.com\/en\/wp-json\/wp\/v2\/produtora?post=5537"},{"taxonomy":"ano","embeddable":true,"href":"https:\/\/blackholediscos.com\/en\/wp-json\/wp\/v2\/ano?post=5537"}],"curies":[{"name":"wp","href":"https:\/\/api.w.org\/{rel}","templated":true}]}}