{"id":5531,"date":"2024-12-12T02:51:19","date_gmt":"2024-12-12T02:51:19","guid":{"rendered":"https:\/\/blackholediscos.com\/?post_type=product&#038;p=5531"},"modified":"2024-12-12T02:51:19","modified_gmt":"2024-12-12T02:51:19","slug":"syd-barrett-the-madcap-laughs","status":"publish","type":"product","link":"https:\/\/blackholediscos.com\/en\/product\/syd-barrett-the-madcap-laughs\/","title":{"rendered":"Syd Barrett \u2013 The Madcap Laughs"},"content":{"rendered":"<p>Lp importado raro vinil branco em perfeitas condi\u00e7\u00f5es capa e disco . <\/p>\n<p>Selo:<br \/>\nHarvest (2) \u2013 SHVL 765, Harvest (2) \u2013 1E 062-04 261<br \/>\nFormato:<br \/>\nVinil, LP, Album, Reissue, Unofficial Release, White<br \/>\nPa\u00eds:<br \/>\nUK<br \/>\nLan\u00e7ado:<br \/>\nG\u00eanero:<br \/>\nRock<br \/>\nEstilo:<br \/>\nPsychedelic Rock<\/p>\n<p>A1\t\tTerrapin\t5:04<br \/>\nA2\t\tNo Good Trying\t3:26<br \/>\nA3\t\tLove You\t2:30<br \/>\nA4\t\tNo Man&#8217;s Land\t3:03<br \/>\nA5\t\tDark Globe\t2:02<br \/>\nA6\t\tHere I Go\t3:11<br \/>\nB1\t\tOctopus\t3:47<br \/>\nB2\t\tGolden Hair\t1:59<br \/>\nB3\t\tLong Gone\t2:50<br \/>\nB4\t\tShe Took A Long Cold Look\t1:55<br \/>\nB5\t\tFeel\t2:17<br \/>\nB6\t\tIf It&#8217;s In You\t2:26<br \/>\nB7\t\tLate Night\t3:<\/p>","protected":false},"excerpt":{"rendered":"<p>Lp importado raro vinil branco em perfeitas condi\u00e7\u00f5es capa e disco . Selo: Harvest (2) \u2013 SHVL 765, Harvest (2) \u2013 1E 062-04 261 Formato: Vinil, LP, Album, Reissue, Unofficial Release, White Pa\u00eds: UK Lan\u00e7ado: G\u00eanero: Rock Estilo: Psychedelic Rock A1 Terrapin 5:04 A2 No Good Trying 3:26 A3 Love You 2:30 A4 No Man&#8217;s [&hellip;]<\/p>\n","protected":false},"featured_media":5395,"comment_status":"open","ping_status":"closed","template":"","meta":{"_acf_changed":false},"product_brand":[],"product_cat":[170],"product_tag":[],"artista":[549],"produtora":[],"ano":[69],"class_list":{"0":"post-5531","1":"product","2":"type-product","3":"status-publish","4":"has-post-thumbnail","6":"product_cat-rock-internacional","7":"artista-syd-barret","8":"ano-69","10":"first","11":"instock","12":"shipping-taxable","13":"purchasable","14":"product-type-simple"},"acf":[],"yoast_head":"<!-- This site is optimized with the Yoast SEO plugin v27.3 - https:\/\/yoast.com\/product\/yoast-seo-wordpress\/ -->\n<title>Syd Barrett \u2013 The Madcap Laughs - Black Hole Discos<\/title>\n<meta name=\"robots\" content=\"index, follow, max-snippet:-1, max-image-preview:large, max-video-preview:-1\" \/>\n<link rel=\"canonical\" href=\"https:\/\/blackholediscos.com\/en\/product\/syd-barrett-the-madcap-laughs\/\" \/>\n<meta property=\"og:locale\" content=\"en_US\" \/>\n<meta property=\"og:type\" content=\"article\" \/>\n<meta property=\"og:title\" content=\"Syd Barrett \u2013 The Madcap Laughs - Black Hole Discos\" \/>\n<meta property=\"og:description\" content=\"Lp importado raro vinil branco em perfeitas condi\u00e7\u00f5es capa e disco . Selo: Harvest (2) \u2013 SHVL 765, Harvest (2) \u2013 1E 062-04 261 Formato: Vinil, LP, Album, Reissue, Unofficial Release, White Pa\u00eds: UK Lan\u00e7ado: G\u00eanero: Rock Estilo: Psychedelic Rock A1 Terrapin 5:04 A2 No Good Trying 3:26 A3 Love You 2:30 A4 No Man&#8217;s [&hellip;]\" \/>\n<meta property=\"og:url\" content=\"https:\/\/blackholediscos.com\/en\/product\/syd-barrett-the-madcap-laughs\/\" \/>\n<meta property=\"og:site_name\" content=\"Black Hole Discos\" \/>\n<meta property=\"article:publisher\" content=\"https:\/\/www.instagram.com\/blackholediscos\/\" \/>\n<meta property=\"og:image\" content=\"https:\/\/blackholediscos.com\/wp-content\/uploads\/2024\/12\/IMG_5946-scaled.jpeg\" \/>\n\t<meta property=\"og:image:width\" content=\"2560\" \/>\n\t<meta property=\"og:image:height\" content=\"2560\" \/>\n\t<meta property=\"og:image:type\" content=\"image\/jpeg\" \/>\n<meta name=\"twitter:card\" content=\"summary_large_image\" \/>\n<meta name=\"twitter:label1\" content=\"Est. reading time\" \/>\n\t<meta name=\"twitter:data1\" content=\"1 minute\" \/>\n<script type=\"application\/ld+json\" class=\"yoast-schema-graph\">{\"@context\":\"https:\\\/\\\/schema.org\",\"@graph\":[{\"@type\":\"WebPage\",\"@id\":\"https:\\\/\\\/blackholediscos.com\\\/product\\\/syd-barrett-the-madcap-laughs\\\/\",\"url\":\"https:\\\/\\\/blackholediscos.com\\\/product\\\/syd-barrett-the-madcap-laughs\\\/\",\"name\":\"Syd Barrett \u2013 The Madcap Laughs - Black Hole Discos\",\"isPartOf\":{\"@id\":\"https:\\\/\\\/blackholediscos.com\\\/#website\"},\"primaryImageOfPage\":{\"@id\":\"https:\\\/\\\/blackholediscos.com\\\/product\\\/syd-barrett-the-madcap-laughs\\\/#primaryimage\"},\"image\":{\"@id\":\"https:\\\/\\\/blackholediscos.com\\\/product\\\/syd-barrett-the-madcap-laughs\\\/#primaryimage\"},\"thumbnailUrl\":\"https:\\\/\\\/blackholediscos.com\\\/wp-content\\\/uploads\\\/2024\\\/12\\\/IMG_5946-scaled.jpeg\",\"datePublished\":\"2024-12-12T02:51:19+00:00\",\"breadcrumb\":{\"@id\":\"https:\\\/\\\/blackholediscos.com\\\/product\\\/syd-barrett-the-madcap-laughs\\\/#breadcrumb\"},\"inLanguage\":\"en-US\",\"potentialAction\":[{\"@type\":\"ReadAction\",\"target\":[\"https:\\\/\\\/blackholediscos.com\\\/product\\\/syd-barrett-the-madcap-laughs\\\/\"]}]},{\"@type\":\"ImageObject\",\"inLanguage\":\"en-US\",\"@id\":\"https:\\\/\\\/blackholediscos.com\\\/product\\\/syd-barrett-the-madcap-laughs\\\/#primaryimage\",\"url\":\"https:\\\/\\\/blackholediscos.com\\\/wp-content\\\/uploads\\\/2024\\\/12\\\/IMG_5946-scaled.jpeg\",\"contentUrl\":\"https:\\\/\\\/blackholediscos.com\\\/wp-content\\\/uploads\\\/2024\\\/12\\\/IMG_5946-scaled.jpeg\",\"width\":2560,\"height\":2560},{\"@type\":\"BreadcrumbList\",\"@id\":\"https:\\\/\\\/blackholediscos.com\\\/product\\\/syd-barrett-the-madcap-laughs\\\/#breadcrumb\",\"itemListElement\":[{\"@type\":\"ListItem\",\"position\":1,\"name\":\"In\u00edcio\",\"item\":\"https:\\\/\\\/blackholediscos.com\\\/\"},{\"@type\":\"ListItem\",\"position\":2,\"name\":\"Shop\",\"item\":\"https:\\\/\\\/blackholediscos.com\\\/shop\\\/\"},{\"@type\":\"ListItem\",\"position\":3,\"name\":\"Syd Barrett \u2013 The Madcap Laughs\"}]},{\"@type\":\"WebSite\",\"@id\":\"https:\\\/\\\/blackholediscos.com\\\/#website\",\"url\":\"https:\\\/\\\/blackholediscos.com\\\/\",\"name\":\"Black Hole Discos\",\"description\":\"Brazilian music LPs\",\"publisher\":{\"@id\":\"https:\\\/\\\/blackholediscos.com\\\/#organization\"},\"potentialAction\":[{\"@type\":\"SearchAction\",\"target\":{\"@type\":\"EntryPoint\",\"urlTemplate\":\"https:\\\/\\\/blackholediscos.com\\\/?s={search_term_string}\"},\"query-input\":{\"@type\":\"PropertyValueSpecification\",\"valueRequired\":true,\"valueName\":\"search_term_string\"}}],\"inLanguage\":\"en-US\"},{\"@type\":\"Organization\",\"@id\":\"https:\\\/\\\/blackholediscos.com\\\/#organization\",\"name\":\"Black Hole Discos\",\"url\":\"https:\\\/\\\/blackholediscos.com\\\/\",\"logo\":{\"@type\":\"ImageObject\",\"inLanguage\":\"en-US\",\"@id\":\"https:\\\/\\\/blackholediscos.com\\\/#\\\/schema\\\/logo\\\/image\\\/\",\"url\":\"https:\\\/\\\/blackholediscos.com\\\/wp-content\\\/uploads\\\/2024\\\/06\\\/black-hole-discos-vinis-logo.png\",\"contentUrl\":\"https:\\\/\\\/blackholediscos.com\\\/wp-content\\\/uploads\\\/2024\\\/06\\\/black-hole-discos-vinis-logo.png\",\"width\":70,\"height\":66,\"caption\":\"Black Hole Discos\"},\"image\":{\"@id\":\"https:\\\/\\\/blackholediscos.com\\\/#\\\/schema\\\/logo\\\/image\\\/\"},\"sameAs\":[\"https:\\\/\\\/www.instagram.com\\\/blackholediscos\\\/\"]}]}<\/script>\n<!-- \/ Yoast SEO plugin. -->","yoast_head_json":{"title":"Syd Barrett \u2013 The Madcap Laughs - Black Hole Discos","robots":{"index":"index","follow":"follow","max-snippet":"max-snippet:-1","max-image-preview":"max-image-preview:large","max-video-preview":"max-video-preview:-1"},"canonical":"https:\/\/blackholediscos.com\/en\/product\/syd-barrett-the-madcap-laughs\/","og_locale":"en_US","og_type":"article","og_title":"Syd Barrett \u2013 The Madcap Laughs - Black Hole Discos","og_description":"Lp importado raro vinil branco em perfeitas condi\u00e7\u00f5es capa e disco . Selo: Harvest (2) \u2013 SHVL 765, Harvest (2) \u2013 1E 062-04 261 Formato: Vinil, LP, Album, Reissue, Unofficial Release, White Pa\u00eds: UK Lan\u00e7ado: G\u00eanero: Rock Estilo: Psychedelic Rock A1 Terrapin 5:04 A2 No Good Trying 3:26 A3 Love You 2:30 A4 No Man&#8217;s [&hellip;]","og_url":"https:\/\/blackholediscos.com\/en\/product\/syd-barrett-the-madcap-laughs\/","og_site_name":"Black Hole Discos","article_publisher":"https:\/\/www.instagram.com\/blackholediscos\/","og_image":[{"width":2560,"height":2560,"url":"https:\/\/blackholediscos.com\/wp-content\/uploads\/2024\/12\/IMG_5946-scaled.jpeg","type":"image\/jpeg"}],"twitter_card":"summary_large_image","twitter_misc":{"Est. reading time":"1 minute"},"schema":{"@context":"https:\/\/schema.org","@graph":[{"@type":"WebPage","@id":"https:\/\/blackholediscos.com\/product\/syd-barrett-the-madcap-laughs\/","url":"https:\/\/blackholediscos.com\/product\/syd-barrett-the-madcap-laughs\/","name":"Syd Barrett \u2013 The Madcap Laughs - Black Hole Discos","isPartOf":{"@id":"https:\/\/blackholediscos.com\/#website"},"primaryImageOfPage":{"@id":"https:\/\/blackholediscos.com\/product\/syd-barrett-the-madcap-laughs\/#primaryimage"},"image":{"@id":"https:\/\/blackholediscos.com\/product\/syd-barrett-the-madcap-laughs\/#primaryimage"},"thumbnailUrl":"https:\/\/blackholediscos.com\/wp-content\/uploads\/2024\/12\/IMG_5946-scaled.jpeg","datePublished":"2024-12-12T02:51:19+00:00","breadcrumb":{"@id":"https:\/\/blackholediscos.com\/product\/syd-barrett-the-madcap-laughs\/#breadcrumb"},"inLanguage":"en-US","potentialAction":[{"@type":"ReadAction","target":["https:\/\/blackholediscos.com\/product\/syd-barrett-the-madcap-laughs\/"]}]},{"@type":"ImageObject","inLanguage":"en-US","@id":"https:\/\/blackholediscos.com\/product\/syd-barrett-the-madcap-laughs\/#primaryimage","url":"https:\/\/blackholediscos.com\/wp-content\/uploads\/2024\/12\/IMG_5946-scaled.jpeg","contentUrl":"https:\/\/blackholediscos.com\/wp-content\/uploads\/2024\/12\/IMG_5946-scaled.jpeg","width":2560,"height":2560},{"@type":"BreadcrumbList","@id":"https:\/\/blackholediscos.com\/product\/syd-barrett-the-madcap-laughs\/#breadcrumb","itemListElement":[{"@type":"ListItem","position":1,"name":"In\u00edcio","item":"https:\/\/blackholediscos.com\/"},{"@type":"ListItem","position":2,"name":"Shop","item":"https:\/\/blackholediscos.com\/shop\/"},{"@type":"ListItem","position":3,"name":"Syd Barrett \u2013 The Madcap Laughs"}]},{"@type":"WebSite","@id":"https:\/\/blackholediscos.com\/#website","url":"https:\/\/blackholediscos.com\/","name":"Black Hole Discos","description":"Brazilian music LPs","publisher":{"@id":"https:\/\/blackholediscos.com\/#organization"},"potentialAction":[{"@type":"SearchAction","target":{"@type":"EntryPoint","urlTemplate":"https:\/\/blackholediscos.com\/?s={search_term_string}"},"query-input":{"@type":"PropertyValueSpecification","valueRequired":true,"valueName":"search_term_string"}}],"inLanguage":"en-US"},{"@type":"Organization","@id":"https:\/\/blackholediscos.com\/#organization","name":"Black Hole Discos","url":"https:\/\/blackholediscos.com\/","logo":{"@type":"ImageObject","inLanguage":"en-US","@id":"https:\/\/blackholediscos.com\/#\/schema\/logo\/image\/","url":"https:\/\/blackholediscos.com\/wp-content\/uploads\/2024\/06\/black-hole-discos-vinis-logo.png","contentUrl":"https:\/\/blackholediscos.com\/wp-content\/uploads\/2024\/06\/black-hole-discos-vinis-logo.png","width":70,"height":66,"caption":"Black Hole Discos"},"image":{"@id":"https:\/\/blackholediscos.com\/#\/schema\/logo\/image\/"},"sameAs":["https:\/\/www.instagram.com\/blackholediscos\/"]}]}},"_links":{"self":[{"href":"https:\/\/blackholediscos.com\/en\/wp-json\/wp\/v2\/product\/5531","targetHints":{"allow":["GET"]}}],"collection":[{"href":"https:\/\/blackholediscos.com\/en\/wp-json\/wp\/v2\/product"}],"about":[{"href":"https:\/\/blackholediscos.com\/en\/wp-json\/wp\/v2\/types\/product"}],"replies":[{"embeddable":true,"href":"https:\/\/blackholediscos.com\/en\/wp-json\/wp\/v2\/comments?post=5531"}],"wp:featuredmedia":[{"embeddable":true,"href":"https:\/\/blackholediscos.com\/en\/wp-json\/wp\/v2\/media\/5395"}],"wp:attachment":[{"href":"https:\/\/blackholediscos.com\/en\/wp-json\/wp\/v2\/media?parent=5531"}],"wp:term":[{"taxonomy":"product_brand","embeddable":true,"href":"https:\/\/blackholediscos.com\/en\/wp-json\/wp\/v2\/product_brand?post=5531"},{"taxonomy":"product_cat","embeddable":true,"href":"https:\/\/blackholediscos.com\/en\/wp-json\/wp\/v2\/product_cat?post=5531"},{"taxonomy":"product_tag","embeddable":true,"href":"https:\/\/blackholediscos.com\/en\/wp-json\/wp\/v2\/product_tag?post=5531"},{"taxonomy":"artista","embeddable":true,"href":"https:\/\/blackholediscos.com\/en\/wp-json\/wp\/v2\/artista?post=5531"},{"taxonomy":"produtora","embeddable":true,"href":"https:\/\/blackholediscos.com\/en\/wp-json\/wp\/v2\/produtora?post=5531"},{"taxonomy":"ano","embeddable":true,"href":"https:\/\/blackholediscos.com\/en\/wp-json\/wp\/v2\/ano?post=5531"}],"curies":[{"name":"wp","href":"https:\/\/api.w.org\/{rel}","templated":true}]}}