{"id":5524,"date":"2024-12-11T16:35:11","date_gmt":"2024-12-11T16:35:11","guid":{"rendered":"https:\/\/blackholediscos.com\/?post_type=product&#038;p=5524"},"modified":"2024-12-11T16:35:11","modified_gmt":"2024-12-11T16:35:11","slug":"guru-guru-guru-guru","status":"publish","type":"product","link":"https:\/\/blackholediscos.com\/en\/product\/guru-guru-guru-guru\/","title":{"rendered":"Guru Guru \u2013 Guru Guru"},"content":{"rendered":"<p>Lp importado em perfeito estado de conserva\u00e7\u00e3o capa e disco .<\/p>\n<p>Selo:<br \/>\nBrain \u2013 9812960<br \/>\nFormato:<br \/>\nVinil, LP, Album, Reissue, Stereo, 180 Gram<br \/>\nPa\u00eds:<br \/>\nGermany<br \/>\nLan\u00e7ado:<br \/>\n2009<br \/>\nG\u00eanero:<br \/>\nRock<br \/>\nEstilo:<br \/>\nKrautrock<\/p>\n<p>Position\tTitle\/Credits\tDuration<br \/>\nA1\tSamantha&#8217;s Rabbit\t2:54<br \/>\nMedley\t13:25<br \/>\nA2a\tRocken Mit Eduard<br \/>\nA2b\tSomething Else<br \/>\nA2c\tWeekend<br \/>\nA2d\tTwenty Flight Rock<br \/>\nA3\tWoman Drum\t3:57<br \/>\nB1\tDer Elektrolurch\t9:46<br \/>\nB2\tThe Story Of Life<\/p>","protected":false},"excerpt":{"rendered":"<p>Lp importado em perfeito estado de conserva\u00e7\u00e3o capa e disco . Selo: Brain \u2013 9812960 Formato: Vinil, LP, Album, Reissue, Stereo, 180 Gram Pa\u00eds: Germany Lan\u00e7ado: 2009 G\u00eanero: Rock Estilo: Krautrock Position Title\/Credits Duration A1 Samantha&#8217;s Rabbit 2:54 Medley 13:25 A2a Rocken Mit Eduard A2b Something Else A2c Weekend A2d Twenty Flight Rock A3 Woman [&hellip;]<\/p>\n","protected":false},"featured_media":5365,"comment_status":"open","ping_status":"closed","template":"","meta":{"_acf_changed":false},"product_brand":[],"product_cat":[509,48,170],"product_tag":[],"artista":[1011],"produtora":[],"ano":[350],"class_list":{"0":"post-5524","1":"product","2":"type-product","3":"status-publish","4":"has-post-thumbnail","6":"product_cat-prog-rock","7":"product_cat-psicodelia","8":"product_cat-rock-internacional","9":"artista-guru-guru","10":"ano-350","12":"first","13":"instock","14":"shipping-taxable","15":"purchasable","16":"product-type-simple"},"acf":[],"yoast_head":"<!-- This site is optimized with the Yoast SEO plugin v27.3 - https:\/\/yoast.com\/product\/yoast-seo-wordpress\/ -->\n<title>Guru Guru \u2013 Guru Guru - Black Hole Discos<\/title>\n<meta name=\"robots\" content=\"index, follow, max-snippet:-1, max-image-preview:large, max-video-preview:-1\" \/>\n<link rel=\"canonical\" href=\"https:\/\/blackholediscos.com\/en\/product\/guru-guru-guru-guru\/\" \/>\n<meta property=\"og:locale\" content=\"en_US\" \/>\n<meta property=\"og:type\" content=\"article\" \/>\n<meta property=\"og:title\" content=\"Guru Guru \u2013 Guru Guru - Black Hole Discos\" \/>\n<meta property=\"og:description\" content=\"Lp importado em perfeito estado de conserva\u00e7\u00e3o capa e disco . Selo: Brain \u2013 9812960 Formato: Vinil, LP, Album, Reissue, Stereo, 180 Gram Pa\u00eds: Germany Lan\u00e7ado: 2009 G\u00eanero: Rock Estilo: Krautrock Position Title\/Credits Duration A1 Samantha&#8217;s Rabbit 2:54 Medley 13:25 A2a Rocken Mit Eduard A2b Something Else A2c Weekend A2d Twenty Flight Rock A3 Woman [&hellip;]\" \/>\n<meta property=\"og:url\" content=\"https:\/\/blackholediscos.com\/en\/product\/guru-guru-guru-guru\/\" \/>\n<meta property=\"og:site_name\" content=\"Black Hole Discos\" \/>\n<meta property=\"article:publisher\" content=\"https:\/\/www.instagram.com\/blackholediscos\/\" \/>\n<meta property=\"og:image\" content=\"https:\/\/blackholediscos.com\/wp-content\/uploads\/2024\/12\/IMG_5917-scaled.jpeg\" \/>\n\t<meta property=\"og:image:width\" content=\"2560\" \/>\n\t<meta property=\"og:image:height\" content=\"2560\" \/>\n\t<meta property=\"og:image:type\" content=\"image\/jpeg\" \/>\n<meta name=\"twitter:card\" content=\"summary_large_image\" \/>\n<meta name=\"twitter:label1\" content=\"Est. reading time\" \/>\n\t<meta name=\"twitter:data1\" content=\"1 minute\" \/>\n<script type=\"application\/ld+json\" class=\"yoast-schema-graph\">{\"@context\":\"https:\\\/\\\/schema.org\",\"@graph\":[{\"@type\":\"WebPage\",\"@id\":\"https:\\\/\\\/blackholediscos.com\\\/product\\\/guru-guru-guru-guru\\\/\",\"url\":\"https:\\\/\\\/blackholediscos.com\\\/product\\\/guru-guru-guru-guru\\\/\",\"name\":\"Guru Guru \u2013 Guru Guru - Black Hole Discos\",\"isPartOf\":{\"@id\":\"https:\\\/\\\/blackholediscos.com\\\/#website\"},\"primaryImageOfPage\":{\"@id\":\"https:\\\/\\\/blackholediscos.com\\\/product\\\/guru-guru-guru-guru\\\/#primaryimage\"},\"image\":{\"@id\":\"https:\\\/\\\/blackholediscos.com\\\/product\\\/guru-guru-guru-guru\\\/#primaryimage\"},\"thumbnailUrl\":\"https:\\\/\\\/blackholediscos.com\\\/wp-content\\\/uploads\\\/2024\\\/12\\\/IMG_5917-scaled.jpeg\",\"datePublished\":\"2024-12-11T16:35:11+00:00\",\"breadcrumb\":{\"@id\":\"https:\\\/\\\/blackholediscos.com\\\/product\\\/guru-guru-guru-guru\\\/#breadcrumb\"},\"inLanguage\":\"en-US\",\"potentialAction\":[{\"@type\":\"ReadAction\",\"target\":[\"https:\\\/\\\/blackholediscos.com\\\/product\\\/guru-guru-guru-guru\\\/\"]}]},{\"@type\":\"ImageObject\",\"inLanguage\":\"en-US\",\"@id\":\"https:\\\/\\\/blackholediscos.com\\\/product\\\/guru-guru-guru-guru\\\/#primaryimage\",\"url\":\"https:\\\/\\\/blackholediscos.com\\\/wp-content\\\/uploads\\\/2024\\\/12\\\/IMG_5917-scaled.jpeg\",\"contentUrl\":\"https:\\\/\\\/blackholediscos.com\\\/wp-content\\\/uploads\\\/2024\\\/12\\\/IMG_5917-scaled.jpeg\",\"width\":2560,\"height\":2560},{\"@type\":\"BreadcrumbList\",\"@id\":\"https:\\\/\\\/blackholediscos.com\\\/product\\\/guru-guru-guru-guru\\\/#breadcrumb\",\"itemListElement\":[{\"@type\":\"ListItem\",\"position\":1,\"name\":\"In\u00edcio\",\"item\":\"https:\\\/\\\/blackholediscos.com\\\/\"},{\"@type\":\"ListItem\",\"position\":2,\"name\":\"Shop\",\"item\":\"https:\\\/\\\/blackholediscos.com\\\/shop\\\/\"},{\"@type\":\"ListItem\",\"position\":3,\"name\":\"Guru Guru \u2013 Guru Guru\"}]},{\"@type\":\"WebSite\",\"@id\":\"https:\\\/\\\/blackholediscos.com\\\/#website\",\"url\":\"https:\\\/\\\/blackholediscos.com\\\/\",\"name\":\"Black Hole Discos\",\"description\":\"Brazilian music LPs\",\"publisher\":{\"@id\":\"https:\\\/\\\/blackholediscos.com\\\/#organization\"},\"potentialAction\":[{\"@type\":\"SearchAction\",\"target\":{\"@type\":\"EntryPoint\",\"urlTemplate\":\"https:\\\/\\\/blackholediscos.com\\\/?s={search_term_string}\"},\"query-input\":{\"@type\":\"PropertyValueSpecification\",\"valueRequired\":true,\"valueName\":\"search_term_string\"}}],\"inLanguage\":\"en-US\"},{\"@type\":\"Organization\",\"@id\":\"https:\\\/\\\/blackholediscos.com\\\/#organization\",\"name\":\"Black Hole Discos\",\"url\":\"https:\\\/\\\/blackholediscos.com\\\/\",\"logo\":{\"@type\":\"ImageObject\",\"inLanguage\":\"en-US\",\"@id\":\"https:\\\/\\\/blackholediscos.com\\\/#\\\/schema\\\/logo\\\/image\\\/\",\"url\":\"https:\\\/\\\/blackholediscos.com\\\/wp-content\\\/uploads\\\/2024\\\/06\\\/black-hole-discos-vinis-logo.png\",\"contentUrl\":\"https:\\\/\\\/blackholediscos.com\\\/wp-content\\\/uploads\\\/2024\\\/06\\\/black-hole-discos-vinis-logo.png\",\"width\":70,\"height\":66,\"caption\":\"Black Hole Discos\"},\"image\":{\"@id\":\"https:\\\/\\\/blackholediscos.com\\\/#\\\/schema\\\/logo\\\/image\\\/\"},\"sameAs\":[\"https:\\\/\\\/www.instagram.com\\\/blackholediscos\\\/\"]}]}<\/script>\n<!-- \/ Yoast SEO plugin. -->","yoast_head_json":{"title":"Guru Guru \u2013 Guru Guru - Black Hole Discos","robots":{"index":"index","follow":"follow","max-snippet":"max-snippet:-1","max-image-preview":"max-image-preview:large","max-video-preview":"max-video-preview:-1"},"canonical":"https:\/\/blackholediscos.com\/en\/product\/guru-guru-guru-guru\/","og_locale":"en_US","og_type":"article","og_title":"Guru Guru \u2013 Guru Guru - Black Hole Discos","og_description":"Lp importado em perfeito estado de conserva\u00e7\u00e3o capa e disco . Selo: Brain \u2013 9812960 Formato: Vinil, LP, Album, Reissue, Stereo, 180 Gram Pa\u00eds: Germany Lan\u00e7ado: 2009 G\u00eanero: Rock Estilo: Krautrock Position Title\/Credits Duration A1 Samantha&#8217;s Rabbit 2:54 Medley 13:25 A2a Rocken Mit Eduard A2b Something Else A2c Weekend A2d Twenty Flight Rock A3 Woman [&hellip;]","og_url":"https:\/\/blackholediscos.com\/en\/product\/guru-guru-guru-guru\/","og_site_name":"Black Hole Discos","article_publisher":"https:\/\/www.instagram.com\/blackholediscos\/","og_image":[{"width":2560,"height":2560,"url":"https:\/\/blackholediscos.com\/wp-content\/uploads\/2024\/12\/IMG_5917-scaled.jpeg","type":"image\/jpeg"}],"twitter_card":"summary_large_image","twitter_misc":{"Est. reading time":"1 minute"},"schema":{"@context":"https:\/\/schema.org","@graph":[{"@type":"WebPage","@id":"https:\/\/blackholediscos.com\/product\/guru-guru-guru-guru\/","url":"https:\/\/blackholediscos.com\/product\/guru-guru-guru-guru\/","name":"Guru Guru \u2013 Guru Guru - Black Hole Discos","isPartOf":{"@id":"https:\/\/blackholediscos.com\/#website"},"primaryImageOfPage":{"@id":"https:\/\/blackholediscos.com\/product\/guru-guru-guru-guru\/#primaryimage"},"image":{"@id":"https:\/\/blackholediscos.com\/product\/guru-guru-guru-guru\/#primaryimage"},"thumbnailUrl":"https:\/\/blackholediscos.com\/wp-content\/uploads\/2024\/12\/IMG_5917-scaled.jpeg","datePublished":"2024-12-11T16:35:11+00:00","breadcrumb":{"@id":"https:\/\/blackholediscos.com\/product\/guru-guru-guru-guru\/#breadcrumb"},"inLanguage":"en-US","potentialAction":[{"@type":"ReadAction","target":["https:\/\/blackholediscos.com\/product\/guru-guru-guru-guru\/"]}]},{"@type":"ImageObject","inLanguage":"en-US","@id":"https:\/\/blackholediscos.com\/product\/guru-guru-guru-guru\/#primaryimage","url":"https:\/\/blackholediscos.com\/wp-content\/uploads\/2024\/12\/IMG_5917-scaled.jpeg","contentUrl":"https:\/\/blackholediscos.com\/wp-content\/uploads\/2024\/12\/IMG_5917-scaled.jpeg","width":2560,"height":2560},{"@type":"BreadcrumbList","@id":"https:\/\/blackholediscos.com\/product\/guru-guru-guru-guru\/#breadcrumb","itemListElement":[{"@type":"ListItem","position":1,"name":"In\u00edcio","item":"https:\/\/blackholediscos.com\/"},{"@type":"ListItem","position":2,"name":"Shop","item":"https:\/\/blackholediscos.com\/shop\/"},{"@type":"ListItem","position":3,"name":"Guru Guru \u2013 Guru Guru"}]},{"@type":"WebSite","@id":"https:\/\/blackholediscos.com\/#website","url":"https:\/\/blackholediscos.com\/","name":"Black Hole Discos","description":"Brazilian music LPs","publisher":{"@id":"https:\/\/blackholediscos.com\/#organization"},"potentialAction":[{"@type":"SearchAction","target":{"@type":"EntryPoint","urlTemplate":"https:\/\/blackholediscos.com\/?s={search_term_string}"},"query-input":{"@type":"PropertyValueSpecification","valueRequired":true,"valueName":"search_term_string"}}],"inLanguage":"en-US"},{"@type":"Organization","@id":"https:\/\/blackholediscos.com\/#organization","name":"Black Hole Discos","url":"https:\/\/blackholediscos.com\/","logo":{"@type":"ImageObject","inLanguage":"en-US","@id":"https:\/\/blackholediscos.com\/#\/schema\/logo\/image\/","url":"https:\/\/blackholediscos.com\/wp-content\/uploads\/2024\/06\/black-hole-discos-vinis-logo.png","contentUrl":"https:\/\/blackholediscos.com\/wp-content\/uploads\/2024\/06\/black-hole-discos-vinis-logo.png","width":70,"height":66,"caption":"Black Hole Discos"},"image":{"@id":"https:\/\/blackholediscos.com\/#\/schema\/logo\/image\/"},"sameAs":["https:\/\/www.instagram.com\/blackholediscos\/"]}]}},"_links":{"self":[{"href":"https:\/\/blackholediscos.com\/en\/wp-json\/wp\/v2\/product\/5524","targetHints":{"allow":["GET"]}}],"collection":[{"href":"https:\/\/blackholediscos.com\/en\/wp-json\/wp\/v2\/product"}],"about":[{"href":"https:\/\/blackholediscos.com\/en\/wp-json\/wp\/v2\/types\/product"}],"replies":[{"embeddable":true,"href":"https:\/\/blackholediscos.com\/en\/wp-json\/wp\/v2\/comments?post=5524"}],"wp:featuredmedia":[{"embeddable":true,"href":"https:\/\/blackholediscos.com\/en\/wp-json\/wp\/v2\/media\/5365"}],"wp:attachment":[{"href":"https:\/\/blackholediscos.com\/en\/wp-json\/wp\/v2\/media?parent=5524"}],"wp:term":[{"taxonomy":"product_brand","embeddable":true,"href":"https:\/\/blackholediscos.com\/en\/wp-json\/wp\/v2\/product_brand?post=5524"},{"taxonomy":"product_cat","embeddable":true,"href":"https:\/\/blackholediscos.com\/en\/wp-json\/wp\/v2\/product_cat?post=5524"},{"taxonomy":"product_tag","embeddable":true,"href":"https:\/\/blackholediscos.com\/en\/wp-json\/wp\/v2\/product_tag?post=5524"},{"taxonomy":"artista","embeddable":true,"href":"https:\/\/blackholediscos.com\/en\/wp-json\/wp\/v2\/artista?post=5524"},{"taxonomy":"produtora","embeddable":true,"href":"https:\/\/blackholediscos.com\/en\/wp-json\/wp\/v2\/produtora?post=5524"},{"taxonomy":"ano","embeddable":true,"href":"https:\/\/blackholediscos.com\/en\/wp-json\/wp\/v2\/ano?post=5524"}],"curies":[{"name":"wp","href":"https:\/\/api.w.org\/{rel}","templated":true}]}}