{"id":5518,"date":"2024-12-11T14:55:19","date_gmt":"2024-12-11T14:55:19","guid":{"rendered":"https:\/\/blackholediscos.com\/?post_type=product&#038;p=5518"},"modified":"2024-12-11T14:55:19","modified_gmt":"2024-12-11T14:55:19","slug":"blind-boy-fuller-brownie-mcghee-carolina-blues","status":"publish","type":"product","link":"https:\/\/blackholediscos.com\/en\/product\/blind-boy-fuller-brownie-mcghee-carolina-blues\/","title":{"rendered":"Blind Boy Fuller \/ Brownie McGhee \u2013 Carolina Blues"},"content":{"rendered":"<p>Lp importado em perfeito estado de conserva\u00e7\u00e3o capa e disco .<\/p>\n<p>Selo:<br \/>\nFlyright Records \u2013 FLY LP 105<br \/>\nFormato:<br \/>\nVinil, LP, Mono, Compilation<br \/>\nPa\u00eds:<br \/>\nUK<br \/>\nLan\u00e7ado:<br \/>\n1972<br \/>\nG\u00eanero:<br \/>\nBlues<br \/>\nEstilo:<br \/>\nCountry Blues, Delta Blues<\/p>\n<p>A1\tBlind Boy Fuller\u2013Black And Tan<br \/>\nA2\tBlind Boy Fuller\u2013Red&#8217;s Got The Piccolo Blues<br \/>\nA3\tBlind Boy Fuller\u2013If You Don&#8217;t Give Me What I Want<br \/>\nA4\tBlind Boy Fuller\u2013Black Bottom Blues<br \/>\nA5\tBlind Boy Fuller\u2013I Don&#8217;t Want No Skinny Woman<br \/>\nA6\tBlind Boy Fuller\u2013Wires All Down<br \/>\nA7\tBlind Boy Fuller\u2013Bull Dog Blues<br \/>\nB1\tBrownie McGhee\u2013\tMe And My Dog Blues<br \/>\nB2\tBrownie McGhee\u2013\tPicking My Tomatoes<br \/>\nB3\tBrownie McGhee\u2013\tMoney Spending Woman<br \/>\nB4\tBrownie McGhee\u2013\tStep It Up &#038; Go No 2<br \/>\nB5.     Mas Brownie McGhee\u2013Try Me One More Time<br \/>\nB6\tBrownie McGhee\u2013\tPoison Woman Blues<br \/>\nB7\tBrownie McGhee\u2013\tDouble Trouble<\/p>","protected":false},"excerpt":{"rendered":"<p>Lp importado em perfeito estado de conserva\u00e7\u00e3o capa e disco . Selo: Flyright Records \u2013 FLY LP 105 Formato: Vinil, LP, Mono, Compilation Pa\u00eds: UK Lan\u00e7ado: 1972 G\u00eanero: Blues Estilo: Country Blues, Delta Blues A1 Blind Boy Fuller\u2013Black And Tan A2 Blind Boy Fuller\u2013Red&#8217;s Got The Piccolo Blues A3 Blind Boy Fuller\u2013If You Don&#8217;t Give [&hellip;]<\/p>\n","protected":false},"featured_media":5352,"comment_status":"open","ping_status":"closed","template":"","meta":{"_acf_changed":false},"product_brand":[],"product_cat":[703,170],"product_tag":[],"artista":[1006],"produtora":[1007],"ano":[22],"class_list":{"0":"post-5518","1":"product","2":"type-product","3":"status-publish","4":"has-post-thumbnail","6":"product_cat-blues","7":"product_cat-rock-internacional","8":"artista-blind-boy-fuller","9":"produtora-flyright-records","10":"ano-22","12":"first","13":"instock","14":"shipping-taxable","15":"purchasable","16":"product-type-simple"},"acf":[],"yoast_head":"<!-- This site is optimized with the Yoast SEO plugin v27.3 - https:\/\/yoast.com\/product\/yoast-seo-wordpress\/ -->\n<title>Blind Boy Fuller \/ Brownie McGhee \u2013 Carolina Blues - Black Hole Discos<\/title>\n<meta name=\"robots\" content=\"index, follow, max-snippet:-1, max-image-preview:large, max-video-preview:-1\" \/>\n<link rel=\"canonical\" href=\"https:\/\/blackholediscos.com\/en\/product\/blind-boy-fuller-brownie-mcghee-carolina-blues\/\" \/>\n<meta property=\"og:locale\" content=\"en_US\" \/>\n<meta property=\"og:type\" content=\"article\" \/>\n<meta property=\"og:title\" content=\"Blind Boy Fuller \/ Brownie McGhee \u2013 Carolina Blues - Black Hole Discos\" \/>\n<meta property=\"og:description\" content=\"Lp importado em perfeito estado de conserva\u00e7\u00e3o capa e disco . Selo: Flyright Records \u2013 FLY LP 105 Formato: Vinil, LP, Mono, Compilation Pa\u00eds: UK Lan\u00e7ado: 1972 G\u00eanero: Blues Estilo: Country Blues, Delta Blues A1 Blind Boy Fuller\u2013Black And Tan A2 Blind Boy Fuller\u2013Red&#8217;s Got The Piccolo Blues A3 Blind Boy Fuller\u2013If You Don&#8217;t Give [&hellip;]\" \/>\n<meta property=\"og:url\" content=\"https:\/\/blackholediscos.com\/en\/product\/blind-boy-fuller-brownie-mcghee-carolina-blues\/\" \/>\n<meta property=\"og:site_name\" content=\"Black Hole Discos\" \/>\n<meta property=\"article:publisher\" content=\"https:\/\/www.instagram.com\/blackholediscos\/\" \/>\n<meta property=\"og:image\" content=\"https:\/\/blackholediscos.com\/wp-content\/uploads\/2024\/12\/IMG_5905-scaled.jpeg\" \/>\n\t<meta property=\"og:image:width\" content=\"2560\" \/>\n\t<meta property=\"og:image:height\" content=\"2560\" \/>\n\t<meta property=\"og:image:type\" content=\"image\/jpeg\" \/>\n<meta name=\"twitter:card\" content=\"summary_large_image\" \/>\n<meta name=\"twitter:label1\" content=\"Est. reading time\" \/>\n\t<meta name=\"twitter:data1\" content=\"1 minute\" \/>\n<script type=\"application\/ld+json\" class=\"yoast-schema-graph\">{\"@context\":\"https:\\\/\\\/schema.org\",\"@graph\":[{\"@type\":\"WebPage\",\"@id\":\"https:\\\/\\\/blackholediscos.com\\\/product\\\/blind-boy-fuller-brownie-mcghee-carolina-blues\\\/\",\"url\":\"https:\\\/\\\/blackholediscos.com\\\/product\\\/blind-boy-fuller-brownie-mcghee-carolina-blues\\\/\",\"name\":\"Blind Boy Fuller \\\/ Brownie McGhee \u2013 Carolina Blues - Black Hole Discos\",\"isPartOf\":{\"@id\":\"https:\\\/\\\/blackholediscos.com\\\/#website\"},\"primaryImageOfPage\":{\"@id\":\"https:\\\/\\\/blackholediscos.com\\\/product\\\/blind-boy-fuller-brownie-mcghee-carolina-blues\\\/#primaryimage\"},\"image\":{\"@id\":\"https:\\\/\\\/blackholediscos.com\\\/product\\\/blind-boy-fuller-brownie-mcghee-carolina-blues\\\/#primaryimage\"},\"thumbnailUrl\":\"https:\\\/\\\/blackholediscos.com\\\/wp-content\\\/uploads\\\/2024\\\/12\\\/IMG_5905-scaled.jpeg\",\"datePublished\":\"2024-12-11T14:55:19+00:00\",\"breadcrumb\":{\"@id\":\"https:\\\/\\\/blackholediscos.com\\\/product\\\/blind-boy-fuller-brownie-mcghee-carolina-blues\\\/#breadcrumb\"},\"inLanguage\":\"en-US\",\"potentialAction\":[{\"@type\":\"ReadAction\",\"target\":[\"https:\\\/\\\/blackholediscos.com\\\/product\\\/blind-boy-fuller-brownie-mcghee-carolina-blues\\\/\"]}]},{\"@type\":\"ImageObject\",\"inLanguage\":\"en-US\",\"@id\":\"https:\\\/\\\/blackholediscos.com\\\/product\\\/blind-boy-fuller-brownie-mcghee-carolina-blues\\\/#primaryimage\",\"url\":\"https:\\\/\\\/blackholediscos.com\\\/wp-content\\\/uploads\\\/2024\\\/12\\\/IMG_5905-scaled.jpeg\",\"contentUrl\":\"https:\\\/\\\/blackholediscos.com\\\/wp-content\\\/uploads\\\/2024\\\/12\\\/IMG_5905-scaled.jpeg\",\"width\":2560,\"height\":2560},{\"@type\":\"BreadcrumbList\",\"@id\":\"https:\\\/\\\/blackholediscos.com\\\/product\\\/blind-boy-fuller-brownie-mcghee-carolina-blues\\\/#breadcrumb\",\"itemListElement\":[{\"@type\":\"ListItem\",\"position\":1,\"name\":\"In\u00edcio\",\"item\":\"https:\\\/\\\/blackholediscos.com\\\/\"},{\"@type\":\"ListItem\",\"position\":2,\"name\":\"Shop\",\"item\":\"https:\\\/\\\/blackholediscos.com\\\/shop\\\/\"},{\"@type\":\"ListItem\",\"position\":3,\"name\":\"Blind Boy Fuller \\\/ Brownie McGhee \u2013 Carolina Blues\"}]},{\"@type\":\"WebSite\",\"@id\":\"https:\\\/\\\/blackholediscos.com\\\/#website\",\"url\":\"https:\\\/\\\/blackholediscos.com\\\/\",\"name\":\"Black Hole Discos\",\"description\":\"Brazilian music LPs\",\"publisher\":{\"@id\":\"https:\\\/\\\/blackholediscos.com\\\/#organization\"},\"potentialAction\":[{\"@type\":\"SearchAction\",\"target\":{\"@type\":\"EntryPoint\",\"urlTemplate\":\"https:\\\/\\\/blackholediscos.com\\\/?s={search_term_string}\"},\"query-input\":{\"@type\":\"PropertyValueSpecification\",\"valueRequired\":true,\"valueName\":\"search_term_string\"}}],\"inLanguage\":\"en-US\"},{\"@type\":\"Organization\",\"@id\":\"https:\\\/\\\/blackholediscos.com\\\/#organization\",\"name\":\"Black Hole Discos\",\"url\":\"https:\\\/\\\/blackholediscos.com\\\/\",\"logo\":{\"@type\":\"ImageObject\",\"inLanguage\":\"en-US\",\"@id\":\"https:\\\/\\\/blackholediscos.com\\\/#\\\/schema\\\/logo\\\/image\\\/\",\"url\":\"https:\\\/\\\/blackholediscos.com\\\/wp-content\\\/uploads\\\/2024\\\/06\\\/black-hole-discos-vinis-logo.png\",\"contentUrl\":\"https:\\\/\\\/blackholediscos.com\\\/wp-content\\\/uploads\\\/2024\\\/06\\\/black-hole-discos-vinis-logo.png\",\"width\":70,\"height\":66,\"caption\":\"Black Hole Discos\"},\"image\":{\"@id\":\"https:\\\/\\\/blackholediscos.com\\\/#\\\/schema\\\/logo\\\/image\\\/\"},\"sameAs\":[\"https:\\\/\\\/www.instagram.com\\\/blackholediscos\\\/\"]}]}<\/script>\n<!-- \/ Yoast SEO plugin. -->","yoast_head_json":{"title":"Blind Boy Fuller \/ Brownie McGhee \u2013 Carolina Blues - Black Hole Discos","robots":{"index":"index","follow":"follow","max-snippet":"max-snippet:-1","max-image-preview":"max-image-preview:large","max-video-preview":"max-video-preview:-1"},"canonical":"https:\/\/blackholediscos.com\/en\/product\/blind-boy-fuller-brownie-mcghee-carolina-blues\/","og_locale":"en_US","og_type":"article","og_title":"Blind Boy Fuller \/ Brownie McGhee \u2013 Carolina Blues - Black Hole Discos","og_description":"Lp importado em perfeito estado de conserva\u00e7\u00e3o capa e disco . Selo: Flyright Records \u2013 FLY LP 105 Formato: Vinil, LP, Mono, Compilation Pa\u00eds: UK Lan\u00e7ado: 1972 G\u00eanero: Blues Estilo: Country Blues, Delta Blues A1 Blind Boy Fuller\u2013Black And Tan A2 Blind Boy Fuller\u2013Red&#8217;s Got The Piccolo Blues A3 Blind Boy Fuller\u2013If You Don&#8217;t Give [&hellip;]","og_url":"https:\/\/blackholediscos.com\/en\/product\/blind-boy-fuller-brownie-mcghee-carolina-blues\/","og_site_name":"Black Hole Discos","article_publisher":"https:\/\/www.instagram.com\/blackholediscos\/","og_image":[{"width":2560,"height":2560,"url":"https:\/\/blackholediscos.com\/wp-content\/uploads\/2024\/12\/IMG_5905-scaled.jpeg","type":"image\/jpeg"}],"twitter_card":"summary_large_image","twitter_misc":{"Est. reading time":"1 minute"},"schema":{"@context":"https:\/\/schema.org","@graph":[{"@type":"WebPage","@id":"https:\/\/blackholediscos.com\/product\/blind-boy-fuller-brownie-mcghee-carolina-blues\/","url":"https:\/\/blackholediscos.com\/product\/blind-boy-fuller-brownie-mcghee-carolina-blues\/","name":"Blind Boy Fuller \/ Brownie McGhee \u2013 Carolina Blues - Black Hole Discos","isPartOf":{"@id":"https:\/\/blackholediscos.com\/#website"},"primaryImageOfPage":{"@id":"https:\/\/blackholediscos.com\/product\/blind-boy-fuller-brownie-mcghee-carolina-blues\/#primaryimage"},"image":{"@id":"https:\/\/blackholediscos.com\/product\/blind-boy-fuller-brownie-mcghee-carolina-blues\/#primaryimage"},"thumbnailUrl":"https:\/\/blackholediscos.com\/wp-content\/uploads\/2024\/12\/IMG_5905-scaled.jpeg","datePublished":"2024-12-11T14:55:19+00:00","breadcrumb":{"@id":"https:\/\/blackholediscos.com\/product\/blind-boy-fuller-brownie-mcghee-carolina-blues\/#breadcrumb"},"inLanguage":"en-US","potentialAction":[{"@type":"ReadAction","target":["https:\/\/blackholediscos.com\/product\/blind-boy-fuller-brownie-mcghee-carolina-blues\/"]}]},{"@type":"ImageObject","inLanguage":"en-US","@id":"https:\/\/blackholediscos.com\/product\/blind-boy-fuller-brownie-mcghee-carolina-blues\/#primaryimage","url":"https:\/\/blackholediscos.com\/wp-content\/uploads\/2024\/12\/IMG_5905-scaled.jpeg","contentUrl":"https:\/\/blackholediscos.com\/wp-content\/uploads\/2024\/12\/IMG_5905-scaled.jpeg","width":2560,"height":2560},{"@type":"BreadcrumbList","@id":"https:\/\/blackholediscos.com\/product\/blind-boy-fuller-brownie-mcghee-carolina-blues\/#breadcrumb","itemListElement":[{"@type":"ListItem","position":1,"name":"In\u00edcio","item":"https:\/\/blackholediscos.com\/"},{"@type":"ListItem","position":2,"name":"Shop","item":"https:\/\/blackholediscos.com\/shop\/"},{"@type":"ListItem","position":3,"name":"Blind Boy Fuller \/ Brownie McGhee \u2013 Carolina Blues"}]},{"@type":"WebSite","@id":"https:\/\/blackholediscos.com\/#website","url":"https:\/\/blackholediscos.com\/","name":"Black Hole Discos","description":"Brazilian music LPs","publisher":{"@id":"https:\/\/blackholediscos.com\/#organization"},"potentialAction":[{"@type":"SearchAction","target":{"@type":"EntryPoint","urlTemplate":"https:\/\/blackholediscos.com\/?s={search_term_string}"},"query-input":{"@type":"PropertyValueSpecification","valueRequired":true,"valueName":"search_term_string"}}],"inLanguage":"en-US"},{"@type":"Organization","@id":"https:\/\/blackholediscos.com\/#organization","name":"Black Hole Discos","url":"https:\/\/blackholediscos.com\/","logo":{"@type":"ImageObject","inLanguage":"en-US","@id":"https:\/\/blackholediscos.com\/#\/schema\/logo\/image\/","url":"https:\/\/blackholediscos.com\/wp-content\/uploads\/2024\/06\/black-hole-discos-vinis-logo.png","contentUrl":"https:\/\/blackholediscos.com\/wp-content\/uploads\/2024\/06\/black-hole-discos-vinis-logo.png","width":70,"height":66,"caption":"Black Hole Discos"},"image":{"@id":"https:\/\/blackholediscos.com\/#\/schema\/logo\/image\/"},"sameAs":["https:\/\/www.instagram.com\/blackholediscos\/"]}]}},"_links":{"self":[{"href":"https:\/\/blackholediscos.com\/en\/wp-json\/wp\/v2\/product\/5518","targetHints":{"allow":["GET"]}}],"collection":[{"href":"https:\/\/blackholediscos.com\/en\/wp-json\/wp\/v2\/product"}],"about":[{"href":"https:\/\/blackholediscos.com\/en\/wp-json\/wp\/v2\/types\/product"}],"replies":[{"embeddable":true,"href":"https:\/\/blackholediscos.com\/en\/wp-json\/wp\/v2\/comments?post=5518"}],"wp:featuredmedia":[{"embeddable":true,"href":"https:\/\/blackholediscos.com\/en\/wp-json\/wp\/v2\/media\/5352"}],"wp:attachment":[{"href":"https:\/\/blackholediscos.com\/en\/wp-json\/wp\/v2\/media?parent=5518"}],"wp:term":[{"taxonomy":"product_brand","embeddable":true,"href":"https:\/\/blackholediscos.com\/en\/wp-json\/wp\/v2\/product_brand?post=5518"},{"taxonomy":"product_cat","embeddable":true,"href":"https:\/\/blackholediscos.com\/en\/wp-json\/wp\/v2\/product_cat?post=5518"},{"taxonomy":"product_tag","embeddable":true,"href":"https:\/\/blackholediscos.com\/en\/wp-json\/wp\/v2\/product_tag?post=5518"},{"taxonomy":"artista","embeddable":true,"href":"https:\/\/blackholediscos.com\/en\/wp-json\/wp\/v2\/artista?post=5518"},{"taxonomy":"produtora","embeddable":true,"href":"https:\/\/blackholediscos.com\/en\/wp-json\/wp\/v2\/produtora?post=5518"},{"taxonomy":"ano","embeddable":true,"href":"https:\/\/blackholediscos.com\/en\/wp-json\/wp\/v2\/ano?post=5518"}],"curies":[{"name":"wp","href":"https:\/\/api.w.org\/{rel}","templated":true}]}}