{"id":5514,"date":"2024-12-11T14:26:07","date_gmt":"2024-12-11T14:26:07","guid":{"rendered":"https:\/\/blackholediscos.com\/?post_type=product&#038;p=5514"},"modified":"2024-12-11T14:36:16","modified_gmt":"2024-12-11T14:36:16","slug":"lp-led-zeppelin","status":"publish","type":"product","link":"https:\/\/blackholediscos.com\/en\/product\/lp-led-zeppelin\/","title":{"rendered":"Led Zeppelin &#8211; Led Zeppelin"},"content":{"rendered":"<p>LP nacional em perfeitas condi\u00e7\u00f5es <\/p>\n<p>Lado A:<br \/>\nA1. Good Times Bad Times<br \/>\n   Escritor(es): Page, Bonham, Jones<br \/>\n   Dura\u00e7\u00e3o: 2:43  <\/p>\n<p>A2. Babe I&#8217;m Gonna Leave You<br \/>\n   Arranjado por: Page; Escritor: Tradicional<br \/>\n   Dura\u00e7\u00e3o: 6:40  <\/p>\n<p>A3. You Shook Me<br \/>\n   Escritor: Dixon<br \/>\n   Dura\u00e7\u00e3o: 6:30  <\/p>\n<p>A4. Dazed And Confused<br \/>\n   Escritor: Page<br \/>\n   Dura\u00e7\u00e3o: 6:27  <\/p>\n<p>Lado B:<\/p>\n<p>B1. Your Time Is Gonna Come<br \/>\n   Escritor(es): Page, Jones<br \/>\n   Dura\u00e7\u00e3o: 4:41  <\/p>\n<p>B2. Black Mountain Side<br \/>\n   Tabla: Viram Jasani; Escritor: Page<br \/>\n   Dura\u00e7\u00e3o: 2:06  <\/p>\n<p>B3. Communication Breakdown<br \/>\n   Escritor(es): Page, Bonham, Jones<br \/>\n   Dura\u00e7\u00e3o: 2:26  <\/p>\n<p>B4. I Can&#8217;t Quit You Baby<br \/>\n   Escritor: Dixon<br \/>\n   Dura\u00e7\u00e3o: 4:42  <\/p>\n<p>B5. How Many More Times<br \/>\n   Escritor(es): Page, Bonham, Jones <\/p>","protected":false},"excerpt":{"rendered":"<p>LP nacional em perfeitas condi\u00e7\u00f5es Lado A: A1. Good Times Bad Times Escritor(es): Page, Bonham, Jones Dura\u00e7\u00e3o: 2:43 A2. Babe I&#8217;m Gonna Leave You Arranjado por: Page; Escritor: Tradicional Dura\u00e7\u00e3o: 6:40 A3. You Shook Me Escritor: Dixon Dura\u00e7\u00e3o: 6:30 A4. Dazed And Confused Escritor: Page Dura\u00e7\u00e3o: 6:27 Lado B: B1. Your Time Is Gonna Come [&hellip;]<\/p>\n","protected":false},"featured_media":5500,"comment_status":"open","ping_status":"closed","template":"","meta":{"_acf_changed":false},"product_brand":[],"product_cat":[35,173],"product_tag":[],"artista":[1002],"produtora":[957],"ano":[491],"class_list":{"0":"post-5514","1":"product","2":"type-product","3":"status-publish","4":"has-post-thumbnail","6":"product_cat-rock","7":"product_cat-rock-alternativo","8":"artista-led-zeppelin","9":"produtora-atlantic","10":"ano-491","12":"first","13":"instock","14":"sold-individually","15":"shipping-taxable","16":"purchasable","17":"product-type-simple"},"acf":[],"yoast_head":"<!-- This site is optimized with the Yoast SEO plugin v27.3 - https:\/\/yoast.com\/product\/yoast-seo-wordpress\/ -->\n<title>Led Zeppelin - Led Zeppelin - Black Hole Discos<\/title>\n<meta name=\"robots\" content=\"index, follow, max-snippet:-1, max-image-preview:large, max-video-preview:-1\" \/>\n<link rel=\"canonical\" href=\"https:\/\/blackholediscos.com\/en\/product\/lp-led-zeppelin\/\" \/>\n<meta property=\"og:locale\" content=\"en_US\" \/>\n<meta property=\"og:type\" content=\"article\" \/>\n<meta property=\"og:title\" content=\"Led Zeppelin - Led Zeppelin - Black Hole Discos\" \/>\n<meta property=\"og:description\" content=\"LP nacional em perfeitas condi\u00e7\u00f5es Lado A: A1. Good Times Bad Times Escritor(es): Page, Bonham, Jones Dura\u00e7\u00e3o: 2:43 A2. Babe I&#8217;m Gonna Leave You Arranjado por: Page; Escritor: Tradicional Dura\u00e7\u00e3o: 6:40 A3. You Shook Me Escritor: Dixon Dura\u00e7\u00e3o: 6:30 A4. Dazed And Confused Escritor: Page Dura\u00e7\u00e3o: 6:27 Lado B: B1. Your Time Is Gonna Come [&hellip;]\" \/>\n<meta property=\"og:url\" content=\"https:\/\/blackholediscos.com\/en\/product\/lp-led-zeppelin\/\" \/>\n<meta property=\"og:site_name\" content=\"Black Hole Discos\" \/>\n<meta property=\"article:publisher\" content=\"https:\/\/www.instagram.com\/blackholediscos\/\" \/>\n<meta property=\"article:modified_time\" content=\"2024-12-11T14:36:16+00:00\" \/>\n<meta property=\"og:image\" content=\"https:\/\/blackholediscos.com\/wp-content\/uploads\/2024\/12\/IMG_6053-scaled.jpeg\" \/>\n\t<meta property=\"og:image:width\" content=\"2560\" \/>\n\t<meta property=\"og:image:height\" content=\"2560\" \/>\n\t<meta property=\"og:image:type\" content=\"image\/jpeg\" \/>\n<meta name=\"twitter:card\" content=\"summary_large_image\" \/>\n<meta name=\"twitter:label1\" content=\"Est. reading time\" \/>\n\t<meta name=\"twitter:data1\" content=\"1 minute\" \/>\n<script type=\"application\/ld+json\" class=\"yoast-schema-graph\">{\"@context\":\"https:\\\/\\\/schema.org\",\"@graph\":[{\"@type\":\"WebPage\",\"@id\":\"https:\\\/\\\/blackholediscos.com\\\/product\\\/lp-led-zeppelin\\\/\",\"url\":\"https:\\\/\\\/blackholediscos.com\\\/product\\\/lp-led-zeppelin\\\/\",\"name\":\"Led Zeppelin - Led Zeppelin - Black Hole Discos\",\"isPartOf\":{\"@id\":\"https:\\\/\\\/blackholediscos.com\\\/#website\"},\"primaryImageOfPage\":{\"@id\":\"https:\\\/\\\/blackholediscos.com\\\/product\\\/lp-led-zeppelin\\\/#primaryimage\"},\"image\":{\"@id\":\"https:\\\/\\\/blackholediscos.com\\\/product\\\/lp-led-zeppelin\\\/#primaryimage\"},\"thumbnailUrl\":\"https:\\\/\\\/blackholediscos.com\\\/wp-content\\\/uploads\\\/2024\\\/12\\\/IMG_6053-scaled.jpeg\",\"datePublished\":\"2024-12-11T14:26:07+00:00\",\"dateModified\":\"2024-12-11T14:36:16+00:00\",\"breadcrumb\":{\"@id\":\"https:\\\/\\\/blackholediscos.com\\\/product\\\/lp-led-zeppelin\\\/#breadcrumb\"},\"inLanguage\":\"en-US\",\"potentialAction\":[{\"@type\":\"ReadAction\",\"target\":[\"https:\\\/\\\/blackholediscos.com\\\/product\\\/lp-led-zeppelin\\\/\"]}]},{\"@type\":\"ImageObject\",\"inLanguage\":\"en-US\",\"@id\":\"https:\\\/\\\/blackholediscos.com\\\/product\\\/lp-led-zeppelin\\\/#primaryimage\",\"url\":\"https:\\\/\\\/blackholediscos.com\\\/wp-content\\\/uploads\\\/2024\\\/12\\\/IMG_6053-scaled.jpeg\",\"contentUrl\":\"https:\\\/\\\/blackholediscos.com\\\/wp-content\\\/uploads\\\/2024\\\/12\\\/IMG_6053-scaled.jpeg\",\"width\":2560,\"height\":2560},{\"@type\":\"BreadcrumbList\",\"@id\":\"https:\\\/\\\/blackholediscos.com\\\/product\\\/lp-led-zeppelin\\\/#breadcrumb\",\"itemListElement\":[{\"@type\":\"ListItem\",\"position\":1,\"name\":\"In\u00edcio\",\"item\":\"https:\\\/\\\/blackholediscos.com\\\/\"},{\"@type\":\"ListItem\",\"position\":2,\"name\":\"Shop\",\"item\":\"https:\\\/\\\/blackholediscos.com\\\/shop\\\/\"},{\"@type\":\"ListItem\",\"position\":3,\"name\":\"Led Zeppelin &#8211; Led Zeppelin\"}]},{\"@type\":\"WebSite\",\"@id\":\"https:\\\/\\\/blackholediscos.com\\\/#website\",\"url\":\"https:\\\/\\\/blackholediscos.com\\\/\",\"name\":\"Black Hole Discos\",\"description\":\"Brazilian music LPs\",\"publisher\":{\"@id\":\"https:\\\/\\\/blackholediscos.com\\\/#organization\"},\"potentialAction\":[{\"@type\":\"SearchAction\",\"target\":{\"@type\":\"EntryPoint\",\"urlTemplate\":\"https:\\\/\\\/blackholediscos.com\\\/?s={search_term_string}\"},\"query-input\":{\"@type\":\"PropertyValueSpecification\",\"valueRequired\":true,\"valueName\":\"search_term_string\"}}],\"inLanguage\":\"en-US\"},{\"@type\":\"Organization\",\"@id\":\"https:\\\/\\\/blackholediscos.com\\\/#organization\",\"name\":\"Black Hole Discos\",\"url\":\"https:\\\/\\\/blackholediscos.com\\\/\",\"logo\":{\"@type\":\"ImageObject\",\"inLanguage\":\"en-US\",\"@id\":\"https:\\\/\\\/blackholediscos.com\\\/#\\\/schema\\\/logo\\\/image\\\/\",\"url\":\"https:\\\/\\\/blackholediscos.com\\\/wp-content\\\/uploads\\\/2024\\\/06\\\/black-hole-discos-vinis-logo.png\",\"contentUrl\":\"https:\\\/\\\/blackholediscos.com\\\/wp-content\\\/uploads\\\/2024\\\/06\\\/black-hole-discos-vinis-logo.png\",\"width\":70,\"height\":66,\"caption\":\"Black Hole Discos\"},\"image\":{\"@id\":\"https:\\\/\\\/blackholediscos.com\\\/#\\\/schema\\\/logo\\\/image\\\/\"},\"sameAs\":[\"https:\\\/\\\/www.instagram.com\\\/blackholediscos\\\/\"]}]}<\/script>\n<!-- \/ Yoast SEO plugin. -->","yoast_head_json":{"title":"Led Zeppelin - Led Zeppelin - Black Hole Discos","robots":{"index":"index","follow":"follow","max-snippet":"max-snippet:-1","max-image-preview":"max-image-preview:large","max-video-preview":"max-video-preview:-1"},"canonical":"https:\/\/blackholediscos.com\/en\/product\/lp-led-zeppelin\/","og_locale":"en_US","og_type":"article","og_title":"Led Zeppelin - Led Zeppelin - Black Hole Discos","og_description":"LP nacional em perfeitas condi\u00e7\u00f5es Lado A: A1. Good Times Bad Times Escritor(es): Page, Bonham, Jones Dura\u00e7\u00e3o: 2:43 A2. Babe I&#8217;m Gonna Leave You Arranjado por: Page; Escritor: Tradicional Dura\u00e7\u00e3o: 6:40 A3. You Shook Me Escritor: Dixon Dura\u00e7\u00e3o: 6:30 A4. Dazed And Confused Escritor: Page Dura\u00e7\u00e3o: 6:27 Lado B: B1. Your Time Is Gonna Come [&hellip;]","og_url":"https:\/\/blackholediscos.com\/en\/product\/lp-led-zeppelin\/","og_site_name":"Black Hole Discos","article_publisher":"https:\/\/www.instagram.com\/blackholediscos\/","article_modified_time":"2024-12-11T14:36:16+00:00","og_image":[{"width":2560,"height":2560,"url":"https:\/\/blackholediscos.com\/wp-content\/uploads\/2024\/12\/IMG_6053-scaled.jpeg","type":"image\/jpeg"}],"twitter_card":"summary_large_image","twitter_misc":{"Est. reading time":"1 minute"},"schema":{"@context":"https:\/\/schema.org","@graph":[{"@type":"WebPage","@id":"https:\/\/blackholediscos.com\/product\/lp-led-zeppelin\/","url":"https:\/\/blackholediscos.com\/product\/lp-led-zeppelin\/","name":"Led Zeppelin - Led Zeppelin - Black Hole Discos","isPartOf":{"@id":"https:\/\/blackholediscos.com\/#website"},"primaryImageOfPage":{"@id":"https:\/\/blackholediscos.com\/product\/lp-led-zeppelin\/#primaryimage"},"image":{"@id":"https:\/\/blackholediscos.com\/product\/lp-led-zeppelin\/#primaryimage"},"thumbnailUrl":"https:\/\/blackholediscos.com\/wp-content\/uploads\/2024\/12\/IMG_6053-scaled.jpeg","datePublished":"2024-12-11T14:26:07+00:00","dateModified":"2024-12-11T14:36:16+00:00","breadcrumb":{"@id":"https:\/\/blackholediscos.com\/product\/lp-led-zeppelin\/#breadcrumb"},"inLanguage":"en-US","potentialAction":[{"@type":"ReadAction","target":["https:\/\/blackholediscos.com\/product\/lp-led-zeppelin\/"]}]},{"@type":"ImageObject","inLanguage":"en-US","@id":"https:\/\/blackholediscos.com\/product\/lp-led-zeppelin\/#primaryimage","url":"https:\/\/blackholediscos.com\/wp-content\/uploads\/2024\/12\/IMG_6053-scaled.jpeg","contentUrl":"https:\/\/blackholediscos.com\/wp-content\/uploads\/2024\/12\/IMG_6053-scaled.jpeg","width":2560,"height":2560},{"@type":"BreadcrumbList","@id":"https:\/\/blackholediscos.com\/product\/lp-led-zeppelin\/#breadcrumb","itemListElement":[{"@type":"ListItem","position":1,"name":"In\u00edcio","item":"https:\/\/blackholediscos.com\/"},{"@type":"ListItem","position":2,"name":"Shop","item":"https:\/\/blackholediscos.com\/shop\/"},{"@type":"ListItem","position":3,"name":"Led Zeppelin &#8211; Led Zeppelin"}]},{"@type":"WebSite","@id":"https:\/\/blackholediscos.com\/#website","url":"https:\/\/blackholediscos.com\/","name":"Black Hole Discos","description":"Brazilian music LPs","publisher":{"@id":"https:\/\/blackholediscos.com\/#organization"},"potentialAction":[{"@type":"SearchAction","target":{"@type":"EntryPoint","urlTemplate":"https:\/\/blackholediscos.com\/?s={search_term_string}"},"query-input":{"@type":"PropertyValueSpecification","valueRequired":true,"valueName":"search_term_string"}}],"inLanguage":"en-US"},{"@type":"Organization","@id":"https:\/\/blackholediscos.com\/#organization","name":"Black Hole Discos","url":"https:\/\/blackholediscos.com\/","logo":{"@type":"ImageObject","inLanguage":"en-US","@id":"https:\/\/blackholediscos.com\/#\/schema\/logo\/image\/","url":"https:\/\/blackholediscos.com\/wp-content\/uploads\/2024\/06\/black-hole-discos-vinis-logo.png","contentUrl":"https:\/\/blackholediscos.com\/wp-content\/uploads\/2024\/06\/black-hole-discos-vinis-logo.png","width":70,"height":66,"caption":"Black Hole Discos"},"image":{"@id":"https:\/\/blackholediscos.com\/#\/schema\/logo\/image\/"},"sameAs":["https:\/\/www.instagram.com\/blackholediscos\/"]}]}},"_links":{"self":[{"href":"https:\/\/blackholediscos.com\/en\/wp-json\/wp\/v2\/product\/5514","targetHints":{"allow":["GET"]}}],"collection":[{"href":"https:\/\/blackholediscos.com\/en\/wp-json\/wp\/v2\/product"}],"about":[{"href":"https:\/\/blackholediscos.com\/en\/wp-json\/wp\/v2\/types\/product"}],"replies":[{"embeddable":true,"href":"https:\/\/blackholediscos.com\/en\/wp-json\/wp\/v2\/comments?post=5514"}],"wp:featuredmedia":[{"embeddable":true,"href":"https:\/\/blackholediscos.com\/en\/wp-json\/wp\/v2\/media\/5500"}],"wp:attachment":[{"href":"https:\/\/blackholediscos.com\/en\/wp-json\/wp\/v2\/media?parent=5514"}],"wp:term":[{"taxonomy":"product_brand","embeddable":true,"href":"https:\/\/blackholediscos.com\/en\/wp-json\/wp\/v2\/product_brand?post=5514"},{"taxonomy":"product_cat","embeddable":true,"href":"https:\/\/blackholediscos.com\/en\/wp-json\/wp\/v2\/product_cat?post=5514"},{"taxonomy":"product_tag","embeddable":true,"href":"https:\/\/blackholediscos.com\/en\/wp-json\/wp\/v2\/product_tag?post=5514"},{"taxonomy":"artista","embeddable":true,"href":"https:\/\/blackholediscos.com\/en\/wp-json\/wp\/v2\/artista?post=5514"},{"taxonomy":"produtora","embeddable":true,"href":"https:\/\/blackholediscos.com\/en\/wp-json\/wp\/v2\/produtora?post=5514"},{"taxonomy":"ano","embeddable":true,"href":"https:\/\/blackholediscos.com\/en\/wp-json\/wp\/v2\/ano?post=5514"}],"curies":[{"name":"wp","href":"https:\/\/api.w.org\/{rel}","templated":true}]}}