{"id":5511,"date":"2024-12-11T14:14:35","date_gmt":"2024-12-11T14:14:35","guid":{"rendered":"https:\/\/blackholediscos.com\/?post_type=product&#038;p=5511"},"modified":"2024-12-11T14:14:35","modified_gmt":"2024-12-11T14:14:35","slug":"van-der-graaf-generator-time-vaults","status":"publish","type":"product","link":"https:\/\/blackholediscos.com\/en\/product\/van-der-graaf-generator-time-vaults\/","title":{"rendered":"Van Der Graaf Generator \u2013 Time Vaults"},"content":{"rendered":"<p>Lp  edi\u00e7\u00e3o nacional em perfeito estado de conserva\u00e7\u00e3o capa e disco .<\/p>\n<p>Selo:<br \/>\nBrasidisc \u2013 LP 5.042, Rarity \u2013 LP 5042<br \/>\nFormato:<br \/>\nVinil, LP, Album, Reissue<br \/>\nPa\u00eds:<br \/>\nBrazil<br \/>\nLan\u00e7ado:<br \/>\n1988<br \/>\nG\u00eanero:<br \/>\nRock<br \/>\nEstilo:<br \/>\nProg Rock<\/p>\n<p>A1\t\tThe Liquidator<br \/>\nA2\t\tRift Valley<br \/>\nA3\t\tTarzan<br \/>\nA4\t\tCoil Night<br \/>\nA5\t\tTime Vaults<br \/>\nA6\t\tDrift (I Hope It Won&#8217;t)<br \/>\nB1\t\tRoncevaux<br \/>\nB2\t\tIt All Went Red<br \/>\nB3\t\tFaint And Forsaken<br \/>\nB4\t\tBlack Room<\/p>","protected":false},"excerpt":{"rendered":"<p>Lp edi\u00e7\u00e3o nacional em perfeito estado de conserva\u00e7\u00e3o capa e disco . Selo: Brasidisc \u2013 LP 5.042, Rarity \u2013 LP 5042 Formato: Vinil, LP, Album, Reissue Pa\u00eds: Brazil Lan\u00e7ado: 1988 G\u00eanero: Rock Estilo: Prog Rock A1 The Liquidator A2 Rift Valley A3 Tarzan A4 Coil Night A5 Time Vaults A6 Drift (I Hope It Won&#8217;t) [&hellip;]<\/p>\n","protected":false},"featured_media":5335,"comment_status":"open","ping_status":"closed","template":"","meta":{"_acf_changed":false},"product_brand":[],"product_cat":[509,48,170],"product_tag":[],"artista":[999],"produtora":[1000],"ano":[383],"class_list":{"0":"post-5511","1":"product","2":"type-product","3":"status-publish","4":"has-post-thumbnail","6":"product_cat-prog-rock","7":"product_cat-psicodelia","8":"product_cat-rock-internacional","9":"artista-van-der-graaf-generator","10":"produtora-rarity","11":"ano-383","13":"first","14":"instock","15":"shipping-taxable","16":"purchasable","17":"product-type-simple"},"acf":[],"yoast_head":"<!-- This site is optimized with the Yoast SEO plugin v27.3 - https:\/\/yoast.com\/product\/yoast-seo-wordpress\/ -->\n<title>Van Der Graaf Generator \u2013 Time Vaults - Black Hole Discos<\/title>\n<meta name=\"robots\" content=\"index, follow, max-snippet:-1, max-image-preview:large, max-video-preview:-1\" \/>\n<link rel=\"canonical\" href=\"https:\/\/blackholediscos.com\/en\/product\/van-der-graaf-generator-time-vaults\/\" \/>\n<meta property=\"og:locale\" content=\"en_US\" \/>\n<meta property=\"og:type\" content=\"article\" \/>\n<meta property=\"og:title\" content=\"Van Der Graaf Generator \u2013 Time Vaults - Black Hole Discos\" \/>\n<meta property=\"og:description\" content=\"Lp edi\u00e7\u00e3o nacional em perfeito estado de conserva\u00e7\u00e3o capa e disco . Selo: Brasidisc \u2013 LP 5.042, Rarity \u2013 LP 5042 Formato: Vinil, LP, Album, Reissue Pa\u00eds: Brazil Lan\u00e7ado: 1988 G\u00eanero: Rock Estilo: Prog Rock A1 The Liquidator A2 Rift Valley A3 Tarzan A4 Coil Night A5 Time Vaults A6 Drift (I Hope It Won&#8217;t) [&hellip;]\" \/>\n<meta property=\"og:url\" content=\"https:\/\/blackholediscos.com\/en\/product\/van-der-graaf-generator-time-vaults\/\" \/>\n<meta property=\"og:site_name\" content=\"Black Hole Discos\" \/>\n<meta property=\"article:publisher\" content=\"https:\/\/www.instagram.com\/blackholediscos\/\" \/>\n<meta property=\"og:image\" content=\"https:\/\/blackholediscos.com\/wp-content\/uploads\/2024\/12\/IMG_5885-scaled.jpeg\" \/>\n\t<meta property=\"og:image:width\" content=\"2560\" \/>\n\t<meta property=\"og:image:height\" content=\"2560\" \/>\n\t<meta property=\"og:image:type\" content=\"image\/jpeg\" \/>\n<meta name=\"twitter:card\" content=\"summary_large_image\" \/>\n<meta name=\"twitter:label1\" content=\"Est. reading time\" \/>\n\t<meta name=\"twitter:data1\" content=\"1 minute\" \/>\n<script type=\"application\/ld+json\" class=\"yoast-schema-graph\">{\"@context\":\"https:\\\/\\\/schema.org\",\"@graph\":[{\"@type\":\"WebPage\",\"@id\":\"https:\\\/\\\/blackholediscos.com\\\/product\\\/van-der-graaf-generator-time-vaults\\\/\",\"url\":\"https:\\\/\\\/blackholediscos.com\\\/product\\\/van-der-graaf-generator-time-vaults\\\/\",\"name\":\"Van Der Graaf Generator \u2013 Time Vaults - Black Hole Discos\",\"isPartOf\":{\"@id\":\"https:\\\/\\\/blackholediscos.com\\\/#website\"},\"primaryImageOfPage\":{\"@id\":\"https:\\\/\\\/blackholediscos.com\\\/product\\\/van-der-graaf-generator-time-vaults\\\/#primaryimage\"},\"image\":{\"@id\":\"https:\\\/\\\/blackholediscos.com\\\/product\\\/van-der-graaf-generator-time-vaults\\\/#primaryimage\"},\"thumbnailUrl\":\"https:\\\/\\\/blackholediscos.com\\\/wp-content\\\/uploads\\\/2024\\\/12\\\/IMG_5885-scaled.jpeg\",\"datePublished\":\"2024-12-11T14:14:35+00:00\",\"breadcrumb\":{\"@id\":\"https:\\\/\\\/blackholediscos.com\\\/product\\\/van-der-graaf-generator-time-vaults\\\/#breadcrumb\"},\"inLanguage\":\"en-US\",\"potentialAction\":[{\"@type\":\"ReadAction\",\"target\":[\"https:\\\/\\\/blackholediscos.com\\\/product\\\/van-der-graaf-generator-time-vaults\\\/\"]}]},{\"@type\":\"ImageObject\",\"inLanguage\":\"en-US\",\"@id\":\"https:\\\/\\\/blackholediscos.com\\\/product\\\/van-der-graaf-generator-time-vaults\\\/#primaryimage\",\"url\":\"https:\\\/\\\/blackholediscos.com\\\/wp-content\\\/uploads\\\/2024\\\/12\\\/IMG_5885-scaled.jpeg\",\"contentUrl\":\"https:\\\/\\\/blackholediscos.com\\\/wp-content\\\/uploads\\\/2024\\\/12\\\/IMG_5885-scaled.jpeg\",\"width\":2560,\"height\":2560},{\"@type\":\"BreadcrumbList\",\"@id\":\"https:\\\/\\\/blackholediscos.com\\\/product\\\/van-der-graaf-generator-time-vaults\\\/#breadcrumb\",\"itemListElement\":[{\"@type\":\"ListItem\",\"position\":1,\"name\":\"In\u00edcio\",\"item\":\"https:\\\/\\\/blackholediscos.com\\\/\"},{\"@type\":\"ListItem\",\"position\":2,\"name\":\"Shop\",\"item\":\"https:\\\/\\\/blackholediscos.com\\\/shop\\\/\"},{\"@type\":\"ListItem\",\"position\":3,\"name\":\"Van Der Graaf Generator \u2013 Time Vaults\"}]},{\"@type\":\"WebSite\",\"@id\":\"https:\\\/\\\/blackholediscos.com\\\/#website\",\"url\":\"https:\\\/\\\/blackholediscos.com\\\/\",\"name\":\"Black Hole Discos\",\"description\":\"Brazilian music LPs\",\"publisher\":{\"@id\":\"https:\\\/\\\/blackholediscos.com\\\/#organization\"},\"potentialAction\":[{\"@type\":\"SearchAction\",\"target\":{\"@type\":\"EntryPoint\",\"urlTemplate\":\"https:\\\/\\\/blackholediscos.com\\\/?s={search_term_string}\"},\"query-input\":{\"@type\":\"PropertyValueSpecification\",\"valueRequired\":true,\"valueName\":\"search_term_string\"}}],\"inLanguage\":\"en-US\"},{\"@type\":\"Organization\",\"@id\":\"https:\\\/\\\/blackholediscos.com\\\/#organization\",\"name\":\"Black Hole Discos\",\"url\":\"https:\\\/\\\/blackholediscos.com\\\/\",\"logo\":{\"@type\":\"ImageObject\",\"inLanguage\":\"en-US\",\"@id\":\"https:\\\/\\\/blackholediscos.com\\\/#\\\/schema\\\/logo\\\/image\\\/\",\"url\":\"https:\\\/\\\/blackholediscos.com\\\/wp-content\\\/uploads\\\/2024\\\/06\\\/black-hole-discos-vinis-logo.png\",\"contentUrl\":\"https:\\\/\\\/blackholediscos.com\\\/wp-content\\\/uploads\\\/2024\\\/06\\\/black-hole-discos-vinis-logo.png\",\"width\":70,\"height\":66,\"caption\":\"Black Hole Discos\"},\"image\":{\"@id\":\"https:\\\/\\\/blackholediscos.com\\\/#\\\/schema\\\/logo\\\/image\\\/\"},\"sameAs\":[\"https:\\\/\\\/www.instagram.com\\\/blackholediscos\\\/\"]}]}<\/script>\n<!-- \/ Yoast SEO plugin. -->","yoast_head_json":{"title":"Van Der Graaf Generator \u2013 Time Vaults - Black Hole Discos","robots":{"index":"index","follow":"follow","max-snippet":"max-snippet:-1","max-image-preview":"max-image-preview:large","max-video-preview":"max-video-preview:-1"},"canonical":"https:\/\/blackholediscos.com\/en\/product\/van-der-graaf-generator-time-vaults\/","og_locale":"en_US","og_type":"article","og_title":"Van Der Graaf Generator \u2013 Time Vaults - Black Hole Discos","og_description":"Lp edi\u00e7\u00e3o nacional em perfeito estado de conserva\u00e7\u00e3o capa e disco . Selo: Brasidisc \u2013 LP 5.042, Rarity \u2013 LP 5042 Formato: Vinil, LP, Album, Reissue Pa\u00eds: Brazil Lan\u00e7ado: 1988 G\u00eanero: Rock Estilo: Prog Rock A1 The Liquidator A2 Rift Valley A3 Tarzan A4 Coil Night A5 Time Vaults A6 Drift (I Hope It Won&#8217;t) [&hellip;]","og_url":"https:\/\/blackholediscos.com\/en\/product\/van-der-graaf-generator-time-vaults\/","og_site_name":"Black Hole Discos","article_publisher":"https:\/\/www.instagram.com\/blackholediscos\/","og_image":[{"width":2560,"height":2560,"url":"https:\/\/blackholediscos.com\/wp-content\/uploads\/2024\/12\/IMG_5885-scaled.jpeg","type":"image\/jpeg"}],"twitter_card":"summary_large_image","twitter_misc":{"Est. reading time":"1 minute"},"schema":{"@context":"https:\/\/schema.org","@graph":[{"@type":"WebPage","@id":"https:\/\/blackholediscos.com\/product\/van-der-graaf-generator-time-vaults\/","url":"https:\/\/blackholediscos.com\/product\/van-der-graaf-generator-time-vaults\/","name":"Van Der Graaf Generator \u2013 Time Vaults - Black Hole Discos","isPartOf":{"@id":"https:\/\/blackholediscos.com\/#website"},"primaryImageOfPage":{"@id":"https:\/\/blackholediscos.com\/product\/van-der-graaf-generator-time-vaults\/#primaryimage"},"image":{"@id":"https:\/\/blackholediscos.com\/product\/van-der-graaf-generator-time-vaults\/#primaryimage"},"thumbnailUrl":"https:\/\/blackholediscos.com\/wp-content\/uploads\/2024\/12\/IMG_5885-scaled.jpeg","datePublished":"2024-12-11T14:14:35+00:00","breadcrumb":{"@id":"https:\/\/blackholediscos.com\/product\/van-der-graaf-generator-time-vaults\/#breadcrumb"},"inLanguage":"en-US","potentialAction":[{"@type":"ReadAction","target":["https:\/\/blackholediscos.com\/product\/van-der-graaf-generator-time-vaults\/"]}]},{"@type":"ImageObject","inLanguage":"en-US","@id":"https:\/\/blackholediscos.com\/product\/van-der-graaf-generator-time-vaults\/#primaryimage","url":"https:\/\/blackholediscos.com\/wp-content\/uploads\/2024\/12\/IMG_5885-scaled.jpeg","contentUrl":"https:\/\/blackholediscos.com\/wp-content\/uploads\/2024\/12\/IMG_5885-scaled.jpeg","width":2560,"height":2560},{"@type":"BreadcrumbList","@id":"https:\/\/blackholediscos.com\/product\/van-der-graaf-generator-time-vaults\/#breadcrumb","itemListElement":[{"@type":"ListItem","position":1,"name":"In\u00edcio","item":"https:\/\/blackholediscos.com\/"},{"@type":"ListItem","position":2,"name":"Shop","item":"https:\/\/blackholediscos.com\/shop\/"},{"@type":"ListItem","position":3,"name":"Van Der Graaf Generator \u2013 Time Vaults"}]},{"@type":"WebSite","@id":"https:\/\/blackholediscos.com\/#website","url":"https:\/\/blackholediscos.com\/","name":"Black Hole Discos","description":"Brazilian music LPs","publisher":{"@id":"https:\/\/blackholediscos.com\/#organization"},"potentialAction":[{"@type":"SearchAction","target":{"@type":"EntryPoint","urlTemplate":"https:\/\/blackholediscos.com\/?s={search_term_string}"},"query-input":{"@type":"PropertyValueSpecification","valueRequired":true,"valueName":"search_term_string"}}],"inLanguage":"en-US"},{"@type":"Organization","@id":"https:\/\/blackholediscos.com\/#organization","name":"Black Hole Discos","url":"https:\/\/blackholediscos.com\/","logo":{"@type":"ImageObject","inLanguage":"en-US","@id":"https:\/\/blackholediscos.com\/#\/schema\/logo\/image\/","url":"https:\/\/blackholediscos.com\/wp-content\/uploads\/2024\/06\/black-hole-discos-vinis-logo.png","contentUrl":"https:\/\/blackholediscos.com\/wp-content\/uploads\/2024\/06\/black-hole-discos-vinis-logo.png","width":70,"height":66,"caption":"Black Hole Discos"},"image":{"@id":"https:\/\/blackholediscos.com\/#\/schema\/logo\/image\/"},"sameAs":["https:\/\/www.instagram.com\/blackholediscos\/"]}]}},"_links":{"self":[{"href":"https:\/\/blackholediscos.com\/en\/wp-json\/wp\/v2\/product\/5511","targetHints":{"allow":["GET"]}}],"collection":[{"href":"https:\/\/blackholediscos.com\/en\/wp-json\/wp\/v2\/product"}],"about":[{"href":"https:\/\/blackholediscos.com\/en\/wp-json\/wp\/v2\/types\/product"}],"replies":[{"embeddable":true,"href":"https:\/\/blackholediscos.com\/en\/wp-json\/wp\/v2\/comments?post=5511"}],"wp:featuredmedia":[{"embeddable":true,"href":"https:\/\/blackholediscos.com\/en\/wp-json\/wp\/v2\/media\/5335"}],"wp:attachment":[{"href":"https:\/\/blackholediscos.com\/en\/wp-json\/wp\/v2\/media?parent=5511"}],"wp:term":[{"taxonomy":"product_brand","embeddable":true,"href":"https:\/\/blackholediscos.com\/en\/wp-json\/wp\/v2\/product_brand?post=5511"},{"taxonomy":"product_cat","embeddable":true,"href":"https:\/\/blackholediscos.com\/en\/wp-json\/wp\/v2\/product_cat?post=5511"},{"taxonomy":"product_tag","embeddable":true,"href":"https:\/\/blackholediscos.com\/en\/wp-json\/wp\/v2\/product_tag?post=5511"},{"taxonomy":"artista","embeddable":true,"href":"https:\/\/blackholediscos.com\/en\/wp-json\/wp\/v2\/artista?post=5511"},{"taxonomy":"produtora","embeddable":true,"href":"https:\/\/blackholediscos.com\/en\/wp-json\/wp\/v2\/produtora?post=5511"},{"taxonomy":"ano","embeddable":true,"href":"https:\/\/blackholediscos.com\/en\/wp-json\/wp\/v2\/ano?post=5511"}],"curies":[{"name":"wp","href":"https:\/\/api.w.org\/{rel}","templated":true}]}}