{"id":5158,"date":"2024-11-09T19:04:59","date_gmt":"2024-11-09T19:04:59","guid":{"rendered":"https:\/\/blackholediscos.com\/?post_type=product&#038;p=5158"},"modified":"2024-11-09T19:04:59","modified_gmt":"2024-11-09T19:04:59","slug":"miltinho-enigma","status":"publish","type":"product","link":"https:\/\/blackholediscos.com\/en\/product\/miltinho-enigma\/","title":{"rendered":"Miltinho &#8211; Enigma"},"content":{"rendered":"<p>Label:<br \/>\nNiter\u00f3i Discos \u2013 ND 025<br \/>\nFormat:<br \/>\nVinyl, LP, Album, Stereo<br \/>\nCountry:<br \/>\nBrazil<br \/>\nReleased:<br \/>\n1992<br \/>\nGenre:<br \/>\nJazz, Latin<br \/>\nStyle:<br \/>\nMPB, Bossa Nova<\/p>\n<p>A1\t\tEnigma<br \/>\nA2\t\tCobaia<br \/>\nA3\t\tProclama\u00e7\u00e3o<br \/>\nA4\t\tC\u00e9u de Brigadeiro<br \/>\nA5\t\tPor Quem Merece Amor (Por Quien Merece Amor)<br \/>\nB1\t\tTrem Doido<br \/>\nB2\t\tMel Silvestre<br \/>\nB3\t\tCad\u00ea Maria<br \/>\nB4\t\tFeiti\u00e7aria<br \/>\nB5\t\tPreciso de Um Tempo<\/p>","protected":false},"excerpt":{"rendered":"<p>Label: Niter\u00f3i Discos \u2013 ND 025 Format: Vinyl, LP, Album, Stereo Country: Brazil Released: 1992 Genre: Jazz, Latin Style: MPB, Bossa Nova A1 Enigma A2 Cobaia A3 Proclama\u00e7\u00e3o A4 C\u00e9u de Brigadeiro A5 Por Quem Merece Amor (Por Quien Merece Amor) B1 Trem Doido B2 Mel Silvestre B3 Cad\u00ea Maria B4 Feiti\u00e7aria B5 Preciso de [&hellip;]<\/p>\n","protected":false},"featured_media":5079,"comment_status":"open","ping_status":"closed","template":"","meta":{"_acf_changed":false},"product_brand":[],"product_cat":[39,966],"product_tag":[],"artista":[968],"produtora":[],"ano":[483],"class_list":{"0":"post-5158","1":"product","2":"type-product","3":"status-publish","4":"has-post-thumbnail","6":"product_cat-mpb","7":"product_cat-niteroi-discos","8":"artista-miltinho","9":"ano-483","11":"first","12":"instock","13":"shipping-taxable","14":"purchasable","15":"product-type-simple"},"acf":[],"yoast_head":"<!-- This site is optimized with the Yoast SEO plugin v27.3 - https:\/\/yoast.com\/product\/yoast-seo-wordpress\/ -->\n<title>Miltinho - Enigma - Black Hole Discos<\/title>\n<meta name=\"robots\" content=\"index, follow, max-snippet:-1, max-image-preview:large, max-video-preview:-1\" \/>\n<link rel=\"canonical\" href=\"https:\/\/blackholediscos.com\/en\/product\/miltinho-enigma\/\" \/>\n<meta property=\"og:locale\" content=\"en_US\" \/>\n<meta property=\"og:type\" content=\"article\" \/>\n<meta property=\"og:title\" content=\"Miltinho - Enigma - Black Hole Discos\" \/>\n<meta property=\"og:description\" content=\"Label: Niter\u00f3i Discos \u2013 ND 025 Format: Vinyl, LP, Album, Stereo Country: Brazil Released: 1992 Genre: Jazz, Latin Style: MPB, Bossa Nova A1 Enigma A2 Cobaia A3 Proclama\u00e7\u00e3o A4 C\u00e9u de Brigadeiro A5 Por Quem Merece Amor (Por Quien Merece Amor) B1 Trem Doido B2 Mel Silvestre B3 Cad\u00ea Maria B4 Feiti\u00e7aria B5 Preciso de [&hellip;]\" \/>\n<meta property=\"og:url\" content=\"https:\/\/blackholediscos.com\/en\/product\/miltinho-enigma\/\" \/>\n<meta property=\"og:site_name\" content=\"Black Hole Discos\" \/>\n<meta property=\"article:publisher\" content=\"https:\/\/www.instagram.com\/blackholediscos\/\" \/>\n<meta property=\"og:image\" content=\"https:\/\/blackholediscos.com\/wp-content\/uploads\/2024\/11\/IMG_4396-scaled.jpeg\" \/>\n\t<meta property=\"og:image:width\" content=\"2560\" \/>\n\t<meta property=\"og:image:height\" content=\"2560\" \/>\n\t<meta property=\"og:image:type\" content=\"image\/jpeg\" \/>\n<meta name=\"twitter:card\" content=\"summary_large_image\" \/>\n<meta name=\"twitter:label1\" content=\"Est. reading time\" \/>\n\t<meta name=\"twitter:data1\" content=\"1 minute\" \/>\n<script type=\"application\/ld+json\" class=\"yoast-schema-graph\">{\"@context\":\"https:\\\/\\\/schema.org\",\"@graph\":[{\"@type\":\"WebPage\",\"@id\":\"https:\\\/\\\/blackholediscos.com\\\/product\\\/miltinho-enigma\\\/\",\"url\":\"https:\\\/\\\/blackholediscos.com\\\/product\\\/miltinho-enigma\\\/\",\"name\":\"Miltinho - Enigma - Black Hole Discos\",\"isPartOf\":{\"@id\":\"https:\\\/\\\/blackholediscos.com\\\/#website\"},\"primaryImageOfPage\":{\"@id\":\"https:\\\/\\\/blackholediscos.com\\\/product\\\/miltinho-enigma\\\/#primaryimage\"},\"image\":{\"@id\":\"https:\\\/\\\/blackholediscos.com\\\/product\\\/miltinho-enigma\\\/#primaryimage\"},\"thumbnailUrl\":\"https:\\\/\\\/blackholediscos.com\\\/wp-content\\\/uploads\\\/2024\\\/11\\\/IMG_4396-scaled.jpeg\",\"datePublished\":\"2024-11-09T19:04:59+00:00\",\"breadcrumb\":{\"@id\":\"https:\\\/\\\/blackholediscos.com\\\/product\\\/miltinho-enigma\\\/#breadcrumb\"},\"inLanguage\":\"en-US\",\"potentialAction\":[{\"@type\":\"ReadAction\",\"target\":[\"https:\\\/\\\/blackholediscos.com\\\/product\\\/miltinho-enigma\\\/\"]}]},{\"@type\":\"ImageObject\",\"inLanguage\":\"en-US\",\"@id\":\"https:\\\/\\\/blackholediscos.com\\\/product\\\/miltinho-enigma\\\/#primaryimage\",\"url\":\"https:\\\/\\\/blackholediscos.com\\\/wp-content\\\/uploads\\\/2024\\\/11\\\/IMG_4396-scaled.jpeg\",\"contentUrl\":\"https:\\\/\\\/blackholediscos.com\\\/wp-content\\\/uploads\\\/2024\\\/11\\\/IMG_4396-scaled.jpeg\",\"width\":2560,\"height\":2560},{\"@type\":\"BreadcrumbList\",\"@id\":\"https:\\\/\\\/blackholediscos.com\\\/product\\\/miltinho-enigma\\\/#breadcrumb\",\"itemListElement\":[{\"@type\":\"ListItem\",\"position\":1,\"name\":\"In\u00edcio\",\"item\":\"https:\\\/\\\/blackholediscos.com\\\/\"},{\"@type\":\"ListItem\",\"position\":2,\"name\":\"Shop\",\"item\":\"https:\\\/\\\/blackholediscos.com\\\/shop\\\/\"},{\"@type\":\"ListItem\",\"position\":3,\"name\":\"Miltinho &#8211; Enigma\"}]},{\"@type\":\"WebSite\",\"@id\":\"https:\\\/\\\/blackholediscos.com\\\/#website\",\"url\":\"https:\\\/\\\/blackholediscos.com\\\/\",\"name\":\"Black Hole Discos\",\"description\":\"Brazilian music LPs\",\"publisher\":{\"@id\":\"https:\\\/\\\/blackholediscos.com\\\/#organization\"},\"potentialAction\":[{\"@type\":\"SearchAction\",\"target\":{\"@type\":\"EntryPoint\",\"urlTemplate\":\"https:\\\/\\\/blackholediscos.com\\\/?s={search_term_string}\"},\"query-input\":{\"@type\":\"PropertyValueSpecification\",\"valueRequired\":true,\"valueName\":\"search_term_string\"}}],\"inLanguage\":\"en-US\"},{\"@type\":\"Organization\",\"@id\":\"https:\\\/\\\/blackholediscos.com\\\/#organization\",\"name\":\"Black Hole Discos\",\"url\":\"https:\\\/\\\/blackholediscos.com\\\/\",\"logo\":{\"@type\":\"ImageObject\",\"inLanguage\":\"en-US\",\"@id\":\"https:\\\/\\\/blackholediscos.com\\\/#\\\/schema\\\/logo\\\/image\\\/\",\"url\":\"https:\\\/\\\/blackholediscos.com\\\/wp-content\\\/uploads\\\/2024\\\/06\\\/black-hole-discos-vinis-logo.png\",\"contentUrl\":\"https:\\\/\\\/blackholediscos.com\\\/wp-content\\\/uploads\\\/2024\\\/06\\\/black-hole-discos-vinis-logo.png\",\"width\":70,\"height\":66,\"caption\":\"Black Hole Discos\"},\"image\":{\"@id\":\"https:\\\/\\\/blackholediscos.com\\\/#\\\/schema\\\/logo\\\/image\\\/\"},\"sameAs\":[\"https:\\\/\\\/www.instagram.com\\\/blackholediscos\\\/\"]}]}<\/script>\n<!-- \/ Yoast SEO plugin. -->","yoast_head_json":{"title":"Miltinho - Enigma - Black Hole Discos","robots":{"index":"index","follow":"follow","max-snippet":"max-snippet:-1","max-image-preview":"max-image-preview:large","max-video-preview":"max-video-preview:-1"},"canonical":"https:\/\/blackholediscos.com\/en\/product\/miltinho-enigma\/","og_locale":"en_US","og_type":"article","og_title":"Miltinho - Enigma - Black Hole Discos","og_description":"Label: Niter\u00f3i Discos \u2013 ND 025 Format: Vinyl, LP, Album, Stereo Country: Brazil Released: 1992 Genre: Jazz, Latin Style: MPB, Bossa Nova A1 Enigma A2 Cobaia A3 Proclama\u00e7\u00e3o A4 C\u00e9u de Brigadeiro A5 Por Quem Merece Amor (Por Quien Merece Amor) B1 Trem Doido B2 Mel Silvestre B3 Cad\u00ea Maria B4 Feiti\u00e7aria B5 Preciso de [&hellip;]","og_url":"https:\/\/blackholediscos.com\/en\/product\/miltinho-enigma\/","og_site_name":"Black Hole Discos","article_publisher":"https:\/\/www.instagram.com\/blackholediscos\/","og_image":[{"width":2560,"height":2560,"url":"https:\/\/blackholediscos.com\/wp-content\/uploads\/2024\/11\/IMG_4396-scaled.jpeg","type":"image\/jpeg"}],"twitter_card":"summary_large_image","twitter_misc":{"Est. reading time":"1 minute"},"schema":{"@context":"https:\/\/schema.org","@graph":[{"@type":"WebPage","@id":"https:\/\/blackholediscos.com\/product\/miltinho-enigma\/","url":"https:\/\/blackholediscos.com\/product\/miltinho-enigma\/","name":"Miltinho - Enigma - Black Hole Discos","isPartOf":{"@id":"https:\/\/blackholediscos.com\/#website"},"primaryImageOfPage":{"@id":"https:\/\/blackholediscos.com\/product\/miltinho-enigma\/#primaryimage"},"image":{"@id":"https:\/\/blackholediscos.com\/product\/miltinho-enigma\/#primaryimage"},"thumbnailUrl":"https:\/\/blackholediscos.com\/wp-content\/uploads\/2024\/11\/IMG_4396-scaled.jpeg","datePublished":"2024-11-09T19:04:59+00:00","breadcrumb":{"@id":"https:\/\/blackholediscos.com\/product\/miltinho-enigma\/#breadcrumb"},"inLanguage":"en-US","potentialAction":[{"@type":"ReadAction","target":["https:\/\/blackholediscos.com\/product\/miltinho-enigma\/"]}]},{"@type":"ImageObject","inLanguage":"en-US","@id":"https:\/\/blackholediscos.com\/product\/miltinho-enigma\/#primaryimage","url":"https:\/\/blackholediscos.com\/wp-content\/uploads\/2024\/11\/IMG_4396-scaled.jpeg","contentUrl":"https:\/\/blackholediscos.com\/wp-content\/uploads\/2024\/11\/IMG_4396-scaled.jpeg","width":2560,"height":2560},{"@type":"BreadcrumbList","@id":"https:\/\/blackholediscos.com\/product\/miltinho-enigma\/#breadcrumb","itemListElement":[{"@type":"ListItem","position":1,"name":"In\u00edcio","item":"https:\/\/blackholediscos.com\/"},{"@type":"ListItem","position":2,"name":"Shop","item":"https:\/\/blackholediscos.com\/shop\/"},{"@type":"ListItem","position":3,"name":"Miltinho &#8211; Enigma"}]},{"@type":"WebSite","@id":"https:\/\/blackholediscos.com\/#website","url":"https:\/\/blackholediscos.com\/","name":"Black Hole Discos","description":"Brazilian music LPs","publisher":{"@id":"https:\/\/blackholediscos.com\/#organization"},"potentialAction":[{"@type":"SearchAction","target":{"@type":"EntryPoint","urlTemplate":"https:\/\/blackholediscos.com\/?s={search_term_string}"},"query-input":{"@type":"PropertyValueSpecification","valueRequired":true,"valueName":"search_term_string"}}],"inLanguage":"en-US"},{"@type":"Organization","@id":"https:\/\/blackholediscos.com\/#organization","name":"Black Hole Discos","url":"https:\/\/blackholediscos.com\/","logo":{"@type":"ImageObject","inLanguage":"en-US","@id":"https:\/\/blackholediscos.com\/#\/schema\/logo\/image\/","url":"https:\/\/blackholediscos.com\/wp-content\/uploads\/2024\/06\/black-hole-discos-vinis-logo.png","contentUrl":"https:\/\/blackholediscos.com\/wp-content\/uploads\/2024\/06\/black-hole-discos-vinis-logo.png","width":70,"height":66,"caption":"Black Hole Discos"},"image":{"@id":"https:\/\/blackholediscos.com\/#\/schema\/logo\/image\/"},"sameAs":["https:\/\/www.instagram.com\/blackholediscos\/"]}]}},"_links":{"self":[{"href":"https:\/\/blackholediscos.com\/en\/wp-json\/wp\/v2\/product\/5158","targetHints":{"allow":["GET"]}}],"collection":[{"href":"https:\/\/blackholediscos.com\/en\/wp-json\/wp\/v2\/product"}],"about":[{"href":"https:\/\/blackholediscos.com\/en\/wp-json\/wp\/v2\/types\/product"}],"replies":[{"embeddable":true,"href":"https:\/\/blackholediscos.com\/en\/wp-json\/wp\/v2\/comments?post=5158"}],"wp:featuredmedia":[{"embeddable":true,"href":"https:\/\/blackholediscos.com\/en\/wp-json\/wp\/v2\/media\/5079"}],"wp:attachment":[{"href":"https:\/\/blackholediscos.com\/en\/wp-json\/wp\/v2\/media?parent=5158"}],"wp:term":[{"taxonomy":"product_brand","embeddable":true,"href":"https:\/\/blackholediscos.com\/en\/wp-json\/wp\/v2\/product_brand?post=5158"},{"taxonomy":"product_cat","embeddable":true,"href":"https:\/\/blackholediscos.com\/en\/wp-json\/wp\/v2\/product_cat?post=5158"},{"taxonomy":"product_tag","embeddable":true,"href":"https:\/\/blackholediscos.com\/en\/wp-json\/wp\/v2\/product_tag?post=5158"},{"taxonomy":"artista","embeddable":true,"href":"https:\/\/blackholediscos.com\/en\/wp-json\/wp\/v2\/artista?post=5158"},{"taxonomy":"produtora","embeddable":true,"href":"https:\/\/blackholediscos.com\/en\/wp-json\/wp\/v2\/produtora?post=5158"},{"taxonomy":"ano","embeddable":true,"href":"https:\/\/blackholediscos.com\/en\/wp-json\/wp\/v2\/ano?post=5158"}],"curies":[{"name":"wp","href":"https:\/\/api.w.org\/{rel}","templated":true}]}}