{"id":5154,"date":"2024-11-01T22:19:55","date_gmt":"2024-11-01T22:19:55","guid":{"rendered":"https:\/\/blackholediscos.com\/?post_type=product&#038;p=5154"},"modified":"2024-11-01T22:19:55","modified_gmt":"2024-11-01T22:19:55","slug":"mauro-costa-jr-um-toque-cigano","status":"publish","type":"product","link":"https:\/\/blackholediscos.com\/en\/product\/mauro-costa-jr-um-toque-cigano\/","title":{"rendered":"Mauro Costa JR &#8211; Um toque Cigano"},"content":{"rendered":"<p>Lp em perfeito estado de conserva\u00e7\u00e3o.<\/p>\n<p>Label:<br \/>\nNiter\u00f3i Discos \u2013 ND 030<br \/>\nFormat:<br \/>\nVinyl, LP, Album<br \/>\nCountry:<br \/>\nBrazil<br \/>\nReleased:<br \/>\n1993<br \/>\nGenre:<br \/>\nElectronic, Jazz, Latin<br \/>\nStyle:<br \/>\nMPB, Latin Jazz, New Age<\/p>\n<p>A1\t\tShangai<br \/>\nA2\t\tUm Toque Cigano<br \/>\nA3\t\tSalamandra &#8211; A Dan\u00e7a do Fogo<br \/>\nB1\t\tTa\u00e7a de Vinho<br \/>\nB2\t\tResplendor<br \/>\nB3\t\tAmo Essa Mulher<\/p>","protected":false},"excerpt":{"rendered":"<p>Lp em perfeito estado de conserva\u00e7\u00e3o. Label: Niter\u00f3i Discos \u2013 ND 030 Format: Vinyl, LP, Album Country: Brazil Released: 1993 Genre: Electronic, Jazz, Latin Style: MPB, Latin Jazz, New Age A1 Shangai A2 Um Toque Cigano A3 Salamandra &#8211; A Dan\u00e7a do Fogo B1 Ta\u00e7a de Vinho B2 Resplendor B3 Amo Essa Mulher<\/p>","protected":false},"featured_media":5067,"comment_status":"open","ping_status":"closed","template":"","meta":{"_acf_changed":false},"product_brand":[],"product_cat":[39,966],"product_tag":[],"artista":[967],"produtora":[],"ano":[483],"class_list":{"0":"post-5154","1":"product","2":"type-product","3":"status-publish","4":"has-post-thumbnail","6":"product_cat-mpb","7":"product_cat-niteroi-discos","8":"artista-mauro-costa-jr","9":"ano-483","11":"first","12":"instock","13":"shipping-taxable","14":"purchasable","15":"product-type-simple"},"acf":[],"yoast_head":"<!-- This site is optimized with the Yoast SEO plugin v27.3 - https:\/\/yoast.com\/product\/yoast-seo-wordpress\/ -->\n<title>Mauro Costa JR - Um toque Cigano - Black Hole Discos<\/title>\n<meta name=\"robots\" content=\"index, follow, max-snippet:-1, max-image-preview:large, max-video-preview:-1\" \/>\n<link rel=\"canonical\" href=\"https:\/\/blackholediscos.com\/en\/product\/mauro-costa-jr-um-toque-cigano\/\" \/>\n<meta property=\"og:locale\" content=\"en_US\" \/>\n<meta property=\"og:type\" content=\"article\" \/>\n<meta property=\"og:title\" content=\"Mauro Costa JR - Um toque Cigano - Black Hole Discos\" \/>\n<meta property=\"og:description\" content=\"Lp em perfeito estado de conserva\u00e7\u00e3o. Label: Niter\u00f3i Discos \u2013 ND 030 Format: Vinyl, LP, Album Country: Brazil Released: 1993 Genre: Electronic, Jazz, Latin Style: MPB, Latin Jazz, New Age A1 Shangai A2 Um Toque Cigano A3 Salamandra &#8211; A Dan\u00e7a do Fogo B1 Ta\u00e7a de Vinho B2 Resplendor B3 Amo Essa Mulher\" \/>\n<meta property=\"og:url\" content=\"https:\/\/blackholediscos.com\/en\/product\/mauro-costa-jr-um-toque-cigano\/\" \/>\n<meta property=\"og:site_name\" content=\"Black Hole Discos\" \/>\n<meta property=\"article:publisher\" content=\"https:\/\/www.instagram.com\/blackholediscos\/\" \/>\n<meta property=\"og:image\" content=\"https:\/\/blackholediscos.com\/wp-content\/uploads\/2024\/11\/IMG_4384-scaled.jpeg\" \/>\n\t<meta property=\"og:image:width\" content=\"2560\" \/>\n\t<meta property=\"og:image:height\" content=\"2560\" \/>\n\t<meta property=\"og:image:type\" content=\"image\/jpeg\" \/>\n<meta name=\"twitter:card\" content=\"summary_large_image\" \/>\n<meta name=\"twitter:label1\" content=\"Est. reading time\" \/>\n\t<meta name=\"twitter:data1\" content=\"1 minute\" \/>\n<script type=\"application\/ld+json\" class=\"yoast-schema-graph\">{\"@context\":\"https:\\\/\\\/schema.org\",\"@graph\":[{\"@type\":\"WebPage\",\"@id\":\"https:\\\/\\\/blackholediscos.com\\\/product\\\/mauro-costa-jr-um-toque-cigano\\\/\",\"url\":\"https:\\\/\\\/blackholediscos.com\\\/product\\\/mauro-costa-jr-um-toque-cigano\\\/\",\"name\":\"Mauro Costa JR - Um toque Cigano - Black Hole Discos\",\"isPartOf\":{\"@id\":\"https:\\\/\\\/blackholediscos.com\\\/#website\"},\"primaryImageOfPage\":{\"@id\":\"https:\\\/\\\/blackholediscos.com\\\/product\\\/mauro-costa-jr-um-toque-cigano\\\/#primaryimage\"},\"image\":{\"@id\":\"https:\\\/\\\/blackholediscos.com\\\/product\\\/mauro-costa-jr-um-toque-cigano\\\/#primaryimage\"},\"thumbnailUrl\":\"https:\\\/\\\/blackholediscos.com\\\/wp-content\\\/uploads\\\/2024\\\/11\\\/IMG_4384-scaled.jpeg\",\"datePublished\":\"2024-11-01T22:19:55+00:00\",\"breadcrumb\":{\"@id\":\"https:\\\/\\\/blackholediscos.com\\\/product\\\/mauro-costa-jr-um-toque-cigano\\\/#breadcrumb\"},\"inLanguage\":\"en-US\",\"potentialAction\":[{\"@type\":\"ReadAction\",\"target\":[\"https:\\\/\\\/blackholediscos.com\\\/product\\\/mauro-costa-jr-um-toque-cigano\\\/\"]}]},{\"@type\":\"ImageObject\",\"inLanguage\":\"en-US\",\"@id\":\"https:\\\/\\\/blackholediscos.com\\\/product\\\/mauro-costa-jr-um-toque-cigano\\\/#primaryimage\",\"url\":\"https:\\\/\\\/blackholediscos.com\\\/wp-content\\\/uploads\\\/2024\\\/11\\\/IMG_4384-scaled.jpeg\",\"contentUrl\":\"https:\\\/\\\/blackholediscos.com\\\/wp-content\\\/uploads\\\/2024\\\/11\\\/IMG_4384-scaled.jpeg\",\"width\":2560,\"height\":2560},{\"@type\":\"BreadcrumbList\",\"@id\":\"https:\\\/\\\/blackholediscos.com\\\/product\\\/mauro-costa-jr-um-toque-cigano\\\/#breadcrumb\",\"itemListElement\":[{\"@type\":\"ListItem\",\"position\":1,\"name\":\"In\u00edcio\",\"item\":\"https:\\\/\\\/blackholediscos.com\\\/\"},{\"@type\":\"ListItem\",\"position\":2,\"name\":\"Shop\",\"item\":\"https:\\\/\\\/blackholediscos.com\\\/shop\\\/\"},{\"@type\":\"ListItem\",\"position\":3,\"name\":\"Mauro Costa JR &#8211; Um toque Cigano\"}]},{\"@type\":\"WebSite\",\"@id\":\"https:\\\/\\\/blackholediscos.com\\\/#website\",\"url\":\"https:\\\/\\\/blackholediscos.com\\\/\",\"name\":\"Black Hole Discos\",\"description\":\"Brazilian music LPs\",\"publisher\":{\"@id\":\"https:\\\/\\\/blackholediscos.com\\\/#organization\"},\"potentialAction\":[{\"@type\":\"SearchAction\",\"target\":{\"@type\":\"EntryPoint\",\"urlTemplate\":\"https:\\\/\\\/blackholediscos.com\\\/?s={search_term_string}\"},\"query-input\":{\"@type\":\"PropertyValueSpecification\",\"valueRequired\":true,\"valueName\":\"search_term_string\"}}],\"inLanguage\":\"en-US\"},{\"@type\":\"Organization\",\"@id\":\"https:\\\/\\\/blackholediscos.com\\\/#organization\",\"name\":\"Black Hole Discos\",\"url\":\"https:\\\/\\\/blackholediscos.com\\\/\",\"logo\":{\"@type\":\"ImageObject\",\"inLanguage\":\"en-US\",\"@id\":\"https:\\\/\\\/blackholediscos.com\\\/#\\\/schema\\\/logo\\\/image\\\/\",\"url\":\"https:\\\/\\\/blackholediscos.com\\\/wp-content\\\/uploads\\\/2024\\\/06\\\/black-hole-discos-vinis-logo.png\",\"contentUrl\":\"https:\\\/\\\/blackholediscos.com\\\/wp-content\\\/uploads\\\/2024\\\/06\\\/black-hole-discos-vinis-logo.png\",\"width\":70,\"height\":66,\"caption\":\"Black Hole Discos\"},\"image\":{\"@id\":\"https:\\\/\\\/blackholediscos.com\\\/#\\\/schema\\\/logo\\\/image\\\/\"},\"sameAs\":[\"https:\\\/\\\/www.instagram.com\\\/blackholediscos\\\/\"]}]}<\/script>\n<!-- \/ Yoast SEO plugin. -->","yoast_head_json":{"title":"Mauro Costa JR - Um toque Cigano - Black Hole Discos","robots":{"index":"index","follow":"follow","max-snippet":"max-snippet:-1","max-image-preview":"max-image-preview:large","max-video-preview":"max-video-preview:-1"},"canonical":"https:\/\/blackholediscos.com\/en\/product\/mauro-costa-jr-um-toque-cigano\/","og_locale":"en_US","og_type":"article","og_title":"Mauro Costa JR - Um toque Cigano - Black Hole Discos","og_description":"Lp em perfeito estado de conserva\u00e7\u00e3o. Label: Niter\u00f3i Discos \u2013 ND 030 Format: Vinyl, LP, Album Country: Brazil Released: 1993 Genre: Electronic, Jazz, Latin Style: MPB, Latin Jazz, New Age A1 Shangai A2 Um Toque Cigano A3 Salamandra &#8211; A Dan\u00e7a do Fogo B1 Ta\u00e7a de Vinho B2 Resplendor B3 Amo Essa Mulher","og_url":"https:\/\/blackholediscos.com\/en\/product\/mauro-costa-jr-um-toque-cigano\/","og_site_name":"Black Hole Discos","article_publisher":"https:\/\/www.instagram.com\/blackholediscos\/","og_image":[{"width":2560,"height":2560,"url":"https:\/\/blackholediscos.com\/wp-content\/uploads\/2024\/11\/IMG_4384-scaled.jpeg","type":"image\/jpeg"}],"twitter_card":"summary_large_image","twitter_misc":{"Est. reading time":"1 minute"},"schema":{"@context":"https:\/\/schema.org","@graph":[{"@type":"WebPage","@id":"https:\/\/blackholediscos.com\/product\/mauro-costa-jr-um-toque-cigano\/","url":"https:\/\/blackholediscos.com\/product\/mauro-costa-jr-um-toque-cigano\/","name":"Mauro Costa JR - Um toque Cigano - Black Hole Discos","isPartOf":{"@id":"https:\/\/blackholediscos.com\/#website"},"primaryImageOfPage":{"@id":"https:\/\/blackholediscos.com\/product\/mauro-costa-jr-um-toque-cigano\/#primaryimage"},"image":{"@id":"https:\/\/blackholediscos.com\/product\/mauro-costa-jr-um-toque-cigano\/#primaryimage"},"thumbnailUrl":"https:\/\/blackholediscos.com\/wp-content\/uploads\/2024\/11\/IMG_4384-scaled.jpeg","datePublished":"2024-11-01T22:19:55+00:00","breadcrumb":{"@id":"https:\/\/blackholediscos.com\/product\/mauro-costa-jr-um-toque-cigano\/#breadcrumb"},"inLanguage":"en-US","potentialAction":[{"@type":"ReadAction","target":["https:\/\/blackholediscos.com\/product\/mauro-costa-jr-um-toque-cigano\/"]}]},{"@type":"ImageObject","inLanguage":"en-US","@id":"https:\/\/blackholediscos.com\/product\/mauro-costa-jr-um-toque-cigano\/#primaryimage","url":"https:\/\/blackholediscos.com\/wp-content\/uploads\/2024\/11\/IMG_4384-scaled.jpeg","contentUrl":"https:\/\/blackholediscos.com\/wp-content\/uploads\/2024\/11\/IMG_4384-scaled.jpeg","width":2560,"height":2560},{"@type":"BreadcrumbList","@id":"https:\/\/blackholediscos.com\/product\/mauro-costa-jr-um-toque-cigano\/#breadcrumb","itemListElement":[{"@type":"ListItem","position":1,"name":"In\u00edcio","item":"https:\/\/blackholediscos.com\/"},{"@type":"ListItem","position":2,"name":"Shop","item":"https:\/\/blackholediscos.com\/shop\/"},{"@type":"ListItem","position":3,"name":"Mauro Costa JR &#8211; Um toque Cigano"}]},{"@type":"WebSite","@id":"https:\/\/blackholediscos.com\/#website","url":"https:\/\/blackholediscos.com\/","name":"Black Hole Discos","description":"Brazilian music LPs","publisher":{"@id":"https:\/\/blackholediscos.com\/#organization"},"potentialAction":[{"@type":"SearchAction","target":{"@type":"EntryPoint","urlTemplate":"https:\/\/blackholediscos.com\/?s={search_term_string}"},"query-input":{"@type":"PropertyValueSpecification","valueRequired":true,"valueName":"search_term_string"}}],"inLanguage":"en-US"},{"@type":"Organization","@id":"https:\/\/blackholediscos.com\/#organization","name":"Black Hole Discos","url":"https:\/\/blackholediscos.com\/","logo":{"@type":"ImageObject","inLanguage":"en-US","@id":"https:\/\/blackholediscos.com\/#\/schema\/logo\/image\/","url":"https:\/\/blackholediscos.com\/wp-content\/uploads\/2024\/06\/black-hole-discos-vinis-logo.png","contentUrl":"https:\/\/blackholediscos.com\/wp-content\/uploads\/2024\/06\/black-hole-discos-vinis-logo.png","width":70,"height":66,"caption":"Black Hole Discos"},"image":{"@id":"https:\/\/blackholediscos.com\/#\/schema\/logo\/image\/"},"sameAs":["https:\/\/www.instagram.com\/blackholediscos\/"]}]}},"_links":{"self":[{"href":"https:\/\/blackholediscos.com\/en\/wp-json\/wp\/v2\/product\/5154","targetHints":{"allow":["GET"]}}],"collection":[{"href":"https:\/\/blackholediscos.com\/en\/wp-json\/wp\/v2\/product"}],"about":[{"href":"https:\/\/blackholediscos.com\/en\/wp-json\/wp\/v2\/types\/product"}],"replies":[{"embeddable":true,"href":"https:\/\/blackholediscos.com\/en\/wp-json\/wp\/v2\/comments?post=5154"}],"wp:featuredmedia":[{"embeddable":true,"href":"https:\/\/blackholediscos.com\/en\/wp-json\/wp\/v2\/media\/5067"}],"wp:attachment":[{"href":"https:\/\/blackholediscos.com\/en\/wp-json\/wp\/v2\/media?parent=5154"}],"wp:term":[{"taxonomy":"product_brand","embeddable":true,"href":"https:\/\/blackholediscos.com\/en\/wp-json\/wp\/v2\/product_brand?post=5154"},{"taxonomy":"product_cat","embeddable":true,"href":"https:\/\/blackholediscos.com\/en\/wp-json\/wp\/v2\/product_cat?post=5154"},{"taxonomy":"product_tag","embeddable":true,"href":"https:\/\/blackholediscos.com\/en\/wp-json\/wp\/v2\/product_tag?post=5154"},{"taxonomy":"artista","embeddable":true,"href":"https:\/\/blackholediscos.com\/en\/wp-json\/wp\/v2\/artista?post=5154"},{"taxonomy":"produtora","embeddable":true,"href":"https:\/\/blackholediscos.com\/en\/wp-json\/wp\/v2\/produtora?post=5154"},{"taxonomy":"ano","embeddable":true,"href":"https:\/\/blackholediscos.com\/en\/wp-json\/wp\/v2\/ano?post=5154"}],"curies":[{"name":"wp","href":"https:\/\/api.w.org\/{rel}","templated":true}]}}