{"id":4933,"date":"2024-08-17T19:42:54","date_gmt":"2024-08-17T19:42:54","guid":{"rendered":"https:\/\/blackholediscos.com\/?post_type=product&#038;p=4933"},"modified":"2024-08-17T19:45:50","modified_gmt":"2024-08-17T19:45:50","slug":"novos-baianos-e-ferro-na-boneca","status":"publish","type":"product","link":"https:\/\/blackholediscos.com\/en\/product\/novos-baianos-e-ferro-na-boneca\/","title":{"rendered":"Novos baianos &#8211; \u00e9 Ferro na boneca !"},"content":{"rendered":"<p>Lp primeira prensagem  em excelente estado de conserva\u00e7\u00e3o capa e disco.<\/p>\n<p>A1 Ferro Na Boneca\t2:00<br \/>\nA2 Eu De Adjetivos\t3:00<br \/>\nA3 Outro Mambo, Outro Mundo\t2:18<br \/>\nA4 Col\u00e9gio De Aplica\u00e7\u00e3o\t1:45<br \/>\nA5 A Casca De Banana Que Eu Pisei\t2:45<\/p>\n<p>A6 Dona Nita E Dona Helena\t2:11<br \/>\nA7 Se Eu Quiser Eu Compro Flores\t3:19<br \/>\nB1 E O Samba Me Traiu\t2:00<br \/>\nB2 Baby Consuelo\t2:00<br \/>\nB3 Tangolete\t2:18<br \/>\nB4 Curto De V\u00e9u E Grinalda\t2:28<br \/>\nB5 Juventude Sexta E Sabado\t2:45<br \/>\nB6 De Vera<\/p>","protected":false},"excerpt":{"rendered":"<p>Lp primeira prensagem em excelente estado de conserva\u00e7\u00e3o capa e disco. A1 Ferro Na Boneca 2:00 A2 Eu De Adjetivos 3:00 A3 Outro Mambo, Outro Mundo 2:18 A4 Col\u00e9gio De Aplica\u00e7\u00e3o 1:45 A5 A Casca De Banana Que Eu Pisei 2:45 A6 Dona Nita E Dona Helena 2:11 A7 Se Eu Quiser Eu Compro Flores [&hellip;]<\/p>\n","protected":false},"featured_media":4918,"comment_status":"open","ping_status":"closed","template":"","meta":{"_acf_changed":false},"product_brand":[],"product_cat":[15],"product_tag":[],"artista":[117],"produtora":[182],"ano":[69],"class_list":{"0":"post-4933","1":"product","2":"type-product","3":"status-publish","4":"has-post-thumbnail","6":"product_cat-outros","7":"artista-novos-baianos","8":"produtora-rge","9":"ano-69","11":"first","12":"instock","13":"sold-individually","14":"shipping-taxable","15":"purchasable","16":"product-type-simple"},"acf":[],"yoast_head":"<!-- This site is optimized with the Yoast SEO plugin v27.3 - https:\/\/yoast.com\/product\/yoast-seo-wordpress\/ -->\n<title>Novos baianos - \u00e9 Ferro na boneca ! - Black Hole Discos<\/title>\n<meta name=\"robots\" content=\"index, follow, max-snippet:-1, max-image-preview:large, max-video-preview:-1\" \/>\n<link rel=\"canonical\" href=\"https:\/\/blackholediscos.com\/en\/product\/novos-baianos-e-ferro-na-boneca\/\" \/>\n<meta property=\"og:locale\" content=\"en_US\" \/>\n<meta property=\"og:type\" content=\"article\" \/>\n<meta property=\"og:title\" content=\"Novos baianos - \u00e9 Ferro na boneca ! - Black Hole Discos\" \/>\n<meta property=\"og:description\" content=\"Lp primeira prensagem em excelente estado de conserva\u00e7\u00e3o capa e disco. A1 Ferro Na Boneca 2:00 A2 Eu De Adjetivos 3:00 A3 Outro Mambo, Outro Mundo 2:18 A4 Col\u00e9gio De Aplica\u00e7\u00e3o 1:45 A5 A Casca De Banana Que Eu Pisei 2:45 A6 Dona Nita E Dona Helena 2:11 A7 Se Eu Quiser Eu Compro Flores [&hellip;]\" \/>\n<meta property=\"og:url\" content=\"https:\/\/blackholediscos.com\/en\/product\/novos-baianos-e-ferro-na-boneca\/\" \/>\n<meta property=\"og:site_name\" content=\"Black Hole Discos\" \/>\n<meta property=\"article:publisher\" content=\"https:\/\/www.instagram.com\/blackholediscos\/\" \/>\n<meta property=\"article:modified_time\" content=\"2024-08-17T19:45:50+00:00\" \/>\n<meta property=\"og:image\" content=\"https:\/\/blackholediscos.com\/wp-content\/uploads\/2024\/08\/IMG_0885-scaled.jpeg\" \/>\n\t<meta property=\"og:image:width\" content=\"2560\" \/>\n\t<meta property=\"og:image:height\" content=\"2560\" \/>\n\t<meta property=\"og:image:type\" content=\"image\/jpeg\" \/>\n<meta name=\"twitter:card\" content=\"summary_large_image\" \/>\n<meta name=\"twitter:label1\" content=\"Est. reading time\" \/>\n\t<meta name=\"twitter:data1\" content=\"1 minute\" \/>\n<script type=\"application\/ld+json\" class=\"yoast-schema-graph\">{\"@context\":\"https:\\\/\\\/schema.org\",\"@graph\":[{\"@type\":\"WebPage\",\"@id\":\"https:\\\/\\\/blackholediscos.com\\\/product\\\/novos-baianos-e-ferro-na-boneca\\\/\",\"url\":\"https:\\\/\\\/blackholediscos.com\\\/product\\\/novos-baianos-e-ferro-na-boneca\\\/\",\"name\":\"Novos baianos - \u00e9 Ferro na boneca ! - Black Hole Discos\",\"isPartOf\":{\"@id\":\"https:\\\/\\\/blackholediscos.com\\\/#website\"},\"primaryImageOfPage\":{\"@id\":\"https:\\\/\\\/blackholediscos.com\\\/product\\\/novos-baianos-e-ferro-na-boneca\\\/#primaryimage\"},\"image\":{\"@id\":\"https:\\\/\\\/blackholediscos.com\\\/product\\\/novos-baianos-e-ferro-na-boneca\\\/#primaryimage\"},\"thumbnailUrl\":\"https:\\\/\\\/blackholediscos.com\\\/wp-content\\\/uploads\\\/2024\\\/08\\\/IMG_0885-scaled.jpeg\",\"datePublished\":\"2024-08-17T19:42:54+00:00\",\"dateModified\":\"2024-08-17T19:45:50+00:00\",\"breadcrumb\":{\"@id\":\"https:\\\/\\\/blackholediscos.com\\\/product\\\/novos-baianos-e-ferro-na-boneca\\\/#breadcrumb\"},\"inLanguage\":\"en-US\",\"potentialAction\":[{\"@type\":\"ReadAction\",\"target\":[\"https:\\\/\\\/blackholediscos.com\\\/product\\\/novos-baianos-e-ferro-na-boneca\\\/\"]}]},{\"@type\":\"ImageObject\",\"inLanguage\":\"en-US\",\"@id\":\"https:\\\/\\\/blackholediscos.com\\\/product\\\/novos-baianos-e-ferro-na-boneca\\\/#primaryimage\",\"url\":\"https:\\\/\\\/blackholediscos.com\\\/wp-content\\\/uploads\\\/2024\\\/08\\\/IMG_0885-scaled.jpeg\",\"contentUrl\":\"https:\\\/\\\/blackholediscos.com\\\/wp-content\\\/uploads\\\/2024\\\/08\\\/IMG_0885-scaled.jpeg\",\"width\":2560,\"height\":2560},{\"@type\":\"BreadcrumbList\",\"@id\":\"https:\\\/\\\/blackholediscos.com\\\/product\\\/novos-baianos-e-ferro-na-boneca\\\/#breadcrumb\",\"itemListElement\":[{\"@type\":\"ListItem\",\"position\":1,\"name\":\"In\u00edcio\",\"item\":\"https:\\\/\\\/blackholediscos.com\\\/\"},{\"@type\":\"ListItem\",\"position\":2,\"name\":\"Shop\",\"item\":\"https:\\\/\\\/blackholediscos.com\\\/shop\\\/\"},{\"@type\":\"ListItem\",\"position\":3,\"name\":\"Novos baianos &#8211; \u00e9 Ferro na boneca !\"}]},{\"@type\":\"WebSite\",\"@id\":\"https:\\\/\\\/blackholediscos.com\\\/#website\",\"url\":\"https:\\\/\\\/blackholediscos.com\\\/\",\"name\":\"Black Hole Discos\",\"description\":\"Brazilian music LPs\",\"publisher\":{\"@id\":\"https:\\\/\\\/blackholediscos.com\\\/#organization\"},\"potentialAction\":[{\"@type\":\"SearchAction\",\"target\":{\"@type\":\"EntryPoint\",\"urlTemplate\":\"https:\\\/\\\/blackholediscos.com\\\/?s={search_term_string}\"},\"query-input\":{\"@type\":\"PropertyValueSpecification\",\"valueRequired\":true,\"valueName\":\"search_term_string\"}}],\"inLanguage\":\"en-US\"},{\"@type\":\"Organization\",\"@id\":\"https:\\\/\\\/blackholediscos.com\\\/#organization\",\"name\":\"Black Hole Discos\",\"url\":\"https:\\\/\\\/blackholediscos.com\\\/\",\"logo\":{\"@type\":\"ImageObject\",\"inLanguage\":\"en-US\",\"@id\":\"https:\\\/\\\/blackholediscos.com\\\/#\\\/schema\\\/logo\\\/image\\\/\",\"url\":\"https:\\\/\\\/blackholediscos.com\\\/wp-content\\\/uploads\\\/2024\\\/06\\\/black-hole-discos-vinis-logo.png\",\"contentUrl\":\"https:\\\/\\\/blackholediscos.com\\\/wp-content\\\/uploads\\\/2024\\\/06\\\/black-hole-discos-vinis-logo.png\",\"width\":70,\"height\":66,\"caption\":\"Black Hole Discos\"},\"image\":{\"@id\":\"https:\\\/\\\/blackholediscos.com\\\/#\\\/schema\\\/logo\\\/image\\\/\"},\"sameAs\":[\"https:\\\/\\\/www.instagram.com\\\/blackholediscos\\\/\"]}]}<\/script>\n<!-- \/ Yoast SEO plugin. -->","yoast_head_json":{"title":"Novos baianos - \u00e9 Ferro na boneca ! - Black Hole Discos","robots":{"index":"index","follow":"follow","max-snippet":"max-snippet:-1","max-image-preview":"max-image-preview:large","max-video-preview":"max-video-preview:-1"},"canonical":"https:\/\/blackholediscos.com\/en\/product\/novos-baianos-e-ferro-na-boneca\/","og_locale":"en_US","og_type":"article","og_title":"Novos baianos - \u00e9 Ferro na boneca ! - Black Hole Discos","og_description":"Lp primeira prensagem em excelente estado de conserva\u00e7\u00e3o capa e disco. A1 Ferro Na Boneca 2:00 A2 Eu De Adjetivos 3:00 A3 Outro Mambo, Outro Mundo 2:18 A4 Col\u00e9gio De Aplica\u00e7\u00e3o 1:45 A5 A Casca De Banana Que Eu Pisei 2:45 A6 Dona Nita E Dona Helena 2:11 A7 Se Eu Quiser Eu Compro Flores [&hellip;]","og_url":"https:\/\/blackholediscos.com\/en\/product\/novos-baianos-e-ferro-na-boneca\/","og_site_name":"Black Hole Discos","article_publisher":"https:\/\/www.instagram.com\/blackholediscos\/","article_modified_time":"2024-08-17T19:45:50+00:00","og_image":[{"width":2560,"height":2560,"url":"https:\/\/blackholediscos.com\/wp-content\/uploads\/2024\/08\/IMG_0885-scaled.jpeg","type":"image\/jpeg"}],"twitter_card":"summary_large_image","twitter_misc":{"Est. reading time":"1 minute"},"schema":{"@context":"https:\/\/schema.org","@graph":[{"@type":"WebPage","@id":"https:\/\/blackholediscos.com\/product\/novos-baianos-e-ferro-na-boneca\/","url":"https:\/\/blackholediscos.com\/product\/novos-baianos-e-ferro-na-boneca\/","name":"Novos baianos - \u00e9 Ferro na boneca ! - Black Hole Discos","isPartOf":{"@id":"https:\/\/blackholediscos.com\/#website"},"primaryImageOfPage":{"@id":"https:\/\/blackholediscos.com\/product\/novos-baianos-e-ferro-na-boneca\/#primaryimage"},"image":{"@id":"https:\/\/blackholediscos.com\/product\/novos-baianos-e-ferro-na-boneca\/#primaryimage"},"thumbnailUrl":"https:\/\/blackholediscos.com\/wp-content\/uploads\/2024\/08\/IMG_0885-scaled.jpeg","datePublished":"2024-08-17T19:42:54+00:00","dateModified":"2024-08-17T19:45:50+00:00","breadcrumb":{"@id":"https:\/\/blackholediscos.com\/product\/novos-baianos-e-ferro-na-boneca\/#breadcrumb"},"inLanguage":"en-US","potentialAction":[{"@type":"ReadAction","target":["https:\/\/blackholediscos.com\/product\/novos-baianos-e-ferro-na-boneca\/"]}]},{"@type":"ImageObject","inLanguage":"en-US","@id":"https:\/\/blackholediscos.com\/product\/novos-baianos-e-ferro-na-boneca\/#primaryimage","url":"https:\/\/blackholediscos.com\/wp-content\/uploads\/2024\/08\/IMG_0885-scaled.jpeg","contentUrl":"https:\/\/blackholediscos.com\/wp-content\/uploads\/2024\/08\/IMG_0885-scaled.jpeg","width":2560,"height":2560},{"@type":"BreadcrumbList","@id":"https:\/\/blackholediscos.com\/product\/novos-baianos-e-ferro-na-boneca\/#breadcrumb","itemListElement":[{"@type":"ListItem","position":1,"name":"In\u00edcio","item":"https:\/\/blackholediscos.com\/"},{"@type":"ListItem","position":2,"name":"Shop","item":"https:\/\/blackholediscos.com\/shop\/"},{"@type":"ListItem","position":3,"name":"Novos baianos &#8211; \u00e9 Ferro na boneca !"}]},{"@type":"WebSite","@id":"https:\/\/blackholediscos.com\/#website","url":"https:\/\/blackholediscos.com\/","name":"Black Hole Discos","description":"Brazilian music LPs","publisher":{"@id":"https:\/\/blackholediscos.com\/#organization"},"potentialAction":[{"@type":"SearchAction","target":{"@type":"EntryPoint","urlTemplate":"https:\/\/blackholediscos.com\/?s={search_term_string}"},"query-input":{"@type":"PropertyValueSpecification","valueRequired":true,"valueName":"search_term_string"}}],"inLanguage":"en-US"},{"@type":"Organization","@id":"https:\/\/blackholediscos.com\/#organization","name":"Black Hole Discos","url":"https:\/\/blackholediscos.com\/","logo":{"@type":"ImageObject","inLanguage":"en-US","@id":"https:\/\/blackholediscos.com\/#\/schema\/logo\/image\/","url":"https:\/\/blackholediscos.com\/wp-content\/uploads\/2024\/06\/black-hole-discos-vinis-logo.png","contentUrl":"https:\/\/blackholediscos.com\/wp-content\/uploads\/2024\/06\/black-hole-discos-vinis-logo.png","width":70,"height":66,"caption":"Black Hole Discos"},"image":{"@id":"https:\/\/blackholediscos.com\/#\/schema\/logo\/image\/"},"sameAs":["https:\/\/www.instagram.com\/blackholediscos\/"]}]}},"_links":{"self":[{"href":"https:\/\/blackholediscos.com\/en\/wp-json\/wp\/v2\/product\/4933","targetHints":{"allow":["GET"]}}],"collection":[{"href":"https:\/\/blackholediscos.com\/en\/wp-json\/wp\/v2\/product"}],"about":[{"href":"https:\/\/blackholediscos.com\/en\/wp-json\/wp\/v2\/types\/product"}],"replies":[{"embeddable":true,"href":"https:\/\/blackholediscos.com\/en\/wp-json\/wp\/v2\/comments?post=4933"}],"wp:featuredmedia":[{"embeddable":true,"href":"https:\/\/blackholediscos.com\/en\/wp-json\/wp\/v2\/media\/4918"}],"wp:attachment":[{"href":"https:\/\/blackholediscos.com\/en\/wp-json\/wp\/v2\/media?parent=4933"}],"wp:term":[{"taxonomy":"product_brand","embeddable":true,"href":"https:\/\/blackholediscos.com\/en\/wp-json\/wp\/v2\/product_brand?post=4933"},{"taxonomy":"product_cat","embeddable":true,"href":"https:\/\/blackholediscos.com\/en\/wp-json\/wp\/v2\/product_cat?post=4933"},{"taxonomy":"product_tag","embeddable":true,"href":"https:\/\/blackholediscos.com\/en\/wp-json\/wp\/v2\/product_tag?post=4933"},{"taxonomy":"artista","embeddable":true,"href":"https:\/\/blackholediscos.com\/en\/wp-json\/wp\/v2\/artista?post=4933"},{"taxonomy":"produtora","embeddable":true,"href":"https:\/\/blackholediscos.com\/en\/wp-json\/wp\/v2\/produtora?post=4933"},{"taxonomy":"ano","embeddable":true,"href":"https:\/\/blackholediscos.com\/en\/wp-json\/wp\/v2\/ano?post=4933"}],"curies":[{"name":"wp","href":"https:\/\/api.w.org\/{rel}","templated":true}]}}