{"id":4854,"date":"2024-08-07T18:52:33","date_gmt":"2024-08-07T18:52:33","guid":{"rendered":"https:\/\/blackholediscos.com\/?post_type=product&#038;p=4854"},"modified":"2024-08-07T19:17:05","modified_gmt":"2024-08-07T19:17:05","slug":"tim-maia-racional-vol-2","status":"publish","type":"product","link":"https:\/\/blackholediscos.com\/en\/product\/tim-maia-racional-vol-2\/","title":{"rendered":"Tim Maia &#8211; Racional Vol 2"},"content":{"rendered":"<p>Primeira edi\u00e7\u00e3o Seroma \u2013 0004-75 em perfeitas condi\u00e7\u00f5es.<\/p>\n<p>o \u00e1lbum &#8220;Racional Vol. 2&#8221;, ele apresenta uma fus\u00e3o \u00fanica de v\u00e1rios estilos, mantendo a ess\u00eancia da soul music e incorporando elementos do funk e da m\u00fasica brasileira. O \u00e1lbum \u00e9 conhecido por suas arranjos r\u00edtmicos vibrantes e suas melodias cativantes. As composi\u00e7\u00f5es s\u00e3o caracterizadas por um uso rico de instrumenta\u00e7\u00e3o, com destaque para os metais, guitarras e a se\u00e7\u00e3o r\u00edtmica, que proporcionam uma sonoridade muito envolvente.<\/p>\n<p>As letras das m\u00fasicas, que s\u00e3o mais introspectivas e filos\u00f3ficas, refletem as ideias e cren\u00e7as que Tim Maia adquiriu durante seu envolvimento com a Cultura Racional. Isso cria um contraste interessante entre a profundidade das letras e a alegria e energia das melodias. Can\u00e7\u00f5es como &#8220;O Que \u00e9, O Que \u00e9&#8221; e &#8220;Me D\u00ea Motivo&#8221; apresentam essa mistura de reflex\u00e3o e ritmo, fazendo com que seja um \u00e1lbum distinto em sua carreira.<\/p>\n<p>A produ\u00e7\u00e3o do \u00e1lbum tamb\u00e9m traz uma grande influ\u00eancia dos sons da \u00e9poca, mesclando elementos da m\u00fasica pop e uma instrumenta\u00e7\u00e3o mais elaborada, o que ajudou a solidificar o trabalho de Tim Maia como um artista inovador e influente na m\u00fasica brasileira. A sonoridade de &#8220;Racional Vol. 2&#8221; \u00e9 um testemunho do talento de Maia, tanto como compositor quanto int\u00e9rprete.<\/p>\n<p>A1\t\tQuer Queira Quer N\u00e3o Queira<\/p>\n<p>A2\t\tPaz Interior<\/p>\n<p>A3\t\tO Caminho Do Bem<\/p>\n<p>A4\t\tEnergia Racional<\/p>\n<p>A5\t\tQue Legal<\/p>\n<p>B1\t\tCultura Racional<\/p>\n<p>B2\t\tO Dever De Fazer Propaganda Deste Conhecimento<\/p>\n<p>B3\t\tGuin\u00e9 Bissau Mo\u00e7ambique E Angola Racional<\/p>\n<p>B4\t\tImuniza\u00e7\u00e3o Racional (Que Beleza)<\/p>","protected":false},"excerpt":{"rendered":"<p>O \u00e1lbum &#8220;Racional Vol. 2&#8221;, lan\u00e7ado em 1975, \u00e9 uma parte significativa da sua discografia e \u00e9 conhecido por sua abordagem \u00fanica. Este \u00e1lbum foi produzido durante um per\u00edodo em que Tim Maia se envolveu com a &#8220;Cultura Racional&#8221;, uma seita que ele encontrou em busca de respostas espirituais e compreens\u00e3o do mundo. Essa doutrina enfatiza a raz\u00e3o e a espiritualidade e, durante sua fase racional, Tim incorporou essas ideias nas suas letras, o que resultou em can\u00e7\u00f5es profundas e reflexivas.<\/p>","protected":false},"featured_media":4855,"comment_status":"open","ping_status":"closed","template":"","meta":{"_acf_changed":false},"product_brand":[],"product_cat":[39,45,37],"product_tag":[],"artista":[204],"produtora":[],"ano":[63],"class_list":{"0":"post-4854","1":"product","2":"type-product","3":"status-publish","4":"has-post-thumbnail","6":"product_cat-mpb","7":"product_cat-raridades","8":"product_cat-soul","9":"artista-tim-maia","10":"ano-63","12":"first","13":"instock","14":"featured","15":"sold-individually","16":"shipping-taxable","17":"purchasable","18":"product-type-simple"},"acf":[],"yoast_head":"<!-- This site is optimized with the Yoast SEO plugin v27.3 - https:\/\/yoast.com\/product\/yoast-seo-wordpress\/ -->\n<title>Tim Maia - Racional Vol 2 - Black Hole Discos<\/title>\n<meta name=\"robots\" content=\"index, follow, max-snippet:-1, max-image-preview:large, max-video-preview:-1\" \/>\n<link rel=\"canonical\" href=\"https:\/\/blackholediscos.com\/en\/product\/tim-maia-racional-vol-2\/\" \/>\n<meta property=\"og:locale\" content=\"en_US\" \/>\n<meta property=\"og:type\" content=\"article\" \/>\n<meta property=\"og:title\" content=\"Tim Maia - Racional Vol 2 - Black Hole Discos\" \/>\n<meta property=\"og:description\" content=\"O \u00e1lbum &quot;Racional Vol. 2&quot;, lan\u00e7ado em 1975, \u00e9 uma parte significativa da sua discografia e \u00e9 conhecido por sua abordagem \u00fanica. Este \u00e1lbum foi produzido durante um per\u00edodo em que Tim Maia se envolveu com a &quot;Cultura Racional&quot;, uma seita que ele encontrou em busca de respostas espirituais e compreens\u00e3o do mundo. Essa doutrina enfatiza a raz\u00e3o e a espiritualidade e, durante sua fase racional, Tim incorporou essas ideias nas suas letras, o que resultou em can\u00e7\u00f5es profundas e reflexivas.\" \/>\n<meta property=\"og:url\" content=\"https:\/\/blackholediscos.com\/en\/product\/tim-maia-racional-vol-2\/\" \/>\n<meta property=\"og:site_name\" content=\"Black Hole Discos\" \/>\n<meta property=\"article:publisher\" content=\"https:\/\/www.instagram.com\/blackholediscos\/\" \/>\n<meta property=\"article:modified_time\" content=\"2024-08-07T19:17:05+00:00\" \/>\n<meta property=\"og:image\" content=\"https:\/\/blackholediscos.com\/wp-content\/uploads\/2024\/08\/WhatsApp-Image-2024-08-07-at-15.46.29-scaled.jpeg\" \/>\n\t<meta property=\"og:image:width\" content=\"2560\" \/>\n\t<meta property=\"og:image:height\" content=\"2560\" \/>\n\t<meta property=\"og:image:type\" content=\"image\/jpeg\" \/>\n<meta name=\"twitter:card\" content=\"summary_large_image\" \/>\n<meta name=\"twitter:label1\" content=\"Est. reading time\" \/>\n\t<meta name=\"twitter:data1\" content=\"2 minutes\" \/>\n<script type=\"application\/ld+json\" class=\"yoast-schema-graph\">{\"@context\":\"https:\\\/\\\/schema.org\",\"@graph\":[{\"@type\":\"WebPage\",\"@id\":\"https:\\\/\\\/blackholediscos.com\\\/product\\\/tim-maia-racional-vol-2\\\/\",\"url\":\"https:\\\/\\\/blackholediscos.com\\\/product\\\/tim-maia-racional-vol-2\\\/\",\"name\":\"Tim Maia - Racional Vol 2 - Black Hole Discos\",\"isPartOf\":{\"@id\":\"https:\\\/\\\/blackholediscos.com\\\/#website\"},\"primaryImageOfPage\":{\"@id\":\"https:\\\/\\\/blackholediscos.com\\\/product\\\/tim-maia-racional-vol-2\\\/#primaryimage\"},\"image\":{\"@id\":\"https:\\\/\\\/blackholediscos.com\\\/product\\\/tim-maia-racional-vol-2\\\/#primaryimage\"},\"thumbnailUrl\":\"https:\\\/\\\/blackholediscos.com\\\/wp-content\\\/uploads\\\/2024\\\/08\\\/WhatsApp-Image-2024-08-07-at-15.46.29-scaled.jpeg\",\"datePublished\":\"2024-08-07T18:52:33+00:00\",\"dateModified\":\"2024-08-07T19:17:05+00:00\",\"breadcrumb\":{\"@id\":\"https:\\\/\\\/blackholediscos.com\\\/product\\\/tim-maia-racional-vol-2\\\/#breadcrumb\"},\"inLanguage\":\"en-US\",\"potentialAction\":[{\"@type\":\"ReadAction\",\"target\":[\"https:\\\/\\\/blackholediscos.com\\\/product\\\/tim-maia-racional-vol-2\\\/\"]}]},{\"@type\":\"ImageObject\",\"inLanguage\":\"en-US\",\"@id\":\"https:\\\/\\\/blackholediscos.com\\\/product\\\/tim-maia-racional-vol-2\\\/#primaryimage\",\"url\":\"https:\\\/\\\/blackholediscos.com\\\/wp-content\\\/uploads\\\/2024\\\/08\\\/WhatsApp-Image-2024-08-07-at-15.46.29-scaled.jpeg\",\"contentUrl\":\"https:\\\/\\\/blackholediscos.com\\\/wp-content\\\/uploads\\\/2024\\\/08\\\/WhatsApp-Image-2024-08-07-at-15.46.29-scaled.jpeg\",\"width\":2560,\"height\":2560},{\"@type\":\"BreadcrumbList\",\"@id\":\"https:\\\/\\\/blackholediscos.com\\\/product\\\/tim-maia-racional-vol-2\\\/#breadcrumb\",\"itemListElement\":[{\"@type\":\"ListItem\",\"position\":1,\"name\":\"In\u00edcio\",\"item\":\"https:\\\/\\\/blackholediscos.com\\\/\"},{\"@type\":\"ListItem\",\"position\":2,\"name\":\"Shop\",\"item\":\"https:\\\/\\\/blackholediscos.com\\\/shop\\\/\"},{\"@type\":\"ListItem\",\"position\":3,\"name\":\"Tim Maia &#8211; Racional Vol 2\"}]},{\"@type\":\"WebSite\",\"@id\":\"https:\\\/\\\/blackholediscos.com\\\/#website\",\"url\":\"https:\\\/\\\/blackholediscos.com\\\/\",\"name\":\"Black Hole Discos\",\"description\":\"Brazilian music LPs\",\"publisher\":{\"@id\":\"https:\\\/\\\/blackholediscos.com\\\/#organization\"},\"potentialAction\":[{\"@type\":\"SearchAction\",\"target\":{\"@type\":\"EntryPoint\",\"urlTemplate\":\"https:\\\/\\\/blackholediscos.com\\\/?s={search_term_string}\"},\"query-input\":{\"@type\":\"PropertyValueSpecification\",\"valueRequired\":true,\"valueName\":\"search_term_string\"}}],\"inLanguage\":\"en-US\"},{\"@type\":\"Organization\",\"@id\":\"https:\\\/\\\/blackholediscos.com\\\/#organization\",\"name\":\"Black Hole Discos\",\"url\":\"https:\\\/\\\/blackholediscos.com\\\/\",\"logo\":{\"@type\":\"ImageObject\",\"inLanguage\":\"en-US\",\"@id\":\"https:\\\/\\\/blackholediscos.com\\\/#\\\/schema\\\/logo\\\/image\\\/\",\"url\":\"https:\\\/\\\/blackholediscos.com\\\/wp-content\\\/uploads\\\/2024\\\/06\\\/black-hole-discos-vinis-logo.png\",\"contentUrl\":\"https:\\\/\\\/blackholediscos.com\\\/wp-content\\\/uploads\\\/2024\\\/06\\\/black-hole-discos-vinis-logo.png\",\"width\":70,\"height\":66,\"caption\":\"Black Hole Discos\"},\"image\":{\"@id\":\"https:\\\/\\\/blackholediscos.com\\\/#\\\/schema\\\/logo\\\/image\\\/\"},\"sameAs\":[\"https:\\\/\\\/www.instagram.com\\\/blackholediscos\\\/\"]}]}<\/script>\n<!-- \/ Yoast SEO plugin. -->","yoast_head_json":{"title":"Tim Maia - Racional Vol 2 - Black Hole Discos","robots":{"index":"index","follow":"follow","max-snippet":"max-snippet:-1","max-image-preview":"max-image-preview:large","max-video-preview":"max-video-preview:-1"},"canonical":"https:\/\/blackholediscos.com\/en\/product\/tim-maia-racional-vol-2\/","og_locale":"en_US","og_type":"article","og_title":"Tim Maia - Racional Vol 2 - Black Hole Discos","og_description":"O \u00e1lbum \"Racional Vol. 2\", lan\u00e7ado em 1975, \u00e9 uma parte significativa da sua discografia e \u00e9 conhecido por sua abordagem \u00fanica. Este \u00e1lbum foi produzido durante um per\u00edodo em que Tim Maia se envolveu com a \"Cultura Racional\", uma seita que ele encontrou em busca de respostas espirituais e compreens\u00e3o do mundo. Essa doutrina enfatiza a raz\u00e3o e a espiritualidade e, durante sua fase racional, Tim incorporou essas ideias nas suas letras, o que resultou em can\u00e7\u00f5es profundas e reflexivas.","og_url":"https:\/\/blackholediscos.com\/en\/product\/tim-maia-racional-vol-2\/","og_site_name":"Black Hole Discos","article_publisher":"https:\/\/www.instagram.com\/blackholediscos\/","article_modified_time":"2024-08-07T19:17:05+00:00","og_image":[{"width":2560,"height":2560,"url":"https:\/\/blackholediscos.com\/wp-content\/uploads\/2024\/08\/WhatsApp-Image-2024-08-07-at-15.46.29-scaled.jpeg","type":"image\/jpeg"}],"twitter_card":"summary_large_image","twitter_misc":{"Est. reading time":"2 minutes"},"schema":{"@context":"https:\/\/schema.org","@graph":[{"@type":"WebPage","@id":"https:\/\/blackholediscos.com\/product\/tim-maia-racional-vol-2\/","url":"https:\/\/blackholediscos.com\/product\/tim-maia-racional-vol-2\/","name":"Tim Maia - Racional Vol 2 - Black Hole Discos","isPartOf":{"@id":"https:\/\/blackholediscos.com\/#website"},"primaryImageOfPage":{"@id":"https:\/\/blackholediscos.com\/product\/tim-maia-racional-vol-2\/#primaryimage"},"image":{"@id":"https:\/\/blackholediscos.com\/product\/tim-maia-racional-vol-2\/#primaryimage"},"thumbnailUrl":"https:\/\/blackholediscos.com\/wp-content\/uploads\/2024\/08\/WhatsApp-Image-2024-08-07-at-15.46.29-scaled.jpeg","datePublished":"2024-08-07T18:52:33+00:00","dateModified":"2024-08-07T19:17:05+00:00","breadcrumb":{"@id":"https:\/\/blackholediscos.com\/product\/tim-maia-racional-vol-2\/#breadcrumb"},"inLanguage":"en-US","potentialAction":[{"@type":"ReadAction","target":["https:\/\/blackholediscos.com\/product\/tim-maia-racional-vol-2\/"]}]},{"@type":"ImageObject","inLanguage":"en-US","@id":"https:\/\/blackholediscos.com\/product\/tim-maia-racional-vol-2\/#primaryimage","url":"https:\/\/blackholediscos.com\/wp-content\/uploads\/2024\/08\/WhatsApp-Image-2024-08-07-at-15.46.29-scaled.jpeg","contentUrl":"https:\/\/blackholediscos.com\/wp-content\/uploads\/2024\/08\/WhatsApp-Image-2024-08-07-at-15.46.29-scaled.jpeg","width":2560,"height":2560},{"@type":"BreadcrumbList","@id":"https:\/\/blackholediscos.com\/product\/tim-maia-racional-vol-2\/#breadcrumb","itemListElement":[{"@type":"ListItem","position":1,"name":"In\u00edcio","item":"https:\/\/blackholediscos.com\/"},{"@type":"ListItem","position":2,"name":"Shop","item":"https:\/\/blackholediscos.com\/shop\/"},{"@type":"ListItem","position":3,"name":"Tim Maia &#8211; Racional Vol 2"}]},{"@type":"WebSite","@id":"https:\/\/blackholediscos.com\/#website","url":"https:\/\/blackholediscos.com\/","name":"Black Hole Discos","description":"Brazilian music LPs","publisher":{"@id":"https:\/\/blackholediscos.com\/#organization"},"potentialAction":[{"@type":"SearchAction","target":{"@type":"EntryPoint","urlTemplate":"https:\/\/blackholediscos.com\/?s={search_term_string}"},"query-input":{"@type":"PropertyValueSpecification","valueRequired":true,"valueName":"search_term_string"}}],"inLanguage":"en-US"},{"@type":"Organization","@id":"https:\/\/blackholediscos.com\/#organization","name":"Black Hole Discos","url":"https:\/\/blackholediscos.com\/","logo":{"@type":"ImageObject","inLanguage":"en-US","@id":"https:\/\/blackholediscos.com\/#\/schema\/logo\/image\/","url":"https:\/\/blackholediscos.com\/wp-content\/uploads\/2024\/06\/black-hole-discos-vinis-logo.png","contentUrl":"https:\/\/blackholediscos.com\/wp-content\/uploads\/2024\/06\/black-hole-discos-vinis-logo.png","width":70,"height":66,"caption":"Black Hole Discos"},"image":{"@id":"https:\/\/blackholediscos.com\/#\/schema\/logo\/image\/"},"sameAs":["https:\/\/www.instagram.com\/blackholediscos\/"]}]}},"_links":{"self":[{"href":"https:\/\/blackholediscos.com\/en\/wp-json\/wp\/v2\/product\/4854","targetHints":{"allow":["GET"]}}],"collection":[{"href":"https:\/\/blackholediscos.com\/en\/wp-json\/wp\/v2\/product"}],"about":[{"href":"https:\/\/blackholediscos.com\/en\/wp-json\/wp\/v2\/types\/product"}],"replies":[{"embeddable":true,"href":"https:\/\/blackholediscos.com\/en\/wp-json\/wp\/v2\/comments?post=4854"}],"wp:featuredmedia":[{"embeddable":true,"href":"https:\/\/blackholediscos.com\/en\/wp-json\/wp\/v2\/media\/4855"}],"wp:attachment":[{"href":"https:\/\/blackholediscos.com\/en\/wp-json\/wp\/v2\/media?parent=4854"}],"wp:term":[{"taxonomy":"product_brand","embeddable":true,"href":"https:\/\/blackholediscos.com\/en\/wp-json\/wp\/v2\/product_brand?post=4854"},{"taxonomy":"product_cat","embeddable":true,"href":"https:\/\/blackholediscos.com\/en\/wp-json\/wp\/v2\/product_cat?post=4854"},{"taxonomy":"product_tag","embeddable":true,"href":"https:\/\/blackholediscos.com\/en\/wp-json\/wp\/v2\/product_tag?post=4854"},{"taxonomy":"artista","embeddable":true,"href":"https:\/\/blackholediscos.com\/en\/wp-json\/wp\/v2\/artista?post=4854"},{"taxonomy":"produtora","embeddable":true,"href":"https:\/\/blackholediscos.com\/en\/wp-json\/wp\/v2\/produtora?post=4854"},{"taxonomy":"ano","embeddable":true,"href":"https:\/\/blackholediscos.com\/en\/wp-json\/wp\/v2\/ano?post=4854"}],"curies":[{"name":"wp","href":"https:\/\/api.w.org\/{rel}","templated":true}]}}