{"id":4833,"date":"2024-07-22T22:29:01","date_gmt":"2024-07-22T22:29:01","guid":{"rendered":"https:\/\/blackholediscos.com\/?post_type=product&#038;p=4833"},"modified":"2024-07-22T22:29:01","modified_gmt":"2024-07-22T22:29:01","slug":"livro-hans-pokora-4001-record-collectors-dreams","status":"publish","type":"product","link":"https:\/\/blackholediscos.com\/en\/product\/livro-hans-pokora-4001-record-collectors-dreams\/","title":{"rendered":"LIVRO HANS POKORA 4001 \u2013 RECORD COLLECTORS DREAMS"},"content":{"rendered":"<p>The cream of Folk, Psychedelic, Progressive, Garage and Beat music. Over 1000 professional colour photographs of the rarest 60s and 70s album covers from around the world. A kaleidoscopic overview of the rarest and most expensive collectable albums from all over the world. Indispensable books for all serious collectors of 60s and 70s rare records, compiled from the collector Hans Pokora for collectors and curious music lovers. Includes accurate description of: Origin, Label, Value and Rarity. Printed on high quality glossy paper, in a limited edition. Hardcover 9 x 12 inch.<\/p>\n<p>A nata da m\u00fasica Folk, Psicod\u00e9lica, Progressiva, Garage e Beat. Mais de 1.000 fotografias coloridas profissionais das capas de \u00e1lbuns mais raras dos anos 60 e 70 de todo o mundo. Uma vis\u00e3o geral caleidosc\u00f3pica dos \u00e1lbuns colecion\u00e1veis \u200b\u200bmais raros e caros de todo o mundo. Livros indispens\u00e1veis \u200b\u200bpara todos os colecionadores s\u00e9rios de discos raros dos anos 60 e 70, compilados pelo colecionador Hans Pokora para colecionadores e curiosos amantes da m\u00fasica. Inclui descri\u00e7\u00e3o precisa de: Origem, R\u00f3tulo, Valor e Raridade. Impresso em papel brilhante de alta qualidade, em edi\u00e7\u00e3o limitada. Capa dura 9 x 12 polegadas.<\/p>","protected":false},"excerpt":{"rendered":"<p>The cream of Folk, Psychedelic, Progressive, Garage and Beat music. Over 1000 professional colour photographs of the rarest 60s and 70s album covers from around the world. A kaleidoscopic overview of the rarest and most expensive collectable albums from all over the world. Indispensable books for all serious collectors of 60s and 70s rare records, [&hellip;]<\/p>\n","protected":false},"featured_media":4815,"comment_status":"open","ping_status":"closed","template":"","meta":{"_acf_changed":false},"product_brand":[],"product_cat":[948],"product_tag":[],"artista":[949],"produtora":[],"ano":[],"class_list":{"0":"post-4833","1":"product","2":"type-product","3":"status-publish","4":"has-post-thumbnail","6":"product_cat-livros-hanks-pokora","7":"artista-hans-pokora","9":"first","10":"instock","11":"shipping-taxable","12":"purchasable","13":"product-type-simple"},"acf":[],"yoast_head":"<!-- This site is optimized with the Yoast SEO plugin v27.6 - https:\/\/yoast.com\/product\/yoast-seo-wordpress\/ -->\n<title>LIVRO HANS POKORA 4001 \u2013 RECORD COLLECTORS DREAMS - Black Hole Discos<\/title>\n<meta name=\"robots\" content=\"index, follow, max-snippet:-1, max-image-preview:large, max-video-preview:-1\" \/>\n<link rel=\"canonical\" href=\"https:\/\/blackholediscos.com\/en\/product\/livro-hans-pokora-4001-record-collectors-dreams\/\" \/>\n<meta property=\"og:locale\" content=\"en_US\" \/>\n<meta property=\"og:type\" content=\"article\" \/>\n<meta property=\"og:title\" content=\"LIVRO HANS POKORA 4001 \u2013 RECORD COLLECTORS DREAMS - Black Hole Discos\" \/>\n<meta property=\"og:description\" content=\"The cream of Folk, Psychedelic, Progressive, Garage and Beat music. Over 1000 professional colour photographs of the rarest 60s and 70s album covers from around the world. A kaleidoscopic overview of the rarest and most expensive collectable albums from all over the world. Indispensable books for all serious collectors of 60s and 70s rare records, [&hellip;]\" \/>\n<meta property=\"og:url\" content=\"https:\/\/blackholediscos.com\/en\/product\/livro-hans-pokora-4001-record-collectors-dreams\/\" \/>\n<meta property=\"og:site_name\" content=\"Black Hole Discos\" \/>\n<meta property=\"article:publisher\" content=\"https:\/\/www.instagram.com\/blackholediscos\/\" \/>\n<meta property=\"og:image\" content=\"https:\/\/blackholediscos.com\/wp-content\/uploads\/2024\/07\/c6665c2d-a1fe-4f74-8073-01b8629c3668-scaled.jpeg\" \/>\n\t<meta property=\"og:image:width\" content=\"2560\" \/>\n\t<meta property=\"og:image:height\" content=\"2560\" \/>\n\t<meta property=\"og:image:type\" content=\"image\/jpeg\" \/>\n<meta name=\"twitter:card\" content=\"summary_large_image\" \/>\n<meta name=\"twitter:label1\" content=\"Est. reading time\" \/>\n\t<meta name=\"twitter:data1\" content=\"1 minute\" \/>\n<script type=\"application\/ld+json\" class=\"yoast-schema-graph\">{\"@context\":\"https:\\\/\\\/schema.org\",\"@graph\":[{\"@type\":\"WebPage\",\"@id\":\"https:\\\/\\\/blackholediscos.com\\\/product\\\/livro-hans-pokora-4001-record-collectors-dreams\\\/\",\"url\":\"https:\\\/\\\/blackholediscos.com\\\/product\\\/livro-hans-pokora-4001-record-collectors-dreams\\\/\",\"name\":\"LIVRO HANS POKORA 4001 \u2013 RECORD COLLECTORS DREAMS - Black Hole Discos\",\"isPartOf\":{\"@id\":\"https:\\\/\\\/blackholediscos.com\\\/#website\"},\"primaryImageOfPage\":{\"@id\":\"https:\\\/\\\/blackholediscos.com\\\/product\\\/livro-hans-pokora-4001-record-collectors-dreams\\\/#primaryimage\"},\"image\":{\"@id\":\"https:\\\/\\\/blackholediscos.com\\\/product\\\/livro-hans-pokora-4001-record-collectors-dreams\\\/#primaryimage\"},\"thumbnailUrl\":\"https:\\\/\\\/blackholediscos.com\\\/wp-content\\\/uploads\\\/2024\\\/07\\\/c6665c2d-a1fe-4f74-8073-01b8629c3668-scaled.jpeg\",\"datePublished\":\"2024-07-22T22:29:01+00:00\",\"breadcrumb\":{\"@id\":\"https:\\\/\\\/blackholediscos.com\\\/product\\\/livro-hans-pokora-4001-record-collectors-dreams\\\/#breadcrumb\"},\"inLanguage\":\"en-US\",\"potentialAction\":[{\"@type\":\"ReadAction\",\"target\":[\"https:\\\/\\\/blackholediscos.com\\\/product\\\/livro-hans-pokora-4001-record-collectors-dreams\\\/\"]}]},{\"@type\":\"ImageObject\",\"inLanguage\":\"en-US\",\"@id\":\"https:\\\/\\\/blackholediscos.com\\\/product\\\/livro-hans-pokora-4001-record-collectors-dreams\\\/#primaryimage\",\"url\":\"https:\\\/\\\/blackholediscos.com\\\/wp-content\\\/uploads\\\/2024\\\/07\\\/c6665c2d-a1fe-4f74-8073-01b8629c3668-scaled.jpeg\",\"contentUrl\":\"https:\\\/\\\/blackholediscos.com\\\/wp-content\\\/uploads\\\/2024\\\/07\\\/c6665c2d-a1fe-4f74-8073-01b8629c3668-scaled.jpeg\",\"width\":2560,\"height\":2560},{\"@type\":\"BreadcrumbList\",\"@id\":\"https:\\\/\\\/blackholediscos.com\\\/product\\\/livro-hans-pokora-4001-record-collectors-dreams\\\/#breadcrumb\",\"itemListElement\":[{\"@type\":\"ListItem\",\"position\":1,\"name\":\"In\u00edcio\",\"item\":\"https:\\\/\\\/blackholediscos.com\\\/\"},{\"@type\":\"ListItem\",\"position\":2,\"name\":\"Shop\",\"item\":\"https:\\\/\\\/blackholediscos.com\\\/shop\\\/\"},{\"@type\":\"ListItem\",\"position\":3,\"name\":\"LIVRO HANS POKORA 4001 \u2013 RECORD COLLECTORS DREAMS\"}]},{\"@type\":\"WebSite\",\"@id\":\"https:\\\/\\\/blackholediscos.com\\\/#website\",\"url\":\"https:\\\/\\\/blackholediscos.com\\\/\",\"name\":\"Black Hole Discos\",\"description\":\"Brazilian music LPs\",\"publisher\":{\"@id\":\"https:\\\/\\\/blackholediscos.com\\\/#organization\"},\"potentialAction\":[{\"@type\":\"SearchAction\",\"target\":{\"@type\":\"EntryPoint\",\"urlTemplate\":\"https:\\\/\\\/blackholediscos.com\\\/?s={search_term_string}\"},\"query-input\":{\"@type\":\"PropertyValueSpecification\",\"valueRequired\":true,\"valueName\":\"search_term_string\"}}],\"inLanguage\":\"en-US\"},{\"@type\":\"Organization\",\"@id\":\"https:\\\/\\\/blackholediscos.com\\\/#organization\",\"name\":\"Black Hole Discos\",\"url\":\"https:\\\/\\\/blackholediscos.com\\\/\",\"logo\":{\"@type\":\"ImageObject\",\"inLanguage\":\"en-US\",\"@id\":\"https:\\\/\\\/blackholediscos.com\\\/#\\\/schema\\\/logo\\\/image\\\/\",\"url\":\"https:\\\/\\\/blackholediscos.com\\\/wp-content\\\/uploads\\\/2024\\\/06\\\/black-hole-discos-vinis-logo.png\",\"contentUrl\":\"https:\\\/\\\/blackholediscos.com\\\/wp-content\\\/uploads\\\/2024\\\/06\\\/black-hole-discos-vinis-logo.png\",\"width\":70,\"height\":66,\"caption\":\"Black Hole Discos\"},\"image\":{\"@id\":\"https:\\\/\\\/blackholediscos.com\\\/#\\\/schema\\\/logo\\\/image\\\/\"},\"sameAs\":[\"https:\\\/\\\/www.instagram.com\\\/blackholediscos\\\/\"]}]}<\/script>\n<!-- \/ Yoast SEO plugin. -->","yoast_head_json":{"title":"LIVRO HANS POKORA 4001 \u2013 RECORD COLLECTORS DREAMS - Black Hole Discos","robots":{"index":"index","follow":"follow","max-snippet":"max-snippet:-1","max-image-preview":"max-image-preview:large","max-video-preview":"max-video-preview:-1"},"canonical":"https:\/\/blackholediscos.com\/en\/product\/livro-hans-pokora-4001-record-collectors-dreams\/","og_locale":"en_US","og_type":"article","og_title":"LIVRO HANS POKORA 4001 \u2013 RECORD COLLECTORS DREAMS - Black Hole Discos","og_description":"The cream of Folk, Psychedelic, Progressive, Garage and Beat music. Over 1000 professional colour photographs of the rarest 60s and 70s album covers from around the world. A kaleidoscopic overview of the rarest and most expensive collectable albums from all over the world. Indispensable books for all serious collectors of 60s and 70s rare records, [&hellip;]","og_url":"https:\/\/blackholediscos.com\/en\/product\/livro-hans-pokora-4001-record-collectors-dreams\/","og_site_name":"Black Hole Discos","article_publisher":"https:\/\/www.instagram.com\/blackholediscos\/","og_image":[{"width":2560,"height":2560,"url":"https:\/\/blackholediscos.com\/wp-content\/uploads\/2024\/07\/c6665c2d-a1fe-4f74-8073-01b8629c3668-scaled.jpeg","type":"image\/jpeg"}],"twitter_card":"summary_large_image","twitter_misc":{"Est. reading time":"1 minute"},"schema":{"@context":"https:\/\/schema.org","@graph":[{"@type":"WebPage","@id":"https:\/\/blackholediscos.com\/product\/livro-hans-pokora-4001-record-collectors-dreams\/","url":"https:\/\/blackholediscos.com\/product\/livro-hans-pokora-4001-record-collectors-dreams\/","name":"LIVRO HANS POKORA 4001 \u2013 RECORD COLLECTORS DREAMS - Black Hole Discos","isPartOf":{"@id":"https:\/\/blackholediscos.com\/#website"},"primaryImageOfPage":{"@id":"https:\/\/blackholediscos.com\/product\/livro-hans-pokora-4001-record-collectors-dreams\/#primaryimage"},"image":{"@id":"https:\/\/blackholediscos.com\/product\/livro-hans-pokora-4001-record-collectors-dreams\/#primaryimage"},"thumbnailUrl":"https:\/\/blackholediscos.com\/wp-content\/uploads\/2024\/07\/c6665c2d-a1fe-4f74-8073-01b8629c3668-scaled.jpeg","datePublished":"2024-07-22T22:29:01+00:00","breadcrumb":{"@id":"https:\/\/blackholediscos.com\/product\/livro-hans-pokora-4001-record-collectors-dreams\/#breadcrumb"},"inLanguage":"en-US","potentialAction":[{"@type":"ReadAction","target":["https:\/\/blackholediscos.com\/product\/livro-hans-pokora-4001-record-collectors-dreams\/"]}]},{"@type":"ImageObject","inLanguage":"en-US","@id":"https:\/\/blackholediscos.com\/product\/livro-hans-pokora-4001-record-collectors-dreams\/#primaryimage","url":"https:\/\/blackholediscos.com\/wp-content\/uploads\/2024\/07\/c6665c2d-a1fe-4f74-8073-01b8629c3668-scaled.jpeg","contentUrl":"https:\/\/blackholediscos.com\/wp-content\/uploads\/2024\/07\/c6665c2d-a1fe-4f74-8073-01b8629c3668-scaled.jpeg","width":2560,"height":2560},{"@type":"BreadcrumbList","@id":"https:\/\/blackholediscos.com\/product\/livro-hans-pokora-4001-record-collectors-dreams\/#breadcrumb","itemListElement":[{"@type":"ListItem","position":1,"name":"In\u00edcio","item":"https:\/\/blackholediscos.com\/"},{"@type":"ListItem","position":2,"name":"Shop","item":"https:\/\/blackholediscos.com\/shop\/"},{"@type":"ListItem","position":3,"name":"LIVRO HANS POKORA 4001 \u2013 RECORD COLLECTORS DREAMS"}]},{"@type":"WebSite","@id":"https:\/\/blackholediscos.com\/#website","url":"https:\/\/blackholediscos.com\/","name":"Black Hole Discos","description":"Brazilian music LPs","publisher":{"@id":"https:\/\/blackholediscos.com\/#organization"},"potentialAction":[{"@type":"SearchAction","target":{"@type":"EntryPoint","urlTemplate":"https:\/\/blackholediscos.com\/?s={search_term_string}"},"query-input":{"@type":"PropertyValueSpecification","valueRequired":true,"valueName":"search_term_string"}}],"inLanguage":"en-US"},{"@type":"Organization","@id":"https:\/\/blackholediscos.com\/#organization","name":"Black Hole Discos","url":"https:\/\/blackholediscos.com\/","logo":{"@type":"ImageObject","inLanguage":"en-US","@id":"https:\/\/blackholediscos.com\/#\/schema\/logo\/image\/","url":"https:\/\/blackholediscos.com\/wp-content\/uploads\/2024\/06\/black-hole-discos-vinis-logo.png","contentUrl":"https:\/\/blackholediscos.com\/wp-content\/uploads\/2024\/06\/black-hole-discos-vinis-logo.png","width":70,"height":66,"caption":"Black Hole Discos"},"image":{"@id":"https:\/\/blackholediscos.com\/#\/schema\/logo\/image\/"},"sameAs":["https:\/\/www.instagram.com\/blackholediscos\/"]}]}},"_links":{"self":[{"href":"https:\/\/blackholediscos.com\/en\/wp-json\/wp\/v2\/product\/4833","targetHints":{"allow":["GET"]}}],"collection":[{"href":"https:\/\/blackholediscos.com\/en\/wp-json\/wp\/v2\/product"}],"about":[{"href":"https:\/\/blackholediscos.com\/en\/wp-json\/wp\/v2\/types\/product"}],"replies":[{"embeddable":true,"href":"https:\/\/blackholediscos.com\/en\/wp-json\/wp\/v2\/comments?post=4833"}],"wp:featuredmedia":[{"embeddable":true,"href":"https:\/\/blackholediscos.com\/en\/wp-json\/wp\/v2\/media\/4815"}],"wp:attachment":[{"href":"https:\/\/blackholediscos.com\/en\/wp-json\/wp\/v2\/media?parent=4833"}],"wp:term":[{"taxonomy":"product_brand","embeddable":true,"href":"https:\/\/blackholediscos.com\/en\/wp-json\/wp\/v2\/product_brand?post=4833"},{"taxonomy":"product_cat","embeddable":true,"href":"https:\/\/blackholediscos.com\/en\/wp-json\/wp\/v2\/product_cat?post=4833"},{"taxonomy":"product_tag","embeddable":true,"href":"https:\/\/blackholediscos.com\/en\/wp-json\/wp\/v2\/product_tag?post=4833"},{"taxonomy":"artista","embeddable":true,"href":"https:\/\/blackholediscos.com\/en\/wp-json\/wp\/v2\/artista?post=4833"},{"taxonomy":"produtora","embeddable":true,"href":"https:\/\/blackholediscos.com\/en\/wp-json\/wp\/v2\/produtora?post=4833"},{"taxonomy":"ano","embeddable":true,"href":"https:\/\/blackholediscos.com\/en\/wp-json\/wp\/v2\/ano?post=4833"}],"curies":[{"name":"wp","href":"https:\/\/api.w.org\/{rel}","templated":true}]}}