{"id":4772,"date":"2024-07-18T20:48:38","date_gmt":"2024-07-18T20:48:38","guid":{"rendered":"https:\/\/blackholediscos.com\/?post_type=product&#038;p=4772"},"modified":"2024-12-12T15:17:01","modified_gmt":"2024-12-12T15:17:01","slug":"pao-com-manteiga-pao-com-manteiga","status":"publish","type":"product","link":"https:\/\/blackholediscos.com\/en\/product\/pao-com-manteiga-pao-com-manteiga\/","title":{"rendered":"P\u00e3o Com Manteiga \u2013 P\u00e3o Com Manteiga"},"content":{"rendered":"<p>First Press Formula \u2013 1-28-104-004<\/p>\n<p>The band &#8220;P\u00e3o com Manteiga,&#8221; hailing from S\u00e3o Paulo, was one of the highlights of Brazilian progressive rock and experimental music. Formed in 1976 by the talented musicians Paulo Som (Vocals, Viola, Guitar), Johnny (lead vocalist and guitarist), Pierre (Electric Bass and Backing Vocals), Gilberto (Keyboards and Banjo), and Edison (Drums and Effects), the band released their self-titled album in the same year.<\/p>\n<p>The album, released on LP by Continental Records, is a conceptual work that transports the listener to the fantastical world of Avalon while also offering critiques of modern society. Its bold sound combined with impactful lyrics made the album a memorable auditory experience.<\/p>\n<p>Despite four decades since their disbandment, the band &#8220;P\u00e3o com Manteiga&#8221; emerged from obscurity after being mentioned in the book &#8220;Lindo Sonho Delirante vol. 2 \u2013 100 Audacious Brazilian Records (1976 \u2013 1985)&#8221; by the renowned S\u00e3o Paulo music researcher Bento Ara\u00fajo. In 2012, the album was featured in the list &#8220;7 Obscure Records of Brazilian Music&#8221; by Altnewspaper, cementing its place in Brazilian music history.<\/p>","protected":false},"excerpt":{"rendered":"<p>O \u00e1lbum, lan\u00e7ado em LP pela Continental Records, \u00e9 uma obra conceitual que transporta o ouvinte para o mundo fantasioso de Avalon, ao mesmo tempo em que tece cr\u00edticas \u00e0 sociedade moderna. Sua sonoridade arrojada combinada com as letras impactantes tornaram o \u00e1lbum uma experi\u00eancia auditiva memor\u00e1vel<\/p>","protected":false},"featured_media":4740,"comment_status":"open","ping_status":"closed","template":"","meta":{"_acf_changed":false},"product_brand":[],"product_cat":[509,48,45,35,173],"product_tag":[],"artista":[1018],"produtora":[],"ano":[207],"class_list":{"0":"post-4772","1":"product","2":"type-product","3":"status-publish","4":"has-post-thumbnail","6":"product_cat-prog-rock","7":"product_cat-psicodelia","8":"product_cat-raridades","9":"product_cat-rock","10":"product_cat-rock-alternativo","11":"artista-pao-com-manteiga","12":"ano-207","14":"first","15":"outofstock","16":"featured","17":"sold-individually","18":"shipping-taxable","19":"purchasable","20":"product-type-simple"},"acf":[],"yoast_head":"<!-- This site is optimized with the Yoast SEO plugin v27.3 - https:\/\/yoast.com\/product\/yoast-seo-wordpress\/ -->\n<title>P\u00e3o Com Manteiga \u2013 P\u00e3o Com Manteiga - Black Hole Discos<\/title>\n<meta name=\"robots\" content=\"index, follow, max-snippet:-1, max-image-preview:large, max-video-preview:-1\" \/>\n<link rel=\"canonical\" href=\"https:\/\/blackholediscos.com\/en\/product\/pao-com-manteiga-pao-com-manteiga\/\" \/>\n<meta property=\"og:locale\" content=\"en_US\" \/>\n<meta property=\"og:type\" content=\"article\" \/>\n<meta property=\"og:title\" content=\"P\u00e3o Com Manteiga \u2013 P\u00e3o Com Manteiga - Black Hole Discos\" \/>\n<meta property=\"og:description\" content=\"O \u00e1lbum, lan\u00e7ado em LP pela Continental Records, \u00e9 uma obra conceitual que transporta o ouvinte para o mundo fantasioso de Avalon, ao mesmo tempo em que tece cr\u00edticas \u00e0 sociedade moderna. Sua sonoridade arrojada combinada com as letras impactantes tornaram o \u00e1lbum uma experi\u00eancia auditiva memor\u00e1vel\" \/>\n<meta property=\"og:url\" content=\"https:\/\/blackholediscos.com\/en\/product\/pao-com-manteiga-pao-com-manteiga\/\" \/>\n<meta property=\"og:site_name\" content=\"Black Hole Discos\" \/>\n<meta property=\"article:publisher\" content=\"https:\/\/www.instagram.com\/blackholediscos\/\" \/>\n<meta property=\"article:modified_time\" content=\"2024-12-12T15:17:01+00:00\" \/>\n<meta property=\"og:image\" content=\"https:\/\/blackholediscos.com\/wp-content\/uploads\/2024\/07\/WhatsApp-Image-2024-07-18-at-12.58.57-scaled.jpeg\" \/>\n\t<meta property=\"og:image:width\" content=\"2560\" \/>\n\t<meta property=\"og:image:height\" content=\"2560\" \/>\n\t<meta property=\"og:image:type\" content=\"image\/jpeg\" \/>\n<meta name=\"twitter:card\" content=\"summary_large_image\" \/>\n<meta name=\"twitter:label1\" content=\"Est. reading time\" \/>\n\t<meta name=\"twitter:data1\" content=\"2 minutes\" \/>\n<script type=\"application\/ld+json\" class=\"yoast-schema-graph\">{\"@context\":\"https:\\\/\\\/schema.org\",\"@graph\":[{\"@type\":\"WebPage\",\"@id\":\"https:\\\/\\\/blackholediscos.com\\\/product\\\/pao-com-manteiga-pao-com-manteiga\\\/\",\"url\":\"https:\\\/\\\/blackholediscos.com\\\/product\\\/pao-com-manteiga-pao-com-manteiga\\\/\",\"name\":\"P\u00e3o Com Manteiga \u2013 P\u00e3o Com Manteiga - Black Hole Discos\",\"isPartOf\":{\"@id\":\"https:\\\/\\\/blackholediscos.com\\\/#website\"},\"primaryImageOfPage\":{\"@id\":\"https:\\\/\\\/blackholediscos.com\\\/product\\\/pao-com-manteiga-pao-com-manteiga\\\/#primaryimage\"},\"image\":{\"@id\":\"https:\\\/\\\/blackholediscos.com\\\/product\\\/pao-com-manteiga-pao-com-manteiga\\\/#primaryimage\"},\"thumbnailUrl\":\"https:\\\/\\\/blackholediscos.com\\\/wp-content\\\/uploads\\\/2024\\\/07\\\/WhatsApp-Image-2024-07-18-at-12.58.57-scaled.jpeg\",\"datePublished\":\"2024-07-18T20:48:38+00:00\",\"dateModified\":\"2024-12-12T15:17:01+00:00\",\"breadcrumb\":{\"@id\":\"https:\\\/\\\/blackholediscos.com\\\/product\\\/pao-com-manteiga-pao-com-manteiga\\\/#breadcrumb\"},\"inLanguage\":\"en-US\",\"potentialAction\":[{\"@type\":\"ReadAction\",\"target\":[\"https:\\\/\\\/blackholediscos.com\\\/product\\\/pao-com-manteiga-pao-com-manteiga\\\/\"]}]},{\"@type\":\"ImageObject\",\"inLanguage\":\"en-US\",\"@id\":\"https:\\\/\\\/blackholediscos.com\\\/product\\\/pao-com-manteiga-pao-com-manteiga\\\/#primaryimage\",\"url\":\"https:\\\/\\\/blackholediscos.com\\\/wp-content\\\/uploads\\\/2024\\\/07\\\/WhatsApp-Image-2024-07-18-at-12.58.57-scaled.jpeg\",\"contentUrl\":\"https:\\\/\\\/blackholediscos.com\\\/wp-content\\\/uploads\\\/2024\\\/07\\\/WhatsApp-Image-2024-07-18-at-12.58.57-scaled.jpeg\",\"width\":2560,\"height\":2560},{\"@type\":\"BreadcrumbList\",\"@id\":\"https:\\\/\\\/blackholediscos.com\\\/product\\\/pao-com-manteiga-pao-com-manteiga\\\/#breadcrumb\",\"itemListElement\":[{\"@type\":\"ListItem\",\"position\":1,\"name\":\"In\u00edcio\",\"item\":\"https:\\\/\\\/blackholediscos.com\\\/\"},{\"@type\":\"ListItem\",\"position\":2,\"name\":\"Shop\",\"item\":\"https:\\\/\\\/blackholediscos.com\\\/shop\\\/\"},{\"@type\":\"ListItem\",\"position\":3,\"name\":\"P\u00e3o Com Manteiga \u2013 P\u00e3o Com Manteiga\"}]},{\"@type\":\"WebSite\",\"@id\":\"https:\\\/\\\/blackholediscos.com\\\/#website\",\"url\":\"https:\\\/\\\/blackholediscos.com\\\/\",\"name\":\"Black Hole Discos\",\"description\":\"Brazilian music LPs\",\"publisher\":{\"@id\":\"https:\\\/\\\/blackholediscos.com\\\/#organization\"},\"potentialAction\":[{\"@type\":\"SearchAction\",\"target\":{\"@type\":\"EntryPoint\",\"urlTemplate\":\"https:\\\/\\\/blackholediscos.com\\\/?s={search_term_string}\"},\"query-input\":{\"@type\":\"PropertyValueSpecification\",\"valueRequired\":true,\"valueName\":\"search_term_string\"}}],\"inLanguage\":\"en-US\"},{\"@type\":\"Organization\",\"@id\":\"https:\\\/\\\/blackholediscos.com\\\/#organization\",\"name\":\"Black Hole Discos\",\"url\":\"https:\\\/\\\/blackholediscos.com\\\/\",\"logo\":{\"@type\":\"ImageObject\",\"inLanguage\":\"en-US\",\"@id\":\"https:\\\/\\\/blackholediscos.com\\\/#\\\/schema\\\/logo\\\/image\\\/\",\"url\":\"https:\\\/\\\/blackholediscos.com\\\/wp-content\\\/uploads\\\/2024\\\/06\\\/black-hole-discos-vinis-logo.png\",\"contentUrl\":\"https:\\\/\\\/blackholediscos.com\\\/wp-content\\\/uploads\\\/2024\\\/06\\\/black-hole-discos-vinis-logo.png\",\"width\":70,\"height\":66,\"caption\":\"Black Hole Discos\"},\"image\":{\"@id\":\"https:\\\/\\\/blackholediscos.com\\\/#\\\/schema\\\/logo\\\/image\\\/\"},\"sameAs\":[\"https:\\\/\\\/www.instagram.com\\\/blackholediscos\\\/\"]}]}<\/script>\n<!-- \/ Yoast SEO plugin. -->","yoast_head_json":{"title":"P\u00e3o Com Manteiga \u2013 P\u00e3o Com Manteiga - Black Hole Discos","robots":{"index":"index","follow":"follow","max-snippet":"max-snippet:-1","max-image-preview":"max-image-preview:large","max-video-preview":"max-video-preview:-1"},"canonical":"https:\/\/blackholediscos.com\/en\/product\/pao-com-manteiga-pao-com-manteiga\/","og_locale":"en_US","og_type":"article","og_title":"P\u00e3o Com Manteiga \u2013 P\u00e3o Com Manteiga - Black Hole Discos","og_description":"O \u00e1lbum, lan\u00e7ado em LP pela Continental Records, \u00e9 uma obra conceitual que transporta o ouvinte para o mundo fantasioso de Avalon, ao mesmo tempo em que tece cr\u00edticas \u00e0 sociedade moderna. Sua sonoridade arrojada combinada com as letras impactantes tornaram o \u00e1lbum uma experi\u00eancia auditiva memor\u00e1vel","og_url":"https:\/\/blackholediscos.com\/en\/product\/pao-com-manteiga-pao-com-manteiga\/","og_site_name":"Black Hole Discos","article_publisher":"https:\/\/www.instagram.com\/blackholediscos\/","article_modified_time":"2024-12-12T15:17:01+00:00","og_image":[{"width":2560,"height":2560,"url":"https:\/\/blackholediscos.com\/wp-content\/uploads\/2024\/07\/WhatsApp-Image-2024-07-18-at-12.58.57-scaled.jpeg","type":"image\/jpeg"}],"twitter_card":"summary_large_image","twitter_misc":{"Est. reading time":"2 minutes"},"schema":{"@context":"https:\/\/schema.org","@graph":[{"@type":"WebPage","@id":"https:\/\/blackholediscos.com\/product\/pao-com-manteiga-pao-com-manteiga\/","url":"https:\/\/blackholediscos.com\/product\/pao-com-manteiga-pao-com-manteiga\/","name":"P\u00e3o Com Manteiga \u2013 P\u00e3o Com Manteiga - Black Hole Discos","isPartOf":{"@id":"https:\/\/blackholediscos.com\/#website"},"primaryImageOfPage":{"@id":"https:\/\/blackholediscos.com\/product\/pao-com-manteiga-pao-com-manteiga\/#primaryimage"},"image":{"@id":"https:\/\/blackholediscos.com\/product\/pao-com-manteiga-pao-com-manteiga\/#primaryimage"},"thumbnailUrl":"https:\/\/blackholediscos.com\/wp-content\/uploads\/2024\/07\/WhatsApp-Image-2024-07-18-at-12.58.57-scaled.jpeg","datePublished":"2024-07-18T20:48:38+00:00","dateModified":"2024-12-12T15:17:01+00:00","breadcrumb":{"@id":"https:\/\/blackholediscos.com\/product\/pao-com-manteiga-pao-com-manteiga\/#breadcrumb"},"inLanguage":"en-US","potentialAction":[{"@type":"ReadAction","target":["https:\/\/blackholediscos.com\/product\/pao-com-manteiga-pao-com-manteiga\/"]}]},{"@type":"ImageObject","inLanguage":"en-US","@id":"https:\/\/blackholediscos.com\/product\/pao-com-manteiga-pao-com-manteiga\/#primaryimage","url":"https:\/\/blackholediscos.com\/wp-content\/uploads\/2024\/07\/WhatsApp-Image-2024-07-18-at-12.58.57-scaled.jpeg","contentUrl":"https:\/\/blackholediscos.com\/wp-content\/uploads\/2024\/07\/WhatsApp-Image-2024-07-18-at-12.58.57-scaled.jpeg","width":2560,"height":2560},{"@type":"BreadcrumbList","@id":"https:\/\/blackholediscos.com\/product\/pao-com-manteiga-pao-com-manteiga\/#breadcrumb","itemListElement":[{"@type":"ListItem","position":1,"name":"In\u00edcio","item":"https:\/\/blackholediscos.com\/"},{"@type":"ListItem","position":2,"name":"Shop","item":"https:\/\/blackholediscos.com\/shop\/"},{"@type":"ListItem","position":3,"name":"P\u00e3o Com Manteiga \u2013 P\u00e3o Com Manteiga"}]},{"@type":"WebSite","@id":"https:\/\/blackholediscos.com\/#website","url":"https:\/\/blackholediscos.com\/","name":"Black Hole Discos","description":"Brazilian music LPs","publisher":{"@id":"https:\/\/blackholediscos.com\/#organization"},"potentialAction":[{"@type":"SearchAction","target":{"@type":"EntryPoint","urlTemplate":"https:\/\/blackholediscos.com\/?s={search_term_string}"},"query-input":{"@type":"PropertyValueSpecification","valueRequired":true,"valueName":"search_term_string"}}],"inLanguage":"en-US"},{"@type":"Organization","@id":"https:\/\/blackholediscos.com\/#organization","name":"Black Hole Discos","url":"https:\/\/blackholediscos.com\/","logo":{"@type":"ImageObject","inLanguage":"en-US","@id":"https:\/\/blackholediscos.com\/#\/schema\/logo\/image\/","url":"https:\/\/blackholediscos.com\/wp-content\/uploads\/2024\/06\/black-hole-discos-vinis-logo.png","contentUrl":"https:\/\/blackholediscos.com\/wp-content\/uploads\/2024\/06\/black-hole-discos-vinis-logo.png","width":70,"height":66,"caption":"Black Hole Discos"},"image":{"@id":"https:\/\/blackholediscos.com\/#\/schema\/logo\/image\/"},"sameAs":["https:\/\/www.instagram.com\/blackholediscos\/"]}]}},"_links":{"self":[{"href":"https:\/\/blackholediscos.com\/en\/wp-json\/wp\/v2\/product\/4772","targetHints":{"allow":["GET"]}}],"collection":[{"href":"https:\/\/blackholediscos.com\/en\/wp-json\/wp\/v2\/product"}],"about":[{"href":"https:\/\/blackholediscos.com\/en\/wp-json\/wp\/v2\/types\/product"}],"replies":[{"embeddable":true,"href":"https:\/\/blackholediscos.com\/en\/wp-json\/wp\/v2\/comments?post=4772"}],"wp:featuredmedia":[{"embeddable":true,"href":"https:\/\/blackholediscos.com\/en\/wp-json\/wp\/v2\/media\/4740"}],"wp:attachment":[{"href":"https:\/\/blackholediscos.com\/en\/wp-json\/wp\/v2\/media?parent=4772"}],"wp:term":[{"taxonomy":"product_brand","embeddable":true,"href":"https:\/\/blackholediscos.com\/en\/wp-json\/wp\/v2\/product_brand?post=4772"},{"taxonomy":"product_cat","embeddable":true,"href":"https:\/\/blackholediscos.com\/en\/wp-json\/wp\/v2\/product_cat?post=4772"},{"taxonomy":"product_tag","embeddable":true,"href":"https:\/\/blackholediscos.com\/en\/wp-json\/wp\/v2\/product_tag?post=4772"},{"taxonomy":"artista","embeddable":true,"href":"https:\/\/blackholediscos.com\/en\/wp-json\/wp\/v2\/artista?post=4772"},{"taxonomy":"produtora","embeddable":true,"href":"https:\/\/blackholediscos.com\/en\/wp-json\/wp\/v2\/produtora?post=4772"},{"taxonomy":"ano","embeddable":true,"href":"https:\/\/blackholediscos.com\/en\/wp-json\/wp\/v2\/ano?post=4772"}],"curies":[{"name":"wp","href":"https:\/\/api.w.org\/{rel}","templated":true}]}}