{"id":4759,"date":"2024-07-18T19:52:06","date_gmt":"2024-07-18T19:52:06","guid":{"rendered":"https:\/\/blackholediscos.com\/?post_type=product&#038;p=4759"},"modified":"2024-07-18T19:52:06","modified_gmt":"2024-07-18T19:52:06","slug":"impacto-cinco-lagrimas-azuis","status":"publish","type":"product","link":"https:\/\/blackholediscos.com\/en\/product\/impacto-cinco-lagrimas-azuis\/","title":{"rendered":"Impacto Cinco \u2013 L\u00e1grimas Azuis"},"content":{"rendered":"<p>First Press \tCBS \u2013 137882<\/p>\n<p>A1\t\tM\u00e3os De Seda, Cora\u00e7\u00e3o De Ferro<\/p>\n<p>A2\t\t(Tudo Vai Mudar) Amanh\u00e3<\/p>\n<p>A3\t\tFuga<\/p>\n<p>A4\t\tCarmem, Carmem<\/p>\n<p>A5\t\tViver Triste<\/p>\n<p>A6\t\tLembran\u00e7as<\/p>\n<p>B1\t\tL\u00e1grimas Azuis<\/p>\n<p>B2\t\tS\u00e1bado<\/p>\n<p>B3\t\tUm Bom Lugar<\/p>\n<p>B4\t\tSentado No Arco-Iris<\/p>\n<p>B5\t\tMuito Tempo De Som<\/p>","protected":false},"excerpt":{"rendered":"<p>First Press CBS \u2013 137882 A1 M\u00e3os De Seda, Cora\u00e7\u00e3o De Ferro A2 (Tudo Vai Mudar) Amanh\u00e3 A3 Fuga A4 Carmem, Carmem A5 Viver Triste A6 Lembran\u00e7as B1 L\u00e1grimas Azuis B2 S\u00e1bado B3 Um Bom Lugar B4 Sentado No Arco-Iris B5 Muito Tempo De Som<\/p>","protected":false},"featured_media":4732,"comment_status":"open","ping_status":"closed","template":"","meta":{"_acf_changed":false},"product_brand":[],"product_cat":[34,39,48,35,173],"product_tag":[],"artista":[945],"produtora":[211],"ano":[63],"class_list":{"0":"post-4759","1":"product","2":"type-product","3":"status-publish","4":"has-post-thumbnail","6":"product_cat-funk","7":"product_cat-mpb","8":"product_cat-psicodelia","9":"product_cat-rock","10":"product_cat-rock-alternativo","11":"artista-impacto-cinco","12":"produtora-cbs","13":"ano-63","15":"first","16":"instock","17":"sold-individually","18":"shipping-taxable","19":"purchasable","20":"product-type-simple"},"acf":[],"yoast_head":"<!-- This site is optimized with the Yoast SEO plugin v27.3 - https:\/\/yoast.com\/product\/yoast-seo-wordpress\/ -->\n<title>Impacto Cinco \u2013 L\u00e1grimas Azuis - Black Hole Discos<\/title>\n<meta name=\"robots\" content=\"index, follow, max-snippet:-1, max-image-preview:large, max-video-preview:-1\" \/>\n<link rel=\"canonical\" href=\"https:\/\/blackholediscos.com\/en\/product\/impacto-cinco-lagrimas-azuis\/\" \/>\n<meta property=\"og:locale\" content=\"en_US\" \/>\n<meta property=\"og:type\" content=\"article\" \/>\n<meta property=\"og:title\" content=\"Impacto Cinco \u2013 L\u00e1grimas Azuis - Black Hole Discos\" \/>\n<meta property=\"og:description\" content=\"First Press CBS \u2013 137882 A1 M\u00e3os De Seda, Cora\u00e7\u00e3o De Ferro A2 (Tudo Vai Mudar) Amanh\u00e3 A3 Fuga A4 Carmem, Carmem A5 Viver Triste A6 Lembran\u00e7as B1 L\u00e1grimas Azuis B2 S\u00e1bado B3 Um Bom Lugar B4 Sentado No Arco-Iris B5 Muito Tempo De Som\" \/>\n<meta property=\"og:url\" content=\"https:\/\/blackholediscos.com\/en\/product\/impacto-cinco-lagrimas-azuis\/\" \/>\n<meta property=\"og:site_name\" content=\"Black Hole Discos\" \/>\n<meta property=\"article:publisher\" content=\"https:\/\/www.instagram.com\/blackholediscos\/\" \/>\n<meta property=\"og:image\" content=\"https:\/\/blackholediscos.com\/wp-content\/uploads\/2024\/07\/WhatsApp-Image-2024-07-18-at-12.44.32-scaled.jpeg\" \/>\n\t<meta property=\"og:image:width\" content=\"2560\" \/>\n\t<meta property=\"og:image:height\" content=\"2560\" \/>\n\t<meta property=\"og:image:type\" content=\"image\/jpeg\" \/>\n<meta name=\"twitter:card\" content=\"summary_large_image\" \/>\n<meta name=\"twitter:label1\" content=\"Est. reading time\" \/>\n\t<meta name=\"twitter:data1\" content=\"1 minute\" \/>\n<script type=\"application\/ld+json\" class=\"yoast-schema-graph\">{\"@context\":\"https:\\\/\\\/schema.org\",\"@graph\":[{\"@type\":\"WebPage\",\"@id\":\"https:\\\/\\\/blackholediscos.com\\\/product\\\/impacto-cinco-lagrimas-azuis\\\/\",\"url\":\"https:\\\/\\\/blackholediscos.com\\\/product\\\/impacto-cinco-lagrimas-azuis\\\/\",\"name\":\"Impacto Cinco \u2013 L\u00e1grimas Azuis - Black Hole Discos\",\"isPartOf\":{\"@id\":\"https:\\\/\\\/blackholediscos.com\\\/#website\"},\"primaryImageOfPage\":{\"@id\":\"https:\\\/\\\/blackholediscos.com\\\/product\\\/impacto-cinco-lagrimas-azuis\\\/#primaryimage\"},\"image\":{\"@id\":\"https:\\\/\\\/blackholediscos.com\\\/product\\\/impacto-cinco-lagrimas-azuis\\\/#primaryimage\"},\"thumbnailUrl\":\"https:\\\/\\\/blackholediscos.com\\\/wp-content\\\/uploads\\\/2024\\\/07\\\/WhatsApp-Image-2024-07-18-at-12.44.32-scaled.jpeg\",\"datePublished\":\"2024-07-18T19:52:06+00:00\",\"breadcrumb\":{\"@id\":\"https:\\\/\\\/blackholediscos.com\\\/product\\\/impacto-cinco-lagrimas-azuis\\\/#breadcrumb\"},\"inLanguage\":\"en-US\",\"potentialAction\":[{\"@type\":\"ReadAction\",\"target\":[\"https:\\\/\\\/blackholediscos.com\\\/product\\\/impacto-cinco-lagrimas-azuis\\\/\"]}]},{\"@type\":\"ImageObject\",\"inLanguage\":\"en-US\",\"@id\":\"https:\\\/\\\/blackholediscos.com\\\/product\\\/impacto-cinco-lagrimas-azuis\\\/#primaryimage\",\"url\":\"https:\\\/\\\/blackholediscos.com\\\/wp-content\\\/uploads\\\/2024\\\/07\\\/WhatsApp-Image-2024-07-18-at-12.44.32-scaled.jpeg\",\"contentUrl\":\"https:\\\/\\\/blackholediscos.com\\\/wp-content\\\/uploads\\\/2024\\\/07\\\/WhatsApp-Image-2024-07-18-at-12.44.32-scaled.jpeg\",\"width\":2560,\"height\":2560},{\"@type\":\"BreadcrumbList\",\"@id\":\"https:\\\/\\\/blackholediscos.com\\\/product\\\/impacto-cinco-lagrimas-azuis\\\/#breadcrumb\",\"itemListElement\":[{\"@type\":\"ListItem\",\"position\":1,\"name\":\"In\u00edcio\",\"item\":\"https:\\\/\\\/blackholediscos.com\\\/\"},{\"@type\":\"ListItem\",\"position\":2,\"name\":\"Shop\",\"item\":\"https:\\\/\\\/blackholediscos.com\\\/shop\\\/\"},{\"@type\":\"ListItem\",\"position\":3,\"name\":\"Impacto Cinco \u2013 L\u00e1grimas Azuis\"}]},{\"@type\":\"WebSite\",\"@id\":\"https:\\\/\\\/blackholediscos.com\\\/#website\",\"url\":\"https:\\\/\\\/blackholediscos.com\\\/\",\"name\":\"Black Hole Discos\",\"description\":\"Brazilian music LPs\",\"publisher\":{\"@id\":\"https:\\\/\\\/blackholediscos.com\\\/#organization\"},\"potentialAction\":[{\"@type\":\"SearchAction\",\"target\":{\"@type\":\"EntryPoint\",\"urlTemplate\":\"https:\\\/\\\/blackholediscos.com\\\/?s={search_term_string}\"},\"query-input\":{\"@type\":\"PropertyValueSpecification\",\"valueRequired\":true,\"valueName\":\"search_term_string\"}}],\"inLanguage\":\"en-US\"},{\"@type\":\"Organization\",\"@id\":\"https:\\\/\\\/blackholediscos.com\\\/#organization\",\"name\":\"Black Hole Discos\",\"url\":\"https:\\\/\\\/blackholediscos.com\\\/\",\"logo\":{\"@type\":\"ImageObject\",\"inLanguage\":\"en-US\",\"@id\":\"https:\\\/\\\/blackholediscos.com\\\/#\\\/schema\\\/logo\\\/image\\\/\",\"url\":\"https:\\\/\\\/blackholediscos.com\\\/wp-content\\\/uploads\\\/2024\\\/06\\\/black-hole-discos-vinis-logo.png\",\"contentUrl\":\"https:\\\/\\\/blackholediscos.com\\\/wp-content\\\/uploads\\\/2024\\\/06\\\/black-hole-discos-vinis-logo.png\",\"width\":70,\"height\":66,\"caption\":\"Black Hole Discos\"},\"image\":{\"@id\":\"https:\\\/\\\/blackholediscos.com\\\/#\\\/schema\\\/logo\\\/image\\\/\"},\"sameAs\":[\"https:\\\/\\\/www.instagram.com\\\/blackholediscos\\\/\"]}]}<\/script>\n<!-- \/ Yoast SEO plugin. -->","yoast_head_json":{"title":"Impacto Cinco \u2013 L\u00e1grimas Azuis - Black Hole Discos","robots":{"index":"index","follow":"follow","max-snippet":"max-snippet:-1","max-image-preview":"max-image-preview:large","max-video-preview":"max-video-preview:-1"},"canonical":"https:\/\/blackholediscos.com\/en\/product\/impacto-cinco-lagrimas-azuis\/","og_locale":"en_US","og_type":"article","og_title":"Impacto Cinco \u2013 L\u00e1grimas Azuis - Black Hole Discos","og_description":"First Press CBS \u2013 137882 A1 M\u00e3os De Seda, Cora\u00e7\u00e3o De Ferro A2 (Tudo Vai Mudar) Amanh\u00e3 A3 Fuga A4 Carmem, Carmem A5 Viver Triste A6 Lembran\u00e7as B1 L\u00e1grimas Azuis B2 S\u00e1bado B3 Um Bom Lugar B4 Sentado No Arco-Iris B5 Muito Tempo De Som","og_url":"https:\/\/blackholediscos.com\/en\/product\/impacto-cinco-lagrimas-azuis\/","og_site_name":"Black Hole Discos","article_publisher":"https:\/\/www.instagram.com\/blackholediscos\/","og_image":[{"width":2560,"height":2560,"url":"https:\/\/blackholediscos.com\/wp-content\/uploads\/2024\/07\/WhatsApp-Image-2024-07-18-at-12.44.32-scaled.jpeg","type":"image\/jpeg"}],"twitter_card":"summary_large_image","twitter_misc":{"Est. reading time":"1 minute"},"schema":{"@context":"https:\/\/schema.org","@graph":[{"@type":"WebPage","@id":"https:\/\/blackholediscos.com\/product\/impacto-cinco-lagrimas-azuis\/","url":"https:\/\/blackholediscos.com\/product\/impacto-cinco-lagrimas-azuis\/","name":"Impacto Cinco \u2013 L\u00e1grimas Azuis - Black Hole Discos","isPartOf":{"@id":"https:\/\/blackholediscos.com\/#website"},"primaryImageOfPage":{"@id":"https:\/\/blackholediscos.com\/product\/impacto-cinco-lagrimas-azuis\/#primaryimage"},"image":{"@id":"https:\/\/blackholediscos.com\/product\/impacto-cinco-lagrimas-azuis\/#primaryimage"},"thumbnailUrl":"https:\/\/blackholediscos.com\/wp-content\/uploads\/2024\/07\/WhatsApp-Image-2024-07-18-at-12.44.32-scaled.jpeg","datePublished":"2024-07-18T19:52:06+00:00","breadcrumb":{"@id":"https:\/\/blackholediscos.com\/product\/impacto-cinco-lagrimas-azuis\/#breadcrumb"},"inLanguage":"en-US","potentialAction":[{"@type":"ReadAction","target":["https:\/\/blackholediscos.com\/product\/impacto-cinco-lagrimas-azuis\/"]}]},{"@type":"ImageObject","inLanguage":"en-US","@id":"https:\/\/blackholediscos.com\/product\/impacto-cinco-lagrimas-azuis\/#primaryimage","url":"https:\/\/blackholediscos.com\/wp-content\/uploads\/2024\/07\/WhatsApp-Image-2024-07-18-at-12.44.32-scaled.jpeg","contentUrl":"https:\/\/blackholediscos.com\/wp-content\/uploads\/2024\/07\/WhatsApp-Image-2024-07-18-at-12.44.32-scaled.jpeg","width":2560,"height":2560},{"@type":"BreadcrumbList","@id":"https:\/\/blackholediscos.com\/product\/impacto-cinco-lagrimas-azuis\/#breadcrumb","itemListElement":[{"@type":"ListItem","position":1,"name":"In\u00edcio","item":"https:\/\/blackholediscos.com\/"},{"@type":"ListItem","position":2,"name":"Shop","item":"https:\/\/blackholediscos.com\/shop\/"},{"@type":"ListItem","position":3,"name":"Impacto Cinco \u2013 L\u00e1grimas Azuis"}]},{"@type":"WebSite","@id":"https:\/\/blackholediscos.com\/#website","url":"https:\/\/blackholediscos.com\/","name":"Black Hole Discos","description":"Brazilian music LPs","publisher":{"@id":"https:\/\/blackholediscos.com\/#organization"},"potentialAction":[{"@type":"SearchAction","target":{"@type":"EntryPoint","urlTemplate":"https:\/\/blackholediscos.com\/?s={search_term_string}"},"query-input":{"@type":"PropertyValueSpecification","valueRequired":true,"valueName":"search_term_string"}}],"inLanguage":"en-US"},{"@type":"Organization","@id":"https:\/\/blackholediscos.com\/#organization","name":"Black Hole Discos","url":"https:\/\/blackholediscos.com\/","logo":{"@type":"ImageObject","inLanguage":"en-US","@id":"https:\/\/blackholediscos.com\/#\/schema\/logo\/image\/","url":"https:\/\/blackholediscos.com\/wp-content\/uploads\/2024\/06\/black-hole-discos-vinis-logo.png","contentUrl":"https:\/\/blackholediscos.com\/wp-content\/uploads\/2024\/06\/black-hole-discos-vinis-logo.png","width":70,"height":66,"caption":"Black Hole Discos"},"image":{"@id":"https:\/\/blackholediscos.com\/#\/schema\/logo\/image\/"},"sameAs":["https:\/\/www.instagram.com\/blackholediscos\/"]}]}},"_links":{"self":[{"href":"https:\/\/blackholediscos.com\/en\/wp-json\/wp\/v2\/product\/4759","targetHints":{"allow":["GET"]}}],"collection":[{"href":"https:\/\/blackholediscos.com\/en\/wp-json\/wp\/v2\/product"}],"about":[{"href":"https:\/\/blackholediscos.com\/en\/wp-json\/wp\/v2\/types\/product"}],"replies":[{"embeddable":true,"href":"https:\/\/blackholediscos.com\/en\/wp-json\/wp\/v2\/comments?post=4759"}],"wp:featuredmedia":[{"embeddable":true,"href":"https:\/\/blackholediscos.com\/en\/wp-json\/wp\/v2\/media\/4732"}],"wp:attachment":[{"href":"https:\/\/blackholediscos.com\/en\/wp-json\/wp\/v2\/media?parent=4759"}],"wp:term":[{"taxonomy":"product_brand","embeddable":true,"href":"https:\/\/blackholediscos.com\/en\/wp-json\/wp\/v2\/product_brand?post=4759"},{"taxonomy":"product_cat","embeddable":true,"href":"https:\/\/blackholediscos.com\/en\/wp-json\/wp\/v2\/product_cat?post=4759"},{"taxonomy":"product_tag","embeddable":true,"href":"https:\/\/blackholediscos.com\/en\/wp-json\/wp\/v2\/product_tag?post=4759"},{"taxonomy":"artista","embeddable":true,"href":"https:\/\/blackholediscos.com\/en\/wp-json\/wp\/v2\/artista?post=4759"},{"taxonomy":"produtora","embeddable":true,"href":"https:\/\/blackholediscos.com\/en\/wp-json\/wp\/v2\/produtora?post=4759"},{"taxonomy":"ano","embeddable":true,"href":"https:\/\/blackholediscos.com\/en\/wp-json\/wp\/v2\/ano?post=4759"}],"curies":[{"name":"wp","href":"https:\/\/api.w.org\/{rel}","templated":true}]}}