{"id":4704,"date":"2024-07-16T19:49:10","date_gmt":"2024-07-16T19:49:10","guid":{"rendered":"https:\/\/blackholediscos.com\/?post_type=product&#038;p=4704"},"modified":"2024-07-16T19:50:43","modified_gmt":"2024-07-16T19:50:43","slug":"equipe-mercado-mary-k-no-esgoto-das-maravilhas","status":"publish","type":"product","link":"https:\/\/blackholediscos.com\/en\/product\/equipe-mercado-mary-k-no-esgoto-das-maravilhas\/","title":{"rendered":"Equipe Mercado \u2013 Mary K. No Esg\u00f4to Das Maravilhas"},"content":{"rendered":"<p>Grupo de rock formado por Diana (voz), Leugruber (guitarra), Ricardo Ginsburg (guitarra), Stul (viol\u00e3o, baixo, piano e voz), Carlos Gra\u00e7a (bateria) e Ronaldo Periassu (percuss\u00e3o) em 1970 na cidade do Rio de Janeiro, tendo como influ\u00eancia maior o rock psicod\u00e9lico dos anos 60.<\/p>\n<p>Lan\u00e7ou em 1971 um compacto simples com as m\u00fasicas \u201cOs campos de arroz\u201d e \u201cSide b rock\u201d, encerrando suas atividades no ano seguinte, e apenas dois compactos simples, o que soma um conjunto de apenas cinco m\u00fasicas. E uma participa\u00e7\u00e3o no LP \u201cPosi\u00e7\u00f5es\u201d<\/p>\n<p>Afora os Mutantes, a hist\u00f3ria do rock psicod\u00e9lico brasileiro da virada dos 60 para os 70 \u00e9 muito mal contada. N\u00e3o que seja uma hist\u00f3ria extensa, longe disso, mas ainda assim ela cont\u00e9m algumas p\u00e9rolas inacreditavelmente pouco conhecidas, quando n\u00e3o totalmente obscuras. A Equipe Mercado \u00e9 uma dessas. De mais significativo no mercado discogr\u00e1fico, apenas a participa\u00e7\u00e3o com \u201cMarina Belair\u201d na m\u00edtica colet\u00e2nea Posi\u00e7\u00f5es, junto com M\u00f3dulo Mil, Som Imagin\u00e1rio e A Tribo, em 1971. Al\u00e9m dessa faixa, apenas dois compactos simples, o que soma um conjunto de apenas cinco m\u00fasicas. \u201cMary K no Esgoto das Maravilhas\u201d \u00e9 uma estonteante faixa de teatro musical aditivado, Broadway com LSD. Se a parte de musical corresponde \u00e0 parte palat\u00e1vel da melodia, grudenta at\u00e9 n\u00e3o mais poder, a parte aditivada corresponde \u00e0 confus\u00e3o entre as duas vozes, \u00e0s interven\u00e7\u00f5es incidentais (h\u00e1 um \u201cbye bye blackbird\u201d repetido \u00e0 exaust\u00e3o num dado momento), a todas as mudan\u00e7as de andamento e acompanhamento, mas principalmente pela doidivanas letra da can\u00e7\u00e3o, que come\u00e7a com \u201cMy name is Mary K, noiva da am\u00e9rica\/ruiva de Robin Holly Wood\/A ruiva noite noiva of Mary Pickford\/A piquenique noiva de Douglas Fairbanks\u201d. Em mat\u00e9ria de irrever\u00eancia, a can\u00e7\u00e3o \u00e9 do n\u00edvel das coisas mais ir\u00f4nicas dos Mutantes, como \u201cMeu Refrigerador N\u00e3o Funciona\u201d ou a vers\u00e3o debochada de \u201cCh\u00e3o de Estrelas\u201d. Mas o pique da Equipe Mercado \u00e9 outro, e n\u00e3o se presta tanto a compara\u00e7\u00f5es. \u201cMary K no Esgoto das Maravilhas\u201d \u00e9 o amor por uma doce sabotagem da cultura pop americana (\u201cThis is the end, Mary Pickford, isso significa: acabou\u201d) em seu pr\u00f3prio terreno de encantamento, as can\u00e7\u00f5es melosas de musical que se transformam em del\u00edrios esquizos e dissonantes. \u00c9 um pouco o mesmo charme de Uma Mulher \u00c9 uma Mulher de Godard, a fofura do g\u00eanero e seu making of brechtiano. Uma m\u00fasica e um grupo criminosamente esquecidos da m\u00fasica brasileira (apenas 360 audi\u00e7\u00f5es na lastfm at\u00e9 o momento, NENHUMA foto dispon\u00edvel na internet, da\u00ed a aus\u00eancia de imagem nessa postagem), mas acima de tudo uma deliciosa brincadeira levada a s\u00e9rio que nos carrega em sua molecagem. (Ruy Gardnier)<\/p>\n<p>Compacto original de \u00e9poca em perfeito estado de conserva\u00e7\u00e3o capa e disco. <\/p>\n<p>Label:<br \/>\nOdeon \u2013 7B-443<\/p>\n<p>Tracklist:<\/p>\n<p>A Mary K. No Esgoto Das Maravilhas<\/p>\n<p>B Poensosc\u00f3pio De Mil Novecentos E Quaranta E Quinze<\/p>","protected":false},"excerpt":{"rendered":"<p>Grupo de rock formado por Diana (voz), Leugruber (guitarra), Ricardo Ginsburg (guitarra), Stul (viol\u00e3o, baixo, piano e voz), Carlos Gra\u00e7a (bateria) e Ronaldo Periassu (percuss\u00e3o) em 1970 na cidade do Rio de Janeiro, tendo como influ\u00eancia maior o rock psicod\u00e9lico dos anos 60. Lan\u00e7ou em 1971 um compacto simples com as m\u00fasicas \u201cOs campos de [&hellip;]<\/p>\n","protected":false},"featured_media":4687,"comment_status":"open","ping_status":"closed","template":"","meta":{"_acf_changed":false},"product_brand":[],"product_cat":[110,48],"product_tag":[],"artista":[940],"produtora":[53],"ano":[69],"class_list":{"0":"post-4704","1":"product","2":"type-product","3":"status-publish","4":"has-post-thumbnail","6":"product_cat-compactos-7inch","7":"product_cat-psicodelia","8":"artista-equipe-mercado","9":"produtora-odeon","10":"ano-69","12":"first","13":"instock","14":"sold-individually","15":"shipping-taxable","16":"purchasable","17":"product-type-simple"},"acf":[],"yoast_head":"<!-- This site is optimized with the Yoast SEO plugin v27.5 - https:\/\/yoast.com\/product\/yoast-seo-wordpress\/ -->\n<title>Equipe Mercado \u2013 Mary K. No Esg\u00f4to Das Maravilhas - Black Hole Discos<\/title>\n<meta name=\"robots\" content=\"index, follow, max-snippet:-1, max-image-preview:large, max-video-preview:-1\" \/>\n<link rel=\"canonical\" href=\"https:\/\/blackholediscos.com\/en\/product\/equipe-mercado-mary-k-no-esgoto-das-maravilhas\/\" \/>\n<meta property=\"og:locale\" content=\"en_US\" \/>\n<meta property=\"og:type\" content=\"article\" \/>\n<meta property=\"og:title\" content=\"Equipe Mercado \u2013 Mary K. No Esg\u00f4to Das Maravilhas - Black Hole Discos\" \/>\n<meta property=\"og:description\" content=\"Grupo de rock formado por Diana (voz), Leugruber (guitarra), Ricardo Ginsburg (guitarra), Stul (viol\u00e3o, baixo, piano e voz), Carlos Gra\u00e7a (bateria) e Ronaldo Periassu (percuss\u00e3o) em 1970 na cidade do Rio de Janeiro, tendo como influ\u00eancia maior o rock psicod\u00e9lico dos anos 60. Lan\u00e7ou em 1971 um compacto simples com as m\u00fasicas \u201cOs campos de [&hellip;]\" \/>\n<meta property=\"og:url\" content=\"https:\/\/blackholediscos.com\/en\/product\/equipe-mercado-mary-k-no-esgoto-das-maravilhas\/\" \/>\n<meta property=\"og:site_name\" content=\"Black Hole Discos\" \/>\n<meta property=\"article:publisher\" content=\"https:\/\/www.instagram.com\/blackholediscos\/\" \/>\n<meta property=\"article:modified_time\" content=\"2024-07-16T19:50:43+00:00\" \/>\n<meta property=\"og:image\" content=\"https:\/\/blackholediscos.com\/wp-content\/uploads\/2024\/07\/IMG_9064-scaled.jpeg\" \/>\n\t<meta property=\"og:image:width\" content=\"2560\" \/>\n\t<meta property=\"og:image:height\" content=\"2560\" \/>\n\t<meta property=\"og:image:type\" content=\"image\/jpeg\" \/>\n<meta name=\"twitter:card\" content=\"summary_large_image\" \/>\n<meta name=\"twitter:label1\" content=\"Est. reading time\" \/>\n\t<meta name=\"twitter:data1\" content=\"1 minute\" \/>\n<script type=\"application\/ld+json\" class=\"yoast-schema-graph\">{\"@context\":\"https:\\\/\\\/schema.org\",\"@graph\":[{\"@type\":\"WebPage\",\"@id\":\"https:\\\/\\\/blackholediscos.com\\\/product\\\/equipe-mercado-mary-k-no-esgoto-das-maravilhas\\\/\",\"url\":\"https:\\\/\\\/blackholediscos.com\\\/product\\\/equipe-mercado-mary-k-no-esgoto-das-maravilhas\\\/\",\"name\":\"Equipe Mercado \u2013 Mary K. No Esg\u00f4to Das Maravilhas - Black Hole Discos\",\"isPartOf\":{\"@id\":\"https:\\\/\\\/blackholediscos.com\\\/#website\"},\"primaryImageOfPage\":{\"@id\":\"https:\\\/\\\/blackholediscos.com\\\/product\\\/equipe-mercado-mary-k-no-esgoto-das-maravilhas\\\/#primaryimage\"},\"image\":{\"@id\":\"https:\\\/\\\/blackholediscos.com\\\/product\\\/equipe-mercado-mary-k-no-esgoto-das-maravilhas\\\/#primaryimage\"},\"thumbnailUrl\":\"https:\\\/\\\/blackholediscos.com\\\/wp-content\\\/uploads\\\/2024\\\/07\\\/IMG_9064-scaled.jpeg\",\"datePublished\":\"2024-07-16T19:49:10+00:00\",\"dateModified\":\"2024-07-16T19:50:43+00:00\",\"breadcrumb\":{\"@id\":\"https:\\\/\\\/blackholediscos.com\\\/product\\\/equipe-mercado-mary-k-no-esgoto-das-maravilhas\\\/#breadcrumb\"},\"inLanguage\":\"en-US\",\"potentialAction\":[{\"@type\":\"ReadAction\",\"target\":[\"https:\\\/\\\/blackholediscos.com\\\/product\\\/equipe-mercado-mary-k-no-esgoto-das-maravilhas\\\/\"]}]},{\"@type\":\"ImageObject\",\"inLanguage\":\"en-US\",\"@id\":\"https:\\\/\\\/blackholediscos.com\\\/product\\\/equipe-mercado-mary-k-no-esgoto-das-maravilhas\\\/#primaryimage\",\"url\":\"https:\\\/\\\/blackholediscos.com\\\/wp-content\\\/uploads\\\/2024\\\/07\\\/IMG_9064-scaled.jpeg\",\"contentUrl\":\"https:\\\/\\\/blackholediscos.com\\\/wp-content\\\/uploads\\\/2024\\\/07\\\/IMG_9064-scaled.jpeg\",\"width\":2560,\"height\":2560},{\"@type\":\"BreadcrumbList\",\"@id\":\"https:\\\/\\\/blackholediscos.com\\\/product\\\/equipe-mercado-mary-k-no-esgoto-das-maravilhas\\\/#breadcrumb\",\"itemListElement\":[{\"@type\":\"ListItem\",\"position\":1,\"name\":\"In\u00edcio\",\"item\":\"https:\\\/\\\/blackholediscos.com\\\/\"},{\"@type\":\"ListItem\",\"position\":2,\"name\":\"Shop\",\"item\":\"https:\\\/\\\/blackholediscos.com\\\/shop\\\/\"},{\"@type\":\"ListItem\",\"position\":3,\"name\":\"Equipe Mercado \u2013 Mary K. No Esg\u00f4to Das Maravilhas\"}]},{\"@type\":\"WebSite\",\"@id\":\"https:\\\/\\\/blackholediscos.com\\\/#website\",\"url\":\"https:\\\/\\\/blackholediscos.com\\\/\",\"name\":\"Black Hole Discos\",\"description\":\"Brazilian music LPs\",\"publisher\":{\"@id\":\"https:\\\/\\\/blackholediscos.com\\\/#organization\"},\"potentialAction\":[{\"@type\":\"SearchAction\",\"target\":{\"@type\":\"EntryPoint\",\"urlTemplate\":\"https:\\\/\\\/blackholediscos.com\\\/?s={search_term_string}\"},\"query-input\":{\"@type\":\"PropertyValueSpecification\",\"valueRequired\":true,\"valueName\":\"search_term_string\"}}],\"inLanguage\":\"en-US\"},{\"@type\":\"Organization\",\"@id\":\"https:\\\/\\\/blackholediscos.com\\\/#organization\",\"name\":\"Black Hole Discos\",\"url\":\"https:\\\/\\\/blackholediscos.com\\\/\",\"logo\":{\"@type\":\"ImageObject\",\"inLanguage\":\"en-US\",\"@id\":\"https:\\\/\\\/blackholediscos.com\\\/#\\\/schema\\\/logo\\\/image\\\/\",\"url\":\"https:\\\/\\\/blackholediscos.com\\\/wp-content\\\/uploads\\\/2024\\\/06\\\/black-hole-discos-vinis-logo.png\",\"contentUrl\":\"https:\\\/\\\/blackholediscos.com\\\/wp-content\\\/uploads\\\/2024\\\/06\\\/black-hole-discos-vinis-logo.png\",\"width\":70,\"height\":66,\"caption\":\"Black Hole Discos\"},\"image\":{\"@id\":\"https:\\\/\\\/blackholediscos.com\\\/#\\\/schema\\\/logo\\\/image\\\/\"},\"sameAs\":[\"https:\\\/\\\/www.instagram.com\\\/blackholediscos\\\/\"]}]}<\/script>\n<!-- \/ Yoast SEO plugin. -->","yoast_head_json":{"title":"Equipe Mercado \u2013 Mary K. No Esg\u00f4to Das Maravilhas - Black Hole Discos","robots":{"index":"index","follow":"follow","max-snippet":"max-snippet:-1","max-image-preview":"max-image-preview:large","max-video-preview":"max-video-preview:-1"},"canonical":"https:\/\/blackholediscos.com\/en\/product\/equipe-mercado-mary-k-no-esgoto-das-maravilhas\/","og_locale":"en_US","og_type":"article","og_title":"Equipe Mercado \u2013 Mary K. No Esg\u00f4to Das Maravilhas - Black Hole Discos","og_description":"Grupo de rock formado por Diana (voz), Leugruber (guitarra), Ricardo Ginsburg (guitarra), Stul (viol\u00e3o, baixo, piano e voz), Carlos Gra\u00e7a (bateria) e Ronaldo Periassu (percuss\u00e3o) em 1970 na cidade do Rio de Janeiro, tendo como influ\u00eancia maior o rock psicod\u00e9lico dos anos 60. Lan\u00e7ou em 1971 um compacto simples com as m\u00fasicas \u201cOs campos de [&hellip;]","og_url":"https:\/\/blackholediscos.com\/en\/product\/equipe-mercado-mary-k-no-esgoto-das-maravilhas\/","og_site_name":"Black Hole Discos","article_publisher":"https:\/\/www.instagram.com\/blackholediscos\/","article_modified_time":"2024-07-16T19:50:43+00:00","og_image":[{"width":2560,"height":2560,"url":"https:\/\/blackholediscos.com\/wp-content\/uploads\/2024\/07\/IMG_9064-scaled.jpeg","type":"image\/jpeg"}],"twitter_card":"summary_large_image","twitter_misc":{"Est. reading time":"1 minute"},"schema":{"@context":"https:\/\/schema.org","@graph":[{"@type":"WebPage","@id":"https:\/\/blackholediscos.com\/product\/equipe-mercado-mary-k-no-esgoto-das-maravilhas\/","url":"https:\/\/blackholediscos.com\/product\/equipe-mercado-mary-k-no-esgoto-das-maravilhas\/","name":"Equipe Mercado \u2013 Mary K. No Esg\u00f4to Das Maravilhas - Black Hole Discos","isPartOf":{"@id":"https:\/\/blackholediscos.com\/#website"},"primaryImageOfPage":{"@id":"https:\/\/blackholediscos.com\/product\/equipe-mercado-mary-k-no-esgoto-das-maravilhas\/#primaryimage"},"image":{"@id":"https:\/\/blackholediscos.com\/product\/equipe-mercado-mary-k-no-esgoto-das-maravilhas\/#primaryimage"},"thumbnailUrl":"https:\/\/blackholediscos.com\/wp-content\/uploads\/2024\/07\/IMG_9064-scaled.jpeg","datePublished":"2024-07-16T19:49:10+00:00","dateModified":"2024-07-16T19:50:43+00:00","breadcrumb":{"@id":"https:\/\/blackholediscos.com\/product\/equipe-mercado-mary-k-no-esgoto-das-maravilhas\/#breadcrumb"},"inLanguage":"en-US","potentialAction":[{"@type":"ReadAction","target":["https:\/\/blackholediscos.com\/product\/equipe-mercado-mary-k-no-esgoto-das-maravilhas\/"]}]},{"@type":"ImageObject","inLanguage":"en-US","@id":"https:\/\/blackholediscos.com\/product\/equipe-mercado-mary-k-no-esgoto-das-maravilhas\/#primaryimage","url":"https:\/\/blackholediscos.com\/wp-content\/uploads\/2024\/07\/IMG_9064-scaled.jpeg","contentUrl":"https:\/\/blackholediscos.com\/wp-content\/uploads\/2024\/07\/IMG_9064-scaled.jpeg","width":2560,"height":2560},{"@type":"BreadcrumbList","@id":"https:\/\/blackholediscos.com\/product\/equipe-mercado-mary-k-no-esgoto-das-maravilhas\/#breadcrumb","itemListElement":[{"@type":"ListItem","position":1,"name":"In\u00edcio","item":"https:\/\/blackholediscos.com\/"},{"@type":"ListItem","position":2,"name":"Shop","item":"https:\/\/blackholediscos.com\/shop\/"},{"@type":"ListItem","position":3,"name":"Equipe Mercado \u2013 Mary K. No Esg\u00f4to Das Maravilhas"}]},{"@type":"WebSite","@id":"https:\/\/blackholediscos.com\/#website","url":"https:\/\/blackholediscos.com\/","name":"Black Hole Discos","description":"Brazilian music LPs","publisher":{"@id":"https:\/\/blackholediscos.com\/#organization"},"potentialAction":[{"@type":"SearchAction","target":{"@type":"EntryPoint","urlTemplate":"https:\/\/blackholediscos.com\/?s={search_term_string}"},"query-input":{"@type":"PropertyValueSpecification","valueRequired":true,"valueName":"search_term_string"}}],"inLanguage":"en-US"},{"@type":"Organization","@id":"https:\/\/blackholediscos.com\/#organization","name":"Black Hole Discos","url":"https:\/\/blackholediscos.com\/","logo":{"@type":"ImageObject","inLanguage":"en-US","@id":"https:\/\/blackholediscos.com\/#\/schema\/logo\/image\/","url":"https:\/\/blackholediscos.com\/wp-content\/uploads\/2024\/06\/black-hole-discos-vinis-logo.png","contentUrl":"https:\/\/blackholediscos.com\/wp-content\/uploads\/2024\/06\/black-hole-discos-vinis-logo.png","width":70,"height":66,"caption":"Black Hole Discos"},"image":{"@id":"https:\/\/blackholediscos.com\/#\/schema\/logo\/image\/"},"sameAs":["https:\/\/www.instagram.com\/blackholediscos\/"]}]}},"_links":{"self":[{"href":"https:\/\/blackholediscos.com\/en\/wp-json\/wp\/v2\/product\/4704","targetHints":{"allow":["GET"]}}],"collection":[{"href":"https:\/\/blackholediscos.com\/en\/wp-json\/wp\/v2\/product"}],"about":[{"href":"https:\/\/blackholediscos.com\/en\/wp-json\/wp\/v2\/types\/product"}],"replies":[{"embeddable":true,"href":"https:\/\/blackholediscos.com\/en\/wp-json\/wp\/v2\/comments?post=4704"}],"wp:featuredmedia":[{"embeddable":true,"href":"https:\/\/blackholediscos.com\/en\/wp-json\/wp\/v2\/media\/4687"}],"wp:attachment":[{"href":"https:\/\/blackholediscos.com\/en\/wp-json\/wp\/v2\/media?parent=4704"}],"wp:term":[{"taxonomy":"product_brand","embeddable":true,"href":"https:\/\/blackholediscos.com\/en\/wp-json\/wp\/v2\/product_brand?post=4704"},{"taxonomy":"product_cat","embeddable":true,"href":"https:\/\/blackholediscos.com\/en\/wp-json\/wp\/v2\/product_cat?post=4704"},{"taxonomy":"product_tag","embeddable":true,"href":"https:\/\/blackholediscos.com\/en\/wp-json\/wp\/v2\/product_tag?post=4704"},{"taxonomy":"artista","embeddable":true,"href":"https:\/\/blackholediscos.com\/en\/wp-json\/wp\/v2\/artista?post=4704"},{"taxonomy":"produtora","embeddable":true,"href":"https:\/\/blackholediscos.com\/en\/wp-json\/wp\/v2\/produtora?post=4704"},{"taxonomy":"ano","embeddable":true,"href":"https:\/\/blackholediscos.com\/en\/wp-json\/wp\/v2\/ano?post=4704"}],"curies":[{"name":"wp","href":"https:\/\/api.w.org\/{rel}","templated":true}]}}