{"id":4643,"date":"2024-07-16T15:58:35","date_gmt":"2024-07-16T15:58:35","guid":{"rendered":"https:\/\/blackholediscos.com\/?post_type=product&#038;p=4643"},"modified":"2024-07-16T16:10:04","modified_gmt":"2024-07-16T16:10:04","slug":"pink-floyd-the-box-6-lps","status":"publish","type":"product","link":"https:\/\/blackholediscos.com\/en\/product\/pink-floyd-the-box-6-lps\/","title":{"rendered":"Pink Floyd \u2013 The Box 6 Lps"},"content":{"rendered":"<p>Edi\u00e7\u00e3o limitada e numerada em 500 c\u00f3pias importado da Alemanha. Possui capa tridimensional, encarte e 2 capas individuais triplas. Aberto em perfeitas condi\u00e7\u00f5es rara edi\u00e7\u00e3o em vinil verde.<\/p>\n<p>The Swingin&#8217; Pig (2) \u2013 TSP 500-107\/6-1\/2 2 <\/p>\n<p>Triple Gatefold Albums Featuring 2 Complete Shows Housing In A Box With 3-D Frontcover<\/p>\n<p>Audience On The Wall, Earls Court, London, August 6th, 1980<br \/>\nA1\t\tMC: Atmos<br \/>\nA2\t\tIn The Flesh<br \/>\nA3\t\tThe Thin Ice<br \/>\nA4\t\tAnother Brick In The Wall Part 1<br \/>\nA5\t\tThe Happiest Days Of Our Lives<br \/>\nA6\t\tAnother Brick In The Wall Part 2<br \/>\nB1\t\tMother<br \/>\nB2\t\tGoodbye Blue Sky \/ What Shall We Do Now?<br \/>\nB3\t\tEmpty Spaces<br \/>\nB4\t\tYoung Lust<br \/>\nC1\t\tOne Of My Turns<br \/>\nC2\t\tDon&#8217;t Leave Me Know<br \/>\nC3\t\tAnother Brick In The Wall Part 3<br \/>\nC4\t\tThe Last Few Bricks<br \/>\nC5\t\tGoodbye Cruel World<br \/>\nC6\t\tHey You<br \/>\nD1\t\tIs There Anybody Out There<br \/>\nD2\t\tNobody Home<br \/>\nD3\t\tVera<br \/>\nD4\t\tBring The Boys Back Home!<br \/>\nD5\t\tComfortably Numb<br \/>\nE1\t\tThe Show Must Go On<br \/>\nE2\t\tMC: Atmos<br \/>\nE3\t\tIn The Flesh<br \/>\nE4\t\tRun Like Hell<br \/>\nF1\t\tWaiting For The Worms<br \/>\nF2\t\tStop!<br \/>\nF3\t\tThe Trial<br \/>\nF4\t\tOutside The Wall<br \/>\nSoundboard On The Wall, Earls Court, London, August 9th, 1980<br \/>\nA1\t\tIn The Flesh<br \/>\nA2\t\tThe Thin Ice<br \/>\nA3\t\tAnother Brick In The Wall Part 1<br \/>\nA4\t\tThe Happiest Days Of Our Lives<br \/>\nA5\t\tAnother Brick In The Wall Part 2<br \/>\nB1\t\tMother<br \/>\nB2\t\tGoodbye Blue Sky<br \/>\nB3\t\tEmpty Spaces<br \/>\nC1\t\tYoung Lust<br \/>\nC2\t\tOne Of My Turns<br \/>\nC3\t\tDon&#8217;t Leave Me Now<br \/>\nC4\t\tAnother Brick In The Wall Part 3<br \/>\nC5\t\tGoodbye Cruel World<br \/>\nD1\t\tHey You<br \/>\nD2\t\tIs There Anybody Out There?<br \/>\nD3\t\tNobody Home<br \/>\nD4\t\tVera<br \/>\nD5\t\tBring The Boys Back Home!<br \/>\nD6\t\tComfortably Numb<br \/>\nE1\t\tThe Show Must Go On<br \/>\nE2\t\tMC: Atmos \/ In The Flesh<br \/>\nE3\t\tRun Like Hell<br \/>\nF1\t\tWaiting For The Worms<br \/>\nF2\t\tStop!<br \/>\nF3\t\tThe Trial<br \/>\nF4\t\tOutside The Wall<\/p>","protected":false},"excerpt":{"rendered":"<p>Edi\u00e7\u00e3o limitada e numerada em 500 c\u00f3pias importado da Alemanha. Possui capa tridimensional, encarte e 2 capas individuais triplas. Aberto em perfeitas condi\u00e7\u00f5es rara edi\u00e7\u00e3o em vinil verde. The Swingin&#8217; Pig (2) \u2013 TSP 500-107\/6-1\/2 2 Triple Gatefold Albums Featuring 2 Complete Shows Housing In A Box With 3-D Frontcover Audience On The Wall, Earls [&hellip;]<\/p>\n","protected":false},"featured_media":4599,"comment_status":"open","ping_status":"closed","template":"","meta":{"_acf_changed":false},"product_brand":[],"product_cat":[927,48,45,35,170],"product_tag":[],"artista":[857],"produtora":[929],"ano":[246],"class_list":{"0":"post-4643","1":"product","2":"type-product","3":"status-publish","4":"has-post-thumbnail","6":"product_cat-box-raros","7":"product_cat-psicodelia","8":"product_cat-raridades","9":"product_cat-rock","10":"product_cat-rock-internacional","11":"artista-pink-floyd","12":"produtora-the-swingin-pig","13":"ano-246","15":"first","16":"instock","17":"sold-individually","18":"shipping-taxable","19":"purchasable","20":"product-type-simple"},"acf":[],"yoast_head":"<!-- This site is optimized with the Yoast SEO plugin v27.6 - https:\/\/yoast.com\/product\/yoast-seo-wordpress\/ -->\n<title>Pink Floyd \u2013 The Box 6 Lps - Black Hole Discos<\/title>\n<meta name=\"robots\" content=\"index, follow, max-snippet:-1, max-image-preview:large, max-video-preview:-1\" \/>\n<link rel=\"canonical\" href=\"https:\/\/blackholediscos.com\/en\/product\/pink-floyd-the-box-6-lps\/\" \/>\n<meta property=\"og:locale\" content=\"en_US\" \/>\n<meta property=\"og:type\" content=\"article\" \/>\n<meta property=\"og:title\" content=\"Pink Floyd \u2013 The Box 6 Lps - Black Hole Discos\" \/>\n<meta property=\"og:description\" content=\"Edi\u00e7\u00e3o limitada e numerada em 500 c\u00f3pias importado da Alemanha. Possui capa tridimensional, encarte e 2 capas individuais triplas. Aberto em perfeitas condi\u00e7\u00f5es rara edi\u00e7\u00e3o em vinil verde. The Swingin&#8217; Pig (2) \u2013 TSP 500-107\/6-1\/2 2 Triple Gatefold Albums Featuring 2 Complete Shows Housing In A Box With 3-D Frontcover Audience On The Wall, Earls [&hellip;]\" \/>\n<meta property=\"og:url\" content=\"https:\/\/blackholediscos.com\/en\/product\/pink-floyd-the-box-6-lps\/\" \/>\n<meta property=\"og:site_name\" content=\"Black Hole Discos\" \/>\n<meta property=\"article:publisher\" content=\"https:\/\/www.instagram.com\/blackholediscos\/\" \/>\n<meta property=\"article:modified_time\" content=\"2024-07-16T16:10:04+00:00\" \/>\n<meta property=\"og:image\" content=\"https:\/\/blackholediscos.com\/wp-content\/uploads\/2024\/07\/WhatsApp-Image-2024-07-16-at-11.27.47-scaled.jpeg\" \/>\n\t<meta property=\"og:image:width\" content=\"2560\" \/>\n\t<meta property=\"og:image:height\" content=\"2560\" \/>\n\t<meta property=\"og:image:type\" content=\"image\/jpeg\" \/>\n<meta name=\"twitter:card\" content=\"summary_large_image\" \/>\n<meta name=\"twitter:label1\" content=\"Est. reading time\" \/>\n\t<meta name=\"twitter:data1\" content=\"2 minutes\" \/>\n<script type=\"application\/ld+json\" class=\"yoast-schema-graph\">{\"@context\":\"https:\\\/\\\/schema.org\",\"@graph\":[{\"@type\":\"WebPage\",\"@id\":\"https:\\\/\\\/blackholediscos.com\\\/product\\\/pink-floyd-the-box-6-lps\\\/\",\"url\":\"https:\\\/\\\/blackholediscos.com\\\/product\\\/pink-floyd-the-box-6-lps\\\/\",\"name\":\"Pink Floyd \u2013 The Box 6 Lps - Black Hole Discos\",\"isPartOf\":{\"@id\":\"https:\\\/\\\/blackholediscos.com\\\/#website\"},\"primaryImageOfPage\":{\"@id\":\"https:\\\/\\\/blackholediscos.com\\\/product\\\/pink-floyd-the-box-6-lps\\\/#primaryimage\"},\"image\":{\"@id\":\"https:\\\/\\\/blackholediscos.com\\\/product\\\/pink-floyd-the-box-6-lps\\\/#primaryimage\"},\"thumbnailUrl\":\"https:\\\/\\\/blackholediscos.com\\\/wp-content\\\/uploads\\\/2024\\\/07\\\/WhatsApp-Image-2024-07-16-at-11.27.47-scaled.jpeg\",\"datePublished\":\"2024-07-16T15:58:35+00:00\",\"dateModified\":\"2024-07-16T16:10:04+00:00\",\"breadcrumb\":{\"@id\":\"https:\\\/\\\/blackholediscos.com\\\/product\\\/pink-floyd-the-box-6-lps\\\/#breadcrumb\"},\"inLanguage\":\"en-US\",\"potentialAction\":[{\"@type\":\"ReadAction\",\"target\":[\"https:\\\/\\\/blackholediscos.com\\\/product\\\/pink-floyd-the-box-6-lps\\\/\"]}]},{\"@type\":\"ImageObject\",\"inLanguage\":\"en-US\",\"@id\":\"https:\\\/\\\/blackholediscos.com\\\/product\\\/pink-floyd-the-box-6-lps\\\/#primaryimage\",\"url\":\"https:\\\/\\\/blackholediscos.com\\\/wp-content\\\/uploads\\\/2024\\\/07\\\/WhatsApp-Image-2024-07-16-at-11.27.47-scaled.jpeg\",\"contentUrl\":\"https:\\\/\\\/blackholediscos.com\\\/wp-content\\\/uploads\\\/2024\\\/07\\\/WhatsApp-Image-2024-07-16-at-11.27.47-scaled.jpeg\",\"width\":2560,\"height\":2560},{\"@type\":\"BreadcrumbList\",\"@id\":\"https:\\\/\\\/blackholediscos.com\\\/product\\\/pink-floyd-the-box-6-lps\\\/#breadcrumb\",\"itemListElement\":[{\"@type\":\"ListItem\",\"position\":1,\"name\":\"In\u00edcio\",\"item\":\"https:\\\/\\\/blackholediscos.com\\\/\"},{\"@type\":\"ListItem\",\"position\":2,\"name\":\"Shop\",\"item\":\"https:\\\/\\\/blackholediscos.com\\\/shop\\\/\"},{\"@type\":\"ListItem\",\"position\":3,\"name\":\"Pink Floyd \u2013 The Box 6 Lps\"}]},{\"@type\":\"WebSite\",\"@id\":\"https:\\\/\\\/blackholediscos.com\\\/#website\",\"url\":\"https:\\\/\\\/blackholediscos.com\\\/\",\"name\":\"Black Hole Discos\",\"description\":\"Brazilian music LPs\",\"publisher\":{\"@id\":\"https:\\\/\\\/blackholediscos.com\\\/#organization\"},\"potentialAction\":[{\"@type\":\"SearchAction\",\"target\":{\"@type\":\"EntryPoint\",\"urlTemplate\":\"https:\\\/\\\/blackholediscos.com\\\/?s={search_term_string}\"},\"query-input\":{\"@type\":\"PropertyValueSpecification\",\"valueRequired\":true,\"valueName\":\"search_term_string\"}}],\"inLanguage\":\"en-US\"},{\"@type\":\"Organization\",\"@id\":\"https:\\\/\\\/blackholediscos.com\\\/#organization\",\"name\":\"Black Hole Discos\",\"url\":\"https:\\\/\\\/blackholediscos.com\\\/\",\"logo\":{\"@type\":\"ImageObject\",\"inLanguage\":\"en-US\",\"@id\":\"https:\\\/\\\/blackholediscos.com\\\/#\\\/schema\\\/logo\\\/image\\\/\",\"url\":\"https:\\\/\\\/blackholediscos.com\\\/wp-content\\\/uploads\\\/2024\\\/06\\\/black-hole-discos-vinis-logo.png\",\"contentUrl\":\"https:\\\/\\\/blackholediscos.com\\\/wp-content\\\/uploads\\\/2024\\\/06\\\/black-hole-discos-vinis-logo.png\",\"width\":70,\"height\":66,\"caption\":\"Black Hole Discos\"},\"image\":{\"@id\":\"https:\\\/\\\/blackholediscos.com\\\/#\\\/schema\\\/logo\\\/image\\\/\"},\"sameAs\":[\"https:\\\/\\\/www.instagram.com\\\/blackholediscos\\\/\"]}]}<\/script>\n<!-- \/ Yoast SEO plugin. -->","yoast_head_json":{"title":"Pink Floyd \u2013 The Box 6 Lps - Black Hole Discos","robots":{"index":"index","follow":"follow","max-snippet":"max-snippet:-1","max-image-preview":"max-image-preview:large","max-video-preview":"max-video-preview:-1"},"canonical":"https:\/\/blackholediscos.com\/en\/product\/pink-floyd-the-box-6-lps\/","og_locale":"en_US","og_type":"article","og_title":"Pink Floyd \u2013 The Box 6 Lps - Black Hole Discos","og_description":"Edi\u00e7\u00e3o limitada e numerada em 500 c\u00f3pias importado da Alemanha. Possui capa tridimensional, encarte e 2 capas individuais triplas. Aberto em perfeitas condi\u00e7\u00f5es rara edi\u00e7\u00e3o em vinil verde. The Swingin&#8217; Pig (2) \u2013 TSP 500-107\/6-1\/2 2 Triple Gatefold Albums Featuring 2 Complete Shows Housing In A Box With 3-D Frontcover Audience On The Wall, Earls [&hellip;]","og_url":"https:\/\/blackholediscos.com\/en\/product\/pink-floyd-the-box-6-lps\/","og_site_name":"Black Hole Discos","article_publisher":"https:\/\/www.instagram.com\/blackholediscos\/","article_modified_time":"2024-07-16T16:10:04+00:00","og_image":[{"width":2560,"height":2560,"url":"https:\/\/blackholediscos.com\/wp-content\/uploads\/2024\/07\/WhatsApp-Image-2024-07-16-at-11.27.47-scaled.jpeg","type":"image\/jpeg"}],"twitter_card":"summary_large_image","twitter_misc":{"Est. reading time":"2 minutes"},"schema":{"@context":"https:\/\/schema.org","@graph":[{"@type":"WebPage","@id":"https:\/\/blackholediscos.com\/product\/pink-floyd-the-box-6-lps\/","url":"https:\/\/blackholediscos.com\/product\/pink-floyd-the-box-6-lps\/","name":"Pink Floyd \u2013 The Box 6 Lps - Black Hole Discos","isPartOf":{"@id":"https:\/\/blackholediscos.com\/#website"},"primaryImageOfPage":{"@id":"https:\/\/blackholediscos.com\/product\/pink-floyd-the-box-6-lps\/#primaryimage"},"image":{"@id":"https:\/\/blackholediscos.com\/product\/pink-floyd-the-box-6-lps\/#primaryimage"},"thumbnailUrl":"https:\/\/blackholediscos.com\/wp-content\/uploads\/2024\/07\/WhatsApp-Image-2024-07-16-at-11.27.47-scaled.jpeg","datePublished":"2024-07-16T15:58:35+00:00","dateModified":"2024-07-16T16:10:04+00:00","breadcrumb":{"@id":"https:\/\/blackholediscos.com\/product\/pink-floyd-the-box-6-lps\/#breadcrumb"},"inLanguage":"en-US","potentialAction":[{"@type":"ReadAction","target":["https:\/\/blackholediscos.com\/product\/pink-floyd-the-box-6-lps\/"]}]},{"@type":"ImageObject","inLanguage":"en-US","@id":"https:\/\/blackholediscos.com\/product\/pink-floyd-the-box-6-lps\/#primaryimage","url":"https:\/\/blackholediscos.com\/wp-content\/uploads\/2024\/07\/WhatsApp-Image-2024-07-16-at-11.27.47-scaled.jpeg","contentUrl":"https:\/\/blackholediscos.com\/wp-content\/uploads\/2024\/07\/WhatsApp-Image-2024-07-16-at-11.27.47-scaled.jpeg","width":2560,"height":2560},{"@type":"BreadcrumbList","@id":"https:\/\/blackholediscos.com\/product\/pink-floyd-the-box-6-lps\/#breadcrumb","itemListElement":[{"@type":"ListItem","position":1,"name":"In\u00edcio","item":"https:\/\/blackholediscos.com\/"},{"@type":"ListItem","position":2,"name":"Shop","item":"https:\/\/blackholediscos.com\/shop\/"},{"@type":"ListItem","position":3,"name":"Pink Floyd \u2013 The Box 6 Lps"}]},{"@type":"WebSite","@id":"https:\/\/blackholediscos.com\/#website","url":"https:\/\/blackholediscos.com\/","name":"Black Hole Discos","description":"Brazilian music LPs","publisher":{"@id":"https:\/\/blackholediscos.com\/#organization"},"potentialAction":[{"@type":"SearchAction","target":{"@type":"EntryPoint","urlTemplate":"https:\/\/blackholediscos.com\/?s={search_term_string}"},"query-input":{"@type":"PropertyValueSpecification","valueRequired":true,"valueName":"search_term_string"}}],"inLanguage":"en-US"},{"@type":"Organization","@id":"https:\/\/blackholediscos.com\/#organization","name":"Black Hole Discos","url":"https:\/\/blackholediscos.com\/","logo":{"@type":"ImageObject","inLanguage":"en-US","@id":"https:\/\/blackholediscos.com\/#\/schema\/logo\/image\/","url":"https:\/\/blackholediscos.com\/wp-content\/uploads\/2024\/06\/black-hole-discos-vinis-logo.png","contentUrl":"https:\/\/blackholediscos.com\/wp-content\/uploads\/2024\/06\/black-hole-discos-vinis-logo.png","width":70,"height":66,"caption":"Black Hole Discos"},"image":{"@id":"https:\/\/blackholediscos.com\/#\/schema\/logo\/image\/"},"sameAs":["https:\/\/www.instagram.com\/blackholediscos\/"]}]}},"_links":{"self":[{"href":"https:\/\/blackholediscos.com\/en\/wp-json\/wp\/v2\/product\/4643","targetHints":{"allow":["GET"]}}],"collection":[{"href":"https:\/\/blackholediscos.com\/en\/wp-json\/wp\/v2\/product"}],"about":[{"href":"https:\/\/blackholediscos.com\/en\/wp-json\/wp\/v2\/types\/product"}],"replies":[{"embeddable":true,"href":"https:\/\/blackholediscos.com\/en\/wp-json\/wp\/v2\/comments?post=4643"}],"wp:featuredmedia":[{"embeddable":true,"href":"https:\/\/blackholediscos.com\/en\/wp-json\/wp\/v2\/media\/4599"}],"wp:attachment":[{"href":"https:\/\/blackholediscos.com\/en\/wp-json\/wp\/v2\/media?parent=4643"}],"wp:term":[{"taxonomy":"product_brand","embeddable":true,"href":"https:\/\/blackholediscos.com\/en\/wp-json\/wp\/v2\/product_brand?post=4643"},{"taxonomy":"product_cat","embeddable":true,"href":"https:\/\/blackholediscos.com\/en\/wp-json\/wp\/v2\/product_cat?post=4643"},{"taxonomy":"product_tag","embeddable":true,"href":"https:\/\/blackholediscos.com\/en\/wp-json\/wp\/v2\/product_tag?post=4643"},{"taxonomy":"artista","embeddable":true,"href":"https:\/\/blackholediscos.com\/en\/wp-json\/wp\/v2\/artista?post=4643"},{"taxonomy":"produtora","embeddable":true,"href":"https:\/\/blackholediscos.com\/en\/wp-json\/wp\/v2\/produtora?post=4643"},{"taxonomy":"ano","embeddable":true,"href":"https:\/\/blackholediscos.com\/en\/wp-json\/wp\/v2\/ano?post=4643"}],"curies":[{"name":"wp","href":"https:\/\/api.w.org\/{rel}","templated":true}]}}