{"id":4504,"date":"2024-07-12T17:02:55","date_gmt":"2024-07-12T17:02:55","guid":{"rendered":"https:\/\/blackholediscos.com\/?post_type=product&#038;p=4504"},"modified":"2024-07-12T21:26:13","modified_gmt":"2024-07-12T21:26:13","slug":"norma-suely-tigre-sambalamento-cancao-do-amor-ausente-eu-quero-tantas-coisas","status":"publish","type":"product","link":"https:\/\/blackholediscos.com\/en\/product\/norma-suely-tigre-sambalamento-cancao-do-amor-ausente-eu-quero-tantas-coisas\/","title":{"rendered":"Norma Suely \u2013 Tigre \/ Sambalamento \/ Can\u00e7\u00e3o Do Amor Ausente \/ Eu Quero Tantas Coisas"},"content":{"rendered":"<p>Compacto original de \u00e9poca em excelentes condi\u00e7\u00f5es de conserva\u00e7\u00e3o capa e m\u00eddia.<\/p>\n<p>Label:<br \/>\nPolydor \u2013 500.007<\/p>\n<p>Tracklist :<\/p>\n<p>A1\t\tTigre<br \/>\nA2\t\tSambalamento<br \/>\nB1\t\tCan\u00e7\u00e3o Do Amor Ausente<br \/>\nB2\t\tEu Quero Tantas Coisas<\/p>","protected":false},"excerpt":{"rendered":"<p>Compacto original de \u00e9poca em excelentes condi\u00e7\u00f5es de conserva\u00e7\u00e3o capa e m\u00eddia. Label: Polydor \u2013 500.007 Tracklist : A1 Tigre A2 Sambalamento B1 Can\u00e7\u00e3o Do Amor Ausente B2 Eu Quero Tantas Coisas<\/p>","protected":false},"featured_media":4479,"comment_status":"open","ping_status":"closed","template":"","meta":{"_acf_changed":false},"product_brand":[],"product_cat":[130,39],"product_tag":[],"artista":[919],"produtora":[161],"ano":[472],"class_list":{"0":"post-4504","1":"product","2":"type-product","3":"status-publish","4":"has-post-thumbnail","6":"product_cat-bossa-nova","7":"product_cat-mpb","8":"artista-norma-suely","9":"produtora-polydor","10":"ano-472","12":"first","13":"instock","14":"sold-individually","15":"shipping-taxable","16":"purchasable","17":"product-type-simple"},"acf":[],"yoast_head":"<!-- This site is optimized with the Yoast SEO plugin v27.3 - https:\/\/yoast.com\/product\/yoast-seo-wordpress\/ -->\n<title>Norma Suely \u2013 Tigre \/ Sambalamento \/ Can\u00e7\u00e3o Do Amor Ausente \/ Eu Quero Tantas Coisas - Black Hole Discos<\/title>\n<meta name=\"robots\" content=\"index, follow, max-snippet:-1, max-image-preview:large, max-video-preview:-1\" \/>\n<link rel=\"canonical\" href=\"https:\/\/blackholediscos.com\/en\/product\/norma-suely-tigre-sambalamento-cancao-do-amor-ausente-eu-quero-tantas-coisas\/\" \/>\n<meta property=\"og:locale\" content=\"en_US\" \/>\n<meta property=\"og:type\" content=\"article\" \/>\n<meta property=\"og:title\" content=\"Norma Suely \u2013 Tigre \/ Sambalamento \/ Can\u00e7\u00e3o Do Amor Ausente \/ Eu Quero Tantas Coisas - Black Hole Discos\" \/>\n<meta property=\"og:description\" content=\"Compacto original de \u00e9poca em excelentes condi\u00e7\u00f5es de conserva\u00e7\u00e3o capa e m\u00eddia. Label: Polydor \u2013 500.007 Tracklist : A1 Tigre A2 Sambalamento B1 Can\u00e7\u00e3o Do Amor Ausente B2 Eu Quero Tantas Coisas\" \/>\n<meta property=\"og:url\" content=\"https:\/\/blackholediscos.com\/en\/product\/norma-suely-tigre-sambalamento-cancao-do-amor-ausente-eu-quero-tantas-coisas\/\" \/>\n<meta property=\"og:site_name\" content=\"Black Hole Discos\" \/>\n<meta property=\"article:publisher\" content=\"https:\/\/www.instagram.com\/blackholediscos\/\" \/>\n<meta property=\"article:modified_time\" content=\"2024-07-12T21:26:13+00:00\" \/>\n<meta property=\"og:image\" content=\"https:\/\/blackholediscos.com\/wp-content\/uploads\/2024\/07\/IMG_8853-scaled.jpeg\" \/>\n\t<meta property=\"og:image:width\" content=\"2560\" \/>\n\t<meta property=\"og:image:height\" content=\"2560\" \/>\n\t<meta property=\"og:image:type\" content=\"image\/jpeg\" \/>\n<meta name=\"twitter:card\" content=\"summary_large_image\" \/>\n<meta name=\"twitter:label1\" content=\"Est. reading time\" \/>\n\t<meta name=\"twitter:data1\" content=\"1 minute\" \/>\n<script type=\"application\/ld+json\" class=\"yoast-schema-graph\">{\"@context\":\"https:\\\/\\\/schema.org\",\"@graph\":[{\"@type\":\"WebPage\",\"@id\":\"https:\\\/\\\/blackholediscos.com\\\/product\\\/norma-suely-tigre-sambalamento-cancao-do-amor-ausente-eu-quero-tantas-coisas\\\/\",\"url\":\"https:\\\/\\\/blackholediscos.com\\\/product\\\/norma-suely-tigre-sambalamento-cancao-do-amor-ausente-eu-quero-tantas-coisas\\\/\",\"name\":\"Norma Suely \u2013 Tigre \\\/ Sambalamento \\\/ Can\u00e7\u00e3o Do Amor Ausente \\\/ Eu Quero Tantas Coisas - Black Hole Discos\",\"isPartOf\":{\"@id\":\"https:\\\/\\\/blackholediscos.com\\\/#website\"},\"primaryImageOfPage\":{\"@id\":\"https:\\\/\\\/blackholediscos.com\\\/product\\\/norma-suely-tigre-sambalamento-cancao-do-amor-ausente-eu-quero-tantas-coisas\\\/#primaryimage\"},\"image\":{\"@id\":\"https:\\\/\\\/blackholediscos.com\\\/product\\\/norma-suely-tigre-sambalamento-cancao-do-amor-ausente-eu-quero-tantas-coisas\\\/#primaryimage\"},\"thumbnailUrl\":\"https:\\\/\\\/blackholediscos.com\\\/wp-content\\\/uploads\\\/2024\\\/07\\\/IMG_8853-scaled.jpeg\",\"datePublished\":\"2024-07-12T17:02:55+00:00\",\"dateModified\":\"2024-07-12T21:26:13+00:00\",\"breadcrumb\":{\"@id\":\"https:\\\/\\\/blackholediscos.com\\\/product\\\/norma-suely-tigre-sambalamento-cancao-do-amor-ausente-eu-quero-tantas-coisas\\\/#breadcrumb\"},\"inLanguage\":\"en-US\",\"potentialAction\":[{\"@type\":\"ReadAction\",\"target\":[\"https:\\\/\\\/blackholediscos.com\\\/product\\\/norma-suely-tigre-sambalamento-cancao-do-amor-ausente-eu-quero-tantas-coisas\\\/\"]}]},{\"@type\":\"ImageObject\",\"inLanguage\":\"en-US\",\"@id\":\"https:\\\/\\\/blackholediscos.com\\\/product\\\/norma-suely-tigre-sambalamento-cancao-do-amor-ausente-eu-quero-tantas-coisas\\\/#primaryimage\",\"url\":\"https:\\\/\\\/blackholediscos.com\\\/wp-content\\\/uploads\\\/2024\\\/07\\\/IMG_8853-scaled.jpeg\",\"contentUrl\":\"https:\\\/\\\/blackholediscos.com\\\/wp-content\\\/uploads\\\/2024\\\/07\\\/IMG_8853-scaled.jpeg\",\"width\":2560,\"height\":2560},{\"@type\":\"BreadcrumbList\",\"@id\":\"https:\\\/\\\/blackholediscos.com\\\/product\\\/norma-suely-tigre-sambalamento-cancao-do-amor-ausente-eu-quero-tantas-coisas\\\/#breadcrumb\",\"itemListElement\":[{\"@type\":\"ListItem\",\"position\":1,\"name\":\"In\u00edcio\",\"item\":\"https:\\\/\\\/blackholediscos.com\\\/\"},{\"@type\":\"ListItem\",\"position\":2,\"name\":\"Shop\",\"item\":\"https:\\\/\\\/blackholediscos.com\\\/shop\\\/\"},{\"@type\":\"ListItem\",\"position\":3,\"name\":\"Norma Suely \u2013 Tigre \\\/ Sambalamento \\\/ Can\u00e7\u00e3o Do Amor Ausente \\\/ Eu Quero Tantas Coisas\"}]},{\"@type\":\"WebSite\",\"@id\":\"https:\\\/\\\/blackholediscos.com\\\/#website\",\"url\":\"https:\\\/\\\/blackholediscos.com\\\/\",\"name\":\"Black Hole Discos\",\"description\":\"Brazilian music LPs\",\"publisher\":{\"@id\":\"https:\\\/\\\/blackholediscos.com\\\/#organization\"},\"potentialAction\":[{\"@type\":\"SearchAction\",\"target\":{\"@type\":\"EntryPoint\",\"urlTemplate\":\"https:\\\/\\\/blackholediscos.com\\\/?s={search_term_string}\"},\"query-input\":{\"@type\":\"PropertyValueSpecification\",\"valueRequired\":true,\"valueName\":\"search_term_string\"}}],\"inLanguage\":\"en-US\"},{\"@type\":\"Organization\",\"@id\":\"https:\\\/\\\/blackholediscos.com\\\/#organization\",\"name\":\"Black Hole Discos\",\"url\":\"https:\\\/\\\/blackholediscos.com\\\/\",\"logo\":{\"@type\":\"ImageObject\",\"inLanguage\":\"en-US\",\"@id\":\"https:\\\/\\\/blackholediscos.com\\\/#\\\/schema\\\/logo\\\/image\\\/\",\"url\":\"https:\\\/\\\/blackholediscos.com\\\/wp-content\\\/uploads\\\/2024\\\/06\\\/black-hole-discos-vinis-logo.png\",\"contentUrl\":\"https:\\\/\\\/blackholediscos.com\\\/wp-content\\\/uploads\\\/2024\\\/06\\\/black-hole-discos-vinis-logo.png\",\"width\":70,\"height\":66,\"caption\":\"Black Hole Discos\"},\"image\":{\"@id\":\"https:\\\/\\\/blackholediscos.com\\\/#\\\/schema\\\/logo\\\/image\\\/\"},\"sameAs\":[\"https:\\\/\\\/www.instagram.com\\\/blackholediscos\\\/\"]}]}<\/script>\n<!-- \/ Yoast SEO plugin. -->","yoast_head_json":{"title":"Norma Suely \u2013 Tigre \/ Sambalamento \/ Can\u00e7\u00e3o Do Amor Ausente \/ Eu Quero Tantas Coisas - Black Hole Discos","robots":{"index":"index","follow":"follow","max-snippet":"max-snippet:-1","max-image-preview":"max-image-preview:large","max-video-preview":"max-video-preview:-1"},"canonical":"https:\/\/blackholediscos.com\/en\/product\/norma-suely-tigre-sambalamento-cancao-do-amor-ausente-eu-quero-tantas-coisas\/","og_locale":"en_US","og_type":"article","og_title":"Norma Suely \u2013 Tigre \/ Sambalamento \/ Can\u00e7\u00e3o Do Amor Ausente \/ Eu Quero Tantas Coisas - Black Hole Discos","og_description":"Compacto original de \u00e9poca em excelentes condi\u00e7\u00f5es de conserva\u00e7\u00e3o capa e m\u00eddia. Label: Polydor \u2013 500.007 Tracklist : A1 Tigre A2 Sambalamento B1 Can\u00e7\u00e3o Do Amor Ausente B2 Eu Quero Tantas Coisas","og_url":"https:\/\/blackholediscos.com\/en\/product\/norma-suely-tigre-sambalamento-cancao-do-amor-ausente-eu-quero-tantas-coisas\/","og_site_name":"Black Hole Discos","article_publisher":"https:\/\/www.instagram.com\/blackholediscos\/","article_modified_time":"2024-07-12T21:26:13+00:00","og_image":[{"width":2560,"height":2560,"url":"https:\/\/blackholediscos.com\/wp-content\/uploads\/2024\/07\/IMG_8853-scaled.jpeg","type":"image\/jpeg"}],"twitter_card":"summary_large_image","twitter_misc":{"Est. reading time":"1 minute"},"schema":{"@context":"https:\/\/schema.org","@graph":[{"@type":"WebPage","@id":"https:\/\/blackholediscos.com\/product\/norma-suely-tigre-sambalamento-cancao-do-amor-ausente-eu-quero-tantas-coisas\/","url":"https:\/\/blackholediscos.com\/product\/norma-suely-tigre-sambalamento-cancao-do-amor-ausente-eu-quero-tantas-coisas\/","name":"Norma Suely \u2013 Tigre \/ Sambalamento \/ Can\u00e7\u00e3o Do Amor Ausente \/ Eu Quero Tantas Coisas - Black Hole Discos","isPartOf":{"@id":"https:\/\/blackholediscos.com\/#website"},"primaryImageOfPage":{"@id":"https:\/\/blackholediscos.com\/product\/norma-suely-tigre-sambalamento-cancao-do-amor-ausente-eu-quero-tantas-coisas\/#primaryimage"},"image":{"@id":"https:\/\/blackholediscos.com\/product\/norma-suely-tigre-sambalamento-cancao-do-amor-ausente-eu-quero-tantas-coisas\/#primaryimage"},"thumbnailUrl":"https:\/\/blackholediscos.com\/wp-content\/uploads\/2024\/07\/IMG_8853-scaled.jpeg","datePublished":"2024-07-12T17:02:55+00:00","dateModified":"2024-07-12T21:26:13+00:00","breadcrumb":{"@id":"https:\/\/blackholediscos.com\/product\/norma-suely-tigre-sambalamento-cancao-do-amor-ausente-eu-quero-tantas-coisas\/#breadcrumb"},"inLanguage":"en-US","potentialAction":[{"@type":"ReadAction","target":["https:\/\/blackholediscos.com\/product\/norma-suely-tigre-sambalamento-cancao-do-amor-ausente-eu-quero-tantas-coisas\/"]}]},{"@type":"ImageObject","inLanguage":"en-US","@id":"https:\/\/blackholediscos.com\/product\/norma-suely-tigre-sambalamento-cancao-do-amor-ausente-eu-quero-tantas-coisas\/#primaryimage","url":"https:\/\/blackholediscos.com\/wp-content\/uploads\/2024\/07\/IMG_8853-scaled.jpeg","contentUrl":"https:\/\/blackholediscos.com\/wp-content\/uploads\/2024\/07\/IMG_8853-scaled.jpeg","width":2560,"height":2560},{"@type":"BreadcrumbList","@id":"https:\/\/blackholediscos.com\/product\/norma-suely-tigre-sambalamento-cancao-do-amor-ausente-eu-quero-tantas-coisas\/#breadcrumb","itemListElement":[{"@type":"ListItem","position":1,"name":"In\u00edcio","item":"https:\/\/blackholediscos.com\/"},{"@type":"ListItem","position":2,"name":"Shop","item":"https:\/\/blackholediscos.com\/shop\/"},{"@type":"ListItem","position":3,"name":"Norma Suely \u2013 Tigre \/ Sambalamento \/ Can\u00e7\u00e3o Do Amor Ausente \/ Eu Quero Tantas Coisas"}]},{"@type":"WebSite","@id":"https:\/\/blackholediscos.com\/#website","url":"https:\/\/blackholediscos.com\/","name":"Black Hole Discos","description":"Brazilian music LPs","publisher":{"@id":"https:\/\/blackholediscos.com\/#organization"},"potentialAction":[{"@type":"SearchAction","target":{"@type":"EntryPoint","urlTemplate":"https:\/\/blackholediscos.com\/?s={search_term_string}"},"query-input":{"@type":"PropertyValueSpecification","valueRequired":true,"valueName":"search_term_string"}}],"inLanguage":"en-US"},{"@type":"Organization","@id":"https:\/\/blackholediscos.com\/#organization","name":"Black Hole Discos","url":"https:\/\/blackholediscos.com\/","logo":{"@type":"ImageObject","inLanguage":"en-US","@id":"https:\/\/blackholediscos.com\/#\/schema\/logo\/image\/","url":"https:\/\/blackholediscos.com\/wp-content\/uploads\/2024\/06\/black-hole-discos-vinis-logo.png","contentUrl":"https:\/\/blackholediscos.com\/wp-content\/uploads\/2024\/06\/black-hole-discos-vinis-logo.png","width":70,"height":66,"caption":"Black Hole Discos"},"image":{"@id":"https:\/\/blackholediscos.com\/#\/schema\/logo\/image\/"},"sameAs":["https:\/\/www.instagram.com\/blackholediscos\/"]}]}},"_links":{"self":[{"href":"https:\/\/blackholediscos.com\/en\/wp-json\/wp\/v2\/product\/4504","targetHints":{"allow":["GET"]}}],"collection":[{"href":"https:\/\/blackholediscos.com\/en\/wp-json\/wp\/v2\/product"}],"about":[{"href":"https:\/\/blackholediscos.com\/en\/wp-json\/wp\/v2\/types\/product"}],"replies":[{"embeddable":true,"href":"https:\/\/blackholediscos.com\/en\/wp-json\/wp\/v2\/comments?post=4504"}],"wp:featuredmedia":[{"embeddable":true,"href":"https:\/\/blackholediscos.com\/en\/wp-json\/wp\/v2\/media\/4479"}],"wp:attachment":[{"href":"https:\/\/blackholediscos.com\/en\/wp-json\/wp\/v2\/media?parent=4504"}],"wp:term":[{"taxonomy":"product_brand","embeddable":true,"href":"https:\/\/blackholediscos.com\/en\/wp-json\/wp\/v2\/product_brand?post=4504"},{"taxonomy":"product_cat","embeddable":true,"href":"https:\/\/blackholediscos.com\/en\/wp-json\/wp\/v2\/product_cat?post=4504"},{"taxonomy":"product_tag","embeddable":true,"href":"https:\/\/blackholediscos.com\/en\/wp-json\/wp\/v2\/product_tag?post=4504"},{"taxonomy":"artista","embeddable":true,"href":"https:\/\/blackholediscos.com\/en\/wp-json\/wp\/v2\/artista?post=4504"},{"taxonomy":"produtora","embeddable":true,"href":"https:\/\/blackholediscos.com\/en\/wp-json\/wp\/v2\/produtora?post=4504"},{"taxonomy":"ano","embeddable":true,"href":"https:\/\/blackholediscos.com\/en\/wp-json\/wp\/v2\/ano?post=4504"}],"curies":[{"name":"wp","href":"https:\/\/api.w.org\/{rel}","templated":true}]}}