{"id":4454,"date":"2024-07-11T13:10:36","date_gmt":"2024-07-11T13:10:36","guid":{"rendered":"https:\/\/blackholediscos.com\/?post_type=product&#038;p=4454"},"modified":"2026-05-04T22:13:44","modified_gmt":"2026-05-04T22:13:44","slug":"arnaud-murituri","status":"publish","type":"product","link":"https:\/\/blackholediscos.com\/en\/product\/arnaud-murituri\/","title":{"rendered":"Arnaud \u2013 Murituri"},"content":{"rendered":"<p>First Press Continental (3) \u2013 SLP 10.130 with original insert.<\/p>\n<p>Arnaud is indeed a multi-talented artist and exceptional musician, recognized for his unique ability to blend different musical genres in cheerful and humorous compositions.<\/p>\n<p>His album &#8220;Murituri,&#8221; released in 1974, is a captivating work that incorporates diverse influences, including elements of bossa nova, tropicalismo, and the guitars and beats of progressive and psychedelic rock of the time. With his captivating voice and innovative arrangements, Arnaud creates a unique atmosphere in each track of the album, particularly standing out with the smash hits &#8220;Nega&#8221; and &#8220;Murituri,&#8221; which became radio and dance floor favorites worldwide.<\/p>\n<p>The songs on &#8220;Murituri&#8221; address deep themes in a fun and, at times, contradictory manner considering the period of political and artistic repression, exploring topics such as love, politics, and social issues. These compositions reflect the diversity of experiences and emotions present in society at the time. The fusion of rhythms and instruments in Arnaud&#8217;s creations not only establishes a distinctive sound but also provides an auditory experience that encapsulates the essence of Brazilian music, holding significance for lovers of Brazilian music.<\/p>\n<p>Arnaud \u00e9 de fato um artista multi talentoso e m\u00fasico excepcional, reconhecido por sua capacidade \u00fanica de combinar diferentes g\u00eaneros musicais em composi\u00e7\u00f5es alegres e bem-humoradas.<\/p>\n<p>Seu disco &#8220;Murituri&#8221;, lan\u00e7ado em 1974, \u00e9 uma obra envolvente que mescla influ\u00eancias variadas, incluindo elementos da bossa nova, tropicalismo e as guitarras e batidas do rock progressivo e psicod\u00e9lico da \u00e9poca. Com sua voz cativante e arranjos inovadores, Arnaud cria uma atmosfera \u00fanica em cada faixa do \u00e1lbum, destacando-se especialmente com os sucessos absolutos &#8220;Nega&#8221; e &#8220;Murituri&#8221;, que conquistaram as r\u00e1dios e pistas de dan\u00e7a ao redor do mundo.<\/p>\n<p>As m\u00fasicas de &#8220;Murituri&#8221; abordam temas profundos de forma divertida e at\u00e9 contradit\u00f3ria para o per\u00edodo de repress\u00e3o pol\u00edtica e art\u00edstica, explorando quest\u00f5es como amor, pol\u00edtica e quest\u00f5es sociais. Essas composi\u00e7\u00f5es refletem a diversidade de experi\u00eancias e emo\u00e7\u00f5es presentes na sociedade da \u00e9poca. A fus\u00e3o de ritmos e instrumentos nas cria\u00e7\u00f5es de Arnaud n\u00e3o apenas cria uma identidade sonora marcante, mas tamb\u00e9m oferece uma experi\u00eancia auditiva que captura a ess\u00eancia da m\u00fasica brasileira, sendo significativa para os amantes da boa m\u00fasica do Brasil.<\/p>","protected":false},"excerpt":{"rendered":"<p>First Press Continental (3) \u2013 SLP 10.130 with original insert. Arnaud is indeed a multi-talented artist and exceptional musician, recognized for his unique ability to blend different musical genres in cheerful and humorous compositions. His album &#8220;Murituri,&#8221; released in 1974, is a captivating work that incorporates diverse influences, including elements of bossa nova, tropicalismo, and [&hellip;]<\/p>\n","protected":false},"featured_media":4434,"comment_status":"open","ping_status":"closed","template":"","meta":{"_acf_changed":false},"product_brand":[],"product_cat":[15],"product_tag":[],"artista":[914],"produtora":[89],"ano":[137],"class_list":{"0":"post-4454","1":"product","2":"type-product","3":"status-publish","4":"has-post-thumbnail","6":"product_cat-outros","7":"artista-arnaud","8":"produtora-continental","9":"ano-137","11":"first","12":"outofstock","13":"featured","14":"shipping-taxable","15":"purchasable","16":"product-type-simple"},"acf":[],"yoast_head":"<!-- This site is optimized with the Yoast SEO plugin v27.6 - https:\/\/yoast.com\/product\/yoast-seo-wordpress\/ -->\n<title>Arnaud \u2013 Murituri - Black Hole Discos<\/title>\n<meta name=\"robots\" content=\"index, follow, max-snippet:-1, max-image-preview:large, max-video-preview:-1\" \/>\n<link rel=\"canonical\" href=\"https:\/\/blackholediscos.com\/en\/product\/arnaud-murituri\/\" \/>\n<meta property=\"og:locale\" content=\"en_US\" \/>\n<meta property=\"og:type\" content=\"article\" \/>\n<meta property=\"og:title\" content=\"Arnaud \u2013 Murituri - Black Hole Discos\" \/>\n<meta property=\"og:description\" content=\"First Press Continental (3) \u2013 SLP 10.130 with original insert. Arnaud is indeed a multi-talented artist and exceptional musician, recognized for his unique ability to blend different musical genres in cheerful and humorous compositions. His album &#8220;Murituri,&#8221; released in 1974, is a captivating work that incorporates diverse influences, including elements of bossa nova, tropicalismo, and [&hellip;]\" \/>\n<meta property=\"og:url\" content=\"https:\/\/blackholediscos.com\/en\/product\/arnaud-murituri\/\" \/>\n<meta property=\"og:site_name\" content=\"Black Hole Discos\" \/>\n<meta property=\"article:publisher\" content=\"https:\/\/www.instagram.com\/blackholediscos\/\" \/>\n<meta property=\"article:modified_time\" content=\"2026-05-04T22:13:44+00:00\" \/>\n<meta property=\"og:image\" content=\"https:\/\/blackholediscos.com\/wp-content\/uploads\/2024\/07\/WhatsApp-Image-2024-07-10-at-15.48.57-scaled.jpeg\" \/>\n\t<meta property=\"og:image:width\" content=\"2560\" \/>\n\t<meta property=\"og:image:height\" content=\"2560\" \/>\n\t<meta property=\"og:image:type\" content=\"image\/jpeg\" \/>\n<meta name=\"twitter:card\" content=\"summary_large_image\" \/>\n<meta name=\"twitter:label1\" content=\"Est. reading time\" \/>\n\t<meta name=\"twitter:data1\" content=\"3 minutes\" \/>\n<script type=\"application\/ld+json\" class=\"yoast-schema-graph\">{\"@context\":\"https:\\\/\\\/schema.org\",\"@graph\":[{\"@type\":\"WebPage\",\"@id\":\"https:\\\/\\\/blackholediscos.com\\\/product\\\/arnaud-murituri\\\/\",\"url\":\"https:\\\/\\\/blackholediscos.com\\\/product\\\/arnaud-murituri\\\/\",\"name\":\"Arnaud \u2013 Murituri - Black Hole Discos\",\"isPartOf\":{\"@id\":\"https:\\\/\\\/blackholediscos.com\\\/#website\"},\"primaryImageOfPage\":{\"@id\":\"https:\\\/\\\/blackholediscos.com\\\/product\\\/arnaud-murituri\\\/#primaryimage\"},\"image\":{\"@id\":\"https:\\\/\\\/blackholediscos.com\\\/product\\\/arnaud-murituri\\\/#primaryimage\"},\"thumbnailUrl\":\"https:\\\/\\\/blackholediscos.com\\\/wp-content\\\/uploads\\\/2024\\\/07\\\/WhatsApp-Image-2024-07-10-at-15.48.57-scaled.jpeg\",\"datePublished\":\"2024-07-11T13:10:36+00:00\",\"dateModified\":\"2026-05-04T22:13:44+00:00\",\"breadcrumb\":{\"@id\":\"https:\\\/\\\/blackholediscos.com\\\/product\\\/arnaud-murituri\\\/#breadcrumb\"},\"inLanguage\":\"en-US\",\"potentialAction\":[{\"@type\":\"ReadAction\",\"target\":[\"https:\\\/\\\/blackholediscos.com\\\/product\\\/arnaud-murituri\\\/\"]}]},{\"@type\":\"ImageObject\",\"inLanguage\":\"en-US\",\"@id\":\"https:\\\/\\\/blackholediscos.com\\\/product\\\/arnaud-murituri\\\/#primaryimage\",\"url\":\"https:\\\/\\\/blackholediscos.com\\\/wp-content\\\/uploads\\\/2024\\\/07\\\/WhatsApp-Image-2024-07-10-at-15.48.57-scaled.jpeg\",\"contentUrl\":\"https:\\\/\\\/blackholediscos.com\\\/wp-content\\\/uploads\\\/2024\\\/07\\\/WhatsApp-Image-2024-07-10-at-15.48.57-scaled.jpeg\",\"width\":2560,\"height\":2560},{\"@type\":\"BreadcrumbList\",\"@id\":\"https:\\\/\\\/blackholediscos.com\\\/product\\\/arnaud-murituri\\\/#breadcrumb\",\"itemListElement\":[{\"@type\":\"ListItem\",\"position\":1,\"name\":\"In\u00edcio\",\"item\":\"https:\\\/\\\/blackholediscos.com\\\/\"},{\"@type\":\"ListItem\",\"position\":2,\"name\":\"Shop\",\"item\":\"https:\\\/\\\/blackholediscos.com\\\/shop\\\/\"},{\"@type\":\"ListItem\",\"position\":3,\"name\":\"Arnaud \u2013 Murituri\"}]},{\"@type\":\"WebSite\",\"@id\":\"https:\\\/\\\/blackholediscos.com\\\/#website\",\"url\":\"https:\\\/\\\/blackholediscos.com\\\/\",\"name\":\"Black Hole Discos\",\"description\":\"Brazilian music LPs\",\"publisher\":{\"@id\":\"https:\\\/\\\/blackholediscos.com\\\/#organization\"},\"potentialAction\":[{\"@type\":\"SearchAction\",\"target\":{\"@type\":\"EntryPoint\",\"urlTemplate\":\"https:\\\/\\\/blackholediscos.com\\\/?s={search_term_string}\"},\"query-input\":{\"@type\":\"PropertyValueSpecification\",\"valueRequired\":true,\"valueName\":\"search_term_string\"}}],\"inLanguage\":\"en-US\"},{\"@type\":\"Organization\",\"@id\":\"https:\\\/\\\/blackholediscos.com\\\/#organization\",\"name\":\"Black Hole Discos\",\"url\":\"https:\\\/\\\/blackholediscos.com\\\/\",\"logo\":{\"@type\":\"ImageObject\",\"inLanguage\":\"en-US\",\"@id\":\"https:\\\/\\\/blackholediscos.com\\\/#\\\/schema\\\/logo\\\/image\\\/\",\"url\":\"https:\\\/\\\/blackholediscos.com\\\/wp-content\\\/uploads\\\/2024\\\/06\\\/black-hole-discos-vinis-logo.png\",\"contentUrl\":\"https:\\\/\\\/blackholediscos.com\\\/wp-content\\\/uploads\\\/2024\\\/06\\\/black-hole-discos-vinis-logo.png\",\"width\":70,\"height\":66,\"caption\":\"Black Hole Discos\"},\"image\":{\"@id\":\"https:\\\/\\\/blackholediscos.com\\\/#\\\/schema\\\/logo\\\/image\\\/\"},\"sameAs\":[\"https:\\\/\\\/www.instagram.com\\\/blackholediscos\\\/\"]}]}<\/script>\n<!-- \/ Yoast SEO plugin. -->","yoast_head_json":{"title":"Arnaud \u2013 Murituri - Black Hole Discos","robots":{"index":"index","follow":"follow","max-snippet":"max-snippet:-1","max-image-preview":"max-image-preview:large","max-video-preview":"max-video-preview:-1"},"canonical":"https:\/\/blackholediscos.com\/en\/product\/arnaud-murituri\/","og_locale":"en_US","og_type":"article","og_title":"Arnaud \u2013 Murituri - Black Hole Discos","og_description":"First Press Continental (3) \u2013 SLP 10.130 with original insert. Arnaud is indeed a multi-talented artist and exceptional musician, recognized for his unique ability to blend different musical genres in cheerful and humorous compositions. His album &#8220;Murituri,&#8221; released in 1974, is a captivating work that incorporates diverse influences, including elements of bossa nova, tropicalismo, and [&hellip;]","og_url":"https:\/\/blackholediscos.com\/en\/product\/arnaud-murituri\/","og_site_name":"Black Hole Discos","article_publisher":"https:\/\/www.instagram.com\/blackholediscos\/","article_modified_time":"2026-05-04T22:13:44+00:00","og_image":[{"width":2560,"height":2560,"url":"https:\/\/blackholediscos.com\/wp-content\/uploads\/2024\/07\/WhatsApp-Image-2024-07-10-at-15.48.57-scaled.jpeg","type":"image\/jpeg"}],"twitter_card":"summary_large_image","twitter_misc":{"Est. reading time":"3 minutes"},"schema":{"@context":"https:\/\/schema.org","@graph":[{"@type":"WebPage","@id":"https:\/\/blackholediscos.com\/product\/arnaud-murituri\/","url":"https:\/\/blackholediscos.com\/product\/arnaud-murituri\/","name":"Arnaud \u2013 Murituri - Black Hole Discos","isPartOf":{"@id":"https:\/\/blackholediscos.com\/#website"},"primaryImageOfPage":{"@id":"https:\/\/blackholediscos.com\/product\/arnaud-murituri\/#primaryimage"},"image":{"@id":"https:\/\/blackholediscos.com\/product\/arnaud-murituri\/#primaryimage"},"thumbnailUrl":"https:\/\/blackholediscos.com\/wp-content\/uploads\/2024\/07\/WhatsApp-Image-2024-07-10-at-15.48.57-scaled.jpeg","datePublished":"2024-07-11T13:10:36+00:00","dateModified":"2026-05-04T22:13:44+00:00","breadcrumb":{"@id":"https:\/\/blackholediscos.com\/product\/arnaud-murituri\/#breadcrumb"},"inLanguage":"en-US","potentialAction":[{"@type":"ReadAction","target":["https:\/\/blackholediscos.com\/product\/arnaud-murituri\/"]}]},{"@type":"ImageObject","inLanguage":"en-US","@id":"https:\/\/blackholediscos.com\/product\/arnaud-murituri\/#primaryimage","url":"https:\/\/blackholediscos.com\/wp-content\/uploads\/2024\/07\/WhatsApp-Image-2024-07-10-at-15.48.57-scaled.jpeg","contentUrl":"https:\/\/blackholediscos.com\/wp-content\/uploads\/2024\/07\/WhatsApp-Image-2024-07-10-at-15.48.57-scaled.jpeg","width":2560,"height":2560},{"@type":"BreadcrumbList","@id":"https:\/\/blackholediscos.com\/product\/arnaud-murituri\/#breadcrumb","itemListElement":[{"@type":"ListItem","position":1,"name":"In\u00edcio","item":"https:\/\/blackholediscos.com\/"},{"@type":"ListItem","position":2,"name":"Shop","item":"https:\/\/blackholediscos.com\/shop\/"},{"@type":"ListItem","position":3,"name":"Arnaud \u2013 Murituri"}]},{"@type":"WebSite","@id":"https:\/\/blackholediscos.com\/#website","url":"https:\/\/blackholediscos.com\/","name":"Black Hole Discos","description":"Brazilian music LPs","publisher":{"@id":"https:\/\/blackholediscos.com\/#organization"},"potentialAction":[{"@type":"SearchAction","target":{"@type":"EntryPoint","urlTemplate":"https:\/\/blackholediscos.com\/?s={search_term_string}"},"query-input":{"@type":"PropertyValueSpecification","valueRequired":true,"valueName":"search_term_string"}}],"inLanguage":"en-US"},{"@type":"Organization","@id":"https:\/\/blackholediscos.com\/#organization","name":"Black Hole Discos","url":"https:\/\/blackholediscos.com\/","logo":{"@type":"ImageObject","inLanguage":"en-US","@id":"https:\/\/blackholediscos.com\/#\/schema\/logo\/image\/","url":"https:\/\/blackholediscos.com\/wp-content\/uploads\/2024\/06\/black-hole-discos-vinis-logo.png","contentUrl":"https:\/\/blackholediscos.com\/wp-content\/uploads\/2024\/06\/black-hole-discos-vinis-logo.png","width":70,"height":66,"caption":"Black Hole Discos"},"image":{"@id":"https:\/\/blackholediscos.com\/#\/schema\/logo\/image\/"},"sameAs":["https:\/\/www.instagram.com\/blackholediscos\/"]}]}},"_links":{"self":[{"href":"https:\/\/blackholediscos.com\/en\/wp-json\/wp\/v2\/product\/4454","targetHints":{"allow":["GET"]}}],"collection":[{"href":"https:\/\/blackholediscos.com\/en\/wp-json\/wp\/v2\/product"}],"about":[{"href":"https:\/\/blackholediscos.com\/en\/wp-json\/wp\/v2\/types\/product"}],"replies":[{"embeddable":true,"href":"https:\/\/blackholediscos.com\/en\/wp-json\/wp\/v2\/comments?post=4454"}],"wp:featuredmedia":[{"embeddable":true,"href":"https:\/\/blackholediscos.com\/en\/wp-json\/wp\/v2\/media\/4434"}],"wp:attachment":[{"href":"https:\/\/blackholediscos.com\/en\/wp-json\/wp\/v2\/media?parent=4454"}],"wp:term":[{"taxonomy":"product_brand","embeddable":true,"href":"https:\/\/blackholediscos.com\/en\/wp-json\/wp\/v2\/product_brand?post=4454"},{"taxonomy":"product_cat","embeddable":true,"href":"https:\/\/blackholediscos.com\/en\/wp-json\/wp\/v2\/product_cat?post=4454"},{"taxonomy":"product_tag","embeddable":true,"href":"https:\/\/blackholediscos.com\/en\/wp-json\/wp\/v2\/product_tag?post=4454"},{"taxonomy":"artista","embeddable":true,"href":"https:\/\/blackholediscos.com\/en\/wp-json\/wp\/v2\/artista?post=4454"},{"taxonomy":"produtora","embeddable":true,"href":"https:\/\/blackholediscos.com\/en\/wp-json\/wp\/v2\/produtora?post=4454"},{"taxonomy":"ano","embeddable":true,"href":"https:\/\/blackholediscos.com\/en\/wp-json\/wp\/v2\/ano?post=4454"}],"curies":[{"name":"wp","href":"https:\/\/api.w.org\/{rel}","templated":true}]}}