{"id":4453,"date":"2024-07-11T12:36:40","date_gmt":"2024-07-11T12:36:40","guid":{"rendered":"https:\/\/blackholediscos.com\/?post_type=product&#038;p=4453"},"modified":"2024-07-12T13:13:56","modified_gmt":"2024-07-12T13:13:56","slug":"joyce-joyce-2","status":"publish","type":"product","link":"https:\/\/blackholediscos.com\/en\/product\/joyce-joyce-2\/","title":{"rendered":"Joyce \u2013 Joyce"},"content":{"rendered":"<p>First Press 1968 autographed by Joyce<\/p>\n<p>Joyce, cantora e compositora brasileira, \u00e9 conhecida por sua contribui\u00e7\u00e3o significativa \u00e0 m\u00fasica popular brasileira. Sua trajet\u00f3ria discogr\u00e1fica \u00e9 marcada por uma mistura \u00fanica de MPB, bossa nova e jazz, o que a destacou no cen\u00e1rio musical nacional e internacional.<\/p>\n<p>Em 1968, Joyce lan\u00e7ou seu \u00e1lbum de estreia autointitulado &#8220;Joyce&#8221;, que marcou o in\u00edcio de uma carreira brilhante. O disco apresentava uma sonoridade inovadora, mesclando influ\u00eancias da bossa nova com arranjos sofisticados e composi\u00e7\u00f5es autorais cativantes.<\/p>\n<p>Uma das participa\u00e7\u00f5es mais marcantes nesse primeiro \u00e1lbum foi a do ic\u00f4nico trio vocal Os Cariocas, que contribuiu com belas harmonias e vocaliza\u00e7\u00f5es \u00fanicas em algumas faixas. Al\u00e9m disso, a presen\u00e7a do maestro e arranjador Gaya na produ\u00e7\u00e3o do \u00e1lbum trouxe uma riqueza musical adicional \u00e0s composi\u00e7\u00f5es de Joyce.<\/p>\n<p>Destacam-se m\u00fasicas como &#8220;Feminina&#8221;, &#8220;Cantiga de Ninar&#8221; e &#8220;Me Disseram&#8221;, que se tornaram cl\u00e1ssicos do repert\u00f3rio da cantora e ajudaram a solidificar sua posi\u00e7\u00e3o como uma das vozes mais talentosas e inovadoras da m\u00fasica brasileira.<\/p>\n<p>O \u00e1lbum de estreia de Joyce em 1968 \u00e9 um testemunho do talento e versatilidade da artista, que desde ent\u00e3o continuou a desbravar novos caminhos musicais e a encantar f\u00e3s em todo o mundo com sua arte \u00fanica e cativante.<\/p>\n<p>    Philips \u200e\u2013 R 765.036 L<\/p>\n<p>A1\t\tN\u00e3o Muda, N\u00e3o<br \/>\nA2\t\tBloco Do Eu S\u00f2zinho<br \/>\nA3\t\tImprovisado<br \/>\nA4\t\tAnsiedade<br \/>\nA5\t\tSuperego<br \/>\nB1\t\tCantiga De Procura<br \/>\nB2\t\tCh\u00f4ro Chorado<br \/>\nB3\t\tAve Maria<br \/>\nB4\t\tAnoiteceu<br \/>\nB5\t\tLitoral<br \/>\nB6\t\tMe Disseram<\/p>","protected":false},"excerpt":{"rendered":"<p>First Press 1968 autographed by Joyce Joyce, cantora e compositora brasileira, \u00e9 conhecida por sua contribui\u00e7\u00e3o significativa \u00e0 m\u00fasica popular brasileira. Sua trajet\u00f3ria discogr\u00e1fica \u00e9 marcada por uma mistura \u00fanica de MPB, bossa nova e jazz, o que a destacou no cen\u00e1rio musical nacional e internacional. Em 1968, Joyce lan\u00e7ou seu \u00e1lbum de estreia autointitulado [&hellip;]<\/p>\n","protected":false},"featured_media":4418,"comment_status":"open","ping_status":"closed","template":"","meta":{"_acf_changed":false},"product_brand":[],"product_cat":[130,39,45,24],"product_tag":[],"artista":[913],"produtora":[119],"ano":[109],"class_list":{"0":"post-4453","1":"product","2":"type-product","3":"status-publish","4":"has-post-thumbnail","6":"product_cat-bossa-nova","7":"product_cat-mpb","8":"product_cat-raridades","9":"product_cat-samba","10":"artista-joyce","11":"produtora-philips","12":"ano-109","14":"first","15":"outofstock","16":"shipping-taxable","17":"purchasable","18":"product-type-simple"},"acf":[],"yoast_head":"<!-- This site is optimized with the Yoast SEO plugin v27.5 - https:\/\/yoast.com\/product\/yoast-seo-wordpress\/ -->\n<title>Joyce \u2013 Joyce - Black Hole Discos<\/title>\n<meta name=\"robots\" content=\"index, follow, max-snippet:-1, max-image-preview:large, max-video-preview:-1\" \/>\n<link rel=\"canonical\" href=\"https:\/\/blackholediscos.com\/en\/product\/joyce-joyce-2\/\" \/>\n<meta property=\"og:locale\" content=\"en_US\" \/>\n<meta property=\"og:type\" content=\"article\" \/>\n<meta property=\"og:title\" content=\"Joyce \u2013 Joyce - Black Hole Discos\" \/>\n<meta property=\"og:description\" content=\"First Press 1968 autographed by Joyce Joyce, cantora e compositora brasileira, \u00e9 conhecida por sua contribui\u00e7\u00e3o significativa \u00e0 m\u00fasica popular brasileira. Sua trajet\u00f3ria discogr\u00e1fica \u00e9 marcada por uma mistura \u00fanica de MPB, bossa nova e jazz, o que a destacou no cen\u00e1rio musical nacional e internacional. Em 1968, Joyce lan\u00e7ou seu \u00e1lbum de estreia autointitulado [&hellip;]\" \/>\n<meta property=\"og:url\" content=\"https:\/\/blackholediscos.com\/en\/product\/joyce-joyce-2\/\" \/>\n<meta property=\"og:site_name\" content=\"Black Hole Discos\" \/>\n<meta property=\"article:publisher\" content=\"https:\/\/www.instagram.com\/blackholediscos\/\" \/>\n<meta property=\"article:modified_time\" content=\"2024-07-12T13:13:56+00:00\" \/>\n<meta property=\"og:image\" content=\"https:\/\/blackholediscos.com\/wp-content\/uploads\/2024\/07\/WhatsApp-Image-2024-07-10-at-15.27.18-scaled.jpeg\" \/>\n\t<meta property=\"og:image:width\" content=\"2560\" \/>\n\t<meta property=\"og:image:height\" content=\"2560\" \/>\n\t<meta property=\"og:image:type\" content=\"image\/jpeg\" \/>\n<meta name=\"twitter:card\" content=\"summary_large_image\" \/>\n<meta name=\"twitter:label1\" content=\"Est. reading time\" \/>\n\t<meta name=\"twitter:data1\" content=\"1 minute\" \/>\n<script type=\"application\/ld+json\" class=\"yoast-schema-graph\">{\"@context\":\"https:\\\/\\\/schema.org\",\"@graph\":[{\"@type\":\"WebPage\",\"@id\":\"https:\\\/\\\/blackholediscos.com\\\/product\\\/joyce-joyce-2\\\/\",\"url\":\"https:\\\/\\\/blackholediscos.com\\\/product\\\/joyce-joyce-2\\\/\",\"name\":\"Joyce \u2013 Joyce - Black Hole Discos\",\"isPartOf\":{\"@id\":\"https:\\\/\\\/blackholediscos.com\\\/#website\"},\"primaryImageOfPage\":{\"@id\":\"https:\\\/\\\/blackholediscos.com\\\/product\\\/joyce-joyce-2\\\/#primaryimage\"},\"image\":{\"@id\":\"https:\\\/\\\/blackholediscos.com\\\/product\\\/joyce-joyce-2\\\/#primaryimage\"},\"thumbnailUrl\":\"https:\\\/\\\/blackholediscos.com\\\/wp-content\\\/uploads\\\/2024\\\/07\\\/WhatsApp-Image-2024-07-10-at-15.27.18-scaled.jpeg\",\"datePublished\":\"2024-07-11T12:36:40+00:00\",\"dateModified\":\"2024-07-12T13:13:56+00:00\",\"breadcrumb\":{\"@id\":\"https:\\\/\\\/blackholediscos.com\\\/product\\\/joyce-joyce-2\\\/#breadcrumb\"},\"inLanguage\":\"en-US\",\"potentialAction\":[{\"@type\":\"ReadAction\",\"target\":[\"https:\\\/\\\/blackholediscos.com\\\/product\\\/joyce-joyce-2\\\/\"]}]},{\"@type\":\"ImageObject\",\"inLanguage\":\"en-US\",\"@id\":\"https:\\\/\\\/blackholediscos.com\\\/product\\\/joyce-joyce-2\\\/#primaryimage\",\"url\":\"https:\\\/\\\/blackholediscos.com\\\/wp-content\\\/uploads\\\/2024\\\/07\\\/WhatsApp-Image-2024-07-10-at-15.27.18-scaled.jpeg\",\"contentUrl\":\"https:\\\/\\\/blackholediscos.com\\\/wp-content\\\/uploads\\\/2024\\\/07\\\/WhatsApp-Image-2024-07-10-at-15.27.18-scaled.jpeg\",\"width\":2560,\"height\":2560},{\"@type\":\"BreadcrumbList\",\"@id\":\"https:\\\/\\\/blackholediscos.com\\\/product\\\/joyce-joyce-2\\\/#breadcrumb\",\"itemListElement\":[{\"@type\":\"ListItem\",\"position\":1,\"name\":\"In\u00edcio\",\"item\":\"https:\\\/\\\/blackholediscos.com\\\/\"},{\"@type\":\"ListItem\",\"position\":2,\"name\":\"Shop\",\"item\":\"https:\\\/\\\/blackholediscos.com\\\/shop\\\/\"},{\"@type\":\"ListItem\",\"position\":3,\"name\":\"Joyce \u2013 Joyce\"}]},{\"@type\":\"WebSite\",\"@id\":\"https:\\\/\\\/blackholediscos.com\\\/#website\",\"url\":\"https:\\\/\\\/blackholediscos.com\\\/\",\"name\":\"Black Hole Discos\",\"description\":\"Brazilian music LPs\",\"publisher\":{\"@id\":\"https:\\\/\\\/blackholediscos.com\\\/#organization\"},\"potentialAction\":[{\"@type\":\"SearchAction\",\"target\":{\"@type\":\"EntryPoint\",\"urlTemplate\":\"https:\\\/\\\/blackholediscos.com\\\/?s={search_term_string}\"},\"query-input\":{\"@type\":\"PropertyValueSpecification\",\"valueRequired\":true,\"valueName\":\"search_term_string\"}}],\"inLanguage\":\"en-US\"},{\"@type\":\"Organization\",\"@id\":\"https:\\\/\\\/blackholediscos.com\\\/#organization\",\"name\":\"Black Hole Discos\",\"url\":\"https:\\\/\\\/blackholediscos.com\\\/\",\"logo\":{\"@type\":\"ImageObject\",\"inLanguage\":\"en-US\",\"@id\":\"https:\\\/\\\/blackholediscos.com\\\/#\\\/schema\\\/logo\\\/image\\\/\",\"url\":\"https:\\\/\\\/blackholediscos.com\\\/wp-content\\\/uploads\\\/2024\\\/06\\\/black-hole-discos-vinis-logo.png\",\"contentUrl\":\"https:\\\/\\\/blackholediscos.com\\\/wp-content\\\/uploads\\\/2024\\\/06\\\/black-hole-discos-vinis-logo.png\",\"width\":70,\"height\":66,\"caption\":\"Black Hole Discos\"},\"image\":{\"@id\":\"https:\\\/\\\/blackholediscos.com\\\/#\\\/schema\\\/logo\\\/image\\\/\"},\"sameAs\":[\"https:\\\/\\\/www.instagram.com\\\/blackholediscos\\\/\"]}]}<\/script>\n<!-- \/ Yoast SEO plugin. -->","yoast_head_json":{"title":"Joyce \u2013 Joyce - Black Hole Discos","robots":{"index":"index","follow":"follow","max-snippet":"max-snippet:-1","max-image-preview":"max-image-preview:large","max-video-preview":"max-video-preview:-1"},"canonical":"https:\/\/blackholediscos.com\/en\/product\/joyce-joyce-2\/","og_locale":"en_US","og_type":"article","og_title":"Joyce \u2013 Joyce - Black Hole Discos","og_description":"First Press 1968 autographed by Joyce Joyce, cantora e compositora brasileira, \u00e9 conhecida por sua contribui\u00e7\u00e3o significativa \u00e0 m\u00fasica popular brasileira. Sua trajet\u00f3ria discogr\u00e1fica \u00e9 marcada por uma mistura \u00fanica de MPB, bossa nova e jazz, o que a destacou no cen\u00e1rio musical nacional e internacional. Em 1968, Joyce lan\u00e7ou seu \u00e1lbum de estreia autointitulado [&hellip;]","og_url":"https:\/\/blackholediscos.com\/en\/product\/joyce-joyce-2\/","og_site_name":"Black Hole Discos","article_publisher":"https:\/\/www.instagram.com\/blackholediscos\/","article_modified_time":"2024-07-12T13:13:56+00:00","og_image":[{"width":2560,"height":2560,"url":"https:\/\/blackholediscos.com\/wp-content\/uploads\/2024\/07\/WhatsApp-Image-2024-07-10-at-15.27.18-scaled.jpeg","type":"image\/jpeg"}],"twitter_card":"summary_large_image","twitter_misc":{"Est. reading time":"1 minute"},"schema":{"@context":"https:\/\/schema.org","@graph":[{"@type":"WebPage","@id":"https:\/\/blackholediscos.com\/product\/joyce-joyce-2\/","url":"https:\/\/blackholediscos.com\/product\/joyce-joyce-2\/","name":"Joyce \u2013 Joyce - Black Hole Discos","isPartOf":{"@id":"https:\/\/blackholediscos.com\/#website"},"primaryImageOfPage":{"@id":"https:\/\/blackholediscos.com\/product\/joyce-joyce-2\/#primaryimage"},"image":{"@id":"https:\/\/blackholediscos.com\/product\/joyce-joyce-2\/#primaryimage"},"thumbnailUrl":"https:\/\/blackholediscos.com\/wp-content\/uploads\/2024\/07\/WhatsApp-Image-2024-07-10-at-15.27.18-scaled.jpeg","datePublished":"2024-07-11T12:36:40+00:00","dateModified":"2024-07-12T13:13:56+00:00","breadcrumb":{"@id":"https:\/\/blackholediscos.com\/product\/joyce-joyce-2\/#breadcrumb"},"inLanguage":"en-US","potentialAction":[{"@type":"ReadAction","target":["https:\/\/blackholediscos.com\/product\/joyce-joyce-2\/"]}]},{"@type":"ImageObject","inLanguage":"en-US","@id":"https:\/\/blackholediscos.com\/product\/joyce-joyce-2\/#primaryimage","url":"https:\/\/blackholediscos.com\/wp-content\/uploads\/2024\/07\/WhatsApp-Image-2024-07-10-at-15.27.18-scaled.jpeg","contentUrl":"https:\/\/blackholediscos.com\/wp-content\/uploads\/2024\/07\/WhatsApp-Image-2024-07-10-at-15.27.18-scaled.jpeg","width":2560,"height":2560},{"@type":"BreadcrumbList","@id":"https:\/\/blackholediscos.com\/product\/joyce-joyce-2\/#breadcrumb","itemListElement":[{"@type":"ListItem","position":1,"name":"In\u00edcio","item":"https:\/\/blackholediscos.com\/"},{"@type":"ListItem","position":2,"name":"Shop","item":"https:\/\/blackholediscos.com\/shop\/"},{"@type":"ListItem","position":3,"name":"Joyce \u2013 Joyce"}]},{"@type":"WebSite","@id":"https:\/\/blackholediscos.com\/#website","url":"https:\/\/blackholediscos.com\/","name":"Black Hole Discos","description":"Brazilian music LPs","publisher":{"@id":"https:\/\/blackholediscos.com\/#organization"},"potentialAction":[{"@type":"SearchAction","target":{"@type":"EntryPoint","urlTemplate":"https:\/\/blackholediscos.com\/?s={search_term_string}"},"query-input":{"@type":"PropertyValueSpecification","valueRequired":true,"valueName":"search_term_string"}}],"inLanguage":"en-US"},{"@type":"Organization","@id":"https:\/\/blackholediscos.com\/#organization","name":"Black Hole Discos","url":"https:\/\/blackholediscos.com\/","logo":{"@type":"ImageObject","inLanguage":"en-US","@id":"https:\/\/blackholediscos.com\/#\/schema\/logo\/image\/","url":"https:\/\/blackholediscos.com\/wp-content\/uploads\/2024\/06\/black-hole-discos-vinis-logo.png","contentUrl":"https:\/\/blackholediscos.com\/wp-content\/uploads\/2024\/06\/black-hole-discos-vinis-logo.png","width":70,"height":66,"caption":"Black Hole Discos"},"image":{"@id":"https:\/\/blackholediscos.com\/#\/schema\/logo\/image\/"},"sameAs":["https:\/\/www.instagram.com\/blackholediscos\/"]}]}},"_links":{"self":[{"href":"https:\/\/blackholediscos.com\/en\/wp-json\/wp\/v2\/product\/4453","targetHints":{"allow":["GET"]}}],"collection":[{"href":"https:\/\/blackholediscos.com\/en\/wp-json\/wp\/v2\/product"}],"about":[{"href":"https:\/\/blackholediscos.com\/en\/wp-json\/wp\/v2\/types\/product"}],"replies":[{"embeddable":true,"href":"https:\/\/blackholediscos.com\/en\/wp-json\/wp\/v2\/comments?post=4453"}],"wp:featuredmedia":[{"embeddable":true,"href":"https:\/\/blackholediscos.com\/en\/wp-json\/wp\/v2\/media\/4418"}],"wp:attachment":[{"href":"https:\/\/blackholediscos.com\/en\/wp-json\/wp\/v2\/media?parent=4453"}],"wp:term":[{"taxonomy":"product_brand","embeddable":true,"href":"https:\/\/blackholediscos.com\/en\/wp-json\/wp\/v2\/product_brand?post=4453"},{"taxonomy":"product_cat","embeddable":true,"href":"https:\/\/blackholediscos.com\/en\/wp-json\/wp\/v2\/product_cat?post=4453"},{"taxonomy":"product_tag","embeddable":true,"href":"https:\/\/blackholediscos.com\/en\/wp-json\/wp\/v2\/product_tag?post=4453"},{"taxonomy":"artista","embeddable":true,"href":"https:\/\/blackholediscos.com\/en\/wp-json\/wp\/v2\/artista?post=4453"},{"taxonomy":"produtora","embeddable":true,"href":"https:\/\/blackholediscos.com\/en\/wp-json\/wp\/v2\/produtora?post=4453"},{"taxonomy":"ano","embeddable":true,"href":"https:\/\/blackholediscos.com\/en\/wp-json\/wp\/v2\/ano?post=4453"}],"curies":[{"name":"wp","href":"https:\/\/api.w.org\/{rel}","templated":true}]}}