{"id":4398,"date":"2024-07-10T17:05:23","date_gmt":"2024-07-10T17:05:23","guid":{"rendered":"https:\/\/blackholediscos.com\/?post_type=product&#038;p=4398"},"modified":"2024-07-10T17:12:49","modified_gmt":"2024-07-10T17:12:49","slug":"perfume-azul-do-sol-nascimento","status":"publish","type":"product","link":"https:\/\/blackholediscos.com\/en\/product\/perfume-azul-do-sol-nascimento\/","title":{"rendered":"Perfume Azul Do Sol \u200e\u2013 Nascimento"},"content":{"rendered":"<p>First press 1974<\/p>\n<p>       Chantecler \u200e\u2013 CMGS 9071 <\/p>\n<p>Perfume Azul do Sol and their debut album &#8220;Nascimento&#8221;, released in 1974, accompanied the significant years for Brazilian rock, with the emergence of several bands and a vibrant musical scene. The band, comprised of Ana Maria Guedes, Benvindo, Jean, and Gil, had a trajectory surrounded by mysteries and legends. The album &#8220;Nascimento,&#8221; produced by Chantecler, incorporates influences of Brazilian psychedelia and features songs with elements like bai\u00e3o, forr\u00f3, and northeastern rhythms. Despite selling only 120 original copies, it became a sought-after item among collectors. The band&#8217;s history is characterized by lineup changes, disagreements among members, and the re-release of the album on vinyl following Ana Maria Guedes&#8217; death, showcasing the enduring interest of fans in the music of Perfume Azul do Sol.<\/p>\n<p>The production of &#8220;Nascimento&#8221; took place at the renowned Sonima and Est\u00fadios Reunidos studios in S\u00e3o Paulo, offering a unique sonic quality to the album&#8217;s tracks. With special guest appearances by acclaimed musicians like Pedr\u00e3o Baldanza and Marcinha, the album presents a blend of styles and sounds that reflect the diversity of Brazilian music at the time. The band&#8217;s brief yet impactful journey and the air of mystery that surrounds it continue to captivate enthusiasts of Brazilian rock and psychedelia.<\/p>\n<p>Perfume Azul do Sol e seu \u00e1lbum de estreia &#8220;Nascimento&#8221;, lan\u00e7ado em 1974 acompanhou os anos marcantes para o rock brasileiro, com o surgimento de diversas bandas e um cen\u00e1rio musical efervescente. A banda, formada por Ana Maria Guedes, Benvindo, Jean e Gil, teve sua trajet\u00f3ria rodeada de mist\u00e9rios e lendas. O \u00e1lbum &#8220;Nascimento&#8221;, produzido pela Chantecler, possui influ\u00eancias da psicodelia brasileira e apresenta m\u00fasicas com elementos como bai\u00e3o, forr\u00f3 e ritmos nordestinos. Apesar de ter vendido apenas 120 c\u00f3pias originais, tornou-se um item procurado por colecionadores. A hist\u00f3ria da banda \u00e9 marcada por mudan\u00e7as na forma\u00e7\u00e3o, desentendimentos entre os membros e o relan\u00e7amento do \u00e1lbum em vinil ap\u00f3s a morte de Ana Maria Guedes, demonstrando o cont\u00ednuo interesse dos f\u00e3s pela m\u00fasica do Perfume Azul do Sol.<\/p>\n<p>A produ\u00e7\u00e3o de &#8220;Nascimento&#8221; ocorreu nos renomados est\u00fadios Sonima e Est\u00fadios Reunidos, em S\u00e3o Paulo, proporcionando uma qualidade sonora \u00fanica \u00e0s faixas do disco. Com participa\u00e7\u00f5es especiais de m\u00fasicos renomados, como Pedr\u00e3o Baldanza e Marcinha, o \u00e1lbum apresenta uma mistura de estilos e sonoridades que refletem a diversidade da m\u00fasica brasileira da \u00e9poca. A breve, por\u00e9m impactante trajet\u00f3ria da banda e a aura de mist\u00e9rio que a envolve continuam a fascinar os admiradores do rock nacional e da psicodelia brasileira.<\/p>","protected":false},"excerpt":{"rendered":"<p>First press 1974 Chantecler \u200e\u2013 CMGS 9071 Perfume Azul do Sol and their debut album &#8220;Nascimento&#8221;, released in 1974, accompanied the significant years for Brazilian rock, with the emergence of several bands and a vibrant musical scene. The band, comprised of Ana Maria Guedes, Benvindo, Jean, and Gil, had a trajectory surrounded by mysteries and [&hellip;]<\/p>\n","protected":false},"featured_media":4377,"comment_status":"open","ping_status":"closed","template":"","meta":{"_acf_changed":false},"product_brand":[],"product_cat":[509,48,45,35,173],"product_tag":[],"artista":[909],"produtora":[108],"ano":[137],"class_list":{"0":"post-4398","1":"product","2":"type-product","3":"status-publish","4":"has-post-thumbnail","6":"product_cat-prog-rock","7":"product_cat-psicodelia","8":"product_cat-raridades","9":"product_cat-rock","10":"product_cat-rock-alternativo","11":"artista-perfume-azul-do-sol","12":"produtora-chantecler","13":"ano-137","15":"first","16":"instock","17":"featured","18":"shipping-taxable","19":"purchasable","20":"product-type-simple"},"acf":[],"yoast_head":"<!-- This site is optimized with the Yoast SEO plugin v27.3 - https:\/\/yoast.com\/product\/yoast-seo-wordpress\/ -->\n<title>Perfume Azul Do Sol \u200e\u2013 Nascimento - Black Hole Discos<\/title>\n<meta name=\"robots\" content=\"index, follow, max-snippet:-1, max-image-preview:large, max-video-preview:-1\" \/>\n<link rel=\"canonical\" href=\"https:\/\/blackholediscos.com\/en\/product\/perfume-azul-do-sol-nascimento\/\" \/>\n<meta property=\"og:locale\" content=\"en_US\" \/>\n<meta property=\"og:type\" content=\"article\" \/>\n<meta property=\"og:title\" content=\"Perfume Azul Do Sol \u200e\u2013 Nascimento - Black Hole Discos\" \/>\n<meta property=\"og:description\" content=\"First press 1974 Chantecler \u200e\u2013 CMGS 9071 Perfume Azul do Sol and their debut album &#8220;Nascimento&#8221;, released in 1974, accompanied the significant years for Brazilian rock, with the emergence of several bands and a vibrant musical scene. The band, comprised of Ana Maria Guedes, Benvindo, Jean, and Gil, had a trajectory surrounded by mysteries and [&hellip;]\" \/>\n<meta property=\"og:url\" content=\"https:\/\/blackholediscos.com\/en\/product\/perfume-azul-do-sol-nascimento\/\" \/>\n<meta property=\"og:site_name\" content=\"Black Hole Discos\" \/>\n<meta property=\"article:publisher\" content=\"https:\/\/www.instagram.com\/blackholediscos\/\" \/>\n<meta property=\"article:modified_time\" content=\"2024-07-10T17:12:49+00:00\" \/>\n<meta property=\"og:image\" content=\"https:\/\/blackholediscos.com\/wp-content\/uploads\/2024\/07\/WhatsApp-Image-2024-07-09-at-14.51.53-3-scaled.jpeg\" \/>\n\t<meta property=\"og:image:width\" content=\"2560\" \/>\n\t<meta property=\"og:image:height\" content=\"2560\" \/>\n\t<meta property=\"og:image:type\" content=\"image\/jpeg\" \/>\n<meta name=\"twitter:card\" content=\"summary_large_image\" \/>\n<meta name=\"twitter:label1\" content=\"Est. reading time\" \/>\n\t<meta name=\"twitter:data1\" content=\"3 minutes\" \/>\n<script type=\"application\/ld+json\" class=\"yoast-schema-graph\">{\"@context\":\"https:\\\/\\\/schema.org\",\"@graph\":[{\"@type\":\"WebPage\",\"@id\":\"https:\\\/\\\/blackholediscos.com\\\/product\\\/perfume-azul-do-sol-nascimento\\\/\",\"url\":\"https:\\\/\\\/blackholediscos.com\\\/product\\\/perfume-azul-do-sol-nascimento\\\/\",\"name\":\"Perfume Azul Do Sol \u200e\u2013 Nascimento - Black Hole Discos\",\"isPartOf\":{\"@id\":\"https:\\\/\\\/blackholediscos.com\\\/#website\"},\"primaryImageOfPage\":{\"@id\":\"https:\\\/\\\/blackholediscos.com\\\/product\\\/perfume-azul-do-sol-nascimento\\\/#primaryimage\"},\"image\":{\"@id\":\"https:\\\/\\\/blackholediscos.com\\\/product\\\/perfume-azul-do-sol-nascimento\\\/#primaryimage\"},\"thumbnailUrl\":\"https:\\\/\\\/blackholediscos.com\\\/wp-content\\\/uploads\\\/2024\\\/07\\\/WhatsApp-Image-2024-07-09-at-14.51.53-3-scaled.jpeg\",\"datePublished\":\"2024-07-10T17:05:23+00:00\",\"dateModified\":\"2024-07-10T17:12:49+00:00\",\"breadcrumb\":{\"@id\":\"https:\\\/\\\/blackholediscos.com\\\/product\\\/perfume-azul-do-sol-nascimento\\\/#breadcrumb\"},\"inLanguage\":\"en-US\",\"potentialAction\":[{\"@type\":\"ReadAction\",\"target\":[\"https:\\\/\\\/blackholediscos.com\\\/product\\\/perfume-azul-do-sol-nascimento\\\/\"]}]},{\"@type\":\"ImageObject\",\"inLanguage\":\"en-US\",\"@id\":\"https:\\\/\\\/blackholediscos.com\\\/product\\\/perfume-azul-do-sol-nascimento\\\/#primaryimage\",\"url\":\"https:\\\/\\\/blackholediscos.com\\\/wp-content\\\/uploads\\\/2024\\\/07\\\/WhatsApp-Image-2024-07-09-at-14.51.53-3-scaled.jpeg\",\"contentUrl\":\"https:\\\/\\\/blackholediscos.com\\\/wp-content\\\/uploads\\\/2024\\\/07\\\/WhatsApp-Image-2024-07-09-at-14.51.53-3-scaled.jpeg\",\"width\":2560,\"height\":2560},{\"@type\":\"BreadcrumbList\",\"@id\":\"https:\\\/\\\/blackholediscos.com\\\/product\\\/perfume-azul-do-sol-nascimento\\\/#breadcrumb\",\"itemListElement\":[{\"@type\":\"ListItem\",\"position\":1,\"name\":\"In\u00edcio\",\"item\":\"https:\\\/\\\/blackholediscos.com\\\/\"},{\"@type\":\"ListItem\",\"position\":2,\"name\":\"Shop\",\"item\":\"https:\\\/\\\/blackholediscos.com\\\/shop\\\/\"},{\"@type\":\"ListItem\",\"position\":3,\"name\":\"Perfume Azul Do Sol \u200e\u2013 Nascimento\"}]},{\"@type\":\"WebSite\",\"@id\":\"https:\\\/\\\/blackholediscos.com\\\/#website\",\"url\":\"https:\\\/\\\/blackholediscos.com\\\/\",\"name\":\"Black Hole Discos\",\"description\":\"Brazilian music LPs\",\"publisher\":{\"@id\":\"https:\\\/\\\/blackholediscos.com\\\/#organization\"},\"potentialAction\":[{\"@type\":\"SearchAction\",\"target\":{\"@type\":\"EntryPoint\",\"urlTemplate\":\"https:\\\/\\\/blackholediscos.com\\\/?s={search_term_string}\"},\"query-input\":{\"@type\":\"PropertyValueSpecification\",\"valueRequired\":true,\"valueName\":\"search_term_string\"}}],\"inLanguage\":\"en-US\"},{\"@type\":\"Organization\",\"@id\":\"https:\\\/\\\/blackholediscos.com\\\/#organization\",\"name\":\"Black Hole Discos\",\"url\":\"https:\\\/\\\/blackholediscos.com\\\/\",\"logo\":{\"@type\":\"ImageObject\",\"inLanguage\":\"en-US\",\"@id\":\"https:\\\/\\\/blackholediscos.com\\\/#\\\/schema\\\/logo\\\/image\\\/\",\"url\":\"https:\\\/\\\/blackholediscos.com\\\/wp-content\\\/uploads\\\/2024\\\/06\\\/black-hole-discos-vinis-logo.png\",\"contentUrl\":\"https:\\\/\\\/blackholediscos.com\\\/wp-content\\\/uploads\\\/2024\\\/06\\\/black-hole-discos-vinis-logo.png\",\"width\":70,\"height\":66,\"caption\":\"Black Hole Discos\"},\"image\":{\"@id\":\"https:\\\/\\\/blackholediscos.com\\\/#\\\/schema\\\/logo\\\/image\\\/\"},\"sameAs\":[\"https:\\\/\\\/www.instagram.com\\\/blackholediscos\\\/\"]}]}<\/script>\n<!-- \/ Yoast SEO plugin. -->","yoast_head_json":{"title":"Perfume Azul Do Sol \u200e\u2013 Nascimento - Black Hole Discos","robots":{"index":"index","follow":"follow","max-snippet":"max-snippet:-1","max-image-preview":"max-image-preview:large","max-video-preview":"max-video-preview:-1"},"canonical":"https:\/\/blackholediscos.com\/en\/product\/perfume-azul-do-sol-nascimento\/","og_locale":"en_US","og_type":"article","og_title":"Perfume Azul Do Sol \u200e\u2013 Nascimento - Black Hole Discos","og_description":"First press 1974 Chantecler \u200e\u2013 CMGS 9071 Perfume Azul do Sol and their debut album &#8220;Nascimento&#8221;, released in 1974, accompanied the significant years for Brazilian rock, with the emergence of several bands and a vibrant musical scene. The band, comprised of Ana Maria Guedes, Benvindo, Jean, and Gil, had a trajectory surrounded by mysteries and [&hellip;]","og_url":"https:\/\/blackholediscos.com\/en\/product\/perfume-azul-do-sol-nascimento\/","og_site_name":"Black Hole Discos","article_publisher":"https:\/\/www.instagram.com\/blackholediscos\/","article_modified_time":"2024-07-10T17:12:49+00:00","og_image":[{"width":2560,"height":2560,"url":"https:\/\/blackholediscos.com\/wp-content\/uploads\/2024\/07\/WhatsApp-Image-2024-07-09-at-14.51.53-3-scaled.jpeg","type":"image\/jpeg"}],"twitter_card":"summary_large_image","twitter_misc":{"Est. reading time":"3 minutes"},"schema":{"@context":"https:\/\/schema.org","@graph":[{"@type":"WebPage","@id":"https:\/\/blackholediscos.com\/product\/perfume-azul-do-sol-nascimento\/","url":"https:\/\/blackholediscos.com\/product\/perfume-azul-do-sol-nascimento\/","name":"Perfume Azul Do Sol \u200e\u2013 Nascimento - Black Hole Discos","isPartOf":{"@id":"https:\/\/blackholediscos.com\/#website"},"primaryImageOfPage":{"@id":"https:\/\/blackholediscos.com\/product\/perfume-azul-do-sol-nascimento\/#primaryimage"},"image":{"@id":"https:\/\/blackholediscos.com\/product\/perfume-azul-do-sol-nascimento\/#primaryimage"},"thumbnailUrl":"https:\/\/blackholediscos.com\/wp-content\/uploads\/2024\/07\/WhatsApp-Image-2024-07-09-at-14.51.53-3-scaled.jpeg","datePublished":"2024-07-10T17:05:23+00:00","dateModified":"2024-07-10T17:12:49+00:00","breadcrumb":{"@id":"https:\/\/blackholediscos.com\/product\/perfume-azul-do-sol-nascimento\/#breadcrumb"},"inLanguage":"en-US","potentialAction":[{"@type":"ReadAction","target":["https:\/\/blackholediscos.com\/product\/perfume-azul-do-sol-nascimento\/"]}]},{"@type":"ImageObject","inLanguage":"en-US","@id":"https:\/\/blackholediscos.com\/product\/perfume-azul-do-sol-nascimento\/#primaryimage","url":"https:\/\/blackholediscos.com\/wp-content\/uploads\/2024\/07\/WhatsApp-Image-2024-07-09-at-14.51.53-3-scaled.jpeg","contentUrl":"https:\/\/blackholediscos.com\/wp-content\/uploads\/2024\/07\/WhatsApp-Image-2024-07-09-at-14.51.53-3-scaled.jpeg","width":2560,"height":2560},{"@type":"BreadcrumbList","@id":"https:\/\/blackholediscos.com\/product\/perfume-azul-do-sol-nascimento\/#breadcrumb","itemListElement":[{"@type":"ListItem","position":1,"name":"In\u00edcio","item":"https:\/\/blackholediscos.com\/"},{"@type":"ListItem","position":2,"name":"Shop","item":"https:\/\/blackholediscos.com\/shop\/"},{"@type":"ListItem","position":3,"name":"Perfume Azul Do Sol \u200e\u2013 Nascimento"}]},{"@type":"WebSite","@id":"https:\/\/blackholediscos.com\/#website","url":"https:\/\/blackholediscos.com\/","name":"Black Hole Discos","description":"Brazilian music LPs","publisher":{"@id":"https:\/\/blackholediscos.com\/#organization"},"potentialAction":[{"@type":"SearchAction","target":{"@type":"EntryPoint","urlTemplate":"https:\/\/blackholediscos.com\/?s={search_term_string}"},"query-input":{"@type":"PropertyValueSpecification","valueRequired":true,"valueName":"search_term_string"}}],"inLanguage":"en-US"},{"@type":"Organization","@id":"https:\/\/blackholediscos.com\/#organization","name":"Black Hole Discos","url":"https:\/\/blackholediscos.com\/","logo":{"@type":"ImageObject","inLanguage":"en-US","@id":"https:\/\/blackholediscos.com\/#\/schema\/logo\/image\/","url":"https:\/\/blackholediscos.com\/wp-content\/uploads\/2024\/06\/black-hole-discos-vinis-logo.png","contentUrl":"https:\/\/blackholediscos.com\/wp-content\/uploads\/2024\/06\/black-hole-discos-vinis-logo.png","width":70,"height":66,"caption":"Black Hole Discos"},"image":{"@id":"https:\/\/blackholediscos.com\/#\/schema\/logo\/image\/"},"sameAs":["https:\/\/www.instagram.com\/blackholediscos\/"]}]}},"_links":{"self":[{"href":"https:\/\/blackholediscos.com\/en\/wp-json\/wp\/v2\/product\/4398","targetHints":{"allow":["GET"]}}],"collection":[{"href":"https:\/\/blackholediscos.com\/en\/wp-json\/wp\/v2\/product"}],"about":[{"href":"https:\/\/blackholediscos.com\/en\/wp-json\/wp\/v2\/types\/product"}],"replies":[{"embeddable":true,"href":"https:\/\/blackholediscos.com\/en\/wp-json\/wp\/v2\/comments?post=4398"}],"wp:featuredmedia":[{"embeddable":true,"href":"https:\/\/blackholediscos.com\/en\/wp-json\/wp\/v2\/media\/4377"}],"wp:attachment":[{"href":"https:\/\/blackholediscos.com\/en\/wp-json\/wp\/v2\/media?parent=4398"}],"wp:term":[{"taxonomy":"product_brand","embeddable":true,"href":"https:\/\/blackholediscos.com\/en\/wp-json\/wp\/v2\/product_brand?post=4398"},{"taxonomy":"product_cat","embeddable":true,"href":"https:\/\/blackholediscos.com\/en\/wp-json\/wp\/v2\/product_cat?post=4398"},{"taxonomy":"product_tag","embeddable":true,"href":"https:\/\/blackholediscos.com\/en\/wp-json\/wp\/v2\/product_tag?post=4398"},{"taxonomy":"artista","embeddable":true,"href":"https:\/\/blackholediscos.com\/en\/wp-json\/wp\/v2\/artista?post=4398"},{"taxonomy":"produtora","embeddable":true,"href":"https:\/\/blackholediscos.com\/en\/wp-json\/wp\/v2\/produtora?post=4398"},{"taxonomy":"ano","embeddable":true,"href":"https:\/\/blackholediscos.com\/en\/wp-json\/wp\/v2\/ano?post=4398"}],"curies":[{"name":"wp","href":"https:\/\/api.w.org\/{rel}","templated":true}]}}