{"id":4299,"date":"2024-07-08T19:14:27","date_gmt":"2024-07-08T19:14:27","guid":{"rendered":"https:\/\/blackholediscos.com\/?post_type=product&#038;p=4299"},"modified":"2024-12-10T19:19:11","modified_gmt":"2024-12-10T19:19:11","slug":"7-helio-matheus-eu-reu-me-condeno-feijao-com-farinha","status":"publish","type":"product","link":"https:\/\/blackholediscos.com\/en\/product\/7-helio-matheus-eu-reu-me-condeno-feijao-com-farinha\/","title":{"rendered":"7 Helio Matheus &#8211; Eu, R\u00e9u, Me Condeno \/ Feij\u00e3o com Farinha"},"content":{"rendered":"<p>7 Inch H\u00e9lio Matheus &#8211; Eu, R\u00e9u, Me Condeno \/Feij\u00e3o Com Farinha m\u00eddia EX sleeve EX RCA Generic.<\/p>\n<p>Helio Matheus, a renowned Brazilian singer and songwriter born on July 5, 1940 in Rio de Janeiro and deceased in Rio de Janeiro in 2017, made his mark on popular music. His musical career began in the nightclubs of Rio and Sao Paulo, where he gained recognition for his talent.<\/p>\n<p>Helio Matheus recorded his first single in 1968, initiating his discographic journey. One of his early acclaimed compositions was &#8220;Comunica\u00e7\u00e3o,&#8221; performed by Vanusa at the International Song Festival in 1969 and later re-recorded by Elis Regina in 1970. In 1975, he released his first LP titled &#8220;Matheus Segundo Matheus,&#8221; featuring arrangements by notable figures like Oberdan Magalh\u00e3es, Z\u00e9 Rodrix, and Chiquinho de Moraes, with the participation of the band Azymuth.<\/p>\n<p>Helio Matheus recorded over 150 songs, collaborating with renowned artists like Dominguinhos, Luis Wagner, and Gilliard. In 1973, with the tracks &#8220;Eu, R\u00e9u, Me Condeno&#8221; and &#8220;Feij\u00e3o Com Farinha,&#8221; he secured the second place at the Juiz de Fora festival, making both tracks a major success on dance floors and highly valued by DJs and collectors worldwide.<\/p>\n<p>Helio Matheus, um renomado cantor e compositor brasileiro nascido em 5 de julho de 1940 no Rio de Janeiro e falecido no Rio de Janeiro em 2017, deixou sua marca na m\u00fasica popular. Sua carreira musical teve in\u00edcio nas boates do Rio e S\u00e3o Paulo, onde conquistou reconhecimento pelo seu talento.<\/p>\n<p>Helio Matheus gravou seu primeiro compacto em 1968 iniciando sua jornada discogr\u00e1fica. Uma de suas primeiras composi\u00e7\u00f5es aclamadas foi &#8220;Comunica\u00e7\u00e3o&#8221;, interpretada por Vanusa no Festival Internacional da Can\u00e7\u00e3o de 1969 e posteriormente regravada por Elis Regina em 1970. Em 1975, lan\u00e7ou seu primeiro LP intitulado &#8220;Matheus Segundo Matheus&#8221;, com arranjos de grandes nomes como Oberdan Magalh\u00e3es, Z\u00e9 Rodrix e Chiquinho de Moraes, al\u00e9m da participa\u00e7\u00e3o da banda Azymuth.<\/p>\n<p>Helio Matheus gravou mais de 150 m\u00fasicas, colaborando com renomados artistas como Dominguinhos, Luis Wagner e Gilliard. Em 1973 com as faixas &#8220;Eu, R\u00e9u, Me Condeno&#8221; e &#8220;Feij\u00e3o Com Farinha&#8221;, conquistou o segundo lugar no festival de Juiz de Fora, tornando-se ambas as faixas um grande sucesso nas pistas de dan\u00e7a e altamente valorizado por DJs e colecionadores no mundo todo. <\/p>","protected":false},"excerpt":{"rendered":"<p>7 Inch H\u00e9lio Matheus &#8211; Eu, R\u00e9u, Me Condeno \/Feij\u00e3o Com Farinha m\u00eddia EX sleeve EX RCA Generic. Helio Matheus, a renowned Brazilian singer and songwriter born on July 5, 1940 in Rio de Janeiro and deceased in Rio de Janeiro in 2017, made his mark on popular music. His musical career began in the [&hellip;]<\/p>\n","protected":false},"featured_media":4292,"comment_status":"open","ping_status":"closed","template":"","meta":{"_acf_changed":false},"product_brand":[],"product_cat":[15],"product_tag":[],"artista":[906],"produtora":[62],"ano":[58],"class_list":{"0":"post-4299","1":"product","2":"type-product","3":"status-publish","4":"has-post-thumbnail","6":"product_cat-outros","7":"artista-helio-matheus","8":"produtora-rca","9":"ano-58","11":"first","12":"outofstock","13":"featured","14":"shipping-taxable","15":"product-type-simple"},"acf":[],"yoast_head":"<!-- This site is optimized with the Yoast SEO plugin v27.3 - https:\/\/yoast.com\/product\/yoast-seo-wordpress\/ -->\n<title>7 Helio Matheus - Eu, R\u00e9u, Me Condeno \/ Feij\u00e3o com Farinha - Black Hole Discos<\/title>\n<meta name=\"robots\" content=\"index, follow, max-snippet:-1, max-image-preview:large, max-video-preview:-1\" \/>\n<link rel=\"canonical\" href=\"https:\/\/blackholediscos.com\/en\/product\/7-helio-matheus-eu-reu-me-condeno-feijao-com-farinha\/\" \/>\n<meta property=\"og:locale\" content=\"en_US\" \/>\n<meta property=\"og:type\" content=\"article\" \/>\n<meta property=\"og:title\" content=\"7 Helio Matheus - Eu, R\u00e9u, Me Condeno \/ Feij\u00e3o com Farinha - Black Hole Discos\" \/>\n<meta property=\"og:description\" content=\"7 Inch H\u00e9lio Matheus &#8211; Eu, R\u00e9u, Me Condeno \/Feij\u00e3o Com Farinha m\u00eddia EX sleeve EX RCA Generic. Helio Matheus, a renowned Brazilian singer and songwriter born on July 5, 1940 in Rio de Janeiro and deceased in Rio de Janeiro in 2017, made his mark on popular music. His musical career began in the [&hellip;]\" \/>\n<meta property=\"og:url\" content=\"https:\/\/blackholediscos.com\/en\/product\/7-helio-matheus-eu-reu-me-condeno-feijao-com-farinha\/\" \/>\n<meta property=\"og:site_name\" content=\"Black Hole Discos\" \/>\n<meta property=\"article:publisher\" content=\"https:\/\/www.instagram.com\/blackholediscos\/\" \/>\n<meta property=\"article:modified_time\" content=\"2024-12-10T19:19:11+00:00\" \/>\n<meta property=\"og:image\" content=\"https:\/\/blackholediscos.com\/wp-content\/uploads\/2024\/07\/WhatsApp-Image-2024-07-08-at-13.56.55-scaled.jpeg\" \/>\n\t<meta property=\"og:image:width\" content=\"2560\" \/>\n\t<meta property=\"og:image:height\" content=\"2560\" \/>\n\t<meta property=\"og:image:type\" content=\"image\/jpeg\" \/>\n<meta name=\"twitter:card\" content=\"summary_large_image\" \/>\n<meta name=\"twitter:label1\" content=\"Est. reading time\" \/>\n\t<meta name=\"twitter:data1\" content=\"3 minutes\" \/>\n<script type=\"application\/ld+json\" class=\"yoast-schema-graph\">{\"@context\":\"https:\\\/\\\/schema.org\",\"@graph\":[{\"@type\":\"WebPage\",\"@id\":\"https:\\\/\\\/blackholediscos.com\\\/product\\\/7-helio-matheus-eu-reu-me-condeno-feijao-com-farinha\\\/\",\"url\":\"https:\\\/\\\/blackholediscos.com\\\/product\\\/7-helio-matheus-eu-reu-me-condeno-feijao-com-farinha\\\/\",\"name\":\"7 Helio Matheus - Eu, R\u00e9u, Me Condeno \\\/ Feij\u00e3o com Farinha - Black Hole Discos\",\"isPartOf\":{\"@id\":\"https:\\\/\\\/blackholediscos.com\\\/#website\"},\"primaryImageOfPage\":{\"@id\":\"https:\\\/\\\/blackholediscos.com\\\/product\\\/7-helio-matheus-eu-reu-me-condeno-feijao-com-farinha\\\/#primaryimage\"},\"image\":{\"@id\":\"https:\\\/\\\/blackholediscos.com\\\/product\\\/7-helio-matheus-eu-reu-me-condeno-feijao-com-farinha\\\/#primaryimage\"},\"thumbnailUrl\":\"https:\\\/\\\/blackholediscos.com\\\/wp-content\\\/uploads\\\/2024\\\/07\\\/WhatsApp-Image-2024-07-08-at-13.56.55-scaled.jpeg\",\"datePublished\":\"2024-07-08T19:14:27+00:00\",\"dateModified\":\"2024-12-10T19:19:11+00:00\",\"breadcrumb\":{\"@id\":\"https:\\\/\\\/blackholediscos.com\\\/product\\\/7-helio-matheus-eu-reu-me-condeno-feijao-com-farinha\\\/#breadcrumb\"},\"inLanguage\":\"en-US\",\"potentialAction\":[{\"@type\":\"ReadAction\",\"target\":[\"https:\\\/\\\/blackholediscos.com\\\/product\\\/7-helio-matheus-eu-reu-me-condeno-feijao-com-farinha\\\/\"]}]},{\"@type\":\"ImageObject\",\"inLanguage\":\"en-US\",\"@id\":\"https:\\\/\\\/blackholediscos.com\\\/product\\\/7-helio-matheus-eu-reu-me-condeno-feijao-com-farinha\\\/#primaryimage\",\"url\":\"https:\\\/\\\/blackholediscos.com\\\/wp-content\\\/uploads\\\/2024\\\/07\\\/WhatsApp-Image-2024-07-08-at-13.56.55-scaled.jpeg\",\"contentUrl\":\"https:\\\/\\\/blackholediscos.com\\\/wp-content\\\/uploads\\\/2024\\\/07\\\/WhatsApp-Image-2024-07-08-at-13.56.55-scaled.jpeg\",\"width\":2560,\"height\":2560},{\"@type\":\"BreadcrumbList\",\"@id\":\"https:\\\/\\\/blackholediscos.com\\\/product\\\/7-helio-matheus-eu-reu-me-condeno-feijao-com-farinha\\\/#breadcrumb\",\"itemListElement\":[{\"@type\":\"ListItem\",\"position\":1,\"name\":\"In\u00edcio\",\"item\":\"https:\\\/\\\/blackholediscos.com\\\/\"},{\"@type\":\"ListItem\",\"position\":2,\"name\":\"Shop\",\"item\":\"https:\\\/\\\/blackholediscos.com\\\/shop\\\/\"},{\"@type\":\"ListItem\",\"position\":3,\"name\":\"7 Helio Matheus &#8211; Eu, R\u00e9u, Me Condeno \\\/ Feij\u00e3o com Farinha\"}]},{\"@type\":\"WebSite\",\"@id\":\"https:\\\/\\\/blackholediscos.com\\\/#website\",\"url\":\"https:\\\/\\\/blackholediscos.com\\\/\",\"name\":\"Black Hole Discos\",\"description\":\"Brazilian music LPs\",\"publisher\":{\"@id\":\"https:\\\/\\\/blackholediscos.com\\\/#organization\"},\"potentialAction\":[{\"@type\":\"SearchAction\",\"target\":{\"@type\":\"EntryPoint\",\"urlTemplate\":\"https:\\\/\\\/blackholediscos.com\\\/?s={search_term_string}\"},\"query-input\":{\"@type\":\"PropertyValueSpecification\",\"valueRequired\":true,\"valueName\":\"search_term_string\"}}],\"inLanguage\":\"en-US\"},{\"@type\":\"Organization\",\"@id\":\"https:\\\/\\\/blackholediscos.com\\\/#organization\",\"name\":\"Black Hole Discos\",\"url\":\"https:\\\/\\\/blackholediscos.com\\\/\",\"logo\":{\"@type\":\"ImageObject\",\"inLanguage\":\"en-US\",\"@id\":\"https:\\\/\\\/blackholediscos.com\\\/#\\\/schema\\\/logo\\\/image\\\/\",\"url\":\"https:\\\/\\\/blackholediscos.com\\\/wp-content\\\/uploads\\\/2024\\\/06\\\/black-hole-discos-vinis-logo.png\",\"contentUrl\":\"https:\\\/\\\/blackholediscos.com\\\/wp-content\\\/uploads\\\/2024\\\/06\\\/black-hole-discos-vinis-logo.png\",\"width\":70,\"height\":66,\"caption\":\"Black Hole Discos\"},\"image\":{\"@id\":\"https:\\\/\\\/blackholediscos.com\\\/#\\\/schema\\\/logo\\\/image\\\/\"},\"sameAs\":[\"https:\\\/\\\/www.instagram.com\\\/blackholediscos\\\/\"]}]}<\/script>\n<!-- \/ Yoast SEO plugin. -->","yoast_head_json":{"title":"7 Helio Matheus - Eu, R\u00e9u, Me Condeno \/ Feij\u00e3o com Farinha - Black Hole Discos","robots":{"index":"index","follow":"follow","max-snippet":"max-snippet:-1","max-image-preview":"max-image-preview:large","max-video-preview":"max-video-preview:-1"},"canonical":"https:\/\/blackholediscos.com\/en\/product\/7-helio-matheus-eu-reu-me-condeno-feijao-com-farinha\/","og_locale":"en_US","og_type":"article","og_title":"7 Helio Matheus - Eu, R\u00e9u, Me Condeno \/ Feij\u00e3o com Farinha - Black Hole Discos","og_description":"7 Inch H\u00e9lio Matheus &#8211; Eu, R\u00e9u, Me Condeno \/Feij\u00e3o Com Farinha m\u00eddia EX sleeve EX RCA Generic. Helio Matheus, a renowned Brazilian singer and songwriter born on July 5, 1940 in Rio de Janeiro and deceased in Rio de Janeiro in 2017, made his mark on popular music. His musical career began in the [&hellip;]","og_url":"https:\/\/blackholediscos.com\/en\/product\/7-helio-matheus-eu-reu-me-condeno-feijao-com-farinha\/","og_site_name":"Black Hole Discos","article_publisher":"https:\/\/www.instagram.com\/blackholediscos\/","article_modified_time":"2024-12-10T19:19:11+00:00","og_image":[{"width":2560,"height":2560,"url":"https:\/\/blackholediscos.com\/wp-content\/uploads\/2024\/07\/WhatsApp-Image-2024-07-08-at-13.56.55-scaled.jpeg","type":"image\/jpeg"}],"twitter_card":"summary_large_image","twitter_misc":{"Est. reading time":"3 minutes"},"schema":{"@context":"https:\/\/schema.org","@graph":[{"@type":"WebPage","@id":"https:\/\/blackholediscos.com\/product\/7-helio-matheus-eu-reu-me-condeno-feijao-com-farinha\/","url":"https:\/\/blackholediscos.com\/product\/7-helio-matheus-eu-reu-me-condeno-feijao-com-farinha\/","name":"7 Helio Matheus - Eu, R\u00e9u, Me Condeno \/ Feij\u00e3o com Farinha - Black Hole Discos","isPartOf":{"@id":"https:\/\/blackholediscos.com\/#website"},"primaryImageOfPage":{"@id":"https:\/\/blackholediscos.com\/product\/7-helio-matheus-eu-reu-me-condeno-feijao-com-farinha\/#primaryimage"},"image":{"@id":"https:\/\/blackholediscos.com\/product\/7-helio-matheus-eu-reu-me-condeno-feijao-com-farinha\/#primaryimage"},"thumbnailUrl":"https:\/\/blackholediscos.com\/wp-content\/uploads\/2024\/07\/WhatsApp-Image-2024-07-08-at-13.56.55-scaled.jpeg","datePublished":"2024-07-08T19:14:27+00:00","dateModified":"2024-12-10T19:19:11+00:00","breadcrumb":{"@id":"https:\/\/blackholediscos.com\/product\/7-helio-matheus-eu-reu-me-condeno-feijao-com-farinha\/#breadcrumb"},"inLanguage":"en-US","potentialAction":[{"@type":"ReadAction","target":["https:\/\/blackholediscos.com\/product\/7-helio-matheus-eu-reu-me-condeno-feijao-com-farinha\/"]}]},{"@type":"ImageObject","inLanguage":"en-US","@id":"https:\/\/blackholediscos.com\/product\/7-helio-matheus-eu-reu-me-condeno-feijao-com-farinha\/#primaryimage","url":"https:\/\/blackholediscos.com\/wp-content\/uploads\/2024\/07\/WhatsApp-Image-2024-07-08-at-13.56.55-scaled.jpeg","contentUrl":"https:\/\/blackholediscos.com\/wp-content\/uploads\/2024\/07\/WhatsApp-Image-2024-07-08-at-13.56.55-scaled.jpeg","width":2560,"height":2560},{"@type":"BreadcrumbList","@id":"https:\/\/blackholediscos.com\/product\/7-helio-matheus-eu-reu-me-condeno-feijao-com-farinha\/#breadcrumb","itemListElement":[{"@type":"ListItem","position":1,"name":"In\u00edcio","item":"https:\/\/blackholediscos.com\/"},{"@type":"ListItem","position":2,"name":"Shop","item":"https:\/\/blackholediscos.com\/shop\/"},{"@type":"ListItem","position":3,"name":"7 Helio Matheus &#8211; Eu, R\u00e9u, Me Condeno \/ Feij\u00e3o com Farinha"}]},{"@type":"WebSite","@id":"https:\/\/blackholediscos.com\/#website","url":"https:\/\/blackholediscos.com\/","name":"Black Hole Discos","description":"Brazilian music LPs","publisher":{"@id":"https:\/\/blackholediscos.com\/#organization"},"potentialAction":[{"@type":"SearchAction","target":{"@type":"EntryPoint","urlTemplate":"https:\/\/blackholediscos.com\/?s={search_term_string}"},"query-input":{"@type":"PropertyValueSpecification","valueRequired":true,"valueName":"search_term_string"}}],"inLanguage":"en-US"},{"@type":"Organization","@id":"https:\/\/blackholediscos.com\/#organization","name":"Black Hole Discos","url":"https:\/\/blackholediscos.com\/","logo":{"@type":"ImageObject","inLanguage":"en-US","@id":"https:\/\/blackholediscos.com\/#\/schema\/logo\/image\/","url":"https:\/\/blackholediscos.com\/wp-content\/uploads\/2024\/06\/black-hole-discos-vinis-logo.png","contentUrl":"https:\/\/blackholediscos.com\/wp-content\/uploads\/2024\/06\/black-hole-discos-vinis-logo.png","width":70,"height":66,"caption":"Black Hole Discos"},"image":{"@id":"https:\/\/blackholediscos.com\/#\/schema\/logo\/image\/"},"sameAs":["https:\/\/www.instagram.com\/blackholediscos\/"]}]}},"_links":{"self":[{"href":"https:\/\/blackholediscos.com\/en\/wp-json\/wp\/v2\/product\/4299","targetHints":{"allow":["GET"]}}],"collection":[{"href":"https:\/\/blackholediscos.com\/en\/wp-json\/wp\/v2\/product"}],"about":[{"href":"https:\/\/blackholediscos.com\/en\/wp-json\/wp\/v2\/types\/product"}],"replies":[{"embeddable":true,"href":"https:\/\/blackholediscos.com\/en\/wp-json\/wp\/v2\/comments?post=4299"}],"wp:featuredmedia":[{"embeddable":true,"href":"https:\/\/blackholediscos.com\/en\/wp-json\/wp\/v2\/media\/4292"}],"wp:attachment":[{"href":"https:\/\/blackholediscos.com\/en\/wp-json\/wp\/v2\/media?parent=4299"}],"wp:term":[{"taxonomy":"product_brand","embeddable":true,"href":"https:\/\/blackholediscos.com\/en\/wp-json\/wp\/v2\/product_brand?post=4299"},{"taxonomy":"product_cat","embeddable":true,"href":"https:\/\/blackholediscos.com\/en\/wp-json\/wp\/v2\/product_cat?post=4299"},{"taxonomy":"product_tag","embeddable":true,"href":"https:\/\/blackholediscos.com\/en\/wp-json\/wp\/v2\/product_tag?post=4299"},{"taxonomy":"artista","embeddable":true,"href":"https:\/\/blackholediscos.com\/en\/wp-json\/wp\/v2\/artista?post=4299"},{"taxonomy":"produtora","embeddable":true,"href":"https:\/\/blackholediscos.com\/en\/wp-json\/wp\/v2\/produtora?post=4299"},{"taxonomy":"ano","embeddable":true,"href":"https:\/\/blackholediscos.com\/en\/wp-json\/wp\/v2\/ano?post=4299"}],"curies":[{"name":"wp","href":"https:\/\/api.w.org\/{rel}","templated":true}]}}