{"id":4249,"date":"2024-07-08T17:07:59","date_gmt":"2024-07-08T17:07:59","guid":{"rendered":"https:\/\/blackholediscos.com\/?post_type=product&#038;p=4249"},"modified":"2025-08-05T12:54:48","modified_gmt":"2025-08-05T12:54:48","slug":"black-sabbath-master-of-reality","status":"publish","type":"product","link":"https:\/\/blackholediscos.com\/en\/product\/black-sabbath-master-of-reality\/","title":{"rendered":"Black Sabbath \u2013 Master Of Reality"},"content":{"rendered":"<p>LP importado USA, capa texturizada e poster exclusivo dessa edi\u00e7\u00e3o. M\u00eddia e capa em perfeitas condi\u00e7\u00f5es <\/p>\n<p>Vinyl, LP, Album, Reissue, Stereo, 180 Gram \tRhino Vinyl \u2013 R1 2562<\/p>\n<p>A1\t\tSweet Leaf<br \/>\nA2\t\tAfter Forever (Including The Elegy)<br \/>\nA3\t\tEmbryo<br \/>\nA4\t\tChildren Of The Grave<br \/>\nB1\t\tOrchid<br \/>\nB2\t\tLord Of This World<br \/>\nB3\t\tSolitude<br \/>\nB4\t\tInto The Void<\/p>","protected":false},"excerpt":{"rendered":"<p>LP importado USA, capa texturizada e poster exclusivo dessa edi\u00e7\u00e3o. M\u00eddia e capa em perfeitas condi\u00e7\u00f5es Vinyl, LP, Album, Reissue, Stereo, 180 Gram Rhino Vinyl \u2013 R1 2562 A1 Sweet Leaf A2 After Forever (Including The Elegy) A3 Embryo A4 Children Of The Grave B1 Orchid B2 Lord Of This World B3 Solitude B4 Into [&hellip;]<\/p>\n","protected":false},"featured_media":4236,"comment_status":"open","ping_status":"closed","template":"","meta":{"_acf_changed":false},"product_brand":[],"product_cat":[509,873,170],"product_tag":[],"artista":[889],"produtora":[890],"ano":[179],"class_list":{"0":"post-4249","1":"product","2":"type-product","3":"status-publish","4":"has-post-thumbnail","6":"product_cat-prog-rock","7":"product_cat-reedicao","8":"product_cat-rock-internacional","9":"artista-black-sabbath","10":"produtora-rhino-vinyl","11":"ano-179","13":"first","14":"instock","15":"shipping-taxable","16":"purchasable","17":"product-type-simple"},"acf":[],"yoast_head":"<!-- This site is optimized with the Yoast SEO plugin v27.3 - https:\/\/yoast.com\/product\/yoast-seo-wordpress\/ -->\n<title>Black Sabbath \u2013 Master Of Reality - Black Hole Discos<\/title>\n<meta name=\"robots\" content=\"index, follow, max-snippet:-1, max-image-preview:large, max-video-preview:-1\" \/>\n<link rel=\"canonical\" href=\"https:\/\/blackholediscos.com\/en\/product\/black-sabbath-master-of-reality\/\" \/>\n<meta property=\"og:locale\" content=\"en_US\" \/>\n<meta property=\"og:type\" content=\"article\" \/>\n<meta property=\"og:title\" content=\"Black Sabbath \u2013 Master Of Reality - Black Hole Discos\" \/>\n<meta property=\"og:description\" content=\"LP importado USA, capa texturizada e poster exclusivo dessa edi\u00e7\u00e3o. M\u00eddia e capa em perfeitas condi\u00e7\u00f5es Vinyl, LP, Album, Reissue, Stereo, 180 Gram Rhino Vinyl \u2013 R1 2562 A1 Sweet Leaf A2 After Forever (Including The Elegy) A3 Embryo A4 Children Of The Grave B1 Orchid B2 Lord Of This World B3 Solitude B4 Into [&hellip;]\" \/>\n<meta property=\"og:url\" content=\"https:\/\/blackholediscos.com\/en\/product\/black-sabbath-master-of-reality\/\" \/>\n<meta property=\"og:site_name\" content=\"Black Hole Discos\" \/>\n<meta property=\"article:publisher\" content=\"https:\/\/www.instagram.com\/blackholediscos\/\" \/>\n<meta property=\"article:modified_time\" content=\"2025-08-05T12:54:48+00:00\" \/>\n<meta property=\"og:image\" content=\"https:\/\/blackholediscos.com\/wp-content\/uploads\/2024\/07\/WhatsApp-Image-2024-07-08-at-10.32.06-scaled.jpeg\" \/>\n\t<meta property=\"og:image:width\" content=\"2560\" \/>\n\t<meta property=\"og:image:height\" content=\"2560\" \/>\n\t<meta property=\"og:image:type\" content=\"image\/jpeg\" \/>\n<meta name=\"twitter:card\" content=\"summary_large_image\" \/>\n<meta name=\"twitter:label1\" content=\"Est. reading time\" \/>\n\t<meta name=\"twitter:data1\" content=\"1 minute\" \/>\n<script type=\"application\/ld+json\" class=\"yoast-schema-graph\">{\"@context\":\"https:\\\/\\\/schema.org\",\"@graph\":[{\"@type\":\"WebPage\",\"@id\":\"https:\\\/\\\/blackholediscos.com\\\/product\\\/black-sabbath-master-of-reality\\\/\",\"url\":\"https:\\\/\\\/blackholediscos.com\\\/product\\\/black-sabbath-master-of-reality\\\/\",\"name\":\"Black Sabbath \u2013 Master Of Reality - Black Hole Discos\",\"isPartOf\":{\"@id\":\"https:\\\/\\\/blackholediscos.com\\\/#website\"},\"primaryImageOfPage\":{\"@id\":\"https:\\\/\\\/blackholediscos.com\\\/product\\\/black-sabbath-master-of-reality\\\/#primaryimage\"},\"image\":{\"@id\":\"https:\\\/\\\/blackholediscos.com\\\/product\\\/black-sabbath-master-of-reality\\\/#primaryimage\"},\"thumbnailUrl\":\"https:\\\/\\\/blackholediscos.com\\\/wp-content\\\/uploads\\\/2024\\\/07\\\/WhatsApp-Image-2024-07-08-at-10.32.06-scaled.jpeg\",\"datePublished\":\"2024-07-08T17:07:59+00:00\",\"dateModified\":\"2025-08-05T12:54:48+00:00\",\"breadcrumb\":{\"@id\":\"https:\\\/\\\/blackholediscos.com\\\/product\\\/black-sabbath-master-of-reality\\\/#breadcrumb\"},\"inLanguage\":\"en-US\",\"potentialAction\":[{\"@type\":\"ReadAction\",\"target\":[\"https:\\\/\\\/blackholediscos.com\\\/product\\\/black-sabbath-master-of-reality\\\/\"]}]},{\"@type\":\"ImageObject\",\"inLanguage\":\"en-US\",\"@id\":\"https:\\\/\\\/blackholediscos.com\\\/product\\\/black-sabbath-master-of-reality\\\/#primaryimage\",\"url\":\"https:\\\/\\\/blackholediscos.com\\\/wp-content\\\/uploads\\\/2024\\\/07\\\/WhatsApp-Image-2024-07-08-at-10.32.06-scaled.jpeg\",\"contentUrl\":\"https:\\\/\\\/blackholediscos.com\\\/wp-content\\\/uploads\\\/2024\\\/07\\\/WhatsApp-Image-2024-07-08-at-10.32.06-scaled.jpeg\",\"width\":2560,\"height\":2560},{\"@type\":\"BreadcrumbList\",\"@id\":\"https:\\\/\\\/blackholediscos.com\\\/product\\\/black-sabbath-master-of-reality\\\/#breadcrumb\",\"itemListElement\":[{\"@type\":\"ListItem\",\"position\":1,\"name\":\"In\u00edcio\",\"item\":\"https:\\\/\\\/blackholediscos.com\\\/\"},{\"@type\":\"ListItem\",\"position\":2,\"name\":\"Shop\",\"item\":\"https:\\\/\\\/blackholediscos.com\\\/shop\\\/\"},{\"@type\":\"ListItem\",\"position\":3,\"name\":\"Black Sabbath \u2013 Master Of Reality\"}]},{\"@type\":\"WebSite\",\"@id\":\"https:\\\/\\\/blackholediscos.com\\\/#website\",\"url\":\"https:\\\/\\\/blackholediscos.com\\\/\",\"name\":\"Black Hole Discos\",\"description\":\"Brazilian music LPs\",\"publisher\":{\"@id\":\"https:\\\/\\\/blackholediscos.com\\\/#organization\"},\"potentialAction\":[{\"@type\":\"SearchAction\",\"target\":{\"@type\":\"EntryPoint\",\"urlTemplate\":\"https:\\\/\\\/blackholediscos.com\\\/?s={search_term_string}\"},\"query-input\":{\"@type\":\"PropertyValueSpecification\",\"valueRequired\":true,\"valueName\":\"search_term_string\"}}],\"inLanguage\":\"en-US\"},{\"@type\":\"Organization\",\"@id\":\"https:\\\/\\\/blackholediscos.com\\\/#organization\",\"name\":\"Black Hole Discos\",\"url\":\"https:\\\/\\\/blackholediscos.com\\\/\",\"logo\":{\"@type\":\"ImageObject\",\"inLanguage\":\"en-US\",\"@id\":\"https:\\\/\\\/blackholediscos.com\\\/#\\\/schema\\\/logo\\\/image\\\/\",\"url\":\"https:\\\/\\\/blackholediscos.com\\\/wp-content\\\/uploads\\\/2024\\\/06\\\/black-hole-discos-vinis-logo.png\",\"contentUrl\":\"https:\\\/\\\/blackholediscos.com\\\/wp-content\\\/uploads\\\/2024\\\/06\\\/black-hole-discos-vinis-logo.png\",\"width\":70,\"height\":66,\"caption\":\"Black Hole Discos\"},\"image\":{\"@id\":\"https:\\\/\\\/blackholediscos.com\\\/#\\\/schema\\\/logo\\\/image\\\/\"},\"sameAs\":[\"https:\\\/\\\/www.instagram.com\\\/blackholediscos\\\/\"]}]}<\/script>\n<!-- \/ Yoast SEO plugin. -->","yoast_head_json":{"title":"Black Sabbath \u2013 Master Of Reality - Black Hole Discos","robots":{"index":"index","follow":"follow","max-snippet":"max-snippet:-1","max-image-preview":"max-image-preview:large","max-video-preview":"max-video-preview:-1"},"canonical":"https:\/\/blackholediscos.com\/en\/product\/black-sabbath-master-of-reality\/","og_locale":"en_US","og_type":"article","og_title":"Black Sabbath \u2013 Master Of Reality - Black Hole Discos","og_description":"LP importado USA, capa texturizada e poster exclusivo dessa edi\u00e7\u00e3o. M\u00eddia e capa em perfeitas condi\u00e7\u00f5es Vinyl, LP, Album, Reissue, Stereo, 180 Gram Rhino Vinyl \u2013 R1 2562 A1 Sweet Leaf A2 After Forever (Including The Elegy) A3 Embryo A4 Children Of The Grave B1 Orchid B2 Lord Of This World B3 Solitude B4 Into [&hellip;]","og_url":"https:\/\/blackholediscos.com\/en\/product\/black-sabbath-master-of-reality\/","og_site_name":"Black Hole Discos","article_publisher":"https:\/\/www.instagram.com\/blackholediscos\/","article_modified_time":"2025-08-05T12:54:48+00:00","og_image":[{"width":2560,"height":2560,"url":"https:\/\/blackholediscos.com\/wp-content\/uploads\/2024\/07\/WhatsApp-Image-2024-07-08-at-10.32.06-scaled.jpeg","type":"image\/jpeg"}],"twitter_card":"summary_large_image","twitter_misc":{"Est. reading time":"1 minute"},"schema":{"@context":"https:\/\/schema.org","@graph":[{"@type":"WebPage","@id":"https:\/\/blackholediscos.com\/product\/black-sabbath-master-of-reality\/","url":"https:\/\/blackholediscos.com\/product\/black-sabbath-master-of-reality\/","name":"Black Sabbath \u2013 Master Of Reality - Black Hole Discos","isPartOf":{"@id":"https:\/\/blackholediscos.com\/#website"},"primaryImageOfPage":{"@id":"https:\/\/blackholediscos.com\/product\/black-sabbath-master-of-reality\/#primaryimage"},"image":{"@id":"https:\/\/blackholediscos.com\/product\/black-sabbath-master-of-reality\/#primaryimage"},"thumbnailUrl":"https:\/\/blackholediscos.com\/wp-content\/uploads\/2024\/07\/WhatsApp-Image-2024-07-08-at-10.32.06-scaled.jpeg","datePublished":"2024-07-08T17:07:59+00:00","dateModified":"2025-08-05T12:54:48+00:00","breadcrumb":{"@id":"https:\/\/blackholediscos.com\/product\/black-sabbath-master-of-reality\/#breadcrumb"},"inLanguage":"en-US","potentialAction":[{"@type":"ReadAction","target":["https:\/\/blackholediscos.com\/product\/black-sabbath-master-of-reality\/"]}]},{"@type":"ImageObject","inLanguage":"en-US","@id":"https:\/\/blackholediscos.com\/product\/black-sabbath-master-of-reality\/#primaryimage","url":"https:\/\/blackholediscos.com\/wp-content\/uploads\/2024\/07\/WhatsApp-Image-2024-07-08-at-10.32.06-scaled.jpeg","contentUrl":"https:\/\/blackholediscos.com\/wp-content\/uploads\/2024\/07\/WhatsApp-Image-2024-07-08-at-10.32.06-scaled.jpeg","width":2560,"height":2560},{"@type":"BreadcrumbList","@id":"https:\/\/blackholediscos.com\/product\/black-sabbath-master-of-reality\/#breadcrumb","itemListElement":[{"@type":"ListItem","position":1,"name":"In\u00edcio","item":"https:\/\/blackholediscos.com\/"},{"@type":"ListItem","position":2,"name":"Shop","item":"https:\/\/blackholediscos.com\/shop\/"},{"@type":"ListItem","position":3,"name":"Black Sabbath \u2013 Master Of Reality"}]},{"@type":"WebSite","@id":"https:\/\/blackholediscos.com\/#website","url":"https:\/\/blackholediscos.com\/","name":"Black Hole Discos","description":"Brazilian music LPs","publisher":{"@id":"https:\/\/blackholediscos.com\/#organization"},"potentialAction":[{"@type":"SearchAction","target":{"@type":"EntryPoint","urlTemplate":"https:\/\/blackholediscos.com\/?s={search_term_string}"},"query-input":{"@type":"PropertyValueSpecification","valueRequired":true,"valueName":"search_term_string"}}],"inLanguage":"en-US"},{"@type":"Organization","@id":"https:\/\/blackholediscos.com\/#organization","name":"Black Hole Discos","url":"https:\/\/blackholediscos.com\/","logo":{"@type":"ImageObject","inLanguage":"en-US","@id":"https:\/\/blackholediscos.com\/#\/schema\/logo\/image\/","url":"https:\/\/blackholediscos.com\/wp-content\/uploads\/2024\/06\/black-hole-discos-vinis-logo.png","contentUrl":"https:\/\/blackholediscos.com\/wp-content\/uploads\/2024\/06\/black-hole-discos-vinis-logo.png","width":70,"height":66,"caption":"Black Hole Discos"},"image":{"@id":"https:\/\/blackholediscos.com\/#\/schema\/logo\/image\/"},"sameAs":["https:\/\/www.instagram.com\/blackholediscos\/"]}]}},"_links":{"self":[{"href":"https:\/\/blackholediscos.com\/en\/wp-json\/wp\/v2\/product\/4249","targetHints":{"allow":["GET"]}}],"collection":[{"href":"https:\/\/blackholediscos.com\/en\/wp-json\/wp\/v2\/product"}],"about":[{"href":"https:\/\/blackholediscos.com\/en\/wp-json\/wp\/v2\/types\/product"}],"replies":[{"embeddable":true,"href":"https:\/\/blackholediscos.com\/en\/wp-json\/wp\/v2\/comments?post=4249"}],"wp:featuredmedia":[{"embeddable":true,"href":"https:\/\/blackholediscos.com\/en\/wp-json\/wp\/v2\/media\/4236"}],"wp:attachment":[{"href":"https:\/\/blackholediscos.com\/en\/wp-json\/wp\/v2\/media?parent=4249"}],"wp:term":[{"taxonomy":"product_brand","embeddable":true,"href":"https:\/\/blackholediscos.com\/en\/wp-json\/wp\/v2\/product_brand?post=4249"},{"taxonomy":"product_cat","embeddable":true,"href":"https:\/\/blackholediscos.com\/en\/wp-json\/wp\/v2\/product_cat?post=4249"},{"taxonomy":"product_tag","embeddable":true,"href":"https:\/\/blackholediscos.com\/en\/wp-json\/wp\/v2\/product_tag?post=4249"},{"taxonomy":"artista","embeddable":true,"href":"https:\/\/blackholediscos.com\/en\/wp-json\/wp\/v2\/artista?post=4249"},{"taxonomy":"produtora","embeddable":true,"href":"https:\/\/blackholediscos.com\/en\/wp-json\/wp\/v2\/produtora?post=4249"},{"taxonomy":"ano","embeddable":true,"href":"https:\/\/blackholediscos.com\/en\/wp-json\/wp\/v2\/ano?post=4249"}],"curies":[{"name":"wp","href":"https:\/\/api.w.org\/{rel}","templated":true}]}}