{"id":4223,"date":"2024-07-08T14:18:32","date_gmt":"2024-07-08T14:18:32","guid":{"rendered":"https:\/\/blackholediscos.com\/?post_type=product&#038;p=4223"},"modified":"2025-12-16T19:46:26","modified_gmt":"2025-12-16T19:46:26","slug":"the-gentlemen-the-gentlemen","status":"publish","type":"product","link":"https:\/\/blackholediscos.com\/en\/product\/the-gentlemen-the-gentlemen\/","title":{"rendered":"The Gentlemen \u2013 The Gentlemen"},"content":{"rendered":"<p>LP Importado (UK) em perfeitas condi\u00e7\u00f5es de m\u00eddia e capa.<\/p>\n<p>Mr Bongo \u2013 MRBLP094<\/p>\n<p>A1 Sorriso Selvagem<br \/>\nA2 N\u00e3o Sei Quem Sou<br \/>\nA3 Vestido Branco<br \/>\nA4 Meu Mundo<br \/>\nA5 Lonely Blue Boy<br \/>\nA6 Uma Voz, Outra Voz<br \/>\nB1 Vazio<br \/>\nB2 Agora Estou Livre<br \/>\nB3 Isso \u00c9 Amor<br \/>\nB4 Eu Juro<br \/>\nB5 O Embarque<br \/>\nB6 Post-Scriptum<\/p>\n<p>Re-release of 1972 album on Rozenblit label.<\/p>\n<p>The LP features fully reproduced original art, featuring beautiful drawings by Jomar Gama pressed on 180gm vinyl with original label art.<\/p>","protected":false},"excerpt":{"rendered":"<p>LP Importado (UK) em perfeitas condi\u00e7\u00f5es de m\u00eddia e capa. Mr Bongo \u2013 MRBLP094 A1 Sorriso Selvagem A2 N\u00e3o Sei Quem Sou A3 Vestido Branco A4 Meu Mundo A5 Lonely Blue Boy A6 Uma Voz, Outra Voz B1 Vazio B2 Agora Estou Livre B3 Isso \u00c9 Amor B4 Eu Juro B5 O Embarque B6 Post-Scriptum [&hellip;]<\/p>\n","protected":false},"featured_media":4204,"comment_status":"open","ping_status":"closed","template":"","meta":{"_acf_changed":false},"product_brand":[],"product_cat":[34,502,48,873,35,173,882],"product_tag":[],"artista":[884],"produtora":[640],"ano":[227],"class_list":{"0":"post-4223","1":"product","2":"type-product","3":"status-publish","4":"has-post-thumbnail","6":"product_cat-funk","7":"product_cat-garage-rock","8":"product_cat-psicodelia","9":"product_cat-reedicao","10":"product_cat-rock","11":"product_cat-rock-alternativo","12":"product_cat-udigrudi","13":"artista-the-gentlemen","14":"produtora-mr-bongo","15":"ano-227","17":"first","18":"outofstock","19":"shipping-taxable","20":"purchasable","21":"product-type-simple"},"acf":[],"yoast_head":"<!-- This site is optimized with the Yoast SEO plugin v27.4 - https:\/\/yoast.com\/product\/yoast-seo-wordpress\/ -->\n<title>The Gentlemen \u2013 The Gentlemen - Black Hole Discos<\/title>\n<meta name=\"robots\" content=\"index, follow, max-snippet:-1, max-image-preview:large, max-video-preview:-1\" \/>\n<link rel=\"canonical\" href=\"https:\/\/blackholediscos.com\/en\/product\/the-gentlemen-the-gentlemen\/\" \/>\n<meta property=\"og:locale\" content=\"en_US\" \/>\n<meta property=\"og:type\" content=\"article\" \/>\n<meta property=\"og:title\" content=\"The Gentlemen \u2013 The Gentlemen - Black Hole Discos\" \/>\n<meta property=\"og:description\" content=\"LP Importado (UK) em perfeitas condi\u00e7\u00f5es de m\u00eddia e capa. Mr Bongo \u2013 MRBLP094 A1 Sorriso Selvagem A2 N\u00e3o Sei Quem Sou A3 Vestido Branco A4 Meu Mundo A5 Lonely Blue Boy A6 Uma Voz, Outra Voz B1 Vazio B2 Agora Estou Livre B3 Isso \u00c9 Amor B4 Eu Juro B5 O Embarque B6 Post-Scriptum [&hellip;]\" \/>\n<meta property=\"og:url\" content=\"https:\/\/blackholediscos.com\/en\/product\/the-gentlemen-the-gentlemen\/\" \/>\n<meta property=\"og:site_name\" content=\"Black Hole Discos\" \/>\n<meta property=\"article:publisher\" content=\"https:\/\/www.instagram.com\/blackholediscos\/\" \/>\n<meta property=\"article:modified_time\" content=\"2025-12-16T19:46:26+00:00\" \/>\n<meta property=\"og:image\" content=\"https:\/\/blackholediscos.com\/wp-content\/uploads\/2024\/07\/WhatsApp-Image-2024-07-08-at-10.07.51-scaled.jpeg\" \/>\n\t<meta property=\"og:image:width\" content=\"2560\" \/>\n\t<meta property=\"og:image:height\" content=\"2560\" \/>\n\t<meta property=\"og:image:type\" content=\"image\/jpeg\" \/>\n<meta name=\"twitter:card\" content=\"summary_large_image\" \/>\n<meta name=\"twitter:label1\" content=\"Est. reading time\" \/>\n\t<meta name=\"twitter:data1\" content=\"1 minute\" \/>\n<script type=\"application\/ld+json\" class=\"yoast-schema-graph\">{\"@context\":\"https:\\\/\\\/schema.org\",\"@graph\":[{\"@type\":\"WebPage\",\"@id\":\"https:\\\/\\\/blackholediscos.com\\\/product\\\/the-gentlemen-the-gentlemen\\\/\",\"url\":\"https:\\\/\\\/blackholediscos.com\\\/product\\\/the-gentlemen-the-gentlemen\\\/\",\"name\":\"The Gentlemen \u2013 The Gentlemen - Black Hole Discos\",\"isPartOf\":{\"@id\":\"https:\\\/\\\/blackholediscos.com\\\/#website\"},\"primaryImageOfPage\":{\"@id\":\"https:\\\/\\\/blackholediscos.com\\\/product\\\/the-gentlemen-the-gentlemen\\\/#primaryimage\"},\"image\":{\"@id\":\"https:\\\/\\\/blackholediscos.com\\\/product\\\/the-gentlemen-the-gentlemen\\\/#primaryimage\"},\"thumbnailUrl\":\"https:\\\/\\\/blackholediscos.com\\\/wp-content\\\/uploads\\\/2024\\\/07\\\/WhatsApp-Image-2024-07-08-at-10.07.51-scaled.jpeg\",\"datePublished\":\"2024-07-08T14:18:32+00:00\",\"dateModified\":\"2025-12-16T19:46:26+00:00\",\"breadcrumb\":{\"@id\":\"https:\\\/\\\/blackholediscos.com\\\/product\\\/the-gentlemen-the-gentlemen\\\/#breadcrumb\"},\"inLanguage\":\"en-US\",\"potentialAction\":[{\"@type\":\"ReadAction\",\"target\":[\"https:\\\/\\\/blackholediscos.com\\\/product\\\/the-gentlemen-the-gentlemen\\\/\"]}]},{\"@type\":\"ImageObject\",\"inLanguage\":\"en-US\",\"@id\":\"https:\\\/\\\/blackholediscos.com\\\/product\\\/the-gentlemen-the-gentlemen\\\/#primaryimage\",\"url\":\"https:\\\/\\\/blackholediscos.com\\\/wp-content\\\/uploads\\\/2024\\\/07\\\/WhatsApp-Image-2024-07-08-at-10.07.51-scaled.jpeg\",\"contentUrl\":\"https:\\\/\\\/blackholediscos.com\\\/wp-content\\\/uploads\\\/2024\\\/07\\\/WhatsApp-Image-2024-07-08-at-10.07.51-scaled.jpeg\",\"width\":2560,\"height\":2560},{\"@type\":\"BreadcrumbList\",\"@id\":\"https:\\\/\\\/blackholediscos.com\\\/product\\\/the-gentlemen-the-gentlemen\\\/#breadcrumb\",\"itemListElement\":[{\"@type\":\"ListItem\",\"position\":1,\"name\":\"In\u00edcio\",\"item\":\"https:\\\/\\\/blackholediscos.com\\\/\"},{\"@type\":\"ListItem\",\"position\":2,\"name\":\"Shop\",\"item\":\"https:\\\/\\\/blackholediscos.com\\\/shop\\\/\"},{\"@type\":\"ListItem\",\"position\":3,\"name\":\"The Gentlemen \u2013 The Gentlemen\"}]},{\"@type\":\"WebSite\",\"@id\":\"https:\\\/\\\/blackholediscos.com\\\/#website\",\"url\":\"https:\\\/\\\/blackholediscos.com\\\/\",\"name\":\"Black Hole Discos\",\"description\":\"Brazilian music LPs\",\"publisher\":{\"@id\":\"https:\\\/\\\/blackholediscos.com\\\/#organization\"},\"potentialAction\":[{\"@type\":\"SearchAction\",\"target\":{\"@type\":\"EntryPoint\",\"urlTemplate\":\"https:\\\/\\\/blackholediscos.com\\\/?s={search_term_string}\"},\"query-input\":{\"@type\":\"PropertyValueSpecification\",\"valueRequired\":true,\"valueName\":\"search_term_string\"}}],\"inLanguage\":\"en-US\"},{\"@type\":\"Organization\",\"@id\":\"https:\\\/\\\/blackholediscos.com\\\/#organization\",\"name\":\"Black Hole Discos\",\"url\":\"https:\\\/\\\/blackholediscos.com\\\/\",\"logo\":{\"@type\":\"ImageObject\",\"inLanguage\":\"en-US\",\"@id\":\"https:\\\/\\\/blackholediscos.com\\\/#\\\/schema\\\/logo\\\/image\\\/\",\"url\":\"https:\\\/\\\/blackholediscos.com\\\/wp-content\\\/uploads\\\/2024\\\/06\\\/black-hole-discos-vinis-logo.png\",\"contentUrl\":\"https:\\\/\\\/blackholediscos.com\\\/wp-content\\\/uploads\\\/2024\\\/06\\\/black-hole-discos-vinis-logo.png\",\"width\":70,\"height\":66,\"caption\":\"Black Hole Discos\"},\"image\":{\"@id\":\"https:\\\/\\\/blackholediscos.com\\\/#\\\/schema\\\/logo\\\/image\\\/\"},\"sameAs\":[\"https:\\\/\\\/www.instagram.com\\\/blackholediscos\\\/\"]}]}<\/script>\n<!-- \/ Yoast SEO plugin. -->","yoast_head_json":{"title":"The Gentlemen \u2013 The Gentlemen - Black Hole Discos","robots":{"index":"index","follow":"follow","max-snippet":"max-snippet:-1","max-image-preview":"max-image-preview:large","max-video-preview":"max-video-preview:-1"},"canonical":"https:\/\/blackholediscos.com\/en\/product\/the-gentlemen-the-gentlemen\/","og_locale":"en_US","og_type":"article","og_title":"The Gentlemen \u2013 The Gentlemen - Black Hole Discos","og_description":"LP Importado (UK) em perfeitas condi\u00e7\u00f5es de m\u00eddia e capa. Mr Bongo \u2013 MRBLP094 A1 Sorriso Selvagem A2 N\u00e3o Sei Quem Sou A3 Vestido Branco A4 Meu Mundo A5 Lonely Blue Boy A6 Uma Voz, Outra Voz B1 Vazio B2 Agora Estou Livre B3 Isso \u00c9 Amor B4 Eu Juro B5 O Embarque B6 Post-Scriptum [&hellip;]","og_url":"https:\/\/blackholediscos.com\/en\/product\/the-gentlemen-the-gentlemen\/","og_site_name":"Black Hole Discos","article_publisher":"https:\/\/www.instagram.com\/blackholediscos\/","article_modified_time":"2025-12-16T19:46:26+00:00","og_image":[{"width":2560,"height":2560,"url":"https:\/\/blackholediscos.com\/wp-content\/uploads\/2024\/07\/WhatsApp-Image-2024-07-08-at-10.07.51-scaled.jpeg","type":"image\/jpeg"}],"twitter_card":"summary_large_image","twitter_misc":{"Est. reading time":"1 minute"},"schema":{"@context":"https:\/\/schema.org","@graph":[{"@type":"WebPage","@id":"https:\/\/blackholediscos.com\/product\/the-gentlemen-the-gentlemen\/","url":"https:\/\/blackholediscos.com\/product\/the-gentlemen-the-gentlemen\/","name":"The Gentlemen \u2013 The Gentlemen - Black Hole Discos","isPartOf":{"@id":"https:\/\/blackholediscos.com\/#website"},"primaryImageOfPage":{"@id":"https:\/\/blackholediscos.com\/product\/the-gentlemen-the-gentlemen\/#primaryimage"},"image":{"@id":"https:\/\/blackholediscos.com\/product\/the-gentlemen-the-gentlemen\/#primaryimage"},"thumbnailUrl":"https:\/\/blackholediscos.com\/wp-content\/uploads\/2024\/07\/WhatsApp-Image-2024-07-08-at-10.07.51-scaled.jpeg","datePublished":"2024-07-08T14:18:32+00:00","dateModified":"2025-12-16T19:46:26+00:00","breadcrumb":{"@id":"https:\/\/blackholediscos.com\/product\/the-gentlemen-the-gentlemen\/#breadcrumb"},"inLanguage":"en-US","potentialAction":[{"@type":"ReadAction","target":["https:\/\/blackholediscos.com\/product\/the-gentlemen-the-gentlemen\/"]}]},{"@type":"ImageObject","inLanguage":"en-US","@id":"https:\/\/blackholediscos.com\/product\/the-gentlemen-the-gentlemen\/#primaryimage","url":"https:\/\/blackholediscos.com\/wp-content\/uploads\/2024\/07\/WhatsApp-Image-2024-07-08-at-10.07.51-scaled.jpeg","contentUrl":"https:\/\/blackholediscos.com\/wp-content\/uploads\/2024\/07\/WhatsApp-Image-2024-07-08-at-10.07.51-scaled.jpeg","width":2560,"height":2560},{"@type":"BreadcrumbList","@id":"https:\/\/blackholediscos.com\/product\/the-gentlemen-the-gentlemen\/#breadcrumb","itemListElement":[{"@type":"ListItem","position":1,"name":"In\u00edcio","item":"https:\/\/blackholediscos.com\/"},{"@type":"ListItem","position":2,"name":"Shop","item":"https:\/\/blackholediscos.com\/shop\/"},{"@type":"ListItem","position":3,"name":"The Gentlemen \u2013 The Gentlemen"}]},{"@type":"WebSite","@id":"https:\/\/blackholediscos.com\/#website","url":"https:\/\/blackholediscos.com\/","name":"Black Hole Discos","description":"Brazilian music LPs","publisher":{"@id":"https:\/\/blackholediscos.com\/#organization"},"potentialAction":[{"@type":"SearchAction","target":{"@type":"EntryPoint","urlTemplate":"https:\/\/blackholediscos.com\/?s={search_term_string}"},"query-input":{"@type":"PropertyValueSpecification","valueRequired":true,"valueName":"search_term_string"}}],"inLanguage":"en-US"},{"@type":"Organization","@id":"https:\/\/blackholediscos.com\/#organization","name":"Black Hole Discos","url":"https:\/\/blackholediscos.com\/","logo":{"@type":"ImageObject","inLanguage":"en-US","@id":"https:\/\/blackholediscos.com\/#\/schema\/logo\/image\/","url":"https:\/\/blackholediscos.com\/wp-content\/uploads\/2024\/06\/black-hole-discos-vinis-logo.png","contentUrl":"https:\/\/blackholediscos.com\/wp-content\/uploads\/2024\/06\/black-hole-discos-vinis-logo.png","width":70,"height":66,"caption":"Black Hole Discos"},"image":{"@id":"https:\/\/blackholediscos.com\/#\/schema\/logo\/image\/"},"sameAs":["https:\/\/www.instagram.com\/blackholediscos\/"]}]}},"_links":{"self":[{"href":"https:\/\/blackholediscos.com\/en\/wp-json\/wp\/v2\/product\/4223","targetHints":{"allow":["GET"]}}],"collection":[{"href":"https:\/\/blackholediscos.com\/en\/wp-json\/wp\/v2\/product"}],"about":[{"href":"https:\/\/blackholediscos.com\/en\/wp-json\/wp\/v2\/types\/product"}],"replies":[{"embeddable":true,"href":"https:\/\/blackholediscos.com\/en\/wp-json\/wp\/v2\/comments?post=4223"}],"wp:featuredmedia":[{"embeddable":true,"href":"https:\/\/blackholediscos.com\/en\/wp-json\/wp\/v2\/media\/4204"}],"wp:attachment":[{"href":"https:\/\/blackholediscos.com\/en\/wp-json\/wp\/v2\/media?parent=4223"}],"wp:term":[{"taxonomy":"product_brand","embeddable":true,"href":"https:\/\/blackholediscos.com\/en\/wp-json\/wp\/v2\/product_brand?post=4223"},{"taxonomy":"product_cat","embeddable":true,"href":"https:\/\/blackholediscos.com\/en\/wp-json\/wp\/v2\/product_cat?post=4223"},{"taxonomy":"product_tag","embeddable":true,"href":"https:\/\/blackholediscos.com\/en\/wp-json\/wp\/v2\/product_tag?post=4223"},{"taxonomy":"artista","embeddable":true,"href":"https:\/\/blackholediscos.com\/en\/wp-json\/wp\/v2\/artista?post=4223"},{"taxonomy":"produtora","embeddable":true,"href":"https:\/\/blackholediscos.com\/en\/wp-json\/wp\/v2\/produtora?post=4223"},{"taxonomy":"ano","embeddable":true,"href":"https:\/\/blackholediscos.com\/en\/wp-json\/wp\/v2\/ano?post=4223"}],"curies":[{"name":"wp","href":"https:\/\/api.w.org\/{rel}","templated":true}]}}