{"id":4180,"date":"2024-07-08T13:03:16","date_gmt":"2024-07-08T13:03:16","guid":{"rendered":"https:\/\/blackholediscos.com\/?post_type=product&#038;p=4180"},"modified":"2024-07-08T13:03:16","modified_gmt":"2024-07-08T13:03:16","slug":"paulo-bagunca-e-a-tropa-maldita-paulo-bagunca-e-a-tropa-maldita-2","status":"publish","type":"product","link":"https:\/\/blackholediscos.com\/en\/product\/paulo-bagunca-e-a-tropa-maldita-paulo-bagunca-e-a-tropa-maldita-2\/","title":{"rendered":"Paulo Bagun\u00e7a E A Tropa Maldita \u2013 Paulo Bagun\u00e7a E A Tropa Maldita"},"content":{"rendered":"<p>Primeira reedi\u00e7ao brasileira com aut\u00f3grafo do artista Paulo Bagun\u00e7a. Em perfeitas condi\u00e7\u00f5es de m\u00eddia e capa. <\/p>\n<p>   Somat\u00f3ria Do Barulho \u2013 SDB &#8211; 004, Somat\u00f3ria Do Barulho \u2013 SDB-004<\/p>\n<p>A1\t\tAp\u00ealo\t4:10<br \/>\nA2\t\tGrinfa Louca\t2:55<br \/>\nA3\t\tOlhos Risonhos\t4:45<br \/>\nA4\t\tMicrofones Met\u00e1licos\t3:00<br \/>\nA5\t\tTramba\t2:58<br \/>\nB1\t\tA Mente\t2:25<br \/>\nB2\t\tOlhar Animal\t5:00<br \/>\nB3\t\tMadalena\t2:45<br \/>\nB4\t\tMensageiro\t3:00<br \/>\nB5\t\tCristina<\/p>","protected":false},"excerpt":{"rendered":"<p>Primeira reedi\u00e7ao brasileira com aut\u00f3grafo do artista Paulo Bagun\u00e7a. Em perfeitas condi\u00e7\u00f5es de m\u00eddia e capa. Somat\u00f3ria Do Barulho \u2013 SDB &#8211; 004, Somat\u00f3ria Do Barulho \u2013 SDB-004 A1 Ap\u00ealo 4:10 A2 Grinfa Louca 2:55 A3 Olhos Risonhos 4:45 A4 Microfones Met\u00e1licos 3:00 A5 Tramba 2:58 B1 A Mente 2:25 B2 Olhar Animal 5:00 B3 [&hellip;]<\/p>\n","protected":false},"featured_media":4171,"comment_status":"open","ping_status":"closed","template":"","meta":{"_acf_changed":false},"product_brand":[],"product_cat":[131,530,508,515,48,873,35,173],"product_tag":[],"artista":[88],"produtora":[790],"ano":[261],"class_list":{"0":"post-4180","1":"product","2":"type-product","3":"status-publish","4":"has-post-thumbnail","6":"product_cat-afrobrasilidade","7":"product_cat-batucada","8":"product_cat-folk-rock","9":"product_cat-jazz-latin","10":"product_cat-psicodelia","11":"product_cat-reedicao","12":"product_cat-rock","13":"product_cat-rock-alternativo","14":"artista-paulo-bagunca-e-a-tropa-maldita","15":"produtora-somatoria-do-barulho","16":"ano-261","18":"first","19":"instock","20":"shipping-taxable","21":"purchasable","22":"product-type-simple"},"acf":[],"yoast_head":"<!-- This site is optimized with the Yoast SEO plugin v27.4 - https:\/\/yoast.com\/product\/yoast-seo-wordpress\/ -->\n<title>Paulo Bagun\u00e7a E A Tropa Maldita \u2013 Paulo Bagun\u00e7a E A Tropa Maldita - Black Hole Discos<\/title>\n<meta name=\"robots\" content=\"index, follow, max-snippet:-1, max-image-preview:large, max-video-preview:-1\" \/>\n<link rel=\"canonical\" href=\"https:\/\/blackholediscos.com\/en\/product\/paulo-bagunca-e-a-tropa-maldita-paulo-bagunca-e-a-tropa-maldita-2\/\" \/>\n<meta property=\"og:locale\" content=\"en_US\" \/>\n<meta property=\"og:type\" content=\"article\" \/>\n<meta property=\"og:title\" content=\"Paulo Bagun\u00e7a E A Tropa Maldita \u2013 Paulo Bagun\u00e7a E A Tropa Maldita - Black Hole Discos\" \/>\n<meta property=\"og:description\" content=\"Primeira reedi\u00e7ao brasileira com aut\u00f3grafo do artista Paulo Bagun\u00e7a. Em perfeitas condi\u00e7\u00f5es de m\u00eddia e capa. Somat\u00f3ria Do Barulho \u2013 SDB &#8211; 004, Somat\u00f3ria Do Barulho \u2013 SDB-004 A1 Ap\u00ealo 4:10 A2 Grinfa Louca 2:55 A3 Olhos Risonhos 4:45 A4 Microfones Met\u00e1licos 3:00 A5 Tramba 2:58 B1 A Mente 2:25 B2 Olhar Animal 5:00 B3 [&hellip;]\" \/>\n<meta property=\"og:url\" content=\"https:\/\/blackholediscos.com\/en\/product\/paulo-bagunca-e-a-tropa-maldita-paulo-bagunca-e-a-tropa-maldita-2\/\" \/>\n<meta property=\"og:site_name\" content=\"Black Hole Discos\" \/>\n<meta property=\"article:publisher\" content=\"https:\/\/www.instagram.com\/blackholediscos\/\" \/>\n<meta property=\"og:image\" content=\"https:\/\/blackholediscos.com\/wp-content\/uploads\/2024\/07\/WhatsApp-Image-2024-07-08-at-08.55.54-scaled.jpeg\" \/>\n\t<meta property=\"og:image:width\" content=\"2560\" \/>\n\t<meta property=\"og:image:height\" content=\"2560\" \/>\n\t<meta property=\"og:image:type\" content=\"image\/jpeg\" \/>\n<meta name=\"twitter:card\" content=\"summary_large_image\" \/>\n<meta name=\"twitter:label1\" content=\"Est. reading time\" \/>\n\t<meta name=\"twitter:data1\" content=\"1 minute\" \/>\n<script type=\"application\/ld+json\" class=\"yoast-schema-graph\">{\"@context\":\"https:\\\/\\\/schema.org\",\"@graph\":[{\"@type\":\"WebPage\",\"@id\":\"https:\\\/\\\/blackholediscos.com\\\/product\\\/paulo-bagunca-e-a-tropa-maldita-paulo-bagunca-e-a-tropa-maldita-2\\\/\",\"url\":\"https:\\\/\\\/blackholediscos.com\\\/product\\\/paulo-bagunca-e-a-tropa-maldita-paulo-bagunca-e-a-tropa-maldita-2\\\/\",\"name\":\"Paulo Bagun\u00e7a E A Tropa Maldita \u2013 Paulo Bagun\u00e7a E A Tropa Maldita - Black Hole Discos\",\"isPartOf\":{\"@id\":\"https:\\\/\\\/blackholediscos.com\\\/#website\"},\"primaryImageOfPage\":{\"@id\":\"https:\\\/\\\/blackholediscos.com\\\/product\\\/paulo-bagunca-e-a-tropa-maldita-paulo-bagunca-e-a-tropa-maldita-2\\\/#primaryimage\"},\"image\":{\"@id\":\"https:\\\/\\\/blackholediscos.com\\\/product\\\/paulo-bagunca-e-a-tropa-maldita-paulo-bagunca-e-a-tropa-maldita-2\\\/#primaryimage\"},\"thumbnailUrl\":\"https:\\\/\\\/blackholediscos.com\\\/wp-content\\\/uploads\\\/2024\\\/07\\\/WhatsApp-Image-2024-07-08-at-08.55.54-scaled.jpeg\",\"datePublished\":\"2024-07-08T13:03:16+00:00\",\"breadcrumb\":{\"@id\":\"https:\\\/\\\/blackholediscos.com\\\/product\\\/paulo-bagunca-e-a-tropa-maldita-paulo-bagunca-e-a-tropa-maldita-2\\\/#breadcrumb\"},\"inLanguage\":\"en-US\",\"potentialAction\":[{\"@type\":\"ReadAction\",\"target\":[\"https:\\\/\\\/blackholediscos.com\\\/product\\\/paulo-bagunca-e-a-tropa-maldita-paulo-bagunca-e-a-tropa-maldita-2\\\/\"]}]},{\"@type\":\"ImageObject\",\"inLanguage\":\"en-US\",\"@id\":\"https:\\\/\\\/blackholediscos.com\\\/product\\\/paulo-bagunca-e-a-tropa-maldita-paulo-bagunca-e-a-tropa-maldita-2\\\/#primaryimage\",\"url\":\"https:\\\/\\\/blackholediscos.com\\\/wp-content\\\/uploads\\\/2024\\\/07\\\/WhatsApp-Image-2024-07-08-at-08.55.54-scaled.jpeg\",\"contentUrl\":\"https:\\\/\\\/blackholediscos.com\\\/wp-content\\\/uploads\\\/2024\\\/07\\\/WhatsApp-Image-2024-07-08-at-08.55.54-scaled.jpeg\",\"width\":2560,\"height\":2560},{\"@type\":\"BreadcrumbList\",\"@id\":\"https:\\\/\\\/blackholediscos.com\\\/product\\\/paulo-bagunca-e-a-tropa-maldita-paulo-bagunca-e-a-tropa-maldita-2\\\/#breadcrumb\",\"itemListElement\":[{\"@type\":\"ListItem\",\"position\":1,\"name\":\"In\u00edcio\",\"item\":\"https:\\\/\\\/blackholediscos.com\\\/\"},{\"@type\":\"ListItem\",\"position\":2,\"name\":\"Shop\",\"item\":\"https:\\\/\\\/blackholediscos.com\\\/shop\\\/\"},{\"@type\":\"ListItem\",\"position\":3,\"name\":\"Paulo Bagun\u00e7a E A Tropa Maldita \u2013 Paulo Bagun\u00e7a E A Tropa Maldita\"}]},{\"@type\":\"WebSite\",\"@id\":\"https:\\\/\\\/blackholediscos.com\\\/#website\",\"url\":\"https:\\\/\\\/blackholediscos.com\\\/\",\"name\":\"Black Hole Discos\",\"description\":\"Brazilian music LPs\",\"publisher\":{\"@id\":\"https:\\\/\\\/blackholediscos.com\\\/#organization\"},\"potentialAction\":[{\"@type\":\"SearchAction\",\"target\":{\"@type\":\"EntryPoint\",\"urlTemplate\":\"https:\\\/\\\/blackholediscos.com\\\/?s={search_term_string}\"},\"query-input\":{\"@type\":\"PropertyValueSpecification\",\"valueRequired\":true,\"valueName\":\"search_term_string\"}}],\"inLanguage\":\"en-US\"},{\"@type\":\"Organization\",\"@id\":\"https:\\\/\\\/blackholediscos.com\\\/#organization\",\"name\":\"Black Hole Discos\",\"url\":\"https:\\\/\\\/blackholediscos.com\\\/\",\"logo\":{\"@type\":\"ImageObject\",\"inLanguage\":\"en-US\",\"@id\":\"https:\\\/\\\/blackholediscos.com\\\/#\\\/schema\\\/logo\\\/image\\\/\",\"url\":\"https:\\\/\\\/blackholediscos.com\\\/wp-content\\\/uploads\\\/2024\\\/06\\\/black-hole-discos-vinis-logo.png\",\"contentUrl\":\"https:\\\/\\\/blackholediscos.com\\\/wp-content\\\/uploads\\\/2024\\\/06\\\/black-hole-discos-vinis-logo.png\",\"width\":70,\"height\":66,\"caption\":\"Black Hole Discos\"},\"image\":{\"@id\":\"https:\\\/\\\/blackholediscos.com\\\/#\\\/schema\\\/logo\\\/image\\\/\"},\"sameAs\":[\"https:\\\/\\\/www.instagram.com\\\/blackholediscos\\\/\"]}]}<\/script>\n<!-- \/ Yoast SEO plugin. -->","yoast_head_json":{"title":"Paulo Bagun\u00e7a E A Tropa Maldita \u2013 Paulo Bagun\u00e7a E A Tropa Maldita - Black Hole Discos","robots":{"index":"index","follow":"follow","max-snippet":"max-snippet:-1","max-image-preview":"max-image-preview:large","max-video-preview":"max-video-preview:-1"},"canonical":"https:\/\/blackholediscos.com\/en\/product\/paulo-bagunca-e-a-tropa-maldita-paulo-bagunca-e-a-tropa-maldita-2\/","og_locale":"en_US","og_type":"article","og_title":"Paulo Bagun\u00e7a E A Tropa Maldita \u2013 Paulo Bagun\u00e7a E A Tropa Maldita - Black Hole Discos","og_description":"Primeira reedi\u00e7ao brasileira com aut\u00f3grafo do artista Paulo Bagun\u00e7a. Em perfeitas condi\u00e7\u00f5es de m\u00eddia e capa. Somat\u00f3ria Do Barulho \u2013 SDB &#8211; 004, Somat\u00f3ria Do Barulho \u2013 SDB-004 A1 Ap\u00ealo 4:10 A2 Grinfa Louca 2:55 A3 Olhos Risonhos 4:45 A4 Microfones Met\u00e1licos 3:00 A5 Tramba 2:58 B1 A Mente 2:25 B2 Olhar Animal 5:00 B3 [&hellip;]","og_url":"https:\/\/blackholediscos.com\/en\/product\/paulo-bagunca-e-a-tropa-maldita-paulo-bagunca-e-a-tropa-maldita-2\/","og_site_name":"Black Hole Discos","article_publisher":"https:\/\/www.instagram.com\/blackholediscos\/","og_image":[{"width":2560,"height":2560,"url":"https:\/\/blackholediscos.com\/wp-content\/uploads\/2024\/07\/WhatsApp-Image-2024-07-08-at-08.55.54-scaled.jpeg","type":"image\/jpeg"}],"twitter_card":"summary_large_image","twitter_misc":{"Est. reading time":"1 minute"},"schema":{"@context":"https:\/\/schema.org","@graph":[{"@type":"WebPage","@id":"https:\/\/blackholediscos.com\/product\/paulo-bagunca-e-a-tropa-maldita-paulo-bagunca-e-a-tropa-maldita-2\/","url":"https:\/\/blackholediscos.com\/product\/paulo-bagunca-e-a-tropa-maldita-paulo-bagunca-e-a-tropa-maldita-2\/","name":"Paulo Bagun\u00e7a E A Tropa Maldita \u2013 Paulo Bagun\u00e7a E A Tropa Maldita - Black Hole Discos","isPartOf":{"@id":"https:\/\/blackholediscos.com\/#website"},"primaryImageOfPage":{"@id":"https:\/\/blackholediscos.com\/product\/paulo-bagunca-e-a-tropa-maldita-paulo-bagunca-e-a-tropa-maldita-2\/#primaryimage"},"image":{"@id":"https:\/\/blackholediscos.com\/product\/paulo-bagunca-e-a-tropa-maldita-paulo-bagunca-e-a-tropa-maldita-2\/#primaryimage"},"thumbnailUrl":"https:\/\/blackholediscos.com\/wp-content\/uploads\/2024\/07\/WhatsApp-Image-2024-07-08-at-08.55.54-scaled.jpeg","datePublished":"2024-07-08T13:03:16+00:00","breadcrumb":{"@id":"https:\/\/blackholediscos.com\/product\/paulo-bagunca-e-a-tropa-maldita-paulo-bagunca-e-a-tropa-maldita-2\/#breadcrumb"},"inLanguage":"en-US","potentialAction":[{"@type":"ReadAction","target":["https:\/\/blackholediscos.com\/product\/paulo-bagunca-e-a-tropa-maldita-paulo-bagunca-e-a-tropa-maldita-2\/"]}]},{"@type":"ImageObject","inLanguage":"en-US","@id":"https:\/\/blackholediscos.com\/product\/paulo-bagunca-e-a-tropa-maldita-paulo-bagunca-e-a-tropa-maldita-2\/#primaryimage","url":"https:\/\/blackholediscos.com\/wp-content\/uploads\/2024\/07\/WhatsApp-Image-2024-07-08-at-08.55.54-scaled.jpeg","contentUrl":"https:\/\/blackholediscos.com\/wp-content\/uploads\/2024\/07\/WhatsApp-Image-2024-07-08-at-08.55.54-scaled.jpeg","width":2560,"height":2560},{"@type":"BreadcrumbList","@id":"https:\/\/blackholediscos.com\/product\/paulo-bagunca-e-a-tropa-maldita-paulo-bagunca-e-a-tropa-maldita-2\/#breadcrumb","itemListElement":[{"@type":"ListItem","position":1,"name":"In\u00edcio","item":"https:\/\/blackholediscos.com\/"},{"@type":"ListItem","position":2,"name":"Shop","item":"https:\/\/blackholediscos.com\/shop\/"},{"@type":"ListItem","position":3,"name":"Paulo Bagun\u00e7a E A Tropa Maldita \u2013 Paulo Bagun\u00e7a E A Tropa Maldita"}]},{"@type":"WebSite","@id":"https:\/\/blackholediscos.com\/#website","url":"https:\/\/blackholediscos.com\/","name":"Black Hole Discos","description":"Brazilian music LPs","publisher":{"@id":"https:\/\/blackholediscos.com\/#organization"},"potentialAction":[{"@type":"SearchAction","target":{"@type":"EntryPoint","urlTemplate":"https:\/\/blackholediscos.com\/?s={search_term_string}"},"query-input":{"@type":"PropertyValueSpecification","valueRequired":true,"valueName":"search_term_string"}}],"inLanguage":"en-US"},{"@type":"Organization","@id":"https:\/\/blackholediscos.com\/#organization","name":"Black Hole Discos","url":"https:\/\/blackholediscos.com\/","logo":{"@type":"ImageObject","inLanguage":"en-US","@id":"https:\/\/blackholediscos.com\/#\/schema\/logo\/image\/","url":"https:\/\/blackholediscos.com\/wp-content\/uploads\/2024\/06\/black-hole-discos-vinis-logo.png","contentUrl":"https:\/\/blackholediscos.com\/wp-content\/uploads\/2024\/06\/black-hole-discos-vinis-logo.png","width":70,"height":66,"caption":"Black Hole Discos"},"image":{"@id":"https:\/\/blackholediscos.com\/#\/schema\/logo\/image\/"},"sameAs":["https:\/\/www.instagram.com\/blackholediscos\/"]}]}},"_links":{"self":[{"href":"https:\/\/blackholediscos.com\/en\/wp-json\/wp\/v2\/product\/4180","targetHints":{"allow":["GET"]}}],"collection":[{"href":"https:\/\/blackholediscos.com\/en\/wp-json\/wp\/v2\/product"}],"about":[{"href":"https:\/\/blackholediscos.com\/en\/wp-json\/wp\/v2\/types\/product"}],"replies":[{"embeddable":true,"href":"https:\/\/blackholediscos.com\/en\/wp-json\/wp\/v2\/comments?post=4180"}],"wp:featuredmedia":[{"embeddable":true,"href":"https:\/\/blackholediscos.com\/en\/wp-json\/wp\/v2\/media\/4171"}],"wp:attachment":[{"href":"https:\/\/blackholediscos.com\/en\/wp-json\/wp\/v2\/media?parent=4180"}],"wp:term":[{"taxonomy":"product_brand","embeddable":true,"href":"https:\/\/blackholediscos.com\/en\/wp-json\/wp\/v2\/product_brand?post=4180"},{"taxonomy":"product_cat","embeddable":true,"href":"https:\/\/blackholediscos.com\/en\/wp-json\/wp\/v2\/product_cat?post=4180"},{"taxonomy":"product_tag","embeddable":true,"href":"https:\/\/blackholediscos.com\/en\/wp-json\/wp\/v2\/product_tag?post=4180"},{"taxonomy":"artista","embeddable":true,"href":"https:\/\/blackholediscos.com\/en\/wp-json\/wp\/v2\/artista?post=4180"},{"taxonomy":"produtora","embeddable":true,"href":"https:\/\/blackholediscos.com\/en\/wp-json\/wp\/v2\/produtora?post=4180"},{"taxonomy":"ano","embeddable":true,"href":"https:\/\/blackholediscos.com\/en\/wp-json\/wp\/v2\/ano?post=4180"}],"curies":[{"name":"wp","href":"https:\/\/api.w.org\/{rel}","templated":true}]}}