{"id":4175,"date":"2024-07-08T12:45:52","date_gmt":"2024-07-08T12:45:52","guid":{"rendered":"https:\/\/blackholediscos.com\/?post_type=product&#038;p=4175"},"modified":"2024-07-08T12:45:52","modified_gmt":"2024-07-08T12:45:52","slug":"som-imaginario-som-imaginario","status":"publish","type":"product","link":"https:\/\/blackholediscos.com\/en\/product\/som-imaginario-som-imaginario\/","title":{"rendered":"Som Imagin\u00e1rio \u2013 Som Imagin\u00e1rio"},"content":{"rendered":"<p>LP Importado UK. Aberto em perfeitas condi\u00e7\u00f5es de capa e m\u00eddia. <\/p>\n<p>Sweet Dandelion \u2013 SWDDL713<\/p>\n<p>A1\t\tMorse<br \/>\nA2\t\tSuper-God<br \/>\nA3\t\tTema Dos Deuses<br \/>\nA4\t\tMake Believe Waltz<br \/>\nA5\t\tPantera<br \/>\nB1\t\tSabado<br \/>\nB2\t\tNepal<br \/>\nB3\t\tFeira Moderna<br \/>\nB4\t\tHey, Man<br \/>\nB5\t\tPoison<\/p>","protected":false},"excerpt":{"rendered":"<p>LP Importado UK. Aberto em perfeitas condi\u00e7\u00f5es de capa e m\u00eddia. Sweet Dandelion \u2013 SWDDL713 A1 Morse A2 Super-God A3 Tema Dos Deuses A4 Make Believe Waltz A5 Pantera B1 Sabado B2 Nepal B3 Feira Moderna B4 Hey, Man B5 Poison<\/p>","protected":false},"featured_media":4166,"comment_status":"open","ping_status":"closed","template":"","meta":{"_acf_changed":false},"product_brand":[],"product_cat":[509,48,873,35,173],"product_tag":[],"artista":[620],"produtora":[874],"ano":[179],"class_list":{"0":"post-4175","1":"product","2":"type-product","3":"status-publish","4":"has-post-thumbnail","6":"product_cat-prog-rock","7":"product_cat-psicodelia","8":"product_cat-reedicao","9":"product_cat-rock","10":"product_cat-rock-alternativo","11":"artista-som-imaginario","12":"produtora-sweet-dandelion","13":"ano-179","15":"first","16":"instock","17":"shipping-taxable","18":"purchasable","19":"product-type-simple"},"acf":[],"yoast_head":"<!-- This site is optimized with the Yoast SEO plugin v27.3 - https:\/\/yoast.com\/product\/yoast-seo-wordpress\/ -->\n<title>Som Imagin\u00e1rio \u2013 Som Imagin\u00e1rio - Black Hole Discos<\/title>\n<meta name=\"robots\" content=\"index, follow, max-snippet:-1, max-image-preview:large, max-video-preview:-1\" \/>\n<link rel=\"canonical\" href=\"https:\/\/blackholediscos.com\/en\/product\/som-imaginario-som-imaginario\/\" \/>\n<meta property=\"og:locale\" content=\"en_US\" \/>\n<meta property=\"og:type\" content=\"article\" \/>\n<meta property=\"og:title\" content=\"Som Imagin\u00e1rio \u2013 Som Imagin\u00e1rio - Black Hole Discos\" \/>\n<meta property=\"og:description\" content=\"LP Importado UK. Aberto em perfeitas condi\u00e7\u00f5es de capa e m\u00eddia. Sweet Dandelion \u2013 SWDDL713 A1 Morse A2 Super-God A3 Tema Dos Deuses A4 Make Believe Waltz A5 Pantera B1 Sabado B2 Nepal B3 Feira Moderna B4 Hey, Man B5 Poison\" \/>\n<meta property=\"og:url\" content=\"https:\/\/blackholediscos.com\/en\/product\/som-imaginario-som-imaginario\/\" \/>\n<meta property=\"og:site_name\" content=\"Black Hole Discos\" \/>\n<meta property=\"article:publisher\" content=\"https:\/\/www.instagram.com\/blackholediscos\/\" \/>\n<meta property=\"og:image\" content=\"https:\/\/blackholediscos.com\/wp-content\/uploads\/2024\/07\/WhatsApp-Image-2024-07-08-at-08.55.49-scaled.jpeg\" \/>\n\t<meta property=\"og:image:width\" content=\"2560\" \/>\n\t<meta property=\"og:image:height\" content=\"2560\" \/>\n\t<meta property=\"og:image:type\" content=\"image\/jpeg\" \/>\n<meta name=\"twitter:card\" content=\"summary_large_image\" \/>\n<meta name=\"twitter:label1\" content=\"Est. reading time\" \/>\n\t<meta name=\"twitter:data1\" content=\"1 minute\" \/>\n<script type=\"application\/ld+json\" class=\"yoast-schema-graph\">{\"@context\":\"https:\\\/\\\/schema.org\",\"@graph\":[{\"@type\":\"WebPage\",\"@id\":\"https:\\\/\\\/blackholediscos.com\\\/product\\\/som-imaginario-som-imaginario\\\/\",\"url\":\"https:\\\/\\\/blackholediscos.com\\\/product\\\/som-imaginario-som-imaginario\\\/\",\"name\":\"Som Imagin\u00e1rio \u2013 Som Imagin\u00e1rio - Black Hole Discos\",\"isPartOf\":{\"@id\":\"https:\\\/\\\/blackholediscos.com\\\/#website\"},\"primaryImageOfPage\":{\"@id\":\"https:\\\/\\\/blackholediscos.com\\\/product\\\/som-imaginario-som-imaginario\\\/#primaryimage\"},\"image\":{\"@id\":\"https:\\\/\\\/blackholediscos.com\\\/product\\\/som-imaginario-som-imaginario\\\/#primaryimage\"},\"thumbnailUrl\":\"https:\\\/\\\/blackholediscos.com\\\/wp-content\\\/uploads\\\/2024\\\/07\\\/WhatsApp-Image-2024-07-08-at-08.55.49-scaled.jpeg\",\"datePublished\":\"2024-07-08T12:45:52+00:00\",\"breadcrumb\":{\"@id\":\"https:\\\/\\\/blackholediscos.com\\\/product\\\/som-imaginario-som-imaginario\\\/#breadcrumb\"},\"inLanguage\":\"en-US\",\"potentialAction\":[{\"@type\":\"ReadAction\",\"target\":[\"https:\\\/\\\/blackholediscos.com\\\/product\\\/som-imaginario-som-imaginario\\\/\"]}]},{\"@type\":\"ImageObject\",\"inLanguage\":\"en-US\",\"@id\":\"https:\\\/\\\/blackholediscos.com\\\/product\\\/som-imaginario-som-imaginario\\\/#primaryimage\",\"url\":\"https:\\\/\\\/blackholediscos.com\\\/wp-content\\\/uploads\\\/2024\\\/07\\\/WhatsApp-Image-2024-07-08-at-08.55.49-scaled.jpeg\",\"contentUrl\":\"https:\\\/\\\/blackholediscos.com\\\/wp-content\\\/uploads\\\/2024\\\/07\\\/WhatsApp-Image-2024-07-08-at-08.55.49-scaled.jpeg\",\"width\":2560,\"height\":2560},{\"@type\":\"BreadcrumbList\",\"@id\":\"https:\\\/\\\/blackholediscos.com\\\/product\\\/som-imaginario-som-imaginario\\\/#breadcrumb\",\"itemListElement\":[{\"@type\":\"ListItem\",\"position\":1,\"name\":\"In\u00edcio\",\"item\":\"https:\\\/\\\/blackholediscos.com\\\/\"},{\"@type\":\"ListItem\",\"position\":2,\"name\":\"Shop\",\"item\":\"https:\\\/\\\/blackholediscos.com\\\/shop\\\/\"},{\"@type\":\"ListItem\",\"position\":3,\"name\":\"Som Imagin\u00e1rio \u2013 Som Imagin\u00e1rio\"}]},{\"@type\":\"WebSite\",\"@id\":\"https:\\\/\\\/blackholediscos.com\\\/#website\",\"url\":\"https:\\\/\\\/blackholediscos.com\\\/\",\"name\":\"Black Hole Discos\",\"description\":\"Brazilian music LPs\",\"publisher\":{\"@id\":\"https:\\\/\\\/blackholediscos.com\\\/#organization\"},\"potentialAction\":[{\"@type\":\"SearchAction\",\"target\":{\"@type\":\"EntryPoint\",\"urlTemplate\":\"https:\\\/\\\/blackholediscos.com\\\/?s={search_term_string}\"},\"query-input\":{\"@type\":\"PropertyValueSpecification\",\"valueRequired\":true,\"valueName\":\"search_term_string\"}}],\"inLanguage\":\"en-US\"},{\"@type\":\"Organization\",\"@id\":\"https:\\\/\\\/blackholediscos.com\\\/#organization\",\"name\":\"Black Hole Discos\",\"url\":\"https:\\\/\\\/blackholediscos.com\\\/\",\"logo\":{\"@type\":\"ImageObject\",\"inLanguage\":\"en-US\",\"@id\":\"https:\\\/\\\/blackholediscos.com\\\/#\\\/schema\\\/logo\\\/image\\\/\",\"url\":\"https:\\\/\\\/blackholediscos.com\\\/wp-content\\\/uploads\\\/2024\\\/06\\\/black-hole-discos-vinis-logo.png\",\"contentUrl\":\"https:\\\/\\\/blackholediscos.com\\\/wp-content\\\/uploads\\\/2024\\\/06\\\/black-hole-discos-vinis-logo.png\",\"width\":70,\"height\":66,\"caption\":\"Black Hole Discos\"},\"image\":{\"@id\":\"https:\\\/\\\/blackholediscos.com\\\/#\\\/schema\\\/logo\\\/image\\\/\"},\"sameAs\":[\"https:\\\/\\\/www.instagram.com\\\/blackholediscos\\\/\"]}]}<\/script>\n<!-- \/ Yoast SEO plugin. -->","yoast_head_json":{"title":"Som Imagin\u00e1rio \u2013 Som Imagin\u00e1rio - Black Hole Discos","robots":{"index":"index","follow":"follow","max-snippet":"max-snippet:-1","max-image-preview":"max-image-preview:large","max-video-preview":"max-video-preview:-1"},"canonical":"https:\/\/blackholediscos.com\/en\/product\/som-imaginario-som-imaginario\/","og_locale":"en_US","og_type":"article","og_title":"Som Imagin\u00e1rio \u2013 Som Imagin\u00e1rio - Black Hole Discos","og_description":"LP Importado UK. Aberto em perfeitas condi\u00e7\u00f5es de capa e m\u00eddia. Sweet Dandelion \u2013 SWDDL713 A1 Morse A2 Super-God A3 Tema Dos Deuses A4 Make Believe Waltz A5 Pantera B1 Sabado B2 Nepal B3 Feira Moderna B4 Hey, Man B5 Poison","og_url":"https:\/\/blackholediscos.com\/en\/product\/som-imaginario-som-imaginario\/","og_site_name":"Black Hole Discos","article_publisher":"https:\/\/www.instagram.com\/blackholediscos\/","og_image":[{"width":2560,"height":2560,"url":"https:\/\/blackholediscos.com\/wp-content\/uploads\/2024\/07\/WhatsApp-Image-2024-07-08-at-08.55.49-scaled.jpeg","type":"image\/jpeg"}],"twitter_card":"summary_large_image","twitter_misc":{"Est. reading time":"1 minute"},"schema":{"@context":"https:\/\/schema.org","@graph":[{"@type":"WebPage","@id":"https:\/\/blackholediscos.com\/product\/som-imaginario-som-imaginario\/","url":"https:\/\/blackholediscos.com\/product\/som-imaginario-som-imaginario\/","name":"Som Imagin\u00e1rio \u2013 Som Imagin\u00e1rio - Black Hole Discos","isPartOf":{"@id":"https:\/\/blackholediscos.com\/#website"},"primaryImageOfPage":{"@id":"https:\/\/blackholediscos.com\/product\/som-imaginario-som-imaginario\/#primaryimage"},"image":{"@id":"https:\/\/blackholediscos.com\/product\/som-imaginario-som-imaginario\/#primaryimage"},"thumbnailUrl":"https:\/\/blackholediscos.com\/wp-content\/uploads\/2024\/07\/WhatsApp-Image-2024-07-08-at-08.55.49-scaled.jpeg","datePublished":"2024-07-08T12:45:52+00:00","breadcrumb":{"@id":"https:\/\/blackholediscos.com\/product\/som-imaginario-som-imaginario\/#breadcrumb"},"inLanguage":"en-US","potentialAction":[{"@type":"ReadAction","target":["https:\/\/blackholediscos.com\/product\/som-imaginario-som-imaginario\/"]}]},{"@type":"ImageObject","inLanguage":"en-US","@id":"https:\/\/blackholediscos.com\/product\/som-imaginario-som-imaginario\/#primaryimage","url":"https:\/\/blackholediscos.com\/wp-content\/uploads\/2024\/07\/WhatsApp-Image-2024-07-08-at-08.55.49-scaled.jpeg","contentUrl":"https:\/\/blackholediscos.com\/wp-content\/uploads\/2024\/07\/WhatsApp-Image-2024-07-08-at-08.55.49-scaled.jpeg","width":2560,"height":2560},{"@type":"BreadcrumbList","@id":"https:\/\/blackholediscos.com\/product\/som-imaginario-som-imaginario\/#breadcrumb","itemListElement":[{"@type":"ListItem","position":1,"name":"In\u00edcio","item":"https:\/\/blackholediscos.com\/"},{"@type":"ListItem","position":2,"name":"Shop","item":"https:\/\/blackholediscos.com\/shop\/"},{"@type":"ListItem","position":3,"name":"Som Imagin\u00e1rio \u2013 Som Imagin\u00e1rio"}]},{"@type":"WebSite","@id":"https:\/\/blackholediscos.com\/#website","url":"https:\/\/blackholediscos.com\/","name":"Black Hole Discos","description":"Brazilian music LPs","publisher":{"@id":"https:\/\/blackholediscos.com\/#organization"},"potentialAction":[{"@type":"SearchAction","target":{"@type":"EntryPoint","urlTemplate":"https:\/\/blackholediscos.com\/?s={search_term_string}"},"query-input":{"@type":"PropertyValueSpecification","valueRequired":true,"valueName":"search_term_string"}}],"inLanguage":"en-US"},{"@type":"Organization","@id":"https:\/\/blackholediscos.com\/#organization","name":"Black Hole Discos","url":"https:\/\/blackholediscos.com\/","logo":{"@type":"ImageObject","inLanguage":"en-US","@id":"https:\/\/blackholediscos.com\/#\/schema\/logo\/image\/","url":"https:\/\/blackholediscos.com\/wp-content\/uploads\/2024\/06\/black-hole-discos-vinis-logo.png","contentUrl":"https:\/\/blackholediscos.com\/wp-content\/uploads\/2024\/06\/black-hole-discos-vinis-logo.png","width":70,"height":66,"caption":"Black Hole Discos"},"image":{"@id":"https:\/\/blackholediscos.com\/#\/schema\/logo\/image\/"},"sameAs":["https:\/\/www.instagram.com\/blackholediscos\/"]}]}},"_links":{"self":[{"href":"https:\/\/blackholediscos.com\/en\/wp-json\/wp\/v2\/product\/4175","targetHints":{"allow":["GET"]}}],"collection":[{"href":"https:\/\/blackholediscos.com\/en\/wp-json\/wp\/v2\/product"}],"about":[{"href":"https:\/\/blackholediscos.com\/en\/wp-json\/wp\/v2\/types\/product"}],"replies":[{"embeddable":true,"href":"https:\/\/blackholediscos.com\/en\/wp-json\/wp\/v2\/comments?post=4175"}],"wp:featuredmedia":[{"embeddable":true,"href":"https:\/\/blackholediscos.com\/en\/wp-json\/wp\/v2\/media\/4166"}],"wp:attachment":[{"href":"https:\/\/blackholediscos.com\/en\/wp-json\/wp\/v2\/media?parent=4175"}],"wp:term":[{"taxonomy":"product_brand","embeddable":true,"href":"https:\/\/blackholediscos.com\/en\/wp-json\/wp\/v2\/product_brand?post=4175"},{"taxonomy":"product_cat","embeddable":true,"href":"https:\/\/blackholediscos.com\/en\/wp-json\/wp\/v2\/product_cat?post=4175"},{"taxonomy":"product_tag","embeddable":true,"href":"https:\/\/blackholediscos.com\/en\/wp-json\/wp\/v2\/product_tag?post=4175"},{"taxonomy":"artista","embeddable":true,"href":"https:\/\/blackholediscos.com\/en\/wp-json\/wp\/v2\/artista?post=4175"},{"taxonomy":"produtora","embeddable":true,"href":"https:\/\/blackholediscos.com\/en\/wp-json\/wp\/v2\/produtora?post=4175"},{"taxonomy":"ano","embeddable":true,"href":"https:\/\/blackholediscos.com\/en\/wp-json\/wp\/v2\/ano?post=4175"}],"curies":[{"name":"wp","href":"https:\/\/api.w.org\/{rel}","templated":true}]}}