{"id":4161,"date":"2024-07-08T12:30:38","date_gmt":"2024-07-08T12:30:38","guid":{"rendered":"https:\/\/blackholediscos.com\/?post_type=product&#038;p=4161"},"modified":"2026-04-14T00:49:00","modified_gmt":"2026-04-14T00:49:00","slug":"os-mutantes-the-sixth-finger-singles-rarities-and-outtakes-1965-1968","status":"publish","type":"product","link":"https:\/\/blackholediscos.com\/en\/product\/os-mutantes-the-sixth-finger-singles-rarities-and-outtakes-1965-1968\/","title":{"rendered":"Os Mutantes \u2013 The Sixth Finger (Singles, Rarities And Outtakes 1965-1968)"},"content":{"rendered":"<p>LP Importado UE. Aberto em perfeitas condi\u00e7\u00f5es.<\/p>\n<p>A1 Shell Spot 1<br \/>\nA2 Gl\u00f3ria Ao Rei Dos Confins Do Al\u00e9m (2 Festival Estudantil Da M\u00fasica Popular BR-LP 68)<br \/>\nA3 Panis Et Circenses (Outake 22 &#8211; 1968)<br \/>\nA4 \u00c9 Proibido Proibir (Boite Sucata 1968)<br \/>\nA5 Ando Meio Desligado \/ N\u00e3o Faz Marola (Long)<br \/>\nA6 Shell Spot 1<br \/>\nB1 Balada Do Louco (Outake 1972)<br \/>\nB2 Shell Spot 4<br \/>\nB3 Caminhante Noturno (Fran\u00e7a 1969)<br \/>\nB4 Marcianita 1968<br \/>\nPerformer \u2013 Caetano*, Mutantes*<br \/>\nB5 Shell Spot 5<br \/>\nB6 A Voz Do Morto 1968<br \/>\nPerformer \u2013 Caetano*, Mutantes*<br \/>\nB7 Batemacumba (Fran\u00e7a 1969)<br \/>\nB8 Shell Spot 4<\/p>\n<p>Singles, rarities and outtakes 1965,1968&#8243; (subtitle on front cover)<br \/>\n&#8220;The Sixth Finger&#8221; (originally the intended title for the second Os Mutantes album and was refused by of their record label) collects unreleased and live tracks, outtakes and advertising jingles. Most of the tracks are taken from masters. Here you&#8217;ll find Os Mutantes at their wildest, raw, psychedelic sound. Featuring many different and longer versions of some of their famous tracks. Housed in a striking cover, featuring a picture from the cancelled &#8220;Mutant&#8221; photo sessions for their second album.<\/p>","protected":false},"excerpt":{"rendered":"<p>LP Importado UE. Aberto em perfeitas condi\u00e7\u00f5es. A1 Shell Spot 1 A2 Gl\u00f3ria Ao Rei Dos Confins Do Al\u00e9m (2 Festival Estudantil Da M\u00fasica Popular BR-LP 68) A3 Panis Et Circenses (Outake 22 &#8211; 1968) A4 \u00c9 Proibido Proibir (Boite Sucata 1968) A5 Ando Meio Desligado \/ N\u00e3o Faz Marola (Long) A6 Shell Spot 1 [&hellip;]<\/p>\n","protected":false},"featured_media":4156,"comment_status":"open","ping_status":"closed","template":"","meta":{"_acf_changed":false},"product_brand":[],"product_cat":[78,48,35,310],"product_tag":[],"artista":[206],"produtora":[869],"ano":[227],"class_list":{"0":"post-4161","1":"product","2":"type-product","3":"status-publish","4":"has-post-thumbnail","6":"product_cat-contemporaneos","7":"product_cat-psicodelia","8":"product_cat-rock","9":"product_cat-tropicalia","10":"artista-os-mutantes","11":"produtora-which","12":"ano-227","14":"first","15":"outofstock","16":"sold-individually","17":"shipping-taxable","18":"purchasable","19":"product-type-simple"},"acf":[],"yoast_head":"<!-- This site is optimized with the Yoast SEO plugin v27.6 - https:\/\/yoast.com\/product\/yoast-seo-wordpress\/ -->\n<title>Os Mutantes \u2013 The Sixth Finger (Singles, Rarities And Outtakes 1965-1968) - Black Hole Discos<\/title>\n<meta name=\"robots\" content=\"index, follow, max-snippet:-1, max-image-preview:large, max-video-preview:-1\" \/>\n<link rel=\"canonical\" href=\"https:\/\/blackholediscos.com\/en\/product\/os-mutantes-the-sixth-finger-singles-rarities-and-outtakes-1965-1968\/\" \/>\n<meta property=\"og:locale\" content=\"en_US\" \/>\n<meta property=\"og:type\" content=\"article\" \/>\n<meta property=\"og:title\" content=\"Os Mutantes \u2013 The Sixth Finger (Singles, Rarities And Outtakes 1965-1968) - Black Hole Discos\" \/>\n<meta property=\"og:description\" content=\"LP Importado UE. Aberto em perfeitas condi\u00e7\u00f5es. A1 Shell Spot 1 A2 Gl\u00f3ria Ao Rei Dos Confins Do Al\u00e9m (2 Festival Estudantil Da M\u00fasica Popular BR-LP 68) A3 Panis Et Circenses (Outake 22 &#8211; 1968) A4 \u00c9 Proibido Proibir (Boite Sucata 1968) A5 Ando Meio Desligado \/ N\u00e3o Faz Marola (Long) A6 Shell Spot 1 [&hellip;]\" \/>\n<meta property=\"og:url\" content=\"https:\/\/blackholediscos.com\/en\/product\/os-mutantes-the-sixth-finger-singles-rarities-and-outtakes-1965-1968\/\" \/>\n<meta property=\"og:site_name\" content=\"Black Hole Discos\" \/>\n<meta property=\"article:publisher\" content=\"https:\/\/www.instagram.com\/blackholediscos\/\" \/>\n<meta property=\"article:modified_time\" content=\"2026-04-14T00:49:00+00:00\" \/>\n<meta property=\"og:image\" content=\"https:\/\/blackholediscos.com\/wp-content\/uploads\/2024\/07\/WhatsApp-Image-2024-07-08-at-08.55.44-scaled.jpeg\" \/>\n\t<meta property=\"og:image:width\" content=\"2560\" \/>\n\t<meta property=\"og:image:height\" content=\"2560\" \/>\n\t<meta property=\"og:image:type\" content=\"image\/jpeg\" \/>\n<meta name=\"twitter:card\" content=\"summary_large_image\" \/>\n<meta name=\"twitter:label1\" content=\"Est. reading time\" \/>\n\t<meta name=\"twitter:data1\" content=\"2 minutes\" \/>\n<script type=\"application\/ld+json\" class=\"yoast-schema-graph\">{\"@context\":\"https:\\\/\\\/schema.org\",\"@graph\":[{\"@type\":\"WebPage\",\"@id\":\"https:\\\/\\\/blackholediscos.com\\\/product\\\/os-mutantes-the-sixth-finger-singles-rarities-and-outtakes-1965-1968\\\/\",\"url\":\"https:\\\/\\\/blackholediscos.com\\\/product\\\/os-mutantes-the-sixth-finger-singles-rarities-and-outtakes-1965-1968\\\/\",\"name\":\"Os Mutantes \u2013 The Sixth Finger (Singles, Rarities And Outtakes 1965-1968) - Black Hole Discos\",\"isPartOf\":{\"@id\":\"https:\\\/\\\/blackholediscos.com\\\/#website\"},\"primaryImageOfPage\":{\"@id\":\"https:\\\/\\\/blackholediscos.com\\\/product\\\/os-mutantes-the-sixth-finger-singles-rarities-and-outtakes-1965-1968\\\/#primaryimage\"},\"image\":{\"@id\":\"https:\\\/\\\/blackholediscos.com\\\/product\\\/os-mutantes-the-sixth-finger-singles-rarities-and-outtakes-1965-1968\\\/#primaryimage\"},\"thumbnailUrl\":\"https:\\\/\\\/blackholediscos.com\\\/wp-content\\\/uploads\\\/2024\\\/07\\\/WhatsApp-Image-2024-07-08-at-08.55.44-scaled.jpeg\",\"datePublished\":\"2024-07-08T12:30:38+00:00\",\"dateModified\":\"2026-04-14T00:49:00+00:00\",\"breadcrumb\":{\"@id\":\"https:\\\/\\\/blackholediscos.com\\\/product\\\/os-mutantes-the-sixth-finger-singles-rarities-and-outtakes-1965-1968\\\/#breadcrumb\"},\"inLanguage\":\"en-US\",\"potentialAction\":[{\"@type\":\"ReadAction\",\"target\":[\"https:\\\/\\\/blackholediscos.com\\\/product\\\/os-mutantes-the-sixth-finger-singles-rarities-and-outtakes-1965-1968\\\/\"]}]},{\"@type\":\"ImageObject\",\"inLanguage\":\"en-US\",\"@id\":\"https:\\\/\\\/blackholediscos.com\\\/product\\\/os-mutantes-the-sixth-finger-singles-rarities-and-outtakes-1965-1968\\\/#primaryimage\",\"url\":\"https:\\\/\\\/blackholediscos.com\\\/wp-content\\\/uploads\\\/2024\\\/07\\\/WhatsApp-Image-2024-07-08-at-08.55.44-scaled.jpeg\",\"contentUrl\":\"https:\\\/\\\/blackholediscos.com\\\/wp-content\\\/uploads\\\/2024\\\/07\\\/WhatsApp-Image-2024-07-08-at-08.55.44-scaled.jpeg\",\"width\":2560,\"height\":2560},{\"@type\":\"BreadcrumbList\",\"@id\":\"https:\\\/\\\/blackholediscos.com\\\/product\\\/os-mutantes-the-sixth-finger-singles-rarities-and-outtakes-1965-1968\\\/#breadcrumb\",\"itemListElement\":[{\"@type\":\"ListItem\",\"position\":1,\"name\":\"In\u00edcio\",\"item\":\"https:\\\/\\\/blackholediscos.com\\\/\"},{\"@type\":\"ListItem\",\"position\":2,\"name\":\"Shop\",\"item\":\"https:\\\/\\\/blackholediscos.com\\\/shop\\\/\"},{\"@type\":\"ListItem\",\"position\":3,\"name\":\"Os Mutantes \u2013 The Sixth Finger (Singles, Rarities And Outtakes 1965-1968)\"}]},{\"@type\":\"WebSite\",\"@id\":\"https:\\\/\\\/blackholediscos.com\\\/#website\",\"url\":\"https:\\\/\\\/blackholediscos.com\\\/\",\"name\":\"Black Hole Discos\",\"description\":\"Brazilian music LPs\",\"publisher\":{\"@id\":\"https:\\\/\\\/blackholediscos.com\\\/#organization\"},\"potentialAction\":[{\"@type\":\"SearchAction\",\"target\":{\"@type\":\"EntryPoint\",\"urlTemplate\":\"https:\\\/\\\/blackholediscos.com\\\/?s={search_term_string}\"},\"query-input\":{\"@type\":\"PropertyValueSpecification\",\"valueRequired\":true,\"valueName\":\"search_term_string\"}}],\"inLanguage\":\"en-US\"},{\"@type\":\"Organization\",\"@id\":\"https:\\\/\\\/blackholediscos.com\\\/#organization\",\"name\":\"Black Hole Discos\",\"url\":\"https:\\\/\\\/blackholediscos.com\\\/\",\"logo\":{\"@type\":\"ImageObject\",\"inLanguage\":\"en-US\",\"@id\":\"https:\\\/\\\/blackholediscos.com\\\/#\\\/schema\\\/logo\\\/image\\\/\",\"url\":\"https:\\\/\\\/blackholediscos.com\\\/wp-content\\\/uploads\\\/2024\\\/06\\\/black-hole-discos-vinis-logo.png\",\"contentUrl\":\"https:\\\/\\\/blackholediscos.com\\\/wp-content\\\/uploads\\\/2024\\\/06\\\/black-hole-discos-vinis-logo.png\",\"width\":70,\"height\":66,\"caption\":\"Black Hole Discos\"},\"image\":{\"@id\":\"https:\\\/\\\/blackholediscos.com\\\/#\\\/schema\\\/logo\\\/image\\\/\"},\"sameAs\":[\"https:\\\/\\\/www.instagram.com\\\/blackholediscos\\\/\"]}]}<\/script>\n<!-- \/ Yoast SEO plugin. -->","yoast_head_json":{"title":"Os Mutantes \u2013 The Sixth Finger (Singles, Rarities And Outtakes 1965-1968) - Black Hole Discos","robots":{"index":"index","follow":"follow","max-snippet":"max-snippet:-1","max-image-preview":"max-image-preview:large","max-video-preview":"max-video-preview:-1"},"canonical":"https:\/\/blackholediscos.com\/en\/product\/os-mutantes-the-sixth-finger-singles-rarities-and-outtakes-1965-1968\/","og_locale":"en_US","og_type":"article","og_title":"Os Mutantes \u2013 The Sixth Finger (Singles, Rarities And Outtakes 1965-1968) - Black Hole Discos","og_description":"LP Importado UE. Aberto em perfeitas condi\u00e7\u00f5es. A1 Shell Spot 1 A2 Gl\u00f3ria Ao Rei Dos Confins Do Al\u00e9m (2 Festival Estudantil Da M\u00fasica Popular BR-LP 68) A3 Panis Et Circenses (Outake 22 &#8211; 1968) A4 \u00c9 Proibido Proibir (Boite Sucata 1968) A5 Ando Meio Desligado \/ N\u00e3o Faz Marola (Long) A6 Shell Spot 1 [&hellip;]","og_url":"https:\/\/blackholediscos.com\/en\/product\/os-mutantes-the-sixth-finger-singles-rarities-and-outtakes-1965-1968\/","og_site_name":"Black Hole Discos","article_publisher":"https:\/\/www.instagram.com\/blackholediscos\/","article_modified_time":"2026-04-14T00:49:00+00:00","og_image":[{"width":2560,"height":2560,"url":"https:\/\/blackholediscos.com\/wp-content\/uploads\/2024\/07\/WhatsApp-Image-2024-07-08-at-08.55.44-scaled.jpeg","type":"image\/jpeg"}],"twitter_card":"summary_large_image","twitter_misc":{"Est. reading time":"2 minutes"},"schema":{"@context":"https:\/\/schema.org","@graph":[{"@type":"WebPage","@id":"https:\/\/blackholediscos.com\/product\/os-mutantes-the-sixth-finger-singles-rarities-and-outtakes-1965-1968\/","url":"https:\/\/blackholediscos.com\/product\/os-mutantes-the-sixth-finger-singles-rarities-and-outtakes-1965-1968\/","name":"Os Mutantes \u2013 The Sixth Finger (Singles, Rarities And Outtakes 1965-1968) - Black Hole Discos","isPartOf":{"@id":"https:\/\/blackholediscos.com\/#website"},"primaryImageOfPage":{"@id":"https:\/\/blackholediscos.com\/product\/os-mutantes-the-sixth-finger-singles-rarities-and-outtakes-1965-1968\/#primaryimage"},"image":{"@id":"https:\/\/blackholediscos.com\/product\/os-mutantes-the-sixth-finger-singles-rarities-and-outtakes-1965-1968\/#primaryimage"},"thumbnailUrl":"https:\/\/blackholediscos.com\/wp-content\/uploads\/2024\/07\/WhatsApp-Image-2024-07-08-at-08.55.44-scaled.jpeg","datePublished":"2024-07-08T12:30:38+00:00","dateModified":"2026-04-14T00:49:00+00:00","breadcrumb":{"@id":"https:\/\/blackholediscos.com\/product\/os-mutantes-the-sixth-finger-singles-rarities-and-outtakes-1965-1968\/#breadcrumb"},"inLanguage":"en-US","potentialAction":[{"@type":"ReadAction","target":["https:\/\/blackholediscos.com\/product\/os-mutantes-the-sixth-finger-singles-rarities-and-outtakes-1965-1968\/"]}]},{"@type":"ImageObject","inLanguage":"en-US","@id":"https:\/\/blackholediscos.com\/product\/os-mutantes-the-sixth-finger-singles-rarities-and-outtakes-1965-1968\/#primaryimage","url":"https:\/\/blackholediscos.com\/wp-content\/uploads\/2024\/07\/WhatsApp-Image-2024-07-08-at-08.55.44-scaled.jpeg","contentUrl":"https:\/\/blackholediscos.com\/wp-content\/uploads\/2024\/07\/WhatsApp-Image-2024-07-08-at-08.55.44-scaled.jpeg","width":2560,"height":2560},{"@type":"BreadcrumbList","@id":"https:\/\/blackholediscos.com\/product\/os-mutantes-the-sixth-finger-singles-rarities-and-outtakes-1965-1968\/#breadcrumb","itemListElement":[{"@type":"ListItem","position":1,"name":"In\u00edcio","item":"https:\/\/blackholediscos.com\/"},{"@type":"ListItem","position":2,"name":"Shop","item":"https:\/\/blackholediscos.com\/shop\/"},{"@type":"ListItem","position":3,"name":"Os Mutantes \u2013 The Sixth Finger (Singles, Rarities And Outtakes 1965-1968)"}]},{"@type":"WebSite","@id":"https:\/\/blackholediscos.com\/#website","url":"https:\/\/blackholediscos.com\/","name":"Black Hole Discos","description":"Brazilian music LPs","publisher":{"@id":"https:\/\/blackholediscos.com\/#organization"},"potentialAction":[{"@type":"SearchAction","target":{"@type":"EntryPoint","urlTemplate":"https:\/\/blackholediscos.com\/?s={search_term_string}"},"query-input":{"@type":"PropertyValueSpecification","valueRequired":true,"valueName":"search_term_string"}}],"inLanguage":"en-US"},{"@type":"Organization","@id":"https:\/\/blackholediscos.com\/#organization","name":"Black Hole Discos","url":"https:\/\/blackholediscos.com\/","logo":{"@type":"ImageObject","inLanguage":"en-US","@id":"https:\/\/blackholediscos.com\/#\/schema\/logo\/image\/","url":"https:\/\/blackholediscos.com\/wp-content\/uploads\/2024\/06\/black-hole-discos-vinis-logo.png","contentUrl":"https:\/\/blackholediscos.com\/wp-content\/uploads\/2024\/06\/black-hole-discos-vinis-logo.png","width":70,"height":66,"caption":"Black Hole Discos"},"image":{"@id":"https:\/\/blackholediscos.com\/#\/schema\/logo\/image\/"},"sameAs":["https:\/\/www.instagram.com\/blackholediscos\/"]}]}},"_links":{"self":[{"href":"https:\/\/blackholediscos.com\/en\/wp-json\/wp\/v2\/product\/4161","targetHints":{"allow":["GET"]}}],"collection":[{"href":"https:\/\/blackholediscos.com\/en\/wp-json\/wp\/v2\/product"}],"about":[{"href":"https:\/\/blackholediscos.com\/en\/wp-json\/wp\/v2\/types\/product"}],"replies":[{"embeddable":true,"href":"https:\/\/blackholediscos.com\/en\/wp-json\/wp\/v2\/comments?post=4161"}],"wp:featuredmedia":[{"embeddable":true,"href":"https:\/\/blackholediscos.com\/en\/wp-json\/wp\/v2\/media\/4156"}],"wp:attachment":[{"href":"https:\/\/blackholediscos.com\/en\/wp-json\/wp\/v2\/media?parent=4161"}],"wp:term":[{"taxonomy":"product_brand","embeddable":true,"href":"https:\/\/blackholediscos.com\/en\/wp-json\/wp\/v2\/product_brand?post=4161"},{"taxonomy":"product_cat","embeddable":true,"href":"https:\/\/blackholediscos.com\/en\/wp-json\/wp\/v2\/product_cat?post=4161"},{"taxonomy":"product_tag","embeddable":true,"href":"https:\/\/blackholediscos.com\/en\/wp-json\/wp\/v2\/product_tag?post=4161"},{"taxonomy":"artista","embeddable":true,"href":"https:\/\/blackholediscos.com\/en\/wp-json\/wp\/v2\/artista?post=4161"},{"taxonomy":"produtora","embeddable":true,"href":"https:\/\/blackholediscos.com\/en\/wp-json\/wp\/v2\/produtora?post=4161"},{"taxonomy":"ano","embeddable":true,"href":"https:\/\/blackholediscos.com\/en\/wp-json\/wp\/v2\/ano?post=4161"}],"curies":[{"name":"wp","href":"https:\/\/api.w.org\/{rel}","templated":true}]}}