{"id":4116,"date":"2024-07-03T15:41:27","date_gmt":"2024-07-03T15:41:27","guid":{"rendered":"https:\/\/blackholediscos.com\/?post_type=product&#038;p=4116"},"modified":"2024-07-03T15:41:27","modified_gmt":"2024-07-03T15:41:27","slug":"ana-frango-eletrico-little-electric-chicken-heart","status":"publish","type":"product","link":"https:\/\/blackholediscos.com\/en\/product\/ana-frango-eletrico-little-electric-chicken-heart\/","title":{"rendered":"Ana Frango El\u00e9trico \u200e\u2013 Little Electric Chicken Heart"},"content":{"rendered":"<p>Primeira edi\u00e7\u00e3o brasileira lacrada de f\u00e1brica com autografo da artista Ana Frango e revista noize. <\/p>\n<p>     Noize Record Club \u2013 NRC035, Risco \u2013 NRC035<\/p>\n<p>1\t\tSaudade\t3:40<br \/>\n2\t\tPromessas E Previs\u00f5es\t3:42<br \/>\n3\t\tSe No Cinema\t3:41<br \/>\n4\t\tTem Certeza?\t3:50<br \/>\n5\t\tChocolate\t4:58<br \/>\n6\t\tVinheta\t1:02<br \/>\n7\t\tTorturadores\t2:55<br \/>\n8\t\tDevia Ter Ficado Menos\t3:09<br \/>\n9\t\tCaspa<\/p>","protected":false},"excerpt":{"rendered":"<p>Primeira edi\u00e7\u00e3o brasileira lacrada de f\u00e1brica com autografo da artista Ana Frango e revista noize. Noize Record Club \u2013 NRC035, Risco \u2013 NRC035 1 Saudade 3:40 2 Promessas E Previs\u00f5es 3:42 3 Se No Cinema 3:41 4 Tem Certeza? 3:50 5 Chocolate 4:58 6 Vinheta 1:02 7 Torturadores 2:55 8 Devia Ter Ficado Menos 3:09 [&hellip;]<\/p>\n","protected":false},"featured_media":4099,"comment_status":"open","ping_status":"closed","template":"","meta":{"_acf_changed":false},"product_brand":[],"product_cat":[130,234,78,515,39,138,698,48,173,310],"product_tag":[],"artista":[795],"produtora":[],"ano":[],"class_list":{"0":"post-4116","1":"product","2":"type-product","3":"status-publish","4":"has-post-thumbnail","6":"product_cat-bossa-nova","7":"product_cat-clube-noize","8":"product_cat-contemporaneos","9":"product_cat-jazz-latin","10":"product_cat-mpb","11":"product_cat-polysom","12":"product_cat-pop-alternativo","13":"product_cat-psicodelia","14":"product_cat-rock-alternativo","15":"product_cat-tropicalia","16":"artista-ana-frango-eletrico","18":"first","19":"instock","20":"shipping-taxable","21":"purchasable","22":"product-type-simple"},"acf":[],"yoast_head":"<!-- This site is optimized with the Yoast SEO plugin v27.3 - https:\/\/yoast.com\/product\/yoast-seo-wordpress\/ -->\n<title>Ana Frango El\u00e9trico \u200e\u2013 Little Electric Chicken Heart - Black Hole Discos<\/title>\n<meta name=\"robots\" content=\"index, follow, max-snippet:-1, max-image-preview:large, max-video-preview:-1\" \/>\n<link rel=\"canonical\" href=\"https:\/\/blackholediscos.com\/en\/product\/ana-frango-eletrico-little-electric-chicken-heart\/\" \/>\n<meta property=\"og:locale\" content=\"en_US\" \/>\n<meta property=\"og:type\" content=\"article\" \/>\n<meta property=\"og:title\" content=\"Ana Frango El\u00e9trico \u200e\u2013 Little Electric Chicken Heart - Black Hole Discos\" \/>\n<meta property=\"og:description\" content=\"Primeira edi\u00e7\u00e3o brasileira lacrada de f\u00e1brica com autografo da artista Ana Frango e revista noize. Noize Record Club \u2013 NRC035, Risco \u2013 NRC035 1 Saudade 3:40 2 Promessas E Previs\u00f5es 3:42 3 Se No Cinema 3:41 4 Tem Certeza? 3:50 5 Chocolate 4:58 6 Vinheta 1:02 7 Torturadores 2:55 8 Devia Ter Ficado Menos 3:09 [&hellip;]\" \/>\n<meta property=\"og:url\" content=\"https:\/\/blackholediscos.com\/en\/product\/ana-frango-eletrico-little-electric-chicken-heart\/\" \/>\n<meta property=\"og:site_name\" content=\"Black Hole Discos\" \/>\n<meta property=\"article:publisher\" content=\"https:\/\/www.instagram.com\/blackholediscos\/\" \/>\n<meta property=\"og:image\" content=\"https:\/\/blackholediscos.com\/wp-content\/uploads\/2024\/07\/WhatsApp-Image-2024-07-03-at-11.40.28-scaled.jpeg\" \/>\n\t<meta property=\"og:image:width\" content=\"2560\" \/>\n\t<meta property=\"og:image:height\" content=\"2560\" \/>\n\t<meta property=\"og:image:type\" content=\"image\/jpeg\" \/>\n<meta name=\"twitter:card\" content=\"summary_large_image\" \/>\n<meta name=\"twitter:label1\" content=\"Est. reading time\" \/>\n\t<meta name=\"twitter:data1\" content=\"1 minute\" \/>\n<script type=\"application\/ld+json\" class=\"yoast-schema-graph\">{\"@context\":\"https:\\\/\\\/schema.org\",\"@graph\":[{\"@type\":\"WebPage\",\"@id\":\"https:\\\/\\\/blackholediscos.com\\\/product\\\/ana-frango-eletrico-little-electric-chicken-heart\\\/\",\"url\":\"https:\\\/\\\/blackholediscos.com\\\/product\\\/ana-frango-eletrico-little-electric-chicken-heart\\\/\",\"name\":\"Ana Frango El\u00e9trico \u200e\u2013 Little Electric Chicken Heart - Black Hole Discos\",\"isPartOf\":{\"@id\":\"https:\\\/\\\/blackholediscos.com\\\/#website\"},\"primaryImageOfPage\":{\"@id\":\"https:\\\/\\\/blackholediscos.com\\\/product\\\/ana-frango-eletrico-little-electric-chicken-heart\\\/#primaryimage\"},\"image\":{\"@id\":\"https:\\\/\\\/blackholediscos.com\\\/product\\\/ana-frango-eletrico-little-electric-chicken-heart\\\/#primaryimage\"},\"thumbnailUrl\":\"https:\\\/\\\/blackholediscos.com\\\/wp-content\\\/uploads\\\/2024\\\/07\\\/WhatsApp-Image-2024-07-03-at-11.40.28-scaled.jpeg\",\"datePublished\":\"2024-07-03T15:41:27+00:00\",\"breadcrumb\":{\"@id\":\"https:\\\/\\\/blackholediscos.com\\\/product\\\/ana-frango-eletrico-little-electric-chicken-heart\\\/#breadcrumb\"},\"inLanguage\":\"en-US\",\"potentialAction\":[{\"@type\":\"ReadAction\",\"target\":[\"https:\\\/\\\/blackholediscos.com\\\/product\\\/ana-frango-eletrico-little-electric-chicken-heart\\\/\"]}]},{\"@type\":\"ImageObject\",\"inLanguage\":\"en-US\",\"@id\":\"https:\\\/\\\/blackholediscos.com\\\/product\\\/ana-frango-eletrico-little-electric-chicken-heart\\\/#primaryimage\",\"url\":\"https:\\\/\\\/blackholediscos.com\\\/wp-content\\\/uploads\\\/2024\\\/07\\\/WhatsApp-Image-2024-07-03-at-11.40.28-scaled.jpeg\",\"contentUrl\":\"https:\\\/\\\/blackholediscos.com\\\/wp-content\\\/uploads\\\/2024\\\/07\\\/WhatsApp-Image-2024-07-03-at-11.40.28-scaled.jpeg\",\"width\":2560,\"height\":2560},{\"@type\":\"BreadcrumbList\",\"@id\":\"https:\\\/\\\/blackholediscos.com\\\/product\\\/ana-frango-eletrico-little-electric-chicken-heart\\\/#breadcrumb\",\"itemListElement\":[{\"@type\":\"ListItem\",\"position\":1,\"name\":\"In\u00edcio\",\"item\":\"https:\\\/\\\/blackholediscos.com\\\/\"},{\"@type\":\"ListItem\",\"position\":2,\"name\":\"Shop\",\"item\":\"https:\\\/\\\/blackholediscos.com\\\/shop\\\/\"},{\"@type\":\"ListItem\",\"position\":3,\"name\":\"Ana Frango El\u00e9trico \u200e\u2013 Little Electric Chicken Heart\"}]},{\"@type\":\"WebSite\",\"@id\":\"https:\\\/\\\/blackholediscos.com\\\/#website\",\"url\":\"https:\\\/\\\/blackholediscos.com\\\/\",\"name\":\"Black Hole Discos\",\"description\":\"Brazilian music LPs\",\"publisher\":{\"@id\":\"https:\\\/\\\/blackholediscos.com\\\/#organization\"},\"potentialAction\":[{\"@type\":\"SearchAction\",\"target\":{\"@type\":\"EntryPoint\",\"urlTemplate\":\"https:\\\/\\\/blackholediscos.com\\\/?s={search_term_string}\"},\"query-input\":{\"@type\":\"PropertyValueSpecification\",\"valueRequired\":true,\"valueName\":\"search_term_string\"}}],\"inLanguage\":\"en-US\"},{\"@type\":\"Organization\",\"@id\":\"https:\\\/\\\/blackholediscos.com\\\/#organization\",\"name\":\"Black Hole Discos\",\"url\":\"https:\\\/\\\/blackholediscos.com\\\/\",\"logo\":{\"@type\":\"ImageObject\",\"inLanguage\":\"en-US\",\"@id\":\"https:\\\/\\\/blackholediscos.com\\\/#\\\/schema\\\/logo\\\/image\\\/\",\"url\":\"https:\\\/\\\/blackholediscos.com\\\/wp-content\\\/uploads\\\/2024\\\/06\\\/black-hole-discos-vinis-logo.png\",\"contentUrl\":\"https:\\\/\\\/blackholediscos.com\\\/wp-content\\\/uploads\\\/2024\\\/06\\\/black-hole-discos-vinis-logo.png\",\"width\":70,\"height\":66,\"caption\":\"Black Hole Discos\"},\"image\":{\"@id\":\"https:\\\/\\\/blackholediscos.com\\\/#\\\/schema\\\/logo\\\/image\\\/\"},\"sameAs\":[\"https:\\\/\\\/www.instagram.com\\\/blackholediscos\\\/\"]}]}<\/script>\n<!-- \/ Yoast SEO plugin. -->","yoast_head_json":{"title":"Ana Frango El\u00e9trico \u200e\u2013 Little Electric Chicken Heart - Black Hole Discos","robots":{"index":"index","follow":"follow","max-snippet":"max-snippet:-1","max-image-preview":"max-image-preview:large","max-video-preview":"max-video-preview:-1"},"canonical":"https:\/\/blackholediscos.com\/en\/product\/ana-frango-eletrico-little-electric-chicken-heart\/","og_locale":"en_US","og_type":"article","og_title":"Ana Frango El\u00e9trico \u200e\u2013 Little Electric Chicken Heart - Black Hole Discos","og_description":"Primeira edi\u00e7\u00e3o brasileira lacrada de f\u00e1brica com autografo da artista Ana Frango e revista noize. Noize Record Club \u2013 NRC035, Risco \u2013 NRC035 1 Saudade 3:40 2 Promessas E Previs\u00f5es 3:42 3 Se No Cinema 3:41 4 Tem Certeza? 3:50 5 Chocolate 4:58 6 Vinheta 1:02 7 Torturadores 2:55 8 Devia Ter Ficado Menos 3:09 [&hellip;]","og_url":"https:\/\/blackholediscos.com\/en\/product\/ana-frango-eletrico-little-electric-chicken-heart\/","og_site_name":"Black Hole Discos","article_publisher":"https:\/\/www.instagram.com\/blackholediscos\/","og_image":[{"width":2560,"height":2560,"url":"https:\/\/blackholediscos.com\/wp-content\/uploads\/2024\/07\/WhatsApp-Image-2024-07-03-at-11.40.28-scaled.jpeg","type":"image\/jpeg"}],"twitter_card":"summary_large_image","twitter_misc":{"Est. reading time":"1 minute"},"schema":{"@context":"https:\/\/schema.org","@graph":[{"@type":"WebPage","@id":"https:\/\/blackholediscos.com\/product\/ana-frango-eletrico-little-electric-chicken-heart\/","url":"https:\/\/blackholediscos.com\/product\/ana-frango-eletrico-little-electric-chicken-heart\/","name":"Ana Frango El\u00e9trico \u200e\u2013 Little Electric Chicken Heart - Black Hole Discos","isPartOf":{"@id":"https:\/\/blackholediscos.com\/#website"},"primaryImageOfPage":{"@id":"https:\/\/blackholediscos.com\/product\/ana-frango-eletrico-little-electric-chicken-heart\/#primaryimage"},"image":{"@id":"https:\/\/blackholediscos.com\/product\/ana-frango-eletrico-little-electric-chicken-heart\/#primaryimage"},"thumbnailUrl":"https:\/\/blackholediscos.com\/wp-content\/uploads\/2024\/07\/WhatsApp-Image-2024-07-03-at-11.40.28-scaled.jpeg","datePublished":"2024-07-03T15:41:27+00:00","breadcrumb":{"@id":"https:\/\/blackholediscos.com\/product\/ana-frango-eletrico-little-electric-chicken-heart\/#breadcrumb"},"inLanguage":"en-US","potentialAction":[{"@type":"ReadAction","target":["https:\/\/blackholediscos.com\/product\/ana-frango-eletrico-little-electric-chicken-heart\/"]}]},{"@type":"ImageObject","inLanguage":"en-US","@id":"https:\/\/blackholediscos.com\/product\/ana-frango-eletrico-little-electric-chicken-heart\/#primaryimage","url":"https:\/\/blackholediscos.com\/wp-content\/uploads\/2024\/07\/WhatsApp-Image-2024-07-03-at-11.40.28-scaled.jpeg","contentUrl":"https:\/\/blackholediscos.com\/wp-content\/uploads\/2024\/07\/WhatsApp-Image-2024-07-03-at-11.40.28-scaled.jpeg","width":2560,"height":2560},{"@type":"BreadcrumbList","@id":"https:\/\/blackholediscos.com\/product\/ana-frango-eletrico-little-electric-chicken-heart\/#breadcrumb","itemListElement":[{"@type":"ListItem","position":1,"name":"In\u00edcio","item":"https:\/\/blackholediscos.com\/"},{"@type":"ListItem","position":2,"name":"Shop","item":"https:\/\/blackholediscos.com\/shop\/"},{"@type":"ListItem","position":3,"name":"Ana Frango El\u00e9trico \u200e\u2013 Little Electric Chicken Heart"}]},{"@type":"WebSite","@id":"https:\/\/blackholediscos.com\/#website","url":"https:\/\/blackholediscos.com\/","name":"Black Hole Discos","description":"Brazilian music LPs","publisher":{"@id":"https:\/\/blackholediscos.com\/#organization"},"potentialAction":[{"@type":"SearchAction","target":{"@type":"EntryPoint","urlTemplate":"https:\/\/blackholediscos.com\/?s={search_term_string}"},"query-input":{"@type":"PropertyValueSpecification","valueRequired":true,"valueName":"search_term_string"}}],"inLanguage":"en-US"},{"@type":"Organization","@id":"https:\/\/blackholediscos.com\/#organization","name":"Black Hole Discos","url":"https:\/\/blackholediscos.com\/","logo":{"@type":"ImageObject","inLanguage":"en-US","@id":"https:\/\/blackholediscos.com\/#\/schema\/logo\/image\/","url":"https:\/\/blackholediscos.com\/wp-content\/uploads\/2024\/06\/black-hole-discos-vinis-logo.png","contentUrl":"https:\/\/blackholediscos.com\/wp-content\/uploads\/2024\/06\/black-hole-discos-vinis-logo.png","width":70,"height":66,"caption":"Black Hole Discos"},"image":{"@id":"https:\/\/blackholediscos.com\/#\/schema\/logo\/image\/"},"sameAs":["https:\/\/www.instagram.com\/blackholediscos\/"]}]}},"_links":{"self":[{"href":"https:\/\/blackholediscos.com\/en\/wp-json\/wp\/v2\/product\/4116","targetHints":{"allow":["GET"]}}],"collection":[{"href":"https:\/\/blackholediscos.com\/en\/wp-json\/wp\/v2\/product"}],"about":[{"href":"https:\/\/blackholediscos.com\/en\/wp-json\/wp\/v2\/types\/product"}],"replies":[{"embeddable":true,"href":"https:\/\/blackholediscos.com\/en\/wp-json\/wp\/v2\/comments?post=4116"}],"wp:featuredmedia":[{"embeddable":true,"href":"https:\/\/blackholediscos.com\/en\/wp-json\/wp\/v2\/media\/4099"}],"wp:attachment":[{"href":"https:\/\/blackholediscos.com\/en\/wp-json\/wp\/v2\/media?parent=4116"}],"wp:term":[{"taxonomy":"product_brand","embeddable":true,"href":"https:\/\/blackholediscos.com\/en\/wp-json\/wp\/v2\/product_brand?post=4116"},{"taxonomy":"product_cat","embeddable":true,"href":"https:\/\/blackholediscos.com\/en\/wp-json\/wp\/v2\/product_cat?post=4116"},{"taxonomy":"product_tag","embeddable":true,"href":"https:\/\/blackholediscos.com\/en\/wp-json\/wp\/v2\/product_tag?post=4116"},{"taxonomy":"artista","embeddable":true,"href":"https:\/\/blackholediscos.com\/en\/wp-json\/wp\/v2\/artista?post=4116"},{"taxonomy":"produtora","embeddable":true,"href":"https:\/\/blackholediscos.com\/en\/wp-json\/wp\/v2\/produtora?post=4116"},{"taxonomy":"ano","embeddable":true,"href":"https:\/\/blackholediscos.com\/en\/wp-json\/wp\/v2\/ano?post=4116"}],"curies":[{"name":"wp","href":"https:\/\/api.w.org\/{rel}","templated":true}]}}