{"id":4083,"date":"2024-07-03T14:21:05","date_gmt":"2024-07-03T14:21:05","guid":{"rendered":"https:\/\/blackholediscos.com\/?post_type=product&#038;p=4083"},"modified":"2024-07-03T14:23:02","modified_gmt":"2024-07-03T14:23:02","slug":"baianasystem-duas-cidades-2","status":"publish","type":"product","link":"https:\/\/blackholediscos.com\/en\/product\/baianasystem-duas-cidades-2\/","title":{"rendered":"BaianaSystem \u2013 Duas Cidades"},"content":{"rendered":"<p>LP primeira edi\u00e7\u00e3o Aberto em perfeitas condi\u00e7\u00f5es. Acompanha m\u00e1scara e adesivos originais da primeira edi\u00e7\u00e3o brasileira vinyland.<\/p>\n<p>\tVinyl Land \u2013 VL027<\/p>\n<p>A1\t\tJah Jah Revolta Parte 2<br \/>\nA2\t\tBala Na Agulha<br \/>\nA3\t\tLucro (Descomprimindo)<br \/>\nA4\t\tDuas Cidades<br \/>\nA5\t\tPanela<br \/>\nB1\t\tPlaysom<br \/>\nB2\t\tDia Da Ca\u00e7a<br \/>\nB3\t\tCigano<br \/>\nB4\t\tCalamatraca<br \/>\nB5\t\tBarra Avenida Parte 2<br \/>\nB6\t\tAzul<\/p>\n<p>Traditional Baianasystem\u00b4s mask come inside<\/p>","protected":false},"excerpt":{"rendered":"<p>LP primeira edi\u00e7\u00e3o Aberto em perfeitas condi\u00e7\u00f5es. Acompanha m\u00e1scara e adesivos originais da primeira edi\u00e7\u00e3o brasileira vinyland. Vinyl Land \u2013 VL027 A1 Jah Jah Revolta Parte 2 A2 Bala Na Agulha A3 Lucro (Descomprimindo) A4 Duas Cidades A5 Panela B1 Playsom B2 Dia Da Ca\u00e7a B3 Cigano B4 Calamatraca B5 Barra Avenida Parte 2 B6 [&hellip;]<\/p>\n","protected":false},"featured_media":4043,"comment_status":"open","ping_status":"closed","template":"","meta":{"_acf_changed":false},"product_brand":[],"product_cat":[724,131,530,78,506,39,173],"product_tag":[],"artista":[256],"produtora":[533],"ano":[288],"class_list":{"0":"post-4083","1":"product","2":"type-product","3":"status-publish","4":"has-post-thumbnail","6":"product_cat-afrobeat","7":"product_cat-afrobrasilidade","8":"product_cat-batucada","9":"product_cat-contemporaneos","10":"product_cat-hip-hop","11":"product_cat-mpb","12":"product_cat-rock-alternativo","13":"artista-baianasystem","14":"produtora-vinyl-land","15":"ano-288","17":"first","18":"instock","19":"shipping-taxable","20":"purchasable","21":"product-type-simple"},"acf":[],"yoast_head":"<!-- This site is optimized with the Yoast SEO plugin v27.3 - https:\/\/yoast.com\/product\/yoast-seo-wordpress\/ -->\n<title>BaianaSystem \u2013 Duas Cidades - Black Hole Discos<\/title>\n<meta name=\"robots\" content=\"index, follow, max-snippet:-1, max-image-preview:large, max-video-preview:-1\" \/>\n<link rel=\"canonical\" href=\"https:\/\/blackholediscos.com\/en\/product\/baianasystem-duas-cidades-2\/\" \/>\n<meta property=\"og:locale\" content=\"en_US\" \/>\n<meta property=\"og:type\" content=\"article\" \/>\n<meta property=\"og:title\" content=\"BaianaSystem \u2013 Duas Cidades - Black Hole Discos\" \/>\n<meta property=\"og:description\" content=\"LP primeira edi\u00e7\u00e3o Aberto em perfeitas condi\u00e7\u00f5es. Acompanha m\u00e1scara e adesivos originais da primeira edi\u00e7\u00e3o brasileira vinyland. Vinyl Land \u2013 VL027 A1 Jah Jah Revolta Parte 2 A2 Bala Na Agulha A3 Lucro (Descomprimindo) A4 Duas Cidades A5 Panela B1 Playsom B2 Dia Da Ca\u00e7a B3 Cigano B4 Calamatraca B5 Barra Avenida Parte 2 B6 [&hellip;]\" \/>\n<meta property=\"og:url\" content=\"https:\/\/blackholediscos.com\/en\/product\/baianasystem-duas-cidades-2\/\" \/>\n<meta property=\"og:site_name\" content=\"Black Hole Discos\" \/>\n<meta property=\"article:publisher\" content=\"https:\/\/www.instagram.com\/blackholediscos\/\" \/>\n<meta property=\"article:modified_time\" content=\"2024-07-03T14:23:02+00:00\" \/>\n<meta property=\"og:image\" content=\"https:\/\/blackholediscos.com\/wp-content\/uploads\/2024\/07\/WhatsApp-Image-2024-07-01-at-15.05.11-1-scaled.jpeg\" \/>\n\t<meta property=\"og:image:width\" content=\"2560\" \/>\n\t<meta property=\"og:image:height\" content=\"2560\" \/>\n\t<meta property=\"og:image:type\" content=\"image\/jpeg\" \/>\n<meta name=\"twitter:card\" content=\"summary_large_image\" \/>\n<meta name=\"twitter:label1\" content=\"Est. reading time\" \/>\n\t<meta name=\"twitter:data1\" content=\"1 minute\" \/>\n<script type=\"application\/ld+json\" class=\"yoast-schema-graph\">{\"@context\":\"https:\\\/\\\/schema.org\",\"@graph\":[{\"@type\":\"WebPage\",\"@id\":\"https:\\\/\\\/blackholediscos.com\\\/product\\\/baianasystem-duas-cidades-2\\\/\",\"url\":\"https:\\\/\\\/blackholediscos.com\\\/product\\\/baianasystem-duas-cidades-2\\\/\",\"name\":\"BaianaSystem \u2013 Duas Cidades - Black Hole Discos\",\"isPartOf\":{\"@id\":\"https:\\\/\\\/blackholediscos.com\\\/#website\"},\"primaryImageOfPage\":{\"@id\":\"https:\\\/\\\/blackholediscos.com\\\/product\\\/baianasystem-duas-cidades-2\\\/#primaryimage\"},\"image\":{\"@id\":\"https:\\\/\\\/blackholediscos.com\\\/product\\\/baianasystem-duas-cidades-2\\\/#primaryimage\"},\"thumbnailUrl\":\"https:\\\/\\\/blackholediscos.com\\\/wp-content\\\/uploads\\\/2024\\\/07\\\/WhatsApp-Image-2024-07-01-at-15.05.11-1-scaled.jpeg\",\"datePublished\":\"2024-07-03T14:21:05+00:00\",\"dateModified\":\"2024-07-03T14:23:02+00:00\",\"breadcrumb\":{\"@id\":\"https:\\\/\\\/blackholediscos.com\\\/product\\\/baianasystem-duas-cidades-2\\\/#breadcrumb\"},\"inLanguage\":\"en-US\",\"potentialAction\":[{\"@type\":\"ReadAction\",\"target\":[\"https:\\\/\\\/blackholediscos.com\\\/product\\\/baianasystem-duas-cidades-2\\\/\"]}]},{\"@type\":\"ImageObject\",\"inLanguage\":\"en-US\",\"@id\":\"https:\\\/\\\/blackholediscos.com\\\/product\\\/baianasystem-duas-cidades-2\\\/#primaryimage\",\"url\":\"https:\\\/\\\/blackholediscos.com\\\/wp-content\\\/uploads\\\/2024\\\/07\\\/WhatsApp-Image-2024-07-01-at-15.05.11-1-scaled.jpeg\",\"contentUrl\":\"https:\\\/\\\/blackholediscos.com\\\/wp-content\\\/uploads\\\/2024\\\/07\\\/WhatsApp-Image-2024-07-01-at-15.05.11-1-scaled.jpeg\",\"width\":2560,\"height\":2560},{\"@type\":\"BreadcrumbList\",\"@id\":\"https:\\\/\\\/blackholediscos.com\\\/product\\\/baianasystem-duas-cidades-2\\\/#breadcrumb\",\"itemListElement\":[{\"@type\":\"ListItem\",\"position\":1,\"name\":\"In\u00edcio\",\"item\":\"https:\\\/\\\/blackholediscos.com\\\/\"},{\"@type\":\"ListItem\",\"position\":2,\"name\":\"Shop\",\"item\":\"https:\\\/\\\/blackholediscos.com\\\/shop\\\/\"},{\"@type\":\"ListItem\",\"position\":3,\"name\":\"BaianaSystem \u2013 Duas Cidades\"}]},{\"@type\":\"WebSite\",\"@id\":\"https:\\\/\\\/blackholediscos.com\\\/#website\",\"url\":\"https:\\\/\\\/blackholediscos.com\\\/\",\"name\":\"Black Hole Discos\",\"description\":\"Brazilian music LPs\",\"publisher\":{\"@id\":\"https:\\\/\\\/blackholediscos.com\\\/#organization\"},\"potentialAction\":[{\"@type\":\"SearchAction\",\"target\":{\"@type\":\"EntryPoint\",\"urlTemplate\":\"https:\\\/\\\/blackholediscos.com\\\/?s={search_term_string}\"},\"query-input\":{\"@type\":\"PropertyValueSpecification\",\"valueRequired\":true,\"valueName\":\"search_term_string\"}}],\"inLanguage\":\"en-US\"},{\"@type\":\"Organization\",\"@id\":\"https:\\\/\\\/blackholediscos.com\\\/#organization\",\"name\":\"Black Hole Discos\",\"url\":\"https:\\\/\\\/blackholediscos.com\\\/\",\"logo\":{\"@type\":\"ImageObject\",\"inLanguage\":\"en-US\",\"@id\":\"https:\\\/\\\/blackholediscos.com\\\/#\\\/schema\\\/logo\\\/image\\\/\",\"url\":\"https:\\\/\\\/blackholediscos.com\\\/wp-content\\\/uploads\\\/2024\\\/06\\\/black-hole-discos-vinis-logo.png\",\"contentUrl\":\"https:\\\/\\\/blackholediscos.com\\\/wp-content\\\/uploads\\\/2024\\\/06\\\/black-hole-discos-vinis-logo.png\",\"width\":70,\"height\":66,\"caption\":\"Black Hole Discos\"},\"image\":{\"@id\":\"https:\\\/\\\/blackholediscos.com\\\/#\\\/schema\\\/logo\\\/image\\\/\"},\"sameAs\":[\"https:\\\/\\\/www.instagram.com\\\/blackholediscos\\\/\"]}]}<\/script>\n<!-- \/ Yoast SEO plugin. -->","yoast_head_json":{"title":"BaianaSystem \u2013 Duas Cidades - Black Hole Discos","robots":{"index":"index","follow":"follow","max-snippet":"max-snippet:-1","max-image-preview":"max-image-preview:large","max-video-preview":"max-video-preview:-1"},"canonical":"https:\/\/blackholediscos.com\/en\/product\/baianasystem-duas-cidades-2\/","og_locale":"en_US","og_type":"article","og_title":"BaianaSystem \u2013 Duas Cidades - Black Hole Discos","og_description":"LP primeira edi\u00e7\u00e3o Aberto em perfeitas condi\u00e7\u00f5es. Acompanha m\u00e1scara e adesivos originais da primeira edi\u00e7\u00e3o brasileira vinyland. Vinyl Land \u2013 VL027 A1 Jah Jah Revolta Parte 2 A2 Bala Na Agulha A3 Lucro (Descomprimindo) A4 Duas Cidades A5 Panela B1 Playsom B2 Dia Da Ca\u00e7a B3 Cigano B4 Calamatraca B5 Barra Avenida Parte 2 B6 [&hellip;]","og_url":"https:\/\/blackholediscos.com\/en\/product\/baianasystem-duas-cidades-2\/","og_site_name":"Black Hole Discos","article_publisher":"https:\/\/www.instagram.com\/blackholediscos\/","article_modified_time":"2024-07-03T14:23:02+00:00","og_image":[{"width":2560,"height":2560,"url":"https:\/\/blackholediscos.com\/wp-content\/uploads\/2024\/07\/WhatsApp-Image-2024-07-01-at-15.05.11-1-scaled.jpeg","type":"image\/jpeg"}],"twitter_card":"summary_large_image","twitter_misc":{"Est. reading time":"1 minute"},"schema":{"@context":"https:\/\/schema.org","@graph":[{"@type":"WebPage","@id":"https:\/\/blackholediscos.com\/product\/baianasystem-duas-cidades-2\/","url":"https:\/\/blackholediscos.com\/product\/baianasystem-duas-cidades-2\/","name":"BaianaSystem \u2013 Duas Cidades - Black Hole Discos","isPartOf":{"@id":"https:\/\/blackholediscos.com\/#website"},"primaryImageOfPage":{"@id":"https:\/\/blackholediscos.com\/product\/baianasystem-duas-cidades-2\/#primaryimage"},"image":{"@id":"https:\/\/blackholediscos.com\/product\/baianasystem-duas-cidades-2\/#primaryimage"},"thumbnailUrl":"https:\/\/blackholediscos.com\/wp-content\/uploads\/2024\/07\/WhatsApp-Image-2024-07-01-at-15.05.11-1-scaled.jpeg","datePublished":"2024-07-03T14:21:05+00:00","dateModified":"2024-07-03T14:23:02+00:00","breadcrumb":{"@id":"https:\/\/blackholediscos.com\/product\/baianasystem-duas-cidades-2\/#breadcrumb"},"inLanguage":"en-US","potentialAction":[{"@type":"ReadAction","target":["https:\/\/blackholediscos.com\/product\/baianasystem-duas-cidades-2\/"]}]},{"@type":"ImageObject","inLanguage":"en-US","@id":"https:\/\/blackholediscos.com\/product\/baianasystem-duas-cidades-2\/#primaryimage","url":"https:\/\/blackholediscos.com\/wp-content\/uploads\/2024\/07\/WhatsApp-Image-2024-07-01-at-15.05.11-1-scaled.jpeg","contentUrl":"https:\/\/blackholediscos.com\/wp-content\/uploads\/2024\/07\/WhatsApp-Image-2024-07-01-at-15.05.11-1-scaled.jpeg","width":2560,"height":2560},{"@type":"BreadcrumbList","@id":"https:\/\/blackholediscos.com\/product\/baianasystem-duas-cidades-2\/#breadcrumb","itemListElement":[{"@type":"ListItem","position":1,"name":"In\u00edcio","item":"https:\/\/blackholediscos.com\/"},{"@type":"ListItem","position":2,"name":"Shop","item":"https:\/\/blackholediscos.com\/shop\/"},{"@type":"ListItem","position":3,"name":"BaianaSystem \u2013 Duas Cidades"}]},{"@type":"WebSite","@id":"https:\/\/blackholediscos.com\/#website","url":"https:\/\/blackholediscos.com\/","name":"Black Hole Discos","description":"Brazilian music LPs","publisher":{"@id":"https:\/\/blackholediscos.com\/#organization"},"potentialAction":[{"@type":"SearchAction","target":{"@type":"EntryPoint","urlTemplate":"https:\/\/blackholediscos.com\/?s={search_term_string}"},"query-input":{"@type":"PropertyValueSpecification","valueRequired":true,"valueName":"search_term_string"}}],"inLanguage":"en-US"},{"@type":"Organization","@id":"https:\/\/blackholediscos.com\/#organization","name":"Black Hole Discos","url":"https:\/\/blackholediscos.com\/","logo":{"@type":"ImageObject","inLanguage":"en-US","@id":"https:\/\/blackholediscos.com\/#\/schema\/logo\/image\/","url":"https:\/\/blackholediscos.com\/wp-content\/uploads\/2024\/06\/black-hole-discos-vinis-logo.png","contentUrl":"https:\/\/blackholediscos.com\/wp-content\/uploads\/2024\/06\/black-hole-discos-vinis-logo.png","width":70,"height":66,"caption":"Black Hole Discos"},"image":{"@id":"https:\/\/blackholediscos.com\/#\/schema\/logo\/image\/"},"sameAs":["https:\/\/www.instagram.com\/blackholediscos\/"]}]}},"_links":{"self":[{"href":"https:\/\/blackholediscos.com\/en\/wp-json\/wp\/v2\/product\/4083","targetHints":{"allow":["GET"]}}],"collection":[{"href":"https:\/\/blackholediscos.com\/en\/wp-json\/wp\/v2\/product"}],"about":[{"href":"https:\/\/blackholediscos.com\/en\/wp-json\/wp\/v2\/types\/product"}],"replies":[{"embeddable":true,"href":"https:\/\/blackholediscos.com\/en\/wp-json\/wp\/v2\/comments?post=4083"}],"wp:featuredmedia":[{"embeddable":true,"href":"https:\/\/blackholediscos.com\/en\/wp-json\/wp\/v2\/media\/4043"}],"wp:attachment":[{"href":"https:\/\/blackholediscos.com\/en\/wp-json\/wp\/v2\/media?parent=4083"}],"wp:term":[{"taxonomy":"product_brand","embeddable":true,"href":"https:\/\/blackholediscos.com\/en\/wp-json\/wp\/v2\/product_brand?post=4083"},{"taxonomy":"product_cat","embeddable":true,"href":"https:\/\/blackholediscos.com\/en\/wp-json\/wp\/v2\/product_cat?post=4083"},{"taxonomy":"product_tag","embeddable":true,"href":"https:\/\/blackholediscos.com\/en\/wp-json\/wp\/v2\/product_tag?post=4083"},{"taxonomy":"artista","embeddable":true,"href":"https:\/\/blackholediscos.com\/en\/wp-json\/wp\/v2\/artista?post=4083"},{"taxonomy":"produtora","embeddable":true,"href":"https:\/\/blackholediscos.com\/en\/wp-json\/wp\/v2\/produtora?post=4083"},{"taxonomy":"ano","embeddable":true,"href":"https:\/\/blackholediscos.com\/en\/wp-json\/wp\/v2\/ano?post=4083"}],"curies":[{"name":"wp","href":"https:\/\/api.w.org\/{rel}","templated":true}]}}