{"id":3469,"date":"2024-06-27T15:53:24","date_gmt":"2024-06-27T15:53:24","guid":{"rendered":"https:\/\/blackholediscos.com\/?post_type=product&#038;p=3469"},"modified":"2024-06-27T15:53:24","modified_gmt":"2024-06-27T15:53:24","slug":"kiko-dinucci-na-boca-dos-outros","status":"publish","type":"product","link":"https:\/\/blackholediscos.com\/en\/product\/kiko-dinucci-na-boca-dos-outros\/","title":{"rendered":"Kiko Dinucci \u2013 Na Boca Dos Outros"},"content":{"rendered":"<p> LP lacrado de f\u00e1brica. Edi\u00e7\u00e3o vinil branco limitado a 300 c\u00f3pias.<\/p>\n<p>\tTr\u00eas Selos \u2013 TS-041<\/p>\n<p>1\t\tCiranda Para Jana\u00edna<br \/>\n2\t\tAnjo Protetor<br \/>\n3\t\tDepress\u00e3o Perif\u00e9rica<br \/>\n4\t\tPerua<br \/>\n5\t\tPartida Em Aruj\u00e1<br \/>\n6\t\tBala De Prata<br \/>\n7\t\tForr\u00f3 Do Homem Bomba<br \/>\n8\t\tPobre Star<br \/>\n9\t\tFuneral<br \/>\n10\t\tBom Jesus Da Cabe\u00e7a<br \/>\n11\t\tChoro Roots<br \/>\n12\t\tVila Esperan\u00e7a<br \/>\n13\t\tAgenda<br \/>\n14\t\tBal\u00e3o De Noivado<\/p>\n<p>Guitar \u2013 Kiko Dinucci<br \/>\nPercussion \u2013 Andr\u00e9 Magalh\u00e3es, Kiko Dinucci<br \/>\nSaxophone \u2013 Thiago Fran\u00e7a<br \/>\nVocals \u2013 Marcelo Pretto, Mauricio Pereira*<\/p>","protected":false},"excerpt":{"rendered":"<p>LP lacrado de f\u00e1brica. Edi\u00e7\u00e3o vinil branco limitado a 300 c\u00f3pias. Tr\u00eas Selos \u2013 TS-041 1 Ciranda Para Jana\u00edna 2 Anjo Protetor 3 Depress\u00e3o Perif\u00e9rica 4 Perua 5 Partida Em Aruj\u00e1 6 Bala De Prata 7 Forr\u00f3 Do Homem Bomba 8 Pobre Star 9 Funeral 10 Bom Jesus Da Cabe\u00e7a 11 Choro Roots 12 Vila [&hellip;]<\/p>\n","protected":false},"featured_media":3431,"comment_status":"open","ping_status":"closed","template":"","meta":{"_acf_changed":false},"product_brand":[],"product_cat":[39,35,173,643],"product_tag":[],"artista":[745],"produtora":[644],"ano":[282],"class_list":{"0":"post-3469","1":"product","2":"type-product","3":"status-publish","4":"has-post-thumbnail","6":"product_cat-mpb","7":"product_cat-rock","8":"product_cat-rock-alternativo","9":"product_cat-tres-selos","10":"artista-kiko-dinucci","11":"produtora-tres-selos","12":"ano-282","14":"first","15":"instock","16":"shipping-taxable","17":"purchasable","18":"product-type-simple"},"acf":[],"yoast_head":"<!-- This site is optimized with the Yoast SEO plugin v27.4 - https:\/\/yoast.com\/product\/yoast-seo-wordpress\/ -->\n<title>Kiko Dinucci \u2013 Na Boca Dos Outros - Black Hole Discos<\/title>\n<meta name=\"robots\" content=\"index, follow, max-snippet:-1, max-image-preview:large, max-video-preview:-1\" \/>\n<link rel=\"canonical\" href=\"https:\/\/blackholediscos.com\/en\/product\/kiko-dinucci-na-boca-dos-outros\/\" \/>\n<meta property=\"og:locale\" content=\"en_US\" \/>\n<meta property=\"og:type\" content=\"article\" \/>\n<meta property=\"og:title\" content=\"Kiko Dinucci \u2013 Na Boca Dos Outros - Black Hole Discos\" \/>\n<meta property=\"og:description\" content=\"LP lacrado de f\u00e1brica. Edi\u00e7\u00e3o vinil branco limitado a 300 c\u00f3pias. Tr\u00eas Selos \u2013 TS-041 1 Ciranda Para Jana\u00edna 2 Anjo Protetor 3 Depress\u00e3o Perif\u00e9rica 4 Perua 5 Partida Em Aruj\u00e1 6 Bala De Prata 7 Forr\u00f3 Do Homem Bomba 8 Pobre Star 9 Funeral 10 Bom Jesus Da Cabe\u00e7a 11 Choro Roots 12 Vila [&hellip;]\" \/>\n<meta property=\"og:url\" content=\"https:\/\/blackholediscos.com\/en\/product\/kiko-dinucci-na-boca-dos-outros\/\" \/>\n<meta property=\"og:site_name\" content=\"Black Hole Discos\" \/>\n<meta property=\"article:publisher\" content=\"https:\/\/www.instagram.com\/blackholediscos\/\" \/>\n<meta property=\"og:image\" content=\"https:\/\/blackholediscos.com\/wp-content\/uploads\/2024\/06\/IMG_5955-scaled.jpg\" \/>\n\t<meta property=\"og:image:width\" content=\"2560\" \/>\n\t<meta property=\"og:image:height\" content=\"2560\" \/>\n\t<meta property=\"og:image:type\" content=\"image\/jpeg\" \/>\n<meta name=\"twitter:card\" content=\"summary_large_image\" \/>\n<meta name=\"twitter:label1\" content=\"Est. reading time\" \/>\n\t<meta name=\"twitter:data1\" content=\"1 minute\" \/>\n<script type=\"application\/ld+json\" class=\"yoast-schema-graph\">{\"@context\":\"https:\\\/\\\/schema.org\",\"@graph\":[{\"@type\":\"WebPage\",\"@id\":\"https:\\\/\\\/blackholediscos.com\\\/product\\\/kiko-dinucci-na-boca-dos-outros\\\/\",\"url\":\"https:\\\/\\\/blackholediscos.com\\\/product\\\/kiko-dinucci-na-boca-dos-outros\\\/\",\"name\":\"Kiko Dinucci \u2013 Na Boca Dos Outros - Black Hole Discos\",\"isPartOf\":{\"@id\":\"https:\\\/\\\/blackholediscos.com\\\/#website\"},\"primaryImageOfPage\":{\"@id\":\"https:\\\/\\\/blackholediscos.com\\\/product\\\/kiko-dinucci-na-boca-dos-outros\\\/#primaryimage\"},\"image\":{\"@id\":\"https:\\\/\\\/blackholediscos.com\\\/product\\\/kiko-dinucci-na-boca-dos-outros\\\/#primaryimage\"},\"thumbnailUrl\":\"https:\\\/\\\/blackholediscos.com\\\/wp-content\\\/uploads\\\/2024\\\/06\\\/IMG_5955-scaled.jpg\",\"datePublished\":\"2024-06-27T15:53:24+00:00\",\"breadcrumb\":{\"@id\":\"https:\\\/\\\/blackholediscos.com\\\/product\\\/kiko-dinucci-na-boca-dos-outros\\\/#breadcrumb\"},\"inLanguage\":\"en-US\",\"potentialAction\":[{\"@type\":\"ReadAction\",\"target\":[\"https:\\\/\\\/blackholediscos.com\\\/product\\\/kiko-dinucci-na-boca-dos-outros\\\/\"]}]},{\"@type\":\"ImageObject\",\"inLanguage\":\"en-US\",\"@id\":\"https:\\\/\\\/blackholediscos.com\\\/product\\\/kiko-dinucci-na-boca-dos-outros\\\/#primaryimage\",\"url\":\"https:\\\/\\\/blackholediscos.com\\\/wp-content\\\/uploads\\\/2024\\\/06\\\/IMG_5955-scaled.jpg\",\"contentUrl\":\"https:\\\/\\\/blackholediscos.com\\\/wp-content\\\/uploads\\\/2024\\\/06\\\/IMG_5955-scaled.jpg\",\"width\":2560,\"height\":2560},{\"@type\":\"BreadcrumbList\",\"@id\":\"https:\\\/\\\/blackholediscos.com\\\/product\\\/kiko-dinucci-na-boca-dos-outros\\\/#breadcrumb\",\"itemListElement\":[{\"@type\":\"ListItem\",\"position\":1,\"name\":\"In\u00edcio\",\"item\":\"https:\\\/\\\/blackholediscos.com\\\/\"},{\"@type\":\"ListItem\",\"position\":2,\"name\":\"Shop\",\"item\":\"https:\\\/\\\/blackholediscos.com\\\/shop\\\/\"},{\"@type\":\"ListItem\",\"position\":3,\"name\":\"Kiko Dinucci \u2013 Na Boca Dos Outros\"}]},{\"@type\":\"WebSite\",\"@id\":\"https:\\\/\\\/blackholediscos.com\\\/#website\",\"url\":\"https:\\\/\\\/blackholediscos.com\\\/\",\"name\":\"Black Hole Discos\",\"description\":\"Brazilian music LPs\",\"publisher\":{\"@id\":\"https:\\\/\\\/blackholediscos.com\\\/#organization\"},\"potentialAction\":[{\"@type\":\"SearchAction\",\"target\":{\"@type\":\"EntryPoint\",\"urlTemplate\":\"https:\\\/\\\/blackholediscos.com\\\/?s={search_term_string}\"},\"query-input\":{\"@type\":\"PropertyValueSpecification\",\"valueRequired\":true,\"valueName\":\"search_term_string\"}}],\"inLanguage\":\"en-US\"},{\"@type\":\"Organization\",\"@id\":\"https:\\\/\\\/blackholediscos.com\\\/#organization\",\"name\":\"Black Hole Discos\",\"url\":\"https:\\\/\\\/blackholediscos.com\\\/\",\"logo\":{\"@type\":\"ImageObject\",\"inLanguage\":\"en-US\",\"@id\":\"https:\\\/\\\/blackholediscos.com\\\/#\\\/schema\\\/logo\\\/image\\\/\",\"url\":\"https:\\\/\\\/blackholediscos.com\\\/wp-content\\\/uploads\\\/2024\\\/06\\\/black-hole-discos-vinis-logo.png\",\"contentUrl\":\"https:\\\/\\\/blackholediscos.com\\\/wp-content\\\/uploads\\\/2024\\\/06\\\/black-hole-discos-vinis-logo.png\",\"width\":70,\"height\":66,\"caption\":\"Black Hole Discos\"},\"image\":{\"@id\":\"https:\\\/\\\/blackholediscos.com\\\/#\\\/schema\\\/logo\\\/image\\\/\"},\"sameAs\":[\"https:\\\/\\\/www.instagram.com\\\/blackholediscos\\\/\"]}]}<\/script>\n<!-- \/ Yoast SEO plugin. -->","yoast_head_json":{"title":"Kiko Dinucci \u2013 Na Boca Dos Outros - Black Hole Discos","robots":{"index":"index","follow":"follow","max-snippet":"max-snippet:-1","max-image-preview":"max-image-preview:large","max-video-preview":"max-video-preview:-1"},"canonical":"https:\/\/blackholediscos.com\/en\/product\/kiko-dinucci-na-boca-dos-outros\/","og_locale":"en_US","og_type":"article","og_title":"Kiko Dinucci \u2013 Na Boca Dos Outros - Black Hole Discos","og_description":"LP lacrado de f\u00e1brica. Edi\u00e7\u00e3o vinil branco limitado a 300 c\u00f3pias. Tr\u00eas Selos \u2013 TS-041 1 Ciranda Para Jana\u00edna 2 Anjo Protetor 3 Depress\u00e3o Perif\u00e9rica 4 Perua 5 Partida Em Aruj\u00e1 6 Bala De Prata 7 Forr\u00f3 Do Homem Bomba 8 Pobre Star 9 Funeral 10 Bom Jesus Da Cabe\u00e7a 11 Choro Roots 12 Vila [&hellip;]","og_url":"https:\/\/blackholediscos.com\/en\/product\/kiko-dinucci-na-boca-dos-outros\/","og_site_name":"Black Hole Discos","article_publisher":"https:\/\/www.instagram.com\/blackholediscos\/","og_image":[{"width":2560,"height":2560,"url":"https:\/\/blackholediscos.com\/wp-content\/uploads\/2024\/06\/IMG_5955-scaled.jpg","type":"image\/jpeg"}],"twitter_card":"summary_large_image","twitter_misc":{"Est. reading time":"1 minute"},"schema":{"@context":"https:\/\/schema.org","@graph":[{"@type":"WebPage","@id":"https:\/\/blackholediscos.com\/product\/kiko-dinucci-na-boca-dos-outros\/","url":"https:\/\/blackholediscos.com\/product\/kiko-dinucci-na-boca-dos-outros\/","name":"Kiko Dinucci \u2013 Na Boca Dos Outros - Black Hole Discos","isPartOf":{"@id":"https:\/\/blackholediscos.com\/#website"},"primaryImageOfPage":{"@id":"https:\/\/blackholediscos.com\/product\/kiko-dinucci-na-boca-dos-outros\/#primaryimage"},"image":{"@id":"https:\/\/blackholediscos.com\/product\/kiko-dinucci-na-boca-dos-outros\/#primaryimage"},"thumbnailUrl":"https:\/\/blackholediscos.com\/wp-content\/uploads\/2024\/06\/IMG_5955-scaled.jpg","datePublished":"2024-06-27T15:53:24+00:00","breadcrumb":{"@id":"https:\/\/blackholediscos.com\/product\/kiko-dinucci-na-boca-dos-outros\/#breadcrumb"},"inLanguage":"en-US","potentialAction":[{"@type":"ReadAction","target":["https:\/\/blackholediscos.com\/product\/kiko-dinucci-na-boca-dos-outros\/"]}]},{"@type":"ImageObject","inLanguage":"en-US","@id":"https:\/\/blackholediscos.com\/product\/kiko-dinucci-na-boca-dos-outros\/#primaryimage","url":"https:\/\/blackholediscos.com\/wp-content\/uploads\/2024\/06\/IMG_5955-scaled.jpg","contentUrl":"https:\/\/blackholediscos.com\/wp-content\/uploads\/2024\/06\/IMG_5955-scaled.jpg","width":2560,"height":2560},{"@type":"BreadcrumbList","@id":"https:\/\/blackholediscos.com\/product\/kiko-dinucci-na-boca-dos-outros\/#breadcrumb","itemListElement":[{"@type":"ListItem","position":1,"name":"In\u00edcio","item":"https:\/\/blackholediscos.com\/"},{"@type":"ListItem","position":2,"name":"Shop","item":"https:\/\/blackholediscos.com\/shop\/"},{"@type":"ListItem","position":3,"name":"Kiko Dinucci \u2013 Na Boca Dos Outros"}]},{"@type":"WebSite","@id":"https:\/\/blackholediscos.com\/#website","url":"https:\/\/blackholediscos.com\/","name":"Black Hole Discos","description":"Brazilian music LPs","publisher":{"@id":"https:\/\/blackholediscos.com\/#organization"},"potentialAction":[{"@type":"SearchAction","target":{"@type":"EntryPoint","urlTemplate":"https:\/\/blackholediscos.com\/?s={search_term_string}"},"query-input":{"@type":"PropertyValueSpecification","valueRequired":true,"valueName":"search_term_string"}}],"inLanguage":"en-US"},{"@type":"Organization","@id":"https:\/\/blackholediscos.com\/#organization","name":"Black Hole Discos","url":"https:\/\/blackholediscos.com\/","logo":{"@type":"ImageObject","inLanguage":"en-US","@id":"https:\/\/blackholediscos.com\/#\/schema\/logo\/image\/","url":"https:\/\/blackholediscos.com\/wp-content\/uploads\/2024\/06\/black-hole-discos-vinis-logo.png","contentUrl":"https:\/\/blackholediscos.com\/wp-content\/uploads\/2024\/06\/black-hole-discos-vinis-logo.png","width":70,"height":66,"caption":"Black Hole Discos"},"image":{"@id":"https:\/\/blackholediscos.com\/#\/schema\/logo\/image\/"},"sameAs":["https:\/\/www.instagram.com\/blackholediscos\/"]}]}},"_links":{"self":[{"href":"https:\/\/blackholediscos.com\/en\/wp-json\/wp\/v2\/product\/3469","targetHints":{"allow":["GET"]}}],"collection":[{"href":"https:\/\/blackholediscos.com\/en\/wp-json\/wp\/v2\/product"}],"about":[{"href":"https:\/\/blackholediscos.com\/en\/wp-json\/wp\/v2\/types\/product"}],"replies":[{"embeddable":true,"href":"https:\/\/blackholediscos.com\/en\/wp-json\/wp\/v2\/comments?post=3469"}],"wp:featuredmedia":[{"embeddable":true,"href":"https:\/\/blackholediscos.com\/en\/wp-json\/wp\/v2\/media\/3431"}],"wp:attachment":[{"href":"https:\/\/blackholediscos.com\/en\/wp-json\/wp\/v2\/media?parent=3469"}],"wp:term":[{"taxonomy":"product_brand","embeddable":true,"href":"https:\/\/blackholediscos.com\/en\/wp-json\/wp\/v2\/product_brand?post=3469"},{"taxonomy":"product_cat","embeddable":true,"href":"https:\/\/blackholediscos.com\/en\/wp-json\/wp\/v2\/product_cat?post=3469"},{"taxonomy":"product_tag","embeddable":true,"href":"https:\/\/blackholediscos.com\/en\/wp-json\/wp\/v2\/product_tag?post=3469"},{"taxonomy":"artista","embeddable":true,"href":"https:\/\/blackholediscos.com\/en\/wp-json\/wp\/v2\/artista?post=3469"},{"taxonomy":"produtora","embeddable":true,"href":"https:\/\/blackholediscos.com\/en\/wp-json\/wp\/v2\/produtora?post=3469"},{"taxonomy":"ano","embeddable":true,"href":"https:\/\/blackholediscos.com\/en\/wp-json\/wp\/v2\/ano?post=3469"}],"curies":[{"name":"wp","href":"https:\/\/api.w.org\/{rel}","templated":true}]}}