{"id":3367,"date":"2024-06-27T11:25:53","date_gmt":"2024-06-27T11:25:53","guid":{"rendered":"https:\/\/blackholediscos.com\/?post_type=product&#038;p=3367"},"modified":"2025-06-09T21:52:18","modified_gmt":"2025-06-09T21:52:18","slug":"ivete-criolo-viva-tim-maia","status":"publish","type":"product","link":"https:\/\/blackholediscos.com\/en\/product\/ivete-criolo-viva-tim-maia\/","title":{"rendered":"Ivete &#038; Criolo \u2013 Viva Tim Maia!"},"content":{"rendered":"<p>LP Lacrado de f\u00e1brica.<\/p>\n<p>Universal Music \u2013 060254749129, Oloko Records \u2013 060254749129<\/p>\n<p>A1\t\tN\u00e3o Quero Dinheiro (S\u00f3 Quero Amar)<br \/>\nA2\t\tPrimavera (Vai Chuva)<br \/>\nA3\t\tL\u00e1bios De Mel<br \/>\nA4\t\tTelefone<br \/>\nA5\t\tMe D\u00ea Motivo<br \/>\nB1\t\tR\u00e9u Confesso<br \/>\nB2\t\tChocolate<br \/>\nB3\t\tUm Dia De Domingo<br \/>\nB4\t\tAzul Da Cor Do Mar<br \/>\nB5\t\tCoron\u00e9 Antonio Bento<\/p>","protected":false},"excerpt":{"rendered":"<p>LP Lacrado de f\u00e1brica. Universal Music \u2013 060254749129, Oloko Records \u2013 060254749129 A1 N\u00e3o Quero Dinheiro (S\u00f3 Quero Amar) A2 Primavera (Vai Chuva) A3 L\u00e1bios De Mel A4 Telefone A5 Me D\u00ea Motivo B1 R\u00e9u Confesso B2 Chocolate B3 Um Dia De Domingo B4 Azul Da Cor Do Mar B5 Coron\u00e9 Antonio Bento<\/p>","protected":false},"featured_media":3347,"comment_status":"open","ping_status":"closed","template":"","meta":{"_acf_changed":false},"product_brand":[],"product_cat":[78,39,138,698],"product_tag":[],"artista":[711,761],"produtora":[193],"ano":[190],"class_list":{"0":"post-3367","1":"product","2":"type-product","3":"status-publish","4":"has-post-thumbnail","6":"product_cat-contemporaneos","7":"product_cat-mpb","8":"product_cat-polysom","9":"product_cat-pop-alternativo","10":"artista-criolo","11":"artista-ivete-sangalo","12":"produtora-universal","13":"ano-190","15":"first","16":"instock","17":"shipping-taxable","18":"purchasable","19":"product-type-simple"},"acf":[],"yoast_head":"<!-- This site is optimized with the Yoast SEO plugin v27.6 - https:\/\/yoast.com\/product\/yoast-seo-wordpress\/ -->\n<title>Ivete &amp; Criolo \u2013 Viva Tim Maia! - Black Hole Discos<\/title>\n<meta name=\"robots\" content=\"index, follow, max-snippet:-1, max-image-preview:large, max-video-preview:-1\" \/>\n<link rel=\"canonical\" href=\"https:\/\/blackholediscos.com\/en\/product\/ivete-criolo-viva-tim-maia\/\" \/>\n<meta property=\"og:locale\" content=\"en_US\" \/>\n<meta property=\"og:type\" content=\"article\" \/>\n<meta property=\"og:title\" content=\"Ivete &amp; Criolo \u2013 Viva Tim Maia! - Black Hole Discos\" \/>\n<meta property=\"og:description\" content=\"LP Lacrado de f\u00e1brica. Universal Music \u2013 060254749129, Oloko Records \u2013 060254749129 A1 N\u00e3o Quero Dinheiro (S\u00f3 Quero Amar) A2 Primavera (Vai Chuva) A3 L\u00e1bios De Mel A4 Telefone A5 Me D\u00ea Motivo B1 R\u00e9u Confesso B2 Chocolate B3 Um Dia De Domingo B4 Azul Da Cor Do Mar B5 Coron\u00e9 Antonio Bento\" \/>\n<meta property=\"og:url\" content=\"https:\/\/blackholediscos.com\/en\/product\/ivete-criolo-viva-tim-maia\/\" \/>\n<meta property=\"og:site_name\" content=\"Black Hole Discos\" \/>\n<meta property=\"article:publisher\" content=\"https:\/\/www.instagram.com\/blackholediscos\/\" \/>\n<meta property=\"article:modified_time\" content=\"2025-06-09T21:52:18+00:00\" \/>\n<meta property=\"og:image\" content=\"https:\/\/blackholediscos.com\/wp-content\/uploads\/2024\/06\/IMG_5840-scaled.jpg\" \/>\n\t<meta property=\"og:image:width\" content=\"2560\" \/>\n\t<meta property=\"og:image:height\" content=\"2560\" \/>\n\t<meta property=\"og:image:type\" content=\"image\/jpeg\" \/>\n<meta name=\"twitter:card\" content=\"summary_large_image\" \/>\n<meta name=\"twitter:label1\" content=\"Est. reading time\" \/>\n\t<meta name=\"twitter:data1\" content=\"1 minute\" \/>\n<script type=\"application\/ld+json\" class=\"yoast-schema-graph\">{\"@context\":\"https:\\\/\\\/schema.org\",\"@graph\":[{\"@type\":\"WebPage\",\"@id\":\"https:\\\/\\\/blackholediscos.com\\\/product\\\/ivete-criolo-viva-tim-maia\\\/\",\"url\":\"https:\\\/\\\/blackholediscos.com\\\/product\\\/ivete-criolo-viva-tim-maia\\\/\",\"name\":\"Ivete & Criolo \u2013 Viva Tim Maia! - Black Hole Discos\",\"isPartOf\":{\"@id\":\"https:\\\/\\\/blackholediscos.com\\\/#website\"},\"primaryImageOfPage\":{\"@id\":\"https:\\\/\\\/blackholediscos.com\\\/product\\\/ivete-criolo-viva-tim-maia\\\/#primaryimage\"},\"image\":{\"@id\":\"https:\\\/\\\/blackholediscos.com\\\/product\\\/ivete-criolo-viva-tim-maia\\\/#primaryimage\"},\"thumbnailUrl\":\"https:\\\/\\\/blackholediscos.com\\\/wp-content\\\/uploads\\\/2024\\\/06\\\/IMG_5840-scaled.jpg\",\"datePublished\":\"2024-06-27T11:25:53+00:00\",\"dateModified\":\"2025-06-09T21:52:18+00:00\",\"breadcrumb\":{\"@id\":\"https:\\\/\\\/blackholediscos.com\\\/product\\\/ivete-criolo-viva-tim-maia\\\/#breadcrumb\"},\"inLanguage\":\"en-US\",\"potentialAction\":[{\"@type\":\"ReadAction\",\"target\":[\"https:\\\/\\\/blackholediscos.com\\\/product\\\/ivete-criolo-viva-tim-maia\\\/\"]}]},{\"@type\":\"ImageObject\",\"inLanguage\":\"en-US\",\"@id\":\"https:\\\/\\\/blackholediscos.com\\\/product\\\/ivete-criolo-viva-tim-maia\\\/#primaryimage\",\"url\":\"https:\\\/\\\/blackholediscos.com\\\/wp-content\\\/uploads\\\/2024\\\/06\\\/IMG_5840-scaled.jpg\",\"contentUrl\":\"https:\\\/\\\/blackholediscos.com\\\/wp-content\\\/uploads\\\/2024\\\/06\\\/IMG_5840-scaled.jpg\",\"width\":2560,\"height\":2560},{\"@type\":\"BreadcrumbList\",\"@id\":\"https:\\\/\\\/blackholediscos.com\\\/product\\\/ivete-criolo-viva-tim-maia\\\/#breadcrumb\",\"itemListElement\":[{\"@type\":\"ListItem\",\"position\":1,\"name\":\"In\u00edcio\",\"item\":\"https:\\\/\\\/blackholediscos.com\\\/\"},{\"@type\":\"ListItem\",\"position\":2,\"name\":\"Shop\",\"item\":\"https:\\\/\\\/blackholediscos.com\\\/shop\\\/\"},{\"@type\":\"ListItem\",\"position\":3,\"name\":\"Ivete &#038; Criolo \u2013 Viva Tim Maia!\"}]},{\"@type\":\"WebSite\",\"@id\":\"https:\\\/\\\/blackholediscos.com\\\/#website\",\"url\":\"https:\\\/\\\/blackholediscos.com\\\/\",\"name\":\"Black Hole Discos\",\"description\":\"Brazilian music LPs\",\"publisher\":{\"@id\":\"https:\\\/\\\/blackholediscos.com\\\/#organization\"},\"potentialAction\":[{\"@type\":\"SearchAction\",\"target\":{\"@type\":\"EntryPoint\",\"urlTemplate\":\"https:\\\/\\\/blackholediscos.com\\\/?s={search_term_string}\"},\"query-input\":{\"@type\":\"PropertyValueSpecification\",\"valueRequired\":true,\"valueName\":\"search_term_string\"}}],\"inLanguage\":\"en-US\"},{\"@type\":\"Organization\",\"@id\":\"https:\\\/\\\/blackholediscos.com\\\/#organization\",\"name\":\"Black Hole Discos\",\"url\":\"https:\\\/\\\/blackholediscos.com\\\/\",\"logo\":{\"@type\":\"ImageObject\",\"inLanguage\":\"en-US\",\"@id\":\"https:\\\/\\\/blackholediscos.com\\\/#\\\/schema\\\/logo\\\/image\\\/\",\"url\":\"https:\\\/\\\/blackholediscos.com\\\/wp-content\\\/uploads\\\/2024\\\/06\\\/black-hole-discos-vinis-logo.png\",\"contentUrl\":\"https:\\\/\\\/blackholediscos.com\\\/wp-content\\\/uploads\\\/2024\\\/06\\\/black-hole-discos-vinis-logo.png\",\"width\":70,\"height\":66,\"caption\":\"Black Hole Discos\"},\"image\":{\"@id\":\"https:\\\/\\\/blackholediscos.com\\\/#\\\/schema\\\/logo\\\/image\\\/\"},\"sameAs\":[\"https:\\\/\\\/www.instagram.com\\\/blackholediscos\\\/\"]}]}<\/script>\n<!-- \/ Yoast SEO plugin. -->","yoast_head_json":{"title":"Ivete & Criolo \u2013 Viva Tim Maia! - Black Hole Discos","robots":{"index":"index","follow":"follow","max-snippet":"max-snippet:-1","max-image-preview":"max-image-preview:large","max-video-preview":"max-video-preview:-1"},"canonical":"https:\/\/blackholediscos.com\/en\/product\/ivete-criolo-viva-tim-maia\/","og_locale":"en_US","og_type":"article","og_title":"Ivete & Criolo \u2013 Viva Tim Maia! - Black Hole Discos","og_description":"LP Lacrado de f\u00e1brica. Universal Music \u2013 060254749129, Oloko Records \u2013 060254749129 A1 N\u00e3o Quero Dinheiro (S\u00f3 Quero Amar) A2 Primavera (Vai Chuva) A3 L\u00e1bios De Mel A4 Telefone A5 Me D\u00ea Motivo B1 R\u00e9u Confesso B2 Chocolate B3 Um Dia De Domingo B4 Azul Da Cor Do Mar B5 Coron\u00e9 Antonio Bento","og_url":"https:\/\/blackholediscos.com\/en\/product\/ivete-criolo-viva-tim-maia\/","og_site_name":"Black Hole Discos","article_publisher":"https:\/\/www.instagram.com\/blackholediscos\/","article_modified_time":"2025-06-09T21:52:18+00:00","og_image":[{"width":2560,"height":2560,"url":"https:\/\/blackholediscos.com\/wp-content\/uploads\/2024\/06\/IMG_5840-scaled.jpg","type":"image\/jpeg"}],"twitter_card":"summary_large_image","twitter_misc":{"Est. reading time":"1 minute"},"schema":{"@context":"https:\/\/schema.org","@graph":[{"@type":"WebPage","@id":"https:\/\/blackholediscos.com\/product\/ivete-criolo-viva-tim-maia\/","url":"https:\/\/blackholediscos.com\/product\/ivete-criolo-viva-tim-maia\/","name":"Ivete & Criolo \u2013 Viva Tim Maia! - Black Hole Discos","isPartOf":{"@id":"https:\/\/blackholediscos.com\/#website"},"primaryImageOfPage":{"@id":"https:\/\/blackholediscos.com\/product\/ivete-criolo-viva-tim-maia\/#primaryimage"},"image":{"@id":"https:\/\/blackholediscos.com\/product\/ivete-criolo-viva-tim-maia\/#primaryimage"},"thumbnailUrl":"https:\/\/blackholediscos.com\/wp-content\/uploads\/2024\/06\/IMG_5840-scaled.jpg","datePublished":"2024-06-27T11:25:53+00:00","dateModified":"2025-06-09T21:52:18+00:00","breadcrumb":{"@id":"https:\/\/blackholediscos.com\/product\/ivete-criolo-viva-tim-maia\/#breadcrumb"},"inLanguage":"en-US","potentialAction":[{"@type":"ReadAction","target":["https:\/\/blackholediscos.com\/product\/ivete-criolo-viva-tim-maia\/"]}]},{"@type":"ImageObject","inLanguage":"en-US","@id":"https:\/\/blackholediscos.com\/product\/ivete-criolo-viva-tim-maia\/#primaryimage","url":"https:\/\/blackholediscos.com\/wp-content\/uploads\/2024\/06\/IMG_5840-scaled.jpg","contentUrl":"https:\/\/blackholediscos.com\/wp-content\/uploads\/2024\/06\/IMG_5840-scaled.jpg","width":2560,"height":2560},{"@type":"BreadcrumbList","@id":"https:\/\/blackholediscos.com\/product\/ivete-criolo-viva-tim-maia\/#breadcrumb","itemListElement":[{"@type":"ListItem","position":1,"name":"In\u00edcio","item":"https:\/\/blackholediscos.com\/"},{"@type":"ListItem","position":2,"name":"Shop","item":"https:\/\/blackholediscos.com\/shop\/"},{"@type":"ListItem","position":3,"name":"Ivete &#038; Criolo \u2013 Viva Tim Maia!"}]},{"@type":"WebSite","@id":"https:\/\/blackholediscos.com\/#website","url":"https:\/\/blackholediscos.com\/","name":"Black Hole Discos","description":"Brazilian music LPs","publisher":{"@id":"https:\/\/blackholediscos.com\/#organization"},"potentialAction":[{"@type":"SearchAction","target":{"@type":"EntryPoint","urlTemplate":"https:\/\/blackholediscos.com\/?s={search_term_string}"},"query-input":{"@type":"PropertyValueSpecification","valueRequired":true,"valueName":"search_term_string"}}],"inLanguage":"en-US"},{"@type":"Organization","@id":"https:\/\/blackholediscos.com\/#organization","name":"Black Hole Discos","url":"https:\/\/blackholediscos.com\/","logo":{"@type":"ImageObject","inLanguage":"en-US","@id":"https:\/\/blackholediscos.com\/#\/schema\/logo\/image\/","url":"https:\/\/blackholediscos.com\/wp-content\/uploads\/2024\/06\/black-hole-discos-vinis-logo.png","contentUrl":"https:\/\/blackholediscos.com\/wp-content\/uploads\/2024\/06\/black-hole-discos-vinis-logo.png","width":70,"height":66,"caption":"Black Hole Discos"},"image":{"@id":"https:\/\/blackholediscos.com\/#\/schema\/logo\/image\/"},"sameAs":["https:\/\/www.instagram.com\/blackholediscos\/"]}]}},"_links":{"self":[{"href":"https:\/\/blackholediscos.com\/en\/wp-json\/wp\/v2\/product\/3367","targetHints":{"allow":["GET"]}}],"collection":[{"href":"https:\/\/blackholediscos.com\/en\/wp-json\/wp\/v2\/product"}],"about":[{"href":"https:\/\/blackholediscos.com\/en\/wp-json\/wp\/v2\/types\/product"}],"replies":[{"embeddable":true,"href":"https:\/\/blackholediscos.com\/en\/wp-json\/wp\/v2\/comments?post=3367"}],"wp:featuredmedia":[{"embeddable":true,"href":"https:\/\/blackholediscos.com\/en\/wp-json\/wp\/v2\/media\/3347"}],"wp:attachment":[{"href":"https:\/\/blackholediscos.com\/en\/wp-json\/wp\/v2\/media?parent=3367"}],"wp:term":[{"taxonomy":"product_brand","embeddable":true,"href":"https:\/\/blackholediscos.com\/en\/wp-json\/wp\/v2\/product_brand?post=3367"},{"taxonomy":"product_cat","embeddable":true,"href":"https:\/\/blackholediscos.com\/en\/wp-json\/wp\/v2\/product_cat?post=3367"},{"taxonomy":"product_tag","embeddable":true,"href":"https:\/\/blackholediscos.com\/en\/wp-json\/wp\/v2\/product_tag?post=3367"},{"taxonomy":"artista","embeddable":true,"href":"https:\/\/blackholediscos.com\/en\/wp-json\/wp\/v2\/artista?post=3367"},{"taxonomy":"produtora","embeddable":true,"href":"https:\/\/blackholediscos.com\/en\/wp-json\/wp\/v2\/produtora?post=3367"},{"taxonomy":"ano","embeddable":true,"href":"https:\/\/blackholediscos.com\/en\/wp-json\/wp\/v2\/ano?post=3367"}],"curies":[{"name":"wp","href":"https:\/\/api.w.org\/{rel}","templated":true}]}}