{"id":3291,"date":"2024-06-26T21:55:35","date_gmt":"2024-06-26T21:55:35","guid":{"rendered":"https:\/\/blackholediscos.com\/?post_type=product&#038;p=3291"},"modified":"2024-06-26T21:55:35","modified_gmt":"2024-06-26T21:55:35","slug":"gui-amabis-trabalhos-carnivoros","status":"publish","type":"product","link":"https:\/\/blackholediscos.com\/en\/product\/gui-amabis-trabalhos-carnivoros\/","title":{"rendered":"Gui Amabis \u2013 Trabalhos Carnivoros"},"content":{"rendered":"<p>LP Aberto em perfeitas condi\u00e7\u00f5es.<\/p>\n<p>YB Music \u2013 BR6G712000<\/p>\n<p>A1\t\tTrabalhos Carn\u00edvoros<br \/>\nA2\t\tMerece Quem Aceita<br \/>\nA3\t\tTiro<br \/>\nA4\t\tPena Mais Que Perfeita<br \/>\nA5\t\tDeus E Seu Guardi\u00e3o<br \/>\nB1\t\tCrep\u00fasculo<br \/>\nB2\t\tConsulta Mental<br \/>\nB3\t\tPausa<br \/>\nB4\t\tUm Bom Filme<br \/>\nB5\t\tMenino Horr\u00edvel <\/p>","protected":false},"excerpt":{"rendered":"<p>LP Aberto em perfeitas condi\u00e7\u00f5es. YB Music \u2013 BR6G712000 A1 Trabalhos Carn\u00edvoros A2 Merece Quem Aceita A3 Tiro A4 Pena Mais Que Perfeita A5 Deus E Seu Guardi\u00e3o B1 Crep\u00fasculo B2 Consulta Mental B3 Pausa B4 Um Bom Filme B5 Menino Horr\u00edvel<\/p>","protected":false},"featured_media":3154,"comment_status":"open","ping_status":"closed","template":"","meta":{"_acf_changed":false},"product_brand":[],"product_cat":[78,508,39,173,24],"product_tag":[],"artista":[747],"produtora":[748],"ano":[227],"class_list":{"0":"post-3291","1":"product","2":"type-product","3":"status-publish","4":"has-post-thumbnail","6":"product_cat-contemporaneos","7":"product_cat-folk-rock","8":"product_cat-mpb","9":"product_cat-rock-alternativo","10":"product_cat-samba","11":"artista-gui-amabis","12":"produtora-yb-music","13":"ano-227","15":"first","16":"instock","17":"shipping-taxable","18":"purchasable","19":"product-type-simple"},"acf":[],"yoast_head":"<!-- This site is optimized with the Yoast SEO plugin v27.4 - https:\/\/yoast.com\/product\/yoast-seo-wordpress\/ -->\n<title>Gui Amabis \u2013 Trabalhos Carnivoros - Black Hole Discos<\/title>\n<meta name=\"robots\" content=\"index, follow, max-snippet:-1, max-image-preview:large, max-video-preview:-1\" \/>\n<link rel=\"canonical\" href=\"https:\/\/blackholediscos.com\/en\/product\/gui-amabis-trabalhos-carnivoros\/\" \/>\n<meta property=\"og:locale\" content=\"en_US\" \/>\n<meta property=\"og:type\" content=\"article\" \/>\n<meta property=\"og:title\" content=\"Gui Amabis \u2013 Trabalhos Carnivoros - Black Hole Discos\" \/>\n<meta property=\"og:description\" content=\"LP Aberto em perfeitas condi\u00e7\u00f5es. YB Music \u2013 BR6G712000 A1 Trabalhos Carn\u00edvoros A2 Merece Quem Aceita A3 Tiro A4 Pena Mais Que Perfeita A5 Deus E Seu Guardi\u00e3o B1 Crep\u00fasculo B2 Consulta Mental B3 Pausa B4 Um Bom Filme B5 Menino Horr\u00edvel\" \/>\n<meta property=\"og:url\" content=\"https:\/\/blackholediscos.com\/en\/product\/gui-amabis-trabalhos-carnivoros\/\" \/>\n<meta property=\"og:site_name\" content=\"Black Hole Discos\" \/>\n<meta property=\"article:publisher\" content=\"https:\/\/www.instagram.com\/blackholediscos\/\" \/>\n<meta property=\"og:image\" content=\"https:\/\/blackholediscos.com\/wp-content\/uploads\/2024\/06\/IMG_5794-scaled-e1719438627927.jpg\" \/>\n\t<meta property=\"og:image:width\" content=\"2560\" \/>\n\t<meta property=\"og:image:height\" content=\"2560\" \/>\n\t<meta property=\"og:image:type\" content=\"image\/jpeg\" \/>\n<meta name=\"twitter:card\" content=\"summary_large_image\" \/>\n<meta name=\"twitter:label1\" content=\"Est. reading time\" \/>\n\t<meta name=\"twitter:data1\" content=\"1 minute\" \/>\n<script type=\"application\/ld+json\" class=\"yoast-schema-graph\">{\"@context\":\"https:\\\/\\\/schema.org\",\"@graph\":[{\"@type\":\"WebPage\",\"@id\":\"https:\\\/\\\/blackholediscos.com\\\/product\\\/gui-amabis-trabalhos-carnivoros\\\/\",\"url\":\"https:\\\/\\\/blackholediscos.com\\\/product\\\/gui-amabis-trabalhos-carnivoros\\\/\",\"name\":\"Gui Amabis \u2013 Trabalhos Carnivoros - Black Hole Discos\",\"isPartOf\":{\"@id\":\"https:\\\/\\\/blackholediscos.com\\\/#website\"},\"primaryImageOfPage\":{\"@id\":\"https:\\\/\\\/blackholediscos.com\\\/product\\\/gui-amabis-trabalhos-carnivoros\\\/#primaryimage\"},\"image\":{\"@id\":\"https:\\\/\\\/blackholediscos.com\\\/product\\\/gui-amabis-trabalhos-carnivoros\\\/#primaryimage\"},\"thumbnailUrl\":\"https:\\\/\\\/blackholediscos.com\\\/wp-content\\\/uploads\\\/2024\\\/06\\\/IMG_5794-scaled-e1719438627927.jpg\",\"datePublished\":\"2024-06-26T21:55:35+00:00\",\"breadcrumb\":{\"@id\":\"https:\\\/\\\/blackholediscos.com\\\/product\\\/gui-amabis-trabalhos-carnivoros\\\/#breadcrumb\"},\"inLanguage\":\"en-US\",\"potentialAction\":[{\"@type\":\"ReadAction\",\"target\":[\"https:\\\/\\\/blackholediscos.com\\\/product\\\/gui-amabis-trabalhos-carnivoros\\\/\"]}]},{\"@type\":\"ImageObject\",\"inLanguage\":\"en-US\",\"@id\":\"https:\\\/\\\/blackholediscos.com\\\/product\\\/gui-amabis-trabalhos-carnivoros\\\/#primaryimage\",\"url\":\"https:\\\/\\\/blackholediscos.com\\\/wp-content\\\/uploads\\\/2024\\\/06\\\/IMG_5794-scaled-e1719438627927.jpg\",\"contentUrl\":\"https:\\\/\\\/blackholediscos.com\\\/wp-content\\\/uploads\\\/2024\\\/06\\\/IMG_5794-scaled-e1719438627927.jpg\",\"width\":2560,\"height\":2560},{\"@type\":\"BreadcrumbList\",\"@id\":\"https:\\\/\\\/blackholediscos.com\\\/product\\\/gui-amabis-trabalhos-carnivoros\\\/#breadcrumb\",\"itemListElement\":[{\"@type\":\"ListItem\",\"position\":1,\"name\":\"In\u00edcio\",\"item\":\"https:\\\/\\\/blackholediscos.com\\\/\"},{\"@type\":\"ListItem\",\"position\":2,\"name\":\"Shop\",\"item\":\"https:\\\/\\\/blackholediscos.com\\\/shop\\\/\"},{\"@type\":\"ListItem\",\"position\":3,\"name\":\"Gui Amabis \u2013 Trabalhos Carnivoros\"}]},{\"@type\":\"WebSite\",\"@id\":\"https:\\\/\\\/blackholediscos.com\\\/#website\",\"url\":\"https:\\\/\\\/blackholediscos.com\\\/\",\"name\":\"Black Hole Discos\",\"description\":\"Brazilian music LPs\",\"publisher\":{\"@id\":\"https:\\\/\\\/blackholediscos.com\\\/#organization\"},\"potentialAction\":[{\"@type\":\"SearchAction\",\"target\":{\"@type\":\"EntryPoint\",\"urlTemplate\":\"https:\\\/\\\/blackholediscos.com\\\/?s={search_term_string}\"},\"query-input\":{\"@type\":\"PropertyValueSpecification\",\"valueRequired\":true,\"valueName\":\"search_term_string\"}}],\"inLanguage\":\"en-US\"},{\"@type\":\"Organization\",\"@id\":\"https:\\\/\\\/blackholediscos.com\\\/#organization\",\"name\":\"Black Hole Discos\",\"url\":\"https:\\\/\\\/blackholediscos.com\\\/\",\"logo\":{\"@type\":\"ImageObject\",\"inLanguage\":\"en-US\",\"@id\":\"https:\\\/\\\/blackholediscos.com\\\/#\\\/schema\\\/logo\\\/image\\\/\",\"url\":\"https:\\\/\\\/blackholediscos.com\\\/wp-content\\\/uploads\\\/2024\\\/06\\\/black-hole-discos-vinis-logo.png\",\"contentUrl\":\"https:\\\/\\\/blackholediscos.com\\\/wp-content\\\/uploads\\\/2024\\\/06\\\/black-hole-discos-vinis-logo.png\",\"width\":70,\"height\":66,\"caption\":\"Black Hole Discos\"},\"image\":{\"@id\":\"https:\\\/\\\/blackholediscos.com\\\/#\\\/schema\\\/logo\\\/image\\\/\"},\"sameAs\":[\"https:\\\/\\\/www.instagram.com\\\/blackholediscos\\\/\"]}]}<\/script>\n<!-- \/ Yoast SEO plugin. -->","yoast_head_json":{"title":"Gui Amabis \u2013 Trabalhos Carnivoros - Black Hole Discos","robots":{"index":"index","follow":"follow","max-snippet":"max-snippet:-1","max-image-preview":"max-image-preview:large","max-video-preview":"max-video-preview:-1"},"canonical":"https:\/\/blackholediscos.com\/en\/product\/gui-amabis-trabalhos-carnivoros\/","og_locale":"en_US","og_type":"article","og_title":"Gui Amabis \u2013 Trabalhos Carnivoros - Black Hole Discos","og_description":"LP Aberto em perfeitas condi\u00e7\u00f5es. YB Music \u2013 BR6G712000 A1 Trabalhos Carn\u00edvoros A2 Merece Quem Aceita A3 Tiro A4 Pena Mais Que Perfeita A5 Deus E Seu Guardi\u00e3o B1 Crep\u00fasculo B2 Consulta Mental B3 Pausa B4 Um Bom Filme B5 Menino Horr\u00edvel","og_url":"https:\/\/blackholediscos.com\/en\/product\/gui-amabis-trabalhos-carnivoros\/","og_site_name":"Black Hole Discos","article_publisher":"https:\/\/www.instagram.com\/blackholediscos\/","og_image":[{"width":2560,"height":2560,"url":"https:\/\/blackholediscos.com\/wp-content\/uploads\/2024\/06\/IMG_5794-scaled-e1719438627927.jpg","type":"image\/jpeg"}],"twitter_card":"summary_large_image","twitter_misc":{"Est. reading time":"1 minute"},"schema":{"@context":"https:\/\/schema.org","@graph":[{"@type":"WebPage","@id":"https:\/\/blackholediscos.com\/product\/gui-amabis-trabalhos-carnivoros\/","url":"https:\/\/blackholediscos.com\/product\/gui-amabis-trabalhos-carnivoros\/","name":"Gui Amabis \u2013 Trabalhos Carnivoros - Black Hole Discos","isPartOf":{"@id":"https:\/\/blackholediscos.com\/#website"},"primaryImageOfPage":{"@id":"https:\/\/blackholediscos.com\/product\/gui-amabis-trabalhos-carnivoros\/#primaryimage"},"image":{"@id":"https:\/\/blackholediscos.com\/product\/gui-amabis-trabalhos-carnivoros\/#primaryimage"},"thumbnailUrl":"https:\/\/blackholediscos.com\/wp-content\/uploads\/2024\/06\/IMG_5794-scaled-e1719438627927.jpg","datePublished":"2024-06-26T21:55:35+00:00","breadcrumb":{"@id":"https:\/\/blackholediscos.com\/product\/gui-amabis-trabalhos-carnivoros\/#breadcrumb"},"inLanguage":"en-US","potentialAction":[{"@type":"ReadAction","target":["https:\/\/blackholediscos.com\/product\/gui-amabis-trabalhos-carnivoros\/"]}]},{"@type":"ImageObject","inLanguage":"en-US","@id":"https:\/\/blackholediscos.com\/product\/gui-amabis-trabalhos-carnivoros\/#primaryimage","url":"https:\/\/blackholediscos.com\/wp-content\/uploads\/2024\/06\/IMG_5794-scaled-e1719438627927.jpg","contentUrl":"https:\/\/blackholediscos.com\/wp-content\/uploads\/2024\/06\/IMG_5794-scaled-e1719438627927.jpg","width":2560,"height":2560},{"@type":"BreadcrumbList","@id":"https:\/\/blackholediscos.com\/product\/gui-amabis-trabalhos-carnivoros\/#breadcrumb","itemListElement":[{"@type":"ListItem","position":1,"name":"In\u00edcio","item":"https:\/\/blackholediscos.com\/"},{"@type":"ListItem","position":2,"name":"Shop","item":"https:\/\/blackholediscos.com\/shop\/"},{"@type":"ListItem","position":3,"name":"Gui Amabis \u2013 Trabalhos Carnivoros"}]},{"@type":"WebSite","@id":"https:\/\/blackholediscos.com\/#website","url":"https:\/\/blackholediscos.com\/","name":"Black Hole Discos","description":"Brazilian music LPs","publisher":{"@id":"https:\/\/blackholediscos.com\/#organization"},"potentialAction":[{"@type":"SearchAction","target":{"@type":"EntryPoint","urlTemplate":"https:\/\/blackholediscos.com\/?s={search_term_string}"},"query-input":{"@type":"PropertyValueSpecification","valueRequired":true,"valueName":"search_term_string"}}],"inLanguage":"en-US"},{"@type":"Organization","@id":"https:\/\/blackholediscos.com\/#organization","name":"Black Hole Discos","url":"https:\/\/blackholediscos.com\/","logo":{"@type":"ImageObject","inLanguage":"en-US","@id":"https:\/\/blackholediscos.com\/#\/schema\/logo\/image\/","url":"https:\/\/blackholediscos.com\/wp-content\/uploads\/2024\/06\/black-hole-discos-vinis-logo.png","contentUrl":"https:\/\/blackholediscos.com\/wp-content\/uploads\/2024\/06\/black-hole-discos-vinis-logo.png","width":70,"height":66,"caption":"Black Hole Discos"},"image":{"@id":"https:\/\/blackholediscos.com\/#\/schema\/logo\/image\/"},"sameAs":["https:\/\/www.instagram.com\/blackholediscos\/"]}]}},"_links":{"self":[{"href":"https:\/\/blackholediscos.com\/en\/wp-json\/wp\/v2\/product\/3291","targetHints":{"allow":["GET"]}}],"collection":[{"href":"https:\/\/blackholediscos.com\/en\/wp-json\/wp\/v2\/product"}],"about":[{"href":"https:\/\/blackholediscos.com\/en\/wp-json\/wp\/v2\/types\/product"}],"replies":[{"embeddable":true,"href":"https:\/\/blackholediscos.com\/en\/wp-json\/wp\/v2\/comments?post=3291"}],"wp:featuredmedia":[{"embeddable":true,"href":"https:\/\/blackholediscos.com\/en\/wp-json\/wp\/v2\/media\/3154"}],"wp:attachment":[{"href":"https:\/\/blackholediscos.com\/en\/wp-json\/wp\/v2\/media?parent=3291"}],"wp:term":[{"taxonomy":"product_brand","embeddable":true,"href":"https:\/\/blackholediscos.com\/en\/wp-json\/wp\/v2\/product_brand?post=3291"},{"taxonomy":"product_cat","embeddable":true,"href":"https:\/\/blackholediscos.com\/en\/wp-json\/wp\/v2\/product_cat?post=3291"},{"taxonomy":"product_tag","embeddable":true,"href":"https:\/\/blackholediscos.com\/en\/wp-json\/wp\/v2\/product_tag?post=3291"},{"taxonomy":"artista","embeddable":true,"href":"https:\/\/blackholediscos.com\/en\/wp-json\/wp\/v2\/artista?post=3291"},{"taxonomy":"produtora","embeddable":true,"href":"https:\/\/blackholediscos.com\/en\/wp-json\/wp\/v2\/produtora?post=3291"},{"taxonomy":"ano","embeddable":true,"href":"https:\/\/blackholediscos.com\/en\/wp-json\/wp\/v2\/ano?post=3291"}],"curies":[{"name":"wp","href":"https:\/\/api.w.org\/{rel}","templated":true}]}}