{"id":3284,"date":"2024-06-26T21:35:55","date_gmt":"2024-06-26T21:35:55","guid":{"rendered":"https:\/\/blackholediscos.com\/?post_type=product&#038;p=3284"},"modified":"2024-06-26T21:35:55","modified_gmt":"2024-06-26T21:35:55","slug":"tom-ze-tropicalia-lixo-logico","status":"publish","type":"product","link":"https:\/\/blackholediscos.com\/en\/product\/tom-ze-tropicalia-lixo-logico\/","title":{"rendered":"Tom Z\u00e9 \u2013 Tropic\u00e1lia Lixo L\u00f3gico"},"content":{"rendered":"<p>LP Aberto em perfeitas condi\u00e7\u00f5es acompanha compacto.<\/p>\n<p>Passarinho \u2013 PASSLP0001<\/p>\n<p>A1\t\tApocalipsom A (O Fim No Palco Do Come\u00e7o)<br \/>\nVocals \u2013 Emicida<br \/>\nA2\t\tCapitais E Tais<br \/>\nA3\t\tTropicalea Jacta Est<br \/>\nVocals \u2013 Mallu Magalh\u00e3es<br \/>\nA4\t\tO Motob\u00f3i E Maria Clara<br \/>\nVocals \u2013 Mallu Magalh\u00e3es<br \/>\nA5\t\tA Terra, Meus Filhos<br \/>\nB1\t\tMarcha-Enredo Da Creche Tropical<br \/>\nB2\t\tAmarra\u00e7ao Do Amor<br \/>\nB3\t\tTropic\u00e1lia Lixo L\u00f3gico<br \/>\nB4\t\tDe-De-Dei X\u00e1-X\u00e1-X\u00e1<br \/>\nB5\t\tNavegador De Can\u00e7\u00f5es<br \/>\nB6\t\tDebaixo Da Marquise Do Banco Central<br \/>\nIncluindo Compacto Bonus<br \/>\nA1\t\tAviso Aos Passageiros<br \/>\nA2\t\tNYC Subway Poetry Department<br \/>\nB1\t\tNao Tenha Odio No Verao<br \/>\nB2\t\tJucaju<br \/>\nB3\t\tApocalipsom B (O Come\u00e7o No Palco Do Fim)<\/p>","protected":false},"excerpt":{"rendered":"<p>LP Aberto em perfeitas condi\u00e7\u00f5es acompanha compacto. Passarinho \u2013 PASSLP0001 A1 Apocalipsom A (O Fim No Palco Do Come\u00e7o) Vocals \u2013 Emicida A2 Capitais E Tais A3 Tropicalea Jacta Est Vocals \u2013 Mallu Magalh\u00e3es A4 O Motob\u00f3i E Maria Clara Vocals \u2013 Mallu Magalh\u00e3es A5 A Terra, Meus Filhos B1 Marcha-Enredo Da Creche Tropical B2 [&hellip;]<\/p>\n","protected":false},"featured_media":3140,"comment_status":"open","ping_status":"closed","template":"","meta":{"_acf_changed":false},"product_brand":[],"product_cat":[575,530,78,513,310],"product_tag":[],"artista":[743],"produtora":[744],"ano":[227],"class_list":{"0":"post-3284","1":"product","2":"type-product","3":"status-publish","4":"has-post-thumbnail","6":"product_cat-baiao","7":"product_cat-batucada","8":"product_cat-contemporaneos","9":"product_cat-experimental","10":"product_cat-tropicalia","11":"artista-tom-ze","12":"produtora-passarinho","13":"ano-227","15":"first","16":"instock","17":"shipping-taxable","18":"purchasable","19":"product-type-simple"},"acf":[],"yoast_head":"<!-- This site is optimized with the Yoast SEO plugin v27.4 - https:\/\/yoast.com\/product\/yoast-seo-wordpress\/ -->\n<title>Tom Z\u00e9 \u2013 Tropic\u00e1lia Lixo L\u00f3gico - Black Hole Discos<\/title>\n<meta name=\"robots\" content=\"index, follow, max-snippet:-1, max-image-preview:large, max-video-preview:-1\" \/>\n<link rel=\"canonical\" href=\"https:\/\/blackholediscos.com\/en\/product\/tom-ze-tropicalia-lixo-logico\/\" \/>\n<meta property=\"og:locale\" content=\"en_US\" \/>\n<meta property=\"og:type\" content=\"article\" \/>\n<meta property=\"og:title\" content=\"Tom Z\u00e9 \u2013 Tropic\u00e1lia Lixo L\u00f3gico - Black Hole Discos\" \/>\n<meta property=\"og:description\" content=\"LP Aberto em perfeitas condi\u00e7\u00f5es acompanha compacto. Passarinho \u2013 PASSLP0001 A1 Apocalipsom A (O Fim No Palco Do Come\u00e7o) Vocals \u2013 Emicida A2 Capitais E Tais A3 Tropicalea Jacta Est Vocals \u2013 Mallu Magalh\u00e3es A4 O Motob\u00f3i E Maria Clara Vocals \u2013 Mallu Magalh\u00e3es A5 A Terra, Meus Filhos B1 Marcha-Enredo Da Creche Tropical B2 [&hellip;]\" \/>\n<meta property=\"og:url\" content=\"https:\/\/blackholediscos.com\/en\/product\/tom-ze-tropicalia-lixo-logico\/\" \/>\n<meta property=\"og:site_name\" content=\"Black Hole Discos\" \/>\n<meta property=\"article:publisher\" content=\"https:\/\/www.instagram.com\/blackholediscos\/\" \/>\n<meta property=\"og:image\" content=\"https:\/\/blackholediscos.com\/wp-content\/uploads\/2024\/06\/IMG_5782-scaled.jpg\" \/>\n\t<meta property=\"og:image:width\" content=\"2560\" \/>\n\t<meta property=\"og:image:height\" content=\"2560\" \/>\n\t<meta property=\"og:image:type\" content=\"image\/jpeg\" \/>\n<meta name=\"twitter:card\" content=\"summary_large_image\" \/>\n<meta name=\"twitter:label1\" content=\"Est. reading time\" \/>\n\t<meta name=\"twitter:data1\" content=\"1 minute\" \/>\n<script type=\"application\/ld+json\" class=\"yoast-schema-graph\">{\"@context\":\"https:\\\/\\\/schema.org\",\"@graph\":[{\"@type\":\"WebPage\",\"@id\":\"https:\\\/\\\/blackholediscos.com\\\/product\\\/tom-ze-tropicalia-lixo-logico\\\/\",\"url\":\"https:\\\/\\\/blackholediscos.com\\\/product\\\/tom-ze-tropicalia-lixo-logico\\\/\",\"name\":\"Tom Z\u00e9 \u2013 Tropic\u00e1lia Lixo L\u00f3gico - Black Hole Discos\",\"isPartOf\":{\"@id\":\"https:\\\/\\\/blackholediscos.com\\\/#website\"},\"primaryImageOfPage\":{\"@id\":\"https:\\\/\\\/blackholediscos.com\\\/product\\\/tom-ze-tropicalia-lixo-logico\\\/#primaryimage\"},\"image\":{\"@id\":\"https:\\\/\\\/blackholediscos.com\\\/product\\\/tom-ze-tropicalia-lixo-logico\\\/#primaryimage\"},\"thumbnailUrl\":\"https:\\\/\\\/blackholediscos.com\\\/wp-content\\\/uploads\\\/2024\\\/06\\\/IMG_5782-scaled.jpg\",\"datePublished\":\"2024-06-26T21:35:55+00:00\",\"breadcrumb\":{\"@id\":\"https:\\\/\\\/blackholediscos.com\\\/product\\\/tom-ze-tropicalia-lixo-logico\\\/#breadcrumb\"},\"inLanguage\":\"en-US\",\"potentialAction\":[{\"@type\":\"ReadAction\",\"target\":[\"https:\\\/\\\/blackholediscos.com\\\/product\\\/tom-ze-tropicalia-lixo-logico\\\/\"]}]},{\"@type\":\"ImageObject\",\"inLanguage\":\"en-US\",\"@id\":\"https:\\\/\\\/blackholediscos.com\\\/product\\\/tom-ze-tropicalia-lixo-logico\\\/#primaryimage\",\"url\":\"https:\\\/\\\/blackholediscos.com\\\/wp-content\\\/uploads\\\/2024\\\/06\\\/IMG_5782-scaled.jpg\",\"contentUrl\":\"https:\\\/\\\/blackholediscos.com\\\/wp-content\\\/uploads\\\/2024\\\/06\\\/IMG_5782-scaled.jpg\",\"width\":2560,\"height\":2560},{\"@type\":\"BreadcrumbList\",\"@id\":\"https:\\\/\\\/blackholediscos.com\\\/product\\\/tom-ze-tropicalia-lixo-logico\\\/#breadcrumb\",\"itemListElement\":[{\"@type\":\"ListItem\",\"position\":1,\"name\":\"In\u00edcio\",\"item\":\"https:\\\/\\\/blackholediscos.com\\\/\"},{\"@type\":\"ListItem\",\"position\":2,\"name\":\"Shop\",\"item\":\"https:\\\/\\\/blackholediscos.com\\\/shop\\\/\"},{\"@type\":\"ListItem\",\"position\":3,\"name\":\"Tom Z\u00e9 \u2013 Tropic\u00e1lia Lixo L\u00f3gico\"}]},{\"@type\":\"WebSite\",\"@id\":\"https:\\\/\\\/blackholediscos.com\\\/#website\",\"url\":\"https:\\\/\\\/blackholediscos.com\\\/\",\"name\":\"Black Hole Discos\",\"description\":\"Brazilian music LPs\",\"publisher\":{\"@id\":\"https:\\\/\\\/blackholediscos.com\\\/#organization\"},\"potentialAction\":[{\"@type\":\"SearchAction\",\"target\":{\"@type\":\"EntryPoint\",\"urlTemplate\":\"https:\\\/\\\/blackholediscos.com\\\/?s={search_term_string}\"},\"query-input\":{\"@type\":\"PropertyValueSpecification\",\"valueRequired\":true,\"valueName\":\"search_term_string\"}}],\"inLanguage\":\"en-US\"},{\"@type\":\"Organization\",\"@id\":\"https:\\\/\\\/blackholediscos.com\\\/#organization\",\"name\":\"Black Hole Discos\",\"url\":\"https:\\\/\\\/blackholediscos.com\\\/\",\"logo\":{\"@type\":\"ImageObject\",\"inLanguage\":\"en-US\",\"@id\":\"https:\\\/\\\/blackholediscos.com\\\/#\\\/schema\\\/logo\\\/image\\\/\",\"url\":\"https:\\\/\\\/blackholediscos.com\\\/wp-content\\\/uploads\\\/2024\\\/06\\\/black-hole-discos-vinis-logo.png\",\"contentUrl\":\"https:\\\/\\\/blackholediscos.com\\\/wp-content\\\/uploads\\\/2024\\\/06\\\/black-hole-discos-vinis-logo.png\",\"width\":70,\"height\":66,\"caption\":\"Black Hole Discos\"},\"image\":{\"@id\":\"https:\\\/\\\/blackholediscos.com\\\/#\\\/schema\\\/logo\\\/image\\\/\"},\"sameAs\":[\"https:\\\/\\\/www.instagram.com\\\/blackholediscos\\\/\"]}]}<\/script>\n<!-- \/ Yoast SEO plugin. -->","yoast_head_json":{"title":"Tom Z\u00e9 \u2013 Tropic\u00e1lia Lixo L\u00f3gico - Black Hole Discos","robots":{"index":"index","follow":"follow","max-snippet":"max-snippet:-1","max-image-preview":"max-image-preview:large","max-video-preview":"max-video-preview:-1"},"canonical":"https:\/\/blackholediscos.com\/en\/product\/tom-ze-tropicalia-lixo-logico\/","og_locale":"en_US","og_type":"article","og_title":"Tom Z\u00e9 \u2013 Tropic\u00e1lia Lixo L\u00f3gico - Black Hole Discos","og_description":"LP Aberto em perfeitas condi\u00e7\u00f5es acompanha compacto. Passarinho \u2013 PASSLP0001 A1 Apocalipsom A (O Fim No Palco Do Come\u00e7o) Vocals \u2013 Emicida A2 Capitais E Tais A3 Tropicalea Jacta Est Vocals \u2013 Mallu Magalh\u00e3es A4 O Motob\u00f3i E Maria Clara Vocals \u2013 Mallu Magalh\u00e3es A5 A Terra, Meus Filhos B1 Marcha-Enredo Da Creche Tropical B2 [&hellip;]","og_url":"https:\/\/blackholediscos.com\/en\/product\/tom-ze-tropicalia-lixo-logico\/","og_site_name":"Black Hole Discos","article_publisher":"https:\/\/www.instagram.com\/blackholediscos\/","og_image":[{"width":2560,"height":2560,"url":"https:\/\/blackholediscos.com\/wp-content\/uploads\/2024\/06\/IMG_5782-scaled.jpg","type":"image\/jpeg"}],"twitter_card":"summary_large_image","twitter_misc":{"Est. reading time":"1 minute"},"schema":{"@context":"https:\/\/schema.org","@graph":[{"@type":"WebPage","@id":"https:\/\/blackholediscos.com\/product\/tom-ze-tropicalia-lixo-logico\/","url":"https:\/\/blackholediscos.com\/product\/tom-ze-tropicalia-lixo-logico\/","name":"Tom Z\u00e9 \u2013 Tropic\u00e1lia Lixo L\u00f3gico - Black Hole Discos","isPartOf":{"@id":"https:\/\/blackholediscos.com\/#website"},"primaryImageOfPage":{"@id":"https:\/\/blackholediscos.com\/product\/tom-ze-tropicalia-lixo-logico\/#primaryimage"},"image":{"@id":"https:\/\/blackholediscos.com\/product\/tom-ze-tropicalia-lixo-logico\/#primaryimage"},"thumbnailUrl":"https:\/\/blackholediscos.com\/wp-content\/uploads\/2024\/06\/IMG_5782-scaled.jpg","datePublished":"2024-06-26T21:35:55+00:00","breadcrumb":{"@id":"https:\/\/blackholediscos.com\/product\/tom-ze-tropicalia-lixo-logico\/#breadcrumb"},"inLanguage":"en-US","potentialAction":[{"@type":"ReadAction","target":["https:\/\/blackholediscos.com\/product\/tom-ze-tropicalia-lixo-logico\/"]}]},{"@type":"ImageObject","inLanguage":"en-US","@id":"https:\/\/blackholediscos.com\/product\/tom-ze-tropicalia-lixo-logico\/#primaryimage","url":"https:\/\/blackholediscos.com\/wp-content\/uploads\/2024\/06\/IMG_5782-scaled.jpg","contentUrl":"https:\/\/blackholediscos.com\/wp-content\/uploads\/2024\/06\/IMG_5782-scaled.jpg","width":2560,"height":2560},{"@type":"BreadcrumbList","@id":"https:\/\/blackholediscos.com\/product\/tom-ze-tropicalia-lixo-logico\/#breadcrumb","itemListElement":[{"@type":"ListItem","position":1,"name":"In\u00edcio","item":"https:\/\/blackholediscos.com\/"},{"@type":"ListItem","position":2,"name":"Shop","item":"https:\/\/blackholediscos.com\/shop\/"},{"@type":"ListItem","position":3,"name":"Tom Z\u00e9 \u2013 Tropic\u00e1lia Lixo L\u00f3gico"}]},{"@type":"WebSite","@id":"https:\/\/blackholediscos.com\/#website","url":"https:\/\/blackholediscos.com\/","name":"Black Hole Discos","description":"Brazilian music LPs","publisher":{"@id":"https:\/\/blackholediscos.com\/#organization"},"potentialAction":[{"@type":"SearchAction","target":{"@type":"EntryPoint","urlTemplate":"https:\/\/blackholediscos.com\/?s={search_term_string}"},"query-input":{"@type":"PropertyValueSpecification","valueRequired":true,"valueName":"search_term_string"}}],"inLanguage":"en-US"},{"@type":"Organization","@id":"https:\/\/blackholediscos.com\/#organization","name":"Black Hole Discos","url":"https:\/\/blackholediscos.com\/","logo":{"@type":"ImageObject","inLanguage":"en-US","@id":"https:\/\/blackholediscos.com\/#\/schema\/logo\/image\/","url":"https:\/\/blackholediscos.com\/wp-content\/uploads\/2024\/06\/black-hole-discos-vinis-logo.png","contentUrl":"https:\/\/blackholediscos.com\/wp-content\/uploads\/2024\/06\/black-hole-discos-vinis-logo.png","width":70,"height":66,"caption":"Black Hole Discos"},"image":{"@id":"https:\/\/blackholediscos.com\/#\/schema\/logo\/image\/"},"sameAs":["https:\/\/www.instagram.com\/blackholediscos\/"]}]}},"_links":{"self":[{"href":"https:\/\/blackholediscos.com\/en\/wp-json\/wp\/v2\/product\/3284","targetHints":{"allow":["GET"]}}],"collection":[{"href":"https:\/\/blackholediscos.com\/en\/wp-json\/wp\/v2\/product"}],"about":[{"href":"https:\/\/blackholediscos.com\/en\/wp-json\/wp\/v2\/types\/product"}],"replies":[{"embeddable":true,"href":"https:\/\/blackholediscos.com\/en\/wp-json\/wp\/v2\/comments?post=3284"}],"wp:featuredmedia":[{"embeddable":true,"href":"https:\/\/blackholediscos.com\/en\/wp-json\/wp\/v2\/media\/3140"}],"wp:attachment":[{"href":"https:\/\/blackholediscos.com\/en\/wp-json\/wp\/v2\/media?parent=3284"}],"wp:term":[{"taxonomy":"product_brand","embeddable":true,"href":"https:\/\/blackholediscos.com\/en\/wp-json\/wp\/v2\/product_brand?post=3284"},{"taxonomy":"product_cat","embeddable":true,"href":"https:\/\/blackholediscos.com\/en\/wp-json\/wp\/v2\/product_cat?post=3284"},{"taxonomy":"product_tag","embeddable":true,"href":"https:\/\/blackholediscos.com\/en\/wp-json\/wp\/v2\/product_tag?post=3284"},{"taxonomy":"artista","embeddable":true,"href":"https:\/\/blackholediscos.com\/en\/wp-json\/wp\/v2\/artista?post=3284"},{"taxonomy":"produtora","embeddable":true,"href":"https:\/\/blackholediscos.com\/en\/wp-json\/wp\/v2\/produtora?post=3284"},{"taxonomy":"ano","embeddable":true,"href":"https:\/\/blackholediscos.com\/en\/wp-json\/wp\/v2\/ano?post=3284"}],"curies":[{"name":"wp","href":"https:\/\/api.w.org\/{rel}","templated":true}]}}