{"id":3277,"date":"2024-06-26T21:03:43","date_gmt":"2024-06-26T21:03:43","guid":{"rendered":"https:\/\/blackholediscos.com\/?post_type=product&#038;p=3277"},"modified":"2024-06-26T21:03:43","modified_gmt":"2024-06-26T21:03:43","slug":"meta-meta-mm3","status":"publish","type":"product","link":"https:\/\/blackholediscos.com\/en\/product\/meta-meta-mm3\/","title":{"rendered":"Met\u00e1 Met\u00e1 \u2013 MM3"},"content":{"rendered":"<p>LP lacrado de f\u00e1brica, primeira edi\u00e7\u00e3o brasileira. <\/p>\n<p>Goma Gringa Discos \u2013 GGLP-010<\/p>\n<p>A1\t\tTr\u00eas Amigos\t4:12<br \/>\nA2\t\tAngoul\u00eame\t2:01<br \/>\nA3\t\tImagem do Amor\t5:57<br \/>\nA4\t\tAngolana\t4:03<br \/>\nA5\t\tOsanyin\t4:43<br \/>\nB1\t\tMano L\u00e9gua\t2:45<br \/>\nB2\t\tCorpo V\u00e3o\t3:21<br \/>\nB3\t\tToque Certeiro\t4:09<br \/>\nB4\t\tOba Kos\u00f4<\/p>\n<p>Artwork By \u2013 Kiko Dinucci<br \/>\nBass \u2013 Marcelo Cabral<br \/>\nDrums \u2013 S\u00e9rgio Machado (2)<br \/>\nGuitar, Backing Vocals \u2013 Kiko Dinucci<br \/>\nLayout \u2013 Fr\u00e9d\u00e9ric Thiphagne<br \/>\nLead Vocals \u2013 Ju\u00e7ara Mar\u00e7al<br \/>\nMastered By \u2013 Felipe Tichauer<br \/>\nMixed By \u2013 Gustavo Lenza<br \/>\nRecorded By \u2013 Rodrigo Funai<br \/>\nSaxophone \u2013 Thiago Fran\u00e7a<\/p>","protected":false},"excerpt":{"rendered":"<p>LP lacrado de f\u00e1brica, primeira edi\u00e7\u00e3o brasileira. Goma Gringa Discos \u2013 GGLP-010 A1 Tr\u00eas Amigos 4:12 A2 Angoul\u00eame 2:01 A3 Imagem do Amor 5:57 A4 Angolana 4:03 A5 Osanyin 4:43 B1 Mano L\u00e9gua 2:45 B2 Corpo V\u00e3o 3:21 B3 Toque Certeiro 4:09 B4 Oba Kos\u00f4 Artwork By \u2013 Kiko Dinucci Bass \u2013 Marcelo Cabral Drums [&hellip;]<\/p>\n","protected":false},"featured_media":3131,"comment_status":"open","ping_status":"closed","template":"","meta":{"_acf_changed":false},"product_brand":[],"product_cat":[131,530,48,173,643],"product_tag":[],"artista":[410],"produtora":[419],"ano":[336],"class_list":{"0":"post-3277","1":"product","2":"type-product","3":"status-publish","4":"has-post-thumbnail","6":"product_cat-afrobrasilidade","7":"product_cat-batucada","8":"product_cat-psicodelia","9":"product_cat-rock-alternativo","10":"product_cat-tres-selos","11":"artista-meta-meta","12":"produtora-gomagringa","13":"ano-336","15":"first","16":"instock","17":"shipping-taxable","18":"purchasable","19":"product-type-simple"},"acf":[],"yoast_head":"<!-- This site is optimized with the Yoast SEO plugin v27.4 - https:\/\/yoast.com\/product\/yoast-seo-wordpress\/ -->\n<title>Met\u00e1 Met\u00e1 \u2013 MM3 - Black Hole Discos<\/title>\n<meta name=\"robots\" content=\"index, follow, max-snippet:-1, max-image-preview:large, max-video-preview:-1\" \/>\n<link rel=\"canonical\" href=\"https:\/\/blackholediscos.com\/en\/product\/meta-meta-mm3\/\" \/>\n<meta property=\"og:locale\" content=\"en_US\" \/>\n<meta property=\"og:type\" content=\"article\" \/>\n<meta property=\"og:title\" content=\"Met\u00e1 Met\u00e1 \u2013 MM3 - Black Hole Discos\" \/>\n<meta property=\"og:description\" content=\"LP lacrado de f\u00e1brica, primeira edi\u00e7\u00e3o brasileira. Goma Gringa Discos \u2013 GGLP-010 A1 Tr\u00eas Amigos 4:12 A2 Angoul\u00eame 2:01 A3 Imagem do Amor 5:57 A4 Angolana 4:03 A5 Osanyin 4:43 B1 Mano L\u00e9gua 2:45 B2 Corpo V\u00e3o 3:21 B3 Toque Certeiro 4:09 B4 Oba Kos\u00f4 Artwork By \u2013 Kiko Dinucci Bass \u2013 Marcelo Cabral Drums [&hellip;]\" \/>\n<meta property=\"og:url\" content=\"https:\/\/blackholediscos.com\/en\/product\/meta-meta-mm3\/\" \/>\n<meta property=\"og:site_name\" content=\"Black Hole Discos\" \/>\n<meta property=\"article:publisher\" content=\"https:\/\/www.instagram.com\/blackholediscos\/\" \/>\n<meta property=\"og:image\" content=\"https:\/\/blackholediscos.com\/wp-content\/uploads\/2024\/06\/IMG_5773-scaled.jpg\" \/>\n\t<meta property=\"og:image:width\" content=\"2560\" \/>\n\t<meta property=\"og:image:height\" content=\"2560\" \/>\n\t<meta property=\"og:image:type\" content=\"image\/jpeg\" \/>\n<meta name=\"twitter:card\" content=\"summary_large_image\" \/>\n<meta name=\"twitter:label1\" content=\"Est. reading time\" \/>\n\t<meta name=\"twitter:data1\" content=\"1 minute\" \/>\n<script type=\"application\/ld+json\" class=\"yoast-schema-graph\">{\"@context\":\"https:\\\/\\\/schema.org\",\"@graph\":[{\"@type\":\"WebPage\",\"@id\":\"https:\\\/\\\/blackholediscos.com\\\/product\\\/meta-meta-mm3\\\/\",\"url\":\"https:\\\/\\\/blackholediscos.com\\\/product\\\/meta-meta-mm3\\\/\",\"name\":\"Met\u00e1 Met\u00e1 \u2013 MM3 - Black Hole Discos\",\"isPartOf\":{\"@id\":\"https:\\\/\\\/blackholediscos.com\\\/#website\"},\"primaryImageOfPage\":{\"@id\":\"https:\\\/\\\/blackholediscos.com\\\/product\\\/meta-meta-mm3\\\/#primaryimage\"},\"image\":{\"@id\":\"https:\\\/\\\/blackholediscos.com\\\/product\\\/meta-meta-mm3\\\/#primaryimage\"},\"thumbnailUrl\":\"https:\\\/\\\/blackholediscos.com\\\/wp-content\\\/uploads\\\/2024\\\/06\\\/IMG_5773-scaled.jpg\",\"datePublished\":\"2024-06-26T21:03:43+00:00\",\"breadcrumb\":{\"@id\":\"https:\\\/\\\/blackholediscos.com\\\/product\\\/meta-meta-mm3\\\/#breadcrumb\"},\"inLanguage\":\"en-US\",\"potentialAction\":[{\"@type\":\"ReadAction\",\"target\":[\"https:\\\/\\\/blackholediscos.com\\\/product\\\/meta-meta-mm3\\\/\"]}]},{\"@type\":\"ImageObject\",\"inLanguage\":\"en-US\",\"@id\":\"https:\\\/\\\/blackholediscos.com\\\/product\\\/meta-meta-mm3\\\/#primaryimage\",\"url\":\"https:\\\/\\\/blackholediscos.com\\\/wp-content\\\/uploads\\\/2024\\\/06\\\/IMG_5773-scaled.jpg\",\"contentUrl\":\"https:\\\/\\\/blackholediscos.com\\\/wp-content\\\/uploads\\\/2024\\\/06\\\/IMG_5773-scaled.jpg\",\"width\":2560,\"height\":2560},{\"@type\":\"BreadcrumbList\",\"@id\":\"https:\\\/\\\/blackholediscos.com\\\/product\\\/meta-meta-mm3\\\/#breadcrumb\",\"itemListElement\":[{\"@type\":\"ListItem\",\"position\":1,\"name\":\"In\u00edcio\",\"item\":\"https:\\\/\\\/blackholediscos.com\\\/\"},{\"@type\":\"ListItem\",\"position\":2,\"name\":\"Shop\",\"item\":\"https:\\\/\\\/blackholediscos.com\\\/shop\\\/\"},{\"@type\":\"ListItem\",\"position\":3,\"name\":\"Met\u00e1 Met\u00e1 \u2013 MM3\"}]},{\"@type\":\"WebSite\",\"@id\":\"https:\\\/\\\/blackholediscos.com\\\/#website\",\"url\":\"https:\\\/\\\/blackholediscos.com\\\/\",\"name\":\"Black Hole Discos\",\"description\":\"Brazilian music LPs\",\"publisher\":{\"@id\":\"https:\\\/\\\/blackholediscos.com\\\/#organization\"},\"potentialAction\":[{\"@type\":\"SearchAction\",\"target\":{\"@type\":\"EntryPoint\",\"urlTemplate\":\"https:\\\/\\\/blackholediscos.com\\\/?s={search_term_string}\"},\"query-input\":{\"@type\":\"PropertyValueSpecification\",\"valueRequired\":true,\"valueName\":\"search_term_string\"}}],\"inLanguage\":\"en-US\"},{\"@type\":\"Organization\",\"@id\":\"https:\\\/\\\/blackholediscos.com\\\/#organization\",\"name\":\"Black Hole Discos\",\"url\":\"https:\\\/\\\/blackholediscos.com\\\/\",\"logo\":{\"@type\":\"ImageObject\",\"inLanguage\":\"en-US\",\"@id\":\"https:\\\/\\\/blackholediscos.com\\\/#\\\/schema\\\/logo\\\/image\\\/\",\"url\":\"https:\\\/\\\/blackholediscos.com\\\/wp-content\\\/uploads\\\/2024\\\/06\\\/black-hole-discos-vinis-logo.png\",\"contentUrl\":\"https:\\\/\\\/blackholediscos.com\\\/wp-content\\\/uploads\\\/2024\\\/06\\\/black-hole-discos-vinis-logo.png\",\"width\":70,\"height\":66,\"caption\":\"Black Hole Discos\"},\"image\":{\"@id\":\"https:\\\/\\\/blackholediscos.com\\\/#\\\/schema\\\/logo\\\/image\\\/\"},\"sameAs\":[\"https:\\\/\\\/www.instagram.com\\\/blackholediscos\\\/\"]}]}<\/script>\n<!-- \/ Yoast SEO plugin. -->","yoast_head_json":{"title":"Met\u00e1 Met\u00e1 \u2013 MM3 - Black Hole Discos","robots":{"index":"index","follow":"follow","max-snippet":"max-snippet:-1","max-image-preview":"max-image-preview:large","max-video-preview":"max-video-preview:-1"},"canonical":"https:\/\/blackholediscos.com\/en\/product\/meta-meta-mm3\/","og_locale":"en_US","og_type":"article","og_title":"Met\u00e1 Met\u00e1 \u2013 MM3 - Black Hole Discos","og_description":"LP lacrado de f\u00e1brica, primeira edi\u00e7\u00e3o brasileira. Goma Gringa Discos \u2013 GGLP-010 A1 Tr\u00eas Amigos 4:12 A2 Angoul\u00eame 2:01 A3 Imagem do Amor 5:57 A4 Angolana 4:03 A5 Osanyin 4:43 B1 Mano L\u00e9gua 2:45 B2 Corpo V\u00e3o 3:21 B3 Toque Certeiro 4:09 B4 Oba Kos\u00f4 Artwork By \u2013 Kiko Dinucci Bass \u2013 Marcelo Cabral Drums [&hellip;]","og_url":"https:\/\/blackholediscos.com\/en\/product\/meta-meta-mm3\/","og_site_name":"Black Hole Discos","article_publisher":"https:\/\/www.instagram.com\/blackholediscos\/","og_image":[{"width":2560,"height":2560,"url":"https:\/\/blackholediscos.com\/wp-content\/uploads\/2024\/06\/IMG_5773-scaled.jpg","type":"image\/jpeg"}],"twitter_card":"summary_large_image","twitter_misc":{"Est. reading time":"1 minute"},"schema":{"@context":"https:\/\/schema.org","@graph":[{"@type":"WebPage","@id":"https:\/\/blackholediscos.com\/product\/meta-meta-mm3\/","url":"https:\/\/blackholediscos.com\/product\/meta-meta-mm3\/","name":"Met\u00e1 Met\u00e1 \u2013 MM3 - Black Hole Discos","isPartOf":{"@id":"https:\/\/blackholediscos.com\/#website"},"primaryImageOfPage":{"@id":"https:\/\/blackholediscos.com\/product\/meta-meta-mm3\/#primaryimage"},"image":{"@id":"https:\/\/blackholediscos.com\/product\/meta-meta-mm3\/#primaryimage"},"thumbnailUrl":"https:\/\/blackholediscos.com\/wp-content\/uploads\/2024\/06\/IMG_5773-scaled.jpg","datePublished":"2024-06-26T21:03:43+00:00","breadcrumb":{"@id":"https:\/\/blackholediscos.com\/product\/meta-meta-mm3\/#breadcrumb"},"inLanguage":"en-US","potentialAction":[{"@type":"ReadAction","target":["https:\/\/blackholediscos.com\/product\/meta-meta-mm3\/"]}]},{"@type":"ImageObject","inLanguage":"en-US","@id":"https:\/\/blackholediscos.com\/product\/meta-meta-mm3\/#primaryimage","url":"https:\/\/blackholediscos.com\/wp-content\/uploads\/2024\/06\/IMG_5773-scaled.jpg","contentUrl":"https:\/\/blackholediscos.com\/wp-content\/uploads\/2024\/06\/IMG_5773-scaled.jpg","width":2560,"height":2560},{"@type":"BreadcrumbList","@id":"https:\/\/blackholediscos.com\/product\/meta-meta-mm3\/#breadcrumb","itemListElement":[{"@type":"ListItem","position":1,"name":"In\u00edcio","item":"https:\/\/blackholediscos.com\/"},{"@type":"ListItem","position":2,"name":"Shop","item":"https:\/\/blackholediscos.com\/shop\/"},{"@type":"ListItem","position":3,"name":"Met\u00e1 Met\u00e1 \u2013 MM3"}]},{"@type":"WebSite","@id":"https:\/\/blackholediscos.com\/#website","url":"https:\/\/blackholediscos.com\/","name":"Black Hole Discos","description":"Brazilian music LPs","publisher":{"@id":"https:\/\/blackholediscos.com\/#organization"},"potentialAction":[{"@type":"SearchAction","target":{"@type":"EntryPoint","urlTemplate":"https:\/\/blackholediscos.com\/?s={search_term_string}"},"query-input":{"@type":"PropertyValueSpecification","valueRequired":true,"valueName":"search_term_string"}}],"inLanguage":"en-US"},{"@type":"Organization","@id":"https:\/\/blackholediscos.com\/#organization","name":"Black Hole Discos","url":"https:\/\/blackholediscos.com\/","logo":{"@type":"ImageObject","inLanguage":"en-US","@id":"https:\/\/blackholediscos.com\/#\/schema\/logo\/image\/","url":"https:\/\/blackholediscos.com\/wp-content\/uploads\/2024\/06\/black-hole-discos-vinis-logo.png","contentUrl":"https:\/\/blackholediscos.com\/wp-content\/uploads\/2024\/06\/black-hole-discos-vinis-logo.png","width":70,"height":66,"caption":"Black Hole Discos"},"image":{"@id":"https:\/\/blackholediscos.com\/#\/schema\/logo\/image\/"},"sameAs":["https:\/\/www.instagram.com\/blackholediscos\/"]}]}},"_links":{"self":[{"href":"https:\/\/blackholediscos.com\/en\/wp-json\/wp\/v2\/product\/3277","targetHints":{"allow":["GET"]}}],"collection":[{"href":"https:\/\/blackholediscos.com\/en\/wp-json\/wp\/v2\/product"}],"about":[{"href":"https:\/\/blackholediscos.com\/en\/wp-json\/wp\/v2\/types\/product"}],"replies":[{"embeddable":true,"href":"https:\/\/blackholediscos.com\/en\/wp-json\/wp\/v2\/comments?post=3277"}],"wp:featuredmedia":[{"embeddable":true,"href":"https:\/\/blackholediscos.com\/en\/wp-json\/wp\/v2\/media\/3131"}],"wp:attachment":[{"href":"https:\/\/blackholediscos.com\/en\/wp-json\/wp\/v2\/media?parent=3277"}],"wp:term":[{"taxonomy":"product_brand","embeddable":true,"href":"https:\/\/blackholediscos.com\/en\/wp-json\/wp\/v2\/product_brand?post=3277"},{"taxonomy":"product_cat","embeddable":true,"href":"https:\/\/blackholediscos.com\/en\/wp-json\/wp\/v2\/product_cat?post=3277"},{"taxonomy":"product_tag","embeddable":true,"href":"https:\/\/blackholediscos.com\/en\/wp-json\/wp\/v2\/product_tag?post=3277"},{"taxonomy":"artista","embeddable":true,"href":"https:\/\/blackholediscos.com\/en\/wp-json\/wp\/v2\/artista?post=3277"},{"taxonomy":"produtora","embeddable":true,"href":"https:\/\/blackholediscos.com\/en\/wp-json\/wp\/v2\/produtora?post=3277"},{"taxonomy":"ano","embeddable":true,"href":"https:\/\/blackholediscos.com\/en\/wp-json\/wp\/v2\/ano?post=3277"}],"curies":[{"name":"wp","href":"https:\/\/api.w.org\/{rel}","templated":true}]}}