{"id":3273,"date":"2024-06-26T20:44:12","date_gmt":"2024-06-26T20:44:12","guid":{"rendered":"https:\/\/blackholediscos.com\/?post_type=product&#038;p=3273"},"modified":"2024-06-26T20:44:13","modified_gmt":"2024-06-26T20:44:13","slug":"bnegao-seletores-de-frequencia-sintoniza-la","status":"publish","type":"product","link":"https:\/\/blackholediscos.com\/en\/product\/bnegao-seletores-de-frequencia-sintoniza-la\/","title":{"rendered":"BNeg\u00e3o &#038; Seletores De Frequ\u00eancia \u2013 Sintoniza L\u00e1"},"content":{"rendered":"<p>LP aberto em perfeitas condi\u00e7\u00f5es. Acompanha os selos originais que acompanharam essa edi\u00e7\u00e3o e autografo do artista.<\/p>\n<p>Vinyl Land \u2013 VL018<\/p>\n<p>A1\t\tAltera\u00e7\u00e3o (\u00c9a!)\t3:10<br \/>\nA2\t\tChega Pra Somar No Groove\t3:50<br \/>\nA3\t\tO Mundo (Panela De Press\u00e3o)\t3:21<br \/>\nA4\t\tRea\u00e7\u00e3o (Panela II)\t3:44<br \/>\nA5\t\tEssa \u00c9 Pra Tocar No Baile\t3:11<br \/>\nA6\t\tSubconsciente\t2:22<br \/>\nB1\t\tNa Tranquila\t3:49<br \/>\nB2\t\tProceder\/Caminhar\t3:29<br \/>\nB3\t\tVamo!\t4:02<br \/>\nB4\t\tBass Do Tamb\u00f4\t4:01<br \/>\nB5\t\tSintoniza L\u00e1<\/p>","protected":false},"excerpt":{"rendered":"<p>LP aberto em perfeitas condi\u00e7\u00f5es. Acompanha os selos originais que acompanharam essa edi\u00e7\u00e3o e autografo do artista. Vinyl Land \u2013 VL018 A1 Altera\u00e7\u00e3o (\u00c9a!) 3:10 A2 Chega Pra Somar No Groove 3:50 A3 O Mundo (Panela De Press\u00e3o) 3:21 A4 Rea\u00e7\u00e3o (Panela II) 3:44 A5 Essa \u00c9 Pra Tocar No Baile 3:11 A6 Subconsciente 2:22 [&hellip;]<\/p>\n","protected":false},"featured_media":3106,"comment_status":"open","ping_status":"closed","template":"","meta":{"_acf_changed":false},"product_brand":[],"product_cat":[724,34,506],"product_tag":[],"artista":[738],"produtora":[533],"ano":[268],"class_list":{"0":"post-3273","1":"product","2":"type-product","3":"status-publish","4":"has-post-thumbnail","6":"product_cat-afrobeat","7":"product_cat-funk","8":"product_cat-hip-hop","9":"artista-bnegao-seletores-de-frequencia","10":"produtora-vinyl-land","11":"ano-268","13":"first","14":"instock","15":"shipping-taxable","16":"purchasable","17":"product-type-simple"},"acf":[],"yoast_head":"<!-- This site is optimized with the Yoast SEO plugin v27.6 - https:\/\/yoast.com\/product\/yoast-seo-wordpress\/ -->\n<title>BNeg\u00e3o &amp; Seletores De Frequ\u00eancia \u2013 Sintoniza L\u00e1 - Black Hole Discos<\/title>\n<meta name=\"robots\" content=\"index, follow, max-snippet:-1, max-image-preview:large, max-video-preview:-1\" \/>\n<link rel=\"canonical\" href=\"https:\/\/blackholediscos.com\/en\/product\/bnegao-seletores-de-frequencia-sintoniza-la\/\" \/>\n<meta property=\"og:locale\" content=\"en_US\" \/>\n<meta property=\"og:type\" content=\"article\" \/>\n<meta property=\"og:title\" content=\"BNeg\u00e3o &amp; Seletores De Frequ\u00eancia \u2013 Sintoniza L\u00e1 - Black Hole Discos\" \/>\n<meta property=\"og:description\" content=\"LP aberto em perfeitas condi\u00e7\u00f5es. Acompanha os selos originais que acompanharam essa edi\u00e7\u00e3o e autografo do artista. Vinyl Land \u2013 VL018 A1 Altera\u00e7\u00e3o (\u00c9a!) 3:10 A2 Chega Pra Somar No Groove 3:50 A3 O Mundo (Panela De Press\u00e3o) 3:21 A4 Rea\u00e7\u00e3o (Panela II) 3:44 A5 Essa \u00c9 Pra Tocar No Baile 3:11 A6 Subconsciente 2:22 [&hellip;]\" \/>\n<meta property=\"og:url\" content=\"https:\/\/blackholediscos.com\/en\/product\/bnegao-seletores-de-frequencia-sintoniza-la\/\" \/>\n<meta property=\"og:site_name\" content=\"Black Hole Discos\" \/>\n<meta property=\"article:publisher\" content=\"https:\/\/www.instagram.com\/blackholediscos\/\" \/>\n<meta property=\"article:modified_time\" content=\"2024-06-26T20:44:13+00:00\" \/>\n<meta property=\"og:image\" content=\"https:\/\/blackholediscos.com\/wp-content\/uploads\/2024\/06\/IMG_5747-scaled.jpg\" \/>\n\t<meta property=\"og:image:width\" content=\"2560\" \/>\n\t<meta property=\"og:image:height\" content=\"2560\" \/>\n\t<meta property=\"og:image:type\" content=\"image\/jpeg\" \/>\n<meta name=\"twitter:card\" content=\"summary_large_image\" \/>\n<meta name=\"twitter:label1\" content=\"Est. reading time\" \/>\n\t<meta name=\"twitter:data1\" content=\"1 minute\" \/>\n<script type=\"application\/ld+json\" class=\"yoast-schema-graph\">{\"@context\":\"https:\\\/\\\/schema.org\",\"@graph\":[{\"@type\":\"WebPage\",\"@id\":\"https:\\\/\\\/blackholediscos.com\\\/product\\\/bnegao-seletores-de-frequencia-sintoniza-la\\\/\",\"url\":\"https:\\\/\\\/blackholediscos.com\\\/product\\\/bnegao-seletores-de-frequencia-sintoniza-la\\\/\",\"name\":\"BNeg\u00e3o & Seletores De Frequ\u00eancia \u2013 Sintoniza L\u00e1 - Black Hole Discos\",\"isPartOf\":{\"@id\":\"https:\\\/\\\/blackholediscos.com\\\/#website\"},\"primaryImageOfPage\":{\"@id\":\"https:\\\/\\\/blackholediscos.com\\\/product\\\/bnegao-seletores-de-frequencia-sintoniza-la\\\/#primaryimage\"},\"image\":{\"@id\":\"https:\\\/\\\/blackholediscos.com\\\/product\\\/bnegao-seletores-de-frequencia-sintoniza-la\\\/#primaryimage\"},\"thumbnailUrl\":\"https:\\\/\\\/blackholediscos.com\\\/wp-content\\\/uploads\\\/2024\\\/06\\\/IMG_5747-scaled.jpg\",\"datePublished\":\"2024-06-26T20:44:12+00:00\",\"dateModified\":\"2024-06-26T20:44:13+00:00\",\"breadcrumb\":{\"@id\":\"https:\\\/\\\/blackholediscos.com\\\/product\\\/bnegao-seletores-de-frequencia-sintoniza-la\\\/#breadcrumb\"},\"inLanguage\":\"en-US\",\"potentialAction\":[{\"@type\":\"ReadAction\",\"target\":[\"https:\\\/\\\/blackholediscos.com\\\/product\\\/bnegao-seletores-de-frequencia-sintoniza-la\\\/\"]}]},{\"@type\":\"ImageObject\",\"inLanguage\":\"en-US\",\"@id\":\"https:\\\/\\\/blackholediscos.com\\\/product\\\/bnegao-seletores-de-frequencia-sintoniza-la\\\/#primaryimage\",\"url\":\"https:\\\/\\\/blackholediscos.com\\\/wp-content\\\/uploads\\\/2024\\\/06\\\/IMG_5747-scaled.jpg\",\"contentUrl\":\"https:\\\/\\\/blackholediscos.com\\\/wp-content\\\/uploads\\\/2024\\\/06\\\/IMG_5747-scaled.jpg\",\"width\":2560,\"height\":2560},{\"@type\":\"BreadcrumbList\",\"@id\":\"https:\\\/\\\/blackholediscos.com\\\/product\\\/bnegao-seletores-de-frequencia-sintoniza-la\\\/#breadcrumb\",\"itemListElement\":[{\"@type\":\"ListItem\",\"position\":1,\"name\":\"In\u00edcio\",\"item\":\"https:\\\/\\\/blackholediscos.com\\\/\"},{\"@type\":\"ListItem\",\"position\":2,\"name\":\"Shop\",\"item\":\"https:\\\/\\\/blackholediscos.com\\\/shop\\\/\"},{\"@type\":\"ListItem\",\"position\":3,\"name\":\"BNeg\u00e3o &#038; Seletores De Frequ\u00eancia \u2013 Sintoniza L\u00e1\"}]},{\"@type\":\"WebSite\",\"@id\":\"https:\\\/\\\/blackholediscos.com\\\/#website\",\"url\":\"https:\\\/\\\/blackholediscos.com\\\/\",\"name\":\"Black Hole Discos\",\"description\":\"Brazilian music LPs\",\"publisher\":{\"@id\":\"https:\\\/\\\/blackholediscos.com\\\/#organization\"},\"potentialAction\":[{\"@type\":\"SearchAction\",\"target\":{\"@type\":\"EntryPoint\",\"urlTemplate\":\"https:\\\/\\\/blackholediscos.com\\\/?s={search_term_string}\"},\"query-input\":{\"@type\":\"PropertyValueSpecification\",\"valueRequired\":true,\"valueName\":\"search_term_string\"}}],\"inLanguage\":\"en-US\"},{\"@type\":\"Organization\",\"@id\":\"https:\\\/\\\/blackholediscos.com\\\/#organization\",\"name\":\"Black Hole Discos\",\"url\":\"https:\\\/\\\/blackholediscos.com\\\/\",\"logo\":{\"@type\":\"ImageObject\",\"inLanguage\":\"en-US\",\"@id\":\"https:\\\/\\\/blackholediscos.com\\\/#\\\/schema\\\/logo\\\/image\\\/\",\"url\":\"https:\\\/\\\/blackholediscos.com\\\/wp-content\\\/uploads\\\/2024\\\/06\\\/black-hole-discos-vinis-logo.png\",\"contentUrl\":\"https:\\\/\\\/blackholediscos.com\\\/wp-content\\\/uploads\\\/2024\\\/06\\\/black-hole-discos-vinis-logo.png\",\"width\":70,\"height\":66,\"caption\":\"Black Hole Discos\"},\"image\":{\"@id\":\"https:\\\/\\\/blackholediscos.com\\\/#\\\/schema\\\/logo\\\/image\\\/\"},\"sameAs\":[\"https:\\\/\\\/www.instagram.com\\\/blackholediscos\\\/\"]}]}<\/script>\n<!-- \/ Yoast SEO plugin. -->","yoast_head_json":{"title":"BNeg\u00e3o & Seletores De Frequ\u00eancia \u2013 Sintoniza L\u00e1 - Black Hole Discos","robots":{"index":"index","follow":"follow","max-snippet":"max-snippet:-1","max-image-preview":"max-image-preview:large","max-video-preview":"max-video-preview:-1"},"canonical":"https:\/\/blackholediscos.com\/en\/product\/bnegao-seletores-de-frequencia-sintoniza-la\/","og_locale":"en_US","og_type":"article","og_title":"BNeg\u00e3o & Seletores De Frequ\u00eancia \u2013 Sintoniza L\u00e1 - Black Hole Discos","og_description":"LP aberto em perfeitas condi\u00e7\u00f5es. Acompanha os selos originais que acompanharam essa edi\u00e7\u00e3o e autografo do artista. Vinyl Land \u2013 VL018 A1 Altera\u00e7\u00e3o (\u00c9a!) 3:10 A2 Chega Pra Somar No Groove 3:50 A3 O Mundo (Panela De Press\u00e3o) 3:21 A4 Rea\u00e7\u00e3o (Panela II) 3:44 A5 Essa \u00c9 Pra Tocar No Baile 3:11 A6 Subconsciente 2:22 [&hellip;]","og_url":"https:\/\/blackholediscos.com\/en\/product\/bnegao-seletores-de-frequencia-sintoniza-la\/","og_site_name":"Black Hole Discos","article_publisher":"https:\/\/www.instagram.com\/blackholediscos\/","article_modified_time":"2024-06-26T20:44:13+00:00","og_image":[{"width":2560,"height":2560,"url":"https:\/\/blackholediscos.com\/wp-content\/uploads\/2024\/06\/IMG_5747-scaled.jpg","type":"image\/jpeg"}],"twitter_card":"summary_large_image","twitter_misc":{"Est. reading time":"1 minute"},"schema":{"@context":"https:\/\/schema.org","@graph":[{"@type":"WebPage","@id":"https:\/\/blackholediscos.com\/product\/bnegao-seletores-de-frequencia-sintoniza-la\/","url":"https:\/\/blackholediscos.com\/product\/bnegao-seletores-de-frequencia-sintoniza-la\/","name":"BNeg\u00e3o & Seletores De Frequ\u00eancia \u2013 Sintoniza L\u00e1 - Black Hole Discos","isPartOf":{"@id":"https:\/\/blackholediscos.com\/#website"},"primaryImageOfPage":{"@id":"https:\/\/blackholediscos.com\/product\/bnegao-seletores-de-frequencia-sintoniza-la\/#primaryimage"},"image":{"@id":"https:\/\/blackholediscos.com\/product\/bnegao-seletores-de-frequencia-sintoniza-la\/#primaryimage"},"thumbnailUrl":"https:\/\/blackholediscos.com\/wp-content\/uploads\/2024\/06\/IMG_5747-scaled.jpg","datePublished":"2024-06-26T20:44:12+00:00","dateModified":"2024-06-26T20:44:13+00:00","breadcrumb":{"@id":"https:\/\/blackholediscos.com\/product\/bnegao-seletores-de-frequencia-sintoniza-la\/#breadcrumb"},"inLanguage":"en-US","potentialAction":[{"@type":"ReadAction","target":["https:\/\/blackholediscos.com\/product\/bnegao-seletores-de-frequencia-sintoniza-la\/"]}]},{"@type":"ImageObject","inLanguage":"en-US","@id":"https:\/\/blackholediscos.com\/product\/bnegao-seletores-de-frequencia-sintoniza-la\/#primaryimage","url":"https:\/\/blackholediscos.com\/wp-content\/uploads\/2024\/06\/IMG_5747-scaled.jpg","contentUrl":"https:\/\/blackholediscos.com\/wp-content\/uploads\/2024\/06\/IMG_5747-scaled.jpg","width":2560,"height":2560},{"@type":"BreadcrumbList","@id":"https:\/\/blackholediscos.com\/product\/bnegao-seletores-de-frequencia-sintoniza-la\/#breadcrumb","itemListElement":[{"@type":"ListItem","position":1,"name":"In\u00edcio","item":"https:\/\/blackholediscos.com\/"},{"@type":"ListItem","position":2,"name":"Shop","item":"https:\/\/blackholediscos.com\/shop\/"},{"@type":"ListItem","position":3,"name":"BNeg\u00e3o &#038; Seletores De Frequ\u00eancia \u2013 Sintoniza L\u00e1"}]},{"@type":"WebSite","@id":"https:\/\/blackholediscos.com\/#website","url":"https:\/\/blackholediscos.com\/","name":"Black Hole Discos","description":"Brazilian music LPs","publisher":{"@id":"https:\/\/blackholediscos.com\/#organization"},"potentialAction":[{"@type":"SearchAction","target":{"@type":"EntryPoint","urlTemplate":"https:\/\/blackholediscos.com\/?s={search_term_string}"},"query-input":{"@type":"PropertyValueSpecification","valueRequired":true,"valueName":"search_term_string"}}],"inLanguage":"en-US"},{"@type":"Organization","@id":"https:\/\/blackholediscos.com\/#organization","name":"Black Hole Discos","url":"https:\/\/blackholediscos.com\/","logo":{"@type":"ImageObject","inLanguage":"en-US","@id":"https:\/\/blackholediscos.com\/#\/schema\/logo\/image\/","url":"https:\/\/blackholediscos.com\/wp-content\/uploads\/2024\/06\/black-hole-discos-vinis-logo.png","contentUrl":"https:\/\/blackholediscos.com\/wp-content\/uploads\/2024\/06\/black-hole-discos-vinis-logo.png","width":70,"height":66,"caption":"Black Hole Discos"},"image":{"@id":"https:\/\/blackholediscos.com\/#\/schema\/logo\/image\/"},"sameAs":["https:\/\/www.instagram.com\/blackholediscos\/"]}]}},"_links":{"self":[{"href":"https:\/\/blackholediscos.com\/en\/wp-json\/wp\/v2\/product\/3273","targetHints":{"allow":["GET"]}}],"collection":[{"href":"https:\/\/blackholediscos.com\/en\/wp-json\/wp\/v2\/product"}],"about":[{"href":"https:\/\/blackholediscos.com\/en\/wp-json\/wp\/v2\/types\/product"}],"replies":[{"embeddable":true,"href":"https:\/\/blackholediscos.com\/en\/wp-json\/wp\/v2\/comments?post=3273"}],"wp:featuredmedia":[{"embeddable":true,"href":"https:\/\/blackholediscos.com\/en\/wp-json\/wp\/v2\/media\/3106"}],"wp:attachment":[{"href":"https:\/\/blackholediscos.com\/en\/wp-json\/wp\/v2\/media?parent=3273"}],"wp:term":[{"taxonomy":"product_brand","embeddable":true,"href":"https:\/\/blackholediscos.com\/en\/wp-json\/wp\/v2\/product_brand?post=3273"},{"taxonomy":"product_cat","embeddable":true,"href":"https:\/\/blackholediscos.com\/en\/wp-json\/wp\/v2\/product_cat?post=3273"},{"taxonomy":"product_tag","embeddable":true,"href":"https:\/\/blackholediscos.com\/en\/wp-json\/wp\/v2\/product_tag?post=3273"},{"taxonomy":"artista","embeddable":true,"href":"https:\/\/blackholediscos.com\/en\/wp-json\/wp\/v2\/artista?post=3273"},{"taxonomy":"produtora","embeddable":true,"href":"https:\/\/blackholediscos.com\/en\/wp-json\/wp\/v2\/produtora?post=3273"},{"taxonomy":"ano","embeddable":true,"href":"https:\/\/blackholediscos.com\/en\/wp-json\/wp\/v2\/ano?post=3273"}],"curies":[{"name":"wp","href":"https:\/\/api.w.org\/{rel}","templated":true}]}}