{"id":3267,"date":"2024-06-26T20:19:25","date_gmt":"2024-06-26T20:19:25","guid":{"rendered":"https:\/\/blackholediscos.com\/?post_type=product&#038;p=3267"},"modified":"2024-06-26T20:19:25","modified_gmt":"2024-06-26T20:19:25","slug":"rodrigo-campos-sao-mateus-nao-e-um-lugar-assim-tao-longe","status":"publish","type":"product","link":"https:\/\/blackholediscos.com\/en\/product\/rodrigo-campos-sao-mateus-nao-e-um-lugar-assim-tao-longe\/","title":{"rendered":"Rodrigo Campos \u2013 S\u00e3o Mateus N\u00e3o \u00c9 Um Lugar Assim T\u00e3o Longe"},"content":{"rendered":"<p>LP Lacrado de f\u00e1brica.<\/p>\n<p>\tPatu\u00e1 Discos \u2013 PD-002<\/p>\n<p>A1\t\tFim Da Cidade<br \/>\nA2\t\tOs Olhos Dela<br \/>\nA3\t\tBrother Jos\u00e9<br \/>\nA4\t\tCalif\u00f3rnia Azul<br \/>\nA5\t\tAmor Na Vila S\u00f4nia<br \/>\nA6\t\tCavaquinho<br \/>\nB1\t\tSem Estrela<br \/>\nB2\t\tL\u00facia<br \/>\nB3\t\tIsac<br \/>\nB4\t\tMangue e Fogo<br \/>\nB5\t\tRua Tr\u00eas<\/p>","protected":false},"excerpt":{"rendered":"<p>LP Lacrado de f\u00e1brica. Patu\u00e1 Discos \u2013 PD-002 A1 Fim Da Cidade A2 Os Olhos Dela A3 Brother Jos\u00e9 A4 Calif\u00f3rnia Azul A5 Amor Na Vila S\u00f4nia A6 Cavaquinho B1 Sem Estrela B2 L\u00facia B3 Isac B4 Mangue e Fogo B5 Rua Tr\u00eas<\/p>","protected":false},"featured_media":3090,"comment_status":"open","ping_status":"closed","template":"","meta":{"_acf_changed":false},"product_brand":[],"product_cat":[332,130,39,24],"product_tag":[],"artista":[735],"produtora":[736],"ano":[85],"class_list":{"0":"post-3267","1":"product","2":"type-product","3":"status-publish","4":"has-post-thumbnail","6":"product_cat-selos-independentes","7":"product_cat-bossa-nova","8":"product_cat-mpb","9":"product_cat-samba","10":"artista-rodrigo-campos","11":"produtora-patua-discos","12":"ano-85","14":"first","15":"instock","16":"shipping-taxable","17":"purchasable","18":"product-type-simple"},"acf":[],"yoast_head":"<!-- This site is optimized with the Yoast SEO plugin v27.3 - https:\/\/yoast.com\/product\/yoast-seo-wordpress\/ -->\n<title>Rodrigo Campos \u2013 S\u00e3o Mateus N\u00e3o \u00c9 Um Lugar Assim T\u00e3o Longe - Black Hole Discos<\/title>\n<meta name=\"robots\" content=\"index, follow, max-snippet:-1, max-image-preview:large, max-video-preview:-1\" \/>\n<link rel=\"canonical\" href=\"https:\/\/blackholediscos.com\/en\/product\/rodrigo-campos-sao-mateus-nao-e-um-lugar-assim-tao-longe\/\" \/>\n<meta property=\"og:locale\" content=\"en_US\" \/>\n<meta property=\"og:type\" content=\"article\" \/>\n<meta property=\"og:title\" content=\"Rodrigo Campos \u2013 S\u00e3o Mateus N\u00e3o \u00c9 Um Lugar Assim T\u00e3o Longe - Black Hole Discos\" \/>\n<meta property=\"og:description\" content=\"LP Lacrado de f\u00e1brica. Patu\u00e1 Discos \u2013 PD-002 A1 Fim Da Cidade A2 Os Olhos Dela A3 Brother Jos\u00e9 A4 Calif\u00f3rnia Azul A5 Amor Na Vila S\u00f4nia A6 Cavaquinho B1 Sem Estrela B2 L\u00facia B3 Isac B4 Mangue e Fogo B5 Rua Tr\u00eas\" \/>\n<meta property=\"og:url\" content=\"https:\/\/blackholediscos.com\/en\/product\/rodrigo-campos-sao-mateus-nao-e-um-lugar-assim-tao-longe\/\" \/>\n<meta property=\"og:site_name\" content=\"Black Hole Discos\" \/>\n<meta property=\"article:publisher\" content=\"https:\/\/www.instagram.com\/blackholediscos\/\" \/>\n<meta property=\"og:image\" content=\"https:\/\/blackholediscos.com\/wp-content\/uploads\/2024\/06\/IMG_5732-scaled.jpg\" \/>\n\t<meta property=\"og:image:width\" content=\"2560\" \/>\n\t<meta property=\"og:image:height\" content=\"2560\" \/>\n\t<meta property=\"og:image:type\" content=\"image\/jpeg\" \/>\n<meta name=\"twitter:card\" content=\"summary_large_image\" \/>\n<meta name=\"twitter:label1\" content=\"Est. reading time\" \/>\n\t<meta name=\"twitter:data1\" content=\"1 minute\" \/>\n<script type=\"application\/ld+json\" class=\"yoast-schema-graph\">{\"@context\":\"https:\\\/\\\/schema.org\",\"@graph\":[{\"@type\":\"WebPage\",\"@id\":\"https:\\\/\\\/blackholediscos.com\\\/product\\\/rodrigo-campos-sao-mateus-nao-e-um-lugar-assim-tao-longe\\\/\",\"url\":\"https:\\\/\\\/blackholediscos.com\\\/product\\\/rodrigo-campos-sao-mateus-nao-e-um-lugar-assim-tao-longe\\\/\",\"name\":\"Rodrigo Campos \u2013 S\u00e3o Mateus N\u00e3o \u00c9 Um Lugar Assim T\u00e3o Longe - Black Hole Discos\",\"isPartOf\":{\"@id\":\"https:\\\/\\\/blackholediscos.com\\\/#website\"},\"primaryImageOfPage\":{\"@id\":\"https:\\\/\\\/blackholediscos.com\\\/product\\\/rodrigo-campos-sao-mateus-nao-e-um-lugar-assim-tao-longe\\\/#primaryimage\"},\"image\":{\"@id\":\"https:\\\/\\\/blackholediscos.com\\\/product\\\/rodrigo-campos-sao-mateus-nao-e-um-lugar-assim-tao-longe\\\/#primaryimage\"},\"thumbnailUrl\":\"https:\\\/\\\/blackholediscos.com\\\/wp-content\\\/uploads\\\/2024\\\/06\\\/IMG_5732-scaled.jpg\",\"datePublished\":\"2024-06-26T20:19:25+00:00\",\"breadcrumb\":{\"@id\":\"https:\\\/\\\/blackholediscos.com\\\/product\\\/rodrigo-campos-sao-mateus-nao-e-um-lugar-assim-tao-longe\\\/#breadcrumb\"},\"inLanguage\":\"en-US\",\"potentialAction\":[{\"@type\":\"ReadAction\",\"target\":[\"https:\\\/\\\/blackholediscos.com\\\/product\\\/rodrigo-campos-sao-mateus-nao-e-um-lugar-assim-tao-longe\\\/\"]}]},{\"@type\":\"ImageObject\",\"inLanguage\":\"en-US\",\"@id\":\"https:\\\/\\\/blackholediscos.com\\\/product\\\/rodrigo-campos-sao-mateus-nao-e-um-lugar-assim-tao-longe\\\/#primaryimage\",\"url\":\"https:\\\/\\\/blackholediscos.com\\\/wp-content\\\/uploads\\\/2024\\\/06\\\/IMG_5732-scaled.jpg\",\"contentUrl\":\"https:\\\/\\\/blackholediscos.com\\\/wp-content\\\/uploads\\\/2024\\\/06\\\/IMG_5732-scaled.jpg\",\"width\":2560,\"height\":2560},{\"@type\":\"BreadcrumbList\",\"@id\":\"https:\\\/\\\/blackholediscos.com\\\/product\\\/rodrigo-campos-sao-mateus-nao-e-um-lugar-assim-tao-longe\\\/#breadcrumb\",\"itemListElement\":[{\"@type\":\"ListItem\",\"position\":1,\"name\":\"In\u00edcio\",\"item\":\"https:\\\/\\\/blackholediscos.com\\\/\"},{\"@type\":\"ListItem\",\"position\":2,\"name\":\"Shop\",\"item\":\"https:\\\/\\\/blackholediscos.com\\\/shop\\\/\"},{\"@type\":\"ListItem\",\"position\":3,\"name\":\"Rodrigo Campos \u2013 S\u00e3o Mateus N\u00e3o \u00c9 Um Lugar Assim T\u00e3o Longe\"}]},{\"@type\":\"WebSite\",\"@id\":\"https:\\\/\\\/blackholediscos.com\\\/#website\",\"url\":\"https:\\\/\\\/blackholediscos.com\\\/\",\"name\":\"Black Hole Discos\",\"description\":\"Brazilian music LPs\",\"publisher\":{\"@id\":\"https:\\\/\\\/blackholediscos.com\\\/#organization\"},\"potentialAction\":[{\"@type\":\"SearchAction\",\"target\":{\"@type\":\"EntryPoint\",\"urlTemplate\":\"https:\\\/\\\/blackholediscos.com\\\/?s={search_term_string}\"},\"query-input\":{\"@type\":\"PropertyValueSpecification\",\"valueRequired\":true,\"valueName\":\"search_term_string\"}}],\"inLanguage\":\"en-US\"},{\"@type\":\"Organization\",\"@id\":\"https:\\\/\\\/blackholediscos.com\\\/#organization\",\"name\":\"Black Hole Discos\",\"url\":\"https:\\\/\\\/blackholediscos.com\\\/\",\"logo\":{\"@type\":\"ImageObject\",\"inLanguage\":\"en-US\",\"@id\":\"https:\\\/\\\/blackholediscos.com\\\/#\\\/schema\\\/logo\\\/image\\\/\",\"url\":\"https:\\\/\\\/blackholediscos.com\\\/wp-content\\\/uploads\\\/2024\\\/06\\\/black-hole-discos-vinis-logo.png\",\"contentUrl\":\"https:\\\/\\\/blackholediscos.com\\\/wp-content\\\/uploads\\\/2024\\\/06\\\/black-hole-discos-vinis-logo.png\",\"width\":70,\"height\":66,\"caption\":\"Black Hole Discos\"},\"image\":{\"@id\":\"https:\\\/\\\/blackholediscos.com\\\/#\\\/schema\\\/logo\\\/image\\\/\"},\"sameAs\":[\"https:\\\/\\\/www.instagram.com\\\/blackholediscos\\\/\"]}]}<\/script>\n<!-- \/ Yoast SEO plugin. -->","yoast_head_json":{"title":"Rodrigo Campos \u2013 S\u00e3o Mateus N\u00e3o \u00c9 Um Lugar Assim T\u00e3o Longe - Black Hole Discos","robots":{"index":"index","follow":"follow","max-snippet":"max-snippet:-1","max-image-preview":"max-image-preview:large","max-video-preview":"max-video-preview:-1"},"canonical":"https:\/\/blackholediscos.com\/en\/product\/rodrigo-campos-sao-mateus-nao-e-um-lugar-assim-tao-longe\/","og_locale":"en_US","og_type":"article","og_title":"Rodrigo Campos \u2013 S\u00e3o Mateus N\u00e3o \u00c9 Um Lugar Assim T\u00e3o Longe - Black Hole Discos","og_description":"LP Lacrado de f\u00e1brica. Patu\u00e1 Discos \u2013 PD-002 A1 Fim Da Cidade A2 Os Olhos Dela A3 Brother Jos\u00e9 A4 Calif\u00f3rnia Azul A5 Amor Na Vila S\u00f4nia A6 Cavaquinho B1 Sem Estrela B2 L\u00facia B3 Isac B4 Mangue e Fogo B5 Rua Tr\u00eas","og_url":"https:\/\/blackholediscos.com\/en\/product\/rodrigo-campos-sao-mateus-nao-e-um-lugar-assim-tao-longe\/","og_site_name":"Black Hole Discos","article_publisher":"https:\/\/www.instagram.com\/blackholediscos\/","og_image":[{"width":2560,"height":2560,"url":"https:\/\/blackholediscos.com\/wp-content\/uploads\/2024\/06\/IMG_5732-scaled.jpg","type":"image\/jpeg"}],"twitter_card":"summary_large_image","twitter_misc":{"Est. reading time":"1 minute"},"schema":{"@context":"https:\/\/schema.org","@graph":[{"@type":"WebPage","@id":"https:\/\/blackholediscos.com\/product\/rodrigo-campos-sao-mateus-nao-e-um-lugar-assim-tao-longe\/","url":"https:\/\/blackholediscos.com\/product\/rodrigo-campos-sao-mateus-nao-e-um-lugar-assim-tao-longe\/","name":"Rodrigo Campos \u2013 S\u00e3o Mateus N\u00e3o \u00c9 Um Lugar Assim T\u00e3o Longe - Black Hole Discos","isPartOf":{"@id":"https:\/\/blackholediscos.com\/#website"},"primaryImageOfPage":{"@id":"https:\/\/blackholediscos.com\/product\/rodrigo-campos-sao-mateus-nao-e-um-lugar-assim-tao-longe\/#primaryimage"},"image":{"@id":"https:\/\/blackholediscos.com\/product\/rodrigo-campos-sao-mateus-nao-e-um-lugar-assim-tao-longe\/#primaryimage"},"thumbnailUrl":"https:\/\/blackholediscos.com\/wp-content\/uploads\/2024\/06\/IMG_5732-scaled.jpg","datePublished":"2024-06-26T20:19:25+00:00","breadcrumb":{"@id":"https:\/\/blackholediscos.com\/product\/rodrigo-campos-sao-mateus-nao-e-um-lugar-assim-tao-longe\/#breadcrumb"},"inLanguage":"en-US","potentialAction":[{"@type":"ReadAction","target":["https:\/\/blackholediscos.com\/product\/rodrigo-campos-sao-mateus-nao-e-um-lugar-assim-tao-longe\/"]}]},{"@type":"ImageObject","inLanguage":"en-US","@id":"https:\/\/blackholediscos.com\/product\/rodrigo-campos-sao-mateus-nao-e-um-lugar-assim-tao-longe\/#primaryimage","url":"https:\/\/blackholediscos.com\/wp-content\/uploads\/2024\/06\/IMG_5732-scaled.jpg","contentUrl":"https:\/\/blackholediscos.com\/wp-content\/uploads\/2024\/06\/IMG_5732-scaled.jpg","width":2560,"height":2560},{"@type":"BreadcrumbList","@id":"https:\/\/blackholediscos.com\/product\/rodrigo-campos-sao-mateus-nao-e-um-lugar-assim-tao-longe\/#breadcrumb","itemListElement":[{"@type":"ListItem","position":1,"name":"In\u00edcio","item":"https:\/\/blackholediscos.com\/"},{"@type":"ListItem","position":2,"name":"Shop","item":"https:\/\/blackholediscos.com\/shop\/"},{"@type":"ListItem","position":3,"name":"Rodrigo Campos \u2013 S\u00e3o Mateus N\u00e3o \u00c9 Um Lugar Assim T\u00e3o Longe"}]},{"@type":"WebSite","@id":"https:\/\/blackholediscos.com\/#website","url":"https:\/\/blackholediscos.com\/","name":"Black Hole Discos","description":"Brazilian music LPs","publisher":{"@id":"https:\/\/blackholediscos.com\/#organization"},"potentialAction":[{"@type":"SearchAction","target":{"@type":"EntryPoint","urlTemplate":"https:\/\/blackholediscos.com\/?s={search_term_string}"},"query-input":{"@type":"PropertyValueSpecification","valueRequired":true,"valueName":"search_term_string"}}],"inLanguage":"en-US"},{"@type":"Organization","@id":"https:\/\/blackholediscos.com\/#organization","name":"Black Hole Discos","url":"https:\/\/blackholediscos.com\/","logo":{"@type":"ImageObject","inLanguage":"en-US","@id":"https:\/\/blackholediscos.com\/#\/schema\/logo\/image\/","url":"https:\/\/blackholediscos.com\/wp-content\/uploads\/2024\/06\/black-hole-discos-vinis-logo.png","contentUrl":"https:\/\/blackholediscos.com\/wp-content\/uploads\/2024\/06\/black-hole-discos-vinis-logo.png","width":70,"height":66,"caption":"Black Hole Discos"},"image":{"@id":"https:\/\/blackholediscos.com\/#\/schema\/logo\/image\/"},"sameAs":["https:\/\/www.instagram.com\/blackholediscos\/"]}]}},"_links":{"self":[{"href":"https:\/\/blackholediscos.com\/en\/wp-json\/wp\/v2\/product\/3267","targetHints":{"allow":["GET"]}}],"collection":[{"href":"https:\/\/blackholediscos.com\/en\/wp-json\/wp\/v2\/product"}],"about":[{"href":"https:\/\/blackholediscos.com\/en\/wp-json\/wp\/v2\/types\/product"}],"replies":[{"embeddable":true,"href":"https:\/\/blackholediscos.com\/en\/wp-json\/wp\/v2\/comments?post=3267"}],"wp:featuredmedia":[{"embeddable":true,"href":"https:\/\/blackholediscos.com\/en\/wp-json\/wp\/v2\/media\/3090"}],"wp:attachment":[{"href":"https:\/\/blackholediscos.com\/en\/wp-json\/wp\/v2\/media?parent=3267"}],"wp:term":[{"taxonomy":"product_brand","embeddable":true,"href":"https:\/\/blackholediscos.com\/en\/wp-json\/wp\/v2\/product_brand?post=3267"},{"taxonomy":"product_cat","embeddable":true,"href":"https:\/\/blackholediscos.com\/en\/wp-json\/wp\/v2\/product_cat?post=3267"},{"taxonomy":"product_tag","embeddable":true,"href":"https:\/\/blackholediscos.com\/en\/wp-json\/wp\/v2\/product_tag?post=3267"},{"taxonomy":"artista","embeddable":true,"href":"https:\/\/blackholediscos.com\/en\/wp-json\/wp\/v2\/artista?post=3267"},{"taxonomy":"produtora","embeddable":true,"href":"https:\/\/blackholediscos.com\/en\/wp-json\/wp\/v2\/produtora?post=3267"},{"taxonomy":"ano","embeddable":true,"href":"https:\/\/blackholediscos.com\/en\/wp-json\/wp\/v2\/ano?post=3267"}],"curies":[{"name":"wp","href":"https:\/\/api.w.org\/{rel}","templated":true}]}}