{"id":3266,"date":"2024-06-26T20:14:42","date_gmt":"2024-06-26T20:14:42","guid":{"rendered":"https:\/\/blackholediscos.com\/?post_type=product&#038;p=3266"},"modified":"2025-05-13T21:02:58","modified_gmt":"2025-05-13T21:02:58","slug":"pitty-anacronico","status":"publish","type":"product","link":"https:\/\/blackholediscos.com\/en\/product\/pitty-anacronico\/","title":{"rendered":"Pitty \u2013 Anacr\u00f4nico"},"content":{"rendered":"<p>LP aberto em perfeitas condi\u00e7\u00f5es.<\/p>\n<p>\tDeckdisc \u2013 33094-1<\/p>\n<p>A1\t\tA Saideira\t2:51<br \/>\nA2\t\tAnacr\u00f4nico\t3:12<br \/>\nA3\t\tDe Voc\u00ea\t3:48<br \/>\nA4\t\tMem\u00f3rias\t3:34<br \/>\nA5\t\tD\u00e9j\u00e0 Vu\t4:18<br \/>\nA6\t\tAahhh&#8230;!\t1:08<br \/>\nA7\t\tIgnorin&#8217; U\t4:19<br \/>\nB1\t\tBrinquedo Torto\t4:59<br \/>\nB2\t\tNa Sua Estante\t3:42<br \/>\nB3\t\tNo Escuro\t3:07<br \/>\nB4\t\tQuem Vai Queimar?\t4:02<br \/>\nB5\t\tGuerreiros S\u00e3o Guerreiros\t4:46<br \/>\nB6\t\tQuerer Depois <\/p>","protected":false},"excerpt":{"rendered":"<p>LP aberto em perfeitas condi\u00e7\u00f5es. Deckdisc \u2013 33094-1 A1 A Saideira 2:51 A2 Anacr\u00f4nico 3:12 A3 De Voc\u00ea 3:48 A4 Mem\u00f3rias 3:34 A5 D\u00e9j\u00e0 Vu 4:18 A6 Aahhh&#8230;! 1:08 A7 Ignorin&#8217; U 4:19 B1 Brinquedo Torto 4:59 B2 Na Sua Estante 3:42 B3 No Escuro 3:07 B4 Quem Vai Queimar? 4:02 B5 Guerreiros S\u00e3o Guerreiros [&hellip;]<\/p>\n","protected":false},"featured_media":3085,"comment_status":"open","ping_status":"closed","template":"","meta":{"_acf_changed":false},"product_brand":[],"product_cat":[78,138,35,173],"product_tag":[],"artista":[300],"produtora":[734,144],"ano":[246],"class_list":{"0":"post-3266","1":"product","2":"type-product","3":"status-publish","4":"has-post-thumbnail","6":"product_cat-contemporaneos","7":"product_cat-polysom","8":"product_cat-rock","9":"product_cat-rock-alternativo","10":"artista-pitty","11":"produtora-deckdisc","12":"produtora-polysom","13":"ano-246","15":"first","16":"instock","17":"sold-individually","18":"shipping-taxable","19":"purchasable","20":"product-type-simple"},"acf":[],"yoast_head":"<!-- This site is optimized with the Yoast SEO plugin v27.6 - https:\/\/yoast.com\/product\/yoast-seo-wordpress\/ -->\n<title>Pitty \u2013 Anacr\u00f4nico - Black Hole Discos<\/title>\n<meta name=\"robots\" content=\"index, follow, max-snippet:-1, max-image-preview:large, max-video-preview:-1\" \/>\n<link rel=\"canonical\" href=\"https:\/\/blackholediscos.com\/en\/product\/pitty-anacronico\/\" \/>\n<meta property=\"og:locale\" content=\"en_US\" \/>\n<meta property=\"og:type\" content=\"article\" \/>\n<meta property=\"og:title\" content=\"Pitty \u2013 Anacr\u00f4nico - Black Hole Discos\" \/>\n<meta property=\"og:description\" content=\"LP aberto em perfeitas condi\u00e7\u00f5es. Deckdisc \u2013 33094-1 A1 A Saideira 2:51 A2 Anacr\u00f4nico 3:12 A3 De Voc\u00ea 3:48 A4 Mem\u00f3rias 3:34 A5 D\u00e9j\u00e0 Vu 4:18 A6 Aahhh&#8230;! 1:08 A7 Ignorin&#8217; U 4:19 B1 Brinquedo Torto 4:59 B2 Na Sua Estante 3:42 B3 No Escuro 3:07 B4 Quem Vai Queimar? 4:02 B5 Guerreiros S\u00e3o Guerreiros [&hellip;]\" \/>\n<meta property=\"og:url\" content=\"https:\/\/blackholediscos.com\/en\/product\/pitty-anacronico\/\" \/>\n<meta property=\"og:site_name\" content=\"Black Hole Discos\" \/>\n<meta property=\"article:publisher\" content=\"https:\/\/www.instagram.com\/blackholediscos\/\" \/>\n<meta property=\"article:modified_time\" content=\"2025-05-13T21:02:58+00:00\" \/>\n<meta property=\"og:image\" content=\"https:\/\/blackholediscos.com\/wp-content\/uploads\/2024\/06\/IMG_5726-scaled.jpg\" \/>\n\t<meta property=\"og:image:width\" content=\"2560\" \/>\n\t<meta property=\"og:image:height\" content=\"2560\" \/>\n\t<meta property=\"og:image:type\" content=\"image\/jpeg\" \/>\n<meta name=\"twitter:card\" content=\"summary_large_image\" \/>\n<meta name=\"twitter:label1\" content=\"Est. reading time\" \/>\n\t<meta name=\"twitter:data1\" content=\"1 minute\" \/>\n<script type=\"application\/ld+json\" class=\"yoast-schema-graph\">{\"@context\":\"https:\\\/\\\/schema.org\",\"@graph\":[{\"@type\":\"WebPage\",\"@id\":\"https:\\\/\\\/blackholediscos.com\\\/product\\\/pitty-anacronico\\\/\",\"url\":\"https:\\\/\\\/blackholediscos.com\\\/product\\\/pitty-anacronico\\\/\",\"name\":\"Pitty \u2013 Anacr\u00f4nico - Black Hole Discos\",\"isPartOf\":{\"@id\":\"https:\\\/\\\/blackholediscos.com\\\/#website\"},\"primaryImageOfPage\":{\"@id\":\"https:\\\/\\\/blackholediscos.com\\\/product\\\/pitty-anacronico\\\/#primaryimage\"},\"image\":{\"@id\":\"https:\\\/\\\/blackholediscos.com\\\/product\\\/pitty-anacronico\\\/#primaryimage\"},\"thumbnailUrl\":\"https:\\\/\\\/blackholediscos.com\\\/wp-content\\\/uploads\\\/2024\\\/06\\\/IMG_5726-scaled.jpg\",\"datePublished\":\"2024-06-26T20:14:42+00:00\",\"dateModified\":\"2025-05-13T21:02:58+00:00\",\"breadcrumb\":{\"@id\":\"https:\\\/\\\/blackholediscos.com\\\/product\\\/pitty-anacronico\\\/#breadcrumb\"},\"inLanguage\":\"en-US\",\"potentialAction\":[{\"@type\":\"ReadAction\",\"target\":[\"https:\\\/\\\/blackholediscos.com\\\/product\\\/pitty-anacronico\\\/\"]}]},{\"@type\":\"ImageObject\",\"inLanguage\":\"en-US\",\"@id\":\"https:\\\/\\\/blackholediscos.com\\\/product\\\/pitty-anacronico\\\/#primaryimage\",\"url\":\"https:\\\/\\\/blackholediscos.com\\\/wp-content\\\/uploads\\\/2024\\\/06\\\/IMG_5726-scaled.jpg\",\"contentUrl\":\"https:\\\/\\\/blackholediscos.com\\\/wp-content\\\/uploads\\\/2024\\\/06\\\/IMG_5726-scaled.jpg\",\"width\":2560,\"height\":2560},{\"@type\":\"BreadcrumbList\",\"@id\":\"https:\\\/\\\/blackholediscos.com\\\/product\\\/pitty-anacronico\\\/#breadcrumb\",\"itemListElement\":[{\"@type\":\"ListItem\",\"position\":1,\"name\":\"In\u00edcio\",\"item\":\"https:\\\/\\\/blackholediscos.com\\\/\"},{\"@type\":\"ListItem\",\"position\":2,\"name\":\"Shop\",\"item\":\"https:\\\/\\\/blackholediscos.com\\\/shop\\\/\"},{\"@type\":\"ListItem\",\"position\":3,\"name\":\"Pitty \u2013 Anacr\u00f4nico\"}]},{\"@type\":\"WebSite\",\"@id\":\"https:\\\/\\\/blackholediscos.com\\\/#website\",\"url\":\"https:\\\/\\\/blackholediscos.com\\\/\",\"name\":\"Black Hole Discos\",\"description\":\"Brazilian music LPs\",\"publisher\":{\"@id\":\"https:\\\/\\\/blackholediscos.com\\\/#organization\"},\"potentialAction\":[{\"@type\":\"SearchAction\",\"target\":{\"@type\":\"EntryPoint\",\"urlTemplate\":\"https:\\\/\\\/blackholediscos.com\\\/?s={search_term_string}\"},\"query-input\":{\"@type\":\"PropertyValueSpecification\",\"valueRequired\":true,\"valueName\":\"search_term_string\"}}],\"inLanguage\":\"en-US\"},{\"@type\":\"Organization\",\"@id\":\"https:\\\/\\\/blackholediscos.com\\\/#organization\",\"name\":\"Black Hole Discos\",\"url\":\"https:\\\/\\\/blackholediscos.com\\\/\",\"logo\":{\"@type\":\"ImageObject\",\"inLanguage\":\"en-US\",\"@id\":\"https:\\\/\\\/blackholediscos.com\\\/#\\\/schema\\\/logo\\\/image\\\/\",\"url\":\"https:\\\/\\\/blackholediscos.com\\\/wp-content\\\/uploads\\\/2024\\\/06\\\/black-hole-discos-vinis-logo.png\",\"contentUrl\":\"https:\\\/\\\/blackholediscos.com\\\/wp-content\\\/uploads\\\/2024\\\/06\\\/black-hole-discos-vinis-logo.png\",\"width\":70,\"height\":66,\"caption\":\"Black Hole Discos\"},\"image\":{\"@id\":\"https:\\\/\\\/blackholediscos.com\\\/#\\\/schema\\\/logo\\\/image\\\/\"},\"sameAs\":[\"https:\\\/\\\/www.instagram.com\\\/blackholediscos\\\/\"]}]}<\/script>\n<!-- \/ Yoast SEO plugin. -->","yoast_head_json":{"title":"Pitty \u2013 Anacr\u00f4nico - Black Hole Discos","robots":{"index":"index","follow":"follow","max-snippet":"max-snippet:-1","max-image-preview":"max-image-preview:large","max-video-preview":"max-video-preview:-1"},"canonical":"https:\/\/blackholediscos.com\/en\/product\/pitty-anacronico\/","og_locale":"en_US","og_type":"article","og_title":"Pitty \u2013 Anacr\u00f4nico - Black Hole Discos","og_description":"LP aberto em perfeitas condi\u00e7\u00f5es. Deckdisc \u2013 33094-1 A1 A Saideira 2:51 A2 Anacr\u00f4nico 3:12 A3 De Voc\u00ea 3:48 A4 Mem\u00f3rias 3:34 A5 D\u00e9j\u00e0 Vu 4:18 A6 Aahhh&#8230;! 1:08 A7 Ignorin&#8217; U 4:19 B1 Brinquedo Torto 4:59 B2 Na Sua Estante 3:42 B3 No Escuro 3:07 B4 Quem Vai Queimar? 4:02 B5 Guerreiros S\u00e3o Guerreiros [&hellip;]","og_url":"https:\/\/blackholediscos.com\/en\/product\/pitty-anacronico\/","og_site_name":"Black Hole Discos","article_publisher":"https:\/\/www.instagram.com\/blackholediscos\/","article_modified_time":"2025-05-13T21:02:58+00:00","og_image":[{"width":2560,"height":2560,"url":"https:\/\/blackholediscos.com\/wp-content\/uploads\/2024\/06\/IMG_5726-scaled.jpg","type":"image\/jpeg"}],"twitter_card":"summary_large_image","twitter_misc":{"Est. reading time":"1 minute"},"schema":{"@context":"https:\/\/schema.org","@graph":[{"@type":"WebPage","@id":"https:\/\/blackholediscos.com\/product\/pitty-anacronico\/","url":"https:\/\/blackholediscos.com\/product\/pitty-anacronico\/","name":"Pitty \u2013 Anacr\u00f4nico - Black Hole Discos","isPartOf":{"@id":"https:\/\/blackholediscos.com\/#website"},"primaryImageOfPage":{"@id":"https:\/\/blackholediscos.com\/product\/pitty-anacronico\/#primaryimage"},"image":{"@id":"https:\/\/blackholediscos.com\/product\/pitty-anacronico\/#primaryimage"},"thumbnailUrl":"https:\/\/blackholediscos.com\/wp-content\/uploads\/2024\/06\/IMG_5726-scaled.jpg","datePublished":"2024-06-26T20:14:42+00:00","dateModified":"2025-05-13T21:02:58+00:00","breadcrumb":{"@id":"https:\/\/blackholediscos.com\/product\/pitty-anacronico\/#breadcrumb"},"inLanguage":"en-US","potentialAction":[{"@type":"ReadAction","target":["https:\/\/blackholediscos.com\/product\/pitty-anacronico\/"]}]},{"@type":"ImageObject","inLanguage":"en-US","@id":"https:\/\/blackholediscos.com\/product\/pitty-anacronico\/#primaryimage","url":"https:\/\/blackholediscos.com\/wp-content\/uploads\/2024\/06\/IMG_5726-scaled.jpg","contentUrl":"https:\/\/blackholediscos.com\/wp-content\/uploads\/2024\/06\/IMG_5726-scaled.jpg","width":2560,"height":2560},{"@type":"BreadcrumbList","@id":"https:\/\/blackholediscos.com\/product\/pitty-anacronico\/#breadcrumb","itemListElement":[{"@type":"ListItem","position":1,"name":"In\u00edcio","item":"https:\/\/blackholediscos.com\/"},{"@type":"ListItem","position":2,"name":"Shop","item":"https:\/\/blackholediscos.com\/shop\/"},{"@type":"ListItem","position":3,"name":"Pitty \u2013 Anacr\u00f4nico"}]},{"@type":"WebSite","@id":"https:\/\/blackholediscos.com\/#website","url":"https:\/\/blackholediscos.com\/","name":"Black Hole Discos","description":"Brazilian music LPs","publisher":{"@id":"https:\/\/blackholediscos.com\/#organization"},"potentialAction":[{"@type":"SearchAction","target":{"@type":"EntryPoint","urlTemplate":"https:\/\/blackholediscos.com\/?s={search_term_string}"},"query-input":{"@type":"PropertyValueSpecification","valueRequired":true,"valueName":"search_term_string"}}],"inLanguage":"en-US"},{"@type":"Organization","@id":"https:\/\/blackholediscos.com\/#organization","name":"Black Hole Discos","url":"https:\/\/blackholediscos.com\/","logo":{"@type":"ImageObject","inLanguage":"en-US","@id":"https:\/\/blackholediscos.com\/#\/schema\/logo\/image\/","url":"https:\/\/blackholediscos.com\/wp-content\/uploads\/2024\/06\/black-hole-discos-vinis-logo.png","contentUrl":"https:\/\/blackholediscos.com\/wp-content\/uploads\/2024\/06\/black-hole-discos-vinis-logo.png","width":70,"height":66,"caption":"Black Hole Discos"},"image":{"@id":"https:\/\/blackholediscos.com\/#\/schema\/logo\/image\/"},"sameAs":["https:\/\/www.instagram.com\/blackholediscos\/"]}]}},"_links":{"self":[{"href":"https:\/\/blackholediscos.com\/en\/wp-json\/wp\/v2\/product\/3266","targetHints":{"allow":["GET"]}}],"collection":[{"href":"https:\/\/blackholediscos.com\/en\/wp-json\/wp\/v2\/product"}],"about":[{"href":"https:\/\/blackholediscos.com\/en\/wp-json\/wp\/v2\/types\/product"}],"replies":[{"embeddable":true,"href":"https:\/\/blackholediscos.com\/en\/wp-json\/wp\/v2\/comments?post=3266"}],"wp:featuredmedia":[{"embeddable":true,"href":"https:\/\/blackholediscos.com\/en\/wp-json\/wp\/v2\/media\/3085"}],"wp:attachment":[{"href":"https:\/\/blackholediscos.com\/en\/wp-json\/wp\/v2\/media?parent=3266"}],"wp:term":[{"taxonomy":"product_brand","embeddable":true,"href":"https:\/\/blackholediscos.com\/en\/wp-json\/wp\/v2\/product_brand?post=3266"},{"taxonomy":"product_cat","embeddable":true,"href":"https:\/\/blackholediscos.com\/en\/wp-json\/wp\/v2\/product_cat?post=3266"},{"taxonomy":"product_tag","embeddable":true,"href":"https:\/\/blackholediscos.com\/en\/wp-json\/wp\/v2\/product_tag?post=3266"},{"taxonomy":"artista","embeddable":true,"href":"https:\/\/blackholediscos.com\/en\/wp-json\/wp\/v2\/artista?post=3266"},{"taxonomy":"produtora","embeddable":true,"href":"https:\/\/blackholediscos.com\/en\/wp-json\/wp\/v2\/produtora?post=3266"},{"taxonomy":"ano","embeddable":true,"href":"https:\/\/blackholediscos.com\/en\/wp-json\/wp\/v2\/ano?post=3266"}],"curies":[{"name":"wp","href":"https:\/\/api.w.org\/{rel}","templated":true}]}}