{"id":3220,"date":"2024-06-26T16:38:59","date_gmt":"2024-06-26T16:38:59","guid":{"rendered":"https:\/\/blackholediscos.com\/?post_type=product&#038;p=3220"},"modified":"2024-06-26T16:38:59","modified_gmt":"2024-06-26T16:38:59","slug":"various-replay-acabou-chorare","status":"publish","type":"product","link":"https:\/\/blackholediscos.com\/en\/product\/various-replay-acabou-chorare\/","title":{"rendered":"Various \u2013 Replay Acabou Chorare"},"content":{"rendered":"<p>LP Lacrado de f\u00e1brica.<\/p>\n<p>\tSom Livre \u2013 none<\/p>\n<p>1\tFrancisco, El Hombre\u2013\tBrasil Pandeiro<br \/>\nA2\tOnze:20\u2013\tPreta Pretinha<br \/>\nA3\tC\u00e9u\u2013\tTrinindo Trincando<br \/>\nA4\tGilsons\u2013\tSwing Do Campo Grande<br \/>\nA5\tMaria Gad\u00fa\u2013\tAcabou Chorare<br \/>\nB1\tMarcelo Jeneci\u2013\tMist\u00e9rio Do Planeta<br \/>\nB2\tX\u00eania Fran\u00e7a\u2013\tA Menina Dan\u00e7a<br \/>\nB3\tJo\u00e3o Cavalcanti\u2013\tBesta \u00c9 Tu<br \/>\nB4\tAfrocidade\u2013\tUm Bilhete Pra Didi<br \/>\nB5\tLetrux, Iolly Amancio\u2013\tPreta Pretinha<\/p>","protected":false},"excerpt":{"rendered":"<p>LP Lacrado de f\u00e1brica. Som Livre \u2013 none 1 Francisco, El Hombre\u2013 Brasil Pandeiro A2 Onze:20\u2013 Preta Pretinha A3 C\u00e9u\u2013 Trinindo Trincando A4 Gilsons\u2013 Swing Do Campo Grande A5 Maria Gad\u00fa\u2013 Acabou Chorare B1 Marcelo Jeneci\u2013 Mist\u00e9rio Do Planeta B2 X\u00eania Fran\u00e7a\u2013 A Menina Dan\u00e7a B3 Jo\u00e3o Cavalcanti\u2013 Besta \u00c9 Tu B4 Afrocidade\u2013 Um Bilhete [&hellip;]<\/p>\n","protected":false},"featured_media":3049,"comment_status":"open","ping_status":"closed","template":"","meta":{"_acf_changed":false},"product_brand":[],"product_cat":[78,39,138,698,173,310],"product_tag":[],"artista":[723],"produtora":[144],"ano":[194],"class_list":{"0":"post-3220","1":"product","2":"type-product","3":"status-publish","4":"has-post-thumbnail","6":"product_cat-contemporaneos","7":"product_cat-mpb","8":"product_cat-polysom","9":"product_cat-pop-alternativo","10":"product_cat-rock-alternativo","11":"product_cat-tropicalia","12":"artista-various","13":"produtora-polysom","14":"ano-194","16":"first","17":"instock","18":"shipping-taxable","19":"purchasable","20":"product-type-simple"},"acf":[],"yoast_head":"<!-- This site is optimized with the Yoast SEO plugin v27.3 - https:\/\/yoast.com\/product\/yoast-seo-wordpress\/ -->\n<title>Various \u2013 Replay Acabou Chorare - Black Hole Discos<\/title>\n<meta name=\"robots\" content=\"index, follow, max-snippet:-1, max-image-preview:large, max-video-preview:-1\" \/>\n<link rel=\"canonical\" href=\"https:\/\/blackholediscos.com\/en\/product\/various-replay-acabou-chorare\/\" \/>\n<meta property=\"og:locale\" content=\"en_US\" \/>\n<meta property=\"og:type\" content=\"article\" \/>\n<meta property=\"og:title\" content=\"Various \u2013 Replay Acabou Chorare - Black Hole Discos\" \/>\n<meta property=\"og:description\" content=\"LP Lacrado de f\u00e1brica. Som Livre \u2013 none 1 Francisco, El Hombre\u2013 Brasil Pandeiro A2 Onze:20\u2013 Preta Pretinha A3 C\u00e9u\u2013 Trinindo Trincando A4 Gilsons\u2013 Swing Do Campo Grande A5 Maria Gad\u00fa\u2013 Acabou Chorare B1 Marcelo Jeneci\u2013 Mist\u00e9rio Do Planeta B2 X\u00eania Fran\u00e7a\u2013 A Menina Dan\u00e7a B3 Jo\u00e3o Cavalcanti\u2013 Besta \u00c9 Tu B4 Afrocidade\u2013 Um Bilhete [&hellip;]\" \/>\n<meta property=\"og:url\" content=\"https:\/\/blackholediscos.com\/en\/product\/various-replay-acabou-chorare\/\" \/>\n<meta property=\"og:site_name\" content=\"Black Hole Discos\" \/>\n<meta property=\"article:publisher\" content=\"https:\/\/www.instagram.com\/blackholediscos\/\" \/>\n<meta property=\"og:image\" content=\"https:\/\/blackholediscos.com\/wp-content\/uploads\/2024\/06\/IMG_5698-scaled.jpg\" \/>\n\t<meta property=\"og:image:width\" content=\"2560\" \/>\n\t<meta property=\"og:image:height\" content=\"2560\" \/>\n\t<meta property=\"og:image:type\" content=\"image\/jpeg\" \/>\n<meta name=\"twitter:card\" content=\"summary_large_image\" \/>\n<meta name=\"twitter:label1\" content=\"Est. reading time\" \/>\n\t<meta name=\"twitter:data1\" content=\"1 minute\" \/>\n<script type=\"application\/ld+json\" class=\"yoast-schema-graph\">{\"@context\":\"https:\\\/\\\/schema.org\",\"@graph\":[{\"@type\":\"WebPage\",\"@id\":\"https:\\\/\\\/blackholediscos.com\\\/product\\\/various-replay-acabou-chorare\\\/\",\"url\":\"https:\\\/\\\/blackholediscos.com\\\/product\\\/various-replay-acabou-chorare\\\/\",\"name\":\"Various \u2013 Replay Acabou Chorare - Black Hole Discos\",\"isPartOf\":{\"@id\":\"https:\\\/\\\/blackholediscos.com\\\/#website\"},\"primaryImageOfPage\":{\"@id\":\"https:\\\/\\\/blackholediscos.com\\\/product\\\/various-replay-acabou-chorare\\\/#primaryimage\"},\"image\":{\"@id\":\"https:\\\/\\\/blackholediscos.com\\\/product\\\/various-replay-acabou-chorare\\\/#primaryimage\"},\"thumbnailUrl\":\"https:\\\/\\\/blackholediscos.com\\\/wp-content\\\/uploads\\\/2024\\\/06\\\/IMG_5698-scaled.jpg\",\"datePublished\":\"2024-06-26T16:38:59+00:00\",\"breadcrumb\":{\"@id\":\"https:\\\/\\\/blackholediscos.com\\\/product\\\/various-replay-acabou-chorare\\\/#breadcrumb\"},\"inLanguage\":\"en-US\",\"potentialAction\":[{\"@type\":\"ReadAction\",\"target\":[\"https:\\\/\\\/blackholediscos.com\\\/product\\\/various-replay-acabou-chorare\\\/\"]}]},{\"@type\":\"ImageObject\",\"inLanguage\":\"en-US\",\"@id\":\"https:\\\/\\\/blackholediscos.com\\\/product\\\/various-replay-acabou-chorare\\\/#primaryimage\",\"url\":\"https:\\\/\\\/blackholediscos.com\\\/wp-content\\\/uploads\\\/2024\\\/06\\\/IMG_5698-scaled.jpg\",\"contentUrl\":\"https:\\\/\\\/blackholediscos.com\\\/wp-content\\\/uploads\\\/2024\\\/06\\\/IMG_5698-scaled.jpg\",\"width\":2560,\"height\":2560},{\"@type\":\"BreadcrumbList\",\"@id\":\"https:\\\/\\\/blackholediscos.com\\\/product\\\/various-replay-acabou-chorare\\\/#breadcrumb\",\"itemListElement\":[{\"@type\":\"ListItem\",\"position\":1,\"name\":\"In\u00edcio\",\"item\":\"https:\\\/\\\/blackholediscos.com\\\/\"},{\"@type\":\"ListItem\",\"position\":2,\"name\":\"Shop\",\"item\":\"https:\\\/\\\/blackholediscos.com\\\/shop\\\/\"},{\"@type\":\"ListItem\",\"position\":3,\"name\":\"Various \u2013 Replay Acabou Chorare\"}]},{\"@type\":\"WebSite\",\"@id\":\"https:\\\/\\\/blackholediscos.com\\\/#website\",\"url\":\"https:\\\/\\\/blackholediscos.com\\\/\",\"name\":\"Black Hole Discos\",\"description\":\"Brazilian music LPs\",\"publisher\":{\"@id\":\"https:\\\/\\\/blackholediscos.com\\\/#organization\"},\"potentialAction\":[{\"@type\":\"SearchAction\",\"target\":{\"@type\":\"EntryPoint\",\"urlTemplate\":\"https:\\\/\\\/blackholediscos.com\\\/?s={search_term_string}\"},\"query-input\":{\"@type\":\"PropertyValueSpecification\",\"valueRequired\":true,\"valueName\":\"search_term_string\"}}],\"inLanguage\":\"en-US\"},{\"@type\":\"Organization\",\"@id\":\"https:\\\/\\\/blackholediscos.com\\\/#organization\",\"name\":\"Black Hole Discos\",\"url\":\"https:\\\/\\\/blackholediscos.com\\\/\",\"logo\":{\"@type\":\"ImageObject\",\"inLanguage\":\"en-US\",\"@id\":\"https:\\\/\\\/blackholediscos.com\\\/#\\\/schema\\\/logo\\\/image\\\/\",\"url\":\"https:\\\/\\\/blackholediscos.com\\\/wp-content\\\/uploads\\\/2024\\\/06\\\/black-hole-discos-vinis-logo.png\",\"contentUrl\":\"https:\\\/\\\/blackholediscos.com\\\/wp-content\\\/uploads\\\/2024\\\/06\\\/black-hole-discos-vinis-logo.png\",\"width\":70,\"height\":66,\"caption\":\"Black Hole Discos\"},\"image\":{\"@id\":\"https:\\\/\\\/blackholediscos.com\\\/#\\\/schema\\\/logo\\\/image\\\/\"},\"sameAs\":[\"https:\\\/\\\/www.instagram.com\\\/blackholediscos\\\/\"]}]}<\/script>\n<!-- \/ Yoast SEO plugin. -->","yoast_head_json":{"title":"Various \u2013 Replay Acabou Chorare - Black Hole Discos","robots":{"index":"index","follow":"follow","max-snippet":"max-snippet:-1","max-image-preview":"max-image-preview:large","max-video-preview":"max-video-preview:-1"},"canonical":"https:\/\/blackholediscos.com\/en\/product\/various-replay-acabou-chorare\/","og_locale":"en_US","og_type":"article","og_title":"Various \u2013 Replay Acabou Chorare - Black Hole Discos","og_description":"LP Lacrado de f\u00e1brica. Som Livre \u2013 none 1 Francisco, El Hombre\u2013 Brasil Pandeiro A2 Onze:20\u2013 Preta Pretinha A3 C\u00e9u\u2013 Trinindo Trincando A4 Gilsons\u2013 Swing Do Campo Grande A5 Maria Gad\u00fa\u2013 Acabou Chorare B1 Marcelo Jeneci\u2013 Mist\u00e9rio Do Planeta B2 X\u00eania Fran\u00e7a\u2013 A Menina Dan\u00e7a B3 Jo\u00e3o Cavalcanti\u2013 Besta \u00c9 Tu B4 Afrocidade\u2013 Um Bilhete [&hellip;]","og_url":"https:\/\/blackholediscos.com\/en\/product\/various-replay-acabou-chorare\/","og_site_name":"Black Hole Discos","article_publisher":"https:\/\/www.instagram.com\/blackholediscos\/","og_image":[{"width":2560,"height":2560,"url":"https:\/\/blackholediscos.com\/wp-content\/uploads\/2024\/06\/IMG_5698-scaled.jpg","type":"image\/jpeg"}],"twitter_card":"summary_large_image","twitter_misc":{"Est. reading time":"1 minute"},"schema":{"@context":"https:\/\/schema.org","@graph":[{"@type":"WebPage","@id":"https:\/\/blackholediscos.com\/product\/various-replay-acabou-chorare\/","url":"https:\/\/blackholediscos.com\/product\/various-replay-acabou-chorare\/","name":"Various \u2013 Replay Acabou Chorare - Black Hole Discos","isPartOf":{"@id":"https:\/\/blackholediscos.com\/#website"},"primaryImageOfPage":{"@id":"https:\/\/blackholediscos.com\/product\/various-replay-acabou-chorare\/#primaryimage"},"image":{"@id":"https:\/\/blackholediscos.com\/product\/various-replay-acabou-chorare\/#primaryimage"},"thumbnailUrl":"https:\/\/blackholediscos.com\/wp-content\/uploads\/2024\/06\/IMG_5698-scaled.jpg","datePublished":"2024-06-26T16:38:59+00:00","breadcrumb":{"@id":"https:\/\/blackholediscos.com\/product\/various-replay-acabou-chorare\/#breadcrumb"},"inLanguage":"en-US","potentialAction":[{"@type":"ReadAction","target":["https:\/\/blackholediscos.com\/product\/various-replay-acabou-chorare\/"]}]},{"@type":"ImageObject","inLanguage":"en-US","@id":"https:\/\/blackholediscos.com\/product\/various-replay-acabou-chorare\/#primaryimage","url":"https:\/\/blackholediscos.com\/wp-content\/uploads\/2024\/06\/IMG_5698-scaled.jpg","contentUrl":"https:\/\/blackholediscos.com\/wp-content\/uploads\/2024\/06\/IMG_5698-scaled.jpg","width":2560,"height":2560},{"@type":"BreadcrumbList","@id":"https:\/\/blackholediscos.com\/product\/various-replay-acabou-chorare\/#breadcrumb","itemListElement":[{"@type":"ListItem","position":1,"name":"In\u00edcio","item":"https:\/\/blackholediscos.com\/"},{"@type":"ListItem","position":2,"name":"Shop","item":"https:\/\/blackholediscos.com\/shop\/"},{"@type":"ListItem","position":3,"name":"Various \u2013 Replay Acabou Chorare"}]},{"@type":"WebSite","@id":"https:\/\/blackholediscos.com\/#website","url":"https:\/\/blackholediscos.com\/","name":"Black Hole Discos","description":"Brazilian music LPs","publisher":{"@id":"https:\/\/blackholediscos.com\/#organization"},"potentialAction":[{"@type":"SearchAction","target":{"@type":"EntryPoint","urlTemplate":"https:\/\/blackholediscos.com\/?s={search_term_string}"},"query-input":{"@type":"PropertyValueSpecification","valueRequired":true,"valueName":"search_term_string"}}],"inLanguage":"en-US"},{"@type":"Organization","@id":"https:\/\/blackholediscos.com\/#organization","name":"Black Hole Discos","url":"https:\/\/blackholediscos.com\/","logo":{"@type":"ImageObject","inLanguage":"en-US","@id":"https:\/\/blackholediscos.com\/#\/schema\/logo\/image\/","url":"https:\/\/blackholediscos.com\/wp-content\/uploads\/2024\/06\/black-hole-discos-vinis-logo.png","contentUrl":"https:\/\/blackholediscos.com\/wp-content\/uploads\/2024\/06\/black-hole-discos-vinis-logo.png","width":70,"height":66,"caption":"Black Hole Discos"},"image":{"@id":"https:\/\/blackholediscos.com\/#\/schema\/logo\/image\/"},"sameAs":["https:\/\/www.instagram.com\/blackholediscos\/"]}]}},"_links":{"self":[{"href":"https:\/\/blackholediscos.com\/en\/wp-json\/wp\/v2\/product\/3220","targetHints":{"allow":["GET"]}}],"collection":[{"href":"https:\/\/blackholediscos.com\/en\/wp-json\/wp\/v2\/product"}],"about":[{"href":"https:\/\/blackholediscos.com\/en\/wp-json\/wp\/v2\/types\/product"}],"replies":[{"embeddable":true,"href":"https:\/\/blackholediscos.com\/en\/wp-json\/wp\/v2\/comments?post=3220"}],"wp:featuredmedia":[{"embeddable":true,"href":"https:\/\/blackholediscos.com\/en\/wp-json\/wp\/v2\/media\/3049"}],"wp:attachment":[{"href":"https:\/\/blackholediscos.com\/en\/wp-json\/wp\/v2\/media?parent=3220"}],"wp:term":[{"taxonomy":"product_brand","embeddable":true,"href":"https:\/\/blackholediscos.com\/en\/wp-json\/wp\/v2\/product_brand?post=3220"},{"taxonomy":"product_cat","embeddable":true,"href":"https:\/\/blackholediscos.com\/en\/wp-json\/wp\/v2\/product_cat?post=3220"},{"taxonomy":"product_tag","embeddable":true,"href":"https:\/\/blackholediscos.com\/en\/wp-json\/wp\/v2\/product_tag?post=3220"},{"taxonomy":"artista","embeddable":true,"href":"https:\/\/blackholediscos.com\/en\/wp-json\/wp\/v2\/artista?post=3220"},{"taxonomy":"produtora","embeddable":true,"href":"https:\/\/blackholediscos.com\/en\/wp-json\/wp\/v2\/produtora?post=3220"},{"taxonomy":"ano","embeddable":true,"href":"https:\/\/blackholediscos.com\/en\/wp-json\/wp\/v2\/ano?post=3220"}],"curies":[{"name":"wp","href":"https:\/\/api.w.org\/{rel}","templated":true}]}}