{"id":3089,"date":"2024-06-25T21:54:43","date_gmt":"2024-06-25T21:54:43","guid":{"rendered":"https:\/\/blackholediscos.com\/?post_type=product&#038;p=3089"},"modified":"2024-06-27T14:28:21","modified_gmt":"2024-06-27T14:28:21","slug":"rael-coisas-do-meu-imaginario","status":"publish","type":"product","link":"https:\/\/blackholediscos.com\/en\/product\/rael-coisas-do-meu-imaginario\/","title":{"rendered":"Rael \u2013 Coisas Do Meu Imagin\u00e1rio"},"content":{"rendered":"<p>LP Aberto em perfeitas condi\u00e7\u00f5es. <\/p>\n<p>Noize Record Club \u2013 NRC009, Lab Fantasma \u2013 LAB1237, Pomm_elo \u2013 POMM0031<\/p>\n<p>A1\t\tDo Jeito<br \/>\nA2\t\tEstrada<br \/>\nA3\t\tRouxinol<br \/>\nA4\t\tAurora Boreal<br \/>\nA5\t\tMinha Lei<br \/>\nFeaturing \u2013 Apolo, Massao, Ogi<br \/>\nA6\t\tDe Amor<br \/>\nB1\t\tPapo Reto<br \/>\nFeaturing \u2013 Black Alien, Daniel Yorub\u00e1<br \/>\nB2\t\tDescomunal<br \/>\nB3\t\tLivro De Faces<br \/>\nB4\t\tFalacioso<br \/>\nB5\t\tQuem Tem F\u00e9<br \/>\nFeaturing \u2013 Chico C\u00e9sar<\/p>","protected":false},"excerpt":{"rendered":"<p>LP Aberto em perfeitas condi\u00e7\u00f5es. Noize Record Club \u2013 NRC009, Lab Fantasma \u2013 LAB1237, Pomm_elo \u2013 POMM0031 A1 Do Jeito A2 Estrada A3 Rouxinol A4 Aurora Boreal A5 Minha Lei Featuring \u2013 Apolo, Massao, Ogi A6 De Amor B1 Papo Reto Featuring \u2013 Black Alien, Daniel Yorub\u00e1 B2 Descomunal B3 Livro De Faces B4 Falacioso [&hellip;]<\/p>\n","protected":false},"featured_media":2964,"comment_status":"open","ping_status":"closed","template":"","meta":{"_acf_changed":false},"product_brand":[],"product_cat":[234,506,39,24],"product_tag":[],"artista":[710],"produtora":[696],"ano":[336],"class_list":{"0":"post-3089","1":"product","2":"type-product","3":"status-publish","4":"has-post-thumbnail","6":"product_cat-clube-noize","7":"product_cat-hip-hop","8":"product_cat-mpb","9":"product_cat-samba","10":"artista-rael","11":"produtora-noize-record-club","12":"ano-336","14":"first","15":"instock","16":"shipping-taxable","17":"purchasable","18":"product-type-simple"},"acf":[],"yoast_head":"<!-- This site is optimized with the Yoast SEO plugin v27.5 - https:\/\/yoast.com\/product\/yoast-seo-wordpress\/ -->\n<title>Rael \u2013 Coisas Do Meu Imagin\u00e1rio - Black Hole Discos<\/title>\n<meta name=\"robots\" content=\"index, follow, max-snippet:-1, max-image-preview:large, max-video-preview:-1\" \/>\n<link rel=\"canonical\" href=\"https:\/\/blackholediscos.com\/en\/product\/rael-coisas-do-meu-imaginario\/\" \/>\n<meta property=\"og:locale\" content=\"en_US\" \/>\n<meta property=\"og:type\" content=\"article\" \/>\n<meta property=\"og:title\" content=\"Rael \u2013 Coisas Do Meu Imagin\u00e1rio - Black Hole Discos\" \/>\n<meta property=\"og:description\" content=\"LP Aberto em perfeitas condi\u00e7\u00f5es. Noize Record Club \u2013 NRC009, Lab Fantasma \u2013 LAB1237, Pomm_elo \u2013 POMM0031 A1 Do Jeito A2 Estrada A3 Rouxinol A4 Aurora Boreal A5 Minha Lei Featuring \u2013 Apolo, Massao, Ogi A6 De Amor B1 Papo Reto Featuring \u2013 Black Alien, Daniel Yorub\u00e1 B2 Descomunal B3 Livro De Faces B4 Falacioso [&hellip;]\" \/>\n<meta property=\"og:url\" content=\"https:\/\/blackholediscos.com\/en\/product\/rael-coisas-do-meu-imaginario\/\" \/>\n<meta property=\"og:site_name\" content=\"Black Hole Discos\" \/>\n<meta property=\"article:publisher\" content=\"https:\/\/www.instagram.com\/blackholediscos\/\" \/>\n<meta property=\"article:modified_time\" content=\"2024-06-27T14:28:21+00:00\" \/>\n<meta property=\"og:image\" content=\"https:\/\/blackholediscos.com\/wp-content\/uploads\/2024\/06\/IMG_5589-scaled.jpg\" \/>\n\t<meta property=\"og:image:width\" content=\"2560\" \/>\n\t<meta property=\"og:image:height\" content=\"2560\" \/>\n\t<meta property=\"og:image:type\" content=\"image\/jpeg\" \/>\n<meta name=\"twitter:card\" content=\"summary_large_image\" \/>\n<meta name=\"twitter:label1\" content=\"Est. reading time\" \/>\n\t<meta name=\"twitter:data1\" content=\"1 minute\" \/>\n<script type=\"application\/ld+json\" class=\"yoast-schema-graph\">{\"@context\":\"https:\\\/\\\/schema.org\",\"@graph\":[{\"@type\":\"WebPage\",\"@id\":\"https:\\\/\\\/blackholediscos.com\\\/product\\\/rael-coisas-do-meu-imaginario\\\/\",\"url\":\"https:\\\/\\\/blackholediscos.com\\\/product\\\/rael-coisas-do-meu-imaginario\\\/\",\"name\":\"Rael \u2013 Coisas Do Meu Imagin\u00e1rio - Black Hole Discos\",\"isPartOf\":{\"@id\":\"https:\\\/\\\/blackholediscos.com\\\/#website\"},\"primaryImageOfPage\":{\"@id\":\"https:\\\/\\\/blackholediscos.com\\\/product\\\/rael-coisas-do-meu-imaginario\\\/#primaryimage\"},\"image\":{\"@id\":\"https:\\\/\\\/blackholediscos.com\\\/product\\\/rael-coisas-do-meu-imaginario\\\/#primaryimage\"},\"thumbnailUrl\":\"https:\\\/\\\/blackholediscos.com\\\/wp-content\\\/uploads\\\/2024\\\/06\\\/IMG_5589-scaled.jpg\",\"datePublished\":\"2024-06-25T21:54:43+00:00\",\"dateModified\":\"2024-06-27T14:28:21+00:00\",\"breadcrumb\":{\"@id\":\"https:\\\/\\\/blackholediscos.com\\\/product\\\/rael-coisas-do-meu-imaginario\\\/#breadcrumb\"},\"inLanguage\":\"en-US\",\"potentialAction\":[{\"@type\":\"ReadAction\",\"target\":[\"https:\\\/\\\/blackholediscos.com\\\/product\\\/rael-coisas-do-meu-imaginario\\\/\"]}]},{\"@type\":\"ImageObject\",\"inLanguage\":\"en-US\",\"@id\":\"https:\\\/\\\/blackholediscos.com\\\/product\\\/rael-coisas-do-meu-imaginario\\\/#primaryimage\",\"url\":\"https:\\\/\\\/blackholediscos.com\\\/wp-content\\\/uploads\\\/2024\\\/06\\\/IMG_5589-scaled.jpg\",\"contentUrl\":\"https:\\\/\\\/blackholediscos.com\\\/wp-content\\\/uploads\\\/2024\\\/06\\\/IMG_5589-scaled.jpg\",\"width\":2560,\"height\":2560},{\"@type\":\"BreadcrumbList\",\"@id\":\"https:\\\/\\\/blackholediscos.com\\\/product\\\/rael-coisas-do-meu-imaginario\\\/#breadcrumb\",\"itemListElement\":[{\"@type\":\"ListItem\",\"position\":1,\"name\":\"In\u00edcio\",\"item\":\"https:\\\/\\\/blackholediscos.com\\\/\"},{\"@type\":\"ListItem\",\"position\":2,\"name\":\"Shop\",\"item\":\"https:\\\/\\\/blackholediscos.com\\\/shop\\\/\"},{\"@type\":\"ListItem\",\"position\":3,\"name\":\"Rael \u2013 Coisas Do Meu Imagin\u00e1rio\"}]},{\"@type\":\"WebSite\",\"@id\":\"https:\\\/\\\/blackholediscos.com\\\/#website\",\"url\":\"https:\\\/\\\/blackholediscos.com\\\/\",\"name\":\"Black Hole Discos\",\"description\":\"Brazilian music LPs\",\"publisher\":{\"@id\":\"https:\\\/\\\/blackholediscos.com\\\/#organization\"},\"potentialAction\":[{\"@type\":\"SearchAction\",\"target\":{\"@type\":\"EntryPoint\",\"urlTemplate\":\"https:\\\/\\\/blackholediscos.com\\\/?s={search_term_string}\"},\"query-input\":{\"@type\":\"PropertyValueSpecification\",\"valueRequired\":true,\"valueName\":\"search_term_string\"}}],\"inLanguage\":\"en-US\"},{\"@type\":\"Organization\",\"@id\":\"https:\\\/\\\/blackholediscos.com\\\/#organization\",\"name\":\"Black Hole Discos\",\"url\":\"https:\\\/\\\/blackholediscos.com\\\/\",\"logo\":{\"@type\":\"ImageObject\",\"inLanguage\":\"en-US\",\"@id\":\"https:\\\/\\\/blackholediscos.com\\\/#\\\/schema\\\/logo\\\/image\\\/\",\"url\":\"https:\\\/\\\/blackholediscos.com\\\/wp-content\\\/uploads\\\/2024\\\/06\\\/black-hole-discos-vinis-logo.png\",\"contentUrl\":\"https:\\\/\\\/blackholediscos.com\\\/wp-content\\\/uploads\\\/2024\\\/06\\\/black-hole-discos-vinis-logo.png\",\"width\":70,\"height\":66,\"caption\":\"Black Hole Discos\"},\"image\":{\"@id\":\"https:\\\/\\\/blackholediscos.com\\\/#\\\/schema\\\/logo\\\/image\\\/\"},\"sameAs\":[\"https:\\\/\\\/www.instagram.com\\\/blackholediscos\\\/\"]}]}<\/script>\n<!-- \/ Yoast SEO plugin. -->","yoast_head_json":{"title":"Rael \u2013 Coisas Do Meu Imagin\u00e1rio - Black Hole Discos","robots":{"index":"index","follow":"follow","max-snippet":"max-snippet:-1","max-image-preview":"max-image-preview:large","max-video-preview":"max-video-preview:-1"},"canonical":"https:\/\/blackholediscos.com\/en\/product\/rael-coisas-do-meu-imaginario\/","og_locale":"en_US","og_type":"article","og_title":"Rael \u2013 Coisas Do Meu Imagin\u00e1rio - Black Hole Discos","og_description":"LP Aberto em perfeitas condi\u00e7\u00f5es. Noize Record Club \u2013 NRC009, Lab Fantasma \u2013 LAB1237, Pomm_elo \u2013 POMM0031 A1 Do Jeito A2 Estrada A3 Rouxinol A4 Aurora Boreal A5 Minha Lei Featuring \u2013 Apolo, Massao, Ogi A6 De Amor B1 Papo Reto Featuring \u2013 Black Alien, Daniel Yorub\u00e1 B2 Descomunal B3 Livro De Faces B4 Falacioso [&hellip;]","og_url":"https:\/\/blackholediscos.com\/en\/product\/rael-coisas-do-meu-imaginario\/","og_site_name":"Black Hole Discos","article_publisher":"https:\/\/www.instagram.com\/blackholediscos\/","article_modified_time":"2024-06-27T14:28:21+00:00","og_image":[{"width":2560,"height":2560,"url":"https:\/\/blackholediscos.com\/wp-content\/uploads\/2024\/06\/IMG_5589-scaled.jpg","type":"image\/jpeg"}],"twitter_card":"summary_large_image","twitter_misc":{"Est. reading time":"1 minute"},"schema":{"@context":"https:\/\/schema.org","@graph":[{"@type":"WebPage","@id":"https:\/\/blackholediscos.com\/product\/rael-coisas-do-meu-imaginario\/","url":"https:\/\/blackholediscos.com\/product\/rael-coisas-do-meu-imaginario\/","name":"Rael \u2013 Coisas Do Meu Imagin\u00e1rio - Black Hole Discos","isPartOf":{"@id":"https:\/\/blackholediscos.com\/#website"},"primaryImageOfPage":{"@id":"https:\/\/blackholediscos.com\/product\/rael-coisas-do-meu-imaginario\/#primaryimage"},"image":{"@id":"https:\/\/blackholediscos.com\/product\/rael-coisas-do-meu-imaginario\/#primaryimage"},"thumbnailUrl":"https:\/\/blackholediscos.com\/wp-content\/uploads\/2024\/06\/IMG_5589-scaled.jpg","datePublished":"2024-06-25T21:54:43+00:00","dateModified":"2024-06-27T14:28:21+00:00","breadcrumb":{"@id":"https:\/\/blackholediscos.com\/product\/rael-coisas-do-meu-imaginario\/#breadcrumb"},"inLanguage":"en-US","potentialAction":[{"@type":"ReadAction","target":["https:\/\/blackholediscos.com\/product\/rael-coisas-do-meu-imaginario\/"]}]},{"@type":"ImageObject","inLanguage":"en-US","@id":"https:\/\/blackholediscos.com\/product\/rael-coisas-do-meu-imaginario\/#primaryimage","url":"https:\/\/blackholediscos.com\/wp-content\/uploads\/2024\/06\/IMG_5589-scaled.jpg","contentUrl":"https:\/\/blackholediscos.com\/wp-content\/uploads\/2024\/06\/IMG_5589-scaled.jpg","width":2560,"height":2560},{"@type":"BreadcrumbList","@id":"https:\/\/blackholediscos.com\/product\/rael-coisas-do-meu-imaginario\/#breadcrumb","itemListElement":[{"@type":"ListItem","position":1,"name":"In\u00edcio","item":"https:\/\/blackholediscos.com\/"},{"@type":"ListItem","position":2,"name":"Shop","item":"https:\/\/blackholediscos.com\/shop\/"},{"@type":"ListItem","position":3,"name":"Rael \u2013 Coisas Do Meu Imagin\u00e1rio"}]},{"@type":"WebSite","@id":"https:\/\/blackholediscos.com\/#website","url":"https:\/\/blackholediscos.com\/","name":"Black Hole Discos","description":"Brazilian music LPs","publisher":{"@id":"https:\/\/blackholediscos.com\/#organization"},"potentialAction":[{"@type":"SearchAction","target":{"@type":"EntryPoint","urlTemplate":"https:\/\/blackholediscos.com\/?s={search_term_string}"},"query-input":{"@type":"PropertyValueSpecification","valueRequired":true,"valueName":"search_term_string"}}],"inLanguage":"en-US"},{"@type":"Organization","@id":"https:\/\/blackholediscos.com\/#organization","name":"Black Hole Discos","url":"https:\/\/blackholediscos.com\/","logo":{"@type":"ImageObject","inLanguage":"en-US","@id":"https:\/\/blackholediscos.com\/#\/schema\/logo\/image\/","url":"https:\/\/blackholediscos.com\/wp-content\/uploads\/2024\/06\/black-hole-discos-vinis-logo.png","contentUrl":"https:\/\/blackholediscos.com\/wp-content\/uploads\/2024\/06\/black-hole-discos-vinis-logo.png","width":70,"height":66,"caption":"Black Hole Discos"},"image":{"@id":"https:\/\/blackholediscos.com\/#\/schema\/logo\/image\/"},"sameAs":["https:\/\/www.instagram.com\/blackholediscos\/"]}]}},"_links":{"self":[{"href":"https:\/\/blackholediscos.com\/en\/wp-json\/wp\/v2\/product\/3089","targetHints":{"allow":["GET"]}}],"collection":[{"href":"https:\/\/blackholediscos.com\/en\/wp-json\/wp\/v2\/product"}],"about":[{"href":"https:\/\/blackholediscos.com\/en\/wp-json\/wp\/v2\/types\/product"}],"replies":[{"embeddable":true,"href":"https:\/\/blackholediscos.com\/en\/wp-json\/wp\/v2\/comments?post=3089"}],"wp:featuredmedia":[{"embeddable":true,"href":"https:\/\/blackholediscos.com\/en\/wp-json\/wp\/v2\/media\/2964"}],"wp:attachment":[{"href":"https:\/\/blackholediscos.com\/en\/wp-json\/wp\/v2\/media?parent=3089"}],"wp:term":[{"taxonomy":"product_brand","embeddable":true,"href":"https:\/\/blackholediscos.com\/en\/wp-json\/wp\/v2\/product_brand?post=3089"},{"taxonomy":"product_cat","embeddable":true,"href":"https:\/\/blackholediscos.com\/en\/wp-json\/wp\/v2\/product_cat?post=3089"},{"taxonomy":"product_tag","embeddable":true,"href":"https:\/\/blackholediscos.com\/en\/wp-json\/wp\/v2\/product_tag?post=3089"},{"taxonomy":"artista","embeddable":true,"href":"https:\/\/blackholediscos.com\/en\/wp-json\/wp\/v2\/artista?post=3089"},{"taxonomy":"produtora","embeddable":true,"href":"https:\/\/blackholediscos.com\/en\/wp-json\/wp\/v2\/produtora?post=3089"},{"taxonomy":"ano","embeddable":true,"href":"https:\/\/blackholediscos.com\/en\/wp-json\/wp\/v2\/ano?post=3089"}],"curies":[{"name":"wp","href":"https:\/\/api.w.org\/{rel}","templated":true}]}}