{"id":2860,"date":"2024-06-25T15:34:15","date_gmt":"2024-06-25T15:34:15","guid":{"rendered":"https:\/\/blackholediscos.com\/?post_type=product&#038;p=2860"},"modified":"2024-06-29T10:05:09","modified_gmt":"2024-06-29T10:05:09","slug":"antigo-revisao-6novo-revisao-7-quintal-de-clorofila-o-misterio-dos-quintais","status":"publish","type":"product","link":"https:\/\/blackholediscos.com\/en\/product\/antigo-revisao-6novo-revisao-7-quintal-de-clorofila-o-misterio-dos-quintais\/","title":{"rendered":"Quintal De Clorofila \u200e\u2013 O Mist\u00e9rio Dos Quintais"},"content":{"rendered":"<p>LP Original de \u00e9poca em perfeitas condi\u00e7\u00f5es de capa e m\u00eddia, acompanha raro encarte original.<\/p>\n<p>Selo:<br \/>\nBobby Som \u200e\u2013 WRF 005<\/p>\n<p>A1\t\tAs Alamedas\t5:17<br \/>\nA2\t\tJornada\t3:49<br \/>\nA3\t\tDrakkars\t5:27<br \/>\nA4\t\tLiverpool\t4:28<br \/>\nA5\t\tGotas De Seresta\t2:57<\/p>\n<p>B1\t\tViver\t5:23<br \/>\nB2\t\tO \u00daltimo Cigano\t5:24<br \/>\nB3\t\tJardim Das Del\u00edcias3:57<br \/>\nB4\t\tBalada Da Aus\u00eancia 4:00<br \/>\nB5\t\tO Mist\u00e9rio Dos Quintais<\/p>","protected":false},"excerpt":{"rendered":"<p>LP Original de \u00e9poca em perfeitas condi\u00e7\u00f5es de capa e m\u00eddia, acompanha raro encarte original. Selo: Bobby Som \u200e\u2013 WRF 005 A1 As Alamedas 5:17 A2 Jornada 3:49 A3 Drakkars 5:27 A4 Liverpool 4:28 A5 Gotas De Seresta 2:57 B1 Viver 5:23 B2 O \u00daltimo Cigano 5:24 B3 Jardim Das Del\u00edcias3:57 B4 Balada Da Aus\u00eancia [&hellip;]<\/p>\n","protected":false},"featured_media":2861,"comment_status":"open","ping_status":"closed","template":"","meta":{"_acf_changed":false},"product_brand":[],"product_cat":[508,34,515,25,39,509,48],"product_tag":[],"artista":[680],"produtora":[681],"ano":[249],"class_list":{"0":"post-2860","1":"product","2":"type-product","3":"status-publish","4":"has-post-thumbnail","6":"product_cat-folk-rock","7":"product_cat-funk","8":"product_cat-jazz-latin","9":"product_cat-lancamentos","10":"product_cat-mpb","11":"product_cat-prog-rock","12":"product_cat-psicodelia","13":"artista-quintal-de-clorofila","14":"produtora-bobby-som","15":"ano-249","17":"first","18":"instock","19":"shipping-taxable","20":"purchasable","21":"product-type-simple"},"acf":[],"yoast_head":"<!-- This site is optimized with the Yoast SEO plugin v27.3 - https:\/\/yoast.com\/product\/yoast-seo-wordpress\/ -->\n<title>Quintal De Clorofila \u200e\u2013 O Mist\u00e9rio Dos Quintais - Black Hole Discos<\/title>\n<meta name=\"robots\" content=\"index, follow, max-snippet:-1, max-image-preview:large, max-video-preview:-1\" \/>\n<link rel=\"canonical\" href=\"https:\/\/blackholediscos.com\/en\/product\/antigo-revisao-6novo-revisao-7-quintal-de-clorofila-o-misterio-dos-quintais\/\" \/>\n<meta property=\"og:locale\" content=\"en_US\" \/>\n<meta property=\"og:type\" content=\"article\" \/>\n<meta property=\"og:title\" content=\"Quintal De Clorofila \u200e\u2013 O Mist\u00e9rio Dos Quintais - Black Hole Discos\" \/>\n<meta property=\"og:description\" content=\"LP Original de \u00e9poca em perfeitas condi\u00e7\u00f5es de capa e m\u00eddia, acompanha raro encarte original. Selo: Bobby Som \u200e\u2013 WRF 005 A1 As Alamedas 5:17 A2 Jornada 3:49 A3 Drakkars 5:27 A4 Liverpool 4:28 A5 Gotas De Seresta 2:57 B1 Viver 5:23 B2 O \u00daltimo Cigano 5:24 B3 Jardim Das Del\u00edcias3:57 B4 Balada Da Aus\u00eancia [&hellip;]\" \/>\n<meta property=\"og:url\" content=\"https:\/\/blackholediscos.com\/en\/product\/antigo-revisao-6novo-revisao-7-quintal-de-clorofila-o-misterio-dos-quintais\/\" \/>\n<meta property=\"og:site_name\" content=\"Black Hole Discos\" \/>\n<meta property=\"article:publisher\" content=\"https:\/\/www.instagram.com\/blackholediscos\/\" \/>\n<meta property=\"article:modified_time\" content=\"2024-06-29T10:05:09+00:00\" \/>\n<meta property=\"og:image\" content=\"https:\/\/blackholediscos.com\/wp-content\/uploads\/2024\/06\/IMG_7001-scaled.jpeg\" \/>\n\t<meta property=\"og:image:width\" content=\"2560\" \/>\n\t<meta property=\"og:image:height\" content=\"2560\" \/>\n\t<meta property=\"og:image:type\" content=\"image\/jpeg\" \/>\n<meta name=\"twitter:card\" content=\"summary_large_image\" \/>\n<meta name=\"twitter:label1\" content=\"Est. reading time\" \/>\n\t<meta name=\"twitter:data1\" content=\"1 minute\" \/>\n<script type=\"application\/ld+json\" class=\"yoast-schema-graph\">{\"@context\":\"https:\\\/\\\/schema.org\",\"@graph\":[{\"@type\":\"WebPage\",\"@id\":\"https:\\\/\\\/blackholediscos.com\\\/product\\\/antigo-revisao-6novo-revisao-7-quintal-de-clorofila-o-misterio-dos-quintais\\\/\",\"url\":\"https:\\\/\\\/blackholediscos.com\\\/product\\\/antigo-revisao-6novo-revisao-7-quintal-de-clorofila-o-misterio-dos-quintais\\\/\",\"name\":\"Quintal De Clorofila \u200e\u2013 O Mist\u00e9rio Dos Quintais - Black Hole Discos\",\"isPartOf\":{\"@id\":\"https:\\\/\\\/blackholediscos.com\\\/#website\"},\"primaryImageOfPage\":{\"@id\":\"https:\\\/\\\/blackholediscos.com\\\/product\\\/antigo-revisao-6novo-revisao-7-quintal-de-clorofila-o-misterio-dos-quintais\\\/#primaryimage\"},\"image\":{\"@id\":\"https:\\\/\\\/blackholediscos.com\\\/product\\\/antigo-revisao-6novo-revisao-7-quintal-de-clorofila-o-misterio-dos-quintais\\\/#primaryimage\"},\"thumbnailUrl\":\"https:\\\/\\\/blackholediscos.com\\\/wp-content\\\/uploads\\\/2024\\\/06\\\/IMG_7001-scaled.jpeg\",\"datePublished\":\"2024-06-25T15:34:15+00:00\",\"dateModified\":\"2024-06-29T10:05:09+00:00\",\"breadcrumb\":{\"@id\":\"https:\\\/\\\/blackholediscos.com\\\/product\\\/antigo-revisao-6novo-revisao-7-quintal-de-clorofila-o-misterio-dos-quintais\\\/#breadcrumb\"},\"inLanguage\":\"en-US\",\"potentialAction\":[{\"@type\":\"ReadAction\",\"target\":[\"https:\\\/\\\/blackholediscos.com\\\/product\\\/antigo-revisao-6novo-revisao-7-quintal-de-clorofila-o-misterio-dos-quintais\\\/\"]}]},{\"@type\":\"ImageObject\",\"inLanguage\":\"en-US\",\"@id\":\"https:\\\/\\\/blackholediscos.com\\\/product\\\/antigo-revisao-6novo-revisao-7-quintal-de-clorofila-o-misterio-dos-quintais\\\/#primaryimage\",\"url\":\"https:\\\/\\\/blackholediscos.com\\\/wp-content\\\/uploads\\\/2024\\\/06\\\/IMG_7001-scaled.jpeg\",\"contentUrl\":\"https:\\\/\\\/blackholediscos.com\\\/wp-content\\\/uploads\\\/2024\\\/06\\\/IMG_7001-scaled.jpeg\",\"width\":2560,\"height\":2560},{\"@type\":\"BreadcrumbList\",\"@id\":\"https:\\\/\\\/blackholediscos.com\\\/product\\\/antigo-revisao-6novo-revisao-7-quintal-de-clorofila-o-misterio-dos-quintais\\\/#breadcrumb\",\"itemListElement\":[{\"@type\":\"ListItem\",\"position\":1,\"name\":\"In\u00edcio\",\"item\":\"https:\\\/\\\/blackholediscos.com\\\/\"},{\"@type\":\"ListItem\",\"position\":2,\"name\":\"Shop\",\"item\":\"https:\\\/\\\/blackholediscos.com\\\/shop\\\/\"},{\"@type\":\"ListItem\",\"position\":3,\"name\":\"Quintal De Clorofila \u200e\u2013 O Mist\u00e9rio Dos Quintais\"}]},{\"@type\":\"WebSite\",\"@id\":\"https:\\\/\\\/blackholediscos.com\\\/#website\",\"url\":\"https:\\\/\\\/blackholediscos.com\\\/\",\"name\":\"Black Hole Discos\",\"description\":\"Brazilian music LPs\",\"publisher\":{\"@id\":\"https:\\\/\\\/blackholediscos.com\\\/#organization\"},\"potentialAction\":[{\"@type\":\"SearchAction\",\"target\":{\"@type\":\"EntryPoint\",\"urlTemplate\":\"https:\\\/\\\/blackholediscos.com\\\/?s={search_term_string}\"},\"query-input\":{\"@type\":\"PropertyValueSpecification\",\"valueRequired\":true,\"valueName\":\"search_term_string\"}}],\"inLanguage\":\"en-US\"},{\"@type\":\"Organization\",\"@id\":\"https:\\\/\\\/blackholediscos.com\\\/#organization\",\"name\":\"Black Hole Discos\",\"url\":\"https:\\\/\\\/blackholediscos.com\\\/\",\"logo\":{\"@type\":\"ImageObject\",\"inLanguage\":\"en-US\",\"@id\":\"https:\\\/\\\/blackholediscos.com\\\/#\\\/schema\\\/logo\\\/image\\\/\",\"url\":\"https:\\\/\\\/blackholediscos.com\\\/wp-content\\\/uploads\\\/2024\\\/06\\\/black-hole-discos-vinis-logo.png\",\"contentUrl\":\"https:\\\/\\\/blackholediscos.com\\\/wp-content\\\/uploads\\\/2024\\\/06\\\/black-hole-discos-vinis-logo.png\",\"width\":70,\"height\":66,\"caption\":\"Black Hole Discos\"},\"image\":{\"@id\":\"https:\\\/\\\/blackholediscos.com\\\/#\\\/schema\\\/logo\\\/image\\\/\"},\"sameAs\":[\"https:\\\/\\\/www.instagram.com\\\/blackholediscos\\\/\"]}]}<\/script>\n<!-- \/ Yoast SEO plugin. -->","yoast_head_json":{"title":"Quintal De Clorofila \u200e\u2013 O Mist\u00e9rio Dos Quintais - Black Hole Discos","robots":{"index":"index","follow":"follow","max-snippet":"max-snippet:-1","max-image-preview":"max-image-preview:large","max-video-preview":"max-video-preview:-1"},"canonical":"https:\/\/blackholediscos.com\/en\/product\/antigo-revisao-6novo-revisao-7-quintal-de-clorofila-o-misterio-dos-quintais\/","og_locale":"en_US","og_type":"article","og_title":"Quintal De Clorofila \u200e\u2013 O Mist\u00e9rio Dos Quintais - Black Hole Discos","og_description":"LP Original de \u00e9poca em perfeitas condi\u00e7\u00f5es de capa e m\u00eddia, acompanha raro encarte original. Selo: Bobby Som \u200e\u2013 WRF 005 A1 As Alamedas 5:17 A2 Jornada 3:49 A3 Drakkars 5:27 A4 Liverpool 4:28 A5 Gotas De Seresta 2:57 B1 Viver 5:23 B2 O \u00daltimo Cigano 5:24 B3 Jardim Das Del\u00edcias3:57 B4 Balada Da Aus\u00eancia [&hellip;]","og_url":"https:\/\/blackholediscos.com\/en\/product\/antigo-revisao-6novo-revisao-7-quintal-de-clorofila-o-misterio-dos-quintais\/","og_site_name":"Black Hole Discos","article_publisher":"https:\/\/www.instagram.com\/blackholediscos\/","article_modified_time":"2024-06-29T10:05:09+00:00","og_image":[{"width":2560,"height":2560,"url":"https:\/\/blackholediscos.com\/wp-content\/uploads\/2024\/06\/IMG_7001-scaled.jpeg","type":"image\/jpeg"}],"twitter_card":"summary_large_image","twitter_misc":{"Est. reading time":"1 minute"},"schema":{"@context":"https:\/\/schema.org","@graph":[{"@type":"WebPage","@id":"https:\/\/blackholediscos.com\/product\/antigo-revisao-6novo-revisao-7-quintal-de-clorofila-o-misterio-dos-quintais\/","url":"https:\/\/blackholediscos.com\/product\/antigo-revisao-6novo-revisao-7-quintal-de-clorofila-o-misterio-dos-quintais\/","name":"Quintal De Clorofila \u200e\u2013 O Mist\u00e9rio Dos Quintais - Black Hole Discos","isPartOf":{"@id":"https:\/\/blackholediscos.com\/#website"},"primaryImageOfPage":{"@id":"https:\/\/blackholediscos.com\/product\/antigo-revisao-6novo-revisao-7-quintal-de-clorofila-o-misterio-dos-quintais\/#primaryimage"},"image":{"@id":"https:\/\/blackholediscos.com\/product\/antigo-revisao-6novo-revisao-7-quintal-de-clorofila-o-misterio-dos-quintais\/#primaryimage"},"thumbnailUrl":"https:\/\/blackholediscos.com\/wp-content\/uploads\/2024\/06\/IMG_7001-scaled.jpeg","datePublished":"2024-06-25T15:34:15+00:00","dateModified":"2024-06-29T10:05:09+00:00","breadcrumb":{"@id":"https:\/\/blackholediscos.com\/product\/antigo-revisao-6novo-revisao-7-quintal-de-clorofila-o-misterio-dos-quintais\/#breadcrumb"},"inLanguage":"en-US","potentialAction":[{"@type":"ReadAction","target":["https:\/\/blackholediscos.com\/product\/antigo-revisao-6novo-revisao-7-quintal-de-clorofila-o-misterio-dos-quintais\/"]}]},{"@type":"ImageObject","inLanguage":"en-US","@id":"https:\/\/blackholediscos.com\/product\/antigo-revisao-6novo-revisao-7-quintal-de-clorofila-o-misterio-dos-quintais\/#primaryimage","url":"https:\/\/blackholediscos.com\/wp-content\/uploads\/2024\/06\/IMG_7001-scaled.jpeg","contentUrl":"https:\/\/blackholediscos.com\/wp-content\/uploads\/2024\/06\/IMG_7001-scaled.jpeg","width":2560,"height":2560},{"@type":"BreadcrumbList","@id":"https:\/\/blackholediscos.com\/product\/antigo-revisao-6novo-revisao-7-quintal-de-clorofila-o-misterio-dos-quintais\/#breadcrumb","itemListElement":[{"@type":"ListItem","position":1,"name":"In\u00edcio","item":"https:\/\/blackholediscos.com\/"},{"@type":"ListItem","position":2,"name":"Shop","item":"https:\/\/blackholediscos.com\/shop\/"},{"@type":"ListItem","position":3,"name":"Quintal De Clorofila \u200e\u2013 O Mist\u00e9rio Dos Quintais"}]},{"@type":"WebSite","@id":"https:\/\/blackholediscos.com\/#website","url":"https:\/\/blackholediscos.com\/","name":"Black Hole Discos","description":"Brazilian music LPs","publisher":{"@id":"https:\/\/blackholediscos.com\/#organization"},"potentialAction":[{"@type":"SearchAction","target":{"@type":"EntryPoint","urlTemplate":"https:\/\/blackholediscos.com\/?s={search_term_string}"},"query-input":{"@type":"PropertyValueSpecification","valueRequired":true,"valueName":"search_term_string"}}],"inLanguage":"en-US"},{"@type":"Organization","@id":"https:\/\/blackholediscos.com\/#organization","name":"Black Hole Discos","url":"https:\/\/blackholediscos.com\/","logo":{"@type":"ImageObject","inLanguage":"en-US","@id":"https:\/\/blackholediscos.com\/#\/schema\/logo\/image\/","url":"https:\/\/blackholediscos.com\/wp-content\/uploads\/2024\/06\/black-hole-discos-vinis-logo.png","contentUrl":"https:\/\/blackholediscos.com\/wp-content\/uploads\/2024\/06\/black-hole-discos-vinis-logo.png","width":70,"height":66,"caption":"Black Hole Discos"},"image":{"@id":"https:\/\/blackholediscos.com\/#\/schema\/logo\/image\/"},"sameAs":["https:\/\/www.instagram.com\/blackholediscos\/"]}]}},"_links":{"self":[{"href":"https:\/\/blackholediscos.com\/en\/wp-json\/wp\/v2\/product\/2860","targetHints":{"allow":["GET"]}}],"collection":[{"href":"https:\/\/blackholediscos.com\/en\/wp-json\/wp\/v2\/product"}],"about":[{"href":"https:\/\/blackholediscos.com\/en\/wp-json\/wp\/v2\/types\/product"}],"replies":[{"embeddable":true,"href":"https:\/\/blackholediscos.com\/en\/wp-json\/wp\/v2\/comments?post=2860"}],"wp:featuredmedia":[{"embeddable":true,"href":"https:\/\/blackholediscos.com\/en\/wp-json\/wp\/v2\/media\/2861"}],"wp:attachment":[{"href":"https:\/\/blackholediscos.com\/en\/wp-json\/wp\/v2\/media?parent=2860"}],"wp:term":[{"taxonomy":"product_brand","embeddable":true,"href":"https:\/\/blackholediscos.com\/en\/wp-json\/wp\/v2\/product_brand?post=2860"},{"taxonomy":"product_cat","embeddable":true,"href":"https:\/\/blackholediscos.com\/en\/wp-json\/wp\/v2\/product_cat?post=2860"},{"taxonomy":"product_tag","embeddable":true,"href":"https:\/\/blackholediscos.com\/en\/wp-json\/wp\/v2\/product_tag?post=2860"},{"taxonomy":"artista","embeddable":true,"href":"https:\/\/blackholediscos.com\/en\/wp-json\/wp\/v2\/artista?post=2860"},{"taxonomy":"produtora","embeddable":true,"href":"https:\/\/blackholediscos.com\/en\/wp-json\/wp\/v2\/produtora?post=2860"},{"taxonomy":"ano","embeddable":true,"href":"https:\/\/blackholediscos.com\/en\/wp-json\/wp\/v2\/ano?post=2860"}],"curies":[{"name":"wp","href":"https:\/\/api.w.org\/{rel}","templated":true}]}}